{"id":2,"date":"2022-06-23T01:24:56","date_gmt":"2022-06-23T01:24:56","guid":{"rendered":"http:\/\/tailwind-themes.local\/?page_id=2"},"modified":"2024-11-19T18:08:19","modified_gmt":"2024-11-19T10:08:19","slug":"about-efficient-machinery","status":"publish","type":"page","link":"https:\/\/www.plasticgranularmachine.com\/de\/about-efficient-machinery\/","title":{"rendered":"\u00dcber uns"},"content":{"rendered":"<h2 class=\"wp-block-heading\">Wer sind wir?<\/h2>    <p>Zhengzhou Efficient Machinery ist ein professioneller Anbieter von Kunststoffrecyclingger\u00e4ten, der sich f\u00fcr effiziente und umweltfreundliche L\u00f6sungen einsetzt. Seit seiner Gr\u00fcndung hat Efficient Company Beziehungen zu Kunden in mehr als 20 L\u00e4ndern aufgebaut und ihnen dabei geholfen, Kunststoffrecyclinganlagen von Grund auf zu bauen, darunter PET-Kunststoffflaschenrecyclinganlagen, HDPE-LDPE-Pelletieranlagen, EPS-Recyclinganlagen usw., einschlie\u00dflich der Verarbeitung und Wiederverwendung von mehr als zehn Arten von Rohstoffen.<\/p>   <div class=\"wp-block-image\"> <figure class=\"aligncenter size-full is-resized\"><img loading=\"lazy\" decoding=\"async\" width=\"800\" height=\"720\" src=\"https:\/\/www.plasticgranularmachine.com\/wp-content\/uploads\/2024\/11\/Efficient-Machinery.webp\" alt=\"Effiziente Maschinen\" class=\"wp-image-1132\" style=\"object-fit:cover;width:720px;height:540px\" srcset=\"https:\/\/www.plasticgranularmachine.com\/wp-content\/uploads\/2024\/11\/Efficient-Machinery.webp 800w, https:\/\/www.plasticgranularmachine.com\/wp-content\/uploads\/2024\/11\/Efficient-Machinery-300x270.webp 300w, https:\/\/www.plasticgranularmachine.com\/wp-content\/uploads\/2024\/11\/Efficient-Machinery-768x691.webp 768w, https:\/\/www.plasticgranularmachine.com\/wp-content\/uploads\/2024\/11\/Efficient-Machinery-13x12.webp 13w\" sizes=\"auto, (max-width: 800px) 100vw, 800px\" \/><figcaption class=\"wp-element-caption\">Effiziente Maschinen<\/figcaption><\/figure> <\/div>   <div class=\"wp-block-columns is-layout-flex wp-container-core-columns-is-layout-9d6595d7 wp-block-columns-is-layout-flex\"> <div class=\"wp-block-column is-layout-flow wp-block-column-is-layout-flow\"> <figure class=\"wp-block-image size-full\"><img loading=\"lazy\" decoding=\"async\" width=\"720\" height=\"540\" src=\"https:\/\/www.plasticgranularmachine.com\/wp-content\/uploads\/2022\/06\/plastic-film-recycling-line-1.jpg\" alt=\"Kunststofffolien-Recyclinglinie\" class=\"wp-image-194\" srcset=\"https:\/\/www.plasticgranularmachine.com\/wp-content\/uploads\/2022\/06\/plastic-film-recycling-line-1.jpg 720w, https:\/\/www.plasticgranularmachine.com\/wp-content\/uploads\/2022\/06\/plastic-film-recycling-line-1-300x225.jpg 300w\" sizes=\"auto, (max-width: 720px) 100vw, 720px\" \/><figcaption class=\"wp-element-caption\">Kunststofffolien-Recyclinglinie<\/figcaption><\/figure> <\/div>    <div class=\"wp-block-column is-layout-flow wp-block-column-is-layout-flow\"> <h2 class=\"wp-block-heading\">Hauptprodukte<\/h2>    <p class=\"has-white-background-color has-background translation-block\">Die Hauptmaschine zur Kunststoffrecycling umfasst <a href=\"https:\/\/www.plasticgranularmachine.com\/de\/product\/pet-bottles-recycling-line\/\">Kunststoffflaschen-Recyclinglinie<\/a> und PET-Flaschen-Waschanlage, <a href=\"https:\/\/www.plasticgranularmachine.com\/de\/product\/plastic-film-recycling-line\/\">Kunststofffolien-Recyclinglinie<\/a>, <a href=\"https:\/\/www.plasticgranularmachine.com\/de\/product\/eps-recycling-machine\/\">EPS-Granulationslinie<\/a>, <a href=\"https:\/\/www.plasticgranularmachine.com\/de\/products\/crushing-machine\/\">Kunststoffzerkleinerer,<\/a> Maschine zum Entfernen von Etiketten von Kunststoffflaschen,<a href=\"https:\/\/www.plasticgranularmachine.com\/de\/products\/plastic-pelletizer\/\"> Kunststoffgranulator<\/a>, <a href=\"https:\/\/www.plasticgranularmachine.com\/de\/products\/plastic-dryer\/\">Kunststofftrockner<\/a>, <a href=\"https:\/\/www.plasticgranularmachine.com\/de\/products\/washing-machine\/\">Kunststoffwascher<\/a>, usw.<\/p> <\/div> <\/div>    <h2 class=\"wp-block-heading\">Dynamisches Team<\/h2>    <p>Wir organisieren h\u00e4ufig verschiedene Teambuilding-Aktivit\u00e4ten und Mitarbeitergeburtstagsfeiern. Auch der Chef des Unternehmens nimmt h\u00e4ufig an verschiedenen Aktivit\u00e4ten mit den Mitarbeitern teil.<\/p>    <figure class=\"wp-block-video\"><video height=\"720\" style=\"aspect-ratio: 1280 \/ 720;\" width=\"1280\" controls src=\"https:\/\/www.plasticgranularmachine.com\/wp-content\/uploads\/2022\/07\/shuliy-group.mp4\"><\/video><\/figure>","protected":false},"excerpt":{"rendered":"<p>Who are we? Zhengzhou Efficient Machinery is a professional plastic recycling equipment supplier committed to efficient and eco-friendly solutions. Since its inception, Efficient Company has established relationships with customers in more than 20 countries, helping them to build plastic recycling plants from scratch, including PET plastic bottle recycling plants, HDPE LDPE pelletizing plants, EPS recycling [&hellip;]<\/p>\n","protected":false},"author":1,"featured_media":0,"parent":0,"menu_order":0,"comment_status":"closed","ping_status":"closed","template":"","meta":{"footnotes":""},"class_list":["post-2","page","type-page","status-publish","hentry"],"_links":{"self":[{"href":"https:\/\/www.plasticgranularmachine.com\/de\/wp-json\/wp\/v2\/pages\/2","targetHints":{"allow":["GET"]}}],"collection":[{"href":"https:\/\/www.plasticgranularmachine.com\/de\/wp-json\/wp\/v2\/pages"}],"about":[{"href":"https:\/\/www.plasticgranularmachine.com\/de\/wp-json\/wp\/v2\/types\/page"}],"author":[{"embeddable":true,"href":"https:\/\/www.plasticgranularmachine.com\/de\/wp-json\/wp\/v2\/users\/1"}],"replies":[{"embeddable":true,"href":"https:\/\/www.plasticgranularmachine.com\/de\/wp-json\/wp\/v2\/comments?post=2"}],"version-history":[{"count":0,"href":"https:\/\/www.plasticgranularmachine.com\/de\/wp-json\/wp\/v2\/pages\/2\/revisions"}],"wp:attachment":[{"href":"https:\/\/www.plasticgranularmachine.com\/de\/wp-json\/wp\/v2\/media?parent=2"}],"curies":[{"name":"wp","href":"https:\/\/api.w.org\/{rel}","templated":true}]}}