{"id":1642,"date":"2025-04-30T15:44:01","date_gmt":"2025-04-30T07:44:01","guid":{"rendered":"https:\/\/www.plasticgranularmachine.com\/?post_type=product&#038;p=1642"},"modified":"2026-04-03T16:27:05","modified_gmt":"2026-04-03T08:27:05","slug":"rubber-recycling-plant","status":"publish","type":"product","link":"https:\/\/www.plasticgranularmachine.com\/de\/product\/rubber-recycling-plant\/","title":{"rendered":"Automatische Gummirecyclinganlage f\u00fcr effizientes Reifenrecycling"},"content":{"rendered":"<p>Unsere vollautomatische Gummirecyclinganlage ist darauf ausgelegt, Altreifen in Gummibl\u00f6cke, Granulate oder Pulver zum Recycling umzuwandeln. Die Ausr\u00fcstung ist effizient, einfach zu bedienen und kann Ihnen effektiv helfen, Ihr Reifenrecyclinggesch\u00e4ft zu starten oder zu verbessern!<\/p>    <figure class=\"wp-block-gallery has-nested-images columns-default is-cropped wp-block-gallery-2 is-layout-flex wp-block-gallery-is-layout-flex\"> <figure class=\"wp-block-image size-large\"><img loading=\"lazy\" decoding=\"async\" width=\"720\" height=\"540\" data-id=\"1660\" src=\"https:\/\/www.plasticgranularmachine.com\/wp-content\/uploads\/2025\/04\/waste-tires.webp\" alt=\"Altreifen\" class=\"wp-image-1660\" srcset=\"https:\/\/www.plasticgranularmachine.com\/wp-content\/uploads\/2025\/04\/waste-tires.webp 720w, https:\/\/www.plasticgranularmachine.com\/wp-content\/uploads\/2025\/04\/waste-tires-300x225.webp 300w, https:\/\/www.plasticgranularmachine.com\/wp-content\/uploads\/2025\/04\/waste-tires-16x12.webp 16w\" sizes=\"auto, (max-width: 720px) 100vw, 720px\" \/><figcaption class=\"wp-element-caption\">Altreifen<\/figcaption><\/figure>    <figure class=\"wp-block-image size-large\"><img loading=\"lazy\" decoding=\"async\" width=\"720\" height=\"540\" data-id=\"1649\" src=\"https:\/\/www.plasticgranularmachine.com\/wp-content\/uploads\/2025\/04\/rubber-blocks-and-rubber-powders.webp\" alt=\"Gummibl\u00f6cke und Gummipulver\" class=\"wp-image-1649\" srcset=\"https:\/\/www.plasticgranularmachine.com\/wp-content\/uploads\/2025\/04\/rubber-blocks-and-rubber-powders.webp 720w, https:\/\/www.plasticgranularmachine.com\/wp-content\/uploads\/2025\/04\/rubber-blocks-and-rubber-powders-300x225.webp 300w, https:\/\/www.plasticgranularmachine.com\/wp-content\/uploads\/2025\/04\/rubber-blocks-and-rubber-powders-16x12.webp 16w\" sizes=\"auto, (max-width: 720px) 100vw, 720px\" \/><figcaption class=\"wp-element-caption\">Gummibl\u00f6cke und Gummipulver<\/figcaption><\/figure> <\/figure>    <h2 class=\"wp-block-heading\">Anwendung der vollautomatischen Reifenrecycling-Anlage<\/h2>    <p>Unsere vollautomatische Gummirecyclinganlage ist f\u00fcr Reifen mit einem Durchmesser von unter 1200 mm ausgelegt, einschlie\u00dflich Auto-, Bus-, Lkw-Reifen usw. Durch integrierte Vorbehandlung, Zerkleinerung, Mahlen sowie magnetische und Fasertrennung produziert sie effizient hochwertigen Gummipulver (10-40 Mesh) mit \u00fcber 99 % Reinheit. Die Ausgabe erf\u00fcllt vollst\u00e4ndig die Anforderungen der Industrie f\u00fcr modifiziertes Asphalt, Sportstrecken, recycelte Gummiprodukte und mehr!<\/p>    <figure class=\"wp-block-gallery has-nested-images columns-default is-cropped wp-block-gallery-3 is-layout-flex wp-block-gallery-is-layout-flex\"> <figure class=\"wp-block-image size-large\"><img loading=\"lazy\" decoding=\"async\" width=\"720\" height=\"540\" data-id=\"1658\" src=\"https:\/\/www.plasticgranularmachine.com\/wp-content\/uploads\/2025\/04\/athletic-tracks.webp\" alt=\"Sportstrecken\" class=\"wp-image-1658\" srcset=\"https:\/\/www.plasticgranularmachine.com\/wp-content\/uploads\/2025\/04\/athletic-tracks.webp 720w, https:\/\/www.plasticgranularmachine.com\/wp-content\/uploads\/2025\/04\/athletic-tracks-300x225.webp 300w, https:\/\/www.plasticgranularmachine.com\/wp-content\/uploads\/2025\/04\/athletic-tracks-16x12.webp 16w\" sizes=\"auto, (max-width: 720px) 100vw, 720px\" \/><figcaption class=\"wp-element-caption\">Sportstrecken<\/figcaption><\/figure>    <figure class=\"wp-block-image size-large\"><img loading=\"lazy\" decoding=\"async\" width=\"720\" height=\"540\" data-id=\"1648\" src=\"https:\/\/www.plasticgranularmachine.com\/wp-content\/uploads\/2025\/04\/recycled-rubber.webp\" alt=\"recyceltes Gummi\" class=\"wp-image-1648\" srcset=\"https:\/\/www.plasticgranularmachine.com\/wp-content\/uploads\/2025\/04\/recycled-rubber.webp 720w, https:\/\/www.plasticgranularmachine.com\/wp-content\/uploads\/2025\/04\/recycled-rubber-300x225.webp 300w, https:\/\/www.plasticgranularmachine.com\/wp-content\/uploads\/2025\/04\/recycled-rubber-16x12.webp 16w\" sizes=\"auto, (max-width: 720px) 100vw, 720px\" \/><figcaption class=\"wp-element-caption\">recyceltes Gummi<\/figcaption><\/figure>    <figure class=\"wp-block-image size-large\"><img loading=\"lazy\" decoding=\"async\" width=\"720\" height=\"540\" data-id=\"1659\" src=\"https:\/\/www.plasticgranularmachine.com\/wp-content\/uploads\/2025\/04\/modified-asphalt.webp\" alt=\"modifiziertes Asphalt\" class=\"wp-image-1659\" srcset=\"https:\/\/www.plasticgranularmachine.com\/wp-content\/uploads\/2025\/04\/modified-asphalt.webp 720w, https:\/\/www.plasticgranularmachine.com\/wp-content\/uploads\/2025\/04\/modified-asphalt-300x225.webp 300w, https:\/\/www.plasticgranularmachine.com\/wp-content\/uploads\/2025\/04\/modified-asphalt-16x12.webp 16w\" sizes=\"auto, (max-width: 720px) 100vw, 720px\" \/><figcaption class=\"wp-element-caption\">modifiziertes Asphalt<\/figcaption><\/figure> <\/figure>    <p>Wir k\u00f6nnen ma\u00dfgeschneiderte Recyclingl\u00f6sungen f\u00fcr Reifenrecycler, Reifenhersteller, Produzenten von recyceltem Gummi, Abfallrecyclingstationen usw. anbieten.<\/p>    <h2 class=\"wp-block-heading\">Hauptmerkmale unserer Gummipulver-Produktionslinie<\/h2>    <ul class=\"wp-block-list\"> <li>Drei flexible Konfigurationen sind verf\u00fcgbar, um unterschiedlichen Reifenrecyclingbed\u00fcrfnissen gerecht zu werden.<\/li>    <li>Gummipulver mit unterschiedlicher Feinheit (10-40 Mesh) kann angepasst werden.<\/li>    <li>Wichtige Teile bestehen aus Legierungen und anderen verschlei\u00dffesten Materialien, und CE- sowie ISO-Zertifikate k\u00f6nnen bereitgestellt werden.<\/li>    <li>Sortenrecycling von Gummi, Stahldraht, Nylon usw. mit einer Reinheit von \u00fcber 99 % des Gummipulvers.<\/li>    <li>Vollautomatischer Betrieb, sicherer und effizienter, mit der h\u00f6chsten Gummirecycling-Effizienz von bis zu 2.300 kg\/h.<\/li> <\/ul>   <div class=\"wp-block-image\"> <figure class=\"aligncenter size-full\"><img loading=\"lazy\" decoding=\"async\" width=\"720\" height=\"540\" src=\"https:\/\/www.plasticgranularmachine.com\/wp-content\/uploads\/2025\/04\/rubber-recycling-plant.webp\" alt=\"Gummirecyclinganlage\" class=\"wp-image-1650\" srcset=\"https:\/\/www.plasticgranularmachine.com\/wp-content\/uploads\/2025\/04\/rubber-recycling-plant.webp 720w, https:\/\/www.plasticgranularmachine.com\/wp-content\/uploads\/2025\/04\/rubber-recycling-plant-300x225.webp 300w, https:\/\/www.plasticgranularmachine.com\/wp-content\/uploads\/2025\/04\/rubber-recycling-plant-16x12.webp 16w\" sizes=\"auto, (max-width: 720px) 100vw, 720px\" \/><figcaption class=\"wp-element-caption\">Gummirecyclinganlage<\/figcaption><\/figure> <\/div>   <h2 class=\"wp-block-heading\">Drei hei\u00df verkaufte Reifenrecyclingl\u00f6sungen f\u00fcr unterschiedliche Bed\u00fcrfnisse<\/h2>    <p>Der Produktionsprozess von Gummipulver besteht aus: Vorbehandlung, Reifenzerkleinerung, Reifenmahlung und Siebung. Je nach Art des Reifens oder der Leistung des Reifenzerkleinerers k\u00f6nnen verschiedene Vorbehandlungsmethoden ausgew\u00e4hlt werden.<\/p>    <h3 class=\"wp-block-heading\">Recyclinganlage f\u00fcr Reifen 1<\/h3>    <div class=\"wp-block-media-text is-stacked-on-mobile\"><figure class=\"wp-block-media-text__media\"><img loading=\"lazy\" decoding=\"async\" width=\"720\" height=\"540\" src=\"https:\/\/www.plasticgranularmachine.com\/wp-content\/uploads\/2025\/04\/tire-recycling-plant-1.webp\" alt=\"Reifenrecyclinganlage 1\" class=\"wp-image-1644 size-full\" srcset=\"https:\/\/www.plasticgranularmachine.com\/wp-content\/uploads\/2025\/04\/tire-recycling-plant-1.webp 720w, https:\/\/www.plasticgranularmachine.com\/wp-content\/uploads\/2025\/04\/tire-recycling-plant-1-300x225.webp 300w, https:\/\/www.plasticgranularmachine.com\/wp-content\/uploads\/2025\/04\/tire-recycling-plant-1-16x12.webp 16w\" sizes=\"auto, (max-width: 720px) 100vw, 720px\" \/><\/figure><div class=\"wp-block-media-text__content\"> <p>Wenn die Reifen kleiner oder leistungsst\u00e4rker sind, m\u00fcssen sie nicht vorbehandelt werden und k\u00f6nnen direkt durch den Reifenzerkleinerer sowie die Reifenmahl- und Siebsysteme (M\u00fchlen, Magnetseparatoren, Nylon-Sortierer) recycelt werden.<\/p> <\/div><\/div>    <h3 class=\"wp-block-heading\">Gummirecyclinganlage 2<\/h3>    <div class=\"wp-block-media-text is-stacked-on-mobile\"><figure class=\"wp-block-media-text__media\"><img loading=\"lazy\" decoding=\"async\" width=\"720\" height=\"540\" src=\"https:\/\/www.plasticgranularmachine.com\/wp-content\/uploads\/2025\/04\/rubber-recycling-plant-2.webp\" alt=\"Gummirecyclinganlage 2\" class=\"wp-image-1645 size-full\" srcset=\"https:\/\/www.plasticgranularmachine.com\/wp-content\/uploads\/2025\/04\/rubber-recycling-plant-2.webp 720w, https:\/\/www.plasticgranularmachine.com\/wp-content\/uploads\/2025\/04\/rubber-recycling-plant-2-300x225.webp 300w, https:\/\/www.plasticgranularmachine.com\/wp-content\/uploads\/2025\/04\/rubber-recycling-plant-2-16x12.webp 16w\" sizes=\"auto, (max-width: 720px) 100vw, 720px\" \/><\/figure><div class=\"wp-block-media-text__content\"> <ol class=\"wp-block-list\"> <li>Reifenentdrahtungsmaschine entfernt Stahlkabel von alten Reifen<\/li>    <li>Die Reifen-Schneidemaschine schneidet Altreifen in 2-3 St\u00fccke.<\/li>    <li>Der Reifenzerkleinerer zerkleinert Gummi in 50-100 mm gro\u00dfe Bl\u00f6cke.<\/li>    <li>Mahlen und Sieben mit dem Gummipulverherstellungssystem<\/li> <\/ol> <\/div><\/div>    <h3 class=\"wp-block-heading\">Gummigranulat-Herstellungslinie 3<\/h3>    <div class=\"wp-block-media-text is-stacked-on-mobile\"><figure class=\"wp-block-media-text__media\"><img loading=\"lazy\" decoding=\"async\" width=\"720\" height=\"540\" src=\"https:\/\/www.plasticgranularmachine.com\/wp-content\/uploads\/2025\/04\/crumb-rubber-making-line-3.webp\" alt=\"Krumgummiproduktionslinie 3\" class=\"wp-image-1643 size-full\" srcset=\"https:\/\/www.plasticgranularmachine.com\/wp-content\/uploads\/2025\/04\/crumb-rubber-making-line-3.webp 720w, https:\/\/www.plasticgranularmachine.com\/wp-content\/uploads\/2025\/04\/crumb-rubber-making-line-3-300x225.webp 300w, https:\/\/www.plasticgranularmachine.com\/wp-content\/uploads\/2025\/04\/crumb-rubber-making-line-3-16x12.webp 16w\" sizes=\"auto, (max-width: 720px) 100vw, 720px\" \/><\/figure><div class=\"wp-block-media-text__content\"> <ol class=\"wp-block-list\"> <li>Entfernen Sie den Reifenwulst, der viele Stahldr\u00e4hte enth\u00e4lt, und schneiden Sie die Altreifen f\u00fcr ein einfacheres Zerkleinern.<\/li>    <li>Der Drahtseparator trennt Stahldr\u00e4hte und Gummi.<\/li>    <li>Zerkleinern Sie den Gummi aus den Schritten 1 und 2 in 50-100 mm gro\u00dfe Bl\u00f6cke.<\/li>    <li>M\u00fchle und Sieb f\u00fcr hochwertige Reifenpulver.<\/li> <\/ol> <\/div><\/div>    <h2 class=\"wp-block-heading\">Details zu Reifenrecyclingmaschinen<\/h2>    <h3 class=\"wp-block-heading\">Reifenabzieher<\/h3>    <p class=\"translation-block\">Unsere <a href=\"https:\/\/www.plasticgranularmachine.com\/de\/product\/tire-debeader-for-sale\/\" data-type=\"link\" data-id=\"https:\/\/www.plasticgranularmachine.com\/product\/tire-debeader-for-sale\/\">hydraulische Reifenstahlziehmaschine<\/a> nutzt hydraulischen Hochdruck, um Stahlperlenwires aus Reifen fest zu greifen und zu extrahieren, was eine effiziente Trennung gew\u00e4hrleistet und die nachgelagerten Zerkleinerungsmaschinen sch\u00fctzt. Es ist der erste Schritt in der <mark class=\"has-inline-color has-vivid-cyan-blue-color\">Gummi-Recyclinganlage 2<\/mark>.<\/p>    <div class=\"wp-block-media-text is-stacked-on-mobile\"><figure class=\"wp-block-media-text__media\"><img loading=\"lazy\" decoding=\"async\" width=\"720\" height=\"540\" src=\"https:\/\/www.plasticgranularmachine.com\/wp-content\/uploads\/2025\/04\/tire-steel-wire-drawing-machine.webp\" alt=\"Reifenstahldrahtziehmaschine\" class=\"wp-image-1656 size-full\" srcset=\"https:\/\/www.plasticgranularmachine.com\/wp-content\/uploads\/2025\/04\/tire-steel-wire-drawing-machine.webp 720w, https:\/\/www.plasticgranularmachine.com\/wp-content\/uploads\/2025\/04\/tire-steel-wire-drawing-machine-300x225.webp 300w, https:\/\/www.plasticgranularmachine.com\/wp-content\/uploads\/2025\/04\/tire-steel-wire-drawing-machine-16x12.webp 16w\" sizes=\"auto, (max-width: 720px) 100vw, 720px\" \/><\/figure><div class=\"wp-block-media-text__content\"> <ul class=\"wp-block-list\"> <li>Typ: Einfachhaken\/Doppelhaken Reifenabzieher<\/li>    <li>Kapazit\u00e4t: 20-30 \/ 40-50 St\u00fcck pro Stunde<\/li>    <li>Leistung: 11 \/ 18,5 kW<\/li>    <li>Anwendung: 900-1200 mm Reifen<\/li> <\/ul> <\/div><\/div>    <h3 class=\"wp-block-heading\">Reifen Schneidemaschine<\/h3>    <p class=\"translation-block\">Hergestellt aus Cr12MoV-Schneiden, ist die <a href=\"https:\/\/www.plasticgranularmachine.com\/de\/product\/waste-tire-cutting-machine\/\" data-type=\"link\" data-id=\"https:\/\/www.plasticgranularmachine.com\/product\/waste-tire-cutting-machine\/\">Reifen-Schneidemaschine<\/a> hart und verschlei\u00dffest und schneidet rimlose Reifen bis zu 1200 mm effizient in Gummikl\u00f6tze bis zu 900 mm.<\/p>    <div class=\"wp-block-media-text is-stacked-on-mobile\"><figure class=\"wp-block-media-text__media\"><img loading=\"lazy\" decoding=\"async\" width=\"720\" height=\"540\" src=\"https:\/\/www.plasticgranularmachine.com\/wp-content\/uploads\/2025\/04\/tire-cutter-for-sale.webp\" alt=\"Reifen-Schneider zu verkaufen\" class=\"wp-image-1652 size-full\" srcset=\"https:\/\/www.plasticgranularmachine.com\/wp-content\/uploads\/2025\/04\/tire-cutter-for-sale.webp 720w, https:\/\/www.plasticgranularmachine.com\/wp-content\/uploads\/2025\/04\/tire-cutter-for-sale-300x225.webp 300w, https:\/\/www.plasticgranularmachine.com\/wp-content\/uploads\/2025\/04\/tire-cutter-for-sale-16x12.webp 16w\" sizes=\"auto, (max-width: 720px) 100vw, 720px\" \/><\/figure><div class=\"wp-block-media-text__content\"> <ul class=\"wp-block-list\"> <li>Kapazit\u00e4t: 60 St\u00fcck \/ h<\/li>    <li>Eingang: 900-1200 mm Reifen<\/li>    <li>Ausgang: Reifenbl\u00f6cke &lt;900 mm<\/li>    <li>Leistung: 7,5 KW<\/li>    <li>Klingenmaterial: Cr12MoV<\/li> <\/ul> <\/div><\/div>    <h3 class=\"wp-block-heading\">Reifenwulstschneid- und -entfernungsmaschine<\/h3>    <p class=\"translation-block\">Die Integration der <a href=\"https:\/\/www.plasticgranularmachine.com\/de\/product\/waste-tire-cutting-machine\/\" data-type=\"link\" data-id=\"https:\/\/www.plasticgranularmachine.com\/product\/waste-tire-cutting-machine\/\">Perlenentfernungs- und Schneidefunktionen<\/a> in einer Maschine reduziert die Material\u00fcbertragungszeit und ist sicherer und effizienter. Es ist der erste Schritt in der Vorverarbeitung der <mark class=\"has-inline-color has-vivid-cyan-blue-color\">Reifenrecyclinglinie 3<\/mark>.<\/p>    <div class=\"wp-block-media-text is-stacked-on-mobile\"><figure class=\"wp-block-media-text__media\"><img loading=\"lazy\" decoding=\"async\" width=\"720\" height=\"540\" src=\"https:\/\/www.plasticgranularmachine.com\/wp-content\/uploads\/2025\/04\/tire-bead-removal-and-cutting-machine.webp\" alt=\"Reifenwulstentferner und Schneidemaschine\" class=\"wp-image-1651 size-full\" srcset=\"https:\/\/www.plasticgranularmachine.com\/wp-content\/uploads\/2025\/04\/tire-bead-removal-and-cutting-machine.webp 720w, https:\/\/www.plasticgranularmachine.com\/wp-content\/uploads\/2025\/04\/tire-bead-removal-and-cutting-machine-300x225.webp 300w, https:\/\/www.plasticgranularmachine.com\/wp-content\/uploads\/2025\/04\/tire-bead-removal-and-cutting-machine-16x12.webp 16w\" sizes=\"auto, (max-width: 720px) 100vw, 720px\" \/><\/figure><div class=\"wp-block-media-text__content\"> <ul class=\"wp-block-list\"> <li>Kapazit\u00e4t: 3 t\/h<\/li>    <li>Leistung: 7,5+3 KW<\/li>    <li>Eingang: 900-1200 mm Reifen<\/li>    <li>Ausgabe: \uff1c900 mm Reifen<\/li> <\/ul> <\/div><\/div>    <h3 class=\"wp-block-heading\">Reifenstahldrahtseparator<\/h3>    <p>Die Reifen-Stahlsepariermaschine, hergestellt aus langlebigen Materialien, trennt effizient Gummi von Stahlseilen durch mechanisches Rei\u00dfen und Rollen. Sie befindet sich typischerweise nach der Reifenwulstentfernung und der Schneidemaschine. <mark style=\"background-color:rgba(0, 0, 0, 0)\" class=\"has-inline-color has-vivid-cyan-blue-color\">Recyclingl\u00f6sung f\u00fcr Reifen 3<\/mark>, es erh\u00f6ht die Reinheit des Gummipulvers und sch\u00fctzt die nachgelagerten Ger\u00e4te.<\/p>    <div class=\"wp-block-media-text is-stacked-on-mobile\"><figure class=\"wp-block-media-text__media\"><img loading=\"lazy\" decoding=\"async\" width=\"720\" height=\"540\" src=\"https:\/\/www.plasticgranularmachine.com\/wp-content\/uploads\/2025\/04\/tire-steel-wire-separator.webp\" alt=\"Reifenstahlseparierer\" class=\"wp-image-1657 size-full\" srcset=\"https:\/\/www.plasticgranularmachine.com\/wp-content\/uploads\/2025\/04\/tire-steel-wire-separator.webp 720w, https:\/\/www.plasticgranularmachine.com\/wp-content\/uploads\/2025\/04\/tire-steel-wire-separator-300x225.webp 300w, https:\/\/www.plasticgranularmachine.com\/wp-content\/uploads\/2025\/04\/tire-steel-wire-separator-16x12.webp 16w\" sizes=\"auto, (max-width: 720px) 100vw, 720px\" \/><\/figure><div class=\"wp-block-media-text__content\"> <ul class=\"wp-block-list\"> <li>Kapazit\u00e4t: 120 St\u00fcck\/Stunde<\/li>    <li>Leistung: 18,5 kW<\/li>    <li>Gewicht: 1800 kg<\/li>    <li>Maschinengr\u00f6\u00dfe: 2*1,9*1,8 m<\/li> <\/ul> <\/div><\/div>    <h3 class=\"wp-block-heading\">Reifenzerkleinerer<\/h3>   <div class=\"wp-block-image\"> <figure class=\"aligncenter size-full\"><img loading=\"lazy\" decoding=\"async\" width=\"720\" height=\"540\" src=\"https:\/\/www.plasticgranularmachine.com\/wp-content\/uploads\/2025\/04\/tire-shredder-machine.webp\" alt=\"Reifenzerkleinerungsmaschine\" class=\"wp-image-1655\" srcset=\"https:\/\/www.plasticgranularmachine.com\/wp-content\/uploads\/2025\/04\/tire-shredder-machine.webp 720w, https:\/\/www.plasticgranularmachine.com\/wp-content\/uploads\/2025\/04\/tire-shredder-machine-300x225.webp 300w, https:\/\/www.plasticgranularmachine.com\/wp-content\/uploads\/2025\/04\/tire-shredder-machine-16x12.webp 16w\" sizes=\"auto, (max-width: 720px) 100vw, 720px\" \/><figcaption class=\"wp-element-caption\">Reifenzerkleinerungsmaschine<\/figcaption><\/figure> <\/div>   <p class=\"translation-block\">Der <a href=\"https:\/\/www.plasticgranularmachine.com\/de\/product\/tire-shredder-machine-for-sale\/\" data-type=\"link\" data-id=\"https:\/\/www.plasticgranularmachine.com\/product\/tire-shredder-machine-for-sale\/\">Reifenschredder zum Verkauf<\/a> wird in Gummirecyclinganlagen h\u00e4ufig zur Verarbeitung von vorbehandelten Reifen zu gleichm\u00e4\u00dfigen Gummist\u00fccken von 5 bis 100 mm eingesetzt. Er ist f\u00fcr kleine PKW-Reifen, Reifenbl\u00f6cke &lt;900 mm und demontierte OTR-Reifen (Off-the-Road) geeignet.<\/p>    <p>Der Reifenzerkleinerer bietet eine einstellbare Partikelgr\u00f6\u00dfe, hohe Leistung und Kapazit\u00e4t mit einer robusten Struktur f\u00fcr einen kontinuierlichen Hochleistungsbetrieb. Wichtige Komponenten wie das Sieb und die Klingen lassen sich leicht zur Wartung demontieren.<\/p>    <figure class=\"wp-block-table\"><table class=\"has-fixed-layout\"><tbody><tr><td>Modell<\/td><td>900<\/td><td>1000<\/td><td>1200<\/td><td>1500<\/td><td>1800<\/td><\/tr><tr><td>Kapazit\u00e4t(t\/h)<\/td><td>2<\/td><td>4<\/td><td>5-6<\/td><td>8-10<\/td><td>15-20<\/td><\/tr><tr><td>Leistung(KW)<\/td><td>64.5<\/td><td>94.5<\/td><td>157<\/td><td>188.5<\/td><td>328.5<\/td><\/tr><tr><td>Eingangsgr\u00f6\u00dfe(mm)<\/td><td>\uff1c900<\/td><td>\uff1c1000<\/td><td>\uff1c1200<\/td><td>\uff1c1200<\/td><td>\uff1c1400<\/td><\/tr><tr><td>Ausgangsgr\u00f6\u00dfe (mm)<\/td><td>50<\/td><td>60<\/td><td>60<\/td><td>75<\/td><td>100<\/td><\/tr><tr><td>Klingenst\u00e4rke (mm)<\/td><td>50<\/td><td>60<\/td><td>60<\/td><td>75<\/td><td>100<\/td><\/tr><tr><td>Klingenanzahl<\/td><td>16<\/td><td>16<\/td><td>18<\/td><td>20<\/td><td>18<\/td><\/tr><\/tbody><\/table><\/figure>    <h3 class=\"wp-block-heading\">Reifenmahlmaschine und Magnetseparator<\/h3>   <div class=\"wp-block-image\"> <figure class=\"aligncenter size-full\"><img loading=\"lazy\" decoding=\"async\" width=\"720\" height=\"540\" src=\"https:\/\/www.plasticgranularmachine.com\/wp-content\/uploads\/2025\/04\/tire-grinder-and-magnetic-separator.webp\" alt=\"Reifenmahlmaschine und Magnetseparator\" class=\"wp-image-1653\" srcset=\"https:\/\/www.plasticgranularmachine.com\/wp-content\/uploads\/2025\/04\/tire-grinder-and-magnetic-separator.webp 720w, https:\/\/www.plasticgranularmachine.com\/wp-content\/uploads\/2025\/04\/tire-grinder-and-magnetic-separator-300x225.webp 300w, https:\/\/www.plasticgranularmachine.com\/wp-content\/uploads\/2025\/04\/tire-grinder-and-magnetic-separator-16x12.webp 16w\" sizes=\"auto, (max-width: 720px) 100vw, 720px\" \/><figcaption class=\"wp-element-caption\">Reifenmahlmaschine und Magnetseparator<\/figcaption><\/figure> <\/div>   <p class=\"translation-block\">Das <a href=\"https:\/\/www.plasticgranularmachine.com\/de\/product\/tire-grinder-and-magnetic-separator\/\" data-type=\"link\" data-id=\"https:\/\/www.plasticgranularmachine.com\/product\/tire-grinder-and-magnetic-separator\/\">Reifenm\u00fchlen- und Siebsystem<\/a> verf\u00fcgt \u00fcber eine pr\u00e4zise Reifenm\u00fchle und zweistufige Magnetscheider. Es vermahlt effizient Gummipartikel von 30-100 mm zu einem feinen Pulver von 10-40 Mesh, w\u00e4hrend es Eisenverunreinigungen entfernt und eine Reinheit von 99 % f\u00fcr eine optimale Wiederverwendung erreicht. Die spezifischen Kapazit\u00e4ten der verschiedenen Modelle sind wie folgt.<\/p>    <figure class=\"wp-block-table\"><table class=\"has-fixed-layout\"><tbody><tr><td>Ausgangsgr\u00f6\u00dfe\\Modell<\/td><td>SL-350 Linie<\/td><td>SL-400 Linie<\/td><td>SL-450 Linie<\/td><td>SL-560 Linie<\/td><td>SL-560 D Linie<\/td><td>SL-660 Linie<\/td><\/tr><tr><td>10 Maschen<\/td><td>250-300<\/td><td>400-500<\/td><td>500-600<\/td><td>900-1000<\/td><td>1500-1600<\/td><td>2100-2300<\/td><\/tr><tr><td>20 Maschen<\/td><td>180-230<\/td><td>300-350<\/td><td>400-500<\/td><td>600-700<\/td><td>1200-1300<\/td><td>1600-1700<\/td><\/tr><tr><td>30 Maschen<\/td><td>150-210<\/td><td>240-280<\/td><td>350-450<\/td><td>450-550<\/td><td>1000-1100<\/td><td>1200-1300<\/td><\/tr><tr><td>40 Maschen<\/td><td>80-120<\/td><td>150-175<\/td><td>200-250<\/td><td>300-350<\/td><td>800-900<\/td><td>900-1000<\/td><\/tr><\/tbody><\/table><\/figure>    <h3 class=\"wp-block-heading\">Faser-Sichtmaschine<\/h3>    <p class=\"translation-block\">Der <a href=\"https:\/\/www.plasticgranularmachine.com\/de\/product\/fiber-separator\/\" data-type=\"link\" data-id=\"https:\/\/www.plasticgranularmachine.com\/product\/fiber-separator\/\">Faserseparator<\/a> nutzt Windsortierung und Dichteunterschiede, um feine Fasern effizient vom Gummipulver zu trennen und dessen Reinheit zu erh\u00f6hen. Mit einstellbarer Windgeschwindigkeit und energieeffizientem Betrieb ist diese Ausr\u00fcstung ideal f\u00fcr das Gummi-Recycling und andere chemische Industrien zur Feinpartikelseparation und Klassifizierung.<\/p>    <div class=\"wp-block-media-text is-stacked-on-mobile\"><figure class=\"wp-block-media-text__media\"><img loading=\"lazy\" decoding=\"async\" width=\"720\" height=\"540\" src=\"https:\/\/www.plasticgranularmachine.com\/wp-content\/uploads\/2025\/04\/fiber-separator.webp\" alt=\"Faserseparator\" class=\"wp-image-1646 size-full\" srcset=\"https:\/\/www.plasticgranularmachine.com\/wp-content\/uploads\/2025\/04\/fiber-separator.webp 720w, https:\/\/www.plasticgranularmachine.com\/wp-content\/uploads\/2025\/04\/fiber-separator-300x225.webp 300w, https:\/\/www.plasticgranularmachine.com\/wp-content\/uploads\/2025\/04\/fiber-separator-16x12.webp 16w\" sizes=\"auto, (max-width: 720px) 100vw, 720px\" \/><\/figure><div class=\"wp-block-media-text__content\"> <ul class=\"wp-block-list\"> <li>Kapazit\u00e4t: 800-1000 kg\/h<\/li>    <li>Motordrehzahl: 760 U\/min<\/li>    <li>Motorleistung: 5,5 kW<\/li>    <li>Maschinengr\u00f6\u00dfe: 1500*1500*3400mm<\/li> <\/ul> <\/div><\/div>    <h2 class=\"wp-block-heading\">Professionelle Reifenrecyclingmaschinen zu verkaufen<\/h2>    <p>Unsere vollautomatischen Gummirecyclinganlagen haben ein modulares Design, das eine flexible Anpassung erm\u00f6glicht. Sie produzieren effizient Gummibl\u00f6cke, Granulate oder Pulver mit einstellbaren Partikelgr\u00f6\u00dfen f\u00fcr verschiedene Branchenanwendungen. Bitte z\u00f6gern Sie nicht, uns zu kontaktieren, um die richtige Reifenrecyclingl\u00f6sung f\u00fcr Sie zu finden!<\/p>","protected":false},"excerpt":{"rendered":"<p>Our fully automated rubber recycling plant is designed to convert scrap tyres into rubber blocks, granules, or powder for recycling. The equipment is efficient, easy to operate, and can effectively help you start or improve your tire recycling business! Application of the Fully Automatic Tire Recycling Line Our fully automatic rubber recycling plant is designed [&hellip;]<\/p>\n","protected":false},"author":1,"featured_media":1650,"parent":0,"template":"","tags":[76],"product-type":[10],"class_list":["post-1642","product","type-product","status-publish","has-post-thumbnail","hentry","tag-tire-recycling","product-type-solutions"],"_links":{"self":[{"href":"https:\/\/www.plasticgranularmachine.com\/de\/wp-json\/wp\/v2\/product\/1642","targetHints":{"allow":["GET"]}}],"collection":[{"href":"https:\/\/www.plasticgranularmachine.com\/de\/wp-json\/wp\/v2\/product"}],"about":[{"href":"https:\/\/www.plasticgranularmachine.com\/de\/wp-json\/wp\/v2\/types\/product"}],"author":[{"embeddable":true,"href":"https:\/\/www.plasticgranularmachine.com\/de\/wp-json\/wp\/v2\/users\/1"}],"wp:featuredmedia":[{"embeddable":true,"href":"https:\/\/www.plasticgranularmachine.com\/de\/wp-json\/wp\/v2\/media\/1650"}],"wp:attachment":[{"href":"https:\/\/www.plasticgranularmachine.com\/de\/wp-json\/wp\/v2\/media?parent=1642"}],"wp:term":[{"taxonomy":"post_tag","embeddable":true,"href":"https:\/\/www.plasticgranularmachine.com\/de\/wp-json\/wp\/v2\/tags?post=1642"},{"taxonomy":"product-type","embeddable":true,"href":"https:\/\/www.plasticgranularmachine.com\/de\/wp-json\/wp\/v2\/product-type?post=1642"}],"curies":[{"name":"wp","href":"https:\/\/api.w.org\/{rel}","templated":true}]}}