{"id":1663,"date":"2025-05-12T16:29:21","date_gmt":"2025-05-12T08:29:21","guid":{"rendered":"https:\/\/www.plasticgranularmachine.com\/?post_type=product&#038;p=1663"},"modified":"2025-07-22T14:28:50","modified_gmt":"2025-07-22T06:28:50","slug":"tire-recycling-production-line","status":"publish","type":"product","link":"https:\/\/www.plasticgranularmachine.com\/de\/product\/tire-recycling-production-line\/","title":{"rendered":"Halbautomatische Reifenrecycling-Produktionslinie"},"content":{"rendered":"<p>Die halbautomatische Reifenrecycling-Produktionslinie kombiniert den synergistischen Betrieb von manueller Unterst\u00fctzung und automatisierten Ger\u00e4ten, um die Umwandlung von Altreifen in Gummipulver auf kosteneffiziente Weise zu erreichen. <\/p>    <p>Es kann weit verbreitet zur Wiederverwertung von g\u00e4ngigen Altreifen, wie Autoreifen, eingesetzt werden und kann von nur 2-4 Personen betrieben werden, was es besonders geeignet f\u00fcr Start-ups oder kleine bis mittelgro\u00dfe Reifenrecyclinganlagen mit begrenzten Budgets macht.<\/p>   <div class=\"wp-block-image\"> <figure class=\"aligncenter size-full\"><img loading=\"lazy\" decoding=\"async\" width=\"720\" height=\"463\" src=\"https:\/\/www.plasticgranularmachine.com\/wp-content\/uploads\/2025\/05\/semi-automatic-tire-recycling-production-line.webp\" alt=\"halbautomatische Reifenrecycling-Produktionslinie\" class=\"wp-image-1667\" srcset=\"https:\/\/www.plasticgranularmachine.com\/wp-content\/uploads\/2025\/05\/semi-automatic-tire-recycling-production-line.webp 720w, https:\/\/www.plasticgranularmachine.com\/wp-content\/uploads\/2025\/05\/semi-automatic-tire-recycling-production-line-300x193.webp 300w, https:\/\/www.plasticgranularmachine.com\/wp-content\/uploads\/2025\/05\/semi-automatic-tire-recycling-production-line-18x12.webp 18w\" sizes=\"auto, (max-width: 720px) 100vw, 720px\" \/><figcaption class=\"wp-element-caption\">halbautomatische Reifenrecycling-Produktionslinie<\/figcaption><\/figure> <\/div>   <h2 class=\"wp-block-heading\">Anwendung und Endprodukte der Reifenrecycling-Produktionslinie<\/h2>    <p>Die halbautomatische Reifenrecycling-Produktionslinie eignet sich zur Verarbeitung aller Arten von Altreifen mit einem Durchmesser \u2264 1200 mm, wie z.B. PKW-Reifen, Lkw-Reifen usw. <\/p>    <figure class=\"wp-block-gallery has-nested-images columns-default is-cropped wp-block-gallery-2 is-layout-flex wp-block-gallery-is-layout-flex\"> <figure class=\"wp-block-image size-large\"><img loading=\"lazy\" decoding=\"async\" width=\"720\" height=\"540\" data-id=\"1666\" src=\"https:\/\/www.plasticgranularmachine.com\/wp-content\/uploads\/2025\/05\/scrap-tires.webp\" alt=\"Altreifen\" class=\"wp-image-1666\" srcset=\"https:\/\/www.plasticgranularmachine.com\/wp-content\/uploads\/2025\/05\/scrap-tires.webp 720w, https:\/\/www.plasticgranularmachine.com\/wp-content\/uploads\/2025\/05\/scrap-tires-300x225.webp 300w, https:\/\/www.plasticgranularmachine.com\/wp-content\/uploads\/2025\/05\/scrap-tires-16x12.webp 16w\" sizes=\"auto, (max-width: 720px) 100vw, 720px\" \/><figcaption class=\"wp-element-caption\">Altreifen<\/figcaption><\/figure>    <figure class=\"wp-block-image size-large\"><img loading=\"lazy\" decoding=\"async\" width=\"720\" height=\"540\" data-id=\"1665\" src=\"https:\/\/www.plasticgranularmachine.com\/wp-content\/uploads\/2025\/05\/Rubber-powder-of-different-finenesses.webp\" alt=\"Gummipulver in verschiedenen Feinheiten\" class=\"wp-image-1665\" srcset=\"https:\/\/www.plasticgranularmachine.com\/wp-content\/uploads\/2025\/05\/Rubber-powder-of-different-finenesses.webp 720w, https:\/\/www.plasticgranularmachine.com\/wp-content\/uploads\/2025\/05\/Rubber-powder-of-different-finenesses-300x225.webp 300w, https:\/\/www.plasticgranularmachine.com\/wp-content\/uploads\/2025\/05\/Rubber-powder-of-different-finenesses-16x12.webp 16w\" sizes=\"auto, (max-width: 720px) 100vw, 720px\" \/><figcaption class=\"wp-element-caption\">Gummipulver in verschiedenen Feinheiten<\/figcaption><\/figure> <\/figure>    <p>Durch den Prozess der Vorbehandlung, Zerkleinerung, Mahlen und Sieben werden die Altreifen in einstellbare Gummigranulate oder -pulver mit einer Korngr\u00f6\u00dfe von 10-40 Mesh verarbeitet, und die Reinheit der Produkte betr\u00e4gt bis zu 99 % oder mehr.<\/p>    <h2 class=\"wp-block-heading\">Hauptmerkmale der Altreifen-Recyclinglinie<\/h2>    <ul class=\"wp-block-list\"> <li><strong>Geringe Investition:<\/strong> einfache Struktur, flexible Bedienung, niedrige Anschaffungskosten, geeignet f\u00fcr Start-ups oder kleine Fabriken.<\/li>    <li><strong>Hohe Rendite:<\/strong> hohe Effizienz, gute Produktqualit\u00e4t, Reinheit bis zu 99%, hohe Wettbewerbsf\u00e4higkeit auf dem Markt.<\/li>    <li><strong>Einfache Bedienung:<\/strong> nur 2-4 Personen k\u00f6nnen bei der Produktion helfen. Die Ausr\u00fcstung ist mit Sicherheitsvorrichtungen ausgestattet und sicher zu bedienen. <\/li>    <li><strong>Umweltschutz:<\/strong> CE- und ISO-Zertifikate k\u00f6nnen bereitgestellt werden, mit niedrigem Energieverbrauch, ohne Verschmutzung und im Einklang mit Umweltstandards.<\/li> <\/ul>    <h2 class=\"wp-block-heading\">Wie funktioniert die halbautomatische Gummipulver-Produktionslinie?<\/h2>    <p>Die komplette halbautomatische Reifenrecyclinglinie besteht aus einem Reifenflanken-Schneider, einem Reifenstreifen-Schneider, einem Reifenblock-Schneider, einem Reifenzerkleinerer, einer Gummipulvermaschine und einem magnetischen Trennsystem sowie einem Fasertrennsystem.<\/p>   <div class=\"wp-block-image\"> <figure class=\"aligncenter size-full\"><img loading=\"lazy\" decoding=\"async\" width=\"720\" height=\"540\" src=\"https:\/\/www.plasticgranularmachine.com\/wp-content\/uploads\/2025\/05\/working-flow-of-the-semi-automatic-rubber-recycling-plant.webp\" alt=\"Arbeitsablauf der halbautomatischen Gummirecycling-Anlage\" class=\"wp-image-1672\" srcset=\"https:\/\/www.plasticgranularmachine.com\/wp-content\/uploads\/2025\/05\/working-flow-of-the-semi-automatic-rubber-recycling-plant.webp 720w, https:\/\/www.plasticgranularmachine.com\/wp-content\/uploads\/2025\/05\/working-flow-of-the-semi-automatic-rubber-recycling-plant-300x225.webp 300w, https:\/\/www.plasticgranularmachine.com\/wp-content\/uploads\/2025\/05\/working-flow-of-the-semi-automatic-rubber-recycling-plant-16x12.webp 16w\" sizes=\"auto, (max-width: 720px) 100vw, 720px\" \/><figcaption class=\"wp-element-caption\">Arbeitsablauf der halbautomatischen Gummirecycling-Anlage<\/figcaption><\/figure> <\/div>   <ol class=\"wp-block-list\"> <li><strong>Vorbehandlung 1<\/strong>: Mit einer Reifenring-Schneidemaschine wird die Reifenwulst, die eine gro\u00dfe Menge Stahlkabel enth\u00e4lt, abgeschnitten, um Gummireifen-Seitenw\u00e4nde zu erhalten.<\/li>    <li><strong>Vorbehandlung 2:<\/strong> Eine Reifenstreifenschneidemaschine schneidet die Reifen-Seitenw\u00e4nde in 3-5 cm breite Streifen.<\/li>    <li><strong>Vorbehandlung 3:<\/strong> Dann werden die Gummistreifen mit dem Reifenblockschneider in 5 cm lange und breite kleinere Bl\u00f6cke geschnitten, um den anschlie\u00dfenden Zerkleinerungsprozess vorzubereiten.<\/li>    <li><strong>Mahlen &amp; Sieben:<\/strong> Die Zwillingswalzen mahlen Gummibl\u00f6cke effizient zu 10-40 Mesh-Pulver durch Scherung und Reibung. Ein Vibrationssieb und ein mehrstufiges Siebsystem trennen automatisch das qualifizierte Pulver und recyceln jedes Material, das nicht den Gr\u00f6\u00dfenanforderungen entspricht.<\/li>    <li><strong>Magnettrennung: <\/strong>Durch die magnetische Rollenantwortung werden die gemischten Eisen Dr\u00e4hte im Gummipulver effizient entfernt, und die Reinheit des Gummipulvers wird verbessert.<\/li>    <li><strong>Fasertrennung: <\/strong>R\u00fcckst\u00e4nde von Nylonfasern werden durch Luftstrom-Siebung entfernt, um sicherzustellen, dass die Reinheit des Gummipulvers \u00fcber 99 % liegt.<\/li> <\/ol>    <h2 class=\"wp-block-heading\">Effiziente Maschinen zum Reifenrecycling zu verkaufen<\/h2>    <p>Unsere Reifenrecycling-Produktionslinien sind modular und flexibel. Im Folgenden finden Sie Informationen zu den wichtigsten Spezifikationen jeder Maschine.<\/p>    <h3 class=\"wp-block-heading\">Reifen-Seitenwand-Schneidemaschine<\/h3>    <div class=\"wp-block-media-text is-stacked-on-mobile\"><figure class=\"wp-block-media-text__media\"><img loading=\"lazy\" decoding=\"async\" width=\"720\" height=\"540\" src=\"https:\/\/www.plasticgranularmachine.com\/wp-content\/uploads\/2025\/05\/tire-sidewall-cutter.webp\" alt=\"Reifenflanken-Schneider\" class=\"wp-image-1670 size-full\" srcset=\"https:\/\/www.plasticgranularmachine.com\/wp-content\/uploads\/2025\/05\/tire-sidewall-cutter.webp 720w, https:\/\/www.plasticgranularmachine.com\/wp-content\/uploads\/2025\/05\/tire-sidewall-cutter-300x225.webp 300w, https:\/\/www.plasticgranularmachine.com\/wp-content\/uploads\/2025\/05\/tire-sidewall-cutter-16x12.webp 16w\" sizes=\"auto, (max-width: 720px) 100vw, 720px\" \/><\/figure><div class=\"wp-block-media-text__content\"> <p>Hocheffizient beim Entfernen von Stahldr\u00e4hten, sch\u00fctzt und verl\u00e4ngert die Lebensdauer der gesamten Linie.<\/p>    <ul class=\"wp-block-list\"> <li>Kapazit\u00e4t: 40 St\u00fcck\/Stunde<\/li>    <li>Motorleistung: 4+0,75 KW<\/li>    <li>Arbeitsbereich: 650-1250 mm Reifen<\/li>    <li>Maschinengr\u00f6\u00dfe: 1,8 m * 1,3 m * 1,6 m<\/li> <\/ul> <\/div><\/div>    <h3 class=\"wp-block-heading\">Reifenstreifenschneider<\/h3>    <div class=\"wp-block-media-text is-stacked-on-mobile\"><figure class=\"wp-block-media-text__media\"><img loading=\"lazy\" decoding=\"async\" width=\"720\" height=\"540\" src=\"https:\/\/www.plasticgranularmachine.com\/wp-content\/uploads\/2025\/05\/tire-strip-cutter.webp\" alt=\"Reifenstreifen-Schneider\" class=\"wp-image-1671 size-full\" srcset=\"https:\/\/www.plasticgranularmachine.com\/wp-content\/uploads\/2025\/05\/tire-strip-cutter.webp 720w, https:\/\/www.plasticgranularmachine.com\/wp-content\/uploads\/2025\/05\/tire-strip-cutter-300x225.webp 300w, https:\/\/www.plasticgranularmachine.com\/wp-content\/uploads\/2025\/05\/tire-strip-cutter-16x12.webp 16w\" sizes=\"auto, (max-width: 720px) 100vw, 720px\" \/><\/figure><div class=\"wp-block-media-text__content\"> <p>Starke Schneidkraft, einfache Bedienung und kleiner Platzbedarf.<\/p>    <ul class=\"wp-block-list\"> <li>Kapazit\u00e4t: 1000 kg\/h<\/li>    <li>Motorleistung: 5,5 kW<\/li>    <li>Motordrehzahl: 45 U\/min<\/li>    <li>Endprodukte: 3-5 cm breite Streifen<\/li> <\/ul> <\/div><\/div>    <h3 class=\"wp-block-heading\">Reifenblockschneider<\/h3>    <div class=\"wp-block-media-text is-stacked-on-mobile\"><figure class=\"wp-block-media-text__media\"><img loading=\"lazy\" decoding=\"async\" width=\"720\" height=\"540\" src=\"https:\/\/www.plasticgranularmachine.com\/wp-content\/uploads\/2025\/05\/tire-block-cutter.webp\" alt=\"Reifenblockschneider\" class=\"wp-image-1668 size-full\" srcset=\"https:\/\/www.plasticgranularmachine.com\/wp-content\/uploads\/2025\/05\/tire-block-cutter.webp 720w, https:\/\/www.plasticgranularmachine.com\/wp-content\/uploads\/2025\/05\/tire-block-cutter-300x225.webp 300w, https:\/\/www.plasticgranularmachine.com\/wp-content\/uploads\/2025\/05\/tire-block-cutter-16x12.webp 16w\" sizes=\"auto, (max-width: 720px) 100vw, 720px\" \/><\/figure><div class=\"wp-block-media-text__content\"> <p>Stabile Schnitte verbessern effektiv die Effizienz des Reifenrecyclings, sch\u00fctzen das nachfolgende Ger\u00e4t und sind f\u00fcr den kontinuierlichen Betrieb geeignet.<\/p>    <ul class=\"wp-block-list\"> <li>Modell: QKJ-358, aktualisierter Reifenblockschneider<\/li>    <li>Kapazit\u00e4t: 800\/1500 kg\/h<\/li>    <li>Motorleistung: 5,5\/18,5 KW<\/li> <\/ul> <\/div><\/div>    <h3 class=\"wp-block-heading\">Reifenschleifer und Magnetseparatoren<\/h3>    <div class=\"wp-block-media-text is-stacked-on-mobile\"><figure class=\"wp-block-media-text__media\"><img loading=\"lazy\" decoding=\"async\" width=\"720\" height=\"540\" src=\"https:\/\/www.plasticgranularmachine.com\/wp-content\/uploads\/2025\/05\/tire-crusher-and-magnetic-separator.webp\" alt=\"Reifenzerkleinerer und Magnetseparator\" class=\"wp-image-1669 size-full\" srcset=\"https:\/\/www.plasticgranularmachine.com\/wp-content\/uploads\/2025\/05\/tire-crusher-and-magnetic-separator.webp 720w, https:\/\/www.plasticgranularmachine.com\/wp-content\/uploads\/2025\/05\/tire-crusher-and-magnetic-separator-300x225.webp 300w, https:\/\/www.plasticgranularmachine.com\/wp-content\/uploads\/2025\/05\/tire-crusher-and-magnetic-separator-16x12.webp 16w\" sizes=\"auto, (max-width: 720px) 100vw, 720px\" \/><\/figure><div class=\"wp-block-media-text__content\"> <p class=\"translation-block\">Fein <a href=\"https:\/\/www.plasticgranularmachine.com\/de\/product\/tire-grinder-and-magnetic-separator\/\" data-type=\"link\" data-id=\"https:\/\/www.plasticgranularmachine.com\/product\/tire-grinder-and-magnetic-separator\/\">mahlen<\/a>, mehrstufiges Sieben, gleichm\u00e4\u00dfiges und feines Material, einstellbare Gr\u00f6\u00dfe, Reinheit gr\u00f6\u00dfer als 99%.<\/p>    <ul class=\"wp-block-list\"> <li>Modell: SL-350\/400\/450\/560\/560D\/660 Linie<\/li>    <li>Kapazit\u00e4t: 80-300 \/ 150-400 \/ 200-600 \/ 300-1000 \/ 800-1600 \/ 900-2300 kg\/h<\/li>    <li>Ausgangsgr\u00f6\u00dfe: 10-40 Mesh (2,5-0,63 mm)<\/li> <\/ul> <\/div><\/div>    <h3 class=\"wp-block-heading\">Faserseparator<\/h3>    <div class=\"wp-block-media-text is-stacked-on-mobile\"><figure class=\"wp-block-media-text__media\"><img loading=\"lazy\" decoding=\"async\" width=\"720\" height=\"540\" src=\"https:\/\/www.plasticgranularmachine.com\/wp-content\/uploads\/2025\/05\/fiber-separator.webp\" alt=\"Faserseparator\" class=\"wp-image-1664 size-full\" srcset=\"https:\/\/www.plasticgranularmachine.com\/wp-content\/uploads\/2025\/05\/fiber-separator.webp 720w, https:\/\/www.plasticgranularmachine.com\/wp-content\/uploads\/2025\/05\/fiber-separator-300x225.webp 300w, https:\/\/www.plasticgranularmachine.com\/wp-content\/uploads\/2025\/05\/fiber-separator-16x12.webp 16w\" sizes=\"auto, (max-width: 720px) 100vw, 720px\" \/><\/figure><div class=\"wp-block-media-text__content\"> <p>Hocheffiziente Entfernung von Nylonfasern, keine Besch\u00e4digung des Gummipulvers, energieeinsparend und umweltfreundlich.<\/p>    <ul class=\"wp-block-list\"> <li>Kapazit\u00e4t: 800-1000 kg\/h<\/li>    <li>Motorleistung: 5,5 kW<\/li>    <li>Ausgangsreinheit: mehr als 99%<\/li> <\/ul> <\/div><\/div>    <h2 class=\"wp-block-heading\">Erhalten Sie eine ma\u00dfgeschneiderte Reifenrecycling-L\u00f6sung!<\/h2>    <p class=\"translation-block\">Ob Sie gerade erst mit Ihrem Reifenrecyclinggesch\u00e4ft beginnen oder bereits eine etablierte Recyclinganlage betreiben, wir bieten ma\u00dfgeschneiderte L\u00f6sungen f\u00fcr alle Reifentypen \u2013 von halbautomatischen bis hin zu <a href=\"https:\/\/www.plasticgranularmachine.com\/de\/product\/rubber-recycling-plant\/\">vollautomatischen Reifenrecycling-Produktionslinien<\/a>. Kontaktieren Sie uns gerne f\u00fcr weitere Details!<\/p>","protected":false},"excerpt":{"rendered":"<p>The semi-automatic tire recycling production line combines the synergistic operation of manual assistance and automated equipment to achieve the conversion of scrap tires into rubber powder in a cost-effective manner. It can be widely used to recycle common scrap tires, such as car tires, and can be operated by only 2-4 people, making it particularly [&hellip;]<\/p>\n","protected":false},"author":1,"featured_media":1672,"parent":0,"template":"","tags":[],"product-type":[10],"class_list":["post-1663","product","type-product","status-publish","has-post-thumbnail","hentry","product-type-solutions"],"_links":{"self":[{"href":"https:\/\/www.plasticgranularmachine.com\/de\/wp-json\/wp\/v2\/product\/1663","targetHints":{"allow":["GET"]}}],"collection":[{"href":"https:\/\/www.plasticgranularmachine.com\/de\/wp-json\/wp\/v2\/product"}],"about":[{"href":"https:\/\/www.plasticgranularmachine.com\/de\/wp-json\/wp\/v2\/types\/product"}],"author":[{"embeddable":true,"href":"https:\/\/www.plasticgranularmachine.com\/de\/wp-json\/wp\/v2\/users\/1"}],"wp:featuredmedia":[{"embeddable":true,"href":"https:\/\/www.plasticgranularmachine.com\/de\/wp-json\/wp\/v2\/media\/1672"}],"wp:attachment":[{"href":"https:\/\/www.plasticgranularmachine.com\/de\/wp-json\/wp\/v2\/media?parent=1663"}],"wp:term":[{"taxonomy":"post_tag","embeddable":true,"href":"https:\/\/www.plasticgranularmachine.com\/de\/wp-json\/wp\/v2\/tags?post=1663"},{"taxonomy":"product-type","embeddable":true,"href":"https:\/\/www.plasticgranularmachine.com\/de\/wp-json\/wp\/v2\/product-type?post=1663"}],"curies":[{"name":"wp","href":"https:\/\/api.w.org\/{rel}","templated":true}]}}