{"id":1688,"date":"2025-05-26T10:49:51","date_gmt":"2025-05-26T02:49:51","guid":{"rendered":"https:\/\/www.plasticgranularmachine.com\/?post_type=product&#038;p=1688"},"modified":"2025-07-23T10:32:17","modified_gmt":"2025-07-23T02:32:17","slug":"egg-tray-production-line","status":"publish","type":"product","link":"https:\/\/www.plasticgranularmachine.com\/de\/product\/egg-tray-production-line\/","title":{"rendered":"Maximieren Sie die Renditen mit einer Eierverpackungslinie"},"content":{"rendered":"<p>Unsere Papierpulpe-Eiablageproduktionslinie hat eine Kapazit\u00e4t von 1.000 bis 7.000 St\u00fcck pro Stunde. Sie kann Abfallpapier effizient in verschiedene Papierablageprodukte umwandeln, wie z.B. Eierablagen, Apfelablagen, Schuhablagen, Kaffeetassenablagen usw. Diese Produkte werden in vielen Bereichen eingesetzt, einschlie\u00dflich Lebensmittel, Landwirtschaft und t\u00e4glichen Bed\u00fcrfnissen.<\/p>    <p>Mit unserer Ausr\u00fcstung liegen die durchschnittlichen Gesamtkosten pro Eierpalette nur bei 0,026 bis 0,04 USD, w\u00e4hrend der internationale Marktpreis typischerweise 0,07 bis 0,10 USD oder mehr betr\u00e4gt. Die Gewinnspanne liegt bei bis zu 150 % - 250 %, was dieses Projekt zu einer sehr attraktiven Investition macht!<\/p>   <div class=\"wp-block-image\"> <figure class=\"aligncenter size-full\"><img loading=\"lazy\" decoding=\"async\" width=\"720\" height=\"540\" src=\"https:\/\/www.plasticgranularmachine.com\/wp-content\/uploads\/2025\/05\/egg-tray-manufacturing-plant.webp\" alt=\"Eierkartonherstellungsanlage\" class=\"wp-image-1692\" srcset=\"https:\/\/www.plasticgranularmachine.com\/wp-content\/uploads\/2025\/05\/egg-tray-manufacturing-plant.webp 720w, https:\/\/www.plasticgranularmachine.com\/wp-content\/uploads\/2025\/05\/egg-tray-manufacturing-plant-300x225.webp 300w, https:\/\/www.plasticgranularmachine.com\/wp-content\/uploads\/2025\/05\/egg-tray-manufacturing-plant-16x12.webp 16w\" sizes=\"auto, (max-width: 720px) 100vw, 720px\" \/><figcaption class=\"wp-element-caption\">Eierkartonherstellungsanlage<\/figcaption><\/figure> <\/div>   <h2 class=\"wp-block-heading\">Rohstoffe und Endprodukte von Eierkartonmaschinen<\/h2>    <p>Unsere Eierkarton-Produktion verwendet Altpapier und Pflanzenfasern, wie alte Zeitungen, Kartons, gebrauchte Eierkartons, Holzpulpe usw. als Rohmaterialien. Durch Pulpen, Formen, Trocknen und Verpacken werden atmungsaktive, biologisch abbaubare, umweltfreundliche Eierkartons hergestellt.<\/p>    <figure class=\"wp-block-gallery has-nested-images columns-default is-cropped wp-block-gallery-2 is-layout-flex wp-block-gallery-is-layout-flex\"> <figure class=\"wp-block-image size-large\"><img loading=\"lazy\" decoding=\"async\" width=\"720\" height=\"540\" data-id=\"1703\" src=\"https:\/\/www.plasticgranularmachine.com\/wp-content\/uploads\/2025\/05\/waste-paper-boxes.webp\" alt=\"Altpapierboxen\" class=\"wp-image-1703\" srcset=\"https:\/\/www.plasticgranularmachine.com\/wp-content\/uploads\/2025\/05\/waste-paper-boxes.webp 720w, https:\/\/www.plasticgranularmachine.com\/wp-content\/uploads\/2025\/05\/waste-paper-boxes-300x225.webp 300w, https:\/\/www.plasticgranularmachine.com\/wp-content\/uploads\/2025\/05\/waste-paper-boxes-16x12.webp 16w\" sizes=\"auto, (max-width: 720px) 100vw, 720px\" \/><figcaption class=\"wp-element-caption\">Altpapierboxen<\/figcaption><\/figure>    <figure class=\"wp-block-image size-large\"><img loading=\"lazy\" decoding=\"async\" width=\"720\" height=\"540\" data-id=\"1702\" src=\"https:\/\/www.plasticgranularmachine.com\/wp-content\/uploads\/2025\/05\/waste-nueswpapers.webp\" alt=\"Altpapier\" class=\"wp-image-1702\" srcset=\"https:\/\/www.plasticgranularmachine.com\/wp-content\/uploads\/2025\/05\/waste-nueswpapers.webp 720w, https:\/\/www.plasticgranularmachine.com\/wp-content\/uploads\/2025\/05\/waste-nueswpapers-300x225.webp 300w, https:\/\/www.plasticgranularmachine.com\/wp-content\/uploads\/2025\/05\/waste-nueswpapers-16x12.webp 16w\" sizes=\"auto, (max-width: 720px) 100vw, 720px\" \/><figcaption class=\"wp-element-caption\">Altpapier<\/figcaption><\/figure>    <figure class=\"wp-block-image size-large\"><img loading=\"lazy\" decoding=\"async\" width=\"720\" height=\"540\" data-id=\"1691\" src=\"https:\/\/www.plasticgranularmachine.com\/wp-content\/uploads\/2025\/05\/books.webp\" alt=\"B\u00fccher\" class=\"wp-image-1691\" srcset=\"https:\/\/www.plasticgranularmachine.com\/wp-content\/uploads\/2025\/05\/books.webp 720w, https:\/\/www.plasticgranularmachine.com\/wp-content\/uploads\/2025\/05\/books-300x225.webp 300w, https:\/\/www.plasticgranularmachine.com\/wp-content\/uploads\/2025\/05\/books-16x12.webp 16w\" sizes=\"auto, (max-width: 720px) 100vw, 720px\" \/><figcaption class=\"wp-element-caption\">B\u00fccher<\/figcaption><\/figure> <\/figure>    <p>Dar\u00fcber hinaus k\u00f6nnen wir durch den Wechsel der Form und die Anpassung des Produktionsprozesses hochwertige Papierschalen in verschiedenen Gr\u00f6\u00dfen, Formen und Farben herstellen, um unterschiedlichen Bed\u00fcrfnissen gerecht zu werden. Unsere Schalen werden h\u00e4ufig in der Lebensmittelverpackung, f\u00fcr Alltagsgegenst\u00e4nde, im Transport, in der elektronischen sto\u00dfsicheren Verpackung und so weiter verwendet.<\/p>   <div class=\"wp-block-image\"> <figure class=\"aligncenter size-full\"><img loading=\"lazy\" decoding=\"async\" width=\"720\" height=\"540\" src=\"https:\/\/www.plasticgranularmachine.com\/wp-content\/uploads\/2025\/05\/various-paper-trays.webp\" alt=\"verschiedene Papierschalen\" class=\"wp-image-1701\" srcset=\"https:\/\/www.plasticgranularmachine.com\/wp-content\/uploads\/2025\/05\/various-paper-trays.webp 720w, https:\/\/www.plasticgranularmachine.com\/wp-content\/uploads\/2025\/05\/various-paper-trays-300x225.webp 300w, https:\/\/www.plasticgranularmachine.com\/wp-content\/uploads\/2025\/05\/various-paper-trays-16x12.webp 16w\" sizes=\"auto, (max-width: 720px) 100vw, 720px\" \/><figcaption class=\"wp-element-caption\">verschiedene Papierschalen<\/figcaption><\/figure> <\/div>   <h2 class=\"wp-block-heading\">Kernmerkmale unserer Eierkartonproduktionslinie<\/h2>    <ul class=\"wp-block-list\"> <li>Rohstoffe zur Recycling von Altpapier sind weit verbreitet.<\/li>    <li>Fertige Eierkartons k\u00f6nnen in Leistung, Farbe, Dicke und Form angepasst werden.<\/li>    <li>Die biologisch abbaubaren Eierkartons entsprechen den Umweltstandards und sind atmungsaktiv.<\/li>    <li>Die Maschine bietet einen automatischen oder halbautomatischen Betrieb.<\/li>    <li>Verschiedene Trocknungsmethoden sind auf unterschiedliche Klimazonen abgestimmt.<\/li>    <li>Niedrige Produktionskosten bringen hohe Renditen mit Gewinnmargen von 150%-250%.<\/li>    <li>Wir bieten Produktionslinien mit Kapazit\u00e4ten von 1.000\u20137.000 St\u00fcck\/Stunde und unterst\u00fctzen den gesamten Planungsprozess, einschlie\u00dflich Installation und einer kostenlosen Garantie.<\/li> <\/ul>   <div class=\"wp-block-image\"> <figure class=\"aligncenter size-full\"><img loading=\"lazy\" decoding=\"async\" width=\"720\" height=\"540\" src=\"https:\/\/www.plasticgranularmachine.com\/wp-content\/uploads\/2025\/05\/egg-tray-production-line.webp\" alt=\"Eierkarton Produktionslinie\" class=\"wp-image-1694\" srcset=\"https:\/\/www.plasticgranularmachine.com\/wp-content\/uploads\/2025\/05\/egg-tray-production-line.webp 720w, https:\/\/www.plasticgranularmachine.com\/wp-content\/uploads\/2025\/05\/egg-tray-production-line-300x225.webp 300w, https:\/\/www.plasticgranularmachine.com\/wp-content\/uploads\/2025\/05\/egg-tray-production-line-16x12.webp 16w\" sizes=\"auto, (max-width: 720px) 100vw, 720px\" \/><figcaption class=\"wp-element-caption\">Eierkarton Produktionslinie<\/figcaption><\/figure> <\/div>   <h2 class=\"wp-block-heading\">Vollst\u00e4ndiger Eierkartonherstellungsprozess enth\u00fcllt<\/h2>   <div class=\"wp-block-image\"> <figure class=\"aligncenter size-full\"><img loading=\"lazy\" decoding=\"async\" width=\"700\" height=\"461\" src=\"https:\/\/www.plasticgranularmachine.com\/wp-content\/uploads\/2025\/05\/procedures-of-egg-tray-production-line.webp\" alt=\"Verfahren der Eierkartonproduktionslinie\" class=\"wp-image-1699\" srcset=\"https:\/\/www.plasticgranularmachine.com\/wp-content\/uploads\/2025\/05\/procedures-of-egg-tray-production-line.webp 700w, https:\/\/www.plasticgranularmachine.com\/wp-content\/uploads\/2025\/05\/procedures-of-egg-tray-production-line-300x198.webp 300w, https:\/\/www.plasticgranularmachine.com\/wp-content\/uploads\/2025\/05\/procedures-of-egg-tray-production-line-18x12.webp 18w\" sizes=\"auto, (max-width: 700px) 100vw, 700px\" \/><figcaption class=\"wp-element-caption\">Verfahren der Eierkartonproduktionslinie<\/figcaption><\/figure> <\/div>   <h3 class=\"wp-block-heading\">Papieraufbereitung<\/h3>    <ul class=\"wp-block-list\"> <li>Geben Sie Altpapier und Wasser in den hydraulischen Pulper, um das Papierbrei zu zerkleinern.<\/li>    <li>Dann werden Additive in den Pulpkonditionierungstank hinzugef\u00fcgt, um das Papierbrei zu modifizieren. R\u00fchren Sie kontinuierlich, um einen einheitlichen Papierbrei zu bilden.<\/li>    <li>Papierbreipumpen transportieren dann den Papierbrei zum Versorgungstank.<\/li>    <li>F\u00fcgen Sie Wasser hinzu, um den Papierbrei auf eine Konzentration von 3-5% zu verd\u00fcnnen.<\/li> <\/ul>   <div class=\"wp-block-image\"> <figure class=\"aligncenter size-full\"><img loading=\"lazy\" decoding=\"async\" width=\"720\" height=\"540\" src=\"https:\/\/www.plasticgranularmachine.com\/wp-content\/uploads\/2025\/05\/paper-pulping-machine.webp\" alt=\"Papieraufbereitungsmaschine\" class=\"wp-image-1698\" srcset=\"https:\/\/www.plasticgranularmachine.com\/wp-content\/uploads\/2025\/05\/paper-pulping-machine.webp 720w, https:\/\/www.plasticgranularmachine.com\/wp-content\/uploads\/2025\/05\/paper-pulping-machine-300x225.webp 300w, https:\/\/www.plasticgranularmachine.com\/wp-content\/uploads\/2025\/05\/paper-pulping-machine-16x12.webp 16w\" sizes=\"auto, (max-width: 720px) 100vw, 720px\" \/><figcaption class=\"wp-element-caption\">Papieraufbereitungsmaschine<\/figcaption><\/figure> <\/div>   <h3 class=\"wp-block-heading\">Eierkartonformung<\/h3>    <p class=\"translation-block\">Der Formprozess ist der wichtigste Schritt in der Eierkartonproduktionslinie. Wir bieten viele Modelle von <a href=\"https:\/\/www.plasticgranularmachine.com\/de\/product\/egg-tray-making-machine\/\" data-type=\"link\" data-id=\"https:\/\/www.plasticgranularmachine.com\/product\/egg-tray-making-machine\/\">Eierkartonformmaschinen<\/a> an, darunter einseitige, vierseitige und achtseitige Eierkartonformmaschinen mit Kapazit\u00e4ten von 1.000 bis 7.000 St\u00fcck pro Stunde.<\/p>    <ul class=\"wp-block-list\"> <li>Die Form der Eierkartonformmaschine adsorbiert Papierbrei unter der Wirkung einer Vakuumpumpe.<\/li>    <li>\u00dcbersch\u00fcssiges Wasser wird durch ein Edelstahlgewebe aus dem Papierbrei in ein R\u00fccklaufbecken abgeleitet, um wiederverwendet zu werden.<\/li>    <li>Nach der Vakuum-Entw\u00e4sserung wird der Eierkarton geformt.<\/li>    <li>Die Vakuummaschine hilft dann, die Eierkartons zu entformen und sie auf das F\u00f6rderband zu \u00fcbertragen.<\/li> <\/ul>   <div class=\"wp-block-image\"> <figure class=\"aligncenter size-full\"><img loading=\"lazy\" decoding=\"async\" width=\"720\" height=\"540\" src=\"https:\/\/www.plasticgranularmachine.com\/wp-content\/uploads\/2025\/05\/automatic-egg-tray-molding-machine.webp\" alt=\"Automatische Eierkartonformmaschine\" class=\"wp-image-1690\" srcset=\"https:\/\/www.plasticgranularmachine.com\/wp-content\/uploads\/2025\/05\/automatic-egg-tray-molding-machine.webp 720w, https:\/\/www.plasticgranularmachine.com\/wp-content\/uploads\/2025\/05\/automatic-egg-tray-molding-machine-300x225.webp 300w, https:\/\/www.plasticgranularmachine.com\/wp-content\/uploads\/2025\/05\/automatic-egg-tray-molding-machine-16x12.webp 16w\" sizes=\"auto, (max-width: 720px) 100vw, 720px\" \/><figcaption class=\"wp-element-caption\">Automatische Eierkartonformmaschine<\/figcaption><\/figure> <\/div>   <h3 class=\"wp-block-heading\">Trocknen<\/h3>    <p>Vorl\u00e4ufige geformte nasse Eierkartons m\u00fcssen getrocknet werden, um ihre Stabilit\u00e4t und Festigkeit zu erh\u00f6hen. W\u00e4hlen Sie die am besten geeignete Trocknungsmethode entsprechend dem lokalen Klima, dem Standort und anderen Bedingungen. Unsere Eierkarton-Produktionslinie unterst\u00fctzt Folgendes:<\/p>    <ul class=\"wp-block-list\"> <li>Manuelles Trocknen<\/li>    <li>Trockenschrankbacken<\/li>    <li>Mehrschichtige Metalltrocknung.<\/li>    <li>Bauingenieurwesen Trocknung.<\/li> <\/ul>    <figure class=\"wp-block-gallery has-nested-images columns-default is-cropped wp-block-gallery-3 is-layout-flex wp-block-gallery-is-layout-flex\"> <figure class=\"wp-block-image size-large\"><img loading=\"lazy\" decoding=\"async\" width=\"720\" height=\"540\" data-id=\"1697\" src=\"https:\/\/www.plasticgranularmachine.com\/wp-content\/uploads\/2025\/05\/Multi-layer-metal-dryers.webp\" alt=\"Mehrschichtige Metalltrockner\" class=\"wp-image-1697\" srcset=\"https:\/\/www.plasticgranularmachine.com\/wp-content\/uploads\/2025\/05\/Multi-layer-metal-dryers.webp 720w, https:\/\/www.plasticgranularmachine.com\/wp-content\/uploads\/2025\/05\/Multi-layer-metal-dryers-300x225.webp 300w, https:\/\/www.plasticgranularmachine.com\/wp-content\/uploads\/2025\/05\/Multi-layer-metal-dryers-16x12.webp 16w\" sizes=\"auto, (max-width: 720px) 100vw, 720px\" \/><figcaption class=\"wp-element-caption\">Mehrschichtige Metalltrockner<\/figcaption><\/figure>    <figure class=\"wp-block-image size-large\"><img loading=\"lazy\" decoding=\"async\" width=\"720\" height=\"540\" data-id=\"1696\" src=\"https:\/\/www.plasticgranularmachine.com\/wp-content\/uploads\/2025\/05\/mesh-belt-dryer.webp\" alt=\"Gitterbandtrockner\" class=\"wp-image-1696\" srcset=\"https:\/\/www.plasticgranularmachine.com\/wp-content\/uploads\/2025\/05\/mesh-belt-dryer.webp 720w, https:\/\/www.plasticgranularmachine.com\/wp-content\/uploads\/2025\/05\/mesh-belt-dryer-300x225.webp 300w, https:\/\/www.plasticgranularmachine.com\/wp-content\/uploads\/2025\/05\/mesh-belt-dryer-16x12.webp 16w\" sizes=\"auto, (max-width: 720px) 100vw, 720px\" \/><figcaption class=\"wp-element-caption\">Gitterbandtrockner<\/figcaption><\/figure> <\/figure>    <h3 class=\"wp-block-heading\">Hei\u00dfpressen &amp; Verpacken:<\/h3>    <ul class=\"wp-block-list\"> <li>Die Hei\u00dfpressformmaschine presst die Eierkartons bei hoher Temperatur, um ihre Festigkeit und ihr Aussehen zu verbessern.<\/li>    <li>Die Stapelmaschine stapelt die hei\u00df gepressten Eierkartons ordentlich gem\u00e4\u00df den Daten und verbessert die Z\u00e4hl- und Verpackungseffizienz.<\/li>    <li>Die Ballenpresse f\u00e4ngt die Eierkartons ein und verpackt sie f\u00fcr einen einfachen Transport und Lagerung.<\/li> <\/ul>    <figure class=\"wp-block-gallery has-nested-images columns-default is-cropped wp-block-gallery-4 is-layout-flex wp-block-gallery-is-layout-flex\"> <figure class=\"wp-block-image size-large\"><img loading=\"lazy\" decoding=\"async\" width=\"720\" height=\"540\" data-id=\"1695\" src=\"https:\/\/www.plasticgranularmachine.com\/wp-content\/uploads\/2025\/05\/hot-press-machine.webp\" alt=\"Hei\u00dfpressmaschine\" class=\"wp-image-1695\" srcset=\"https:\/\/www.plasticgranularmachine.com\/wp-content\/uploads\/2025\/05\/hot-press-machine.webp 720w, https:\/\/www.plasticgranularmachine.com\/wp-content\/uploads\/2025\/05\/hot-press-machine-300x225.webp 300w, https:\/\/www.plasticgranularmachine.com\/wp-content\/uploads\/2025\/05\/hot-press-machine-16x12.webp 16w\" sizes=\"auto, (max-width: 720px) 100vw, 720px\" \/><figcaption class=\"wp-element-caption\">Hei\u00dfpressmaschine<\/figcaption><\/figure>    <figure class=\"wp-block-image size-large\"><img loading=\"lazy\" decoding=\"async\" width=\"720\" height=\"540\" data-id=\"1693\" src=\"https:\/\/www.plasticgranularmachine.com\/wp-content\/uploads\/2025\/05\/egg-tray-packing-machine.webp\" alt=\"Eierkartonverpackungsmaschine\" class=\"wp-image-1693\" srcset=\"https:\/\/www.plasticgranularmachine.com\/wp-content\/uploads\/2025\/05\/egg-tray-packing-machine.webp 720w, https:\/\/www.plasticgranularmachine.com\/wp-content\/uploads\/2025\/05\/egg-tray-packing-machine-300x225.webp 300w, https:\/\/www.plasticgranularmachine.com\/wp-content\/uploads\/2025\/05\/egg-tray-packing-machine-16x12.webp 16w\" sizes=\"auto, (max-width: 720px) 100vw, 720px\" \/><figcaption class=\"wp-element-caption\">Eierkartonverpackungsmaschine<\/figcaption><\/figure> <\/figure>    <h2 class=\"wp-block-heading\">W\u00e4hlen Sie uns f\u00fcr eine hochrentable Eierkarton-Fertigungsanlage<\/h2>    <p>Unsere Eierkarton-Produktionslinie, die eine geringe Investition erfordert, aber eine hohe Rendite bietet, wurde in viele L\u00e4nder verkauft, darunter Saudi-Arabien, Niger, Mali, Spanien, die Schweiz usw. und wurde gut angenommen.<\/p>    <p>Wenn Sie an unseren Produkten interessiert sind, kontaktieren Sie uns bitte f\u00fcr ma\u00dfgeschneiderte L\u00f6sungen!<\/p>    <figure class=\"wp-block-gallery has-nested-images columns-default is-cropped wp-block-gallery-5 is-layout-flex wp-block-gallery-is-layout-flex\"> <figure class=\"wp-block-image size-large\"><img loading=\"lazy\" decoding=\"async\" width=\"720\" height=\"540\" data-id=\"1700\" src=\"https:\/\/www.plasticgranularmachine.com\/wp-content\/uploads\/2025\/05\/Spain-client-visits-egg-tray-machine.webp\" alt=\"Spanischer Kunde besucht die Eierkartonmaschine\" class=\"wp-image-1700\" srcset=\"https:\/\/www.plasticgranularmachine.com\/wp-content\/uploads\/2025\/05\/Spain-client-visits-egg-tray-machine.webp 720w, https:\/\/www.plasticgranularmachine.com\/wp-content\/uploads\/2025\/05\/Spain-client-visits-egg-tray-machine-300x225.webp 300w, https:\/\/www.plasticgranularmachine.com\/wp-content\/uploads\/2025\/05\/Spain-client-visits-egg-tray-machine-16x12.webp 16w\" sizes=\"auto, (max-width: 720px) 100vw, 720px\" \/><figcaption class=\"wp-element-caption\">Spanischer Kunde besucht die Eierkartonmaschine<\/figcaption><\/figure>    <figure class=\"wp-block-image size-large\"><img loading=\"lazy\" decoding=\"async\" width=\"720\" height=\"540\" data-id=\"1689\" src=\"https:\/\/www.plasticgranularmachine.com\/wp-content\/uploads\/2025\/05\/African-customer-visits-the-factory.webp\" alt=\"Afrikanischer Kunde besucht die Fabrik\" class=\"wp-image-1689\" srcset=\"https:\/\/www.plasticgranularmachine.com\/wp-content\/uploads\/2025\/05\/African-customer-visits-the-factory.webp 720w, https:\/\/www.plasticgranularmachine.com\/wp-content\/uploads\/2025\/05\/African-customer-visits-the-factory-300x225.webp 300w, https:\/\/www.plasticgranularmachine.com\/wp-content\/uploads\/2025\/05\/African-customer-visits-the-factory-16x12.webp 16w\" sizes=\"auto, (max-width: 720px) 100vw, 720px\" \/><figcaption class=\"wp-element-caption\">Afrikanischer Kunde besucht die Fabrik<\/figcaption><\/figure> <\/figure>","protected":false},"excerpt":{"rendered":"<p>Our paper pulp egg tray production line has a capacity of 1,000 to 7,000 pieces per hour. It can efficiently convert waste paper into various paper tray products, such as egg trays, apple trays, shoe trays, coffee cup trays, etc. These products are widely used in many fields, including food, agriculture, and daily necessities. Using [&hellip;]<\/p>\n","protected":false},"author":1,"featured_media":1692,"parent":0,"template":"","tags":[],"product-type":[10],"class_list":["post-1688","product","type-product","status-publish","has-post-thumbnail","hentry","product-type-solutions"],"_links":{"self":[{"href":"https:\/\/www.plasticgranularmachine.com\/de\/wp-json\/wp\/v2\/product\/1688","targetHints":{"allow":["GET"]}}],"collection":[{"href":"https:\/\/www.plasticgranularmachine.com\/de\/wp-json\/wp\/v2\/product"}],"about":[{"href":"https:\/\/www.plasticgranularmachine.com\/de\/wp-json\/wp\/v2\/types\/product"}],"author":[{"embeddable":true,"href":"https:\/\/www.plasticgranularmachine.com\/de\/wp-json\/wp\/v2\/users\/1"}],"wp:featuredmedia":[{"embeddable":true,"href":"https:\/\/www.plasticgranularmachine.com\/de\/wp-json\/wp\/v2\/media\/1692"}],"wp:attachment":[{"href":"https:\/\/www.plasticgranularmachine.com\/de\/wp-json\/wp\/v2\/media?parent=1688"}],"wp:term":[{"taxonomy":"post_tag","embeddable":true,"href":"https:\/\/www.plasticgranularmachine.com\/de\/wp-json\/wp\/v2\/tags?post=1688"},{"taxonomy":"product-type","embeddable":true,"href":"https:\/\/www.plasticgranularmachine.com\/de\/wp-json\/wp\/v2\/product-type?post=1688"}],"curies":[{"name":"wp","href":"https:\/\/api.w.org\/{rel}","templated":true}]}}