{"id":1706,"date":"2025-06-09T16:13:01","date_gmt":"2025-06-09T08:13:01","guid":{"rendered":"https:\/\/www.plasticgranularmachine.com\/?post_type=product&#038;p=1706"},"modified":"2025-07-23T10:37:32","modified_gmt":"2025-07-23T02:37:32","slug":"fabric-waste-cutting-machine","status":"publish","type":"product","link":"https:\/\/www.plasticgranularmachine.com\/de\/product\/fabric-waste-cutting-machine\/","title":{"rendered":"Stoffabfall-Schneidemaschine f\u00fcr die Recyclingnutzung in Faserfabriken"},"content":{"rendered":"<p>Unsere Stoffabfall-Schneidemaschine ist ideal f\u00fcr das Recycling von Textilmaterialien wie Baumwollresten, Polyesterfasern, alten Kleidern usw. Mit einer Kapazit\u00e4t von 300\u20135000 kg\/h schneidet sie Abf\u00e4lle effizient f\u00fcr eine weitere Faserrecycling. Dank ihres robusten Designs und der sauberen Ausgabe wird sie in Textilfabriken und Faseranlagen in Mexiko, Marokko, Sri Lanka und anderen L\u00e4ndern weit verbreitet eingesetzt.<\/p>   <div class=\"wp-block-image\"> <figure class=\"aligncenter size-full\"><img loading=\"lazy\" decoding=\"async\" width=\"720\" height=\"540\" src=\"https:\/\/www.plasticgranularmachine.com\/wp-content\/uploads\/2025\/06\/facbric-waste-cutting-machine1.webp\" alt=\"Stoffabfall-Schneidemaschine\" class=\"wp-image-1717\" srcset=\"https:\/\/www.plasticgranularmachine.com\/wp-content\/uploads\/2025\/06\/facbric-waste-cutting-machine1.webp 720w, https:\/\/www.plasticgranularmachine.com\/wp-content\/uploads\/2025\/06\/facbric-waste-cutting-machine1-300x225.webp 300w, https:\/\/www.plasticgranularmachine.com\/wp-content\/uploads\/2025\/06\/facbric-waste-cutting-machine1-16x12.webp 16w\" sizes=\"auto, (max-width: 720px) 100vw, 720px\" \/><figcaption class=\"wp-element-caption\">Stoffabfall-Schneidemaschine<\/figcaption><\/figure> <\/div>   <h2 class=\"wp-block-heading\">Funktion der Faserstoffabfall-Schneidemaschine<\/h2>    <h3 class=\"wp-block-heading\">Anwendungsbereich<\/h3>    <p>Die Textilfaser-Schneidemaschine wird in den folgenden Branchen h\u00e4ufig eingesetzt:<\/p>    <ul class=\"wp-block-list\"> <li><strong>Textilfabriken<\/strong>Schneiden von Reststoffen, Garnabf\u00e4llen und Randbeschnitten.<\/li>    <li><strong>Bekleidungsfabriken<\/strong>Verarbeitung von Baumwollresten und alten Kleidungsst\u00fccken zur Wiederverwertung.<\/li>    <li><strong>Faserrecyclinganlagen<\/strong>Vorbereitung von Textilabf\u00e4llen zum \u00d6ffnen, Pelletieren oder Neuspinnen.<\/li>    <li><strong>Vliesstoffverarbeiter<\/strong>: Zerkleinern von weichen Faserbl\u00e4ttern und Vliesrollen.<\/li>    <li><strong>Second-Hand-Kleidungsrecycler<\/strong>: Gebrauchte Kleidung in gleichm\u00e4\u00dfige Faserst\u00fccke schneiden.<\/li> <\/ul>    <p>Diese Textilabfall-Schneidemaschine ist ideal f\u00fcr die Verarbeitung gro\u00dfer Mengen an Baumwolle, Polyester und anderen weichen Textilabf\u00e4llen.<\/p>    <figure class=\"wp-block-gallery has-nested-images columns-default is-cropped wp-block-gallery-2 is-layout-flex wp-block-gallery-is-layout-flex\"> <figure class=\"wp-block-image size-large\"><img loading=\"lazy\" decoding=\"async\" width=\"720\" height=\"540\" data-id=\"1716\" src=\"https:\/\/www.plasticgranularmachine.com\/wp-content\/uploads\/2025\/06\/waste-textile.webp\" alt=\"Textilabf\u00e4lle\" class=\"wp-image-1716\" srcset=\"https:\/\/www.plasticgranularmachine.com\/wp-content\/uploads\/2025\/06\/waste-textile.webp 720w, https:\/\/www.plasticgranularmachine.com\/wp-content\/uploads\/2025\/06\/waste-textile-300x225.webp 300w, https:\/\/www.plasticgranularmachine.com\/wp-content\/uploads\/2025\/06\/waste-textile-16x12.webp 16w\" sizes=\"auto, (max-width: 720px) 100vw, 720px\" \/><figcaption class=\"wp-element-caption\">Textilabf\u00e4lle<\/figcaption><\/figure>    <figure class=\"wp-block-image size-large\"><img loading=\"lazy\" decoding=\"async\" width=\"721\" height=\"541\" data-id=\"1709\" src=\"https:\/\/www.plasticgranularmachine.com\/wp-content\/uploads\/2025\/06\/cotton-waste.webp\" alt=\"Baumwollabf\u00e4lle\" class=\"wp-image-1709\" srcset=\"https:\/\/www.plasticgranularmachine.com\/wp-content\/uploads\/2025\/06\/cotton-waste.webp 721w, https:\/\/www.plasticgranularmachine.com\/wp-content\/uploads\/2025\/06\/cotton-waste-300x225.webp 300w, https:\/\/www.plasticgranularmachine.com\/wp-content\/uploads\/2025\/06\/cotton-waste-16x12.webp 16w\" sizes=\"auto, (max-width: 721px) 100vw, 721px\" \/><figcaption class=\"wp-element-caption\">Baumwollabf\u00e4lle<\/figcaption><\/figure>    <figure class=\"wp-block-image size-large\"><img loading=\"lazy\" decoding=\"async\" width=\"720\" height=\"540\" data-id=\"1713\" src=\"https:\/\/www.plasticgranularmachine.com\/wp-content\/uploads\/2025\/06\/fiber.webp\" alt=\"Faser\" class=\"wp-image-1713\" srcset=\"https:\/\/www.plasticgranularmachine.com\/wp-content\/uploads\/2025\/06\/fiber.webp 720w, https:\/\/www.plasticgranularmachine.com\/wp-content\/uploads\/2025\/06\/fiber-300x225.webp 300w, https:\/\/www.plasticgranularmachine.com\/wp-content\/uploads\/2025\/06\/fiber-16x12.webp 16w\" sizes=\"auto, (max-width: 720px) 100vw, 720px\" \/><figcaption class=\"wp-element-caption\">Faser<\/figcaption><\/figure> <\/figure>    <h3 class=\"wp-block-heading\">Endprodukte<\/h3>    <p>Die Faser-Ausgangsgr\u00f6\u00dfe kann von 5 bis 300 mm eingestellt werden und bietet folgende Merkmale:<\/p>    <ul class=\"wp-block-list\"> <li>Die L\u00e4nge ist einheitlich und verstellbar.<\/li>    <li>Nicht leicht verheddert, sehr flauschig und leicht zu \u00f6ffnen.<\/li>    <li>Die Kanten sind sauber und staubfrei ohne Brandflecken.<\/li>    <li>Kann direkt in eine Faser\u00f6ffnungsmaschine oder andere nachfolgende Ger\u00e4te zur Verarbeitung eingespeist werden.<\/li>    <li>Hat breite Anwendungen in W\u00e4rmed\u00e4mmmaterialien, Polsterungen, erneuerbaren Fasern und mehr.<\/li> <\/ul>    <figure class=\"wp-block-gallery has-nested-images columns-default is-cropped wp-block-gallery-3 is-layout-flex wp-block-gallery-is-layout-flex\"> <figure class=\"wp-block-image size-large\"><img loading=\"lazy\" decoding=\"async\" width=\"722\" height=\"578\" data-id=\"1715\" src=\"https:\/\/www.plasticgranularmachine.com\/wp-content\/uploads\/2025\/06\/uniform-end-products-of-textile-cutter.webp\" alt=\"einheitliche Endprodukte des Textilschneiders\" class=\"wp-image-1715\" srcset=\"https:\/\/www.plasticgranularmachine.com\/wp-content\/uploads\/2025\/06\/uniform-end-products-of-textile-cutter.webp 722w, https:\/\/www.plasticgranularmachine.com\/wp-content\/uploads\/2025\/06\/uniform-end-products-of-textile-cutter-300x240.webp 300w, https:\/\/www.plasticgranularmachine.com\/wp-content\/uploads\/2025\/06\/uniform-end-products-of-textile-cutter-15x12.webp 15w\" sizes=\"auto, (max-width: 722px) 100vw, 722px\" \/><figcaption class=\"wp-element-caption\">einheitliche Endprodukte des Textilschneiders<\/figcaption><\/figure>    <figure class=\"wp-block-image size-large\"><img loading=\"lazy\" decoding=\"async\" width=\"720\" height=\"540\" data-id=\"1714\" src=\"https:\/\/www.plasticgranularmachine.com\/wp-content\/uploads\/2025\/06\/output-of-the-fabric-cutter.webp\" alt=\"Ausgabe des Stoffschneiders\" class=\"wp-image-1714\" srcset=\"https:\/\/www.plasticgranularmachine.com\/wp-content\/uploads\/2025\/06\/output-of-the-fabric-cutter.webp 720w, https:\/\/www.plasticgranularmachine.com\/wp-content\/uploads\/2025\/06\/output-of-the-fabric-cutter-300x225.webp 300w, https:\/\/www.plasticgranularmachine.com\/wp-content\/uploads\/2025\/06\/output-of-the-fabric-cutter-16x12.webp 16w\" sizes=\"auto, (max-width: 720px) 100vw, 720px\" \/><figcaption class=\"wp-element-caption\">Ausgabe des Stoffschneiders<\/figcaption><\/figure> <\/figure>    <h2 class=\"wp-block-heading\">Hauptmerkmale der automatischen Stoffschneidemaschine<\/h2>    <ul class=\"wp-block-list\"> <li><strong>Vielseitige Anwendung<\/strong> \u2013 Geeignet f\u00fcr verschiedene Faserstoffe; kompatibel mit unterschiedlichen Textilrecyclinglinien.<\/li>    <li><strong>Langlebige Klingen<\/strong> \u2013 Ausgestattet mit hochwertigen Werkzeugstahlklingen f\u00fcr hervorragende H\u00e4rte und Verschlei\u00dffestigkeit.<\/li>    <li><strong>Hohe Schneideeffizienz<\/strong> \u2013 Verwendet ein fortschrittliches schr\u00e4ges Drehmoment-Hobeldesign; Kapazit\u00e4t bis zu 5000 kg\/h.<\/li>    <li><strong>Sicherheitsschutz<\/strong> \u2013 Eingebautes \u00dcberlast- und W\u00e4rmeschutzsystem zur Vermeidung von Verstopfungen oder Materialverwicklungen.<\/li>    <li><strong>Einfache Wartung<\/strong> \u2013 Modulare Klingenstruktur f\u00fcr schnellen Austausch und reduzierte Ausfallzeiten.<\/li> <\/ul>    <figure class=\"wp-block-gallery has-nested-images columns-default is-cropped wp-block-gallery-4 is-layout-flex wp-block-gallery-is-layout-flex\"> <figure class=\"wp-block-image size-large\"><img loading=\"lazy\" decoding=\"async\" width=\"721\" height=\"540\" data-id=\"1708\" src=\"https:\/\/www.plasticgranularmachine.com\/wp-content\/uploads\/2025\/06\/baldes-of-the-fabric-waste-cutting-machine.webp\" alt=\"Klingen der Stoffabfall-Schneidemaschine\" class=\"wp-image-1708\" srcset=\"https:\/\/www.plasticgranularmachine.com\/wp-content\/uploads\/2025\/06\/baldes-of-the-fabric-waste-cutting-machine.webp 721w, https:\/\/www.plasticgranularmachine.com\/wp-content\/uploads\/2025\/06\/baldes-of-the-fabric-waste-cutting-machine-300x225.webp 300w, https:\/\/www.plasticgranularmachine.com\/wp-content\/uploads\/2025\/06\/baldes-of-the-fabric-waste-cutting-machine-16x12.webp 16w\" sizes=\"auto, (max-width: 721px) 100vw, 721px\" \/><figcaption class=\"wp-element-caption\">Klingen der Stoffabfall-Schneidemaschine<\/figcaption><\/figure>    <figure class=\"wp-block-image size-large\"><img loading=\"lazy\" decoding=\"async\" width=\"720\" height=\"540\" data-id=\"1707\" src=\"https:\/\/www.plasticgranularmachine.com\/wp-content\/uploads\/2025\/06\/auto-fabric-cutting-machine-blades.webp\" alt=\"Klingen der automatischen Stoffschneidemaschine\" class=\"wp-image-1707\" srcset=\"https:\/\/www.plasticgranularmachine.com\/wp-content\/uploads\/2025\/06\/auto-fabric-cutting-machine-blades.webp 720w, https:\/\/www.plasticgranularmachine.com\/wp-content\/uploads\/2025\/06\/auto-fabric-cutting-machine-blades-300x225.webp 300w, https:\/\/www.plasticgranularmachine.com\/wp-content\/uploads\/2025\/06\/auto-fabric-cutting-machine-blades-16x12.webp 16w\" sizes=\"auto, (max-width: 720px) 100vw, 720px\" \/><figcaption class=\"wp-element-caption\">Klingen der automatischen Stoffschneidemaschine<\/figcaption><\/figure> <\/figure>    <h2 class=\"wp-block-heading\">Parameter der zu verkaufenden Textilschneidemaschine<\/h2>    <p>Die folgenden sind einige Spezifikationen von hei\u00df verkauften Stoffabfall-Schneidemaschinen. Wir k\u00f6nnen auch ma\u00dfgeschneiderte Textilschneider basierend auf Ihren Produktionsbed\u00fcrfnissen anbieten.<\/p>    <figure class=\"wp-block-table\"><table><tbody><tr><td>Modell<\/td><td>500B<\/td><td>800C<\/td><td>1200B<\/td><td>1600B<\/td><td>2400B<\/td><\/tr><tr><td>Kapazit\u00e4t (kg\/h)<\/td><td>300-500<\/td><td>500-800<\/td><td>800-1200<\/td><td>1000-3000<\/td><td>2000-5000<\/td><\/tr><tr><td>Motorleistung (KW)<\/td><td>5.5+1.5<\/td><td>7.5 + 1.5<\/td><td>15 + 2.2<\/td><td>18.5 + 3.0<\/td><td>22 + 3.0<\/td><\/tr><tr><td>Schnittl\u00e4nge (mm)<\/td><td>5-150<\/td><td>5-150<\/td><td>5-150<\/td><td>5-300<\/td><td>10-300<\/td><\/tr><tr><td>Schnittdicke (mm)<\/td><td>20<\/td><td>30-50<\/td><td>30-50<\/td><td>30-150<\/td><td>30-200<\/td><\/tr><tr><td>Eingangs-\/Ausgangsgurtgr\u00f6\u00dfe (mm)<\/td><td>2800*350<\/td><td>2800*350<\/td><td>3000*520<\/td><td>3000*720<\/td><td>3000*1100<\/td><\/tr><tr><td>Abmessungen (mm)<\/td><td>3200*1000*1200<\/td><td>3200*1000*1200<\/td><td>7000*1500*1500<\/td><td>7000*1800*1950<\/td><td>5800*2200*1950<\/td><\/tr><\/tbody><\/table><\/figure>    <h2 class=\"wp-block-heading\">Funktionsprinzip der Stofffaser-Schneidemaschine<\/h2>    <ol class=\"wp-block-list\"> <li><strong>F\u00fcttern<\/strong>:<br>Textilabf\u00e4lle werden \u00fcber ein F\u00f6rderband in den Einlass gef\u00fcllt.<\/li>    <li><strong>Rotationsschneiden<\/strong>:<br>Rotationsklingen arbeiten gegen feste Klingen im Inneren der Kammer, um Faserstoffe in kurze St\u00fccke zu schneiden.<\/li>    <li><strong>Entladung<\/strong>:<br>Geschnittene Stoffst\u00fccke werden \u00fcber einen Ausgang f\u00fcr die weitere Verarbeitung abgegeben.<\/li>    <li><strong>Einstellbare Einstellungen<\/strong>:<br>Geschwindigkeit, Klingenabstand und Ausgabel\u00e4nge k\u00f6nnen f\u00fcr verschiedene Materialien und Verarbeitungsziele angepasst werden.<\/li> <\/ol>    <p>Das Design des schr\u00e4gen Rotationsschneiders sorgt f\u00fcr kontinuierliches Schneiden ohne Verstopfung.<\/p>    <h2 class=\"wp-block-heading\">Erhalten Sie Ihre ma\u00dfgeschneiderte Faserrecycling-L\u00f6sung<\/h2>    <p>Suchen Sie nach einer effizienten M\u00f6glichkeit, Textilabf\u00e4lle zu verarbeiten? Unsere Stoffabfall-Schneidemaschinen werden von Recyclinganlagen in verschiedenen L\u00e4ndern vertraut. Kontaktieren Sie uns noch heute f\u00fcr ein Angebot und eine kostenlose Schneidl\u00f6sung!<\/p>    <figure class=\"wp-block-gallery aligncenter has-nested-images columns-default is-cropped wp-block-gallery-5 is-layout-flex wp-block-gallery-is-layout-flex\"> <figure class=\"wp-block-image size-large\"><img loading=\"lazy\" decoding=\"async\" width=\"720\" height=\"540\" data-id=\"1712\" src=\"https:\/\/www.plasticgranularmachine.com\/wp-content\/uploads\/2025\/06\/fiber-cutting-machine.webp\" alt=\"Faserschneidemaschine\" class=\"wp-image-1712\" srcset=\"https:\/\/www.plasticgranularmachine.com\/wp-content\/uploads\/2025\/06\/fiber-cutting-machine.webp 720w, https:\/\/www.plasticgranularmachine.com\/wp-content\/uploads\/2025\/06\/fiber-cutting-machine-300x225.webp 300w, https:\/\/www.plasticgranularmachine.com\/wp-content\/uploads\/2025\/06\/fiber-cutting-machine-16x12.webp 16w\" sizes=\"auto, (max-width: 720px) 100vw, 720px\" \/><figcaption class=\"wp-element-caption\">Faserschneidemaschine<\/figcaption><\/figure>    <figure class=\"wp-block-image size-large\"><img loading=\"lazy\" decoding=\"async\" width=\"719\" height=\"540\" data-id=\"1711\" src=\"https:\/\/www.plasticgranularmachine.com\/wp-content\/uploads\/2025\/06\/fabric-waste-cutting-machine.webp\" alt=\"Stoffabfall-Schneidemaschine\" class=\"wp-image-1711\" srcset=\"https:\/\/www.plasticgranularmachine.com\/wp-content\/uploads\/2025\/06\/fabric-waste-cutting-machine.webp 719w, https:\/\/www.plasticgranularmachine.com\/wp-content\/uploads\/2025\/06\/fabric-waste-cutting-machine-300x225.webp 300w, https:\/\/www.plasticgranularmachine.com\/wp-content\/uploads\/2025\/06\/fabric-waste-cutting-machine-16x12.webp 16w\" sizes=\"auto, (max-width: 719px) 100vw, 719px\" \/><figcaption class=\"wp-element-caption\">Stoffabfall-Schneidemaschine<\/figcaption><\/figure> <\/figure>    <h2 class=\"wp-block-heading\">H\u00e4ufig gestellte Fragen zur Stoffabfall-Schneidemaschine<\/h2>    <p>Wenn Sie noch weitere Fragen haben, z\u00f6gern Sie bitte nicht, uns zu kontaktieren. Wir sind hier, um zu helfen!<\/p>   <div id=\"rank-math-faq\" class=\"rank-math-block\"> <div class=\"rank-math-list\"> <div id=\"faq-question-1749109529835\" class=\"rank-math-list-item\"> <h3 class=\"rank-math-question\">Kann es dicke Materialien wie Leder\u00fcberz\u00fcge verarbeiten?<\/h3> <div class=\"rank-math-answer\">  <p>Unterst\u00fctzt ultra-dicke Schichten von 20-200 mm<\/p>  <\/div> <\/div> <div id=\"faq-question-1749109698218\" class=\"rank-math-list-item\"> <h3 class=\"rank-math-question\">Kann die Schnittgr\u00f6\u00dfe angepasst werden?<\/h3> <div class=\"rank-math-answer\">  <p>Ja. Wir bieten ma\u00dfgeschneiderte Einstellungen von 5 mm bis 300 mm Ausgabel\u00e4nge an.<\/p>  <\/div> <\/div> <div id=\"faq-question-1749109829710\" class=\"rank-math-list-item\"> <h3 class=\"rank-math-question\">Ist die Maschine f\u00fcr die Bediener sicher?<\/h3> <div class=\"rank-math-answer\">  <p>Ja. Die Maschine verf\u00fcgt \u00fcber Sicherheitsabdeckungen, einen Notstopp und Schutzsensoren.<\/p>  <\/div> <\/div> <div id=\"faq-question-1749110001487\" class=\"rank-math-list-item\"> <h3 class=\"rank-math-question\">Wie wartet man die Faser-Schneidemaschine?<\/h3> <div class=\"rank-math-answer\">  <p>Reinigen Sie regelm\u00e4\u00dfig die Faserstaub, schmieren Sie die Lager und \u00fcberpr\u00fcfen Sie die Sch\u00e4rfe der Klingen alle 300 Stunden.<\/p>  <\/div> <\/div> <div id=\"faq-question-1749110074056\" class=\"rank-math-list-item\"> <h3 class=\"rank-math-question\">Bieten Sie Installations- oder Betriebshilfe an?<\/h3> <div class=\"rank-math-answer\">  <p>Ja. Wir bieten vor Ort Installation, technische Anleitung, Ersatzteilversorgung usw. an.<\/p>  <\/div> <\/div> <\/div> <\/div>","protected":false},"excerpt":{"rendered":"<p>Our fabric waste cutting machine is ideal for recycling textile materials like cotton scraps, polyester fibers, old clothes, etc. With a capacity of 300\u20135000 kg\/h, it efficiently cuts waste for further fiber recycling. Thanks to its durable design and clean output, it\u2019s widely used in textile mills and fiber plants across Mexico, Morocco, Sri Lanka, [&hellip;]<\/p>\n","protected":false},"author":1,"featured_media":1710,"parent":0,"template":"","tags":[],"product-type":[77],"class_list":["post-1706","product","type-product","status-publish","has-post-thumbnail","hentry","product-type-fiber-recycling-machine"],"_links":{"self":[{"href":"https:\/\/www.plasticgranularmachine.com\/de\/wp-json\/wp\/v2\/product\/1706","targetHints":{"allow":["GET"]}}],"collection":[{"href":"https:\/\/www.plasticgranularmachine.com\/de\/wp-json\/wp\/v2\/product"}],"about":[{"href":"https:\/\/www.plasticgranularmachine.com\/de\/wp-json\/wp\/v2\/types\/product"}],"author":[{"embeddable":true,"href":"https:\/\/www.plasticgranularmachine.com\/de\/wp-json\/wp\/v2\/users\/1"}],"wp:featuredmedia":[{"embeddable":true,"href":"https:\/\/www.plasticgranularmachine.com\/de\/wp-json\/wp\/v2\/media\/1710"}],"wp:attachment":[{"href":"https:\/\/www.plasticgranularmachine.com\/de\/wp-json\/wp\/v2\/media?parent=1706"}],"wp:term":[{"taxonomy":"post_tag","embeddable":true,"href":"https:\/\/www.plasticgranularmachine.com\/de\/wp-json\/wp\/v2\/tags?post=1706"},{"taxonomy":"product-type","embeddable":true,"href":"https:\/\/www.plasticgranularmachine.com\/de\/wp-json\/wp\/v2\/product-type?post=1706"}],"curies":[{"name":"wp","href":"https:\/\/api.w.org\/{rel}","templated":true}]}}