{"id":1722,"date":"2025-06-16T14:20:26","date_gmt":"2025-06-16T06:20:26","guid":{"rendered":"https:\/\/www.plasticgranularmachine.com\/?post_type=product&#038;p=1722"},"modified":"2025-07-23T10:35:52","modified_gmt":"2025-07-23T02:35:52","slug":"hydraulic-metal-baler","status":"publish","type":"product","link":"https:\/\/www.plasticgranularmachine.com\/de\/product\/hydraulic-metal-baler\/","title":{"rendered":"Hydraulische Metallpresse f\u00fcr effizientes Schrottrecycling"},"content":{"rendered":"<p>Suchen Sie nach einer effizienten L\u00f6sung, um Ihr Metallschrott zu komprimieren und Lager- sowie Transportkosten zu senken? Unser hydraulischer Metallpressen ist Ihre ideale Wahl \u2013 leistungsstark, anpassbar und langlebig.<\/p>   <div class=\"wp-block-image\"> <figure class=\"aligncenter size-full\"><img loading=\"lazy\" decoding=\"async\" width=\"720\" height=\"540\" src=\"https:\/\/www.plasticgranularmachine.com\/wp-content\/uploads\/2025\/06\/hydraulic-metal-baler.webp\" alt=\"hydraulische Metallpresse\" class=\"wp-image-1725\" srcset=\"https:\/\/www.plasticgranularmachine.com\/wp-content\/uploads\/2025\/06\/hydraulic-metal-baler.webp 720w, https:\/\/www.plasticgranularmachine.com\/wp-content\/uploads\/2025\/06\/hydraulic-metal-baler-300x225.webp 300w, https:\/\/www.plasticgranularmachine.com\/wp-content\/uploads\/2025\/06\/hydraulic-metal-baler-16x12.webp 16w\" sizes=\"auto, (max-width: 720px) 100vw, 720px\" \/><figcaption class=\"wp-element-caption\">hydraulische Metallpresse<\/figcaption><\/figure> <\/div>   <h2 class=\"wp-block-heading\">Was ist eine hydraulische Metallpresse?<\/h2>    <p>Eine hydraulische Metallpresse ist eine spezialisierte Recyclingmaschine, die entwickelt wurde, um verschiedene Metallschrottsorten in kompakte, dichte Ballen zu pressen. Angetrieben durch hydraulischen Druck gew\u00e4hrleistet dieses Ger\u00e4t einen hocheffizienten Betrieb in Schrottpl\u00e4tzen, Recyclingzentren, Metallverarbeitungsanlagen und Schmelzindustrien.<\/p>    <figure class=\"wp-block-gallery has-nested-images columns-default is-cropped wp-block-gallery-2 is-layout-flex wp-block-gallery-is-layout-flex\"> <figure class=\"wp-block-image size-large\"><img loading=\"lazy\" decoding=\"async\" width=\"720\" height=\"540\" data-id=\"1726\" src=\"https:\/\/www.plasticgranularmachine.com\/wp-content\/uploads\/2025\/06\/hydraulic-scrap-baling-press-machine.webp\" alt=\"Hydraulische Schrottpressmaschine\" class=\"wp-image-1726\" srcset=\"https:\/\/www.plasticgranularmachine.com\/wp-content\/uploads\/2025\/06\/hydraulic-scrap-baling-press-machine.webp 720w, https:\/\/www.plasticgranularmachine.com\/wp-content\/uploads\/2025\/06\/hydraulic-scrap-baling-press-machine-300x225.webp 300w, https:\/\/www.plasticgranularmachine.com\/wp-content\/uploads\/2025\/06\/hydraulic-scrap-baling-press-machine-16x12.webp 16w\" sizes=\"auto, (max-width: 720px) 100vw, 720px\" \/><figcaption class=\"wp-element-caption\">Hydraulische Schrottpressmaschine<\/figcaption><\/figure>    <figure class=\"wp-block-image size-large\"><img loading=\"lazy\" decoding=\"async\" width=\"720\" height=\"540\" data-id=\"1727\" src=\"https:\/\/www.plasticgranularmachine.com\/wp-content\/uploads\/2025\/06\/Metal-blocks-baled-by-hydraulic-metal-baler.webp\" alt=\"Metallbl\u00f6cke, die von hydraulischen Metallpressen gepresst werden\" class=\"wp-image-1727\" srcset=\"https:\/\/www.plasticgranularmachine.com\/wp-content\/uploads\/2025\/06\/Metal-blocks-baled-by-hydraulic-metal-baler.webp 720w, https:\/\/www.plasticgranularmachine.com\/wp-content\/uploads\/2025\/06\/Metal-blocks-baled-by-hydraulic-metal-baler-300x225.webp 300w, https:\/\/www.plasticgranularmachine.com\/wp-content\/uploads\/2025\/06\/Metal-blocks-baled-by-hydraulic-metal-baler-16x12.webp 16w\" sizes=\"auto, (max-width: 720px) 100vw, 720px\" \/><figcaption class=\"wp-element-caption\">Metallbl\u00f6cke, die von hydraulischen Metallpressen gepresst werden<\/figcaption><\/figure> <\/figure>    <h2 class=\"wp-block-heading\">Eingabematerialien und fertige Ballentypen<\/h2>    <p>Unsere hydraulischen Metallpressen k\u00f6nnen eine Vielzahl von eisenhaltigen und nichteisenhaltigen Metallen verarbeiten, einschlie\u00dflich:<\/p>    <ul class=\"wp-block-list\"> <li>Schrottstahl und Eisen<\/li>    <li>Aluminiumdosen und -bleche<\/li>    <li>Kupferdr\u00e4hte und -rohre<\/li>    <li>Stahlsp\u00e4ne und Aluminiumsp\u00e4ne<\/li>    <li>Autokarosserien, \u00d6lf\u00e4sser und demontierte Ger\u00e4te<\/li> <\/ul>    <figure class=\"wp-block-gallery has-nested-images columns-default is-cropped wp-block-gallery-3 is-layout-flex wp-block-gallery-is-layout-flex\"> <figure class=\"wp-block-image size-large\"><img loading=\"lazy\" decoding=\"async\" width=\"720\" height=\"540\" data-id=\"1730\" src=\"https:\/\/www.plasticgranularmachine.com\/wp-content\/uploads\/2025\/06\/Scrap-car-shells.webp\" alt=\"Schrott-Autokarosserien\" class=\"wp-image-1730\" srcset=\"https:\/\/www.plasticgranularmachine.com\/wp-content\/uploads\/2025\/06\/Scrap-car-shells.webp 720w, https:\/\/www.plasticgranularmachine.com\/wp-content\/uploads\/2025\/06\/Scrap-car-shells-300x225.webp 300w, https:\/\/www.plasticgranularmachine.com\/wp-content\/uploads\/2025\/06\/Scrap-car-shells-16x12.webp 16w\" sizes=\"auto, (max-width: 720px) 100vw, 720px\" \/><figcaption class=\"wp-element-caption\">Schrott-Autokarosserien<\/figcaption><\/figure>    <figure class=\"wp-block-image size-large\"><img loading=\"lazy\" decoding=\"async\" width=\"720\" height=\"540\" data-id=\"1731\" src=\"https:\/\/www.plasticgranularmachine.com\/wp-content\/uploads\/2025\/06\/scrap-copper-wire.webp\" alt=\"Schrottkupferdraht\" class=\"wp-image-1731\" srcset=\"https:\/\/www.plasticgranularmachine.com\/wp-content\/uploads\/2025\/06\/scrap-copper-wire.webp 720w, https:\/\/www.plasticgranularmachine.com\/wp-content\/uploads\/2025\/06\/scrap-copper-wire-300x225.webp 300w, https:\/\/www.plasticgranularmachine.com\/wp-content\/uploads\/2025\/06\/scrap-copper-wire-16x12.webp 16w\" sizes=\"auto, (max-width: 720px) 100vw, 720px\" \/><figcaption class=\"wp-element-caption\">Schrottkupferdraht<\/figcaption><\/figure>    <figure class=\"wp-block-image size-large\"><img loading=\"lazy\" decoding=\"async\" width=\"720\" height=\"540\" data-id=\"1729\" src=\"https:\/\/www.plasticgranularmachine.com\/wp-content\/uploads\/2025\/06\/Scrap-aluminum-cans.webp\" alt=\"Schrottaluminiumdosen\" class=\"wp-image-1729\" srcset=\"https:\/\/www.plasticgranularmachine.com\/wp-content\/uploads\/2025\/06\/Scrap-aluminum-cans.webp 720w, https:\/\/www.plasticgranularmachine.com\/wp-content\/uploads\/2025\/06\/Scrap-aluminum-cans-300x225.webp 300w, https:\/\/www.plasticgranularmachine.com\/wp-content\/uploads\/2025\/06\/Scrap-aluminum-cans-16x12.webp 16w\" sizes=\"auto, (max-width: 720px) 100vw, 720px\" \/><figcaption class=\"wp-element-caption\">Schrottaluminiumdosen<\/figcaption><\/figure> <\/figure>    <p>Die fertigen Ballen k\u00f6nnen rechteckig, zylindrisch oder sogar achteckig sein, je nach Gr\u00f6\u00dfe Ihres Ofens oder Ihren Lagerpr\u00e4ferenzen.<\/p>    <h2 class=\"wp-block-heading\">Anwendungen unserer hydraulischen Metallpresse<\/h2>    <p>Diese Ausr\u00fcstung wird h\u00e4ufig verwendet in:<\/p>    <ul class=\"wp-block-list\"> <li>Schrottmetall-Recyclinganlagen<\/li>    <li>Metallverarbeitungs- und -herstellungsanlagen<\/li>    <li>Stahlwerke und Gie\u00dfereien<\/li>    <li>Autoverwertungsanlagen<\/li>    <li>Abfallsortierzentren<\/li> <\/ul>    <p>Durch die Umwandlung von losem Schrott in hochdichte Ballen wird der Transport erleichtert, der Oxidationsverlust w\u00e4hrend des Schmelzprozesses verringert und die Ofenf\u00fclleffizienz verbessert.<\/p>   <div class=\"wp-block-image\"> <figure class=\"aligncenter size-large\"><img loading=\"lazy\" decoding=\"async\" width=\"720\" height=\"540\" src=\"https:\/\/www.plasticgranularmachine.com\/wp-content\/uploads\/2025\/06\/regular-metal-bales.webp\" alt=\"regelm\u00e4\u00dfige Metallballen\" class=\"wp-image-1728\" srcset=\"https:\/\/www.plasticgranularmachine.com\/wp-content\/uploads\/2025\/06\/regular-metal-bales.webp 720w, https:\/\/www.plasticgranularmachine.com\/wp-content\/uploads\/2025\/06\/regular-metal-bales-300x225.webp 300w, https:\/\/www.plasticgranularmachine.com\/wp-content\/uploads\/2025\/06\/regular-metal-bales-16x12.webp 16w\" sizes=\"auto, (max-width: 720px) 100vw, 720px\" \/><figcaption class=\"wp-element-caption\">regelm\u00e4\u00dfige Metallballen<\/figcaption><\/figure> <\/div>   <h2 class=\"wp-block-heading\">Hauptmerkmale der hydraulischen Presse<\/h2>    <p>Die hydraulischen Metallpressen von Shuliy sind mit Benutzerfreundlichkeit und Effizienz im Hinterkopf konzipiert:<\/p>    <ul class=\"wp-block-list\"> <li><strong>hydraulisch betriebene Anlagen<\/strong>Glatte, stabile und energieeffiziente.<\/li>    <li><strong>Flexible Steuerungsmodi<\/strong>: W\u00e4hlen Sie zwischen manueller Steuerung und PLC-Automatisierung.<\/li>    <li><strong>Mehrere Ballenauswurfmethoden<\/strong>: Seiten- und Frontschub sowie Ballenwenden, um verschiedenen Materialtypen gerecht zu werden.<\/li>    <li><strong>Keine Fundamentierung erforderlich<\/strong>: Einfache Installation, auch in abgelegenen Gebieten. Dieselbetriebene Versionen sind ebenfalls erh\u00e4ltlich.<\/li>    <li><strong>Kompakte und langlebige Struktur<\/strong>: Entwickelt f\u00fcr den kontinuierlichen Betrieb und minimalen Wartungsaufwand.<\/li> <\/ul>    <p>Egal, ob Sie es mit leichten Aluminiumschrott oder robusten Industrie-Metallen zu tun haben, wir haben Modelle von 125 bis 400 Tonnen, um Ihre Produktionsanforderungen zu erf\u00fcllen.<\/p>    <figure class=\"wp-block-gallery has-nested-images columns-default is-cropped wp-block-gallery-4 is-layout-flex wp-block-gallery-is-layout-flex\"> <figure class=\"wp-block-image size-large\"><img loading=\"lazy\" decoding=\"async\" width=\"720\" height=\"540\" data-id=\"1724\" src=\"https:\/\/www.plasticgranularmachine.com\/wp-content\/uploads\/2025\/06\/details-of-the-metal-baling-machine.webp\" alt=\"Details der Metallpressmaschine\" class=\"wp-image-1724\" srcset=\"https:\/\/www.plasticgranularmachine.com\/wp-content\/uploads\/2025\/06\/details-of-the-metal-baling-machine.webp 720w, https:\/\/www.plasticgranularmachine.com\/wp-content\/uploads\/2025\/06\/details-of-the-metal-baling-machine-300x225.webp 300w, https:\/\/www.plasticgranularmachine.com\/wp-content\/uploads\/2025\/06\/details-of-the-metal-baling-machine-16x12.webp 16w\" sizes=\"auto, (max-width: 720px) 100vw, 720px\" \/><figcaption class=\"wp-element-caption\">Details der Metallpressmaschine<\/figcaption><\/figure>    <figure class=\"wp-block-image size-large\"><img loading=\"lazy\" decoding=\"async\" width=\"720\" height=\"540\" data-id=\"1723\" src=\"https:\/\/www.plasticgranularmachine.com\/wp-content\/uploads\/2025\/06\/auto-metal-baler.webp\" alt=\"Automatische Metallpresse\" class=\"wp-image-1723\" srcset=\"https:\/\/www.plasticgranularmachine.com\/wp-content\/uploads\/2025\/06\/auto-metal-baler.webp 720w, https:\/\/www.plasticgranularmachine.com\/wp-content\/uploads\/2025\/06\/auto-metal-baler-300x225.webp 300w, https:\/\/www.plasticgranularmachine.com\/wp-content\/uploads\/2025\/06\/auto-metal-baler-16x12.webp 16w\" sizes=\"auto, (max-width: 720px) 100vw, 720px\" \/><figcaption class=\"wp-element-caption\">Automatische Metallpresse<\/figcaption><\/figure> <\/figure>    <h2 class=\"wp-block-heading\">Parameter der Schrottballenpresse zum Verkauf<\/h2>    <figure style=\"font-size:17px\" class=\"wp-block-table\"><table><tbody><tr><td>Modell<\/td><td>Y81- 125<\/td><td>Y81- 135<\/td><td>Y81- 160<\/td><td>Y81- 200<\/td><td>Y81- 250<\/td><td>Y81- 315<\/td><td>Y81- 400<\/td><\/tr><tr><td>Hydraulischer Druck<\/td><td>125 T<\/td><td>135 T<\/td><td>160 T<\/td><td>200 T<\/td><td>250 T<\/td><td>315 T<\/td><td>400 T<\/td><\/tr><tr><td>Ballengr\u00f6\u00dfe<\/td><td>30*30 cm<\/td><td>30*30 cm<\/td><td>35*35\/40*40 cm<\/td><td>45*45 cm<\/td><td>50*50 cm<\/td><td>50*50\/60*60 cm<\/td><td>60*60 cm<\/td><\/tr><tr><td>Ballengewicht<\/td><td>30-50 kg<\/td><td>30-50 kg<\/td><td>50-180 kg<\/td><td>100-200 kg<\/td><td>200-800 kg<\/td><td>700-1500 kg<\/td><td>1000-1500 kg<\/td><\/tr><tr><td>Zykluszeit<\/td><td>100 s<\/td><td>110 s<\/td><td>110-130 s<\/td><td>140 s<\/td><td>150-160 s<\/td><td>170-200 s<\/td><td>180 s<\/td><\/tr><tr><td>Motorleistung<\/td><td>15 kW<\/td><td>18,5 kW<\/td><td>18,5 \/ 22 kW<\/td><td>22 kW<\/td><td>44 kW<\/td><td>60 kW<\/td><td>90 kW<\/td><\/tr><tr><td>Silo Volumen<\/td><td>300 L<\/td><td>300 L<\/td><td>300\/600 L<\/td><td>600 L<\/td><td>800-1000 L<\/td><td>1000-1500 L<\/td><td>1500 L<\/td><\/tr><\/tbody><\/table><\/figure>    <h2 class=\"wp-block-heading\">Wie funktioniert die Metall-Schrottpressmaschine?<\/h2>    <p>Die hydraulische Metallpresse arbeitet durch eine Reihe von Hydraulikzylindern:<\/p>    <ol class=\"wp-block-list\"> <li><strong>F\u00fcttern<\/strong>: Metallschrott wird manuell oder \u00fcber ein F\u00f6rderband in die Verdichtungskammer geladen.<\/li>    <li><strong>Kompression<\/strong>Das hydraulische System aktiviert sich und komprimiert das Material mit Hochdruckzylindern.<\/li>    <li><strong>Aussto\u00df<\/strong>Sobald der Ballen geformt ist, wird er mit der gew\u00e4hlten Methode - umdrehen, vorne oder seitlich schieben - ausgeworfen.<\/li> <\/ol>    <p>Das intelligente Steuerungssystem des Ballens sorgt f\u00fcr gleichm\u00e4\u00dfige Ballengr\u00f6\u00dfen und hohe Durchsatzraten, was sowohl Zeit als auch Arbeitskraft spart.<\/p>   <div class=\"wp-block-image\"> <figure class=\"aligncenter size-full\"><img loading=\"lazy\" decoding=\"async\" width=\"720\" height=\"540\" src=\"https:\/\/www.plasticgranularmachine.com\/wp-content\/uploads\/2025\/06\/metal-recycling-baler.webp\" alt=\"Metallrecycling-Presse\" class=\"wp-image-1733\" srcset=\"https:\/\/www.plasticgranularmachine.com\/wp-content\/uploads\/2025\/06\/metal-recycling-baler.webp 720w, https:\/\/www.plasticgranularmachine.com\/wp-content\/uploads\/2025\/06\/metal-recycling-baler-300x225.webp 300w, https:\/\/www.plasticgranularmachine.com\/wp-content\/uploads\/2025\/06\/metal-recycling-baler-16x12.webp 16w\" sizes=\"auto, (max-width: 720px) 100vw, 720px\" \/><figcaption class=\"wp-element-caption\">Metallrecycling-Presse<\/figcaption><\/figure> <\/div>   <h2 class=\"wp-block-heading\">Kundenspezifische Schrottmetallpresse zu verkaufen<\/h2>    <p class=\"translation-block\">Sind Sie bereit, Ihren Metallrecyclingprozess zu optimieren? Kontaktieren Sie uns jetzt f\u00fcr eine ma\u00dfgeschneiderte hydraulische Metallballenpressenl\u00f6sung! Dar\u00fcber hinaus bieten wir neben der Metallballenpressung auch <a href=\"https:\/\/www.plasticgranularmachine.com\/de\/product\/hydraulic-plastic-baling-machine\/\" data-type=\"link\" data-id=\"https:\/\/www.plasticgranularmachine.com\/product\/hydraulic-plastic-baling-machine\/\">Kunststoffballenpressen<\/a> f\u00fcr das Recycling an.<\/p>","protected":false},"excerpt":{"rendered":"<p>Looking for an efficient solution to compress your metal scrap and reduce storage and transport costs? Our hydraulic metal baler is your ideal choice\u2014powerful, customizable, and built to last. What Is a Hydraulic Metal Baler? A hydraulic metal baler is a specialized recycling machine designed to compress various metal scraps into compact, dense bales. Powered [&hellip;]<\/p>\n","protected":false},"author":1,"featured_media":1725,"parent":0,"template":"","tags":[],"product-type":[78],"class_list":["post-1722","product","type-product","status-publish","has-post-thumbnail","hentry","product-type-metal-recycling-machine"],"_links":{"self":[{"href":"https:\/\/www.plasticgranularmachine.com\/de\/wp-json\/wp\/v2\/product\/1722","targetHints":{"allow":["GET"]}}],"collection":[{"href":"https:\/\/www.plasticgranularmachine.com\/de\/wp-json\/wp\/v2\/product"}],"about":[{"href":"https:\/\/www.plasticgranularmachine.com\/de\/wp-json\/wp\/v2\/types\/product"}],"author":[{"embeddable":true,"href":"https:\/\/www.plasticgranularmachine.com\/de\/wp-json\/wp\/v2\/users\/1"}],"wp:featuredmedia":[{"embeddable":true,"href":"https:\/\/www.plasticgranularmachine.com\/de\/wp-json\/wp\/v2\/media\/1725"}],"wp:attachment":[{"href":"https:\/\/www.plasticgranularmachine.com\/de\/wp-json\/wp\/v2\/media?parent=1722"}],"wp:term":[{"taxonomy":"post_tag","embeddable":true,"href":"https:\/\/www.plasticgranularmachine.com\/de\/wp-json\/wp\/v2\/tags?post=1722"},{"taxonomy":"product-type","embeddable":true,"href":"https:\/\/www.plasticgranularmachine.com\/de\/wp-json\/wp\/v2\/product-type?post=1722"}],"curies":[{"name":"wp","href":"https:\/\/api.w.org\/{rel}","templated":true}]}}