{"id":1746,"date":"2025-06-23T14:37:32","date_gmt":"2025-06-23T06:37:32","guid":{"rendered":"https:\/\/www.plasticgranularmachine.com\/?post_type=product&#038;p=1746"},"modified":"2025-07-22T14:36:07","modified_gmt":"2025-07-22T06:36:07","slug":"tire-grinder-and-magnetic-separator","status":"publish","type":"product","link":"https:\/\/www.plasticgranularmachine.com\/de\/product\/tire-grinder-and-magnetic-separator\/","title":{"rendered":"Reifenschleifer und Magnetseparatoren | Gummi-Pulver-Herstellung"},"content":{"rendered":"<p>Unser Reifenzerkleinerer und die Magnetseparatoren wandeln effizient Reifenst\u00fccke von 30-100 mm in Gummipulver mit einer Korngr\u00f6\u00dfe von 5-40 Mesh um, w\u00e4hrend sie automatisch Stahldr\u00e4hte trennen und so die Reinheit und das Gewinnpotenzial maximieren. Mit einem um 1\/3 reduzierten Energieverbrauch und Modellen, die von 80 kg\/h bis 2300 kg\/h skalieren, bieten wir eine branchenf\u00fchrende Rendite f\u00fcr globale Recycler.<\/p>    <figure class=\"wp-block-gallery has-nested-images columns-default is-cropped wp-block-gallery-2 is-layout-flex wp-block-gallery-is-layout-flex\"> <figure class=\"wp-block-image size-large\"><img loading=\"lazy\" decoding=\"async\" width=\"720\" height=\"540\" data-id=\"1753\" src=\"https:\/\/www.plasticgranularmachine.com\/wp-content\/uploads\/2025\/06\/tire-grinding-screening-system-in-the-factory.webp\" alt=\"Reifenmahl-Sichtsystem in der Fabrik\" class=\"wp-image-1753\" srcset=\"https:\/\/www.plasticgranularmachine.com\/wp-content\/uploads\/2025\/06\/tire-grinding-screening-system-in-the-factory.webp 720w, https:\/\/www.plasticgranularmachine.com\/wp-content\/uploads\/2025\/06\/tire-grinding-screening-system-in-the-factory-300x225.webp 300w, https:\/\/www.plasticgranularmachine.com\/wp-content\/uploads\/2025\/06\/tire-grinding-screening-system-in-the-factory-16x12.webp 16w\" sizes=\"auto, (max-width: 720px) 100vw, 720px\" \/><figcaption class=\"wp-element-caption\">Reifenmahl-Sichtsystem in der Fabrik<\/figcaption><\/figure>    <figure class=\"wp-block-image size-large\"><img loading=\"lazy\" decoding=\"async\" width=\"720\" height=\"540\" data-id=\"1747\" src=\"https:\/\/www.plasticgranularmachine.com\/wp-content\/uploads\/2025\/06\/fine-rubber-powder.webp\" alt=\"feines Gummipulver\" class=\"wp-image-1747\" srcset=\"https:\/\/www.plasticgranularmachine.com\/wp-content\/uploads\/2025\/06\/fine-rubber-powder.webp 720w, https:\/\/www.plasticgranularmachine.com\/wp-content\/uploads\/2025\/06\/fine-rubber-powder-300x225.webp 300w, https:\/\/www.plasticgranularmachine.com\/wp-content\/uploads\/2025\/06\/fine-rubber-powder-16x12.webp 16w\" sizes=\"auto, (max-width: 720px) 100vw, 720px\" \/><figcaption class=\"wp-element-caption\">feines Gummipulver<\/figcaption><\/figure> <\/figure>    <h2 class=\"wp-block-heading\">Rohmaterial &amp; Premiumausgabe des Reifenmahlersystems<\/h2>    <p class=\"translation-block\">Unsere Reifenm\u00fchle und Magnetseparatoren sind sorgf\u00e4ltig konstruiert f\u00fcr die nahtlose Integration in sowohl <a href=\"https:\/\/www.plasticgranularmachine.com\/de\/product\/tire-recycling-production-line\/\" data-type=\"link\" data-id=\"https:\/\/www.plasticgranularmachine.com\/product\/tire-recycling-production-line\/\">halbautomatische<\/a> als auch <a href=\"https:\/\/www.plasticgranularmachine.com\/de\/product\/rubber-recycling-plant\/\" data-type=\"link\" data-id=\"https:\/\/www.plasticgranularmachine.com\/product\/rubber-recycling-plant\/\">vollautomatische Reifenrecyclinglinien<\/a>. Diese Vielseitigkeit erm\u00f6glicht die effiziente Verarbeitung einer breiten Palette von Reifentypen, einschlie\u00dflich Standardreifen (Durchmesser &lt;1200 mm) und gr\u00f6\u00dferer Off-the-Road (OTR)-Reifen. Innerhalb der Konfiguration der Reifenrecyclinglinie verarbeitet das System die folgenden Ein- und Ausgaben:<\/p>    <ul class=\"wp-block-list\"> <li>\u200b<strong>Eingang:<\/strong>Ganze\/zerkleinerte Reifen (30-100mm Bl\u00f6cke).<\/li>    <li>\u200b<strong>Ausgabe:<\/strong>\u200b <ul class=\"wp-block-list\"> <li>5-40 Mesh (0,63 mm\u20132,5 mm) feines Gummipulver<\/li>    <li>Sauberes Stahldraht (\u00fcber Magnetseparator recycelt)<\/li> <\/ul> <\/li> <\/ul>    <p>Es ist keine manuelle Sortierung erforderlich \u2013 reine Ausgabe in einem Durchgang.<\/p>    <figure class=\"wp-block-gallery has-nested-images columns-default is-cropped wp-block-gallery-3 is-layout-flex wp-block-gallery-is-layout-flex\"> <figure class=\"wp-block-image size-large\"><img loading=\"lazy\" decoding=\"async\" width=\"720\" height=\"540\" data-id=\"1755\" src=\"https:\/\/www.plasticgranularmachine.com\/wp-content\/uploads\/2025\/06\/tire-powder-for-new-rubber-products-manufacturing.webp\" alt=\"Reifenpulver f\u00fcr die Herstellung neuer Gummiprodukte\" class=\"wp-image-1755\" srcset=\"https:\/\/www.plasticgranularmachine.com\/wp-content\/uploads\/2025\/06\/tire-powder-for-new-rubber-products-manufacturing.webp 720w, https:\/\/www.plasticgranularmachine.com\/wp-content\/uploads\/2025\/06\/tire-powder-for-new-rubber-products-manufacturing-300x225.webp 300w, https:\/\/www.plasticgranularmachine.com\/wp-content\/uploads\/2025\/06\/tire-powder-for-new-rubber-products-manufacturing-16x12.webp 16w\" sizes=\"auto, (max-width: 720px) 100vw, 720px\" \/><figcaption class=\"wp-element-caption\">Reifenpulver f\u00fcr die Herstellung neuer Gummiprodukte<\/figcaption><\/figure>    <figure class=\"wp-block-image size-large\"><img loading=\"lazy\" decoding=\"async\" width=\"720\" height=\"540\" data-id=\"1748\" src=\"https:\/\/www.plasticgranularmachine.com\/wp-content\/uploads\/2025\/06\/fine-steel-wires.webp\" alt=\"feine Stahldr\u00e4hte\" class=\"wp-image-1748\" srcset=\"https:\/\/www.plasticgranularmachine.com\/wp-content\/uploads\/2025\/06\/fine-steel-wires.webp 720w, https:\/\/www.plasticgranularmachine.com\/wp-content\/uploads\/2025\/06\/fine-steel-wires-300x225.webp 300w, https:\/\/www.plasticgranularmachine.com\/wp-content\/uploads\/2025\/06\/fine-steel-wires-16x12.webp 16w\" sizes=\"auto, (max-width: 720px) 100vw, 720px\" \/><figcaption class=\"wp-element-caption\">feine Stahldr\u00e4hte<\/figcaption><\/figure> <\/figure>    <h2 class=\"wp-block-heading\">Warum sind unsere Gummipulvermaschinen auf dem Markt so beliebt?<\/h2>    <ul class=\"wp-block-list\"> <li><strong>Hocheffizientes integriertes Design<\/strong>: Kombiniert Zerkleinern, Sieben und magnetische Trennung in einem kompakten System, um einen reibungslosen und effizienten Prozess zu gew\u00e4hrleisten.<\/li>    <li><strong>Einstellbare Pulvergr\u00f6\u00dfe<\/strong>: Gummipulver ist frei einstellbar zwischen <strong>5 und 40 Mesh<\/strong>, geeignet f\u00fcr verschiedene Anwendungen wie recycelte Gummiprodukte, Sportb\u00f6den und Matten.<\/li>    <li><strong>Breite Kapazit\u00e4tsrange<\/strong>: Die Produktionskapazit\u00e4t reicht von <strong>80 kg\/h bis 2300 kg\/h<\/strong>, was es ideal f\u00fcr kleine Werkst\u00e4tten, mittelgro\u00dfe Anlagen und gro\u00dfe industrielle Recyclinganlagen macht.<\/li>    <li><strong>Effiziente Stahlentfernung<\/strong>: Ausgestattet mit einem <strong>integrierter starker Magnettrommel<\/strong>, die effektiv feine Stahldr\u00e4hte aus dem Gummipulver entfernt.<\/li>    <li><strong>Hochreine Ausgabe<\/strong>: Endgummi-Pulver erreicht eine <strong>Reinheit von nicht weniger als 99%<\/strong>, was eine h\u00f6here Qualit\u00e4t f\u00fcr nachgelagerte Anwendungen gew\u00e4hrleistet.<\/li> <\/ul>    <h2 class=\"wp-block-heading\">Technische Spezifikationen unserer Gummireifenmahlanlage<\/h2>    <figure class=\"wp-block-table\"><table><thead><tr><th>\u200b<strong>Ausgabegr\u00f6\u00dfe<\/strong>\u200b<\/th><th>\u200b<strong>SL-350 Reifenm\u00fchle<\/strong>\u200b<\/th><th>\u200b<strong>SL-400 Gummigranulator<\/strong>\u200b<\/th><th>\u200b<strong>SL-450 Reifenm\u00fchle<\/strong>\u200b<\/th><th>\u200b<strong>SL-560 Magnetseparator-System<\/strong>\u200b<\/th><th>\u200b<strong>SL-560D Industriem\u00fchle<\/strong>\u200b<\/th><th>\u200b<strong>SL-660 Hochleistungsfr\u00e4se<\/strong>\u200b<\/th><\/tr><\/thead><tbody><tr><td>\u200b<strong>10 Mesh (2,5 mm)<\/strong>\u200b<\/td><td>250-300 kg\/h<\/td><td>400-500 kg\/h<\/td><td>500-600 kg\/h<\/td><td>900-1000 kg\/h<\/td><td>1500-1600 kg\/h<\/td><td>2100-2300 kg\/h<\/td><\/tr><tr><td>\u200b<strong>20 Mesh (1,25 mm)<\/strong>\u200b<\/td><td>180-230 kg\/h<\/td><td>300-350 kg\/h<\/td><td>400-500 kg\/h<\/td><td>600-700 kg\/h<\/td><td>1200-1300 kg\/h<\/td><td>1600-1700 kg\/h<\/td><\/tr><tr><td>\u200b<strong>30 Mesh (0,83 mm)<\/strong>\u200b<\/td><td>150-210 kg\/h<\/td><td>240-280 kg\/h<\/td><td>350-450 kg\/h<\/td><td>450-550 kg\/h<\/td><td>1000-1100 kg\/h<\/td><td>1200-1300 kg\/h<\/td><\/tr><tr><td>\u200b<strong>40 Mesh (0,63 mm)<\/strong>\u200b<\/td><td>80-120 kg\/h<\/td><td>150-175 kg\/h<\/td><td>200-250 kg\/h<\/td><td>300-350 kg\/h<\/td><td>800-900 kg\/h<\/td><td>900-1000 kg\/h<\/td><\/tr><tr><td>\u200b<strong>Stahlseilr\u00fcckgewinnung<\/strong>\u200b<\/td><td>\u2705 Integrierter Magnetseparator<\/td><td>\u2705 Automatische Trennung<\/td><td>\u2705 Kontinuierliche Entfernung<\/td><td>\u2705 Hochleistungs-Extraktion<\/td><td>\u2705 Zweistufige Trennung<\/td><td>\u2705 Robuste Wiedergewinnung<\/td><\/tr><tr><td>\u200b<strong>Leistungsanpassung<\/strong>\u200b<\/td><td>220V\/380V\/415V<\/td><td>Globale Spannungsunterst\u00fctzung<\/td><td><\/td><\/tr><\/tbody><\/table><\/figure>    <ul class=\"wp-block-list\"> <li><strong>Integrierter Magnetseparator<\/strong>: Entfernt w\u00e4hrend des Mahlprozesses effektiv 99% der Stahldr\u00e4hte. <\/li>    <li><strong>Energieeinsparung<\/strong>: 30 % geringerer Verbrauch im Vergleich zu herk\u00f6mmlichen Maschinen<\/li>    <li><strong>Rollengarantie<\/strong>: 3 Jahre Garantie auf 5Cr6MnMo-Legierungswalzen<\/li>    <li><strong>Ausgangsbereich<\/strong>: 5-40 Mesh (Anpassbare Siebe verf\u00fcgbar)<\/li> <\/ul>    <h2 class=\"wp-block-heading\">Wie funktioniert die Reifenm\u00fchle und der Magnetseparator?<\/h2>    <ol class=\"wp-block-list\"> <li>\u200b<strong>Grobreduktion:<\/strong>Nach <a href=\"https:\/\/www.plasticgranularmachine.com\/de\/product\/tire-shredder-machine-for-sale\/\" data-type=\"link\" data-id=\"https:\/\/www.plasticgranularmachine.com\/product\/tire-shredder-machine-for-sale\/\">dem Zerkleinern<\/a>, werden die Reifenbl\u00f6cke in gerillte Walzen eingef\u00fchrt.<\/li>    <li>\u200b<strong>Granulation:<\/strong>Einstellbare Mahnstufen verfeinern die Partikel.<\/li>    <li>\u200b<strong>Trennung:<\/strong>Magnetrollen extrahieren Stahldraht.<\/li>    <li>\u200b<strong>Sichtung:<\/strong>Vibrationssiebe klassifizieren Pulver (10-40 Mesh).<\/li> <\/ol>   <div class=\"wp-block-image\"> <figure class=\"aligncenter size-full\"><img loading=\"lazy\" decoding=\"async\" width=\"720\" height=\"540\" src=\"https:\/\/www.plasticgranularmachine.com\/wp-content\/uploads\/2025\/06\/structure-of-the-tire-grinder-and-magnetic-separators.webp\" alt=\"Aufbau des Reifenmahlers und der Magnetseparatoren\" class=\"wp-image-1751\" srcset=\"https:\/\/www.plasticgranularmachine.com\/wp-content\/uploads\/2025\/06\/structure-of-the-tire-grinder-and-magnetic-separators.webp 720w, https:\/\/www.plasticgranularmachine.com\/wp-content\/uploads\/2025\/06\/structure-of-the-tire-grinder-and-magnetic-separators-300x225.webp 300w, https:\/\/www.plasticgranularmachine.com\/wp-content\/uploads\/2025\/06\/structure-of-the-tire-grinder-and-magnetic-separators-16x12.webp 16w\" sizes=\"auto, (max-width: 720px) 100vw, 720px\" \/><figcaption class=\"wp-element-caption\">Aufbau des Reifenmahlers und der Magnetseparatoren<\/figcaption><\/figure> <\/div>   <p>Wichtige technische Highlights:<\/p>    <ul class=\"wp-block-list\"> <li>Doppelt gerillte Rollen (\u00dcbersetzungsverh\u00e4ltnis 1:2,5)<\/li>    <li>8 W\u00e4lzlager f\u00fcr Stabilit\u00e4t<\/li>    <li>5Cr6MnMo Legierungsrollen (3 Jahre Garantie)<\/li>    <li>Vollschutzabdeckungen &amp; Schmierungssystem<\/li> <\/ul>    <h2 class=\"wp-block-heading\">Anwendungen der Reifenmahllinie<\/h2>    <p>Unser Reifenmahler zum Verkauf kann vielseitig eingesetzt werden f\u00fcr:<\/p>    <ul class=\"wp-block-list\"> <li>Stahlseil-Recyclingzentren<\/li>    <li>Gummirecyclinganlagen<\/li>    <li>Sportplatz- und Spielplatzbel\u00e4ge<\/li>    <li>Gummimodifiziertes Asphalt<\/li>    <li>Industrielle Gummimatten \/ -formen<\/li> <\/ul>    <figure class=\"wp-block-gallery has-nested-images columns-default is-cropped wp-block-gallery-4 is-layout-flex wp-block-gallery-is-layout-flex\"> <figure class=\"wp-block-image size-large\"><img loading=\"lazy\" decoding=\"async\" width=\"720\" height=\"540\" data-id=\"1750\" src=\"https:\/\/www.plasticgranularmachine.com\/wp-content\/uploads\/2025\/06\/rubber-runway.webp\" alt=\"Gummilaufbahn\" class=\"wp-image-1750\" srcset=\"https:\/\/www.plasticgranularmachine.com\/wp-content\/uploads\/2025\/06\/rubber-runway.webp 720w, https:\/\/www.plasticgranularmachine.com\/wp-content\/uploads\/2025\/06\/rubber-runway-300x225.webp 300w, https:\/\/www.plasticgranularmachine.com\/wp-content\/uploads\/2025\/06\/rubber-runway-16x12.webp 16w\" sizes=\"auto, (max-width: 720px) 100vw, 720px\" \/><figcaption class=\"wp-element-caption\">Gummilaufbahn<\/figcaption><\/figure>    <figure class=\"wp-block-image size-large\"><img loading=\"lazy\" decoding=\"async\" width=\"720\" height=\"540\" data-id=\"1749\" src=\"https:\/\/www.plasticgranularmachine.com\/wp-content\/uploads\/2025\/06\/Modified-asphalt.webp\" alt=\"Modifiziertes Asphalt\" class=\"wp-image-1749\" srcset=\"https:\/\/www.plasticgranularmachine.com\/wp-content\/uploads\/2025\/06\/Modified-asphalt.webp 720w, https:\/\/www.plasticgranularmachine.com\/wp-content\/uploads\/2025\/06\/Modified-asphalt-300x225.webp 300w, https:\/\/www.plasticgranularmachine.com\/wp-content\/uploads\/2025\/06\/Modified-asphalt-16x12.webp 16w\" sizes=\"auto, (max-width: 720px) 100vw, 720px\" \/><figcaption class=\"wp-element-caption\">Modifiziertes Asphalt<\/figcaption><\/figure> <\/figure>    <h2 class=\"wp-block-heading\">Warum unseren Reifenmahler w\u00e4hlen?<\/h2>    <ul class=\"wp-block-list\"> <li>Einj\u00e4hrige Garantie kostenlos.<\/li>    <li>Spannungsanpassung (220V\/380V\/415V)<\/li>    <li>30% geringerer Energieverbrauch im Vergleich zu Wettbewerbern<\/li>    <li>CE-, ISO-zertifizierte Herstellung<\/li>    <li>Vor-Ort-Installationsservice und technische Anleitung sind verf\u00fcgbar.<\/li> <\/ul>    <p>Wenn Sie nach einer guten L\u00f6sung suchen, um Ihr Reifenrecyclinggesch\u00e4ft zu verbessern, kontaktieren Sie uns bitte. Wir empfehlen Ihnen die am besten geeignete Methode zur Reifenrecycling!<\/p>   <div class=\"wp-block-image\"> <figure class=\"aligncenter size-full\"><img loading=\"lazy\" decoding=\"async\" width=\"720\" height=\"540\" src=\"https:\/\/www.plasticgranularmachine.com\/wp-content\/uploads\/2025\/06\/tire-mill-and-megnetic-separators.webp\" alt=\"Reifenm\u00fchle und magnetische Separatoren\" class=\"wp-image-1754\" srcset=\"https:\/\/www.plasticgranularmachine.com\/wp-content\/uploads\/2025\/06\/tire-mill-and-megnetic-separators.webp 720w, https:\/\/www.plasticgranularmachine.com\/wp-content\/uploads\/2025\/06\/tire-mill-and-megnetic-separators-300x225.webp 300w, https:\/\/www.plasticgranularmachine.com\/wp-content\/uploads\/2025\/06\/tire-mill-and-megnetic-separators-16x12.webp 16w\" sizes=\"auto, (max-width: 720px) 100vw, 720px\" \/><figcaption class=\"wp-element-caption\">Reifenm\u00fchle und magnetische Separatoren<\/figcaption><\/figure> <\/div>","protected":false},"excerpt":{"rendered":"<p>Our tire grinder and magnetic separators efficiently convert 30-100mm tire chunks to 5-40 mesh rubber powder while \u200b\u200bautomatically separating steel wires, maximizing purity and profit potential. With \u200b\u200benergy consumption reduced by 1\/3\u200b\u200b and models scaling from 80kg\/h to 2300kg\/h, we deliver industry-leading ROI for global recyclers. Raw Material &amp; Premium Output\u200b of the Tire Grinder [&hellip;]<\/p>\n","protected":false},"author":1,"featured_media":1752,"parent":0,"template":"","tags":[],"product-type":[75],"class_list":["post-1746","product","type-product","status-publish","has-post-thumbnail","hentry","product-type-tire-recycling-facility"],"_links":{"self":[{"href":"https:\/\/www.plasticgranularmachine.com\/de\/wp-json\/wp\/v2\/product\/1746","targetHints":{"allow":["GET"]}}],"collection":[{"href":"https:\/\/www.plasticgranularmachine.com\/de\/wp-json\/wp\/v2\/product"}],"about":[{"href":"https:\/\/www.plasticgranularmachine.com\/de\/wp-json\/wp\/v2\/types\/product"}],"author":[{"embeddable":true,"href":"https:\/\/www.plasticgranularmachine.com\/de\/wp-json\/wp\/v2\/users\/1"}],"wp:featuredmedia":[{"embeddable":true,"href":"https:\/\/www.plasticgranularmachine.com\/de\/wp-json\/wp\/v2\/media\/1752"}],"wp:attachment":[{"href":"https:\/\/www.plasticgranularmachine.com\/de\/wp-json\/wp\/v2\/media?parent=1746"}],"wp:term":[{"taxonomy":"post_tag","embeddable":true,"href":"https:\/\/www.plasticgranularmachine.com\/de\/wp-json\/wp\/v2\/tags?post=1746"},{"taxonomy":"product-type","embeddable":true,"href":"https:\/\/www.plasticgranularmachine.com\/de\/wp-json\/wp\/v2\/product-type?post=1746"}],"curies":[{"name":"wp","href":"https:\/\/api.w.org\/{rel}","templated":true}]}}