{"id":1801,"date":"2025-07-14T14:54:22","date_gmt":"2025-07-14T06:54:22","guid":{"rendered":"https:\/\/www.plasticgranularmachine.com\/?post_type=product&#038;p=1801"},"modified":"2025-07-14T14:54:22","modified_gmt":"2025-07-14T06:54:22","slug":"egg-tray-making-machine","status":"publish","type":"product","link":"https:\/\/www.plasticgranularmachine.com\/de\/product\/egg-tray-making-machine\/","title":{"rendered":"Papier-Ei-Tray-Herstellungsmaschine"},"content":{"rendered":"<p class=\"translation-block\">Stabile, biologisch abbaubare und kosteng\u00fcnstige Eierkartons aus Papier sind zur bevorzugten Wahl f\u00fcr Produzenten und Verbraucher weltweit geworden. Um den vielf\u00e4ltigen Produktionsanforderungen gerecht zu werden, bieten wir Maschinen zur Herstellung von Eierkartons mit Kapazit\u00e4ten von <strong>1.000 bis 7.000 St\u00fcck\/h<\/strong> an, die in <strong>Farbe, Form, Hohlraumdesign<\/strong> und mehr angepasst werden k\u00f6nnen \u2013 ideal f\u00fcr Eierkartons, Obstschalen, Schuhst\u00fctzen, Elektronikverpackungen usw.<\/p>   <div class=\"wp-block-image\"> <figure class=\"aligncenter size-full\"><img loading=\"lazy\" decoding=\"async\" width=\"720\" height=\"540\" src=\"https:\/\/www.plasticgranularmachine.com\/wp-content\/uploads\/2025\/07\/pulp-egg-tray-making-machine.webp\" alt=\"Pulp-Egg-Tray-Herstellungsmaschine\" class=\"wp-image-1810\" srcset=\"https:\/\/www.plasticgranularmachine.com\/wp-content\/uploads\/2025\/07\/pulp-egg-tray-making-machine.webp 720w, https:\/\/www.plasticgranularmachine.com\/wp-content\/uploads\/2025\/07\/pulp-egg-tray-making-machine-300x225.webp 300w, https:\/\/www.plasticgranularmachine.com\/wp-content\/uploads\/2025\/07\/pulp-egg-tray-making-machine-16x12.webp 16w\" sizes=\"auto, (max-width: 720px) 100vw, 720px\" \/><figcaption class=\"wp-element-caption\">Pulp-Egg-Tray-Herstellungsmaschine<\/figcaption><\/figure> <\/div>   <h2 class=\"wp-block-heading\">Anwendung: Rohstoffe &amp; Endprodukte<\/h2>    <p class=\"translation-block\">Die Maschine zur Herstellung von Eierkartons verwendet <strong>Pappe<\/strong> als Rohmaterial, das von einer <strong>Pulpermaschine<\/strong> aus verschiedenen Arten von Altpapier hergestellt wird \u2013 wie z. B. <strong>alte Zeitungen, Kartons, Buchpapier, Wellpappe und B\u00fcropapierabf\u00e4lle<\/strong>.<\/p>    <figure class=\"wp-block-gallery has-nested-images columns-default is-cropped wp-block-gallery-2 is-layout-flex wp-block-gallery-is-layout-flex\"> <figure class=\"wp-block-image size-large\"><img loading=\"lazy\" decoding=\"async\" width=\"720\" height=\"540\" data-id=\"1811\" src=\"https:\/\/www.plasticgranularmachine.com\/wp-content\/uploads\/2025\/07\/waste-newspaper.webp\" alt=\"Altpapier\" class=\"wp-image-1811\" srcset=\"https:\/\/www.plasticgranularmachine.com\/wp-content\/uploads\/2025\/07\/waste-newspaper.webp 720w, https:\/\/www.plasticgranularmachine.com\/wp-content\/uploads\/2025\/07\/waste-newspaper-300x225.webp 300w, https:\/\/www.plasticgranularmachine.com\/wp-content\/uploads\/2025\/07\/waste-newspaper-16x12.webp 16w\" sizes=\"auto, (max-width: 720px) 100vw, 720px\" \/><figcaption class=\"wp-element-caption\">Altpapier<\/figcaption><\/figure>    <figure class=\"wp-block-image size-large\"><img loading=\"lazy\" decoding=\"async\" width=\"720\" height=\"540\" data-id=\"1812\" src=\"https:\/\/www.plasticgranularmachine.com\/wp-content\/uploads\/2025\/07\/waste-paper-boxes.webp\" alt=\"Altpapierboxen\" class=\"wp-image-1812\" srcset=\"https:\/\/www.plasticgranularmachine.com\/wp-content\/uploads\/2025\/07\/waste-paper-boxes.webp 720w, https:\/\/www.plasticgranularmachine.com\/wp-content\/uploads\/2025\/07\/waste-paper-boxes-300x225.webp 300w, https:\/\/www.plasticgranularmachine.com\/wp-content\/uploads\/2025\/07\/waste-paper-boxes-16x12.webp 16w\" sizes=\"auto, (max-width: 720px) 100vw, 720px\" \/><figcaption class=\"wp-element-caption\">Altpapierboxen<\/figcaption><\/figure>    <figure class=\"wp-block-image size-large\"><img loading=\"lazy\" decoding=\"async\" width=\"720\" height=\"540\" data-id=\"1809\" src=\"https:\/\/www.plasticgranularmachine.com\/wp-content\/uploads\/2025\/07\/paper-pulp.webp\" alt=\"Papierbrei\" class=\"wp-image-1809\" srcset=\"https:\/\/www.plasticgranularmachine.com\/wp-content\/uploads\/2025\/07\/paper-pulp.webp 720w, https:\/\/www.plasticgranularmachine.com\/wp-content\/uploads\/2025\/07\/paper-pulp-300x225.webp 300w, https:\/\/www.plasticgranularmachine.com\/wp-content\/uploads\/2025\/07\/paper-pulp-16x12.webp 16w\" sizes=\"auto, (max-width: 720px) 100vw, 720px\" \/><figcaption class=\"wp-element-caption\">Papierbrei<\/figcaption><\/figure> <\/figure>    <p class=\"translation-block\">Durch Vakuumformen formt die Maschine den Zellstoff zu <strong>feuchten Papierschalen<\/strong>, die dann den Trocknungs- und Veredelungssystemen zugef\u00fchrt werden.<\/p>    <p class=\"translation-block\">Die feuchten Schalen k\u00f6nnen zu einer breiten Palette von umweltfreundlichen Verpackungsprodukten verarbeitet werden, darunter:<br><strong>H\u00fchnereierkartons, Enteneierkartons, Obstschalen, Schuhst\u00fctzen, industrielle Pufferpolster und Verpackungsschalen f\u00fcr Elektronikprodukte<\/strong>. <\/p>    <figure class=\"wp-block-gallery has-nested-images columns-default is-cropped wp-block-gallery-3 is-layout-flex wp-block-gallery-is-layout-flex\"> <figure class=\"wp-block-image size-large\"><img loading=\"lazy\" decoding=\"async\" width=\"720\" height=\"540\" data-id=\"1808\" src=\"https:\/\/www.plasticgranularmachine.com\/wp-content\/uploads\/2025\/07\/paper-egg-trays.webp\" alt=\"Papier-Egg-Trays\" class=\"wp-image-1808\" srcset=\"https:\/\/www.plasticgranularmachine.com\/wp-content\/uploads\/2025\/07\/paper-egg-trays.webp 720w, https:\/\/www.plasticgranularmachine.com\/wp-content\/uploads\/2025\/07\/paper-egg-trays-300x225.webp 300w, https:\/\/www.plasticgranularmachine.com\/wp-content\/uploads\/2025\/07\/paper-egg-trays-16x12.webp 16w\" sizes=\"auto, (max-width: 720px) 100vw, 720px\" \/><figcaption class=\"wp-element-caption\">Papier-Egg-Trays<\/figcaption><\/figure>    <figure class=\"wp-block-image size-large\"><img loading=\"lazy\" decoding=\"async\" width=\"720\" height=\"540\" data-id=\"1804\" src=\"https:\/\/www.plasticgranularmachine.com\/wp-content\/uploads\/2025\/07\/Coffee-Cup-Tray.webp\" alt=\"Kaffeebecher-Tray\" class=\"wp-image-1804\" srcset=\"https:\/\/www.plasticgranularmachine.com\/wp-content\/uploads\/2025\/07\/Coffee-Cup-Tray.webp 720w, https:\/\/www.plasticgranularmachine.com\/wp-content\/uploads\/2025\/07\/Coffee-Cup-Tray-300x225.webp 300w, https:\/\/www.plasticgranularmachine.com\/wp-content\/uploads\/2025\/07\/Coffee-Cup-Tray-16x12.webp 16w\" sizes=\"auto, (max-width: 720px) 100vw, 720px\" \/><figcaption class=\"wp-element-caption\">Kaffeebecher-Tray<\/figcaption><\/figure>    <figure class=\"wp-block-image size-large\"><img loading=\"lazy\" decoding=\"async\" width=\"720\" height=\"540\" data-id=\"1803\" src=\"https:\/\/www.plasticgranularmachine.com\/wp-content\/uploads\/2025\/07\/apple-tray.webp\" alt=\"Apfeltablett\" class=\"wp-image-1803\" srcset=\"https:\/\/www.plasticgranularmachine.com\/wp-content\/uploads\/2025\/07\/apple-tray.webp 720w, https:\/\/www.plasticgranularmachine.com\/wp-content\/uploads\/2025\/07\/apple-tray-300x225.webp 300w, https:\/\/www.plasticgranularmachine.com\/wp-content\/uploads\/2025\/07\/apple-tray-16x12.webp 16w\" sizes=\"auto, (max-width: 720px) 100vw, 720px\" \/><figcaption class=\"wp-element-caption\">Apfeltablett<\/figcaption><\/figure> <\/figure>    <h2 class=\"wp-block-heading\">Hauptmerkmale unserer Eiertray-Herstellungsmaschinen<\/h2>    <ul class=\"wp-block-list\"> <li><strong>Hochautomatisiertes Materialhandling- und Produktionssystem<\/strong> hilft, Zeit und Arbeitskosten zu sparen.<\/li>    <li>Die Produktionskapazit\u00e4t reicht von <strong>1.000 bis 7.000 St\u00fcck\/Stunde<\/strong>, das die meisten Fertigungsbed\u00fcrfnisse erf\u00fcllt. Ma\u00dfgeschneiderte Maschinen sind f\u00fcr spezielle Anforderungen erh\u00e4ltlich.<\/li>    <li><strong>Die Formen sind vollst\u00e4ndig anpassbar<\/strong> in Bezug auf die Anzahl der F\u00e4cher, Gr\u00f6\u00dfe, Form und Material \u2013 was eine flexible Anpassung an verschiedene Tray-Designs erm\u00f6glicht.<\/li>    <li>Die Formen bestehen aus <strong>Edelstahl<\/strong>, um Wasserbest\u00e4ndigkeit, Korrosionsbest\u00e4ndigkeit, Langlebigkeit und einfache Wartung oder Ersatz zu gew\u00e4hrleisten.<\/li>    <li>Fertige Eierkartons verf\u00fcgen \u00fcber <strong>einheitliche Gr\u00f6\u00dfe und Dicke<\/strong>, saubere Kanten, starke Schutzstruktur und vollst\u00e4ndige Biodegradierbarkeit.<\/li>    <li>Farbstoffe k\u00f6nnen auch w\u00e4hrend der Produktion angewendet werden, um spezifische Erscheinungs- oder Markenbed\u00fcrfnisse zu erf\u00fcllen.<\/li> <\/ul>    <figure class=\"wp-block-gallery has-nested-images columns-default is-cropped wp-block-gallery-4 is-layout-flex wp-block-gallery-is-layout-flex\"> <figure class=\"wp-block-image size-large\"><img loading=\"lazy\" decoding=\"async\" width=\"720\" height=\"540\" data-id=\"1807\" src=\"https:\/\/www.plasticgranularmachine.com\/wp-content\/uploads\/2025\/07\/paper-egg-tray-making-machine.webp\" alt=\"Papier-Eierkarton-Herstellungsmaschine\" class=\"wp-image-1807\" srcset=\"https:\/\/www.plasticgranularmachine.com\/wp-content\/uploads\/2025\/07\/paper-egg-tray-making-machine.webp 720w, https:\/\/www.plasticgranularmachine.com\/wp-content\/uploads\/2025\/07\/paper-egg-tray-making-machine-300x225.webp 300w, https:\/\/www.plasticgranularmachine.com\/wp-content\/uploads\/2025\/07\/paper-egg-tray-making-machine-16x12.webp 16w\" sizes=\"auto, (max-width: 720px) 100vw, 720px\" \/><figcaption class=\"wp-element-caption\">Papier-Eierkarton-Herstellungsmaschine<\/figcaption><\/figure>    <figure class=\"wp-block-image size-large\"><img loading=\"lazy\" decoding=\"async\" width=\"720\" height=\"539\" data-id=\"1806\" src=\"https:\/\/www.plasticgranularmachine.com\/wp-content\/uploads\/2025\/07\/egg-tray-machine-mould.webp\" alt=\"Eierkartonmaschinenform\" class=\"wp-image-1806\" srcset=\"https:\/\/www.plasticgranularmachine.com\/wp-content\/uploads\/2025\/07\/egg-tray-machine-mould.webp 720w, https:\/\/www.plasticgranularmachine.com\/wp-content\/uploads\/2025\/07\/egg-tray-machine-mould-300x225.webp 300w, https:\/\/www.plasticgranularmachine.com\/wp-content\/uploads\/2025\/07\/egg-tray-machine-mould-16x12.webp 16w\" sizes=\"auto, (max-width: 720px) 100vw, 720px\" \/><figcaption class=\"wp-element-caption\">Eierkartonmaschinenform<\/figcaption><\/figure> <\/figure>    <h2 class=\"wp-block-heading\">Mehrere Modelle der Papier-Ei-Tablettenmaschine<\/h2>    <p>Entsprechend den aktuellen Produktionsanforderungen bieten wir verschiedene Modelle von Eierkartonmaschinen an, darunter: einseitig, vierseitig, achtseitig. Die Spezifikationen sind wie folgt:<\/p>    <h3 class=\"wp-block-heading\">Einseitige Eierkartonformmaschine<\/h3>    <p>Die einseitige Eiertray-Herstellungsmaschine hat eine Arbeitsfl\u00e4che, 3*1 bedeutet 3 Formen pro Reihe, 4*1 bedeutet 4 Formen pro Reihe.<\/p>    <figure class=\"wp-block-table\"><table class=\"has-fixed-layout\"><tbody><tr><td>Modell<\/td><td>WJ-1000-3*1<\/td><td>WJ-1500-4*1<\/td><\/tr><tr><td>Kapazit\u00e4t<\/td><td>1000 Stk\/h<\/td><td>1500 Stk\/h<\/td><\/tr><tr><td>Leistung<\/td><td>38 kW<\/td><td>38 kW<\/td><\/tr><tr><td>Gewicht<\/td><td>2500 kg<\/td><td>3000 kg<\/td><\/tr><tr><td>Papierverbrauch<\/td><td>80 kg\/h<\/td><td>120 kg\/h<\/td><\/tr><tr><td>Wasserverbrauch<\/td><td>120 kg\/h<\/td><td>240 kg\/h<\/td><\/tr><tr><td>Maschinengr\u00f6\u00dfe<\/td><td>2600*2200*1900 mm<\/td><td>2800*2200*1900 mm<\/td><\/tr><\/tbody><\/table><\/figure>    <figure class=\"wp-block-gallery has-nested-images columns-default is-cropped wp-block-gallery-5 is-layout-flex wp-block-gallery-is-layout-flex\"> <figure class=\"wp-block-image size-large\"><img loading=\"lazy\" decoding=\"async\" width=\"720\" height=\"540\" data-id=\"1813\" src=\"https:\/\/www.plasticgranularmachine.com\/wp-content\/uploads\/2025\/07\/WJ-1000-31-egg-tray-making-machine.webp\" alt=\"WJ-1000-3*1 Eiertr\u00e4ger-Herstellungsmaschine\" class=\"wp-image-1813\" srcset=\"https:\/\/www.plasticgranularmachine.com\/wp-content\/uploads\/2025\/07\/WJ-1000-31-egg-tray-making-machine.webp 720w, https:\/\/www.plasticgranularmachine.com\/wp-content\/uploads\/2025\/07\/WJ-1000-31-egg-tray-making-machine-300x225.webp 300w, https:\/\/www.plasticgranularmachine.com\/wp-content\/uploads\/2025\/07\/WJ-1000-31-egg-tray-making-machine-16x12.webp 16w\" sizes=\"auto, (max-width: 720px) 100vw, 720px\" \/><figcaption class=\"wp-element-caption\">WJ-1000-3*1 Eiertr\u00e4ger-Herstellungsmaschine<\/figcaption><\/figure>    <figure class=\"wp-block-image size-large\"><img loading=\"lazy\" decoding=\"async\" width=\"720\" height=\"540\" data-id=\"1814\" src=\"https:\/\/www.plasticgranularmachine.com\/wp-content\/uploads\/2025\/07\/WJ-1500-41-egg-tray-molding-machine.webp\" alt=\"WJ-1500-4*1 Eiertray-Formmaschine\" class=\"wp-image-1814\" srcset=\"https:\/\/www.plasticgranularmachine.com\/wp-content\/uploads\/2025\/07\/WJ-1500-41-egg-tray-molding-machine.webp 720w, https:\/\/www.plasticgranularmachine.com\/wp-content\/uploads\/2025\/07\/WJ-1500-41-egg-tray-molding-machine-300x225.webp 300w, https:\/\/www.plasticgranularmachine.com\/wp-content\/uploads\/2025\/07\/WJ-1500-41-egg-tray-molding-machine-16x12.webp 16w\" sizes=\"auto, (max-width: 720px) 100vw, 720px\" \/><figcaption class=\"wp-element-caption\">WJ-1500-4*1 Eiertray-Formmaschine<\/figcaption><\/figure> <\/figure>    <h3 class=\"wp-block-heading\">Vierseitige Eierkartonherstellungsmaschine<\/h3>    <p>Die vierseitige Eierkarton-Herstellungsmaschine hat vier Arbeitsfl\u00e4chen, 3*4 bedeutet 3 Formen pro Fl\u00e4che, und 4*4 bedeutet 4 Formen pro Fl\u00e4che.<\/p>    <figure class=\"wp-block-table\"><table class=\"has-fixed-layout\"><tbody><tr><td>Modell<\/td><td>WJ-2500-3*4<\/td><td>WJ-3000-4*4<\/td><\/tr><tr><td>Kapazit\u00e4t<\/td><td>2500 St\u00fcck\/Stunde<\/td><td>3000 St\u00fcck\/Stunde<\/td><\/tr><tr><td>Leistung<\/td><td>55 kW<\/td><td>60 kW<\/td><\/tr><tr><td>Gewicht<\/td><td>4000 kg<\/td><td>4800 kg<\/td><\/tr><tr><td>Papierverbrauch<\/td><td>200 kg\/h<\/td><td>240 kg\/h<\/td><\/tr><tr><td>Wasserverbrauch<\/td><td>400 kg\/h<\/td><td>480 kg\/h<\/td><\/tr><tr><td>Maschinengr\u00f6\u00dfe<\/td><td>2900*1800*1800<\/td><td>3250*1800*1800<\/td><\/tr><\/tbody><\/table><\/figure>    <figure class=\"wp-block-gallery has-nested-images columns-default is-cropped wp-block-gallery-6 is-layout-flex wp-block-gallery-is-layout-flex\"> <figure class=\"wp-block-image size-large\"><img loading=\"lazy\" decoding=\"async\" width=\"720\" height=\"540\" data-id=\"1815\" src=\"https:\/\/www.plasticgranularmachine.com\/wp-content\/uploads\/2025\/07\/WJ-2500-34-egg-carton-making-machine.webp\" alt=\"WJ-2500-3*4 Eierkartonmaschine\" class=\"wp-image-1815\" srcset=\"https:\/\/www.plasticgranularmachine.com\/wp-content\/uploads\/2025\/07\/WJ-2500-34-egg-carton-making-machine.webp 720w, https:\/\/www.plasticgranularmachine.com\/wp-content\/uploads\/2025\/07\/WJ-2500-34-egg-carton-making-machine-300x225.webp 300w, https:\/\/www.plasticgranularmachine.com\/wp-content\/uploads\/2025\/07\/WJ-2500-34-egg-carton-making-machine-16x12.webp 16w\" sizes=\"auto, (max-width: 720px) 100vw, 720px\" \/><figcaption class=\"wp-element-caption\">WJ-2500-3*4 Eierkartonmaschine<\/figcaption><\/figure>    <figure class=\"wp-block-image size-large\"><img loading=\"lazy\" decoding=\"async\" width=\"720\" height=\"540\" data-id=\"1816\" src=\"https:\/\/www.plasticgranularmachine.com\/wp-content\/uploads\/2025\/07\/WJ-3000-44-egg-tray-production-machine.webp\" alt=\"WJ-3000-4*4 Eiertray Produktionsmaschine\" class=\"wp-image-1816\" srcset=\"https:\/\/www.plasticgranularmachine.com\/wp-content\/uploads\/2025\/07\/WJ-3000-44-egg-tray-production-machine.webp 720w, https:\/\/www.plasticgranularmachine.com\/wp-content\/uploads\/2025\/07\/WJ-3000-44-egg-tray-production-machine-300x225.webp 300w, https:\/\/www.plasticgranularmachine.com\/wp-content\/uploads\/2025\/07\/WJ-3000-44-egg-tray-production-machine-16x12.webp 16w\" sizes=\"auto, (max-width: 720px) 100vw, 720px\" \/><figcaption class=\"wp-element-caption\">WJ-3000-4*4 Eiertray Produktionsmaschine<\/figcaption><\/figure> <\/figure>    <h3 class=\"wp-block-heading\">Achtseitige Eierkartonmaschine<\/h3>    <p>Die achtseitige Eierkartonherstellungsmaschine hat acht Arbeitsfl\u00e4chen, 4*8 bedeutet 4 Formen pro Reihe, 5*8 bedeutet 5 Formen pro Reihe und 6*8 bedeutet 6 Formen pro Reihe. <\/p>    <figure class=\"wp-block-table\"><table class=\"has-fixed-layout\"><tbody><tr><td>Modell<\/td><td>WJ-4000-4*8<\/td><td>WJ-5000-5*8<\/td><td>WJ-7000-6*8<\/td><\/tr><tr><td>Kapazit\u00e4t<\/td><td>4000 Stk.\/h<\/td><td>5000 Stk.\/h<\/td><td>7000 Stk.\/h<\/td><\/tr><tr><td>Leistung<\/td><td>95 kW<\/td><td>95 kW<\/td><td>120 kW<\/td><\/tr><tr><td>Gewicht<\/td><td>7000 kg<\/td><td>8000 kg<\/td><td>10000 kg<\/td><\/tr><tr><td>Papierverbrauch<\/td><td>320 kg\/h<\/td><td>400 kg\/h<\/td><td>480 kg\/h<\/td><\/tr><tr><td>Wasserverbrauch<\/td><td>640 kg\/h<\/td><td>800 kg\/h<\/td><td>960 kg\/h<\/td><\/tr><tr><td>Maschinengr\u00f6\u00dfe<\/td><td>3250*2300*2500<\/td><td>3700*2300*2500<\/td><td>3200*2300*2500<\/td><\/tr><\/tbody><\/table><\/figure>    <figure class=\"wp-block-gallery has-nested-images columns-default is-cropped wp-block-gallery-7 is-layout-flex wp-block-gallery-is-layout-flex\"> <figure class=\"wp-block-image size-large\"><img loading=\"lazy\" decoding=\"async\" width=\"720\" height=\"540\" data-id=\"1817\" src=\"https:\/\/www.plasticgranularmachine.com\/wp-content\/uploads\/2025\/07\/WJ-4000-48.webp\" alt=\"WJ-4000-4*8 Eierkartonmaschine\" class=\"wp-image-1817\" srcset=\"https:\/\/www.plasticgranularmachine.com\/wp-content\/uploads\/2025\/07\/WJ-4000-48.webp 720w, https:\/\/www.plasticgranularmachine.com\/wp-content\/uploads\/2025\/07\/WJ-4000-48-300x225.webp 300w, https:\/\/www.plasticgranularmachine.com\/wp-content\/uploads\/2025\/07\/WJ-4000-48-16x12.webp 16w\" sizes=\"auto, (max-width: 720px) 100vw, 720px\" \/><figcaption class=\"wp-element-caption\">WJ-4000-4*8 Eierkartonmaschine<\/figcaption><\/figure>    <figure class=\"wp-block-image size-large\"><img loading=\"lazy\" decoding=\"async\" width=\"720\" height=\"540\" data-id=\"1818\" src=\"https:\/\/www.plasticgranularmachine.com\/wp-content\/uploads\/2025\/07\/WJ-5000-58-egg-tray-manufacturing-machine.webp\" alt=\"WJ-5000-5*8 Eiertr\u00e4ger-Herstellungsmaschine\" class=\"wp-image-1818\" srcset=\"https:\/\/www.plasticgranularmachine.com\/wp-content\/uploads\/2025\/07\/WJ-5000-58-egg-tray-manufacturing-machine.webp 720w, https:\/\/www.plasticgranularmachine.com\/wp-content\/uploads\/2025\/07\/WJ-5000-58-egg-tray-manufacturing-machine-300x225.webp 300w, https:\/\/www.plasticgranularmachine.com\/wp-content\/uploads\/2025\/07\/WJ-5000-58-egg-tray-manufacturing-machine-16x12.webp 16w\" sizes=\"auto, (max-width: 720px) 100vw, 720px\" \/><figcaption class=\"wp-element-caption\">WJ-5000-5*8 Eiertr\u00e4ger-Herstellungsmaschine<\/figcaption><\/figure>    <figure class=\"wp-block-image size-large\"><img loading=\"lazy\" decoding=\"async\" width=\"720\" height=\"540\" data-id=\"1819\" src=\"https:\/\/www.plasticgranularmachine.com\/wp-content\/uploads\/2025\/07\/WJ-7000-68-egg-box-making-machine.webp\" alt=\"WJ-7000-6*8 Eierbox-Herstellungsmaschine\" class=\"wp-image-1819\" srcset=\"https:\/\/www.plasticgranularmachine.com\/wp-content\/uploads\/2025\/07\/WJ-7000-68-egg-box-making-machine.webp 720w, https:\/\/www.plasticgranularmachine.com\/wp-content\/uploads\/2025\/07\/WJ-7000-68-egg-box-making-machine-300x225.webp 300w, https:\/\/www.plasticgranularmachine.com\/wp-content\/uploads\/2025\/07\/WJ-7000-68-egg-box-making-machine-16x12.webp 16w\" sizes=\"auto, (max-width: 720px) 100vw, 720px\" \/><figcaption class=\"wp-element-caption\">WJ-7000-6*8 Eierbox-Herstellungsmaschine<\/figcaption><\/figure> <\/figure>    <h2 class=\"wp-block-heading\">Wie w\u00e4hlt man die richtige Maschine zur Herstellung von Eierboxen aus?<\/h2>    <p>Die Wahl einer Eiertray-Maschine h\u00e4ngt von mehreren Faktoren ab, einschlie\u00dflich Produktionsanforderungen, Budget und verf\u00fcgbarem Platz. <\/p>    <ul class=\"wp-block-list\"> <li>Die einseitige Eierkartonherstellungsmaschine mit einer Kapazit\u00e4t von 1.000\u20131.500 St\u00fcck pro Stunde eignet sich f\u00fcr Kleinanwender mit begrenztem Budget und niedrigen Produktionskapazit\u00e4ten. Sie hat eine kleine Stellfl\u00e4che, ist einfach zu bedienen und kann nasse Eierkartons ohne die Notwendigkeit einer Trocknungsanlage trocknen.<\/li>    <li>Die viereckige Eierkartonformmaschine hat eine Kapazit\u00e4t von 2.000\u20133.000 St\u00fcck pro Stunde, was sie f\u00fcr mittelgro\u00dfe Eierkartonhersteller oder Altpapierrecycler geeignet macht, die bereits einen Teil der Grundlage haben.<\/li>    <li>Die achtseitige Eiertray-Formmaschine ist schnell und hocheffizient, was sie f\u00fcr die Gro\u00dfproduktion geeignet macht.<\/li> <\/ul>    <p>Wenn Sie sich immer noch nicht sicher sind, wie Sie w\u00e4hlen sollen oder andere Anforderungen haben, z\u00f6gern Sie bitte nicht, uns f\u00fcr eine ma\u00dfgeschneiderte Papiertray-Maschine zu kontaktieren. Sie k\u00f6nnen anpassen:<\/p>    <ul class=\"wp-block-list\"> <li>Anzahl der Formen, Gr\u00f6\u00dfe, Form<\/li>    <li>Material<\/li>    <li>Trockenmethode<\/li> <\/ul>    <h2 class=\"wp-block-heading\">Funktionsprinzip unserer Eiertray-Produktionsmaschine<\/h2>    <p class=\"translation-block\">Der vollst\u00e4ndige <a href=\"https:\/\/www.plasticgranularmachine.com\/de\/product\/egg-tray-production-line\/\" data-type=\"link\" data-id=\"https:\/\/www.plasticgranularmachine.com\/product\/egg-tray-production-line\/\">Prozess zur Herstellung von Papier-Eierkartons<\/a> ist wie folgt: <\/p>    <p>Altpapier \u2192 Aufbereitung \u2192 Formen durch Formadsorption \u2192 nasses Eiertray \u2192 Trocknung \u2192 fertiges Eiertray<\/p>    <p>Die Eierkartonformmaschine erzeugt mit einer Vakuumpumpe einen Unterdruck. Dies zieht die Pulpe von der Oberfl\u00e4che der Form, um die Form des Eierkartons zu erstellen. Der nasse Eierkarton wird dann durch positiven Luftdruck vom Kompressor zur Transferform geblasen und schlie\u00dflich auf das Gitterband oder Tablett \u00fcbertragen. Anschlie\u00dfend erfolgt die Trocknung.<\/p>    <h2 class=\"wp-block-heading\">Hochwertige Eierkartons mit unseren Maschinen herstellen!<\/h2>    <p>M\u00f6chten Sie Ihre Produktion von Eierkartons mit Effizienz und Qualit\u00e4t steigern? Unsere fortschrittliche Maschine zur Herstellung von Eierkartons aus Papierpulpe liefert gleichbleibende Ergebnisse, anpassbare Designs und umweltfreundliche Leistung.<\/p>    <p>Nehmen Sie noch heute Kontakt auf f\u00fcr ein kostenloses Angebot und eine ma\u00dfgeschneiderte Expertenl\u00f6sung!<\/p>","protected":false},"excerpt":{"rendered":"<p>Stable, biodegradable, and cost-effective, paper egg trays have become the preferred choice for producers and consumers worldwide. To meet diverse production needs, we offer egg tray making machines with capacities from 1,000 to 7,000 pcs\/h, customizable in color, shape, cavity design, and more\u2014ideal for egg trays, fruit trays, shoe supports, electronic packaging, and so on. [&hellip;]<\/p>\n","protected":false},"author":1,"featured_media":1810,"parent":0,"template":"","tags":[],"product-type":[79],"class_list":["post-1801","product","type-product","status-publish","has-post-thumbnail","hentry","product-type-paper-recycling-machine"],"_links":{"self":[{"href":"https:\/\/www.plasticgranularmachine.com\/de\/wp-json\/wp\/v2\/product\/1801","targetHints":{"allow":["GET"]}}],"collection":[{"href":"https:\/\/www.plasticgranularmachine.com\/de\/wp-json\/wp\/v2\/product"}],"about":[{"href":"https:\/\/www.plasticgranularmachine.com\/de\/wp-json\/wp\/v2\/types\/product"}],"author":[{"embeddable":true,"href":"https:\/\/www.plasticgranularmachine.com\/de\/wp-json\/wp\/v2\/users\/1"}],"wp:featuredmedia":[{"embeddable":true,"href":"https:\/\/www.plasticgranularmachine.com\/de\/wp-json\/wp\/v2\/media\/1810"}],"wp:attachment":[{"href":"https:\/\/www.plasticgranularmachine.com\/de\/wp-json\/wp\/v2\/media?parent=1801"}],"wp:term":[{"taxonomy":"post_tag","embeddable":true,"href":"https:\/\/www.plasticgranularmachine.com\/de\/wp-json\/wp\/v2\/tags?post=1801"},{"taxonomy":"product-type","embeddable":true,"href":"https:\/\/www.plasticgranularmachine.com\/de\/wp-json\/wp\/v2\/product-type?post=1801"}],"curies":[{"name":"wp","href":"https:\/\/api.w.org\/{rel}","templated":true}]}}