{"id":1829,"date":"2025-07-21T15:05:45","date_gmt":"2025-07-21T07:05:45","guid":{"rendered":"https:\/\/www.plasticgranularmachine.com\/?post_type=product&#038;p=1829"},"modified":"2026-04-20T13:59:09","modified_gmt":"2026-04-20T05:59:09","slug":"tire-shredder-machine-for-sale","status":"publish","type":"product","link":"https:\/\/www.plasticgranularmachine.com\/de\/product\/tire-shredder-machine-for-sale\/","title":{"rendered":"Reifenzerkleinerungsmaschine zu verkaufen"},"content":{"rendered":"<p>Die Reifenzerkleinerungsmaschine zum Verkauf spielt eine Schl\u00fcsselrolle im Reifenrecyclingprozess und in der Produktion von Gummipulver, indem sie gro\u00dfe Altreifen effizient in kleine St\u00fccke von etwa 50-100 mm zerkleinert, die leicht verkauft oder transportiert werden k\u00f6nnen. Diese St\u00fccke k\u00f6nnen auch zu feinem Gummipulver vermahlen werden.<\/p>    <figure class=\"wp-block-gallery has-nested-images columns-default is-cropped wp-block-gallery-2 is-layout-flex wp-block-gallery-is-layout-flex\"> <figure class=\"wp-block-image size-large\"><img loading=\"lazy\" decoding=\"async\" width=\"720\" height=\"540\" data-id=\"1842\" src=\"https:\/\/www.plasticgranularmachine.com\/wp-content\/uploads\/2025\/07\/tire-scraps.webp\" alt=\"Reifenabf\u00e4lle\" class=\"wp-image-1842\" srcset=\"https:\/\/www.plasticgranularmachine.com\/wp-content\/uploads\/2025\/07\/tire-scraps.webp 720w, https:\/\/www.plasticgranularmachine.com\/wp-content\/uploads\/2025\/07\/tire-scraps-300x225.webp 300w, https:\/\/www.plasticgranularmachine.com\/wp-content\/uploads\/2025\/07\/tire-scraps-16x12.webp 16w\" sizes=\"auto, (max-width: 720px) 100vw, 720px\" \/><figcaption class=\"wp-element-caption\">Reifenabf\u00e4lle<\/figcaption><\/figure>    <figure class=\"wp-block-image size-large\"><img loading=\"lazy\" decoding=\"async\" width=\"720\" height=\"540\" data-id=\"1835\" src=\"https:\/\/www.plasticgranularmachine.com\/wp-content\/uploads\/2025\/07\/industrial-tire-shredder.webp\" alt=\"industrieller Reifenzerkleinerer\" class=\"wp-image-1835\" srcset=\"https:\/\/www.plasticgranularmachine.com\/wp-content\/uploads\/2025\/07\/industrial-tire-shredder.webp 720w, https:\/\/www.plasticgranularmachine.com\/wp-content\/uploads\/2025\/07\/industrial-tire-shredder-300x225.webp 300w, https:\/\/www.plasticgranularmachine.com\/wp-content\/uploads\/2025\/07\/industrial-tire-shredder-16x12.webp 16w\" sizes=\"auto, (max-width: 720px) 100vw, 720px\" \/><figcaption class=\"wp-element-caption\">industrieller Reifenzerkleinerer<\/figcaption><\/figure> <\/figure>    <h2 class=\"wp-block-heading\">Wie wendet man den Reifenzerkleinerer an?<\/h2>    <p>Unsere Reifenzerkleinerer k\u00f6nnen viele Arten und Gr\u00f6\u00dfen von Altreifen verarbeiten, einschlie\u00dflich Auto-, Lkw-, Agrar- und OTR-Reifen (Off-the-Road). Sie k\u00f6nnen Standardreifen mit Durchmessern von weniger als 1.200 mm und \u00fcbergro\u00dfen Bergbaureifen wie R35, R49, R51 und R63 verarbeiten.<\/p>    <p>Je nach Konfiguration des Modells kann die zum Verkauf stehende Reifenzerkleinerungsmaschine die folgenden Rohmaterialien direkt zuf\u00fchren und verarbeiten:<\/p>    <ul class=\"wp-block-list\"> <li>Komplettr\u00e4der (Durchmesser \u22641400 mm)<\/li>    <li>Zerschnittene oder zerlegte technische Reifenbl\u00f6cke<\/li>    <li>Vorbehandelte Gummibl\u00f6cke<\/li>    <li>Komponenten wie Seitenw\u00e4nde und Kronen<\/li> <\/ul>    <p>Die zerkleinerten Produkte sind in der Gr\u00f6\u00dfe einstellbare Gummiblocke (typischerweise 50-100 mm), die gut an den n\u00e4chsten Verarbeitungsschritt angepasst sind. Diese Bl\u00f6cke sind leicht zu lagern und zu transportieren und k\u00f6nnen direkt in das Gummischleifsystem zur Herstellung feiner Gummigranulate oder -pulver eingespeist werden. <\/p>   <div class=\"wp-block-image\"> <figure class=\"aligncenter size-full\"><img loading=\"lazy\" decoding=\"async\" width=\"720\" height=\"540\" src=\"https:\/\/www.plasticgranularmachine.com\/wp-content\/uploads\/2025\/07\/output-tire-blocks-of-the-tire-shredder-machine-for-sale.webp\" alt=\"Ausgangsreifenbl\u00f6cke der zum Verkauf stehenden Reifenzerkleinerungsmaschine\" class=\"wp-image-1836\" srcset=\"https:\/\/www.plasticgranularmachine.com\/wp-content\/uploads\/2025\/07\/output-tire-blocks-of-the-tire-shredder-machine-for-sale.webp 720w, https:\/\/www.plasticgranularmachine.com\/wp-content\/uploads\/2025\/07\/output-tire-blocks-of-the-tire-shredder-machine-for-sale-300x225.webp 300w, https:\/\/www.plasticgranularmachine.com\/wp-content\/uploads\/2025\/07\/output-tire-blocks-of-the-tire-shredder-machine-for-sale-16x12.webp 16w\" sizes=\"auto, (max-width: 720px) 100vw, 720px\" \/><figcaption class=\"wp-element-caption\">Ausgangsreifenbl\u00f6cke der zum Verkauf stehenden Reifenzerkleinerungsmaschine<\/figcaption><\/figure> <\/div>   <h2 class=\"wp-block-heading\">Hauptmerkmale unserer Reifenzerkleinerungsmaschinen<\/h2>    <p>Unsere zum Verkauf stehende Reifenzerkleinerungsmaschine hat aufgrund ihrer professionellen Konfiguration und Leistungsmerkmale einen Wettbewerbsvorteil auf dem Markt.<\/p>    <ul class=\"wp-block-list\"> <li><strong>Hochpr\u00e4zises Messerschaftsystem:<\/strong> Saubere Schnittfl\u00e4che; verbessert die Qualit\u00e4t der fertigen Gummiblockprodukte.<\/li>    <li><strong>Hochdrehmoment-Dualachsenstruktur:<\/strong> Starke Schneidkraft; verarbeitet m\u00fchelos ganze Reifen und Reifenbl\u00f6cke.<\/li>    <li><strong>Breite Anwendbarkeit:<\/strong> Sie ist f\u00fcr eine Vielzahl von Reifentypen und -gr\u00f6\u00dfen geeignet, einschlie\u00dflich OTR-Baureifen.<\/li>    <li><strong>Flexible Kapazit\u00e4t:<\/strong> 2-20 Tonnen pro Stunde, um die Bed\u00fcrfnisse verschiedener Produktionslinien zu erf\u00fcllen.<\/li>    <li><strong>Einstellbare Entladekontrolle:<\/strong> Die Entladegr\u00f6\u00dfe kann pr\u00e4zise zwischen 50-100 mm eingestellt werden, um gleichm\u00e4\u00dfige Partikel zu erzeugen.<\/li>    <li><strong>Verschlei\u00dffester Klingenmaterial<\/strong>Es besteht aus hochfestem, korrosionsbest\u00e4ndigem Edelstahl f\u00fcr eine lange Lebensdauer.<\/li>    <li><strong>Starke Kompatibilit\u00e4t:<\/strong> Kann in verschiedene Arten von Reifenrecyclingsystemen integriert werden, um eine effiziente Verkn\u00fcpfung zu erreichen.<\/li>    <li><strong>Perfekter After-Sales-Service<\/strong>Einschlie\u00dflich Garantiesupport, Installation von T\u00fcr zu T\u00fcr, technische Anleitung usw.<\/li> <\/ul>    <p>Diese industrielle Gummischredder-Serie bietet sowohl Leistungsstabilit\u00e4t als auch industrielle Anpassungsf\u00e4higkeit und ist die ideale Wahl f\u00fcr alle Gr\u00f6\u00dfen von Reifenzerkleinerungsunternehmen.<\/p>    <figure class=\"wp-block-gallery has-nested-images columns-default is-cropped wp-block-gallery-3 is-layout-flex wp-block-gallery-is-layout-flex\"> <figure class=\"wp-block-image size-large\"><img loading=\"lazy\" decoding=\"async\" width=\"720\" height=\"540\" data-id=\"1841\" src=\"https:\/\/www.plasticgranularmachine.com\/wp-content\/uploads\/2025\/07\/screens-of-the-tyre-shredding-machine.webp\" alt=\"Bildschirme der Reifenzerkleinerungsmaschine\" class=\"wp-image-1841\" srcset=\"https:\/\/www.plasticgranularmachine.com\/wp-content\/uploads\/2025\/07\/screens-of-the-tyre-shredding-machine.webp 720w, https:\/\/www.plasticgranularmachine.com\/wp-content\/uploads\/2025\/07\/screens-of-the-tyre-shredding-machine-300x225.webp 300w, https:\/\/www.plasticgranularmachine.com\/wp-content\/uploads\/2025\/07\/screens-of-the-tyre-shredding-machine-16x12.webp 16w\" sizes=\"auto, (max-width: 720px) 100vw, 720px\" \/><figcaption class=\"wp-element-caption\">Bildschirme der Reifenzerkleinerungsmaschine<\/figcaption><\/figure>    <figure class=\"wp-block-image size-large\"><img loading=\"lazy\" decoding=\"async\" width=\"720\" height=\"540\" data-id=\"1839\" src=\"https:\/\/www.plasticgranularmachine.com\/wp-content\/uploads\/2025\/07\/rubber-tire-shredder-blades.webp\" alt=\"Gummireifenzerkleinerer Klingen\" class=\"wp-image-1839\" srcset=\"https:\/\/www.plasticgranularmachine.com\/wp-content\/uploads\/2025\/07\/rubber-tire-shredder-blades.webp 720w, https:\/\/www.plasticgranularmachine.com\/wp-content\/uploads\/2025\/07\/rubber-tire-shredder-blades-300x225.webp 300w, https:\/\/www.plasticgranularmachine.com\/wp-content\/uploads\/2025\/07\/rubber-tire-shredder-blades-16x12.webp 16w\" sizes=\"auto, (max-width: 720px) 100vw, 720px\" \/><figcaption class=\"wp-element-caption\">Gummireifenzerkleinerer Klingen<\/figcaption><\/figure> <\/figure>    <h2 class=\"wp-block-heading\">Spezifikationsliste der Reifenzerkleinerungsmaschine zum Verkauf<\/h2>    <p>Wir bieten verschiedene Gummireifen-Schredder an. Einige Hauptparameter sind wie folgt:<\/p>    <figure class=\"wp-block-table\"><table><thead><tr><th>Modell<\/th><th>Anwendbares Rohmaterial<\/th><th>Maximaler Reifenf\u00fctterungsgr\u00f6\u00dfe<\/th><th>Ausgangsgr\u00f6\u00dfe (Gummichips)<\/th><th>Verarbeitungskapazit\u00e4t<\/th><th>Gesamtleistung<\/th><th>Anwendungstyp<\/th><th>Klingen-Spezifikationen<\/th><th>Maschinengewicht<\/th><th>Fu\u00dfabdruck (L\u00d7B\u00d7H)<\/th><\/tr><\/thead><tbody><tr><td><strong>ET-900<\/strong><\/td><td>PKW-Reifen, kleine Lkw-Reifen<\/td><td>\u2264900 mm<\/td><td>50 mm<\/td><td>2 t\/h<\/td><td>64,5 kW<\/td><td>Schredder f\u00fcr Reifen von Kompaktwagen<\/td><td>Durchmesser. 360mm \/ 16 Klingen \/ 50mm dick<\/td><td>10 Tonnen<\/td><td>9*5*2.8 m<\/td><\/tr><tr><td><strong>ET-1000<\/strong><\/td><td>Auto- und Leichtlastwagenreifen<\/td><td>\u22641000 mm<\/td><td>60 mm<\/td><td>4 t\/h<\/td><td>94,5 kW<\/td><td>Einstiegsreifenzerkleinerungsmaschine<\/td><td>Durchmesser 440 mm \/ 16 Klingen \/ 50 mm dick<\/td><td>13 Tonnen<\/td><td>10*6*3,2 m<\/td><\/tr><tr><td><strong>ET-1200<\/strong><\/td><td>Passagier- und demontierte OTR-Reifen<\/td><td>\u22641200 mm<\/td><td>60 mm<\/td><td>5\u20136 t\/h<\/td><td>157 kW<\/td><td>Mittelgro\u00dfer Gummireifen-H\u00e4cksler<\/td><td>Durchmesser 510mm \/ 18 Klingen \/ 60mm dick<\/td><td>15,8 Tonnen<\/td><td>10*6*3,2 m<\/td><\/tr><tr><td><strong>ET-1500<\/strong><\/td><td>Komplettr\u00e4der f\u00fcr Lkw, gro\u00dfe OTR-Reifenbl\u00f6cke<\/td><td>\u22641200 mm<\/td><td>75 mm<\/td><td>8\u201310 t\/h<\/td><td>188,5 kW<\/td><td>Robuster industrieller Reifenzerkleinerer<\/td><td>Durchmesser 580mm \/ 20 Klingen \/ 75mm dick<\/td><td>18,6 Tonnen<\/td><td>20*10*3,5 m<\/td><\/tr><tr><td><strong>ET-1800<\/strong><\/td><td>Vollformat OTR-Reifen (z.B. R51\u2013R63)<\/td><td>\u22641400 mm<\/td><td>100 mm<\/td><td>15\u201320 t\/h<\/td><td>328,5 kW<\/td><td>Hochleistungsreifenzerkleinerungsmaschine zu verkaufen<\/td><td>Durchmesser 650mm \/ 18 Klingen \/ 100mm dick<\/td><td>26 Tonnen<\/td><td>20*12*4 m<\/td><\/tr><\/tbody><\/table><\/figure>    <p>Wenn Sie andere Produktionsbed\u00fcrfnisse haben, k\u00f6nnen Sie uns gerne Nachrichten hinterlassen, und wir k\u00f6nnen eine ma\u00dfgeschneiderte Reifen-Schreddermaschine zum Verkauf anbieten.<\/p>    <figure class=\"wp-block-gallery has-nested-images columns-default is-cropped wp-block-gallery-4 is-layout-flex wp-block-gallery-is-layout-flex\"> <figure class=\"wp-block-image size-large\"><img loading=\"lazy\" decoding=\"async\" width=\"720\" height=\"540\" data-id=\"1833\" src=\"https:\/\/www.plasticgranularmachine.com\/wp-content\/uploads\/2025\/07\/Factory-tour-of-tire-shredders-being-built.webp\" alt=\"Fabrikbesichtigung von hergestellten Reifenzerkleinerern\" class=\"wp-image-1833\" srcset=\"https:\/\/www.plasticgranularmachine.com\/wp-content\/uploads\/2025\/07\/Factory-tour-of-tire-shredders-being-built.webp 720w, https:\/\/www.plasticgranularmachine.com\/wp-content\/uploads\/2025\/07\/Factory-tour-of-tire-shredders-being-built-300x225.webp 300w, https:\/\/www.plasticgranularmachine.com\/wp-content\/uploads\/2025\/07\/Factory-tour-of-tire-shredders-being-built-16x12.webp 16w\" sizes=\"auto, (max-width: 720px) 100vw, 720px\" \/><figcaption class=\"wp-element-caption\">Fabrikbesichtigung von hergestellten Reifenzerkleinerern<\/figcaption><\/figure>    <figure class=\"wp-block-image size-large\"><img loading=\"lazy\" decoding=\"async\" width=\"720\" height=\"540\" data-id=\"1840\" src=\"https:\/\/www.plasticgranularmachine.com\/wp-content\/uploads\/2025\/07\/rubber-tire-shredder-machines-in-the-factory.webp\" alt=\"Gummireifen-Schreddermaschinen in der Fabrik\" class=\"wp-image-1840\" srcset=\"https:\/\/www.plasticgranularmachine.com\/wp-content\/uploads\/2025\/07\/rubber-tire-shredder-machines-in-the-factory.webp 720w, https:\/\/www.plasticgranularmachine.com\/wp-content\/uploads\/2025\/07\/rubber-tire-shredder-machines-in-the-factory-300x225.webp 300w, https:\/\/www.plasticgranularmachine.com\/wp-content\/uploads\/2025\/07\/rubber-tire-shredder-machines-in-the-factory-16x12.webp 16w\" sizes=\"auto, (max-width: 720px) 100vw, 720px\" \/><figcaption class=\"wp-element-caption\">Gummireifen-Schreddermaschinen in der Fabrik<\/figcaption><\/figure>    <figure class=\"wp-block-image size-large\"><img loading=\"lazy\" decoding=\"async\" width=\"720\" height=\"540\" data-id=\"1838\" src=\"https:\/\/www.plasticgranularmachine.com\/wp-content\/uploads\/2025\/07\/rubber-tire-chipper.webp\" alt=\"Gummireifen-H\u00e4cksler\" class=\"wp-image-1838\" srcset=\"https:\/\/www.plasticgranularmachine.com\/wp-content\/uploads\/2025\/07\/rubber-tire-chipper.webp 720w, https:\/\/www.plasticgranularmachine.com\/wp-content\/uploads\/2025\/07\/rubber-tire-chipper-300x225.webp 300w, https:\/\/www.plasticgranularmachine.com\/wp-content\/uploads\/2025\/07\/rubber-tire-chipper-16x12.webp 16w\" sizes=\"auto, (max-width: 720px) 100vw, 720px\" \/><figcaption class=\"wp-element-caption\">Gummireifen-H\u00e4cksler<\/figcaption><\/figure> <\/figure>    <h2 class=\"wp-block-heading\">Wie funktioniert die Reifenzerkleinerungsmaschine?<\/h2>    <p>Arbeitsabl\u00e4ufe der zum Verkauf stehenden Reifen-Schreddermaschine:<\/p>    <ul class=\"wp-block-list\"> <li>Zuf\u00fchrung: Ganze Reifen oder Bl\u00f6cke von Altreifen werden gleichm\u00e4\u00dfig \u00fcber ein F\u00f6rderband in die Zerkleinerungskammer gef\u00fcllt.<\/li>    <li>Doppelwellen-Schneidvorgang: Zwei Niedrigdrehzahl-, Hochdrehmoment-Messersch\u00e4fte rotieren synchron in entgegengesetzte Richtungen und verwenden hochfeste Legierungsbl\u00e4tter, um die Reifen zu schneiden, zu zerrei\u00dfen und zu zerdr\u00fccken.<\/li>    <li>Gr\u00f6\u00dfenkontrolle: Durch die Klingenabst\u00e4nde und das Design des Siebgewebes kann die Gr\u00f6\u00dfe des ausgeschiedenen Materials im Bereich von 50-100 mm kontrolliert werden, um unterschiedlichen Wiederverwendungsanforderungen gerecht zu werden.<\/li>    <li>Erste Trennung der Stahldr\u00e4hte: Der Zerkleinerungsprozess lockert die meisten Stahldr\u00e4hte im Inneren der Reifen f\u00fcr die anschlie\u00dfende magnetische Trennung.<\/li>    <li>Entladef\u00f6rderung: Zerkleinerte Gummibl\u00f6cke werden \u00fcber ein Entladeband zum n\u00e4chsten Prozess, wie Mahlen, Granulieren oder Pressen, transportiert.<\/li> <\/ul>   <div class=\"wp-block-image\"> <figure class=\"aligncenter size-full\"><img loading=\"lazy\" decoding=\"async\" width=\"720\" height=\"540\" src=\"https:\/\/www.plasticgranularmachine.com\/wp-content\/uploads\/2025\/07\/powerful-tire-shredder-machine-for-sale.webp\" alt=\"leistungsstarker Reifen-Schredder zu verkaufen\" class=\"wp-image-1837\" srcset=\"https:\/\/www.plasticgranularmachine.com\/wp-content\/uploads\/2025\/07\/powerful-tire-shredder-machine-for-sale.webp 720w, https:\/\/www.plasticgranularmachine.com\/wp-content\/uploads\/2025\/07\/powerful-tire-shredder-machine-for-sale-300x225.webp 300w, https:\/\/www.plasticgranularmachine.com\/wp-content\/uploads\/2025\/07\/powerful-tire-shredder-machine-for-sale-16x12.webp 16w\" sizes=\"auto, (max-width: 720px) 100vw, 720px\" \/><figcaption class=\"wp-element-caption\">leistungsstarker Reifen-Schredder zu verkaufen<\/figcaption><\/figure> <\/div>   <h2 class=\"wp-block-heading\">Wie passen Gummireifen-Zerkleinerungsmaschinen in ein vollst\u00e4ndiges Recycling-System?<\/h2>    <p>Im gesamten Reifenrecyclingprozess durchlaufen Altreifen zun\u00e4chst eine Vorverarbeitung, die das Entfernen von Stahldr\u00e4hten und das Zerkleinern umfasst. Anschlie\u00dfend werden sie zum Gummireifenzerkleinerer f\u00fcr die erste Zerkleinerung geschickt, wodurch gleichm\u00e4\u00dfig gro\u00dfe Gummiblocke entstehen, die sich leicht weiterverarbeiten lassen. <\/p>    <p class=\"translation-block\">Anschlie\u00dfend gelangen die Gummibl\u00f6cke in den <a href=\"https:\/\/www.plasticgranularmachine.com\/de\/product\/tire-grinder-and-magnetic-separator\/\" data-type=\"link\" data-id=\"https:\/\/www.plasticgranularmachine.com\/product\/tire-grinder-and-magnetic-separator\/\">Reifengranulator<\/a> zur Tiefenzerkleinerung, um feines Gummipulver herzustellen. Dieses Pulver kann bei der Herstellung von recycelten Gummiprodukten wie Gummifu\u00dfbodenfliesen, Laufbahnmaterialien und Dichtungen verwendet werden.<\/p>    <figure class=\"wp-block-gallery has-nested-images columns-default is-cropped wp-block-gallery-5 is-layout-flex wp-block-gallery-is-layout-flex\"> <figure class=\"wp-block-image size-large\"><img loading=\"lazy\" decoding=\"async\" width=\"720\" height=\"540\" data-id=\"1672\" src=\"https:\/\/www.plasticgranularmachine.com\/wp-content\/uploads\/2025\/05\/working-flow-of-the-semi-automatic-rubber-recycling-plant.webp\" alt=\"Arbeitsablauf der halbautomatischen Gummirecycling-Anlage\" class=\"wp-image-1672\" srcset=\"https:\/\/www.plasticgranularmachine.com\/wp-content\/uploads\/2025\/05\/working-flow-of-the-semi-automatic-rubber-recycling-plant.webp 720w, https:\/\/www.plasticgranularmachine.com\/wp-content\/uploads\/2025\/05\/working-flow-of-the-semi-automatic-rubber-recycling-plant-300x225.webp 300w, https:\/\/www.plasticgranularmachine.com\/wp-content\/uploads\/2025\/05\/working-flow-of-the-semi-automatic-rubber-recycling-plant-16x12.webp 16w\" sizes=\"auto, (max-width: 720px) 100vw, 720px\" \/><figcaption class=\"wp-element-caption\">Arbeitsablauf der halbautomatischen Gummirecycling-Anlage<\/figcaption><\/figure>    <figure class=\"wp-block-image size-large\"><img loading=\"lazy\" decoding=\"async\" width=\"720\" height=\"540\" data-id=\"1643\" src=\"https:\/\/www.plasticgranularmachine.com\/wp-content\/uploads\/2025\/04\/crumb-rubber-making-line-3.webp\" alt=\"Krumgummiproduktionslinie 3\" class=\"wp-image-1643\" srcset=\"https:\/\/www.plasticgranularmachine.com\/wp-content\/uploads\/2025\/04\/crumb-rubber-making-line-3.webp 720w, https:\/\/www.plasticgranularmachine.com\/wp-content\/uploads\/2025\/04\/crumb-rubber-making-line-3-300x225.webp 300w, https:\/\/www.plasticgranularmachine.com\/wp-content\/uploads\/2025\/04\/crumb-rubber-making-line-3-16x12.webp 16w\" sizes=\"auto, (max-width: 720px) 100vw, 720px\" \/><figcaption class=\"wp-element-caption\">Krumgummiproduktionslinie 3<\/figcaption><\/figure>    <figure class=\"wp-block-image size-large\"><img loading=\"lazy\" decoding=\"async\" width=\"720\" height=\"540\" data-id=\"1676\" src=\"https:\/\/www.plasticgranularmachine.com\/wp-content\/uploads\/2025\/05\/OTR-tire-recycling-line-working-process.webp\" alt=\"Arbeitsprozess der OTR-Reifen-Recyclinglinie\" class=\"wp-image-1676\" srcset=\"https:\/\/www.plasticgranularmachine.com\/wp-content\/uploads\/2025\/05\/OTR-tire-recycling-line-working-process.webp 720w, https:\/\/www.plasticgranularmachine.com\/wp-content\/uploads\/2025\/05\/OTR-tire-recycling-line-working-process-300x225.webp 300w, https:\/\/www.plasticgranularmachine.com\/wp-content\/uploads\/2025\/05\/OTR-tire-recycling-line-working-process-16x12.webp 16w\" sizes=\"auto, (max-width: 720px) 100vw, 720px\" \/><figcaption class=\"wp-element-caption\">Arbeitsprozess der OTR-Reifen-Recyclinglinie<\/figcaption><\/figure> <\/figure>    <h2 class=\"wp-block-heading\">Anwendung der Ausgaben der Reifenzerkleinerungsmaschine zum Verkauf<\/h2>    <p>Obwohl sie noch nicht in pulverisierter Form vorliegen, haben Gummibl\u00f6cke, die mit Abfallreifen-Schreddern hergestellt werden, eine breite Palette an industriellem und kommerziellem Wert.<\/p>    <ol class=\"wp-block-list\"> <li><strong>Brennstoffersatz:<\/strong> Sie k\u00f6nnen als Industriebr brandstoff verwendet werden, um Kohle und \u00d6l zu ersetzen. Sie werden h\u00e4ufig in den Hochtemperaturverbrennungsprozessen von Zementwerken, Kraftwerken und Papierfabriken eingesetzt.<\/li>    <li><strong>Fundament- und Deponietechnik:<\/strong> Sie k\u00f6nnen f\u00fcr Stra\u00dfen- und Bahnbettungen mit guter Drainage und D\u00e4mpfung verwendet werden.<\/li>    <li><strong>Sto\u00dfd\u00e4mpfende Matten und Polstermaterialien:<\/strong> Gummibl\u00f6cke k\u00f6nnen als F\u00fcllmaterial f\u00fcr Sportpl\u00e4tze, Spielpl\u00e4tze und Antivibrationsmatten im Bauwesen verwendet werden.<\/li>    <li><strong>Verarbeitet zu Gummipulver:<\/strong> Weitere Mahlen kann detailliertere Gummigranulate oder Pulver erzeugen, die f\u00fcr Gummibodenfliesen, Kunstrasenmatten, Dichtungsringe und mehr verwendet werden k\u00f6nnen.<\/li>    <li>Es kann verwendet werden als<strong> Rohmaterial f\u00fcr Gummiformteile<\/strong>, wie Gummiautostopper, Verkehrsberuhigungen, Bodenfliesen, Dichtungen und andere recycelte Produkte. Der Reifenzerkleinerer ist ein unverzichtbares Ger\u00e4t in modernen Reifenrecyclinganlagen.<\/li> <\/ol>    <h2 class=\"wp-block-heading\">Wohin k\u00f6nnen wir unseren Gummireifenzerkleinerer exportieren?<\/h2>    <p class=\"translation-block\">Unser kommerzieller Reifenzerkleinerer zum Verkauf kann f\u00fcr Kunden <strong>weltweit<\/strong> angepasst werden. Egal wo Sie sich befinden, wir k\u00f6nnen Transport, technische Anleitung und Vor-Ort-Installationsservice anbieten. <\/p>    <p>Mit \u00fcberlegener Leistung und einem g\u00fcnstigen Preis f\u00fcr die Reifenzerkleinerungsmaschine hat unser Reifenzerkleinerer zum Verkauf in S\u00fcdafrika, Reifenzerkleinerer zum Verkauf in Australien, Reifenzerkleinerer zum Verkauf im Vereinigten K\u00f6nigreich usw. eine breite Palette einstimmiger Anerkennung erhalten! Wenn Sie interessiert sind, kontaktieren Sie uns bitte!<\/p>    <figure class=\"wp-block-gallery has-nested-images columns-default is-cropped wp-block-gallery-6 is-layout-flex wp-block-gallery-is-layout-flex\"> <figure class=\"wp-block-image size-large\"><img loading=\"lazy\" decoding=\"async\" width=\"720\" height=\"540\" data-id=\"1834\" src=\"https:\/\/www.plasticgranularmachine.com\/wp-content\/uploads\/2025\/07\/Favorable-comments-on-tire-shredder-from-Kenyan-customers.webp\" alt=\"Positive R\u00fcckmeldungen von kenianischen Kunden zum Reifenschredder.\" class=\"wp-image-1834\" srcset=\"https:\/\/www.plasticgranularmachine.com\/wp-content\/uploads\/2025\/07\/Favorable-comments-on-tire-shredder-from-Kenyan-customers.webp 720w, https:\/\/www.plasticgranularmachine.com\/wp-content\/uploads\/2025\/07\/Favorable-comments-on-tire-shredder-from-Kenyan-customers-300x225.webp 300w, https:\/\/www.plasticgranularmachine.com\/wp-content\/uploads\/2025\/07\/Favorable-comments-on-tire-shredder-from-Kenyan-customers-16x12.webp 16w\" sizes=\"auto, (max-width: 720px) 100vw, 720px\" \/><figcaption class=\"wp-element-caption\">Positive R\u00fcckmeldungen von kenianischen Kunden zum Reifenschredder.<\/figcaption><\/figure>    <figure class=\"wp-block-image size-large\"><img loading=\"lazy\" decoding=\"async\" width=\"720\" height=\"540\" data-id=\"1832\" src=\"https:\/\/www.plasticgranularmachine.com\/wp-content\/uploads\/2025\/07\/Customers-visit-the-factory.webp\" alt=\"Kundenbesuch in der Fabrik\" class=\"wp-image-1832\" srcset=\"https:\/\/www.plasticgranularmachine.com\/wp-content\/uploads\/2025\/07\/Customers-visit-the-factory.webp 720w, https:\/\/www.plasticgranularmachine.com\/wp-content\/uploads\/2025\/07\/Customers-visit-the-factory-300x225.webp 300w, https:\/\/www.plasticgranularmachine.com\/wp-content\/uploads\/2025\/07\/Customers-visit-the-factory-16x12.webp 16w\" sizes=\"auto, (max-width: 720px) 100vw, 720px\" \/><figcaption class=\"wp-element-caption\">Kundenbesuch in der Fabrik<\/figcaption><\/figure> <\/figure>","protected":false},"excerpt":{"rendered":"<p>The tire shredder machine for sale plays a key role in the tire recycling process and rubber powder production by efficiently shredding large scrap tires into small pieces, approximately 50-100 mm, that can easily be sold or transported. These pieces can also be ground into fine rubber powder. How to Apply the Waste Tire Shredder? [&hellip;]<\/p>\n","protected":false},"author":1,"featured_media":1843,"parent":0,"template":"","tags":[],"product-type":[75],"class_list":["post-1829","product","type-product","status-publish","has-post-thumbnail","hentry","product-type-tire-recycling-facility"],"_links":{"self":[{"href":"https:\/\/www.plasticgranularmachine.com\/de\/wp-json\/wp\/v2\/product\/1829","targetHints":{"allow":["GET"]}}],"collection":[{"href":"https:\/\/www.plasticgranularmachine.com\/de\/wp-json\/wp\/v2\/product"}],"about":[{"href":"https:\/\/www.plasticgranularmachine.com\/de\/wp-json\/wp\/v2\/types\/product"}],"author":[{"embeddable":true,"href":"https:\/\/www.plasticgranularmachine.com\/de\/wp-json\/wp\/v2\/users\/1"}],"wp:featuredmedia":[{"embeddable":true,"href":"https:\/\/www.plasticgranularmachine.com\/de\/wp-json\/wp\/v2\/media\/1843"}],"wp:attachment":[{"href":"https:\/\/www.plasticgranularmachine.com\/de\/wp-json\/wp\/v2\/media?parent=1829"}],"wp:term":[{"taxonomy":"post_tag","embeddable":true,"href":"https:\/\/www.plasticgranularmachine.com\/de\/wp-json\/wp\/v2\/tags?post=1829"},{"taxonomy":"product-type","embeddable":true,"href":"https:\/\/www.plasticgranularmachine.com\/de\/wp-json\/wp\/v2\/product-type?post=1829"}],"curies":[{"name":"wp","href":"https:\/\/api.w.org\/{rel}","templated":true}]}}