{"id":1848,"date":"2025-07-28T11:23:52","date_gmt":"2025-07-28T03:23:52","guid":{"rendered":"https:\/\/www.plasticgranularmachine.com\/?post_type=product&#038;p=1848"},"modified":"2025-07-28T11:23:53","modified_gmt":"2025-07-28T03:23:53","slug":"waste-tire-cutting-machine","status":"publish","type":"product","link":"https:\/\/www.plasticgranularmachine.com\/de\/product\/waste-tire-cutting-machine\/","title":{"rendered":"Standard-Abfallreifen-Schneidemaschine &amp; OTR-Reifenschneider"},"content":{"rendered":"<p>In vollautomatischen Gummipulver-Produktionslinien ist die Altreifen-Schneidemaschine eine wichtige Ausr\u00fcstung, die verwendet wird, um Reifen vor dem Zerkleinern vorzubehandeln. Sie schneidet komplette Reifen in 2-3 Abschnitte, die leicht in den nachfolgenden Reifenzerkleinerer eingelegt werden k\u00f6nnen. <\/p>    <p>Wir bieten zwei Arten von effizienten Reifenzerkleinerern an, die Standard-Autoreifen mit einem Durchmesser von bis zu 1200 mm und OTR-Reifen von 1400 bis 4000 mm verarbeiten k\u00f6nnen.<\/p>    <figure class=\"wp-block-embed is-type-video is-provider-youtube wp-block-embed-youtube wp-embed-aspect-16-9 wp-has-aspect-ratio\"><div class=\"wp-block-embed__wrapper\"> <iframe loading=\"lazy\" title=\"Altreifen-Schneidemaschine: Ideal f\u00fcr die Vorbearbeitung von Reifen!\" width=\"500\" height=\"281\" src=\"https:\/\/www.youtube.com\/embed\/c1axNqvpzcw?feature=oembed\" frameborder=\"0\" allow=\"accelerometer; autoplay; clipboard-write; encrypted-media; gyroscope; picture-in-picture; web-share\" referrerpolicy=\"strict-origin-when-cross-origin\" allowfullscreen><\/iframe> <\/div><\/figure>    <h2 class=\"wp-block-heading\">Erfahren Sie mehr \u00fcber unsere beiden Arten von Reifen-Schneidemaschinen<\/h2>    <p>Unsere Altreifen-Schneider verwenden Legierungsbl\u00e4tter und Hydrauliktechnologie, um ein effizientes, vollautomatisches Schneiden zu gew\u00e4hrleisten. Im Folgenden sind die Hauptparameter dieser beiden hydraulischen Reifenschneider aufgef\u00fchrt. Dinge wie Farbe, Klingenmaterial usw. k\u00f6nnen gem\u00e4\u00df Ihren Produktionsanforderungen angepasst werden. Bitte kontaktieren Sie uns f\u00fcr weitere Details!<\/p>    <figure class=\"wp-block-table\"><table><thead><tr><th>Modell<\/th><th>Standardreifen-Schneidemaschine<\/th><th>OTR Abfallreifen Schneidemaschine<\/th><\/tr><\/thead><tbody><tr><td>Anwendbare Reifengr\u00f6\u00dfe<\/td><td>900\u20131200 mm (ohne Wulstdr\u00e4hte)<\/td><td>1400\u20134000 mm (ohne Wulstdr\u00e4hte)<\/td><\/tr><tr><td>Ausgabegr\u00f6\u00dfe<\/td><td>Reifenbl\u00f6cke unter 900 mm<\/td><td>Gro\u00dfe Scheiben (ca. 2 Schnitte\/Min)<\/td><\/tr><tr><td>Kapazit\u00e4t<\/td><td>60 Reifen\/Stunde<\/td><td>120 Schnitte\/Stunde<\/td><\/tr><tr><td>Leistung<\/td><td>7,5 kW<\/td><td>7,5 kW<\/td><\/tr><tr><td>Maschinengr\u00f6\u00dfe<\/td><td>1,7*0,8*1,85 m<\/td><td>3,13*1,65*2,7 m<\/td><\/tr><tr><td>Maschinengewicht<\/td><td>1400 kg<\/td><td>7200 kg<\/td><\/tr><tr><td>Klingenmaterial<\/td><td>Cr12MoV Legierungsstahl<\/td><td>Cr12MoV Legierungsstahl<\/td><\/tr><tr><td>Anwendung<\/td><td>Schneiden von PKW- und Kleinlastwagenreifen vor der Zerkleinerung<\/td><td>Schneiden von riesigen OTR-Reifen im Bergbau-Recycling<\/td><\/tr><\/tbody><\/table><\/figure>    <figure class=\"wp-block-gallery has-nested-images columns-default is-cropped wp-block-gallery-2 is-layout-flex wp-block-gallery-is-layout-flex\"> <figure class=\"wp-block-image size-large\"><img loading=\"lazy\" decoding=\"async\" width=\"720\" height=\"540\" data-id=\"1857\" src=\"https:\/\/www.plasticgranularmachine.com\/wp-content\/uploads\/2025\/07\/waste-tire-cutting-machine-for-900-1200-mmm-tires.webp\" alt=\"Abfallreifen-Schneidemaschine f\u00fcr Reifen von 900-1200 mm\" class=\"wp-image-1857\" srcset=\"https:\/\/www.plasticgranularmachine.com\/wp-content\/uploads\/2025\/07\/waste-tire-cutting-machine-for-900-1200-mmm-tires.webp 720w, https:\/\/www.plasticgranularmachine.com\/wp-content\/uploads\/2025\/07\/waste-tire-cutting-machine-for-900-1200-mmm-tires-300x225.webp 300w, https:\/\/www.plasticgranularmachine.com\/wp-content\/uploads\/2025\/07\/waste-tire-cutting-machine-for-900-1200-mmm-tires-16x12.webp 16w\" sizes=\"auto, (max-width: 720px) 100vw, 720px\" \/><figcaption class=\"wp-element-caption\">Abfallreifen-Schneidemaschine f\u00fcr Reifen von 900-1200 mm<\/figcaption><\/figure>    <figure class=\"wp-block-image size-large\"><img loading=\"lazy\" decoding=\"async\" width=\"720\" height=\"540\" data-id=\"1856\" src=\"https:\/\/www.plasticgranularmachine.com\/wp-content\/uploads\/2025\/07\/waste-tire-cutter-for-1400-4000-mm-OTR-tires.webp\" alt=\"Abfallreifenschneider f\u00fcr 1400-4000 mm OTR-Reifen\" class=\"wp-image-1856\" srcset=\"https:\/\/www.plasticgranularmachine.com\/wp-content\/uploads\/2025\/07\/waste-tire-cutter-for-1400-4000-mm-OTR-tires.webp 720w, https:\/\/www.plasticgranularmachine.com\/wp-content\/uploads\/2025\/07\/waste-tire-cutter-for-1400-4000-mm-OTR-tires-300x225.webp 300w, https:\/\/www.plasticgranularmachine.com\/wp-content\/uploads\/2025\/07\/waste-tire-cutter-for-1400-4000-mm-OTR-tires-16x12.webp 16w\" sizes=\"auto, (max-width: 720px) 100vw, 720px\" \/><figcaption class=\"wp-element-caption\">Abfallreifenschneider f\u00fcr 1400-4000 mm OTR-Reifen<\/figcaption><\/figure> <\/figure>    <h2 class=\"wp-block-heading\">Detaillierte Arbeitsabl\u00e4ufe der Abfallreifen-Schneidemaschine<\/h2>    <p>Obwohl unsere beiden Maschinen zum Schneiden von Altreifen f\u00fcr unterschiedliche Arten und Gr\u00f6\u00dfen von Reifen ausgelegt sind, teilen sie sich die gleichen grundlegenden Betriebsprinzipien und -verfahren.<\/p>    <ul class=\"wp-block-list\"> <li>Laden: Platzieren Sie den Reifen sicher, nachdem die Stahldr\u00e4hte entfernt wurden, auf der Plattform unter der Klinge.<\/li>    <li>Start: Aktivieren Sie das hydraulische System, um die obere Klinge nach unten zu bewegen.<\/li>    <li>Schneiden: Die obere Klinge bildet eine Schneidfl\u00e4che mit dem unteren festen Klingenhalter, um den Reifen effizient zu schneiden.<\/li>    <li>Zur\u00fccksetzen: Sobald der Schnitt abgeschlossen ist, \u00e4ndert das hydraulische System die Richtung und setzt die obere Klinge automatisch zur\u00fcck. Dann kann der n\u00e4chste Schneidzyklus durchgef\u00fchrt werden. Der geschnittene Reifen kann dann in einen Reifenzerkleinerer zur weiteren Verarbeitung eingef\u00fchrt werden.<\/li> <\/ul>    <h2 class=\"wp-block-heading\">Hauptmerkmale unserer hydraulischen Reifen-Schneidemaschinen<\/h2>    <ul class=\"wp-block-list\"> <li>Verf\u00fcgbar f\u00fcr sowohl Standard- als auch OTR-Reifen schneiden<\/li>    <li>Das hydraulisch betriebene System gew\u00e4hrleistet hohen Druck und kontinuierliche Schneideffizienz<\/li>    <li>Ausgestattet mit hochfesten gezahnten Klingen f\u00fcr starken Griff und Schneidkraft<\/li>    <li>Cutterk\u00f6rper aus verschlei\u00dffestem Legierungsstahl f\u00fcr Langlebigkeit<\/li>    <li>M\u00e4\u00dfige Leistung, dreiphasiger Elektromotor f\u00fcr Energieeffizienz<\/li>    <li>Optionale vollautomatische Bedienung mit einfacher und sicherer Steuerung<\/li>    <li>Standard- und OTR-Reifen-Schneidemaschinen k\u00f6nnen nahtlos in Recyclinglinien integriert werden, die mit Reifenzerkleinerern, -schleifern und mehr arbeiten<\/li> <\/ul>    <figure class=\"wp-block-gallery has-nested-images columns-default is-cropped wp-block-gallery-3 is-layout-flex wp-block-gallery-is-layout-flex\"> <figure class=\"wp-block-image size-large\"><img loading=\"lazy\" decoding=\"async\" width=\"720\" height=\"540\" data-id=\"1855\" src=\"https:\/\/www.plasticgranularmachine.com\/wp-content\/uploads\/2025\/07\/tire-cutter-with-crocodile-teeth-style-blades.webp\" alt=\"Reifenschneider mit Krokodilszahn-\u00e4hnlichen Klingen\" class=\"wp-image-1855\" srcset=\"https:\/\/www.plasticgranularmachine.com\/wp-content\/uploads\/2025\/07\/tire-cutter-with-crocodile-teeth-style-blades.webp 720w, https:\/\/www.plasticgranularmachine.com\/wp-content\/uploads\/2025\/07\/tire-cutter-with-crocodile-teeth-style-blades-300x225.webp 300w, https:\/\/www.plasticgranularmachine.com\/wp-content\/uploads\/2025\/07\/tire-cutter-with-crocodile-teeth-style-blades-16x12.webp 16w\" sizes=\"auto, (max-width: 720px) 100vw, 720px\" \/><figcaption class=\"wp-element-caption\">Reifenschneider mit Krokodilszahn-\u00e4hnlichen Klingen<\/figcaption><\/figure>    <figure class=\"wp-block-image size-large\"><img loading=\"lazy\" decoding=\"async\" width=\"720\" height=\"540\" data-id=\"1853\" src=\"https:\/\/www.plasticgranularmachine.com\/wp-content\/uploads\/2025\/07\/hydraulic-tire-cutter.webp\" alt=\"Hydraulischer OTR-Reifenschneider\" class=\"wp-image-1853\" srcset=\"https:\/\/www.plasticgranularmachine.com\/wp-content\/uploads\/2025\/07\/hydraulic-tire-cutter.webp 720w, https:\/\/www.plasticgranularmachine.com\/wp-content\/uploads\/2025\/07\/hydraulic-tire-cutter-300x225.webp 300w, https:\/\/www.plasticgranularmachine.com\/wp-content\/uploads\/2025\/07\/hydraulic-tire-cutter-16x12.webp 16w\" sizes=\"auto, (max-width: 720px) 100vw, 720px\" \/><figcaption class=\"wp-element-caption\">Hydraulischer OTR-Reifenschneider<\/figcaption><\/figure> <\/figure>    <h2 class=\"wp-block-heading\">Integration von Reifen-Schneidern in Gummipulver-Recyclinglinien<\/h2>    <p>Reifen-Schneidemaschinen sind entscheidend f\u00fcr das Reifenrecycling und dienen als erster Schritt zur Reduzierung der Reifen Gr\u00f6\u00dfe f\u00fcr weiteres Zerkleinern und Schleifen.<\/p>    <h3 class=\"wp-block-heading\">\u25b6 F\u00fcr Standardreifen (\u22641200mm)<\/h3>    <p class=\"translation-block\">Wir bieten sowohl <a href=\"https:\/\/www.plasticgranularmachine.com\/de\/product\/tire-recycling-production-line\/\" data-type=\"link\" data-id=\"https:\/\/www.plasticgranularmachine.com\/product\/tire-recycling-production-line\/\">halbautomatische<\/a> als auch <a href=\"https:\/\/www.plasticgranularmachine.com\/de\/product\/rubber-recycling-plant\/\" data-type=\"link\" data-id=\"https:\/\/www.plasticgranularmachine.com\/product\/rubber-recycling-plant\/\">vollautomatische Reifenrecycling-Linien f\u00fcr Altreifen.<\/a><br>Die Standard-Schneidemaschine f\u00fcr Altreifen wird typischerweise in vollautomatischen Systemen eingesetzt und arbeitet zusammen mit:<\/p>    <ul class=\"wp-block-list\"> <li>Wulstendrahtentferner \u2192 Reifenschneider \u2192 Reifenzerkleinerer \u2192 Gummischleifer<\/li> <\/ul>    <p>Dieses Setup gew\u00e4hrleistet eine effiziente Stahlentfernung und Reifenverkleinerung f\u00fcr eine reibungslose Pulververarbeitung.<\/p>    <p class=\"translation-block\">Wir bieten auch eine <em>integrierte Wulst- und Schneidemaschine<\/em> an, die in Verbindung mit einem Stahlseparator eine weitere vollst\u00e4ndige automatische Vorverarbeitungsl\u00f6sung darstellt.<\/p>   <div class=\"wp-block-image\"> <figure class=\"aligncenter size-full\"><img loading=\"lazy\" decoding=\"async\" width=\"720\" height=\"540\" src=\"https:\/\/www.plasticgranularmachine.com\/wp-content\/uploads\/2025\/07\/tire-bead-remover-and-cutter-machine.webp\" alt=\"Reifenperlenentferner und Schneidemaschine\" class=\"wp-image-1854\" srcset=\"https:\/\/www.plasticgranularmachine.com\/wp-content\/uploads\/2025\/07\/tire-bead-remover-and-cutter-machine.webp 720w, https:\/\/www.plasticgranularmachine.com\/wp-content\/uploads\/2025\/07\/tire-bead-remover-and-cutter-machine-300x225.webp 300w, https:\/\/www.plasticgranularmachine.com\/wp-content\/uploads\/2025\/07\/tire-bead-remover-and-cutter-machine-16x12.webp 16w\" sizes=\"auto, (max-width: 720px) 100vw, 720px\" \/><figcaption class=\"wp-element-caption\">Reifenperlenentferner und Schneidemaschine<\/figcaption><\/figure> <\/div>   <h3 class=\"wp-block-heading\">\u25b6 F\u00fcr OTR-Reifen (1400\u20134000mm)<\/h3>    <p class=\"translation-block\">Wir bieten zwei flexible <a href=\"https:\/\/www.plasticgranularmachine.com\/de\/product\/otr-tire-recycling-line\/\" data-type=\"link\" data-id=\"https:\/\/www.plasticgranularmachine.com\/product\/otr-tire-recycling-line\/\">OTR-Reifenrecycling-L\u00f6sungen<\/a>:<\/p>    <ul class=\"wp-block-list\"> <li><strong>Plan A<\/strong>:<br>OTR-Reifen-Wulstendrahtentferner \u2192 OTR-Schrottreifen-Schneidemaschine \u2192 Reifenzerkleinerer \u2192 Gummigranulator<\/li>    <li><strong>Plan B<\/strong>:<br>OTR-Reifen-Demontagemaschine \u2192 OTR-Reifen-Schneider \u2192 Abfallreifen-Schredder \u2192 Reifen-Schleifer<\/li> <\/ul>    <p>Diese Maschinen sind speziell f\u00fcr \u00fcbergro\u00dfe Bergbau-Reifen, einschlie\u00dflich R63, konzipiert und gew\u00e4hrleisten eine zuverl\u00e4ssige Gr\u00f6\u00dfenreduzierung und hochgradige Recycling-Effizienz.<\/p>    <h2 class=\"wp-block-heading\">Wie w\u00e4hlt man den richtigen Gummi-Reifen-Schneider f\u00fcr die Vorverarbeitung aus?<\/h2>    <p>Basierend auf den obigen Informationen haben Sie nun ein grundlegendes Verst\u00e4ndnis der verschiedenen Reifen-Schneidemaschinen. Wie w\u00e4hlen Sie also die richtige aus?<\/p>    <p>1. Bestimmen Sie die Reifengr\u00f6\u00dfe und den Typ<\/p>    <ul class=\"wp-block-list\"> <li>Reifendurchmesser &gt; 1400 mm: Verwenden Sie die OTR-Reifen-Schneidemaschine, die f\u00fcr gro\u00dfe Off-Road (OTR) und Bergbau-Reifen geeignet ist.<\/li>    <li>Reifendurchmesser \u2264 1200 mm: W\u00e4hlen Sie zwischen halbautomatischen und vollautomatischen Optionen.<\/li> <\/ul>    <p>2. W\u00e4hlen Sie die Schneidemethode basierend auf Ihrem Budget und Ihrer Kapazit\u00e4t<\/p>    <ul class=\"wp-block-list\"> <li>Wenn Sie ein <strong>begrenztes Budget oder einen kleineren Betrieb haben<\/strong>, A <strong>halbautomatische Reifenrecycling-L\u00f6sung<\/strong> \u2014 einschlie\u00dflich Reifen-Seitenwand-Schneider, Streifenschneider und Blockschneider \u2014 ist eine praktische und wirtschaftliche Wahl.<\/li>    <li>Wenn Sie ben\u00f6tigen <strong>hohe Effizienz, Automatisierung und reduzierte Arbeitskraft<\/strong>, entscheiden Sie sich f\u00fcr unsere vollautomatische Standard-Abfallreifen-Schneidemaschine.<\/li> <\/ul>    <p>Immer noch unsicher? Kein Problem! Unser erfahrenes Verkaufsteam hilft Ihnen, die ideale Reifenzerkleinerungsl\u00f6sung f\u00fcr Ihre spezifischen Recyclingbed\u00fcrfnisse auszuw\u00e4hlen oder anzupassen. Bitte z\u00f6gern Sie nicht, uns zu kontaktieren!<\/p>","protected":false},"excerpt":{"rendered":"<p>In fully automatic rubber powder production lines, the waste tire cutting machine is important equipment used to pretreat tires before shredding. It cuts complete tires into 2-3 sections that are easy to put into the subsequent tire shredder. We offer two types of efficient tire cutters that can process standard automotive tires up to 1200 [&hellip;]<\/p>\n","protected":false},"author":1,"featured_media":1856,"parent":0,"template":"","tags":[],"product-type":[75],"class_list":["post-1848","product","type-product","status-publish","has-post-thumbnail","hentry","product-type-tire-recycling-facility"],"_links":{"self":[{"href":"https:\/\/www.plasticgranularmachine.com\/de\/wp-json\/wp\/v2\/product\/1848","targetHints":{"allow":["GET"]}}],"collection":[{"href":"https:\/\/www.plasticgranularmachine.com\/de\/wp-json\/wp\/v2\/product"}],"about":[{"href":"https:\/\/www.plasticgranularmachine.com\/de\/wp-json\/wp\/v2\/types\/product"}],"author":[{"embeddable":true,"href":"https:\/\/www.plasticgranularmachine.com\/de\/wp-json\/wp\/v2\/users\/1"}],"wp:featuredmedia":[{"embeddable":true,"href":"https:\/\/www.plasticgranularmachine.com\/de\/wp-json\/wp\/v2\/media\/1856"}],"wp:attachment":[{"href":"https:\/\/www.plasticgranularmachine.com\/de\/wp-json\/wp\/v2\/media?parent=1848"}],"wp:term":[{"taxonomy":"post_tag","embeddable":true,"href":"https:\/\/www.plasticgranularmachine.com\/de\/wp-json\/wp\/v2\/tags?post=1848"},{"taxonomy":"product-type","embeddable":true,"href":"https:\/\/www.plasticgranularmachine.com\/de\/wp-json\/wp\/v2\/product-type?post=1848"}],"curies":[{"name":"wp","href":"https:\/\/api.w.org\/{rel}","templated":true}]}}