{"id":1873,"date":"2025-08-11T15:07:30","date_gmt":"2025-08-11T07:07:30","guid":{"rendered":"https:\/\/www.plasticgranularmachine.com\/?post_type=product&#038;p=1873"},"modified":"2025-08-22T17:23:05","modified_gmt":"2025-08-22T09:23:05","slug":"industrial-cardboard-shredder","status":"publish","type":"product","link":"https:\/\/www.plasticgranularmachine.com\/de\/product\/industrial-cardboard-shredder\/","title":{"rendered":"Industrieller Kartonschredder f\u00fcr Verpackungen"},"content":{"rendered":"<p>Mit dem raschen Wachstum der Verpackungs- und Logistikbranche steigt die Nachfrage nach umweltfreundlichen Polstermaterialien \u2013 zusammen mit dem Volumen der weggeworfenen Kartons. Um nachhaltige Verpackungsl\u00f6sungen zu unterst\u00fctzen, bietet Shuliy effiziente industrielle Kartonzerkleinerer an, die Abfallwellpappe in Streifen oder Netzsto\u00dfd\u00e4mpfer umwandeln, ideal f\u00fcr E-Commerce, Lagerhaltung, Versand zerbrechlicher Waren usw.<\/p>    <figure class=\"wp-block-gallery has-nested-images columns-default is-cropped wp-block-gallery-2 is-layout-flex wp-block-gallery-is-layout-flex\"> <figure class=\"wp-block-image size-large\"><img loading=\"lazy\" decoding=\"async\" width=\"720\" height=\"540\" data-id=\"1881\" src=\"https:\/\/www.plasticgranularmachine.com\/wp-content\/uploads\/2025\/08\/mesh-shapes-products.webp\" alt=\"netzf\u00f6rmige Produkte\" class=\"wp-image-1881\" srcset=\"https:\/\/www.plasticgranularmachine.com\/wp-content\/uploads\/2025\/08\/mesh-shapes-products.webp 720w, https:\/\/www.plasticgranularmachine.com\/wp-content\/uploads\/2025\/08\/mesh-shapes-products-300x225.webp 300w, https:\/\/www.plasticgranularmachine.com\/wp-content\/uploads\/2025\/08\/mesh-shapes-products-16x12.webp 16w\" sizes=\"auto, (max-width: 720px) 100vw, 720px\" \/><figcaption class=\"wp-element-caption\">netzf\u00f6rmige Produkte<\/figcaption><\/figure>    <figure class=\"wp-block-image size-large\"><img loading=\"lazy\" decoding=\"async\" width=\"720\" height=\"540\" data-id=\"1884\" src=\"https:\/\/www.plasticgranularmachine.com\/wp-content\/uploads\/2025\/08\/Strip-shaped-finished-product.webp\" alt=\"Streifenf\u00f6rmiges Fertigprodukt\" class=\"wp-image-1884\" srcset=\"https:\/\/www.plasticgranularmachine.com\/wp-content\/uploads\/2025\/08\/Strip-shaped-finished-product.webp 720w, https:\/\/www.plasticgranularmachine.com\/wp-content\/uploads\/2025\/08\/Strip-shaped-finished-product-300x225.webp 300w, https:\/\/www.plasticgranularmachine.com\/wp-content\/uploads\/2025\/08\/Strip-shaped-finished-product-16x12.webp 16w\" sizes=\"auto, (max-width: 720px) 100vw, 720px\" \/><figcaption class=\"wp-element-caption\">Streifenf\u00f6rmiges Fertigprodukt<\/figcaption><\/figure> <\/figure>    <h2 class=\"wp-block-heading\">Was kann von unserem industriellen Kartonzerkleinerer verarbeitet werden?<\/h2>    <p>Der Kartonzerkleinerer wird haupts\u00e4chlich verwendet, um weggeworfene Wellpappe und Kartons zu verarbeiten, die oft aus Lagerh\u00e4usern und Logistikverpackungsabf\u00e4llen stammen. Diese Materialien sind sperrig und nehmen wertvollen Platz ein.<\/p>    <figure class=\"wp-block-gallery has-nested-images columns-default is-cropped wp-block-gallery-3 is-layout-flex wp-block-gallery-is-layout-flex\"> <figure class=\"wp-block-image size-large\"><img loading=\"lazy\" decoding=\"async\" width=\"720\" height=\"540\" data-id=\"1883\" src=\"https:\/\/www.plasticgranularmachine.com\/wp-content\/uploads\/2025\/08\/paper-boxes.webp\" alt=\"Papierkartons\" class=\"wp-image-1883\" srcset=\"https:\/\/www.plasticgranularmachine.com\/wp-content\/uploads\/2025\/08\/paper-boxes.webp 720w, https:\/\/www.plasticgranularmachine.com\/wp-content\/uploads\/2025\/08\/paper-boxes-300x225.webp 300w, https:\/\/www.plasticgranularmachine.com\/wp-content\/uploads\/2025\/08\/paper-boxes-16x12.webp 16w\" sizes=\"auto, (max-width: 720px) 100vw, 720px\" \/><figcaption class=\"wp-element-caption\">Papierkartons<\/figcaption><\/figure>    <figure class=\"wp-block-image size-large\"><img loading=\"lazy\" decoding=\"async\" width=\"720\" height=\"540\" data-id=\"1877\" src=\"https:\/\/www.plasticgranularmachine.com\/wp-content\/uploads\/2025\/08\/corrugated-cardboard.webp\" alt=\"Wellpappe\" class=\"wp-image-1877\" srcset=\"https:\/\/www.plasticgranularmachine.com\/wp-content\/uploads\/2025\/08\/corrugated-cardboard.webp 720w, https:\/\/www.plasticgranularmachine.com\/wp-content\/uploads\/2025\/08\/corrugated-cardboard-300x225.webp 300w, https:\/\/www.plasticgranularmachine.com\/wp-content\/uploads\/2025\/08\/corrugated-cardboard-16x12.webp 16w\" sizes=\"auto, (max-width: 720px) 100vw, 720px\" \/><figcaption class=\"wp-element-caption\">Wellpappe<\/figcaption><\/figure> <\/figure>    <p>Nach der Verarbeitung wird die Abfallpappe in flexibles, sto\u00dfd\u00e4mpfendes F\u00fcllmaterial umgewandelt, das f\u00fcr die Verpackung verwendet wird. Es stehen zwei Hauptarten von Ausgaben zur Verf\u00fcgung:<\/p>    <figure class=\"wp-block-gallery has-nested-images columns-default is-cropped wp-block-gallery-4 is-layout-flex wp-block-gallery-is-layout-flex\"> <figure class=\"wp-block-image size-large\"><img loading=\"lazy\" decoding=\"async\" width=\"720\" height=\"540\" data-id=\"1885\" src=\"https:\/\/www.plasticgranularmachine.com\/wp-content\/uploads\/2025\/08\/The-finished-product-of-the-cardboard-shredder.webp\" alt=\"Das Fertigprodukt des Kartonzerkleinerers\" class=\"wp-image-1885\" srcset=\"https:\/\/www.plasticgranularmachine.com\/wp-content\/uploads\/2025\/08\/The-finished-product-of-the-cardboard-shredder.webp 720w, https:\/\/www.plasticgranularmachine.com\/wp-content\/uploads\/2025\/08\/The-finished-product-of-the-cardboard-shredder-300x225.webp 300w, https:\/\/www.plasticgranularmachine.com\/wp-content\/uploads\/2025\/08\/The-finished-product-of-the-cardboard-shredder-16x12.webp 16w\" sizes=\"auto, (max-width: 720px) 100vw, 720px\" \/><figcaption class=\"wp-element-caption\">Das Fertigprodukt des Kartonzerkleinerers<\/figcaption><\/figure>    <figure class=\"wp-block-image size-large\"><img loading=\"lazy\" decoding=\"async\" width=\"720\" height=\"540\" data-id=\"1876\" src=\"https:\/\/www.plasticgranularmachine.com\/wp-content\/uploads\/2025\/08\/cardboard-shredder-produces-strip-shaped-products.webp\" alt=\"Kartonzerkleinerer produziert streifenf\u00f6rmige Produkte\" class=\"wp-image-1876\" srcset=\"https:\/\/www.plasticgranularmachine.com\/wp-content\/uploads\/2025\/08\/cardboard-shredder-produces-strip-shaped-products.webp 720w, https:\/\/www.plasticgranularmachine.com\/wp-content\/uploads\/2025\/08\/cardboard-shredder-produces-strip-shaped-products-300x225.webp 300w, https:\/\/www.plasticgranularmachine.com\/wp-content\/uploads\/2025\/08\/cardboard-shredder-produces-strip-shaped-products-16x12.webp 16w\" sizes=\"auto, (max-width: 720px) 100vw, 720px\" \/><figcaption class=\"wp-element-caption\">Kartonzerkleinerer produziert streifenf\u00f6rmige Produkte<\/figcaption><\/figure> <\/figure>    <ul class=\"wp-block-list\"> <li>Netz (Waben) Stil <ul class=\"wp-block-list\"> <li>Wirkt wie ein Papierpolster<\/li>    <li>Ideal zum Wickeln um zerbrechliche Gegenst\u00e4nde (Glas, Keramik, Elektronik)<\/li>    <li>Luftig, flexibel und atmungsaktiv<\/li>    <li>\u00c4hnlich wie Plastikluftpolsterfolie, aber 100 % biologisch abbaubar<\/li> <\/ul> <\/li>    <li>Streifen (Band) Stil <ul class=\"wp-block-list\"> <li>Verwendet, um leeren Raum in Kartons zu f\u00fcllen<\/li>    <li>Bietet Anti-Vibrations- und Kompressionsschutz<\/li>    <li>Geeignet zum Polstern schwerer oder unregelm\u00e4\u00dfig geformter Waren<\/li> <\/ul> <\/li> <\/ul>    <figure class=\"wp-block-gallery has-nested-images columns-default is-cropped wp-block-gallery-5 is-layout-flex wp-block-gallery-is-layout-flex\"> <figure class=\"wp-block-image size-large\"><img loading=\"lazy\" decoding=\"async\" width=\"720\" height=\"540\" data-id=\"1879\" src=\"https:\/\/www.plasticgranularmachine.com\/wp-content\/uploads\/2025\/08\/filling-material.webp\" alt=\"F\u00fcllmaterial\" class=\"wp-image-1879\" srcset=\"https:\/\/www.plasticgranularmachine.com\/wp-content\/uploads\/2025\/08\/filling-material.webp 720w, https:\/\/www.plasticgranularmachine.com\/wp-content\/uploads\/2025\/08\/filling-material-300x225.webp 300w, https:\/\/www.plasticgranularmachine.com\/wp-content\/uploads\/2025\/08\/filling-material-16x12.webp 16w\" sizes=\"auto, (max-width: 720px) 100vw, 720px\" \/><figcaption class=\"wp-element-caption\">F\u00fcllmaterial<\/figcaption><\/figure>    <figure class=\"wp-block-image size-large\"><img loading=\"lazy\" decoding=\"async\" width=\"720\" height=\"540\" data-id=\"1878\" src=\"https:\/\/www.plasticgranularmachine.com\/wp-content\/uploads\/2025\/08\/filler.webp\" alt=\"F\u00fcller\" class=\"wp-image-1878\" srcset=\"https:\/\/www.plasticgranularmachine.com\/wp-content\/uploads\/2025\/08\/filler.webp 720w, https:\/\/www.plasticgranularmachine.com\/wp-content\/uploads\/2025\/08\/filler-300x225.webp 300w, https:\/\/www.plasticgranularmachine.com\/wp-content\/uploads\/2025\/08\/filler-16x12.webp 16w\" sizes=\"auto, (max-width: 720px) 100vw, 720px\" \/><figcaption class=\"wp-element-caption\">F\u00fcller<\/figcaption><\/figure> <\/figure>    <h2 class=\"wp-block-heading\">Was kann Ihnen unser Kartonzerkleinerer bringen?<\/h2>    <ul class=\"wp-block-list\"> <li>Erm\u00f6glicht das Recycling von Abfallpappe vor Ort zur Unterst\u00fctzung umweltfreundlicher Verpackungen<\/li>    <li>Reduziert erheblich die Kosten f\u00fcr Schaumstoff, Luftpolsterfolie und andere F\u00fcllmaterialien<\/li>    <li>Kompakte Maschinenausf\u00fchrung mit kleinem Platzbedarf \u2013 ideal f\u00fcr jede Verpackungsstation<\/li>    <li>Unterst\u00fctzt sowohl Streifen- als auch Netzoutput, um unterschiedlichen Verpackungsbed\u00fcrfnissen gerecht zu werden<\/li>    <li>Hochmargige recycelte Ausgabe \u2013 perfekt f\u00fcr schnelle Rendite in E-Commerce-Betrieben<\/li>    <li>Anpassbare Spannung, Stecker und Spezifikationen f\u00fcr verschiedene L\u00e4nder verf\u00fcgbar<\/li> <\/ul>   <div class=\"wp-block-image\"> <figure class=\"aligncenter size-full\"><img loading=\"lazy\" decoding=\"async\" width=\"720\" height=\"540\" src=\"https:\/\/www.plasticgranularmachine.com\/wp-content\/uploads\/2025\/08\/cardboard-box-shredder.webp\" alt=\"Kartonzerkleinerer\" class=\"wp-image-1874\" srcset=\"https:\/\/www.plasticgranularmachine.com\/wp-content\/uploads\/2025\/08\/cardboard-box-shredder.webp 720w, https:\/\/www.plasticgranularmachine.com\/wp-content\/uploads\/2025\/08\/cardboard-box-shredder-300x225.webp 300w, https:\/\/www.plasticgranularmachine.com\/wp-content\/uploads\/2025\/08\/cardboard-box-shredder-16x12.webp 16w\" sizes=\"auto, (max-width: 720px) 100vw, 720px\" \/><figcaption class=\"wp-element-caption\">Kartonzerkleinerer<\/figcaption><\/figure> <\/div>   <h2 class=\"wp-block-heading\">Technische Daten der Papier- und Kartonzerkleinerer<\/h2>    <p>Einige Parameter der industriellen Kartonzerkleinerer sind wie folgt. Wenn Sie mehr erfahren m\u00f6chten, z\u00f6gern Sie nicht, uns zu kontaktieren!<\/p>    <figure class=\"wp-block-table\"><table><thead><tr><th>Modell<\/th><th><strong>SL-325<\/strong><\/th><th><strong>SL-425<\/strong><\/th><\/tr><\/thead><tbody><tr><td><strong>Maximale Zerkleinerungsbreite<\/strong><\/td><td>325mm<\/td><td>425mm<\/td><\/tr><tr><td><strong>Materialkompatibilit\u00e4t<\/strong><\/td><td>3-5 Lagen Wellpappe, Kartons<\/td><td>5-7 Lagen Wellpappe, dicke Kartons<\/td><\/tr><tr><td><strong>Zerkleinerungsstil<\/strong><\/td><td>Streifen- \/ Netzschnitt (einstellbar)<\/td><td>Streifen- \/ Netzschnitt (einstellbar)<\/td><\/tr><tr><td><strong>Endausgabe Verwendung<\/strong><\/td><td>Schutzverpackungsf\u00fcller, sto\u00dfd\u00e4mpfendes Netz<\/td><td>Schutzverpackungsf\u00fcller, sto\u00dfd\u00e4mpfendes Netz<\/td><\/tr><tr><td><strong>Eingangsbreite<\/strong><\/td><td>20mm<\/td><td>20mm<\/td><\/tr><tr><td><strong>Spannung (anpassbar)<\/strong><\/td><td>220V 50Hz (benutzerdefinierter Stecker\/Spannung verf\u00fcgbar)<\/td><td>380V 50Hz (benutzerdefinierter Stecker\/Spannung verf\u00fcgbar)<\/td><\/tr><tr><td><strong>Stromverbrauch<\/strong><\/td><td>1,5KW<\/td><td>2,2 kW<\/td><\/tr><tr><td><strong>Zerkleinerungsgeschwindigkeit<\/strong><\/td><td>12m\/min<\/td><td>12m\/min<\/td><\/tr><tr><td><strong>Netto Gewicht<\/strong><\/td><td>86,5Kg<\/td><td>164Kg<\/td><\/tr><tr><td><strong>Maschinenabmessungen (L*B*H)<\/strong><\/td><td>500*350*830mm<\/td><td>700*680*970mm<\/td><\/tr><tr><td><strong>Typische Anwendungen<\/strong><\/td><td>E-Commerce-Verpackung, Recycling von Lagerabf\u00e4llen<\/td><td>Industrielle Kartonverarbeitung, Verpackungszentren<\/td><\/tr><tr><td><strong>Vorteilshighlight<\/strong><\/td><td>Kosten f\u00fcr Luftpolsterfolie\/Schaumstoffe sparen, kompakte Gr\u00f6\u00dfe, schnelle Rendite<\/td><td>Verpackungsmaterialkosten sparen, hohe Kompatibilit\u00e4t<\/td><\/tr><\/tbody><\/table><\/figure>   <div class=\"wp-block-image\"> <figure class=\"aligncenter size-large\"><img loading=\"lazy\" decoding=\"async\" width=\"720\" height=\"540\" src=\"https:\/\/www.plasticgranularmachine.com\/wp-content\/uploads\/2025\/08\/two-types-of-industrial-cardboard-shredder.webp\" alt=\"zwei Arten von industriellen Kartonzerkleinerern\" class=\"wp-image-1886\" srcset=\"https:\/\/www.plasticgranularmachine.com\/wp-content\/uploads\/2025\/08\/two-types-of-industrial-cardboard-shredder.webp 720w, https:\/\/www.plasticgranularmachine.com\/wp-content\/uploads\/2025\/08\/two-types-of-industrial-cardboard-shredder-300x225.webp 300w, https:\/\/www.plasticgranularmachine.com\/wp-content\/uploads\/2025\/08\/two-types-of-industrial-cardboard-shredder-16x12.webp 16w\" sizes=\"auto, (max-width: 720px) 100vw, 720px\" \/><figcaption class=\"wp-element-caption\">zwei Arten von industriellen Kartonzerkleinerern<\/figcaption><\/figure> <\/div>   <h2 class=\"wp-block-heading\">Wie funktioniert der Papierzerkleinerer f\u00fcr Karton?<\/h2>    <p>Der industrielle Kartonschredder von Shuliy verarbeitet Alt-Wellkarton durch einen sicheren und effizienten mechanischen Prozess zu Polstermaterial. So funktioniert er:<\/p>    <ul class=\"wp-block-list\"> <li><strong>Zuf\u00fchren des Kartons:<\/strong> Flache Wellpappe in den 20 mm gro\u00dfen vorderen Einlass einf\u00fchren. Geeignet f\u00fcr gestapelte Pappe.<\/li>    <li><strong>Transportmechanismus: <\/strong>Interne Walzen ziehen die Pappe automatisch an, was gleichm\u00e4\u00dfigen Druck und reibungslose Bewegung gew\u00e4hrleistet.<\/li>    <li><strong>Schneiden und Expandieren:<\/strong> Die Pappe durchl\u00e4uft eine Schneidwalze mit scharfen Klingen. Sowohl Netz- als auch Streifenarten sind verf\u00fcgbar. Und das Klingenmodul kann manuell zwischen den Stilen gewechselt werden.<\/li>    <li><strong>Abflachen und Expandieren:<\/strong> F\u00fcr den Netzstil wird die Papierbox w\u00e4hrend des Schneidens leicht gedehnt, sodass sich die Lagen f\u00fcr Flexibilit\u00e4t trennen.<\/li>    <li><strong>Ausgabeverbesserung:<\/strong> Das verarbeitete Material wird von hinten ausgesto\u00dfen und ist bereit zur Verwendung als Verpackungsf\u00fcller.<\/li>    <li><strong>Staubfreier und sicherer Betrieb:<\/strong> Der Prozess ist staubfrei, l\u00e4uft leise und umfasst Sicherheitsmerkmale, um Handverletzungen zu verhindern.<\/li> <\/ul>   <div class=\"wp-block-image\"> <figure class=\"aligncenter size-full\"><img loading=\"lazy\" decoding=\"async\" width=\"720\" height=\"540\" src=\"https:\/\/www.plasticgranularmachine.com\/wp-content\/uploads\/2025\/08\/working-process-of-the-paper-shredder-for-cardboard.webp\" alt=\"Arbeitsprozess des Papierzerkleinerers f\u00fcr Karton\" class=\"wp-image-1887\" srcset=\"https:\/\/www.plasticgranularmachine.com\/wp-content\/uploads\/2025\/08\/working-process-of-the-paper-shredder-for-cardboard.webp 720w, https:\/\/www.plasticgranularmachine.com\/wp-content\/uploads\/2025\/08\/working-process-of-the-paper-shredder-for-cardboard-300x225.webp 300w, https:\/\/www.plasticgranularmachine.com\/wp-content\/uploads\/2025\/08\/working-process-of-the-paper-shredder-for-cardboard-16x12.webp 16w\" sizes=\"auto, (max-width: 720px) 100vw, 720px\" \/><figcaption class=\"wp-element-caption\">Arbeitsprozess des Papierzerkleinerers f\u00fcr Karton<\/figcaption><\/figure> <\/div>   <h2 class=\"wp-block-heading\">Sehen Sie unseren Kartonschredder in Aktion<\/h2>    <figure class=\"wp-block-embed is-type-video is-provider-youtube wp-block-embed-youtube wp-embed-aspect-16-9 wp-has-aspect-ratio\"><div class=\"wp-block-embed__wrapper\"> <iframe loading=\"lazy\" title=\"Die ultimative Verpackungsmaschine? Schreddern von Karton, EPE-Schaumstoff und Aluminiumfolie\" width=\"500\" height=\"281\" src=\"https:\/\/www.youtube.com\/embed\/WT6cmb7mtqQ?feature=oembed\" frameborder=\"0\" allow=\"accelerometer; autoplay; clipboard-write; encrypted-media; gyroscope; picture-in-picture; web-share\" referrerpolicy=\"strict-origin-when-cross-origin\" allowfullscreen><\/iframe> <\/div><\/figure>    <h2 class=\"wp-block-heading\">Vertraut von globalen Kunden<\/h2>    <p class=\"translation-block\">Shuliy's industrielle Kartonschredder wurden erfolgreich an Kunden weltweit geliefert und werden h\u00e4ufig in der E-Commerce-Verpackung, der Logistik und der landwirtschaftlichen Verpackung eingesetzt. Viele Kunden w\u00e4hlen auch unsere <a href=\"https:\/\/www.plasticgranularmachine.com\/de\/product\/egg-tray-making-machine\/\" data-type=\"link\" data-id=\"https:\/\/www.plasticgranularmachine.com\/product\/egg-tray-making-machine\/\">Eierkartonmaschine<\/a>, um Altpapier f\u00fcr zus\u00e4tzlichen Gewinn zu recyceln. Egal, ob Sie eine Netz- oder Streifen-Ausgabe ben\u00f6tigen, wir unterst\u00fctzen kundenspezifische Anpassungen, um Ihre lokalen Spannungs- und Steckerstandards zu erf\u00fcllen.<\/p>    <p>Bereit, Ihren Verpackungsprozess zu verbessern? Kontaktieren Sie uns noch heute f\u00fcr ein kostenloses Angebot!<\/p>    <figure class=\"wp-block-gallery has-nested-images columns-default is-cropped wp-block-gallery-6 is-layout-flex wp-block-gallery-is-layout-flex\"> <figure class=\"wp-block-image size-large\"><img loading=\"lazy\" decoding=\"async\" width=\"720\" height=\"540\" data-id=\"1882\" src=\"https:\/\/www.plasticgranularmachine.com\/wp-content\/uploads\/2025\/08\/paper-and-cardboard-shredder-to-Peru.webp\" alt=\"Papier- und Kartonzerkleinerer nach Peru\" class=\"wp-image-1882\" srcset=\"https:\/\/www.plasticgranularmachine.com\/wp-content\/uploads\/2025\/08\/paper-and-cardboard-shredder-to-Peru.webp 720w, https:\/\/www.plasticgranularmachine.com\/wp-content\/uploads\/2025\/08\/paper-and-cardboard-shredder-to-Peru-300x225.webp 300w, https:\/\/www.plasticgranularmachine.com\/wp-content\/uploads\/2025\/08\/paper-and-cardboard-shredder-to-Peru-16x12.webp 16w\" sizes=\"auto, (max-width: 720px) 100vw, 720px\" \/><figcaption class=\"wp-element-caption\">Papier- und Kartonzerkleinerer nach Peru<\/figcaption><\/figure>    <figure class=\"wp-block-image size-large\"><img loading=\"lazy\" decoding=\"async\" width=\"720\" height=\"540\" data-id=\"1880\" src=\"https:\/\/www.plasticgranularmachine.com\/wp-content\/uploads\/2025\/08\/industrial-cardboard-shredder-to-Canada.webp\" alt=\"industrieller Kartonzerkleinerer nach Kanada\" class=\"wp-image-1880\" srcset=\"https:\/\/www.plasticgranularmachine.com\/wp-content\/uploads\/2025\/08\/industrial-cardboard-shredder-to-Canada.webp 720w, https:\/\/www.plasticgranularmachine.com\/wp-content\/uploads\/2025\/08\/industrial-cardboard-shredder-to-Canada-300x225.webp 300w, https:\/\/www.plasticgranularmachine.com\/wp-content\/uploads\/2025\/08\/industrial-cardboard-shredder-to-Canada-16x12.webp 16w\" sizes=\"auto, (max-width: 720px) 100vw, 720px\" \/><figcaption class=\"wp-element-caption\">industrieller Kartonzerkleinerer nach Kanada<\/figcaption><\/figure>    <figure class=\"wp-block-image size-large\"><img loading=\"lazy\" decoding=\"async\" width=\"720\" height=\"540\" data-id=\"1875\" src=\"https:\/\/www.plasticgranularmachine.com\/wp-content\/uploads\/2025\/08\/cardboard-paper-shredding-machine-exported-to-Malaysia.webp\" alt=\"Kartonpapierzerkleinerer nach Malaysia exportiert\" class=\"wp-image-1875\" srcset=\"https:\/\/www.plasticgranularmachine.com\/wp-content\/uploads\/2025\/08\/cardboard-paper-shredding-machine-exported-to-Malaysia.webp 720w, https:\/\/www.plasticgranularmachine.com\/wp-content\/uploads\/2025\/08\/cardboard-paper-shredding-machine-exported-to-Malaysia-300x225.webp 300w, https:\/\/www.plasticgranularmachine.com\/wp-content\/uploads\/2025\/08\/cardboard-paper-shredding-machine-exported-to-Malaysia-16x12.webp 16w\" sizes=\"auto, (max-width: 720px) 100vw, 720px\" \/><figcaption class=\"wp-element-caption\">Kartonpapierzerkleinerer nach Malaysia exportiert<\/figcaption><\/figure> <\/figure>","protected":false},"excerpt":{"rendered":"<p>With the rapid growth of the packaging and logistics industries, the demand for eco-friendly cushioning materials is increasing\u2014along with the volume of discarded cardboard boxes. To support sustainable packaging solutions, Shuliy offers efficient industrial cardboard shredders that turn waste corrugated boxes into strips or mesh shock-absorbing fillers, ideal for e-commerce, warehousing, shipping fragile goods, etc. [&hellip;]<\/p>\n","protected":false},"author":1,"featured_media":1874,"parent":0,"template":"","tags":[],"product-type":[79],"class_list":["post-1873","product","type-product","status-publish","has-post-thumbnail","hentry","product-type-paper-recycling-machine"],"_links":{"self":[{"href":"https:\/\/www.plasticgranularmachine.com\/de\/wp-json\/wp\/v2\/product\/1873","targetHints":{"allow":["GET"]}}],"collection":[{"href":"https:\/\/www.plasticgranularmachine.com\/de\/wp-json\/wp\/v2\/product"}],"about":[{"href":"https:\/\/www.plasticgranularmachine.com\/de\/wp-json\/wp\/v2\/types\/product"}],"author":[{"embeddable":true,"href":"https:\/\/www.plasticgranularmachine.com\/de\/wp-json\/wp\/v2\/users\/1"}],"wp:featuredmedia":[{"embeddable":true,"href":"https:\/\/www.plasticgranularmachine.com\/de\/wp-json\/wp\/v2\/media\/1874"}],"wp:attachment":[{"href":"https:\/\/www.plasticgranularmachine.com\/de\/wp-json\/wp\/v2\/media?parent=1873"}],"wp:term":[{"taxonomy":"post_tag","embeddable":true,"href":"https:\/\/www.plasticgranularmachine.com\/de\/wp-json\/wp\/v2\/tags?post=1873"},{"taxonomy":"product-type","embeddable":true,"href":"https:\/\/www.plasticgranularmachine.com\/de\/wp-json\/wp\/v2\/product-type?post=1873"}],"curies":[{"name":"wp","href":"https:\/\/api.w.org\/{rel}","templated":true}]}}