{"id":1921,"date":"2025-09-16T18:09:00","date_gmt":"2025-09-16T10:09:00","guid":{"rendered":"https:\/\/www.plasticgranularmachine.com\/?post_type=product&#038;p=1921"},"modified":"2025-09-22T16:21:21","modified_gmt":"2025-09-22T08:21:21","slug":"hydraulic-gantry-shear","status":"publish","type":"product","link":"https:\/\/www.plasticgranularmachine.com\/de\/product\/hydraulic-gantry-shear\/","title":{"rendered":"Hochleistungs-Hydraulik-Gantryschere f\u00fcr maximalen Schrottdurchsatz"},"content":{"rendered":"<p>F\u00fcr industrielle Betriebe, die schweren Schrott verarbeiten, sind Effizienz und Zuverl\u00e4ssigkeit von gr\u00f6\u00dfter Bedeutung. Die Herausforderung besteht darin, \u00fcbergro\u00dfe und dichte Metalle schnell zu verarbeiten, ohne die Sicherheit zu beeintr\u00e4chtigen oder \u00fcberm\u00e4\u00dfige Betriebskosten zu verursachen.<\/p>    <p>Unsere hydraulische Portalschere ist speziell entwickelt, um diese Anforderungen zu erf\u00fcllen. Sie ist eine robuste, leistungsstarke L\u00f6sung, die f\u00fcr den Dauerbetrieb in den anspruchsvollsten Metallrecycling-Umgebungen ausgelegt ist. Diese Schere liefert die Leistung und Pr\u00e4zision, die erforderlich sind, um Rohschrott in wertvolles, ofenfertiges Material umzuwandeln.<\/p>   <div class=\"wp-block-image\"> <figure class=\"aligncenter size-full\"><img loading=\"lazy\" decoding=\"async\" width=\"720\" height=\"540\" src=\"https:\/\/www.plasticgranularmachine.com\/wp-content\/uploads\/2025\/09\/hydraulic-gantry-shear-for-metal-recycling.webp\" alt=\"hydraulische Portalschere f\u00fcr Metallrecycling\" class=\"wp-image-1926\" srcset=\"https:\/\/www.plasticgranularmachine.com\/wp-content\/uploads\/2025\/09\/hydraulic-gantry-shear-for-metal-recycling.webp 720w, https:\/\/www.plasticgranularmachine.com\/wp-content\/uploads\/2025\/09\/hydraulic-gantry-shear-for-metal-recycling-300x225.webp 300w, https:\/\/www.plasticgranularmachine.com\/wp-content\/uploads\/2025\/09\/hydraulic-gantry-shear-for-metal-recycling-16x12.webp 16w\" sizes=\"auto, (max-width: 720px) 100vw, 720px\" \/><figcaption class=\"wp-element-caption\">hydraulische Portalschere f\u00fcr Metallrecycling<\/figcaption><\/figure> <\/div>   <h2 class=\"wp-block-heading\">Konstruiert f\u00fcr Leistung und Rentabilit\u00e4t<\/h2>    <p>Ineffiziente Schrottverarbeitung f\u00fchrt zu Engp\u00e4ssen und verringertem Umsatz. Unsere hydraulische Portalschere ist darauf ausgelegt, Ihre Betriebseffizienz direkt zu steigern.<\/p>    <ul class=\"wp-block-list\"> <li><strong>Vielseitige Schnitteigenschaften:<\/strong> Verarbeitet eine breite Palette von Materialien, von dicken Stahlplatten und Tragwerkselementen bis zu Rohren und B\u00fcndelabf\u00e4llen, mit konstanter Kraft.<\/li>    <li><strong>Optimiert f\u00fcr hohe Durchsatzleistung:<\/strong> Eine Kombination aus gro\u00dfem F\u00f6rderraum und hoher Zyklenrate (bis zu 6 Schnitte\/min) gew\u00e4hrleistet maximale Materialzufuhr und Produktivit\u00e4t.<\/li>    <li><strong>Designed for Low-Labor Operation:<\/strong> Das fortschrittliche SPS-System automatisiert den Schnittzyklus. Ein geschulter Bediener kann den gesamten Prozess steuern, wodurch der Arbeitsaufwand deutlich reduziert wird.<\/li>    <li><strong>Unverz\u00fcgliche Sicherheitsstandards:<\/strong> Die Sicherheit des Bedieners ist ein zentrales Designprinzip und umfasst integrierte Schutzvorrichtungen, zertifizierte elektrische Bauteile und zuverl\u00e4ssige Not-Aus-Systeme.<\/li> <\/ul>    <figure class=\"wp-block-gallery has-nested-images columns-default is-cropped wp-block-gallery-2 is-layout-flex wp-block-gallery-is-layout-flex\"> <figure class=\"wp-block-image size-large\"><img loading=\"lazy\" decoding=\"async\" width=\"720\" height=\"540\" data-id=\"1928\" src=\"https:\/\/www.plasticgranularmachine.com\/wp-content\/uploads\/2025\/09\/irregular-thick-steel-plate.webp\" alt=\"unregelm\u00e4\u00dfige dicke Stahlplatte\" class=\"wp-image-1928\" srcset=\"https:\/\/www.plasticgranularmachine.com\/wp-content\/uploads\/2025\/09\/irregular-thick-steel-plate.webp 720w, https:\/\/www.plasticgranularmachine.com\/wp-content\/uploads\/2025\/09\/irregular-thick-steel-plate-300x225.webp 300w, https:\/\/www.plasticgranularmachine.com\/wp-content\/uploads\/2025\/09\/irregular-thick-steel-plate-16x12.webp 16w\" sizes=\"auto, (max-width: 720px) 100vw, 720px\" \/><figcaption class=\"wp-element-caption\">unregelm\u00e4\u00dfige dicke Stahlplatte<\/figcaption><\/figure>    <figure class=\"wp-block-image size-large\"><img loading=\"lazy\" decoding=\"async\" width=\"720\" height=\"540\" data-id=\"1929\" src=\"https:\/\/www.plasticgranularmachine.com\/wp-content\/uploads\/2025\/09\/long-steel-pipe.webp\" alt=\"langes Stahlrohr\" class=\"wp-image-1929\" srcset=\"https:\/\/www.plasticgranularmachine.com\/wp-content\/uploads\/2025\/09\/long-steel-pipe.webp 720w, https:\/\/www.plasticgranularmachine.com\/wp-content\/uploads\/2025\/09\/long-steel-pipe-300x225.webp 300w, https:\/\/www.plasticgranularmachine.com\/wp-content\/uploads\/2025\/09\/long-steel-pipe-16x12.webp 16w\" sizes=\"auto, (max-width: 720px) 100vw, 720px\" \/><figcaption class=\"wp-element-caption\">langes Stahlrohr<\/figcaption><\/figure>    <figure class=\"wp-block-image size-large\"><img loading=\"lazy\" decoding=\"async\" width=\"720\" height=\"540\" data-id=\"1936\" src=\"https:\/\/www.plasticgranularmachine.com\/wp-content\/uploads\/2025\/09\/waste-metal-bales.webp\" alt=\"Altmetallballen\" class=\"wp-image-1936\" srcset=\"https:\/\/www.plasticgranularmachine.com\/wp-content\/uploads\/2025\/09\/waste-metal-bales.webp 720w, https:\/\/www.plasticgranularmachine.com\/wp-content\/uploads\/2025\/09\/waste-metal-bales-300x225.webp 300w, https:\/\/www.plasticgranularmachine.com\/wp-content\/uploads\/2025\/09\/waste-metal-bales-16x12.webp 16w\" sizes=\"auto, (max-width: 720px) 100vw, 720px\" \/><figcaption class=\"wp-element-caption\">Altmetallballen<\/figcaption><\/figure> <\/figure>    <h2 class=\"wp-block-heading\">Kerntechnische und technische Vorteile<\/h2>    <p>Langzeitzuverl\u00e4ssigkeit ist keine Option; sie ist eine Voraussetzung. Wir bauen unsere Ger\u00e4te so, dass sie jahrelang intensiven Einsatz aushalten.<\/p>    <h3 class=\"wp-block-heading\">Robuste Strukturingenieurtechnik<\/h3>    <p>Das Fundament der Maschine ist ein spannungsfrei gegl\u00fchter Schwerstahlrahmen, der au\u00dfergew\u00f6hnliche Steifigkeit bietet. Wichtige Kontaktpunkte sind durch austauschbare, geh\u00e4rtete Verschlei\u00dfplatten gesch\u00fctzt, was Langlebigkeit garantiert und die langfristige Wartung vereinfacht.<\/p>    <figure class=\"wp-block-gallery has-nested-images columns-default is-cropped wp-block-gallery-3 is-layout-flex wp-block-gallery-is-layout-flex\"> <figure class=\"wp-block-image size-large\"><img loading=\"lazy\" decoding=\"async\" width=\"720\" height=\"540\" data-id=\"1934\" src=\"https:\/\/www.plasticgranularmachine.com\/wp-content\/uploads\/2025\/09\/the-heavy-duty-base-and-frame-structure-of-a-complete-hydraulic-gantry-shear.webp\" alt=\"die schwere Basis und Rahmenstruktur einer kompletten hydraulischen Portalschere\" class=\"wp-image-1934\" srcset=\"https:\/\/www.plasticgranularmachine.com\/wp-content\/uploads\/2025\/09\/the-heavy-duty-base-and-frame-structure-of-a-complete-hydraulic-gantry-shear.webp 720w, https:\/\/www.plasticgranularmachine.com\/wp-content\/uploads\/2025\/09\/the-heavy-duty-base-and-frame-structure-of-a-complete-hydraulic-gantry-shear-300x225.webp 300w, https:\/\/www.plasticgranularmachine.com\/wp-content\/uploads\/2025\/09\/the-heavy-duty-base-and-frame-structure-of-a-complete-hydraulic-gantry-shear-16x12.webp 16w\" sizes=\"auto, (max-width: 720px) 100vw, 720px\" \/><figcaption class=\"wp-element-caption\">die schwere Basis und Rahmenstruktur einer kompletten hydraulischen Portalschere<\/figcaption><\/figure>    <figure class=\"wp-block-image size-large\"><img loading=\"lazy\" decoding=\"async\" width=\"720\" height=\"540\" data-id=\"1935\" src=\"https:\/\/www.plasticgranularmachine.com\/wp-content\/uploads\/2025\/09\/the-unpainted-steel-support-base-and-side-hydraulic-cylinders-of-a-gantry-shears-silo.webp\" alt=\"der unlackierte Stahlst\u00fctzsockel und seitliche Hydraulikzylinder des Silos einer Portalschere\" class=\"wp-image-1935\" srcset=\"https:\/\/www.plasticgranularmachine.com\/wp-content\/uploads\/2025\/09\/the-unpainted-steel-support-base-and-side-hydraulic-cylinders-of-a-gantry-shears-silo.webp 720w, https:\/\/www.plasticgranularmachine.com\/wp-content\/uploads\/2025\/09\/the-unpainted-steel-support-base-and-side-hydraulic-cylinders-of-a-gantry-shears-silo-300x225.webp 300w, https:\/\/www.plasticgranularmachine.com\/wp-content\/uploads\/2025\/09\/the-unpainted-steel-support-base-and-side-hydraulic-cylinders-of-a-gantry-shears-silo-16x12.webp 16w\" sizes=\"auto, (max-width: 720px) 100vw, 720px\" \/><figcaption class=\"wp-element-caption\">die unlackierte Stahlst\u00fctzbasis und seitliche Hydraulikzylinder eines Portalschneiders im Silo<\/figcaption><\/figure> <\/figure>    <h3 class=\"wp-block-heading\">Hocheffizientes Hydrauliksystem<\/h3>    <p>Im Herzen unserer hydraulischen Portalschere befindet sich ein pr\u00e4zisionsgefertigtes Hydrauliksystem. Es nutzt hochwertige Pumpen und Logikventile, um gleichm\u00e4\u00dfige Leistung effizient zu liefern. Ein integrierter K\u00fchlkreislauf h\u00e4lt optimale Betriebstemperaturen aufrecht, verhindert die Verschlechterung von Hydraulikkomponenten und sichert die Leistungsstabilit\u00e4t w\u00e4hrend langer Schichten.<\/p>    <figure class=\"wp-block-gallery has-nested-images columns-default is-cropped wp-block-gallery-4 is-layout-flex wp-block-gallery-is-layout-flex\"> <figure class=\"wp-block-image size-large\"><img loading=\"lazy\" decoding=\"async\" width=\"720\" height=\"540\" data-id=\"1933\" src=\"https:\/\/www.plasticgranularmachine.com\/wp-content\/uploads\/2025\/09\/the-complete-hydraulic-system-of-a-gantry-shear-showing-the-power-unit-cylinders-and-hose-network.webp\" alt=\"das vollst\u00e4ndige Hydrauliksystem einer Portalschere, das die Antriebseinheit, Zylinder und den Schlauchanschluss zeigt\" class=\"wp-image-1933\" srcset=\"https:\/\/www.plasticgranularmachine.com\/wp-content\/uploads\/2025\/09\/the-complete-hydraulic-system-of-a-gantry-shear-showing-the-power-unit-cylinders-and-hose-network.webp 720w, https:\/\/www.plasticgranularmachine.com\/wp-content\/uploads\/2025\/09\/the-complete-hydraulic-system-of-a-gantry-shear-showing-the-power-unit-cylinders-and-hose-network-300x225.webp 300w, https:\/\/www.plasticgranularmachine.com\/wp-content\/uploads\/2025\/09\/the-complete-hydraulic-system-of-a-gantry-shear-showing-the-power-unit-cylinders-and-hose-network-16x12.webp 16w\" sizes=\"auto, (max-width: 720px) 100vw, 720px\" \/><figcaption class=\"wp-element-caption\">das vollst\u00e4ndige Hydrauliksystem einer Portalschere, das die Antriebseinheit, Zylinder und den Schlauchanschluss zeigt<\/figcaption><\/figure>    <figure class=\"wp-block-image size-large\"><img loading=\"lazy\" decoding=\"async\" width=\"720\" height=\"540\" data-id=\"1922\" src=\"https:\/\/www.plasticgranularmachine.com\/wp-content\/uploads\/2025\/09\/close-up-of-the-main-hydraulic-cylinders-and-high-pressure-pipes-on-a-heavy-duty-hydraulic-gantry-shear.webp\" alt=\"Nahaufnahme der Hauptzylinder und Hochdruckleitungen einer schweren hydraulischen Portalschere\" class=\"wp-image-1922\" srcset=\"https:\/\/www.plasticgranularmachine.com\/wp-content\/uploads\/2025\/09\/close-up-of-the-main-hydraulic-cylinders-and-high-pressure-pipes-on-a-heavy-duty-hydraulic-gantry-shear.webp 720w, https:\/\/www.plasticgranularmachine.com\/wp-content\/uploads\/2025\/09\/close-up-of-the-main-hydraulic-cylinders-and-high-pressure-pipes-on-a-heavy-duty-hydraulic-gantry-shear-300x225.webp 300w, https:\/\/www.plasticgranularmachine.com\/wp-content\/uploads\/2025\/09\/close-up-of-the-main-hydraulic-cylinders-and-high-pressure-pipes-on-a-heavy-duty-hydraulic-gantry-shear-16x12.webp 16w\" sizes=\"auto, (max-width: 720px) 100vw, 720px\" \/><figcaption class=\"wp-element-caption\">Nahaufnahme der Hauptzylinder und Hochdruckleitungen einer schweren hydraulischen Portalschere<\/figcaption><\/figure> <\/figure>    <h3 class=\"wp-block-heading\">Intuitive PLC-Steuerungsschnittstelle<\/h3>    <p>Die Maschine wird \u00fcber einen benutzerfreundlichen Touchscreen (HMI) gesteuert. Diese Schnittstelle bietet eine klare Betriebssteuerung und Systemdiagnose, sodass Bediener:<\/p>    <ul class=\"wp-block-list\"> <li>Schneidl\u00e4nge und Systemdr\u00fccke pr\u00e4zise einstellen.<\/li>    <li>Maschinenstatus in Echtzeit \u00fcberwachen.<\/li>    <li>Einfach zwischen Automatik- und Handbetrieb wechseln f\u00fcr Flexibilit\u00e4t.<\/li> <\/ul>    <figure class=\"wp-block-gallery has-nested-images columns-default is-cropped wp-block-gallery-5 is-layout-flex wp-block-gallery-is-layout-flex\"> <figure class=\"wp-block-image size-large\"><img loading=\"lazy\" decoding=\"async\" width=\"720\" height=\"540\" data-id=\"1931\" src=\"https:\/\/www.plasticgranularmachine.com\/wp-content\/uploads\/2025\/09\/PLC-control-console-and-electrical-cabinet-for-the-hydraulic-gantry-shear.webp\" alt=\"PLC-Bedienpult und Schaltschrank f\u00fcr die hydraulische Portalschere\" class=\"wp-image-1931\" srcset=\"https:\/\/www.plasticgranularmachine.com\/wp-content\/uploads\/2025\/09\/PLC-control-console-and-electrical-cabinet-for-the-hydraulic-gantry-shear.webp 720w, https:\/\/www.plasticgranularmachine.com\/wp-content\/uploads\/2025\/09\/PLC-control-console-and-electrical-cabinet-for-the-hydraulic-gantry-shear-300x225.webp 300w, https:\/\/www.plasticgranularmachine.com\/wp-content\/uploads\/2025\/09\/PLC-control-console-and-electrical-cabinet-for-the-hydraulic-gantry-shear-16x12.webp 16w\" sizes=\"auto, (max-width: 720px) 100vw, 720px\" \/><figcaption class=\"wp-element-caption\">PLC-Bedienpult und Schaltschrank f\u00fcr die hydraulische Portalschere<\/figcaption><\/figure>    <figure class=\"wp-block-image size-large\"><img loading=\"lazy\" decoding=\"async\" width=\"720\" height=\"520\" data-id=\"1924\" src=\"https:\/\/www.plasticgranularmachine.com\/wp-content\/uploads\/2025\/09\/gantry-shear-operator-panel-with-push-buttons-and-remote-control.webp\" alt=\"Bedienpult der Portalschere mit Drucktasten und Fernsteuerung\" class=\"wp-image-1924\" srcset=\"https:\/\/www.plasticgranularmachine.com\/wp-content\/uploads\/2025\/09\/gantry-shear-operator-panel-with-push-buttons-and-remote-control.webp 720w, https:\/\/www.plasticgranularmachine.com\/wp-content\/uploads\/2025\/09\/gantry-shear-operator-panel-with-push-buttons-and-remote-control-300x217.webp 300w, https:\/\/www.plasticgranularmachine.com\/wp-content\/uploads\/2025\/09\/gantry-shear-operator-panel-with-push-buttons-and-remote-control-18x12.webp 18w\" sizes=\"auto, (max-width: 720px) 100vw, 720px\" \/><figcaption class=\"wp-element-caption\">Bedienpult der Portalschere mit Drucktasten und Fernsteuerung<\/figcaption><\/figure> <\/figure>    <p>Dies macht unsere Portalschere zu einem anspruchsvollen und dennoch einfach zu bedienenden Werkzeug.<\/p>    <h2 class=\"wp-block-heading\">Technische Spezifikationen (Beispiel: Modell 850T)<\/h2>    <figure class=\"wp-block-table\"><table class=\"has-fixed-layout\"><thead><tr><th>Parameter<\/th><th>Spezifikation<\/th><th>Betriebsvorteil<\/th><\/tr><\/thead><tbody><tr><td><strong>Nennscherkraft<\/strong><\/td><td>850 Tonnen<\/td><td>Liefert die Leistung, die f\u00fcr die anspruchsvollsten Materialien ben\u00f6tigt wird.<\/td><\/tr><tr><td><strong>Materialkastenma\u00dfe<\/strong><\/td><td>8000*1900*900mm<\/td><td>Nimmt gro\u00dfe und unregelm\u00e4\u00dfig geformte Schrottteile auf.<\/td><\/tr><tr><td><strong>Max. Schnittbreite<\/strong><\/td><td>2000mm<\/td><td>Reduziert den Bedarf an Materialvorverarbeitung.<\/td><\/tr><tr><td><strong>Zyklusrate<\/strong><\/td><td>3\u20136 Schnitte\/Min<\/td><td>Gew\u00e4hrleistet, dass pro Stunde ein hohes Materialvolumen verarbeitet wird.<\/td><\/tr><tr><td><strong>Steuerungssystem<\/strong><\/td><td>PLC Automatik<\/td><td>Garantiert gleichm\u00e4\u00dfige, reproduzierbare Leistung.<\/td><\/tr><\/tbody><\/table><\/figure>    <p class=\"translation-block\"><em>Hinweis: Wir sind auf kundenspezifische Konfigurationen spezialisiert. Unsere Ingenieure k\u00f6nnen eine hydraulische Portalschere entwerfen, die Ihren spezifischen Betriebsanforderungen entspricht.<\/em><\/p>    <figure class=\"wp-block-gallery has-nested-images columns-default is-cropped wp-block-gallery-6 is-layout-flex wp-block-gallery-is-layout-flex\"> <figure class=\"wp-block-image size-large\"><img loading=\"lazy\" decoding=\"async\" width=\"720\" height=\"540\" data-id=\"1925\" src=\"https:\/\/www.plasticgranularmachine.com\/wp-content\/uploads\/2025\/09\/hydraulic-gantry-shear-2.webp\" alt=\"hydraulische Portalschere (2)\" class=\"wp-image-1925\" srcset=\"https:\/\/www.plasticgranularmachine.com\/wp-content\/uploads\/2025\/09\/hydraulic-gantry-shear-2.webp 720w, https:\/\/www.plasticgranularmachine.com\/wp-content\/uploads\/2025\/09\/hydraulic-gantry-shear-2-300x225.webp 300w, https:\/\/www.plasticgranularmachine.com\/wp-content\/uploads\/2025\/09\/hydraulic-gantry-shear-2-16x12.webp 16w\" sizes=\"auto, (max-width: 720px) 100vw, 720px\" \/><figcaption class=\"wp-element-caption\">hydraulische Portalschere (2)<\/figcaption><\/figure>    <figure class=\"wp-block-image size-large\"><img loading=\"lazy\" decoding=\"async\" width=\"720\" height=\"540\" data-id=\"1923\" src=\"https:\/\/www.plasticgranularmachine.com\/wp-content\/uploads\/2025\/09\/gantry-shear-in-the-factory.webp\" alt=\"Portalschere in der Fabrik\" class=\"wp-image-1923\" srcset=\"https:\/\/www.plasticgranularmachine.com\/wp-content\/uploads\/2025\/09\/gantry-shear-in-the-factory.webp 720w, https:\/\/www.plasticgranularmachine.com\/wp-content\/uploads\/2025\/09\/gantry-shear-in-the-factory-300x225.webp 300w, https:\/\/www.plasticgranularmachine.com\/wp-content\/uploads\/2025\/09\/gantry-shear-in-the-factory-16x12.webp 16w\" sizes=\"auto, (max-width: 720px) 100vw, 720px\" \/><figcaption class=\"wp-element-caption\">Portalschere in der Fabrik<\/figcaption><\/figure> <\/figure>    <h2 class=\"wp-block-heading\">Ideale Anwendungen<\/h2>    <p>Diese Schwerlast-Schrottschere ist ein Hauptbestandteil f\u00fcr:<\/p>    <ul class=\"wp-block-list\"> <li>Metallrecyclinganlagen<\/li>    <li>Gro\u00dfangelegte Schrottpl\u00e4tze<\/li>    <li>Abbruchunternehmen<\/li>    <li>Stahlwerke und Gie\u00dfereien<\/li> <\/ul>    <p class=\"translation-block\">F\u00fcr das Verdichten von Materialien zu dichten, einheitlichen Ballen sollten Sie unsere Ger\u00e4te mit unserer Reihe von <a href=\"https:\/\/www.plasticgranularmachine.com\/de\/product\/hydraulic-metal-baler\/\" data-type=\"link\" data-id=\"https:\/\/www.plasticgranularmachine.com\/product\/hydraulic-metal-baler\/\">Hochleistungs-Metallpressen<\/a> kombinieren. Zusammen bilden eine hydraulische Portalschere und eine Presse ein umfassendes und hocheffizientes Schrottverarbeitungssystem.<\/p>   <div class=\"wp-block-image\"> <figure class=\"aligncenter size-full\"><img loading=\"lazy\" decoding=\"async\" width=\"750\" height=\"750\" src=\"https:\/\/www.plasticgranularmachine.com\/wp-content\/uploads\/2025\/09\/metal-scrap-baler.webp\" alt=\"Metallschrottballenpresse\" class=\"wp-image-1930\" srcset=\"https:\/\/www.plasticgranularmachine.com\/wp-content\/uploads\/2025\/09\/metal-scrap-baler.webp 750w, https:\/\/www.plasticgranularmachine.com\/wp-content\/uploads\/2025\/09\/metal-scrap-baler-300x300.webp 300w, https:\/\/www.plasticgranularmachine.com\/wp-content\/uploads\/2025\/09\/metal-scrap-baler-150x150.webp 150w, https:\/\/www.plasticgranularmachine.com\/wp-content\/uploads\/2025\/09\/metal-scrap-baler-12x12.webp 12w\" sizes=\"auto, (max-width: 750px) 100vw, 750px\" \/><figcaption class=\"wp-element-caption\">Metallschrottballenpresse<\/figcaption><\/figure> <\/div>   <h2 class=\"wp-block-heading\">Ihr Partner f\u00fcr fortschrittliche Recyclingl\u00f6sungen<\/h2>    <p>Die Wahl unserer Ger\u00e4te ist der Beginn einer langfristigen Partnerschaft. Wir bieten umfassenden Support.<\/p>    <ul class=\"wp-block-list\"> <li>Technische Beratung: Unsere Experten arbeiten mit Ihnen zusammen, um die ideale Maschinenkonfiguration f\u00fcr Ihre Anforderungen zu definieren.<\/li>    <li>Installation &amp; Schulung: Wir bieten professionelle Vor-Ort-Einrichtung und umfassende Bedienerschulung.<\/li>    <li>Reaktionsschneller technischer Support: Unser Team steht bereit, um Probleme zu diagnostizieren und L\u00f6sungen bereitzustellen, um Ihre Betriebszeit zu maximieren.<\/li>    <li>Transparente Garantie: Wir bieten eine klare und umfassende Garantie f\u00fcr all unsere Ger\u00e4te.<\/li> <\/ul>    <p>Um Ihre spezifische Anwendung zu besprechen oder detaillierte technische Spezifikationen anzufordern, kontaktieren Sie bitte unser Ingenieurteam.<\/p>   <div class=\"wp-block-image\"> <figure class=\"aligncenter size-full\"><img loading=\"lazy\" decoding=\"async\" width=\"540\" height=\"619\" src=\"https:\/\/www.plasticgranularmachine.com\/wp-content\/uploads\/2025\/09\/recycle-metals-with-our-gantry-shear.png\" alt=\"recyceln Sie Metalle mit unserer Portalschere\" class=\"wp-image-1932\" srcset=\"https:\/\/www.plasticgranularmachine.com\/wp-content\/uploads\/2025\/09\/recycle-metals-with-our-gantry-shear.png 540w, https:\/\/www.plasticgranularmachine.com\/wp-content\/uploads\/2025\/09\/recycle-metals-with-our-gantry-shear-262x300.png 262w, https:\/\/www.plasticgranularmachine.com\/wp-content\/uploads\/2025\/09\/recycle-metals-with-our-gantry-shear-10x12.png 10w\" sizes=\"auto, (max-width: 540px) 100vw, 540px\" \/><figcaption class=\"wp-element-caption\">recyceln Sie Metalle mit unserer Portalschere<\/figcaption><\/figure> <\/div>","protected":false},"excerpt":{"rendered":"<p>For industrial operations handling heavy scrap metal, efficiency and reliability are paramount. The challenge lies in processing oversized and dense metals quickly without compromising safety or incurring excessive operational costs. Our hydraulic gantry shear is engineered specifically to meet these demands. It is a robust, high-performance solution designed for continuous operation in the most challenging [&hellip;]<\/p>\n","protected":false},"author":1,"featured_media":1927,"parent":0,"template":"","tags":[],"product-type":[78],"class_list":["post-1921","product","type-product","status-publish","has-post-thumbnail","hentry","product-type-metal-recycling-machine"],"_links":{"self":[{"href":"https:\/\/www.plasticgranularmachine.com\/de\/wp-json\/wp\/v2\/product\/1921","targetHints":{"allow":["GET"]}}],"collection":[{"href":"https:\/\/www.plasticgranularmachine.com\/de\/wp-json\/wp\/v2\/product"}],"about":[{"href":"https:\/\/www.plasticgranularmachine.com\/de\/wp-json\/wp\/v2\/types\/product"}],"author":[{"embeddable":true,"href":"https:\/\/www.plasticgranularmachine.com\/de\/wp-json\/wp\/v2\/users\/1"}],"wp:featuredmedia":[{"embeddable":true,"href":"https:\/\/www.plasticgranularmachine.com\/de\/wp-json\/wp\/v2\/media\/1927"}],"wp:attachment":[{"href":"https:\/\/www.plasticgranularmachine.com\/de\/wp-json\/wp\/v2\/media?parent=1921"}],"wp:term":[{"taxonomy":"post_tag","embeddable":true,"href":"https:\/\/www.plasticgranularmachine.com\/de\/wp-json\/wp\/v2\/tags?post=1921"},{"taxonomy":"product-type","embeddable":true,"href":"https:\/\/www.plasticgranularmachine.com\/de\/wp-json\/wp\/v2\/product-type?post=1921"}],"curies":[{"name":"wp","href":"https:\/\/api.w.org\/{rel}","templated":true}]}}