{"id":1944,"date":"2025-10-09T14:56:17","date_gmt":"2025-10-09T06:56:17","guid":{"rendered":"https:\/\/www.plasticgranularmachine.com\/?post_type=product&#038;p=1944"},"modified":"2025-10-10T11:29:02","modified_gmt":"2025-10-10T03:29:02","slug":"fiber-separator","status":"publish","type":"product","link":"https:\/\/www.plasticgranularmachine.com\/de\/product\/fiber-separator\/","title":{"rendered":"Fasertrennmaschine: Verbesserung der Reinheit von Gummikrumb"},"content":{"rendered":"<p>Der Fasernseparator ist ein unverzichtbares Ausr\u00fcstungsteil f\u00fcr jeden ernsthaften Reifenrecyclingbetrieb. Er ist speziell darauf ausgelegt, die kritische Reinigungsstufe nach dem ersten Zerkleinern und Granulieren anzugehen. Durch die Integration dieses Ger\u00e4ts in Ihre Linie wechseln Sie von der Herstellung einfachen Krumbs zu einem hochwertigen, spezifizierten Rohmaterial.<\/p>    <p>Dies geht nicht nur um Reinigung; es geht um pr\u00e4zise Qualit\u00e4tskontrolle, die sich direkt auf Ihre Bilanz auswirkt.<\/p>    <h2 class=\"wp-block-heading\">Wichtige Vorteile f\u00fcr Reifenrecycler<\/h2>    <ul class=\"wp-block-list\"> <li><strong>Go Beyond &#8216;Clean&#8217;\u2014Achieve Verifiable Purity:<\/strong> This fiber separator is designed to remove over 99% of fiber contaminants. This level of purity isn&#8217;t just visually noticeable; it&#8217;s a verifiable specification that allows you to confidently sell your rubber powder to more demanding markets.<\/li>    <li><strong>Hochwertiges Material f\u00fcr bessere Anwendungen produzieren:<\/strong> Ultra-clean rubber powder is the key ingredient for higher-value end products. It&#8217;s essential for creating durable molded goods, consistent athletic surfaces, and high-performance rubberized asphalt, opening up more profitable revenue streams.<\/li>    <li><strong>Konstante Ausgabe sicherstellen, Charge f\u00fcr Charge:<\/strong> Manuelle oder weniger effiziente Trennmethoden f\u00fchren zu inkonsistenter Qualit\u00e4t. Der Fasentrenner automatisiert den Prozess und garantiert eine gleichm\u00e4\u00dfige, hochreine Ausgabe bei jedem Betriebsstunde. Diese Konsistenz ist es, die einen Ruf f\u00fcr Zuverl\u00e4ssigkeit bei Ihren Kunden aufbaut.<\/li>    <li><strong>F\u00fcr die Anforderungen einer Recyclinganlage gebaut:<\/strong> Wir verstehen, dass Recyclinganlagen anspruchsvoll f\u00fcr die Maschinen sind. Deshalb ist diese Maschine aus robustem Stahl gebaut und mit einem leistungsstarken, zuverl\u00e4ssigen Motor ausgestattet. Sie ist f\u00fcr den Dauerbetrieb mit minimalen Ausfallzeiten konzipiert.<\/li> <\/ul>    <h2 class=\"wp-block-heading\">Die Wissenschaft der Trennung, einfach gemacht<\/h2>    <p>Das Arbeitsprinzip hinter unserem Fasernseparator ist leistungsstark, aber einfach. Es verwendet Luft, um Materialien nach Gewicht und Dichte zu sortieren \u2013 eine Methode, die sowohl hochwirksam als auch wartungsarm ist.<\/p>    <ul class=\"wp-block-list\"> <li><strong>Das Gemisch aus Gummigranulat und Faserfluff aus Ihrem Granulator wird in die Oberseite des Trennturms eingespeist.<\/strong> Das Gemisch aus Gummigranulat und Faserfluff aus Ihrem Granulator wird in die Oberseite des Trennturms eingespeist.<\/li>    <li><strong>Einen aufsteigenden Lufts\u00e4ule erzeugen:<\/strong> Ein leistungsstarker Ventilator erzeugt eine pr\u00e4zise kontrollierte aufsteigende Lufts\u00e4ule durch den Turm.<\/li>    <li><strong>Nach Gewicht und Dichte sortieren:<\/strong> Wenn das Material f\u00e4llt, passiert die Magie. Die schwereren Gummigranulate sind zu dicht, um vom Luftstrom gehoben zu werden, und fallen gerade nach unten, um durch eine Ablass\u00f6ffnung am Boden auszuscheiden.<\/li>    <li><strong>Die Faser extrahieren:<\/strong> Die leichteren, fluffigeren Fasern werden leicht vom aufsteigenden Luftstrom erfasst, nach oben getragen und in ein separates Zyklon-Sammelsystem geleitet.<\/li> <\/ul>    <p>Das Ergebnis sind zwei klare, unterschiedliche Materialstr\u00f6me: reines Gummipulver und getrennte Fasern.<\/p>    <h2 class=\"wp-block-heading\">Technische Spezifikationen unserer Fasern Separatormaschine<\/h2>    <p>Der SL-1000 ist unser meistverkaufter Fasernseparator, mit unten aufgef\u00fchrten Schl\u00fcsselparametern. Informieren Sie uns einfach \u00fcber Ihre Produktionsanforderungen, und wir bieten Ihnen eine ma\u00dfgeschneiderte Ger\u00e4te-L\u00f6sung.<\/p>    <figure class=\"wp-block-table\"><table class=\"has-fixed-layout\"><thead><tr><th>Spezifikation<\/th><th>Parameter<\/th><\/tr><\/thead><tbody><tr><td><strong>Modell<\/strong><\/td><td>SL-1000<\/td><\/tr><tr><td><strong>Motorleistung<\/strong><\/td><td>5,5 KW<\/td><\/tr><tr><td><strong>Motordrehzahl<\/strong><\/td><td>760 r\/min<\/td><\/tr><tr><td><strong>Kapazit\u00e4t<\/strong><\/td><td>800-1000 kg\/h<\/td><\/tr><tr><td><strong>Abmessungen (L*B*H)<\/strong><\/td><td>1500*1500*3400 mm<\/td><\/tr><tr><td><strong>Gewicht<\/strong><\/td><td>1600 kg<\/td><\/tr><\/tbody><\/table><\/figure>    <h2 class=\"wp-block-heading\">H\u00e4ufig gestellte Fragen (FAQ)<\/h2>   <div id=\"rank-math-faq\" class=\"rank-math-block\"> <div class=\"rank-math-list\"> <div id=\"faq-question-1759198501371\" class=\"rank-math-list-item\"> <h3 class=\"rank-math-question\">1. Warum ist das Entfernen von Fasern f\u00fcr recyceltes Gummipulver so kritisch?<\/h3> <div class=\"rank-math-answer\">  <p>Fasern bilden einen Schwachpunkt in Endprodukten. Das Entfernen f\u00fchrt zu st\u00e4rkeren, langlebigeren Materialien. Es sorgt auch f\u00fcr eine bessere Bindung, wenn das Gummi mit anderen Mitteln wie Asphalt oder Polyurethanbindemitteln gemischt wird.<\/p>  <\/div> <\/div> <div id=\"faq-question-1759198525384\" class=\"rank-math-list-item\"> <h3 class=\"rank-math-question\">2. Kann diese Maschine Flusen von Autoreifen und Lkw-Reifen verarbeiten?<\/h3> <div class=\"rank-math-answer\">  <p>Absolut. Das System ist hochwirksam beim Entfernen der verschiedenen Textil- und Nylonfasern, die in Pkw-Reifen sowie schweren Nutzfahrzeugreifen enthalten sind.<\/p>  <\/div> <\/div> <div id=\"faq-question-1759198547270\" class=\"rank-math-list-item\"> <h3 class=\"rank-math-question\">3. Wie viel Wartung ben\u00f6tigt die Maschine?<\/h3> <div class=\"rank-math-answer\">  <p>Bei der Gestaltung wurde bewusst Einfachheit gew\u00e4hlt, um Wartung zu minimieren. Zu den regelm\u00e4\u00dfigen Aufgaben geh\u00f6ren die \u00dcberpr\u00fcfung der Motor- und L\u00fcfterlager und das regelm\u00e4\u00dfige Entleeren der Fasern-Sammel-Einheit. Er ist auf maximale Betriebszeit ausgelegt.<\/p>  <\/div> <\/div> <\/div> <\/div>","protected":false},"excerpt":{"rendered":"<p>The fiber separator is an essential piece of equipment for any serious tire recycling operation. It is specifically engineered to address the critical stage of purification after the initial shredding and granulation. By integrating this machine into your line, you move from producing basic crumb to manufacturing a high-quality, specified raw material. This isn&#8217;t just [&hellip;]<\/p>\n","protected":false},"author":1,"featured_media":1947,"parent":0,"template":"","tags":[],"product-type":[75],"class_list":["post-1944","product","type-product","status-publish","has-post-thumbnail","hentry","product-type-tire-recycling-facility"],"_links":{"self":[{"href":"https:\/\/www.plasticgranularmachine.com\/de\/wp-json\/wp\/v2\/product\/1944","targetHints":{"allow":["GET"]}}],"collection":[{"href":"https:\/\/www.plasticgranularmachine.com\/de\/wp-json\/wp\/v2\/product"}],"about":[{"href":"https:\/\/www.plasticgranularmachine.com\/de\/wp-json\/wp\/v2\/types\/product"}],"author":[{"embeddable":true,"href":"https:\/\/www.plasticgranularmachine.com\/de\/wp-json\/wp\/v2\/users\/1"}],"wp:featuredmedia":[{"embeddable":true,"href":"https:\/\/www.plasticgranularmachine.com\/de\/wp-json\/wp\/v2\/media\/1947"}],"wp:attachment":[{"href":"https:\/\/www.plasticgranularmachine.com\/de\/wp-json\/wp\/v2\/media?parent=1944"}],"wp:term":[{"taxonomy":"post_tag","embeddable":true,"href":"https:\/\/www.plasticgranularmachine.com\/de\/wp-json\/wp\/v2\/tags?post=1944"},{"taxonomy":"product-type","embeddable":true,"href":"https:\/\/www.plasticgranularmachine.com\/de\/wp-json\/wp\/v2\/product-type?post=1944"}],"curies":[{"name":"wp","href":"https:\/\/api.w.org\/{rel}","templated":true}]}}