{"id":1971,"date":"2025-10-20T14:54:33","date_gmt":"2025-10-20T06:54:33","guid":{"rendered":"https:\/\/www.plasticgranularmachine.com\/?post_type=product&#038;p=1971"},"modified":"2025-10-20T14:54:33","modified_gmt":"2025-10-20T06:54:33","slug":"egg-tray-dryer","status":"publish","type":"product","link":"https:\/\/www.plasticgranularmachine.com\/de\/product\/egg-tray-dryer\/","title":{"rendered":"Eierkarton-Trockner f\u00fcr Ihre Eierkarton-Produktionslinie"},"content":{"rendered":"<p>Eierkarton-Trockner werden typischerweise mit Eierkarton-Formmaschinen verwendet, um feuchte Eierkartons nach dem Formen schnell zu trocknen, was die Produktionseffizienz und Stabilit\u00e4t erh\u00f6ht. Ein zuverl\u00e4ssiges Eierkarton-Trocknungssystem gew\u00e4hrleistet einen reibungslosen, kontinuierlichen Betrieb und senkt gleichzeitig den Energieverbrauch. <\/p>    <p>wir bieten umfassende und anpassbare L\u00f6sungen f\u00fcr die Papiertrocknung, entwickelt, um Ihre spezifische Produktionsgr\u00f6\u00dfe und Rohmaterialbed\u00fcrfnisse zu erf\u00fcllen.<\/p>    <h2 class=\"wp-block-heading\">Mehrere Eierkarton-Trockner zur Auswahl<\/h2>    <p>Es gibt verschiedene Arten von Eierkarton-Trocknungssystemen, abh\u00e4ngig von der Gr\u00f6\u00dfe Ihrer Fabrik, dem Budget und lokalen Energiebedingungen. Bitte z\u00f6gern Sie nicht, uns f\u00fcr Empfehlungen und ma\u00dfgeschneiderte Ausr\u00fcstung zu kontaktieren.<\/p>    <figure class=\"wp-block-table\"><table><thead><tr><th>Metall-Eierkarton-Trockner<\/th><th>Ziegelofen-Trockenraum<\/th><th>Nat\u00fcrliche Trocknungsmethode<\/th><\/tr><\/thead><tbody><tr><td>Hohe Effizienz, volle Automatisierung<\/td><td>Integrierte Trocknung, ausgewogene Wahl<\/td><td>G\u00fcnstig, platzintensiv<\/td><\/tr><tr><td>\u2022\u00a0H\u00f6chste Anfangsinvestition<br>\u2022\u00a0Kein externes Trocknungsareal n\u00f6tig<br>\u2022\u00a0Schnellste &amp; Konsistenteste Trocknung<br>\u2022\u00a0Gr\u00f6\u00dfter Plant Floor Space Required<br>\u2022\u00a0Ausgabe:\u00a01500-7.000 Stk\/h<\/td><td>\u2022\u00a0Moderate Investition<br>\u2022\u00a0Kein externes Trocknungsareal n\u00f6tig<br>\u2022\u00a0Wetterunabh\u00e4ngig &amp; kontinuierlich<br>\u2022\u00a0Mittelm\u00e4\u00dfige Effizienz &amp; footprint<br>\u2022\u00a0Aussto\u00df:\u00a01.000 \u2013 7.000 Stk.\/h<\/td><td>\u2022\u00a0Niedrigste Anfangsinvestition<br>\u2022\u00a0Gro\u00dfer Trocknungshof erforderlich\u00a0(\u2265500 m\u00b2)<br>\u2022\u00a0Wetterabh\u00e4ngig<br>\u2022\u00a0L\u00e4ngerer Produktionszyklus<br>\u2022\u00a0Aussto\u00df:\u00a01.000 \u2013 2.500 Stk.\/h<\/td><\/tr><tr><td><strong>Idealbrennstoff:<\/strong> Erdgas, Diesel usw.<\/td><td><strong>Idealbrennstoff:<\/strong> Kohle, Biomasse (wie Holzsp\u00e4ne, Stroh)<\/td><td>Kein Brennstoff ben\u00f6tigt<\/td><\/tr><tr><td><strong>Ideal f\u00fcr:<\/strong>&nbsp;Startups mit kleinem Budget und viel offenem Raum.<\/td><td><strong>Ideal f\u00fcr:<\/strong>&nbsp;Wachstumsorientierte Unternehmen, die die beste Balance aus Kosten und Effizienz suchen.<\/td><td><strong>Ideal f\u00fcr:<\/strong>&nbsp;Gro\u00dfhersteller, die Wert auf Output, Geschwindigkeit und Automatisierung legen.<\/td><\/tr><\/tbody><\/table><\/figure>    <h2 class=\"wp-block-heading\">Details zu unseren Eierkarton-Trocknungssystemen<\/h2>    <h3 class=\"wp-block-heading\">Mehrschichtiges Metall-Trocknen<\/h3>   <div class=\"wp-block-image\"> <figure class=\"aligncenter size-full\"><img loading=\"lazy\" decoding=\"async\" width=\"720\" height=\"540\" src=\"https:\/\/www.plasticgranularmachine.com\/wp-content\/uploads\/2025\/10\/metal-egg-tray-dryer-machine.webp\" alt=\"Metall-Eierkarton-Trockner-Maschine\" class=\"wp-image-1974\" srcset=\"https:\/\/www.plasticgranularmachine.com\/wp-content\/uploads\/2025\/10\/metal-egg-tray-dryer-machine.webp 720w, https:\/\/www.plasticgranularmachine.com\/wp-content\/uploads\/2025\/10\/metal-egg-tray-dryer-machine-300x225.webp 300w, https:\/\/www.plasticgranularmachine.com\/wp-content\/uploads\/2025\/10\/metal-egg-tray-dryer-machine-16x12.webp 16w\" sizes=\"auto, (max-width: 720px) 100vw, 720px\" \/><figcaption class=\"wp-element-caption\">Metall-Eierkarton-Trockner-Maschine<\/figcaption><\/figure> <\/div>   <p>Dieses Metall-Eierkartontrocknungssystem umfasst Ventilatoren, Luftverteilplatten, Tabletts, Kettenf\u00f6rderer usw. Feuchte Eierkartons werden geformt und auf dem Trockentransportband platziert. Die Kartons werden dann in die Trocknungskammer transportiert, wo sie durch ein Hei\u00dfluftzirkulationssystem gleichm\u00e4\u00dfig erhitzt und getrocknet werden. <\/p>    <ul class=\"wp-block-list\"> <li>Trocknungstemperatur: 180-200 \u00b0C<\/li>    <li>Trocknungsdauer: 25-30 min<\/li>    <li>Spannung: 380v, 50hz (anpassbar)<\/li> <\/ul>    <figure class=\"wp-block-table\"><table><tbody><tr><td>Modell<\/td><td>SL-1500<\/td><td>SL-2500<\/td><td>SL-3000<\/td><td>SL-4500<\/td><td>SL-5000<\/td><td>SL-7000<\/td><\/tr><tr><td>Ausgabe(Stk\/h)<\/td><td>1500<\/td><td>2500<\/td><td>3000<\/td><td>4500<\/td><td>5000<\/td><td>7000<\/td><\/tr><tr><td>Gewicht(T)<\/td><td>20<\/td><td>29<\/td><td>30<\/td><td>35<\/td><td>38<\/td><td>50<\/td><\/tr><tr><td>Heizwert des VerbrennungsOfens<\/td><td>90<\/td><td>130<\/td><td>130<\/td><td>150<\/td><td>150<\/td><td>190<\/td><\/tr><tr><td>Gr\u00f6\u00dfe des Eierkarton-Trockners<\/td><td>21,5*2,2*2,4 m<\/td><td>22,5*1,9*3,4 m<\/td><td>22,5*2,2*3,4 m<\/td><td>28,5*2,2*3,4 m<\/td><td>28,5*2,2*3,4 m<\/td><td>34,5*2,5*3,6 m<\/td><\/tr><tr><td>Trocknungsfl\u00e4che (L*B*H)<\/td><td>\u226540*15*5 m<\/td><td>\u226540*15*5 m<\/td><td>\u226540*15*5 m<\/td><td>\u226550*15*5 m<\/td><td>\u226550*15*5 m<\/td><td>\u226550*15*5 m<\/td><\/tr><\/tbody><\/table><\/figure>    <h3 class=\"wp-block-heading\">Ziegelbrenn\u00f6fen-Trockner<\/h3>   <div class=\"wp-block-image\"> <figure class=\"aligncenter size-full\"><img loading=\"lazy\" decoding=\"async\" width=\"720\" height=\"540\" src=\"https:\/\/www.plasticgranularmachine.com\/wp-content\/uploads\/2025\/10\/Brick-kiln-drying.webp\" alt=\"Ziegelbrenn\u00f6fen-Trocknung\" class=\"wp-image-1972\" srcset=\"https:\/\/www.plasticgranularmachine.com\/wp-content\/uploads\/2025\/10\/Brick-kiln-drying.webp 720w, https:\/\/www.plasticgranularmachine.com\/wp-content\/uploads\/2025\/10\/Brick-kiln-drying-300x225.webp 300w, https:\/\/www.plasticgranularmachine.com\/wp-content\/uploads\/2025\/10\/Brick-kiln-drying-16x12.webp 16w\" sizes=\"auto, (max-width: 720px) 100vw, 720px\" \/><figcaption class=\"wp-element-caption\">Ziegelbrenn\u00f6fen-Trocknung<\/figcaption><\/figure> <\/div>   <p>Der Ziegel-Trockenraum ist aus Ziegeln und Beton gebaut. W\u00e4rme wird im Brennraum durch Verbrennung von Biomasse erzeugt, was eine stabile Trocknung feuchter Eierkartons gew\u00e4hrleistet.<\/p>    <ul class=\"wp-block-list\"> <li>Trocknungstemperatur: 180-200 \u00b0C<\/li>    <li>Trocknungsdauer: 1-2 h<\/li>    <li>Spannung: 380v, 50hz (anpassbar)<\/li> <\/ul>    <figure class=\"wp-block-table\"><table><tbody><tr><td>Modell<\/td><td>SL-1-4<\/td><td>SL-3-4<\/td><td>SL-4-4<\/td><td>SL-4-8<\/td><td>SL-5-8<\/td><td>SL-6-8<\/td><\/tr><tr><td>Ausgabe(Stk\/h)<\/td><td>1500<\/td><td>2000<\/td><td>2500<\/td><td>5000<\/td><td>6000<\/td><td>7000<\/td><\/tr><tr><td>Leistung(kW)<\/td><td>18<\/td><td>18<\/td><td>18<\/td><td>18<\/td><td>25<\/td><td>36<\/td><\/tr><tr><td>Gewicht(T)<\/td><td>6<\/td><td>7<\/td><td>7.5<\/td><td>10<\/td><td>12<\/td><td>20<\/td><\/tr><tr><td>Trocknungsfl\u00e4che(m)<\/td><td>\u226540*10<\/td><td>\u226550*10<\/td><td>\u226550*10<\/td><td>\u226555*15<\/td><td>\u226565*15<\/td><td>\u226575*15<\/td><\/tr><\/tbody><\/table><\/figure>    <p class=\"translation-block\"><em>Hinweis: Der Trocknungsbereich ist nur der minimale f\u00fcr den Betrieb der Ausr\u00fcstung erforderliche Bereich. Das tats\u00e4chliche Layout muss Platz f\u00fcr Betrieb und Wartung ber\u00fccksichtigen.<\/em> <em>Bitte kontaktieren Sie uns f\u00fcr Empfehlungen.<\/em><\/p>    <h3 class=\"wp-block-heading\">Nat\u00fcrliches Eierkarton-Trocknungssystem<\/h3>   <div class=\"wp-block-image\"> <figure class=\"aligncenter size-full\"><img loading=\"lazy\" decoding=\"async\" width=\"720\" height=\"540\" src=\"https:\/\/www.plasticgranularmachine.com\/wp-content\/uploads\/2025\/10\/natural-egg-tray-drying.webp\" alt=\"nat\u00fcrliche Eierkarton-Trocknung\" class=\"wp-image-1975\" srcset=\"https:\/\/www.plasticgranularmachine.com\/wp-content\/uploads\/2025\/10\/natural-egg-tray-drying.webp 720w, https:\/\/www.plasticgranularmachine.com\/wp-content\/uploads\/2025\/10\/natural-egg-tray-drying-300x225.webp 300w, https:\/\/www.plasticgranularmachine.com\/wp-content\/uploads\/2025\/10\/natural-egg-tray-drying-16x12.webp 16w\" sizes=\"auto, (max-width: 720px) 100vw, 720px\" \/><figcaption class=\"wp-element-caption\">nat\u00fcrliche Eierkarton-Trocknung<\/figcaption><\/figure> <\/div>   <p>F\u00fcr kleine Werkst\u00e4tten oder Regionen mit warmem Klima kann nat\u00fcrliche Trocknung als einfache und kosteng\u00fcnstige Trocknungsmethode eingesetzt werden. Wir k\u00f6nnen Layout-Entw\u00fcrfe und Trockengestelle unterst\u00fctzen.<\/p>    <ul class=\"wp-block-list\"> <li>Trockenzeit: Es dauert je nach Wetterbedingungen mehrere Stunden bis mehrere Tage, z. B. Temperatur, Feuchtigkeit, Windgeschwindigkeit und Sonneneinstrahlung.<\/li>    <li>Trocknungsbereich: Erfordert eine gro\u00dfe Freifl\u00e4che (z. B. 500-1000 Quadratmeter oder gr\u00f6\u00dfer), die flach, sonnig und frei von stehendem Wasser sein muss.<\/li> <\/ul>    <h2 class=\"wp-block-heading\">Warum unser Eierkarton-Trockner-Daumen?<\/h2>    <p>Die Wahl einer hochwertigen Eierkarton-Trocknungsmaschine ist entscheidend f\u00fcr stabile Produktion und gleichbleibende Produktqualit\u00e4t. Gleichm\u00e4\u00dfige Temperaturverteilung und guter Luftstrom werden oft durch minderwertige Trockner beeintr\u00e4chtigt. Dadurch k\u00f6nnen Eierkartons ungleich trocknen, verformen oder leicht brechen. Sie verbrauchen auch mehr Energie und erh\u00f6hen die Kosten.<\/p>    <p>EFFIZIENTER Eierkarton-Trockner ist f\u00fcr Effizienz, Stabilit\u00e4t und Energieeinsparung ausgelegt. Jede Einheit wird vor der Lieferung getestet und \u00fcberpr\u00fcft, um zuverl\u00e4ssige Leistung sicherzustellen. Sie verf\u00fcgt \u00fcber:<\/p>    <ul class=\"wp-block-list\"> <li>Schnelle &amp; effiziente Trocknung: Stabile Temperatur und gleichm\u00e4\u00dfige Luftstr\u00f6mung.<\/li>    <li>Individuelles Design: Flexibler Layout basierend auf Kapazit\u00e4t und Werkstattgr\u00f6\u00dfe.<\/li>    <li>Langlebige Bauweise: Hergestellt aus hochwertigem Material, einfache Wartung.<\/li>    <li>Energieeinsparung: Hohe W\u00e4rmeausnutzung, geringe Betriebskosten.<\/li>    <li>Globale Unterst\u00fctzung: Installationsanleitung und After-Sales-Service.<\/li> <\/ul>    <p class=\"translation-block\">Ob Sie eine neue <a href=\"https:\/\/www.plasticgranularmachine.com\/de\/product\/egg-tray-production-line\/\" data-type=\"link\" data-id=\"https:\/\/www.plasticgranularmachine.com\/product\/egg-tray-production-line\/\">Eierkarton-Produktionslinie<\/a> aufbauen oder vorhandene Ausr\u00fcstung aufr\u00fcsten, bietet Shuliy's Eierkarton-Trocknungssystem eine zuverl\u00e4ssige und kosteneffiziente L\u00f6sung.<\/p>","protected":false},"excerpt":{"rendered":"<p>Egg tray dryers are typically used with egg tray forming machines to quickly dry wet egg trays after molding, enhancing production efficiency and stability. A reliable egg tray drying system ensures smooth, continuous operation while reducing energy consumption. we provide comprehensive and customizable solutions for paper tray drying, designed to meet your specific production scale [&hellip;]<\/p>\n","protected":false},"author":1,"featured_media":1973,"parent":0,"template":"","tags":[],"product-type":[79],"class_list":["post-1971","product","type-product","status-publish","has-post-thumbnail","hentry","product-type-paper-recycling-machine"],"_links":{"self":[{"href":"https:\/\/www.plasticgranularmachine.com\/de\/wp-json\/wp\/v2\/product\/1971","targetHints":{"allow":["GET"]}}],"collection":[{"href":"https:\/\/www.plasticgranularmachine.com\/de\/wp-json\/wp\/v2\/product"}],"about":[{"href":"https:\/\/www.plasticgranularmachine.com\/de\/wp-json\/wp\/v2\/types\/product"}],"author":[{"embeddable":true,"href":"https:\/\/www.plasticgranularmachine.com\/de\/wp-json\/wp\/v2\/users\/1"}],"wp:featuredmedia":[{"embeddable":true,"href":"https:\/\/www.plasticgranularmachine.com\/de\/wp-json\/wp\/v2\/media\/1973"}],"wp:attachment":[{"href":"https:\/\/www.plasticgranularmachine.com\/de\/wp-json\/wp\/v2\/media?parent=1971"}],"wp:term":[{"taxonomy":"post_tag","embeddable":true,"href":"https:\/\/www.plasticgranularmachine.com\/de\/wp-json\/wp\/v2\/tags?post=1971"},{"taxonomy":"product-type","embeddable":true,"href":"https:\/\/www.plasticgranularmachine.com\/de\/wp-json\/wp\/v2\/product-type?post=1971"}],"curies":[{"name":"wp","href":"https:\/\/api.w.org\/{rel}","templated":true}]}}