{"id":1987,"date":"2025-10-27T14:57:57","date_gmt":"2025-10-27T06:57:57","guid":{"rendered":"https:\/\/www.plasticgranularmachine.com\/?post_type=product&#038;p=1987"},"modified":"2025-10-27T15:00:01","modified_gmt":"2025-10-27T07:00:01","slug":"rebar-ring-making-machine","status":"publish","type":"product","link":"https:\/\/www.plasticgranularmachine.com\/de\/product\/rebar-ring-making-machine\/","title":{"rendered":"Bewehrungsstahlringmaschine"},"content":{"rendered":"<p>Die Bewehrungsstahlringmaschine ist eine fortschrittliche automatische L\u00f6sung zur Formung von Stahlst\u00e4ben in pr\u00e4zise kreisf\u00f6rmige oder spiralf\u00f6rmige Formen. Entwickelt f\u00fcr Projekte wie Hochgeschwindigkeitsz\u00fcge, Br\u00fccken, U-Bahnen und Photovoltaikfundamente, sorgt diese Maschine f\u00fcr schnelle Produktion, einheitliche Ringgr\u00f6\u00dfen und gleichbleibende Qualit\u00e4t \u2014 alles mit minimalem manuellen Aufwand.<\/p>    <figure class=\"wp-block-gallery has-nested-images columns-default is-cropped wp-block-gallery-2 is-layout-flex wp-block-gallery-is-layout-flex\"> <figure class=\"wp-block-image size-large\"><img loading=\"lazy\" decoding=\"async\" width=\"720\" height=\"540\" data-id=\"1993\" src=\"https:\/\/www.plasticgranularmachine.com\/wp-content\/uploads\/2025\/10\/rebar-ring-bender.webp\" alt=\"Bewehrungsstahlringbiegemaschine\" class=\"wp-image-1993\" srcset=\"https:\/\/www.plasticgranularmachine.com\/wp-content\/uploads\/2025\/10\/rebar-ring-bender.webp 720w, https:\/\/www.plasticgranularmachine.com\/wp-content\/uploads\/2025\/10\/rebar-ring-bender-300x225.webp 300w, https:\/\/www.plasticgranularmachine.com\/wp-content\/uploads\/2025\/10\/rebar-ring-bender-16x12.webp 16w\" sizes=\"auto, (max-width: 720px) 100vw, 720px\" \/><figcaption class=\"wp-element-caption\">Bewehrungsstahlringbiegemaschine<\/figcaption><\/figure>    <figure class=\"wp-block-image size-large\"><img loading=\"lazy\" decoding=\"async\" width=\"720\" height=\"540\" data-id=\"1995\" src=\"https:\/\/www.plasticgranularmachine.com\/wp-content\/uploads\/2025\/10\/steel-bar-ring-making-machine-working.webp\" alt=\"Funktionsweise der Bewehrungsstahlringmaschine\" class=\"wp-image-1995\" srcset=\"https:\/\/www.plasticgranularmachine.com\/wp-content\/uploads\/2025\/10\/steel-bar-ring-making-machine-working.webp 720w, https:\/\/www.plasticgranularmachine.com\/wp-content\/uploads\/2025\/10\/steel-bar-ring-making-machine-working-300x225.webp 300w, https:\/\/www.plasticgranularmachine.com\/wp-content\/uploads\/2025\/10\/steel-bar-ring-making-machine-working-16x12.webp 16w\" sizes=\"auto, (max-width: 720px) 100vw, 720px\" \/><figcaption class=\"wp-element-caption\">Funktionsweise der Bewehrungsstahlringmaschine<\/figcaption><\/figure> <\/figure>    <h2 class=\"wp-block-heading\">Was ist die Bewehrungsstahlringmaschine?<\/h2>    <p>Unsere Bewehrungsstahlringmaschine kombiniert CNC-Steuerungstechnologie mit einem hydraulischen Antriebssystem, um einen vollautomatischen Betrieb zu erm\u00f6glichen.<\/p>    <p>Vom Zuf\u00fchren und Geradbiegen bis zum Ringe formen und Schneiden werden alle Schritte in einem kontinuierlichen Zyklus ausgef\u00fchrt. Bediener stellen einfach die erforderlichen Parameter ein, und die Maschine verarbeitet automatisch ein vollst\u00e4ndiges B\u00fcndel Stahlst\u00e4be mit stabiler Leistung und pr\u00e4zisen Ergebnissen.<\/p>    <p>Im Vergleich zum manuellen Biegen reduziert es die Arbeitsbelastung, eliminiert Ma\u00dffehler und erh\u00f6ht die Produktivit\u00e4t um mehrere Male.<\/p>    <h2 class=\"wp-block-heading\">Wie funktioniert die Bewehrungsstahlringbiegemaschine?<\/h2>    <p>Die Bewehrungsstahlringmaschine besteht aus mehreren Schl\u00fcsselkomponenten:<\/p>    <ul class=\"wp-block-list\"> <li>Elektromotor und Hydrauliksystem (einschlie\u00dflich \u00d6lpumpe, Motor, Ventile und \u00d6ltank)<\/li>    <li>Geradbiegegetriebe und Vorjustierwalzen<\/li>    <li>Rundungs- und Schneideeinheiten<\/li>    <li>CNC-PLC-Steuerungssystem mit Touchscreen-Schnittstelle<\/li>    <li>Automatische Z\u00e4hl- und Sicherheitseinrichtungen<\/li> <\/ul>    <p>Unter Steuerung des PLC-Systems treibt der Motor die \u00d6lpumpe an, um die hydraulische Bewegung zu starten. Der Hydraulikmotor versorgt dann das Geradbiegegetriebe, das kontinuierlich den Stahlstift vorw\u00e4rtsf\u00fchrt. Wenn der Stab die Rundungseinheit erreicht, wird er in eine pr\u00e4zise kreisf\u00f6rmige Form gebogen. Schlie\u00dflich schneidet der Schneidkolben den Stab automatisch auf die voreingestellte L\u00e4nge, wodurch ein vollst\u00e4ndiger Zyklus abgeschlossen wird.<\/p>    <p>Dieser koordinierte Prozess \u2014 vom Zuf\u00fchren bis zum Schneiden \u2014 ist vollst\u00e4ndig automatisiert, sorgt f\u00fcr einen reibungslosen Betrieb, hohe Effizienz und eine gleichbleibende Ringgenauigkeit innerhalb von \u00b10,2 mm.<\/p>   <div class=\"wp-block-image\"> <figure class=\"aligncenter size-full\"><img loading=\"lazy\" decoding=\"async\" width=\"720\" height=\"540\" src=\"https:\/\/www.plasticgranularmachine.com\/wp-content\/uploads\/2025\/10\/rebar-coil.webp\" alt=\"Bewehrungsstahlspule\" class=\"wp-image-1992\" srcset=\"https:\/\/www.plasticgranularmachine.com\/wp-content\/uploads\/2025\/10\/rebar-coil.webp 720w, https:\/\/www.plasticgranularmachine.com\/wp-content\/uploads\/2025\/10\/rebar-coil-300x225.webp 300w, https:\/\/www.plasticgranularmachine.com\/wp-content\/uploads\/2025\/10\/rebar-coil-16x12.webp 16w\" sizes=\"auto, (max-width: 720px) 100vw, 720px\" \/><figcaption class=\"wp-element-caption\">Bewehrungsstahlspule<\/figcaption><\/figure> <\/div>   <h2 class=\"wp-block-heading\">Technische Parameter verschiedener Bewehrungsstahlringbiegemaschinen<\/h2>    <figure class=\"wp-block-table\"><table><thead><tr><th>Modell<\/th><th>Stahldurchmesser (mm)<\/th><th>Ringdurchmesser (mm)<\/th><th>Motorleistung (kW)<\/th><th>Geschwindigkeit (m\/min)<\/th><th>Pr\u00e4zision<\/th><th>Gewicht (kg)<\/th><\/tr><\/thead><tbody><tr><td>ET-3-6<\/td><td>3-6<\/td><td>50-1000<\/td><td>4<\/td><td>16-25<\/td><td>\u00b10,2 mm<\/td><td>480<\/td><\/tr><tr><td>ET-6-10<\/td><td>6-10<\/td><td>50-800<\/td><td>5.5<\/td><td>16-25<\/td><td>\u00b10,2 mm<\/td><td>560<\/td><\/tr><tr><td>ET-8-12<\/td><td>8-12<\/td><td>50-1500<\/td><td>7<\/td><td>16-25<\/td><td>\u00b10,2 mm<\/td><td>640<\/td><\/tr><tr><td>ET-10-14<\/td><td>10-14<\/td><td>50-1800<\/td><td>7<\/td><td>16-25<\/td><td>\u00b10,2 mm<\/td><td>690<\/td><\/tr><tr><td>ET-16-20<\/td><td>16-20<\/td><td>50-2200<\/td><td>11<\/td><td>16-30<\/td><td>\u00b10,2 mm<\/td><td>1150<\/td><\/tr><tr><td>ET-22-25<\/td><td>22-25<\/td><td>50-3000<\/td><td>15<\/td><td>16-30<\/td><td>\u00b10,2 mm<\/td><td>1350<\/td><\/tr><\/tbody><\/table><\/figure>    <h2 class=\"wp-block-heading\">Warum unsere Bewehrungsstahlringmaschine w\u00e4hlen?<\/h2>    <p>Der Einsatz einer Bewehrungsstahlringmaschine bringt klare Vorteile gegen\u00fcber manuellem Biegen:<\/p>    <ul class=\"wp-block-list\"> <li><strong>H\u00f6here Effizienz:<\/strong> Automatisches Zuf\u00fchren, Biegen und Schneiden erh\u00f6ht die Produktion um das 3- bis 5-fache im Vergleich zur manuellen Arbeit.<\/li>    <li><strong>Pr\u00e4zise Formgebung:<\/strong> CNC-Steuerung sorgt daf\u00fcr, dass jede Ringgr\u00f6\u00dfe konsistent ist, mit einer Genauigkeit von bis zu \u00b10,2 mm.<\/li>    <li><strong>Arbeitsersparnis:<\/strong> Ein Bediener kann das gesamte System \u00fcber eine Touchscreen-Schnittstelle steuern.<\/li>    <li><strong>Stabile Leistung:<\/strong> Hydraulische \u00dcbertragung und Legierungsrollen sorgen f\u00fcr einen reibungslosen Betrieb und eine lange Lebensdauer.<\/li>    <li><strong>Materialeinsparung:<\/strong> Automatisches Schneiden reduziert Abfall und verbessert die Ausbeute.<\/li>    <li><strong>Vielseitige Verwendung:<\/strong> Geeignet f\u00fcr die Herstellung von runden und spiralf\u00f6rmigen Bewehrungsstahlringen f\u00fcr Br\u00fccken, Tunnel und Fundamentprojekte.<\/li>    <li><strong>Einfache Wartung:<\/strong> Einfache Struktur, langlebige Komponenten und niedrige Betriebskosten.<\/li> <\/ul>    <figure class=\"wp-block-gallery has-nested-images columns-default is-cropped wp-block-gallery-3 is-layout-flex wp-block-gallery-is-layout-flex\"> <figure class=\"wp-block-image size-large\"><img loading=\"lazy\" decoding=\"async\" width=\"720\" height=\"540\" data-id=\"1990\" src=\"https:\/\/www.plasticgranularmachine.com\/wp-content\/uploads\/2025\/10\/process-steel-bars-into-coils.webp\" alt=\"Stahlst\u00e4be in Spulen verarbeiten\" class=\"wp-image-1990\" srcset=\"https:\/\/www.plasticgranularmachine.com\/wp-content\/uploads\/2025\/10\/process-steel-bars-into-coils.webp 720w, https:\/\/www.plasticgranularmachine.com\/wp-content\/uploads\/2025\/10\/process-steel-bars-into-coils-300x225.webp 300w, https:\/\/www.plasticgranularmachine.com\/wp-content\/uploads\/2025\/10\/process-steel-bars-into-coils-16x12.webp 16w\" sizes=\"auto, (max-width: 720px) 100vw, 720px\" \/><figcaption class=\"wp-element-caption\">Stahlst\u00e4be in Spulen verarbeiten<\/figcaption><\/figure>    <figure class=\"wp-block-image size-large\"><img loading=\"lazy\" decoding=\"async\" width=\"720\" height=\"540\" data-id=\"1989\" src=\"https:\/\/www.plasticgranularmachine.com\/wp-content\/uploads\/2025\/10\/details-of-the-rebar-ring-making-machine.webp\" alt=\"Details der Bewehrungsstahlringmaschine\" class=\"wp-image-1989\" srcset=\"https:\/\/www.plasticgranularmachine.com\/wp-content\/uploads\/2025\/10\/details-of-the-rebar-ring-making-machine.webp 720w, https:\/\/www.plasticgranularmachine.com\/wp-content\/uploads\/2025\/10\/details-of-the-rebar-ring-making-machine-300x225.webp 300w, https:\/\/www.plasticgranularmachine.com\/wp-content\/uploads\/2025\/10\/details-of-the-rebar-ring-making-machine-16x12.webp 16w\" sizes=\"auto, (max-width: 720px) 100vw, 720px\" \/><figcaption class=\"wp-element-caption\">Details der Bewehrungsstahlringmaschine<\/figcaption><\/figure> <\/figure>    <h2 class=\"wp-block-heading\">Anwendungen der Stahlstahlschlingmaschine<\/h2>    <p>Unsere Bewehrungsstahlringmaschine kann in folgenden Bereichen eingesetzt werden:<\/p>    <ul class=\"wp-block-list\"> <li>Hochgeschwindigkeitsbahn- und Br\u00fcckenverst\u00e4rkung<\/li>    <li>U-Bahn-Tunnelbau<\/li>    <li>Photovoltaikfundamentanker<\/li>    <li>Vorgefertigte Betonpfahlproduktion<\/li>    <li>Bewehrungsstahlk\u00e4fig- und Rahmenmontagelinien<\/li>    <li>Bewehrungsstahlverarbeitung und Verteilzentren<\/li> <\/ul>    <p>Wo immer kreisf\u00f6rmige Bewehrungsringe ben\u00f6tigt werden, bietet diese Maschine die Geschwindigkeit, Pr\u00e4zision und Zuverl\u00e4ssigkeit, um den Industriestandards zu entsprechen.<\/p>   <div class=\"wp-block-image\"> <figure class=\"aligncenter size-full\"><img loading=\"lazy\" decoding=\"async\" width=\"540\" height=\"720\" src=\"https:\/\/www.plasticgranularmachine.com\/wp-content\/uploads\/2025\/10\/application-of-rebar-rings.webp\" alt=\"Anwendung von Bewehrungsringen\" class=\"wp-image-1988\" srcset=\"https:\/\/www.plasticgranularmachine.com\/wp-content\/uploads\/2025\/10\/application-of-rebar-rings.webp 540w, https:\/\/www.plasticgranularmachine.com\/wp-content\/uploads\/2025\/10\/application-of-rebar-rings-225x300.webp 225w, https:\/\/www.plasticgranularmachine.com\/wp-content\/uploads\/2025\/10\/application-of-rebar-rings-9x12.webp 9w\" sizes=\"auto, (max-width: 540px) 100vw, 540px\" \/><figcaption class=\"wp-element-caption\">Anwendung von Bewehrungsringen<\/figcaption><\/figure> <\/div>   <h2 class=\"wp-block-heading\">Wie funktioniert die Bewehrungsstahlringmaschine mit anderer Ausr\u00fcstung?<\/h2>    <p class=\"translation-block\">In Bewehrungsverarbeitungsanlagen wird die Bewehrungsstahlringmaschine oft mit einer<a href=\"https:\/\/www.plasticgranularmachine.com\/de\/product\/rebar-straightener\/\" data-type=\"link\" data-id=\"https:\/\/www.plasticgranularmachine.com\/product\/rebar-straightener\/\">Bewehrungsstahlgeradbiege- und Schneidemaschine<\/a>und einer Bewehrungsbiegemaschine kombiniert:<\/p>    <p>Coilstahl \u2192 Geradbiegen \u2192 Ringe formen \u2192 Biegen oder Montieren<\/p>    <p>Diese Kombination bildet eine vollst\u00e4ndige automatische Produktionslinie, die einen reibungslosen, effizienten Ablauf vom Rohcoil bis zum fertigen Bauteil gew\u00e4hrleistet.<\/p>    <h2 class=\"wp-block-heading\">H\u00e4ufig gestellte Fragen zur Stahlstahlschlingmaschine<\/h2>   <div id=\"rank-math-faq\" class=\"rank-math-block\"> <div class=\"rank-math-list\"> <div id=\"faq-question-1761199478283\" class=\"rank-math-list-item\"> <h3 class=\"rank-math-question\">Welche Arten von Bewehrungsmaterialien kann sie verarbeiten?<\/h3> <div class=\"rank-math-answer\">  <p>Sie arbeitet mit niedriglegiertem Stahl, warmgewalztem Stahl und kaltgewalztem Bewehrungsstahl. Wir k\u00f6nnen auch Rollen f\u00fcr h\u00e4rtere Materialien anpassen.<\/p>  <\/div> <\/div> <div id=\"faq-question-1761199718153\" class=\"rank-math-list-item\"> <h3 class=\"rank-math-question\">Ist die Bedienung schwierig?<\/h3> <div class=\"rank-math-answer\">  <p>Nein. Der Betrieb ist einfach \u00fcber eine Touchscreen-PLC-Schnittstelle. Ein Bediener kann den gesamten Prozess steuern.<\/p>  <\/div> <\/div> <div id=\"faq-question-1761199750576\" class=\"rank-math-list-item\"> <h3 class=\"rank-math-question\">Wie steht es um Wartung und Ersatzteile?<\/h3> <div class=\"rank-math-answer\">  <p>Die Struktur ist langlebig und einfach zu warten. Regelm\u00e4\u00dfige Schmierung und rechtzeitiger Austausch von Verschlei\u00dfteilen sind ausreichend. Shuliy bietet langfristige Ersatzteile und technischen Support.<\/p>  <\/div> <\/div> <div id=\"faq-question-1761199776327\" class=\"rank-math-list-item\"> <h3 class=\"rank-math-question\">Kann es sowohl kreisf\u00f6rmige als auch spiralf\u00f6rmige Ringe produzieren?<\/h3> <div class=\"rank-math-answer\">  <p>Ja. Das Formsystem kann angepasst werden, um runde, spiralf\u00f6rmige oder coilf\u00f6rmige Bewehrungsringe nach Bedarf zu produzieren.<\/p>  <\/div> <\/div> <div id=\"faq-question-1761199795837\" class=\"rank-math-list-item\"> <h3 class=\"rank-math-question\">Wie lange ist die Garantiezeit?<\/h3> <div class=\"rank-math-answer\">  <p>Alle Shuliy-Bewehrungsstahlringmaschinen beinhalten eine einj\u00e4hrige Garantie und lebenslangen technischen Support.<\/p>  <\/div> <\/div> <div id=\"faq-question-1761199822978\" class=\"rank-math-list-item\"> <h3 class=\"rank-math-question\">Bieten Sie Auslandseinrichtungen oder Schulungen an?<\/h3> <div class=\"rank-math-answer\">  <p>Ja, wir k\u00f6nnen Online-Anleitung und Vor-Ort-Installation f\u00fcr Gro\u00dfprojekte oder komplette Produktionslinien anbieten.<\/p>  <\/div> <\/div> <\/div> <\/div>   <h2 class=\"wp-block-heading\">Abschluss<\/h2>    <p>Unsere Bewehrungsstahlringmaschine bietet Automatisierung, Pr\u00e4zision und Langlebigkeit in einem System. Sie ist die ideale Wahl f\u00fcr Unternehmen, die eine effiziente Produktion von Bewehrungsringen f\u00fcr Bau, Br\u00fccken- und Fundamentprojekte suchen. Einfach zu bedienen, hochpr\u00e4zise und langlebig \u2014 sie macht die Bewehrungsverarbeitung schneller, intelligenter und zuverl\u00e4ssiger.<\/p>    <p>Wenn Sie interessiert sind, z\u00f6gern Sie bitte nicht, uns f\u00fcr weitere Details und ma\u00dfgeschneiderte L\u00f6sungen zu kontaktieren!<\/p>   <div class=\"wp-block-image\"> <figure class=\"aligncenter size-full\"><img loading=\"lazy\" decoding=\"async\" width=\"750\" height=\"750\" src=\"https:\/\/www.plasticgranularmachine.com\/wp-content\/uploads\/2025\/10\/rebar-circle-bender.webp\" alt=\"Bewehrungsstahlringbieger\" class=\"wp-image-1991\" srcset=\"https:\/\/www.plasticgranularmachine.com\/wp-content\/uploads\/2025\/10\/rebar-circle-bender.webp 750w, https:\/\/www.plasticgranularmachine.com\/wp-content\/uploads\/2025\/10\/rebar-circle-bender-300x300.webp 300w, https:\/\/www.plasticgranularmachine.com\/wp-content\/uploads\/2025\/10\/rebar-circle-bender-150x150.webp 150w, https:\/\/www.plasticgranularmachine.com\/wp-content\/uploads\/2025\/10\/rebar-circle-bender-12x12.webp 12w\" sizes=\"auto, (max-width: 750px) 100vw, 750px\" \/><figcaption class=\"wp-element-caption\">Bewehrungsstahlringbieger<\/figcaption><\/figure> <\/div>","protected":false},"excerpt":{"rendered":"<p>The rebar ring making machine is an advanced automatic solution for forming steel bars into accurate circular or spiral shapes. Designed for projects such as high-speed railways, bridges, subways, and photovoltaic foundations, this machine ensures fast production, uniform ring sizes, and consistent quality \u2014 all with minimal manual work. What is the Rebar Ring Making [&hellip;]<\/p>\n","protected":false},"author":1,"featured_media":1994,"parent":0,"template":"","tags":[],"product-type":[78],"class_list":["post-1987","product","type-product","status-publish","has-post-thumbnail","hentry","product-type-metal-recycling-machine"],"_links":{"self":[{"href":"https:\/\/www.plasticgranularmachine.com\/de\/wp-json\/wp\/v2\/product\/1987","targetHints":{"allow":["GET"]}}],"collection":[{"href":"https:\/\/www.plasticgranularmachine.com\/de\/wp-json\/wp\/v2\/product"}],"about":[{"href":"https:\/\/www.plasticgranularmachine.com\/de\/wp-json\/wp\/v2\/types\/product"}],"author":[{"embeddable":true,"href":"https:\/\/www.plasticgranularmachine.com\/de\/wp-json\/wp\/v2\/users\/1"}],"wp:featuredmedia":[{"embeddable":true,"href":"https:\/\/www.plasticgranularmachine.com\/de\/wp-json\/wp\/v2\/media\/1994"}],"wp:attachment":[{"href":"https:\/\/www.plasticgranularmachine.com\/de\/wp-json\/wp\/v2\/media?parent=1987"}],"wp:term":[{"taxonomy":"post_tag","embeddable":true,"href":"https:\/\/www.plasticgranularmachine.com\/de\/wp-json\/wp\/v2\/tags?post=1987"},{"taxonomy":"product-type","embeddable":true,"href":"https:\/\/www.plasticgranularmachine.com\/de\/wp-json\/wp\/v2\/product-type?post=1987"}],"curies":[{"name":"wp","href":"https:\/\/api.w.org\/{rel}","templated":true}]}}