{"id":2026,"date":"2025-12-16T16:23:14","date_gmt":"2025-12-16T08:23:14","guid":{"rendered":"https:\/\/www.plasticgranularmachine.com\/?post_type=product&#038;p=2026"},"modified":"2025-12-16T16:23:14","modified_gmt":"2025-12-16T08:23:14","slug":"dry-ice-cleaning-machine","status":"publish","type":"product","link":"https:\/\/www.plasticgranularmachine.com\/de\/product\/dry-ice-cleaning-machine\/","title":{"rendered":"Trockeneisreinigungsmaschine: Leistungsstark, tragbar &amp; umweltfreundlich"},"content":{"rendered":"<p>Haben Sie mit kostspieligen Ausfallzeiten und ineffizienten herk\u00f6mmlichen Reinigungsmethoden zu k\u00e4mpfen? Die EFFICIENT Trockeneisreinigungsmaschine verwendet 3 mm Trockeneis-Pellets als Reinigungsmittel und bl\u00e4st sie mit hoher Geschwindigkeit, um eine kraftvolle, r\u00fcckstandsfreie Reinigung zu gew\u00e4hrleisten. <\/p>    <p>Diese 550W tragbare Trockeneisstrahlger\u00e4t unterst\u00fctzt Online-, nicht-abrasive Reinigung und kann die Ausfallzeiten um bis zu 80% reduzieren. Es sorgt daf\u00fcr, dass Ihre Anlagen in der Kunststoff-, Automobil- und allgemeinen Fertigungsindustrie sauber und einsatzbereit sind.<\/p>    <h2 class=\"wp-block-heading\">Warum die effiziente Trockeneisreinigungsmaschine w\u00e4hlen?<\/h2>    <p>The ET series stands out as a premier dry ice cleaning equipment due to its innovative design and powerful features. It&#8217;s engineered for businesses seeking a reliable, cost-effective, and environmentally responsible cleaning method.<\/p>   <div class=\"wp-block-image\"> <figure class=\"aligncenter size-full\"><img loading=\"lazy\" decoding=\"async\" width=\"540\" height=\"720\" src=\"https:\/\/www.plasticgranularmachine.com\/wp-content\/uploads\/2025\/12\/dry-ice-cleaner.webp\" alt=\"Trockeneisreiniger\" class=\"wp-image-2028\" srcset=\"https:\/\/www.plasticgranularmachine.com\/wp-content\/uploads\/2025\/12\/dry-ice-cleaner.webp 540w, https:\/\/www.plasticgranularmachine.com\/wp-content\/uploads\/2025\/12\/dry-ice-cleaner-225x300.webp 225w, https:\/\/www.plasticgranularmachine.com\/wp-content\/uploads\/2025\/12\/dry-ice-cleaner-9x12.webp 9w\" sizes=\"auto, (max-width: 540px) 100vw, 540px\" \/><figcaption class=\"wp-element-caption\">Trockeneisreiniger<\/figcaption><\/figure> <\/div>   <h3 class=\"wp-block-heading\">Online-Reinigungskapazit\u00e4t: Maximieren Sie die Betriebszeit, minimieren Sie Verluste<\/h3>    <p>Ein wesentlicher Vorteil der ET-Serie ist die Online-Reinigungsfunktion. Das bedeutet, Sie k\u00f6nnen Ihre Maschinen und Produktionslinien reinigen, ohne sie zu zerlegen oder den Betrieb zu unterbrechen.<\/p>    <ul class=\"wp-block-list\"> <li><strong>Deutlich reduzierte Ausfallzeiten:<\/strong> Vermeiden Sie die Unannehmlichkeiten und finanziellen Verluste durch Produktionsstopps.<\/li>    <li><strong>In-situ-Reinigung:<\/strong> Ideal f\u00fcr komplexe Maschinen, bei denen die Demontage zeitaufwendig oder unpraktisch ist.<\/li>    <li><strong>Kontinuierliche Produktion:<\/strong> Arbeitsablauf aufrechterhalten, was sie zur bevorzugten Wahl f\u00fcr Hochvolumenfertigungsumgebungen macht.<\/li> <\/ul>    <h3 class=\"wp-block-heading\">Leicht, Flexibel &amp; Geringer Verbrauch: Intelligente Reinigung f\u00fcr jedes Unternehmen<\/h3>    <p>Der effiziente tragbare Trockeneisreiniger ist benutzerfreundlich gestaltet.<\/p>    <ul class=\"wp-block-list\"> <li><strong>Kompaktes Design:<\/strong> Mit den Ma\u00dfen 100*48*120cm und einem Nettogewicht von nur 92kg sorgt das leichte Design der Trockeneismaschine f\u00fcr einfache Handhabung in Ihrer Einrichtung.<\/li>    <li><strong>Flexible Mobilit\u00e4t:<\/strong> Einfach \u00fcberall einsetzbar, wo Reinigung erforderlich ist.<\/li>    <li><strong>Ultra-niedriger Verbrauch:<\/strong> Entwickelt f\u00fcr Effizienz, reduziert dieses Niedrigverbrauchsstrahlger\u00e4t f\u00fcr Trockeneis und Niedrigluftverbrauch die Betriebskosten erheblich und ist f\u00fcr eine Vielzahl von Unternehmen geeignet.<\/li> <\/ul>    <h2 class=\"wp-block-heading\">Technische Spezifikationen unserer Trockeneisstrahlger\u00e4te<\/h2>    <p>Unsere Trockeneisreinigungsmaschine ist mit robusten Komponenten und pr\u00e4ziser Technik gebaut, um konsistente, hochwertige Reinigungsergebnisse zu liefern.<\/p>    <figure class=\"wp-block-table\"><table><thead><tr><th class=\"has-text-align-left\" data-align=\"left\">Parameter<\/th><th class=\"has-text-align-left\" data-align=\"left\">Spezifikation<\/th><th class=\"has-text-align-left\" data-align=\"left\">Vorteil<\/th><\/tr><\/thead><tbody><tr><td class=\"has-text-align-left\" data-align=\"left\"><strong>Stromspannung<\/strong><\/td><td class=\"has-text-align-left\" data-align=\"left\">220VAC<\/td><td class=\"has-text-align-left\" data-align=\"left\">Standard industrielle Leistung, einfache Integration<\/td><\/tr><tr><td class=\"has-text-align-left\" data-align=\"left\"><strong>Leistung<\/strong><\/td><td class=\"has-text-align-left\" data-align=\"left\">550 W<\/td><td class=\"has-text-align-left\" data-align=\"left\">Energieeffizienter Betrieb f\u00fcr dauerhaften Einsatz<\/td><\/tr><tr><td class=\"has-text-align-left\" data-align=\"left\"><strong>Arbeitsdruck<\/strong><\/td><td class=\"has-text-align-left\" data-align=\"left\">0,3~1,0 MPa (verstellbar)<\/td><td class=\"has-text-align-left\" data-align=\"left\"><strong>Verstellbarer Druck Trockeneisstrahler<\/strong> f\u00fcr empfindliche Oberfl\u00e4chen bis hin zu hartn\u00e4ckigen Verunreinigungen<\/td><\/tr><tr><td class=\"has-text-align-left\" data-align=\"left\"><strong>Eisverbrauch<\/strong><\/td><td class=\"has-text-align-left\" data-align=\"left\">0-2,0 kg\/min<\/td><td class=\"has-text-align-left\" data-align=\"left\">Pr\u00e4zise Steuerung des Trockeneisverbrauchs, um die Effizienz zu optimieren<\/td><\/tr><tr><td class=\"has-text-align-left\" data-align=\"left\"><strong>Luftverbrauch<\/strong><\/td><td class=\"has-text-align-left\" data-align=\"left\">2,0~5 m\u00b3\/min<\/td><td class=\"has-text-align-left\" data-align=\"left\">Effiziente Luftnutzung, tr\u00e4gt zu niedrigeren Betriebskosten bei<\/td><\/tr><tr><td class=\"has-text-align-left\" data-align=\"left\"><strong>Trichterkapazit\u00e4t<\/strong><\/td><td class=\"has-text-align-left\" data-align=\"left\">25L<\/td><td class=\"has-text-align-left\" data-align=\"left\">Gro\u00dfz\u00fcgige Kapazit\u00e4t f\u00fcr l\u00e4ngere Reinigungszyklen, reduziert Nachf\u00fcllungen<\/td><\/tr><tr><td class=\"has-text-align-left\" data-align=\"left\"><strong>Netto Gewicht<\/strong><\/td><td class=\"has-text-align-left\" data-align=\"left\">92kg<\/td><td class=\"has-text-align-left\" data-align=\"left\">Balanciert Stabilit\u00e4t mit Portabilit\u00e4t<\/td><\/tr><\/tbody><\/table><\/figure>   <div class=\"wp-block-image\"> <figure class=\"aligncenter size-full\"><img loading=\"lazy\" decoding=\"async\" width=\"720\" height=\"540\" src=\"https:\/\/www.plasticgranularmachine.com\/wp-content\/uploads\/2025\/12\/dry-ice-cleaning-machine.webp\" alt=\"Trockeneisreinigungsmaschine\" class=\"wp-image-2029\" srcset=\"https:\/\/www.plasticgranularmachine.com\/wp-content\/uploads\/2025\/12\/dry-ice-cleaning-machine.webp 720w, https:\/\/www.plasticgranularmachine.com\/wp-content\/uploads\/2025\/12\/dry-ice-cleaning-machine-300x225.webp 300w, https:\/\/www.plasticgranularmachine.com\/wp-content\/uploads\/2025\/12\/dry-ice-cleaning-machine-16x12.webp 16w\" sizes=\"auto, (max-width: 720px) 100vw, 720px\" \/><figcaption class=\"wp-element-caption\">Trockeneisreinigungsmaschine<\/figcaption><\/figure> <\/div>   <h2 class=\"wp-block-heading\">Robuste Technik &amp; Qualit\u00e4tskomponenten<\/h2>    <p>Unsere Trockeneisreinigungsmaschine verwendet hochwertige, zuverl\u00e4ssige Komponenten, die Langlebigkeit und gleichbleibende Leistung gew\u00e4hrleisten. Jedes Element ist sorgf\u00e4ltig ausgew\u00e4hlt, um eine \u00fcberlegene Reinigungsleistung zu liefern:<\/p>    <ul class=\"wp-block-list\"> <li><strong>Hochleistungs-Industriemotor (0,55 kW):<\/strong> Bietet zuverl\u00e4ssige und effiziente Stromversorgung.<\/li>    <li><strong>Pr\u00e4zisionsgefertigter Reduzierer:<\/strong> Sichert eine reibungslose Kraft\u00fcbertragung und optimale Betriebsstabilit\u00e4t.<\/li>    <li><strong>Fortschrittlicher Inverter (0,75 kW):<\/strong> Erm\u00f6glicht eine pr\u00e4zise Steuerung der Maschinenfunktionen, um die Energieeffizienz zu steigern.<\/li>    <li><strong>Industrieller Vibrator:<\/strong> Erm\u00f6glicht einen gleichm\u00e4\u00dfigen Trockeneisfluss und verhindert Blockaden.<\/li>    <li><strong>Zuverl\u00e4ssige Niederspannungskomponenten:<\/strong> Sichert einen sicheren und stabilen elektrischen Betrieb.<\/li>    <li><strong>Robustes Luftansaugrohr (3\/4\uff029m):<\/strong> Bietet erweiterten Arbeitsbereich und robuste Luftzufuhr.<\/li>    <li><strong>Hochwertiges Trockeneis-Auslassrohr (3\/4\uff027m):<\/strong> Entwickelt f\u00fcr effiziente und konsistente Trockeneis-Pelletprojektion.<\/li>    <li><strong>Vielseitige Spr\u00fchpistolen:<\/strong> Beinhaltet zwei spezialisierte Spr\u00fchpistolen f\u00fcr die Anpassung an verschiedene Reinigungsaufgaben und Oberfl\u00e4chenarten.<\/li> <\/ul>    <h2 class=\"wp-block-heading\">Wie funktioniert die Trockeneis-Reinigungsmaschine?<\/h2>    <p>Das Trockeneisstrahlen ist eine fortschrittliche, nicht-abrasive Reinigungsmethode, die festen CO2-Pellets (Trockeneis) als Reinigungsmittel nutzt. Das Verfahren ist einfach, aber \u00e4u\u00dferst effektiv:<\/p>    <ol class=\"wp-block-list\"> <li><strong>Kinetische Energie:<\/strong> Hochgeschwindigkeits-Trockeneis-Pellets treffen die Oberfl\u00e4che und l\u00f6sen Verunreinigungen ab.<\/li>    <li><strong>Thermoschock:<\/strong> Die extreme K\u00e4lte (-78,5\u00b0C \/ -109,3\u00b0F) l\u00e4sst die Verunreinigung schrumpfen und Risse bilden, wodurch sie spr\u00f6der und leichter zu entfernen ist.<\/li>    <li><strong>Sublimation:<\/strong> Beim Aufprall sublimiert das Trockeneis sofort (wechselt direkt vom festen in den gasf\u00f6rmigen Zustand) und dehnt sich schnell aus. Diese Expansion hebt den Verunreinigungen von der Oberfl\u00e4che ab, ohne Sekund\u00e4rabfall oder R\u00fcckst\u00e4nde zu hinterlassen.<\/li> <\/ol>    <p class=\"translation-block\">Der Rohstoff f\u00fcr diesen Prozess sind feste CO2-Pellets, und das Ergebnis ist eine makellose, r\u00fcckstandsfreie Oberfl\u00e4che. F\u00fcr eine vollst\u00e4ndige, hausinterne Trockeneisl\u00f6sung sollten Sie Ihren Trockeneisreiniger mit unserem <a href=\"https:\/\/www.plasticgranularmachine.com\/de\/product\/dry-ice-pellet-maker\/\" data-type=\"link\" data-id=\"https:\/\/www.plasticgranularmachine.com\/product\/dry-ice-pellet-maker\/\">Trockeneis-Pelletierer<\/a> kombinieren, um eine kontinuierliche Versorgung mit hochwertigem Trockeneis f\u00fcr ununterbrochene Abl\u00e4ufe sicherzustellen. Diese umweltfreundliche Reinigungsl\u00f6sung eliminiert Wasser, L\u00f6sungsmittel oder Sandstrahlen.<\/p>   <div class=\"wp-block-image\"> <figure class=\"aligncenter size-full\"><img loading=\"lazy\" decoding=\"async\" width=\"720\" height=\"540\" src=\"https:\/\/www.plasticgranularmachine.com\/wp-content\/uploads\/2025\/12\/Operate-the-dry-ice-cleaning-machine-1.webp\" alt=\"Betreiben Sie die Trockeneisreinigungsmaschine\" class=\"wp-image-2036\" srcset=\"https:\/\/www.plasticgranularmachine.com\/wp-content\/uploads\/2025\/12\/Operate-the-dry-ice-cleaning-machine-1.webp 720w, https:\/\/www.plasticgranularmachine.com\/wp-content\/uploads\/2025\/12\/Operate-the-dry-ice-cleaning-machine-1-300x225.webp 300w, https:\/\/www.plasticgranularmachine.com\/wp-content\/uploads\/2025\/12\/Operate-the-dry-ice-cleaning-machine-1-16x12.webp 16w\" sizes=\"auto, (max-width: 720px) 100vw, 720px\" \/><figcaption class=\"wp-element-caption\">Betreiben Sie die Trockeneisreinigungsmaschine<\/figcaption><\/figure> <\/div>   <h2 class=\"wp-block-heading\">Vielseitige Anwendungen: Wo der Trockeneisstrahler einen Unterschied macht<\/h2>    <p>Unsere zum Verkauf stehende Trockeneisreinigungsmaschine ist eine unsch\u00e4tzbare Ressource in zahlreichen Branchen und bietet eine \u00fcberlegene Alternative zu herk\u00f6mmlichen Reinigungsmethoden.<\/p>    <ul class=\"wp-block-list\"> <li><strong>Kunststoff- &amp; Gummiindustrie:<\/strong>  <ul class=\"wp-block-list\"> <li>Kunststoffformreinigung: Entfernt effektiv Trennmittel, R\u00fcckst\u00e4nde und Kohlenstoffablagerungen von Spritzgie\u00dfformen, Blasformen und Extrusionswerkzeugen ohne Abrieb. Dies ist entscheidend f\u00fcr die Produktqualit\u00e4t und die Verl\u00e4ngerung der Formlebensdauer.<\/li>    <li>Gummiformreinigung: Entfernt Entformungshilfsmittel, R\u00fcckst\u00e4nde und Kohlenstoffablagerungen von Spritzgie\u00dfformen, Blasformen und Extrusionswerkzeugen ohne Abrieb. Wichtig f\u00fcr die Produktqualit\u00e4t und die Verl\u00e4ngerung der Formlebensdauer.<\/li> <\/ul> <\/li>    <li><strong>Automobilindustrie:<\/strong> Reinigung von Motorteilen, Wartung von Lackierereien, Innenraumreinigung und Schwei\u00dfnahtreinigung.<\/li>    <li><strong>Lebensmittel- &amp; Getr\u00e4nkeverarbeitung:<\/strong> Desinfiziert F\u00f6rderb\u00e4nder, \u00d6fen, Mischer und andere Verarbeitungsausr\u00fcstungen \u2013 lebensmittelechte Trockeneisreinigung sorgt f\u00fcr Hygiene ohne Wasser oder Chemikalien.<\/li>    <li><strong>Druckindustrie:<\/strong> Reinigung von Druckmaschinen, Walzen und Tintentrays, Entfernung von Tinte, Papierstaub und Fett.<\/li>    <li><strong>Elektro- &amp; Energieerzeugung:<\/strong> Reinigung von elektrischen Schaltschr\u00e4nken, Motoren, Turbinen und Generatoren \u2013 nicht-leitende Trockeneisreinigung ist sicher f\u00fcr empfindliche elektrische Komponenten.<\/li>    <li><strong>Allgemeine Fertigung:<\/strong> Ger\u00e4te-Entfettung, Rostentfernung, Oberfl\u00e4chenvorbereitung, Klebstoffentfernung und allgemeine industrielle Wartung.<\/li> <\/ul>   <div class=\"wp-block-image\"> <figure class=\"aligncenter size-full\"><img loading=\"lazy\" decoding=\"async\" width=\"540\" height=\"720\" src=\"https:\/\/www.plasticgranularmachine.com\/wp-content\/uploads\/2025\/12\/The-exceptional-cleaning-performance-of-dry-ice-blasters-1.webp\" alt=\"Die au\u00dfergew\u00f6hnliche Reinigungsleistung von Trockeneisstrahlger\u00e4ten\" class=\"wp-image-2037\" srcset=\"https:\/\/www.plasticgranularmachine.com\/wp-content\/uploads\/2025\/12\/The-exceptional-cleaning-performance-of-dry-ice-blasters-1.webp 540w, https:\/\/www.plasticgranularmachine.com\/wp-content\/uploads\/2025\/12\/The-exceptional-cleaning-performance-of-dry-ice-blasters-1-225x300.webp 225w, https:\/\/www.plasticgranularmachine.com\/wp-content\/uploads\/2025\/12\/The-exceptional-cleaning-performance-of-dry-ice-blasters-1-9x12.webp 9w\" sizes=\"auto, (max-width: 540px) 100vw, 540px\" \/><figcaption class=\"wp-element-caption\">Die au\u00dfergew\u00f6hnliche Reinigungsleistung von Trockeneisstrahlger\u00e4ten<\/figcaption><\/figure> <\/div>   <h2 class=\"wp-block-heading\">W\u00e4hlen Sie EFFICIENT: Ihr Partner f\u00fcr industrielle Reinigung &amp; nahtlose Lieferung<\/h2>    <p>Als f\u00fchrendes Unternehmen im Au\u00dfenhandel ist EFFICIENT bestrebt, hochwertige, zuverl\u00e4ssige Industriel\u00f6sungen anzubieten. Wenn Sie sich f\u00fcr die EFFICIENT ET-Serie Trockeneisreinigungsmaschine entscheiden, profitieren Sie von:<\/p>    <ul class=\"wp-block-list\"> <li><strong>Expertenberatung:<\/strong> Unser Team hilft Ihnen, die ideale industrielle Reinigungsanlage f\u00fcr Ihre spezifischen Bed\u00fcrfnisse auszuw\u00e4hlen, um eine perfekte Betriebsanpassung zu gew\u00e4hrleisten.<\/li>    <li><strong>Qualit\u00e4t &amp; Vollst\u00e4ndigkeit:<\/strong> Wir garantieren ein hochwertiges Produkt, das rigoros getestet und als vollst\u00e4ndiges, einsatzbereites Paket geliefert wird. Dazu geh\u00f6ren alle wesentlichen Zubeh\u00f6rteile, spezielle Spr\u00fchpistolen, notwendige Ersatzteile und Sicherheitsausr\u00fcstung sowie umfassende Bedienungsanleitungen.<\/li>    <li><strong>Weltweiter Support &amp; Wert:<\/strong> Von nahtloser Logistik bis hin zu engagiertem After-Sales-Service bieten wir unseren internationalen Kunden volle Unterst\u00fctzung. Erhalten Sie fortschrittliche Trockeneisstrahlreinigungsl\u00f6sungen zu wettbewerbsf\u00e4higen Preisen, die au\u00dfergew\u00f6hnlichen Wert und Sicherheit bieten.<\/li> <\/ul>   <div class=\"wp-block-image\"> <figure class=\"aligncenter size-full\"><img loading=\"lazy\" decoding=\"async\" width=\"540\" height=\"720\" src=\"https:\/\/www.plasticgranularmachine.com\/wp-content\/uploads\/2025\/12\/Multiple-dry-ice-cleaning-machines-in-stock-1.webp\" alt=\"Mehrere Trockeneisreinigungsmaschinen auf Lager\" class=\"wp-image-2035\" srcset=\"https:\/\/www.plasticgranularmachine.com\/wp-content\/uploads\/2025\/12\/Multiple-dry-ice-cleaning-machines-in-stock-1.webp 540w, https:\/\/www.plasticgranularmachine.com\/wp-content\/uploads\/2025\/12\/Multiple-dry-ice-cleaning-machines-in-stock-1-225x300.webp 225w, https:\/\/www.plasticgranularmachine.com\/wp-content\/uploads\/2025\/12\/Multiple-dry-ice-cleaning-machines-in-stock-1-9x12.webp 9w\" sizes=\"auto, (max-width: 540px) 100vw, 540px\" \/><figcaption class=\"wp-element-caption\">Mehrere Trockeneisreinigungsmaschinen auf Lager<\/figcaption><\/figure> <\/div>   <h2 class=\"wp-block-heading\">Bereit, Ihren Reinigungsprozess zu optimieren?<\/h2>    <p>Don&#8217;t let inefficient cleaning methods slow down your production or damage your valuable assets. Invest in the future of industrial cleaning with the EFFICIENT Dry Ice Cleaning Machine.<\/p>    <p>Kontaktieren Sie uns noch heute f\u00fcr ein pers\u00f6nliches Angebot oder um mehr dar\u00fcber zu erfahren, wie unsere Trockeneisreinigungsl\u00f6sungen Ihre Abl\u00e4ufe transformieren k\u00f6nnen!<\/p>","protected":false},"excerpt":{"rendered":"<p>Are you facing costly downtime and inefficient traditional cleaning methods? The EFFICIENT Dry Ice Cleaning Machine uses 3 mm dry ice pellets as its cleaning media, blasting them at high speed to deliver a powerful, residue-free cleaning effect. This 550W portable dry ice blaster supports online, non-abrasive cleaning, capable of reducing downtime by up to [&hellip;]<\/p>\n","protected":false},"author":1,"featured_media":2034,"parent":0,"template":"","tags":[],"product-type":[81],"class_list":["post-2026","product","type-product","status-publish","has-post-thumbnail","hentry","product-type-dry-ice-machine"],"_links":{"self":[{"href":"https:\/\/www.plasticgranularmachine.com\/de\/wp-json\/wp\/v2\/product\/2026","targetHints":{"allow":["GET"]}}],"collection":[{"href":"https:\/\/www.plasticgranularmachine.com\/de\/wp-json\/wp\/v2\/product"}],"about":[{"href":"https:\/\/www.plasticgranularmachine.com\/de\/wp-json\/wp\/v2\/types\/product"}],"author":[{"embeddable":true,"href":"https:\/\/www.plasticgranularmachine.com\/de\/wp-json\/wp\/v2\/users\/1"}],"wp:featuredmedia":[{"embeddable":true,"href":"https:\/\/www.plasticgranularmachine.com\/de\/wp-json\/wp\/v2\/media\/2034"}],"wp:attachment":[{"href":"https:\/\/www.plasticgranularmachine.com\/de\/wp-json\/wp\/v2\/media?parent=2026"}],"wp:term":[{"taxonomy":"post_tag","embeddable":true,"href":"https:\/\/www.plasticgranularmachine.com\/de\/wp-json\/wp\/v2\/tags?post=2026"},{"taxonomy":"product-type","embeddable":true,"href":"https:\/\/www.plasticgranularmachine.com\/de\/wp-json\/wp\/v2\/product-type?post=2026"}],"curies":[{"name":"wp","href":"https:\/\/api.w.org\/{rel}","templated":true}]}}