{"id":2058,"date":"2026-01-30T17:03:43","date_gmt":"2026-01-30T09:03:43","guid":{"rendered":"https:\/\/www.plasticgranularmachine.com\/?post_type=product&#038;p=2058"},"modified":"2026-01-30T17:03:44","modified_gmt":"2026-01-30T09:03:44","slug":"eddy-current-sorter","status":"publish","type":"product","link":"https:\/\/www.plasticgranularmachine.com\/de\/product\/eddy-current-sorter\/","title":{"rendered":"Wirbelstromsortierer f\u00fcr fortschrittliche Metalltrennung"},"content":{"rendered":"<p>In jeder gro\u00df angelegten Recyclinganlage wirkt sich die Trennqualit\u00e4t direkt auf die Rentabilit\u00e4t aus. Ineffizientes Sortieren f\u00fchrt zu kontaminierten Endprodukten und Verlust wertvoller Materialien in Abfallstr\u00f6me. Der EFFICIENT-Wirbelstromsortierer ist eine robuste, industrietaugliche L\u00f6sung, die eine saubere, hochreine Trennung von Nicht-Eisenmetallen aus gemischten Materialien liefert und die Gesamteffizienz Ihrer gesamten Schrottmetallrecyclinglinie verbessert.<\/p>    <h2 class=\"wp-block-heading\">The Sorter&#8217;s Role in Automated Material Processing<\/h2>    <p>Ein Wirbelstromsortierer ist eine Schl\u00fcsselmaschine in jedem modernen Metallr\u00fcckgewinnungssystem. Typischerweise nach einem Magnetseparator platziert, der Eisen entfernt, besteht seine Aufgabe darin, den n\u00e4chsten entscheidenden Schritt durchzuf\u00fchren: wertvolle Nicht-Eisenmetalle von allen anderen nicht-metallischen Materialien zu trennen.<\/p>    <p>Dieser leistungsstarke Nicht-Eisenmetall-Separator ist unerl\u00e4sslich f\u00fcr:<\/p>    <ul class=\"wp-block-list\"> <li><strong>Verarbeitung von Mischmetallen (Zorba\/ASR):<\/strong> Es trennt effektiv leichtes Aluminium und Kupfer von schwereren Nichtmetallen wie Gummi und Kunststoff und reinigt den Metallanteil.<\/li>    <li><strong>Recycling von E-Schrott:<\/strong> Er ejectiert pr\u00e4zise Nicht-Eisenmetallfragmente aus zerkleinerten Leiterplatten und Komponenten, ein entscheidender Schritt beim E-Schrott-Recycling.<\/li>    <li><strong>Sortierung von kommunalem Feststoffm\u00fcll (MSW):<\/strong> Er ist hervorragend darin, Rohstoffe wie Aluminiumdosen aus dem allgemeinen Abfallstrom zur\u00fcckzugewinnen und Abfall in Wert zu verwandeln.<\/li> <\/ul>    <h2 class=\"wp-block-heading\">Das Sortierprinzip: Zuverl\u00e4ssige Physik in Aktion<\/h2>    <p>The technology behind our aluminum separator machine is straightforward and highly reliable. As material travels over a high-speed magnetic rotor, a powerful field induces &#8220;eddy currents&#8221; in any non-ferrous metal. This creates a natural repulsion, which physically ejects the metals into a separate chute. All other materials, being unaffected, simply fall off the end of the conveyor. It&#8217;s an automated, mechanical sorting process that works continuously and effectively.<\/p>    <h2 class=\"wp-block-heading\">Der effiziente Vorteil: F\u00fcr den Job gebaut<\/h2>    <p>Ein EFFICIENT-Schrottsortierger\u00e4t ist f\u00fcr Leistung und Zuverl\u00e4ssigkeit in anspruchsvollen industriellen Umgebungen ausgelegt.<\/p>    <ul class=\"wp-block-list\"> <li><strong>Einstellbarer &amp; Konstanter Betrieb:<\/strong> Die Maschine verf\u00fcgt \u00fcber robuste mechanische Steuerungen, um den Trennprozess fein abzustimmen. Sobald sie f\u00fcr Ihr spezifisches Material eingestellt ist, bietet sie eine konsistente und effektive automatische Sortierung mit minimaler \u00dcberwachung.<\/li>    <li><strong>F\u00fcr Langlebigkeit entwickelt:<\/strong> Wir legen Wert auf eine lange Lebensdauer. Durch den Einsatz hochwertiger Lager und eines verst\u00e4rkten, vollst\u00e4ndig versiegelten Rotorgeh\u00e4uses sind unsere Maschinen f\u00fcr den Dauerbetrieb gebaut, erfordern weniger Wartung und reduzieren kostspielige Ausfallzeiten.<\/li>    <li><strong>Fokus auf ROI: <\/strong>Bessere Trennung bedeutet, dass weniger wertvolles Metall verloren geht, und das Endprodukt ist sauberer. Dies f\u00fchrt zu einem h\u00f6heren Marktwert Ihrer Materialien und einer Maschine, die eine schnelle Kapitalrendite liefert.<\/li> <\/ul>    <h2 class=\"wp-block-heading\">Ma\u00dfgeschneiderte L\u00f6sungen &amp; Materialtests<\/h2>    <p>Jede Recyclingoperation ist einzigartig. Wir verstehen, dass Ihr Materialstrom feucht, staubig sein oder unterschiedliche Partikelgr\u00f6\u00dfen enthalten kann. EFFICIENT bietet ma\u00dfgeschneiderte Gurtbreiten und Motorenkonfigurationen, um sicherzustellen, dass die Ausr\u00fcstung perfekt in Ihre bestehende Anlage passt. Au\u00dferdem bieten wir professionelle Materialtests an. Sie k\u00f6nnen eine Probe Ihres gemischten Schrotts an unsere Einrichtung senden, und unsere Ingenieure erstellen einen detaillierten Bericht \u00fcber die Trennreinheit und die R\u00fcckgewinnungsraten, die Sie erwarten k\u00f6nnen, damit Sie vor dem Kauf vollstes Vertrauen haben.<\/p>    <h2 class=\"wp-block-heading\">Technische Spezifikationen unserer Wirbelstromsortierer-Maschinen<\/h2>    <figure class=\"wp-block-table\"><table><thead><tr><th class=\"has-text-align-left\" data-align=\"left\">Modell<\/th><th class=\"has-text-align-left\" data-align=\"left\">Drehfrequenz (Hz)<\/th><th class=\"has-text-align-left\" data-align=\"left\">G\u00fcrtelbreite (mm)<\/th><th class=\"has-text-align-left\" data-align=\"left\">Durchsatz (t\/h)<\/th><th class=\"has-text-align-left\" data-align=\"left\">Leistung (kW)<\/th><th class=\"has-text-align-left\" data-align=\"left\">Gewicht (kg)<\/th><th class=\"has-text-align-left\" data-align=\"left\">Abmessungen (mm)<\/th><\/tr><\/thead><tbody><tr><td class=\"has-text-align-left\" data-align=\"left\"><strong>ECS-600P<\/strong><\/td><td class=\"has-text-align-left\" data-align=\"left\">50-90<\/td><td class=\"has-text-align-left\" data-align=\"left\">650<\/td><td class=\"has-text-align-left\" data-align=\"left\">3-5<\/td><td class=\"has-text-align-left\" data-align=\"left\">4.0 + 0.75<\/td><td class=\"has-text-align-left\" data-align=\"left\">1450<\/td><td class=\"has-text-align-left\" data-align=\"left\">2980*1883*1210<\/td><\/tr><tr><td class=\"has-text-align-left\" data-align=\"left\"><strong>ECS-800P<\/strong><\/td><td class=\"has-text-align-left\" data-align=\"left\">50-90<\/td><td class=\"has-text-align-left\" data-align=\"left\">850<\/td><td class=\"has-text-align-left\" data-align=\"left\">5-8<\/td><td class=\"has-text-align-left\" data-align=\"left\">5.5 + 1.1<\/td><td class=\"has-text-align-left\" data-align=\"left\">1850<\/td><td class=\"has-text-align-left\" data-align=\"left\">2980*2033*1210<\/td><\/tr><tr><td class=\"has-text-align-left\" data-align=\"left\"><strong>ECS-1000P<\/strong><\/td><td class=\"has-text-align-left\" data-align=\"left\">50-90<\/td><td class=\"has-text-align-left\" data-align=\"left\">1050<\/td><td class=\"has-text-align-left\" data-align=\"left\">8-10<\/td><td class=\"has-text-align-left\" data-align=\"left\">7.5 + 1.5<\/td><td class=\"has-text-align-left\" data-align=\"left\">2250<\/td><td class=\"has-text-align-left\" data-align=\"left\">2980*2233*1210<\/td><\/tr><tr><td class=\"has-text-align-left\" data-align=\"left\"><strong>ECS-1200P<\/strong><\/td><td class=\"has-text-align-left\" data-align=\"left\">50-90<\/td><td class=\"has-text-align-left\" data-align=\"left\">1250<\/td><td class=\"has-text-align-left\" data-align=\"left\">10-13<\/td><td class=\"has-text-align-left\" data-align=\"left\">11 + 2.2<\/td><td class=\"has-text-align-left\" data-align=\"left\">2450<\/td><td class=\"has-text-align-left\" data-align=\"left\">2980*2433*1210<\/td><\/tr><\/tbody><\/table><\/figure>    <h2 class=\"wp-block-heading\">Bessere Trennung verlangen. EFFICIENT verlangen.<\/h2>    <p>If your recycling line isn&#8217;t hitting its purity targets, it\u2019s time for an upgrade. Contact EFFICIENT Machinery today to discuss your specific application and get a competitivecation and get a competitive quote on our high-performance eddy current sorter.<\/p>","protected":false},"excerpt":{"rendered":"<p>In any large-scale recycling operation, the quality of separation directly impacts profitability. Inefficient sorting leads to contaminated final products and loss of valuable material to waste streams. The EFFICIENT eddy current sorter is a robust, industrial-grade solution built to deliver clean, high-purity separation of non-ferrous metals from mixed materials, enhancing the overall efficiency of your [&hellip;]<\/p>\n","protected":false},"author":1,"featured_media":2059,"parent":0,"template":"","tags":[],"product-type":[78],"class_list":["post-2058","product","type-product","status-publish","has-post-thumbnail","hentry","product-type-metal-recycling-machine"],"_links":{"self":[{"href":"https:\/\/www.plasticgranularmachine.com\/de\/wp-json\/wp\/v2\/product\/2058","targetHints":{"allow":["GET"]}}],"collection":[{"href":"https:\/\/www.plasticgranularmachine.com\/de\/wp-json\/wp\/v2\/product"}],"about":[{"href":"https:\/\/www.plasticgranularmachine.com\/de\/wp-json\/wp\/v2\/types\/product"}],"author":[{"embeddable":true,"href":"https:\/\/www.plasticgranularmachine.com\/de\/wp-json\/wp\/v2\/users\/1"}],"wp:featuredmedia":[{"embeddable":true,"href":"https:\/\/www.plasticgranularmachine.com\/de\/wp-json\/wp\/v2\/media\/2059"}],"wp:attachment":[{"href":"https:\/\/www.plasticgranularmachine.com\/de\/wp-json\/wp\/v2\/media?parent=2058"}],"wp:term":[{"taxonomy":"post_tag","embeddable":true,"href":"https:\/\/www.plasticgranularmachine.com\/de\/wp-json\/wp\/v2\/tags?post=2058"},{"taxonomy":"product-type","embeddable":true,"href":"https:\/\/www.plasticgranularmachine.com\/de\/wp-json\/wp\/v2\/product-type?post=2058"}],"curies":[{"name":"wp","href":"https:\/\/api.w.org\/{rel}","templated":true}]}}