{"id":283,"date":"2022-07-28T03:59:39","date_gmt":"2022-07-28T03:59:39","guid":{"rendered":"https:\/\/www.plasticgranularmachine.com\/?post_type=product&#038;p=283"},"modified":"2025-01-08T10:45:31","modified_gmt":"2025-01-08T02:45:31","slug":"plastic-film-crusher","status":"publish","type":"product","link":"https:\/\/www.plasticgranularmachine.com\/de\/product\/plastic-film-crusher\/","title":{"rendered":"Kunststofffolienbrecher | Kunststofffolienzerkleinerer"},"content":{"rendered":"<p class=\"translation-block\">Der Kunststofffolien-Zerkleinerer ist die erste Maschine in der <a href=\"https:\/\/www.plasticgranularmachine.com\/de\/product\/plastic-film-recycling-line\/\">Kunststofffolien-Recyclinglinie<\/a> und auch eine wichtige Maschine. Er kann Kunststofffolien aus verschiedenen Rohmaterialien zu Granulat zerkleinern, um sie anschlie\u00dfend zu reinigen und zu granieren. G\u00e4ngige Kunststofffolien sind <a href=\"https:\/\/en.wikipedia.org\/wiki\/Polypropylene\" target=\"_blank\" rel=\"noopener\">PP<\/a>-Folie und PE-Folie.<\/p>   <div class=\"wp-block-image\"> <figure class=\"aligncenter size-full\"><img loading=\"lazy\" decoding=\"async\" width=\"720\" height=\"540\" src=\"https:\/\/www.plasticgranularmachine.com\/wp-content\/uploads\/2022\/07\/plastic-film-crushing-machine-in-factory.webp\" alt=\"Kunststofffolien-Zerkleinerungsmaschine in der Fabrik\" class=\"wp-image-1348\" srcset=\"https:\/\/www.plasticgranularmachine.com\/wp-content\/uploads\/2022\/07\/plastic-film-crushing-machine-in-factory.webp 720w, https:\/\/www.plasticgranularmachine.com\/wp-content\/uploads\/2022\/07\/plastic-film-crushing-machine-in-factory-300x225.webp 300w, https:\/\/www.plasticgranularmachine.com\/wp-content\/uploads\/2022\/07\/plastic-film-crushing-machine-in-factory-16x12.webp 16w\" sizes=\"auto, (max-width: 720px) 100vw, 720px\" \/><figcaption class=\"wp-element-caption\">Kunststofffolien-Zerkleinerungsmaschine in der Fabrik<\/figcaption><\/figure> <\/div>   <h2 class=\"wp-block-heading\" id=\"h-how-does-the-plastic-film-crusher-work\">Wie funktioniert der Kunststofffolienbrecher?<\/h2>    <p>Im Kunststofffolienzerkleinerer gibt es zwei verschiedene Messergruppen: bewegliche Messer und feststehende Messer. Die Maschine treibt das interne feststehende Messer an, so dass es sich mit hoher Geschwindigkeit durch den Motor dreht, um die Kunststofffolie zu schneiden. W\u00e4hrend der Hochgeschwindigkeitsrotation des beweglichen Messers entsteht der Spalt zwischen dem beweglichen Messer und dem feststehenden Messer. Durch die relative Bewegung des beweglichen Messers und des feststehenden Messers vergr\u00f6\u00dfert sich die Scherkerbe des Kunststoffs. Das Sporttreffen beider Seiten wird den Plastikblock zerschlagen. Der Unterschied zwischen unserer Maschine und anderen Kunststofffolien-Zerkleinerungsmaschinen besteht darin, dass sie auch \u00fcber eine Reinigungsfunktion verf\u00fcgt. Es kann Materialien beim Zerkleinern reinigen.<\/p>    <figure class=\"wp-block-gallery has-nested-images columns-default is-cropped wp-block-gallery-2 is-layout-flex wp-block-gallery-is-layout-flex\"> <figure class=\"wp-block-image size-large\"><img loading=\"lazy\" decoding=\"async\" width=\"720\" height=\"540\" data-id=\"1349\" src=\"https:\/\/www.plasticgranularmachine.com\/wp-content\/uploads\/2022\/07\/pe-film-grinder.webp\" alt=\"PE-Filmschleifer\" class=\"wp-image-1349\" srcset=\"https:\/\/www.plasticgranularmachine.com\/wp-content\/uploads\/2022\/07\/pe-film-grinder.webp 720w, https:\/\/www.plasticgranularmachine.com\/wp-content\/uploads\/2022\/07\/pe-film-grinder-300x225.webp 300w, https:\/\/www.plasticgranularmachine.com\/wp-content\/uploads\/2022\/07\/pe-film-grinder-16x12.webp 16w\" sizes=\"auto, (max-width: 720px) 100vw, 720px\" \/><figcaption class=\"wp-element-caption\">PE-Filmschleifer<\/figcaption><\/figure>    <figure class=\"wp-block-image size-large\"><img loading=\"lazy\" decoding=\"async\" width=\"720\" height=\"540\" data-id=\"1350\" src=\"https:\/\/www.plasticgranularmachine.com\/wp-content\/uploads\/2022\/07\/screen-of-the-plastic-shredder.webp\" alt=\"Sieb des Plastikzerkleinerers\" class=\"wp-image-1350\" srcset=\"https:\/\/www.plasticgranularmachine.com\/wp-content\/uploads\/2022\/07\/screen-of-the-plastic-shredder.webp 720w, https:\/\/www.plasticgranularmachine.com\/wp-content\/uploads\/2022\/07\/screen-of-the-plastic-shredder-300x225.webp 300w, https:\/\/www.plasticgranularmachine.com\/wp-content\/uploads\/2022\/07\/screen-of-the-plastic-shredder-16x12.webp 16w\" sizes=\"auto, (max-width: 720px) 100vw, 720px\" \/><figcaption class=\"wp-element-caption\">Sieb des Plastikzerkleinerers<\/figcaption><\/figure> <\/figure>    <h2 class=\"wp-block-heading\">Was sind die Vorteile von Maschinen?<\/h2>    <ol class=\"wp-block-list\"> <li><span style=\"color: initial;\">Das Chassis ist mit einer verdickten Stahlplatte verschwei\u00dft, die fest und langlebig ist.<\/span><\/li>    <li>Alle verwendeten Klingen sind aus hochwertigem Stahl gefertigt und w\u00e4rmebehandelt. Es zeichnet sich durch eine lange Lebensdauer aus.<\/li>    <li>Der Kunststofffolienbrecher hat eine hohe Zerkleinerungseffizienz und einen geringen Energieverbrauch.<\/li>    <li>Reibungslose Bewegung. Geringe Vibration und bequeme Bedienung.<\/li> <\/ol>   <div class=\"wp-block-image\"> <figure class=\"aligncenter size-full\"><img loading=\"lazy\" decoding=\"async\" width=\"720\" height=\"540\" src=\"https:\/\/www.plasticgranularmachine.com\/wp-content\/uploads\/2022\/07\/plastic-chipper.webp\" alt=\"Kunststoffhacker\" class=\"wp-image-1351\" srcset=\"https:\/\/www.plasticgranularmachine.com\/wp-content\/uploads\/2022\/07\/plastic-chipper.webp 720w, https:\/\/www.plasticgranularmachine.com\/wp-content\/uploads\/2022\/07\/plastic-chipper-300x225.webp 300w, https:\/\/www.plasticgranularmachine.com\/wp-content\/uploads\/2022\/07\/plastic-chipper-16x12.webp 16w\" sizes=\"auto, (max-width: 720px) 100vw, 720px\" \/><figcaption class=\"wp-element-caption\">Kunststoffhacker<\/figcaption><\/figure> <\/div>   <h2 class=\"wp-block-heading\">Maschinenparameter<\/h2>    <figure class=\"wp-block-table\"><table><tbody><tr><td>Modell<\/td><td>60<\/td><td>80<\/td><\/tr><tr><td>Kapazit\u00e4t<\/td><td>500kg\/h<\/td><td>1t\/h<\/td><\/tr><tr><td>Klingenbreite<\/td><td>60cm+30cm<\/td><td>80cm+40cm<\/td><\/tr><tr><td>Leistung<\/td><td>15+7,5 kW<\/td><td>30+11 kW<\/td><\/tr><\/tbody><\/table><\/figure>    <p class=\"translation-block\">Die oben genannten sind die Parameter der beiden beliebten Kunststofffolienzerkleinerungsmaschinen unseres Unternehmens. Aus der Tabelle k\u00f6nnen wir ersehen, dass die Leistung der beiden Maschinen 500 kg\/h und 1 t\/h betr\u00e4gt. Sie k\u00f6nnen eine geeignete Maschine entsprechend Ihren eigenen Bed\u00fcrfnissen ausw\u00e4hlen. Wenn Sie weitere Anforderungen haben, k\u00f6nnen wir ma\u00dfgeschneiderte Dienstleistungen anbieten. Bitte z\u00f6gern Sie nicht, uns zu kontaktieren (<a href=\"https:\/\/www.plasticgranularmachine.com\/de\/\">Effiziente Maschinen<\/a>), und wir werden Ihnen so schnell wie m\u00f6glich antworten.<\/p>   <div class=\"wp-block-image\"> <figure class=\"aligncenter size-full\"><img loading=\"lazy\" decoding=\"async\" width=\"720\" height=\"540\" src=\"https:\/\/www.plasticgranularmachine.com\/wp-content\/uploads\/2022\/07\/blade-of-the-machine.jpg\" alt=\"Messer der Maschine\" class=\"wp-image-285\" srcset=\"https:\/\/www.plasticgranularmachine.com\/wp-content\/uploads\/2022\/07\/blade-of-the-machine.jpg 720w, https:\/\/www.plasticgranularmachine.com\/wp-content\/uploads\/2022\/07\/blade-of-the-machine-300x225.jpg 300w\" sizes=\"auto, (max-width: 720px) 100vw, 720px\" \/><figcaption class=\"wp-element-caption\">Messer der Maschine<\/figcaption><\/figure> <\/div>   <h2 class=\"wp-block-heading\">Anwendungsbereich des Kunststofffolienschleifers<\/h2>    <p>Unser Kunststofffolienbrecher kann die meisten PP- und PE-Kunststoffabf\u00e4lle zerkleinern. Das Recycling dieser Kunststoffabf\u00e4lle kann nicht nur die Umweltverschmutzung verringern, sondern auch erhebliche wirtschaftliche Vorteile mit sich bringen.<\/p>    <figure class=\"wp-block-embed is-type-video is-provider-youtube wp-block-embed-youtube wp-embed-aspect-16-9 wp-has-aspect-ratio\"><div class=\"wp-block-embed__wrapper\"> <iframe loading=\"lazy\" title=\"3D-Video des PET-Folien-Recyclingprozesses | Maschine zum Recycling von Kunststofffolienabf\u00e4llen\" width=\"500\" height=\"281\" src=\"https:\/\/www.youtube.com\/embed\/rm1eGCFGcdc?feature=oembed\" frameborder=\"0\" allow=\"accelerometer; autoplay; clipboard-write; encrypted-media; gyroscope; picture-in-picture; web-share\" referrerpolicy=\"strict-origin-when-cross-origin\" allowfullscreen><\/iframe> <\/div><\/figure>","protected":false},"excerpt":{"rendered":"<p>The plastic film crusher is the first machine in the plastic film recycling line, and it is also a major machine. It can crush the plastic film of various raw materials into fragments for subsequent cleaning and granulation. Common plastic films are PP film and PE film. How does the plastic film crusher work? There [&hellip;]<\/p>\n","protected":false},"author":1,"featured_media":1352,"parent":0,"template":"","tags":[35,41],"product-type":[4],"class_list":["post-283","product","type-product","status-publish","has-post-thumbnail","hentry","tag-crushing","tag-plastic-film-recycling","product-type-crushing-machine"],"_links":{"self":[{"href":"https:\/\/www.plasticgranularmachine.com\/de\/wp-json\/wp\/v2\/product\/283","targetHints":{"allow":["GET"]}}],"collection":[{"href":"https:\/\/www.plasticgranularmachine.com\/de\/wp-json\/wp\/v2\/product"}],"about":[{"href":"https:\/\/www.plasticgranularmachine.com\/de\/wp-json\/wp\/v2\/types\/product"}],"author":[{"embeddable":true,"href":"https:\/\/www.plasticgranularmachine.com\/de\/wp-json\/wp\/v2\/users\/1"}],"wp:featuredmedia":[{"embeddable":true,"href":"https:\/\/www.plasticgranularmachine.com\/de\/wp-json\/wp\/v2\/media\/1352"}],"wp:attachment":[{"href":"https:\/\/www.plasticgranularmachine.com\/de\/wp-json\/wp\/v2\/media?parent=283"}],"wp:term":[{"taxonomy":"post_tag","embeddable":true,"href":"https:\/\/www.plasticgranularmachine.com\/de\/wp-json\/wp\/v2\/tags?post=283"},{"taxonomy":"product-type","embeddable":true,"href":"https:\/\/www.plasticgranularmachine.com\/de\/wp-json\/wp\/v2\/product-type?post=283"}],"curies":[{"name":"wp","href":"https:\/\/api.w.org\/{rel}","templated":true}]}}