{"id":314,"date":"2022-07-29T07:24:50","date_gmt":"2022-07-29T07:24:50","guid":{"rendered":"https:\/\/www.plasticgranularmachine.com\/?post_type=product&#038;p=314"},"modified":"2025-01-06T09:58:37","modified_gmt":"2025-01-06T01:58:37","slug":"plastic-film-dryer-machine","status":"publish","type":"product","link":"https:\/\/www.plasticgranularmachine.com\/de\/product\/plastic-film-dryer-machine\/","title":{"rendered":"Kunststofffolien-Trocknermaschine | Kunststofftrocknungsmaschine f\u00fcr Filme"},"content":{"rendered":"<p class=\"translation-block\">Die Trocknungsmaschine f\u00fcr Kunststofffolien ist eine Spezialmaschine zum Trocknen von zerkleinerten Kunststofffolien. Sie ist eine der Hauptmaschinen in der <a href=\"https:\/\/www.plasticgranularmachine.com\/de\/product\/plastic-film-recycling-line\/\">Kunststofffolien-Recyclinglinie<\/a>. Dieser Plastiktrockner kann nicht nur die Feuchtigkeit in der Kunststofffolie trocknen, sondern auch Verunreinigungen in Abfallmaterialien entfernen. Im Folgenden stellen wir Ihnen einige verwandte Inhalte der vertikalen Trocknungsmaschine f\u00fcr Kunststofffolien vor.<\/p>   <div class=\"wp-block-image\"> <figure class=\"aligncenter size-full\"><img loading=\"lazy\" decoding=\"async\" width=\"720\" height=\"540\" src=\"https:\/\/www.plasticgranularmachine.com\/wp-content\/uploads\/2022\/07\/plastic-film-dryer-machine-1.webp\" alt=\"Kunststofffolientrockner\" class=\"wp-image-1456\" srcset=\"https:\/\/www.plasticgranularmachine.com\/wp-content\/uploads\/2022\/07\/plastic-film-dryer-machine-1.webp 720w, https:\/\/www.plasticgranularmachine.com\/wp-content\/uploads\/2022\/07\/plastic-film-dryer-machine-1-300x225.webp 300w, https:\/\/www.plasticgranularmachine.com\/wp-content\/uploads\/2022\/07\/plastic-film-dryer-machine-1-16x12.webp 16w\" sizes=\"auto, (max-width: 720px) 100vw, 720px\" \/><figcaption class=\"wp-element-caption\">Kunststofffolientrockner<\/figcaption><\/figure> <\/div>   <h2 class=\"wp-block-heading\">Funktionsprinzip der Kunststofffolientrocknermaschine<\/h2>    <p>Die Kunststofffolien-Trocknungsmaschine ist hinter der Kunststofffolien-Reinigungsmaschine installiert. Im Allgemeinen wird vor dem Kunststoff-D\u00f6rrger\u00e4t eine Zuf\u00fchrvorrichtung angebracht. Damit die Kunststofffolie automatisch zum D\u00f6rrger\u00e4t transportiert werden kann. <\/p>    <p>Im Inneren der Kunststoff-Entw\u00e4sserungsmaschine befindet sich eine rotierende Zuf\u00fchrvorrichtung. Bei der Hochgeschwindigkeitsrotation kann die starke Zentrifugalkraft das Wasser in der Kunststofffolie effektiv entfernen. Die Geschwindigkeit der Maschine kann \u00fcbrigens 900-1500 Umdrehungen pro Minute erreichen.<\/p>    <figure class=\"wp-block-gallery aligncenter has-nested-images columns-default is-cropped wp-block-gallery-2 is-layout-flex wp-block-gallery-is-layout-flex\"> <figure class=\"wp-block-image size-full\"><img loading=\"lazy\" decoding=\"async\" width=\"720\" height=\"540\" data-id=\"1457\" src=\"https:\/\/www.plasticgranularmachine.com\/wp-content\/uploads\/2022\/07\/vertical-plastic-dehydrator.webp\" alt=\"Vertikaler D\u00f6rrapparat aus Kunststoff\" class=\"wp-image-1457\" srcset=\"https:\/\/www.plasticgranularmachine.com\/wp-content\/uploads\/2022\/07\/vertical-plastic-dehydrator.webp 720w, https:\/\/www.plasticgranularmachine.com\/wp-content\/uploads\/2022\/07\/vertical-plastic-dehydrator-300x225.webp 300w, https:\/\/www.plasticgranularmachine.com\/wp-content\/uploads\/2022\/07\/vertical-plastic-dehydrator-16x12.webp 16w\" sizes=\"auto, (max-width: 720px) 100vw, 720px\" \/><figcaption class=\"wp-element-caption\">Vertikaler D\u00f6rrapparat aus Kunststoff<\/figcaption><\/figure>    <figure class=\"wp-block-image size-full\"><img loading=\"lazy\" decoding=\"async\" width=\"720\" height=\"540\" data-id=\"1458\" src=\"https:\/\/www.plasticgranularmachine.com\/wp-content\/uploads\/2022\/07\/rotary-feeding-device.webp\" alt=\"rotierendes Zuf\u00fchrger\u00e4t\" class=\"wp-image-1458\" srcset=\"https:\/\/www.plasticgranularmachine.com\/wp-content\/uploads\/2022\/07\/rotary-feeding-device.webp 720w, https:\/\/www.plasticgranularmachine.com\/wp-content\/uploads\/2022\/07\/rotary-feeding-device-300x225.webp 300w, https:\/\/www.plasticgranularmachine.com\/wp-content\/uploads\/2022\/07\/rotary-feeding-device-16x12.webp 16w\" sizes=\"auto, (max-width: 720px) 100vw, 720px\" \/><figcaption class=\"wp-element-caption\">rotierendes Zuf\u00fchrger\u00e4t<\/figcaption><\/figure> <\/figure>    <h2 class=\"wp-block-heading\">Maschinenparameter<\/h2>    <ul class=\"wp-block-list\"> <li><strong>Anwendung:<\/strong> Haupts\u00e4chlich zum Trocknen von Kunststofffolien verwendet, kann aber auch Teil der Hartplastiktrocknung sein.<\/li>    <li><strong>Modell:<\/strong> Wir bieten die Kunststofffolientrockner SL-500 und SL-600 zum Verkauf an. <\/li>    <li><strong>Leistung:<\/strong> Die Leistung der vertikalen Kunststofftrocknungsmaschine liegt zwischen 7,5 kW und 15 kW. <\/li>    <li><strong>Drehzahl der Zellenradschleuse: <\/strong>900-1500 Umdrehungen pro Minute.<\/li>    <li><strong>Zweckm\u00e4\u00dfige Verwendung:<\/strong> Der Kunststofftrockner wird zwischen der Kunststoffreinigung und dem Kunststoffgranulierungsprozess eingesetzt, um die Kunststoffteile nach der Reinigung zu trocknen und den anschlie\u00dfenden Pelletierungsprozess zu erleichtern.<\/li> <\/ul>   <div class=\"wp-block-image\"> <figure class=\"aligncenter size-full\"><img loading=\"lazy\" decoding=\"async\" width=\"720\" height=\"540\" src=\"https:\/\/www.plasticgranularmachine.com\/wp-content\/uploads\/2022\/07\/plastic-dilm-dryer-machine-in-the-factory.webp\" alt=\"Kunststoff-Dilm-Trocknermaschine in der Fabrik\" class=\"wp-image-1461\" srcset=\"https:\/\/www.plasticgranularmachine.com\/wp-content\/uploads\/2022\/07\/plastic-dilm-dryer-machine-in-the-factory.webp 720w, https:\/\/www.plasticgranularmachine.com\/wp-content\/uploads\/2022\/07\/plastic-dilm-dryer-machine-in-the-factory-300x225.webp 300w, https:\/\/www.plasticgranularmachine.com\/wp-content\/uploads\/2022\/07\/plastic-dilm-dryer-machine-in-the-factory-16x12.webp 16w\" sizes=\"auto, (max-width: 720px) 100vw, 720px\" \/><figcaption class=\"wp-element-caption\">Kunststoff-Dilm-Trocknermaschine in der Fabrik<\/figcaption><\/figure> <\/div>   <h2 class=\"wp-block-heading\">Vorsichtsma\u00dfnahmen f\u00fcr die Verwendung von Kunststofffolientrocknern<\/h2>    <ul class=\"wp-block-list\"> <li>\u00dcberpr\u00fcfen Sie, ob sich Kleinteile in der Maschine befinden, bevor Sie sie starten. Wenn sich Kleinteile in der Maschine befinden, wird die Dehydrierungswirkung stark beeintr\u00e4chtigt. Gleichzeitig wirkt sich dies auch auf die Lebensdauer der Maschine aus<\/li>    <li>Inbetriebnahme. Wenn Sie den Folien-D\u00f6rrautomaten zum ersten Mal verwenden, sollten Sie ihn 5 Minuten lang in Betrieb nehmen. \u00dcberpr\u00fcfen Sie, ob eine Anomalie vorliegt. Bei Unregelm\u00e4\u00dfigkeiten schalten Sie das Ger\u00e4t sofort aus.<\/li>    <li>Schalten Sie den Strom rechtzeitig aus. Schalten Sie die Stromversorgung rechtzeitig aus, nachdem die Maschine ihre Arbeit beendet hat.<\/li>    <li>Reinigen Sie die Maschine rechtzeitig. Nach Abschluss der Entw\u00e4sserungsarbeiten sollten die Materialien im Inneren der Maschine rechtzeitig gereinigt werden.<\/li> <\/ul>    <figure class=\"wp-block-gallery has-nested-images columns-default is-cropped wp-block-gallery-3 is-layout-flex wp-block-gallery-is-layout-flex\"> <figure class=\"wp-block-image size-large\"><img loading=\"lazy\" decoding=\"async\" width=\"720\" height=\"540\" data-id=\"1459\" src=\"https:\/\/www.plasticgranularmachine.com\/wp-content\/uploads\/2022\/07\/plastic-dewatering-machine.webp\" alt=\"Kunststoff-Entw\u00e4sserungsmaschine\" class=\"wp-image-1459\" srcset=\"https:\/\/www.plasticgranularmachine.com\/wp-content\/uploads\/2022\/07\/plastic-dewatering-machine.webp 720w, https:\/\/www.plasticgranularmachine.com\/wp-content\/uploads\/2022\/07\/plastic-dewatering-machine-300x225.webp 300w, https:\/\/www.plasticgranularmachine.com\/wp-content\/uploads\/2022\/07\/plastic-dewatering-machine-16x12.webp 16w\" sizes=\"auto, (max-width: 720px) 100vw, 720px\" \/><figcaption class=\"wp-element-caption\">Kunststoff-Entw\u00e4sserungsmaschine<\/figcaption><\/figure>    <figure class=\"wp-block-image size-large\"><img loading=\"lazy\" decoding=\"async\" width=\"720\" height=\"540\" data-id=\"1460\" src=\"https:\/\/www.plasticgranularmachine.com\/wp-content\/uploads\/2022\/07\/plastic-film-drying-machine.webp\" alt=\"Kunststofffolien-Trocknungsmaschine\" class=\"wp-image-1460\" srcset=\"https:\/\/www.plasticgranularmachine.com\/wp-content\/uploads\/2022\/07\/plastic-film-drying-machine.webp 720w, https:\/\/www.plasticgranularmachine.com\/wp-content\/uploads\/2022\/07\/plastic-film-drying-machine-300x225.webp 300w, https:\/\/www.plasticgranularmachine.com\/wp-content\/uploads\/2022\/07\/plastic-film-drying-machine-16x12.webp 16w\" sizes=\"auto, (max-width: 720px) 100vw, 720px\" \/><figcaption class=\"wp-element-caption\">Kunststofffolien-Trocknungsmaschine<\/figcaption><\/figure> <\/figure>    <h2 class=\"wp-block-heading\" id=\"h-why-choose-our-plastic-dryer\">Warum sollten Sie sich f\u00fcr unseren Kunststofftrockner entscheiden?<\/h2>    <ol class=\"wp-block-list\"> <li>Umfangreiche Exporterfahrung. <a href=\"https:\/\/www.plasticgranularmachine.com\/de\/\">Effiziente Maschinen<\/a> ist ein auf den Export spezialisiertes Maschinenbauunternehmen. Unsere Kunststoffmaschinen wurden nach Deutschland exportiert, <a href=\"https:\/\/en.wikipedia.org\/wiki\/Congo\" target=\"_blank\" rel=\"noopener\">Kongo<\/a>, Ghana, Kanada, die Vereinigten Staaten, die Philippinen, Tansania und andere L\u00e4nder. Umfangreiche Exporterfahrung reicht uns aus, um alle Arten von Problemen zu bew\u00e4ltigen.<\/li>    <li>Starker Kundendienst. Egal auf welche Probleme Sie bei der sp\u00e4teren Nutzung sto\u00dfen, unser Verk\u00e4ufer hilft Ihnen, diese so schnell wie m\u00f6glich zu l\u00f6sen. Bei Bedarf k\u00f6nnen wir auch Installateure entsenden, die Sie bei der Installation der Maschine unterst\u00fctzen.<\/li>    <li>Schnelle Lieferung. Kunststofffolientrockner sind die am h\u00e4ufigsten verwendeten Kunststoffrecyclingger\u00e4te. Daher verf\u00fcgt unsere Fabrik \u00fcber ausreichend Lagerbest\u00e4nde. Dadurch kann sichergestellt werden, dass wir die Ware liefern k\u00f6nnen, sobald Ihre Bestellung bei uns eingegangen ist.<\/li> <\/ol>   <div class=\"wp-block-image\"> <figure class=\"aligncenter size-full\"><img loading=\"lazy\" decoding=\"async\" width=\"405\" height=\"719\" src=\"https:\/\/www.plasticgranularmachine.com\/wp-content\/uploads\/2022\/07\/Vertical-dryer-loaded-for-delivery-1.webp\" alt=\"Vertikaler Trockner zur Auslieferung beladen\" class=\"wp-image-1385\" srcset=\"https:\/\/www.plasticgranularmachine.com\/wp-content\/uploads\/2022\/07\/Vertical-dryer-loaded-for-delivery-1.webp 405w, https:\/\/www.plasticgranularmachine.com\/wp-content\/uploads\/2022\/07\/Vertical-dryer-loaded-for-delivery-1-169x300.webp 169w, https:\/\/www.plasticgranularmachine.com\/wp-content\/uploads\/2022\/07\/Vertical-dryer-loaded-for-delivery-1-7x12.webp 7w\" sizes=\"auto, (max-width: 405px) 100vw, 405px\" \/><figcaption class=\"wp-element-caption\">Vertikaler Trockner zur Auslieferung beladen<\/figcaption><\/figure> <\/div>","protected":false},"excerpt":{"rendered":"<p>The plastic film dryer machine is a special machine for drying crushed plastic film. It is one of the main machines in the plastic film recycling line. This plastic dryer can not only dry the moisture in the plastic film but also remove the impurities in waste materials. Next, we will introduce you to some [&hellip;]<\/p>\n","protected":false},"author":1,"featured_media":1236,"parent":0,"template":"","tags":[42,41],"product-type":[9],"class_list":["post-314","product","type-product","status-publish","has-post-thumbnail","hentry","tag-dryer","tag-plastic-film-recycling","product-type-plastic-dryer"],"_links":{"self":[{"href":"https:\/\/www.plasticgranularmachine.com\/de\/wp-json\/wp\/v2\/product\/314","targetHints":{"allow":["GET"]}}],"collection":[{"href":"https:\/\/www.plasticgranularmachine.com\/de\/wp-json\/wp\/v2\/product"}],"about":[{"href":"https:\/\/www.plasticgranularmachine.com\/de\/wp-json\/wp\/v2\/types\/product"}],"author":[{"embeddable":true,"href":"https:\/\/www.plasticgranularmachine.com\/de\/wp-json\/wp\/v2\/users\/1"}],"wp:featuredmedia":[{"embeddable":true,"href":"https:\/\/www.plasticgranularmachine.com\/de\/wp-json\/wp\/v2\/media\/1236"}],"wp:attachment":[{"href":"https:\/\/www.plasticgranularmachine.com\/de\/wp-json\/wp\/v2\/media?parent=314"}],"wp:term":[{"taxonomy":"post_tag","embeddable":true,"href":"https:\/\/www.plasticgranularmachine.com\/de\/wp-json\/wp\/v2\/tags?post=314"},{"taxonomy":"product-type","embeddable":true,"href":"https:\/\/www.plasticgranularmachine.com\/de\/wp-json\/wp\/v2\/product-type?post=314"}],"curies":[{"name":"wp","href":"https:\/\/api.w.org\/{rel}","templated":true}]}}