{"id":320,"date":"2022-07-29T10:24:41","date_gmt":"2022-07-29T10:24:41","guid":{"rendered":"https:\/\/www.plasticgranularmachine.com\/?post_type=product&#038;p=320"},"modified":"2025-03-31T11:32:42","modified_gmt":"2025-03-31T03:32:42","slug":"eps-pelletizing-machine","status":"publish","type":"product","link":"https:\/\/www.plasticgranularmachine.com\/de\/product\/eps-pelletizing-machine\/","title":{"rendered":"EPS-Pelletiermaschine | Schaumgranulator"},"content":{"rendered":"<p class=\"translation-block\">Die EPS-Granuliermaschine ist eine Maschine, die Abfall-EPS-Schaumstoff in recycelbare EPS-Granulate umwandelt. EPS-Granulate k\u00f6nnen in der Industrie, der Landwirtschaft und im Baugewerbe verwendet werden. Gleichzeitig ist die EPS-Granuliermaschine auch das wichtigste Ausr\u00fcstungsst\u00fcck in der <a href=\"https:\/\/www.plasticgranularmachine.com\/de\/product\/eps-recycling-machine\/\">EPS-Schaumstoff-Recyclinglinie<\/a>. Daher spielt diese Styropor-Granulatormaschine eine Schl\u00fcsselrolle beim EPS-Schaumstoff-Recycling.<\/p>    <figure class=\"wp-block-embed is-type-video is-provider-youtube wp-block-embed-youtube wp-embed-aspect-16-9 wp-has-aspect-ratio\"><div class=\"wp-block-embed__wrapper\"> <iframe loading=\"lazy\" title=\"Kein Schaumabfall mehr: Diese Schaumrecyclingl\u00f6sung ist genau das Richtige f\u00fcr Sie\" width=\"500\" height=\"281\" src=\"https:\/\/www.youtube.com\/embed\/Fhogy_M1KXU?feature=oembed\" frameborder=\"0\" allow=\"accelerometer; autoplay; clipboard-write; encrypted-media; gyroscope; picture-in-picture; web-share\" referrerpolicy=\"strict-origin-when-cross-origin\" allowfullscreen><\/iframe> <\/div><figcaption class=\"wp-element-caption\">Detaillierter Arbeitsablauf des EPS-Recyclingprozesses<\/figcaption><\/figure>    <h2 class=\"wp-block-heading\">Hauptmerkmale effizienter EPS-Granulatoren<\/h2>    <ul class=\"wp-block-list\"> <li>Es kann automatisch und kontinuierlich produzieren und gew\u00e4hrleistet so die Stabilit\u00e4t des Granulationsprozesses und die Qualit\u00e4t der EPS-Pellets.<\/li>    <li>Es besteht aus hochwertigem Edelstahl, ist langlebig, hochtemperaturbest\u00e4ndig, korrosionsbest\u00e4ndig und nicht leicht zu verformen.<\/li>    <li>Der Styropor-Granulationsprozess wird visualisiert und mit einem intelligenten Schaltschrank ausgestattet, der es einfach macht, den Granulationsprozess zu verfolgen und Temperatur, Zeit usw. w\u00e4hrend des Kunststoffschaum-Pelletierungsprozesses streng zu kontrollieren.<\/li>    <li>Es nimmt wenig Platz ein, verbraucht wenig Strom und produziert hochwertige Produkte.<\/li> <\/ul>   <div class=\"wp-block-image\"> <figure class=\"aligncenter size-full\"><img loading=\"lazy\" decoding=\"async\" width=\"720\" height=\"540\" src=\"https:\/\/www.plasticgranularmachine.com\/wp-content\/uploads\/2022\/07\/EPS-pelletizer-machine-1.webp\" alt=\"EPS-Granuliermaschine\" class=\"wp-image-1172\" srcset=\"https:\/\/www.plasticgranularmachine.com\/wp-content\/uploads\/2022\/07\/EPS-pelletizer-machine-1.webp 720w, https:\/\/www.plasticgranularmachine.com\/wp-content\/uploads\/2022\/07\/EPS-pelletizer-machine-1-300x225.webp 300w, https:\/\/www.plasticgranularmachine.com\/wp-content\/uploads\/2022\/07\/EPS-pelletizer-machine-1-16x12.webp 16w\" sizes=\"auto, (max-width: 720px) 100vw, 720px\" \/><figcaption class=\"wp-element-caption\">EPS-Granuliermaschine<\/figcaption><\/figure> <\/div>   <h2 class=\"wp-block-heading\">Was sind die Rohstoffe und Endprodukte der EPS-Schaumm\u00fchle?<\/h2>    <h3 class=\"wp-block-heading\">Rohstoffe<\/h3>    <p>Mit diesem EPS-Granulator k\u00f6nnen verschiedene Arten von Abfallschaum verarbeitet werden, z. B. Isolierschaum, extrudiertes Polystyrol, Abfallschaumboxen, Schaumstoffverpackungen mit Zusatzstoffen, Schaumstoffgeschirr und EPE (expandiertes Polyethylen).<\/p>    <h3 class=\"wp-block-heading\">Endprodukte<\/h3>    <p>Die EPS-Granuliermaschine verarbeitet Altkunststoff-Styropor zu gleichm\u00e4\u00dfig recycelten Pellets, die zur Herstellung neuer Kunststoffprodukte in vielen Bereichen wie Verpackung, Bauwesen usw. verwendet werden k\u00f6nnen. <\/p>    <p>Dar\u00fcber hinaus k\u00f6nnen EPS-Granulate durch die Zugabe verschiedener Pigmente, chemischer Wirkstoffe usw. w\u00e4hrend des Granulierungsprozesses letztendlich unterschiedliche Farben und Eigenschaften f\u00fcr unterschiedliche Produktionsanforderungen aufweisen. <\/p>   <div class=\"wp-block-image\"> <figure class=\"aligncenter size-full\"><img loading=\"lazy\" decoding=\"async\" width=\"720\" height=\"540\" src=\"https:\/\/www.plasticgranularmachine.com\/wp-content\/uploads\/2022\/07\/raw-materials-and-final-products.webp\" alt=\"Rohstoffe und Endprodukte\" class=\"wp-image-1070\" srcset=\"https:\/\/www.plasticgranularmachine.com\/wp-content\/uploads\/2022\/07\/raw-materials-and-final-products.webp 720w, https:\/\/www.plasticgranularmachine.com\/wp-content\/uploads\/2022\/07\/raw-materials-and-final-products-300x225.webp 300w, https:\/\/www.plasticgranularmachine.com\/wp-content\/uploads\/2022\/07\/raw-materials-and-final-products-16x12.webp 16w\" sizes=\"auto, (max-width: 720px) 100vw, 720px\" \/><figcaption class=\"wp-element-caption\">Rohstoffe und Endprodukte<\/figcaption><\/figure> <\/div>   <h2 class=\"wp-block-heading\">Aufbau des EPS-Granulators<\/h2>   <div class=\"wp-block-image\"> <figure class=\"aligncenter size-full\"><img loading=\"lazy\" decoding=\"async\" width=\"720\" height=\"540\" src=\"https:\/\/www.plasticgranularmachine.com\/wp-content\/uploads\/2022\/07\/EPS-foam-granulator-machine-structur1.webp\" alt=\"Struktur der EPS-Schaumgranulatormaschine\" class=\"wp-image-1173\" srcset=\"https:\/\/www.plasticgranularmachine.com\/wp-content\/uploads\/2022\/07\/EPS-foam-granulator-machine-structur1.webp 720w, https:\/\/www.plasticgranularmachine.com\/wp-content\/uploads\/2022\/07\/EPS-foam-granulator-machine-structur1-300x225.webp 300w, https:\/\/www.plasticgranularmachine.com\/wp-content\/uploads\/2022\/07\/EPS-foam-granulator-machine-structur1-16x12.webp 16w\" sizes=\"auto, (max-width: 720px) 100vw, 720px\" \/><figcaption class=\"wp-element-caption\">Struktur der EPS-Schaumgranulatormaschine<\/figcaption><\/figure> <\/div>   <p>Das gesamte EPS-Schaumgranulierungssystem umfasst die Hauptmaschine, die Hilfsmaschine, den D\u00fcsenkopf, das Mahlwerk und das K\u00fchlbecken.<\/p>    <h2 class=\"wp-block-heading\">Wie funktioniert eine EPS-Pelletiermaschine?<\/h2>    <p>Der EPS-Schaumgranulator verarbeitet Abfall-EPS-Schaum durch physikalische oder chemische Methoden wie Vorbehandlung, Schmelzen, Granulieren und Granulieren. Zun\u00e4chst schmilzt der EPS-Granulationshost den EPS-Kunststoff und extrudiert die Hilfsmaschine. Anschlie\u00dfend wird das lange Bandmaterial aus der Granulierhilfsd\u00fcse in das K\u00fchlbecken extrudiert. Schlie\u00dflich schneidet die Pelletschneidemaschine den EPS-Streifen in EPS-Pellets mit einheitlicher Gr\u00f6\u00dfe. Nach dieser Reihe von Arbeitsg\u00e4ngen k\u00f6nnen wir EPS-Schaumpellets erhalten. Dies ist das gesamte EPS-Schaumgranulierungssystem.<\/p>    <figure class=\"wp-block-gallery has-nested-images columns-default is-cropped wp-block-gallery-2 is-layout-flex wp-block-gallery-is-layout-flex\"> <figure class=\"wp-block-image size-large\"><img loading=\"lazy\" decoding=\"async\" width=\"720\" height=\"540\" data-id=\"1174\" src=\"https:\/\/www.plasticgranularmachine.com\/wp-content\/uploads\/2022\/07\/EPS-pelletizing-machine-2.webp\" alt=\"EPS-Granuliermaschine\" class=\"wp-image-1174\" srcset=\"https:\/\/www.plasticgranularmachine.com\/wp-content\/uploads\/2022\/07\/EPS-pelletizing-machine-2.webp 720w, https:\/\/www.plasticgranularmachine.com\/wp-content\/uploads\/2022\/07\/EPS-pelletizing-machine-2-300x225.webp 300w, https:\/\/www.plasticgranularmachine.com\/wp-content\/uploads\/2022\/07\/EPS-pelletizing-machine-2-16x12.webp 16w\" sizes=\"auto, (max-width: 720px) 100vw, 720px\" \/><figcaption class=\"wp-element-caption\">EPS-Granuliermaschine<\/figcaption><\/figure>    <figure class=\"wp-block-image size-large\"><img loading=\"lazy\" decoding=\"async\" width=\"720\" height=\"540\" data-id=\"1175\" src=\"https:\/\/www.plasticgranularmachine.com\/wp-content\/uploads\/2022\/07\/styrofoam-grinder-1.webp\" alt=\"Styropor-M\u00fchle\" class=\"wp-image-1175\" srcset=\"https:\/\/www.plasticgranularmachine.com\/wp-content\/uploads\/2022\/07\/styrofoam-grinder-1.webp 720w, https:\/\/www.plasticgranularmachine.com\/wp-content\/uploads\/2022\/07\/styrofoam-grinder-1-300x225.webp 300w, https:\/\/www.plasticgranularmachine.com\/wp-content\/uploads\/2022\/07\/styrofoam-grinder-1-16x12.webp 16w\" sizes=\"auto, (max-width: 720px) 100vw, 720px\" \/><figcaption class=\"wp-element-caption\">Styropor-M\u00fchle<\/figcaption><\/figure> <\/figure>    <h2 class=\"wp-block-heading\">Maschinenparameter<\/h2>    <figure class=\"wp-block-table\"><table><tbody><tr><td>Typ<\/td><td>Kapazit\u00e4t (kg\/h)<\/td><td>Hauptmotor (KW)<\/td><\/tr><tr><td>220 (Doppelreduzierer)<\/td><td>150-175<\/td><td>15<\/td><\/tr><tr><td>270 (Doppelreduzierer)<\/td><td>220-225<\/td><td>185<\/td><\/tr><tr><td>220 (Einzelreduzierer)<\/td><td>150-175<\/td><td>15<\/td><\/tr><tr><td>270 (Einzelreduzierer)<\/td><td>220-225<\/td><td>18.5<\/td><\/tr><tr><td>320 (Doppelreduzierer)<\/td><td>275-300<\/td><td>18.5<\/td><\/tr><tr><td>350 (Doppelreduzierer)<\/td><td>325-375<\/td><td>22<\/td><\/tr><\/tbody><\/table><figcaption class=\"wp-element-caption\">Technische Daten des Styropor-Granulators<\/figcaption><\/figure>    <p>Das Obige sind Grunddaten einiger hei\u00df verkaufter EPS-Granuliermaschinen. Wir bieten verschiedene Modelle und Stile an, um den unterschiedlichen Anforderungen an die Pelletierung von Styropor gerecht zu werden. Wir k\u00f6nnen auch kundenspezifische Granulatoren liefern. F\u00fcr spezifische Informationen wenden Sie sich bitte an unseren Marketingmanager. <\/p>    <figure class=\"wp-block-gallery has-nested-images columns-default is-cropped wp-block-gallery-3 is-layout-flex wp-block-gallery-is-layout-flex\"> <figure class=\"wp-block-image size-large\"><img loading=\"lazy\" decoding=\"async\" width=\"720\" height=\"540\" data-id=\"1176\" src=\"https:\/\/www.plasticgranularmachine.com\/wp-content\/uploads\/2022\/07\/styrofoam-extruder-1.webp\" alt=\"Styropor-Extruder\" class=\"wp-image-1176\" srcset=\"https:\/\/www.plasticgranularmachine.com\/wp-content\/uploads\/2022\/07\/styrofoam-extruder-1.webp 720w, https:\/\/www.plasticgranularmachine.com\/wp-content\/uploads\/2022\/07\/styrofoam-extruder-1-300x225.webp 300w, https:\/\/www.plasticgranularmachine.com\/wp-content\/uploads\/2022\/07\/styrofoam-extruder-1-16x12.webp 16w\" sizes=\"auto, (max-width: 720px) 100vw, 720px\" \/><figcaption class=\"wp-element-caption\">Styropor-Extruder<\/figcaption><\/figure>    <figure class=\"wp-block-image size-large\"><img loading=\"lazy\" decoding=\"async\" width=\"720\" height=\"540\" data-id=\"1177\" src=\"https:\/\/www.plasticgranularmachine.com\/wp-content\/uploads\/2022\/07\/styrofoam-granulator-1.webp\" alt=\"Styroporgranulator\" class=\"wp-image-1177\" srcset=\"https:\/\/www.plasticgranularmachine.com\/wp-content\/uploads\/2022\/07\/styrofoam-granulator-1.webp 720w, https:\/\/www.plasticgranularmachine.com\/wp-content\/uploads\/2022\/07\/styrofoam-granulator-1-300x225.webp 300w, https:\/\/www.plasticgranularmachine.com\/wp-content\/uploads\/2022\/07\/styrofoam-granulator-1-16x12.webp 16w\" sizes=\"auto, (max-width: 720px) 100vw, 720px\" \/><figcaption class=\"wp-element-caption\">Styroporgranulator<\/figcaption><\/figure> <\/figure>    <h2 class=\"wp-block-heading\">Warum ist die EPS-Granuliermaschine beliebt?<\/h2>    <p>Einerseits ist das Leben voller EPS-Schaumprodukte aller Art. Dar\u00fcber hinaus wird EPS-Schaum haupts\u00e4chlich in Schaumstoff-Snackboxen, Schaumstoff-Frischhalteboxen und Isoliermaterialien f\u00fcr Lebensmittel verwendet. Gleichzeitig ist EPS auch der Verpackungsschaum von Fernsehger\u00e4ten, Klimaanlagen, K\u00fchlschr\u00e4nken und anderen M\u00f6beln. Diese EPS-Produkte verursachen eine gro\u00dfe Umweltverschmutzung, wenn sie nicht recycelt werden. Andererseits ist Umweltschutz zur Mode geworden. Auch verschiedene L\u00e4nder setzen sich f\u00fcr den Umweltschutz ein. Daher k\u00f6nnen EPS-Granulatoren gro\u00dfe Gewinne erzielen.<\/p>    <figure class=\"wp-block-gallery has-nested-images columns-default is-cropped wp-block-gallery-4 is-layout-flex wp-block-gallery-is-layout-flex\"> <figure class=\"wp-block-image size-large\"><img loading=\"lazy\" decoding=\"async\" width=\"720\" height=\"540\" data-id=\"1071\" src=\"https:\/\/www.plasticgranularmachine.com\/wp-content\/uploads\/2022\/07\/foam-pollution.webp\" alt=\"Schaumverschmutzung\" class=\"wp-image-1071\" srcset=\"https:\/\/www.plasticgranularmachine.com\/wp-content\/uploads\/2022\/07\/foam-pollution.webp 720w, https:\/\/www.plasticgranularmachine.com\/wp-content\/uploads\/2022\/07\/foam-pollution-300x225.webp 300w, https:\/\/www.plasticgranularmachine.com\/wp-content\/uploads\/2022\/07\/foam-pollution-16x12.webp 16w\" sizes=\"auto, (max-width: 720px) 100vw, 720px\" \/><figcaption class=\"wp-element-caption\">Schaumverschmutzung<\/figcaption><\/figure>    <figure class=\"wp-block-image size-large\"><img loading=\"lazy\" decoding=\"async\" width=\"720\" height=\"540\" data-id=\"1072\" src=\"https:\/\/www.plasticgranularmachine.com\/wp-content\/uploads\/2022\/07\/waste-plastic-foam.webp\" alt=\"Abfall aus Kunststoffschaum\" class=\"wp-image-1072\" srcset=\"https:\/\/www.plasticgranularmachine.com\/wp-content\/uploads\/2022\/07\/waste-plastic-foam.webp 720w, https:\/\/www.plasticgranularmachine.com\/wp-content\/uploads\/2022\/07\/waste-plastic-foam-300x225.webp 300w, https:\/\/www.plasticgranularmachine.com\/wp-content\/uploads\/2022\/07\/waste-plastic-foam-16x12.webp 16w\" sizes=\"auto, (max-width: 720px) 100vw, 720px\" \/><figcaption class=\"wp-element-caption\">Abfall aus Kunststoffschaum<\/figcaption><\/figure> <\/figure>    <h2 class=\"wp-block-heading\" id=\"h-application-of-eps-foam-pellets\">Anwendung von EPS-Schaumpellets<\/h2>    <ol class=\"wp-block-list\"> <li>Im t\u00e4glichen Leben k\u00f6nnen aus recycelten Pellets alle Arten von EPS-Schaumbeuteln, F\u00e4ssern, Becken, Spielzeug, M\u00f6beln, Schreibwaren und anderen Haushaltsger\u00e4ten hergestellt werden.<\/li>    <li>Kleidung. Wir k\u00f6nnen EPS-Kunststoffpellets zur Herstellung von Kleidung, Krawatten, Kn\u00f6pfen und Rei\u00dfverschl\u00fcssen verwenden.<\/li>    <li>Baustoffe. Aus EPS-Schaumpellets und Kunststoff-Holzprofilen werden verschiedene Bauteile, T\u00fcren und Fenster aus EPS-Schaum usw. hergestellt.<\/li>    <li>Industriebedarf. Pellets k\u00f6nnen zur Herstellung von Rohren, Beh\u00e4ltern, Pumpen, Ventilen usw. verwendet werden. Dar\u00fcber hinaus k\u00f6nnen sie in chemischen Produktionsst\u00e4tten zur L\u00f6sung von Korrosion und Verschlei\u00df eingesetzt werden.<\/li>    <li>Agrarbedarf. Dar\u00fcber hinaus k\u00f6nnen schaumregenerierte Pellets zur Herstellung von landwirtschaftlichen Folien, Pumprohren, landwirtschaftlichen Maschinen usw. verwendet werden. <a href=\"https:\/\/en.wikipedia.org\/wiki\/Fertilizer\" target=\"_blank\" rel=\"noopener\">D\u00fcnger<\/a> S\u00e4cke, Zements\u00e4cke usw.<\/li>    <li>Dar\u00fcber hinaus werden recycelte Pellets, die mit einer EPS-Schaumpelletiermaschine hergestellt werden, auch h\u00e4ufig in der Elektroindustrie und der Telekommunikationsindustrie verwendet.<\/li> <\/ol>    <figure class=\"wp-block-gallery aligncenter has-nested-images columns-default is-cropped wp-block-gallery-5 is-layout-flex wp-block-gallery-is-layout-flex\"> <figure class=\"wp-block-image size-full\"><img loading=\"lazy\" decoding=\"async\" width=\"750\" height=\"537\" data-id=\"324\" src=\"https:\/\/www.plasticgranularmachine.com\/wp-content\/uploads\/2022\/07\/finished-products.jpg\" alt=\"fertige Produkte\" class=\"wp-image-324\" srcset=\"https:\/\/www.plasticgranularmachine.com\/wp-content\/uploads\/2022\/07\/finished-products.jpg 750w, https:\/\/www.plasticgranularmachine.com\/wp-content\/uploads\/2022\/07\/finished-products-300x215.jpg 300w\" sizes=\"auto, (max-width: 750px) 100vw, 750px\" \/><figcaption class=\"wp-element-caption\">fertige Produkte<\/figcaption><\/figure>    <figure class=\"wp-block-image size-full\"><img loading=\"lazy\" decoding=\"async\" width=\"720\" height=\"540\" data-id=\"1074\" src=\"https:\/\/www.plasticgranularmachine.com\/wp-content\/uploads\/2022\/07\/foam-board.webp\" alt=\"Schaumstoffplatte\" class=\"wp-image-1074\" srcset=\"https:\/\/www.plasticgranularmachine.com\/wp-content\/uploads\/2022\/07\/foam-board.webp 720w, https:\/\/www.plasticgranularmachine.com\/wp-content\/uploads\/2022\/07\/foam-board-300x225.webp 300w, https:\/\/www.plasticgranularmachine.com\/wp-content\/uploads\/2022\/07\/foam-board-16x12.webp 16w\" sizes=\"auto, (max-width: 720px) 100vw, 720px\" \/><figcaption class=\"wp-element-caption\">Schaumstoffplatte<\/figcaption><\/figure>    <figure class=\"wp-block-image size-full\"><img loading=\"lazy\" decoding=\"async\" width=\"720\" height=\"540\" data-id=\"1073\" src=\"https:\/\/www.plasticgranularmachine.com\/wp-content\/uploads\/2022\/07\/foam-packaging.webp\" alt=\"Schaumstoffverpackung\" class=\"wp-image-1073\" srcset=\"https:\/\/www.plasticgranularmachine.com\/wp-content\/uploads\/2022\/07\/foam-packaging.webp 720w, https:\/\/www.plasticgranularmachine.com\/wp-content\/uploads\/2022\/07\/foam-packaging-300x225.webp 300w, https:\/\/www.plasticgranularmachine.com\/wp-content\/uploads\/2022\/07\/foam-packaging-16x12.webp 16w\" sizes=\"auto, (max-width: 720px) 100vw, 720px\" \/><figcaption class=\"wp-element-caption\">Schaumstoffverpackung<\/figcaption><\/figure> <\/figure>    <p class=\"translation-block\">Der Styropor-Granulator wird oft in Verbindung mit einem <a href=\"https:\/\/www.plasticgranularmachine.com\/de\/product\/foam-crushing-machine\/\" data-type=\"link\" data-id=\"https:\/\/www.plasticgranularmachine.com\/product\/foam-crushing-machine\/\">EPS-Zerkleinerer<\/a> usw. verwendet, um gemeinsam die Produktion von hochwertigen recycelten EPS-Granulaten zu f\u00f6rdern. Abschlie\u00dfend, wenn Sie Kunststoffrecyclingausr\u00fcstung ben\u00f6tigen, kontaktieren Sie uns bitte. Dar\u00fcber hinaus haben wir auch einen <a href=\"https:\/\/www.plasticgranularmachine.com\/de\/product\/plastic-film-granulator\/\">Kunststofffolien-Granulator<\/a> zu verkaufen.<\/p>    <h2 class=\"wp-block-heading\">Effiziente EPS-Pelletiermaschine, exportiert nach Kanada<\/h2>    <p>K\u00fcrzlich wurde unsere gesamte Styropor-Recyclinglinie, einschlie\u00dflich eines EPS-Granulators, erfolgreich nach Vancouver exportiert, um einem Schaumrecyclingunternehmen in Vancouver bei der L\u00f6sung des Problems unzureichender Recyclingausr\u00fcstung zu helfen. Als erfahrener Lieferant von Kunststoffrecyclingmaschinen freuen wir uns, zum Recycling und zur Nutzung von Kunststoffen beizutragen.<\/p>    <p>Wenn Sie also Schwierigkeiten mit dem Plastikrecycling haben, z\u00f6gern Sie bitte nicht, uns zu kontaktieren!<\/p>    <p class=\"translation-block\"><em>Lesen:<\/em> <a href=\"https:\/\/www.plasticgranularmachine.com\/de\/Info\/styrofoam-recycling-vancouver\/\"><em>Wie f\u00f6rdern wir das Styropor-Recycling in Vancouver BC?<\/em><\/a><\/p>   <div class=\"wp-block-image\"> <figure class=\"aligncenter size-full\"><img loading=\"lazy\" decoding=\"async\" width=\"540\" height=\"720\" src=\"https:\/\/www.plasticgranularmachine.com\/wp-content\/uploads\/2022\/07\/EPS-Pelletizer-is-being-packed-at-the-factory-1.webp\" alt=\"Der EPS-Granulator wird im Werk verpackt\" class=\"wp-image-1178\" srcset=\"https:\/\/www.plasticgranularmachine.com\/wp-content\/uploads\/2022\/07\/EPS-Pelletizer-is-being-packed-at-the-factory-1.webp 540w, https:\/\/www.plasticgranularmachine.com\/wp-content\/uploads\/2022\/07\/EPS-Pelletizer-is-being-packed-at-the-factory-1-225x300.webp 225w, https:\/\/www.plasticgranularmachine.com\/wp-content\/uploads\/2022\/07\/EPS-Pelletizer-is-being-packed-at-the-factory-1-9x12.webp 9w\" sizes=\"auto, (max-width: 540px) 100vw, 540px\" \/><figcaption class=\"wp-element-caption\">Der EPS-Granulator wird im Werk verpackt<\/figcaption><\/figure> <\/div>   <h2 class=\"wp-block-heading\">Unsere Leistungen<\/h2>    <ul class=\"wp-block-list\"> <li>Kundenspezifische Maschinen sind mit einer Vorlaufzeit von ca. 20 Tagen erh\u00e4ltlich.<\/li>    <li>Willkommen in unserer Fabrik, um unsere EPS-Granuliermaschinen zu sehen!<\/li>    <li>Vor dem Versand wird ein Testvideo gesendet, um zu best\u00e4tigen, dass keine Fehler vorliegen.<\/li>    <li>Wir bieten technischen Support und eine einj\u00e4hrige Garantie.<\/li> <\/ul>    <p>Zusammenfassend l\u00e4sst sich sagen, dass unsere Styroporschleifmaschine von hoher Qualit\u00e4t und Effizienz ist. Wenn Sie nach einer gro\u00dfartigen L\u00f6sung zum Mahlen Ihrer Abfall-Schaumrohstoffe suchen, werden wir Ihr bester Partner sein. Z\u00f6gern Sie nicht, uns zu kontaktieren!<\/p>   <div class=\"wp-block-image\"> <figure class=\"aligncenter size-full\"><img loading=\"lazy\" decoding=\"async\" width=\"540\" height=\"720\" src=\"https:\/\/www.plasticgranularmachine.com\/wp-content\/uploads\/2022\/07\/EPS-Pelletizing-Machine-packaging-for-shipping-1.webp\" alt=\"Verpackung der EPS-Pelletiermaschine f\u00fcr den Versand\" class=\"wp-image-1179\" srcset=\"https:\/\/www.plasticgranularmachine.com\/wp-content\/uploads\/2022\/07\/EPS-Pelletizing-Machine-packaging-for-shipping-1.webp 540w, https:\/\/www.plasticgranularmachine.com\/wp-content\/uploads\/2022\/07\/EPS-Pelletizing-Machine-packaging-for-shipping-1-225x300.webp 225w, https:\/\/www.plasticgranularmachine.com\/wp-content\/uploads\/2022\/07\/EPS-Pelletizing-Machine-packaging-for-shipping-1-9x12.webp 9w\" sizes=\"auto, (max-width: 540px) 100vw, 540px\" \/><figcaption class=\"wp-element-caption\">Verpackung der EPS-Pelletiermaschine f\u00fcr den Versand<\/figcaption><\/figure> <\/div>","protected":false},"excerpt":{"rendered":"<p>Die EPS-Pelletiermaschine kann EPS-Schaum recyceln und EPS-Pellets mit einheitlicher Gr\u00f6\u00dfe herstellen. Die Pelletgr\u00f6\u00dfe kann angepasst und die Leistung individuell angepasst werden.<\/p>","protected":false},"author":1,"featured_media":1368,"parent":0,"template":"","tags":[18,33],"product-type":[5],"class_list":["post-320","product","type-product","status-publish","has-post-thumbnail","hentry","tag-pelletizing-machine","tag-styrofoam-recycling","product-type-plastic-pelletizer"],"_links":{"self":[{"href":"https:\/\/www.plasticgranularmachine.com\/de\/wp-json\/wp\/v2\/product\/320","targetHints":{"allow":["GET"]}}],"collection":[{"href":"https:\/\/www.plasticgranularmachine.com\/de\/wp-json\/wp\/v2\/product"}],"about":[{"href":"https:\/\/www.plasticgranularmachine.com\/de\/wp-json\/wp\/v2\/types\/product"}],"author":[{"embeddable":true,"href":"https:\/\/www.plasticgranularmachine.com\/de\/wp-json\/wp\/v2\/users\/1"}],"wp:featuredmedia":[{"embeddable":true,"href":"https:\/\/www.plasticgranularmachine.com\/de\/wp-json\/wp\/v2\/media\/1368"}],"wp:attachment":[{"href":"https:\/\/www.plasticgranularmachine.com\/de\/wp-json\/wp\/v2\/media?parent=320"}],"wp:term":[{"taxonomy":"post_tag","embeddable":true,"href":"https:\/\/www.plasticgranularmachine.com\/de\/wp-json\/wp\/v2\/tags?post=320"},{"taxonomy":"product-type","embeddable":true,"href":"https:\/\/www.plasticgranularmachine.com\/de\/wp-json\/wp\/v2\/product-type?post=320"}],"curies":[{"name":"wp","href":"https:\/\/api.w.org\/{rel}","templated":true}]}}