{"id":332,"date":"2022-08-01T06:34:22","date_gmt":"2022-08-01T06:34:22","guid":{"rendered":"https:\/\/www.plasticgranularmachine.com\/?post_type=product&#038;p=332"},"modified":"2025-01-06T09:53:46","modified_gmt":"2025-01-06T01:53:46","slug":"pet-flakes-hot-washing-machine","status":"publish","type":"product","link":"https:\/\/www.plasticgranularmachine.com\/de\/product\/pet-flakes-hot-washing-machine\/","title":{"rendered":"Neue Hei\u00dfwaschmaschine f\u00fcr PET-Flocken"},"content":{"rendered":"<p>Die Hei\u00dfwaschmaschine f\u00fcr PET-Flocken wird auch als Hei\u00dfwaschmaschine f\u00fcr PET-Flocken bezeichnet. Die Hei\u00dfwaschmaschine f\u00fcr PET-Flaschenflocken kann Verunreinigungen wie Getr\u00e4nkefl\u00fcssigkeiten, \u00d6lflecken usw. effektiv entfernen. Sie ist eine notwendige Maschine in allen Arten von Kunststoffrecyclinglinien. Wenn Sie hochwertigere recycelbare Materialien w\u00fcnschen, ben\u00f6tigen Sie eine Maschine f\u00fcr hei\u00dfgewaschene PET-Flocken. Sie k\u00f6nnen diese Maschine zu PET-, HDPE-, PP\/PE- und anderen Kunststoffwaschanlagen und Pelletieranlagen hinzuf\u00fcgen.<\/p>   <div class=\"wp-block-image\"> <figure class=\"aligncenter size-full\"><img loading=\"lazy\" decoding=\"async\" width=\"720\" height=\"540\" src=\"https:\/\/www.plasticgranularmachine.com\/wp-content\/uploads\/2022\/08\/pet-flakes-hot-washing-machine-2.webp\" alt=\"Haustierflocken hei\u00df in der Waschmaschine\" class=\"wp-image-1155\" srcset=\"https:\/\/www.plasticgranularmachine.com\/wp-content\/uploads\/2022\/08\/pet-flakes-hot-washing-machine-2.webp 720w, https:\/\/www.plasticgranularmachine.com\/wp-content\/uploads\/2022\/08\/pet-flakes-hot-washing-machine-2-300x225.webp 300w, https:\/\/www.plasticgranularmachine.com\/wp-content\/uploads\/2022\/08\/pet-flakes-hot-washing-machine-2-16x12.webp 16w\" sizes=\"auto, (max-width: 720px) 100vw, 720px\" \/><figcaption class=\"wp-element-caption\">Haustierflocken hei\u00df in der Waschmaschine <\/figcaption><\/figure> <\/div>   <h2 class=\"wp-block-heading\">Merkmale des Hei\u00dfwaschers f\u00fcr PET-Flocken<\/h2>    <ol class=\"wp-block-list\"> <li>Schnelle W\u00e4rme\u00fcbertragung. Der Waschtank kann die Wassertemperatur schnell auf 90\u2013100 Grad Celsius erh\u00f6hen.<\/li>    <li>Multifunktional. Die Hei\u00dfwaschmaschine f\u00fcr PET-Flocken verf\u00fcgt \u00fcber die Funktion der automatischen Temperaturregelung, W\u00e4rmeerhaltung und des R\u00fchrens.<\/li>    <li>Gute Reinigungswirkung. Durch mehrere Paddel kann die Kontaktfl\u00e4che mit der Kunststofffolie effektiv vergr\u00f6\u00dfert werden. Daher hat es eine bessere Reinigungswirkung.<\/li>    <li>Anpassbarer Service: Die Hei\u00dfwaschmaschine f\u00fcr PET-Flocken kann an die Bed\u00fcrfnisse Ihrer Pilotmaschine angepasst werden.<\/li>    <li>Leicht zu reinigen. Die Abtriebswelle des Reduzierst\u00fccks und die Zellstoffwelle sind mit der beweglichen H\u00fclse verbunden. Es ist also elementar zu reinigen.<\/li> <\/ol>   <div class=\"wp-block-image\"> <figure class=\"aligncenter size-full\"><img loading=\"lazy\" decoding=\"async\" width=\"720\" height=\"540\" src=\"https:\/\/www.plasticgranularmachine.com\/wp-content\/uploads\/2022\/08\/hot-washer-washing-machine-for-plastic-bottles.webp\" alt=\"Hei\u00dfwaschmaschine f\u00fcr Plastikflaschen\" class=\"wp-image-1144\" srcset=\"https:\/\/www.plasticgranularmachine.com\/wp-content\/uploads\/2022\/08\/hot-washer-washing-machine-for-plastic-bottles.webp 720w, https:\/\/www.plasticgranularmachine.com\/wp-content\/uploads\/2022\/08\/hot-washer-washing-machine-for-plastic-bottles-300x225.webp 300w, https:\/\/www.plasticgranularmachine.com\/wp-content\/uploads\/2022\/08\/hot-washer-washing-machine-for-plastic-bottles-16x12.webp 16w\" sizes=\"auto, (max-width: 720px) 100vw, 720px\" \/><figcaption class=\"wp-element-caption\">Hei\u00dfwaschmaschine f\u00fcr Plastikflaschen<\/figcaption><\/figure> <\/div>   <h2 class=\"wp-block-heading\">Anwendung unserer Hei\u00dfwaschmaschine f\u00fcr PET-Flaschenflocken<\/h2>    <p class=\"translation-block\">In diesem Video sehen Sie die PET-Flaschen-Flocken-Hei\u00dfwaschmaschine in der <a href=\"https:\/\/www.plasticgranularmachine.com\/de\/product\/pet-bottles-recycling-line\/\" data-type=\"link\" data-id=\"https:\/\/www.plasticgranularmachine.com\/product\/pet-bottles-recycling-line\/\">Kunststoffflaschen-Recyclinganlage<\/a> in Aktion. Sie spielt eine wichtige Rolle in der PET-Flaschen-Waschanlage.<\/p>    <figure class=\"wp-block-embed is-type-video is-provider-youtube wp-block-embed-youtube wp-embed-aspect-16-9 wp-has-aspect-ratio\"><div class=\"wp-block-embed__wrapper\"> <iframe loading=\"lazy\" title=\"Effiziente und leistungsstarke Dekontamination von PET-Flaschen in einem Schritt-f\u00fcr-Schritt-Prozess\" width=\"500\" height=\"281\" src=\"https:\/\/www.youtube.com\/embed\/SsiW4ed3DB8?feature=oembed\" frameborder=\"0\" allow=\"accelerometer; autoplay; clipboard-write; encrypted-media; gyroscope; picture-in-picture; web-share\" referrerpolicy=\"strict-origin-when-cross-origin\" allowfullscreen><\/iframe> <\/div><\/figure>    <p>Dies ist die Hei\u00dfwaschmaschine f\u00fcr PET-Flaschenflocken in unserem Werk. Die Maschine wird f\u00fcr unseren nigerianischen Kunden hergestellt, der eine komplette PET-Recyclinglinie bestellt hat.<\/p>    <figure class=\"wp-block-embed is-type-video is-provider-youtube wp-block-embed-youtube wp-embed-aspect-16-9 wp-has-aspect-ratio\"><div class=\"wp-block-embed__wrapper\"> <iframe loading=\"lazy\" title=\"Werfen Sie einen genaueren Blick in die Hei\u00dfwaschmaschine f\u00fcr PET-Flocken!\" width=\"500\" height=\"281\" src=\"https:\/\/www.youtube.com\/embed\/-MTvWnwFg2M?feature=oembed\" frameborder=\"0\" allow=\"accelerometer; autoplay; clipboard-write; encrypted-media; gyroscope; picture-in-picture; web-share\" referrerpolicy=\"strict-origin-when-cross-origin\" allowfullscreen><\/iframe> <\/div><\/figure>    <h2 class=\"wp-block-heading\" id=\"h-how-does-the-pet-flake-hot-washing-machine-work\">Wie funktioniert die Hei\u00dfwaschmaschine f\u00fcr PET-Flocken?<\/h2>    <p>Wenn die Plastikabfallwaschmaschine l\u00e4uft, wird die Hei\u00dfwaschmaschine f\u00fcr PET-Flaschenflocken mit Wasser gef\u00fcllt. Dann kann die Wassertemperatur unter Einwirkung elektromagnetischer oder Dampfheizung schnell auf 90-100 Grad ansteigen. Um eine bessere Reinigungswirkung zu erzielen, k\u00f6nnen Sie das zu reinigende Kunststoffmaterial zun\u00e4chst mit hei\u00dfem Wasser einweichen. <\/p>    <p>Anschlie\u00dfend wird das Reinigungsmittel in den Hei\u00dfw\u00e4scher f\u00fcr PET-Flakes gegeben, um das Material sauberer zu machen. Denn im Inneren der Plastikflocken-Hei\u00dfwaschmaschine befinden sich mehrere Paddel. Wenn die Kunststoffabfallwaschmaschine l\u00e4uft, reibt sie haupts\u00e4chlich mit den Paddeln am Material, um es sauber zu machen. Schlie\u00dflich erhalten Sie eine hochwertigere PET-Flocke.<\/p>   <div class=\"wp-block-image\"> <figure class=\"aligncenter size-full\"><img loading=\"lazy\" decoding=\"async\" width=\"720\" height=\"540\" src=\"https:\/\/www.plasticgranularmachine.com\/wp-content\/uploads\/2022\/06\/plastic-bottle-flakes.jpg\" alt=\"Endprodukte aus Plastikflaschenflocken, hei\u00dfe Waschmaschine\" class=\"wp-image-156\" srcset=\"https:\/\/www.plasticgranularmachine.com\/wp-content\/uploads\/2022\/06\/plastic-bottle-flakes.jpg 720w, https:\/\/www.plasticgranularmachine.com\/wp-content\/uploads\/2022\/06\/plastic-bottle-flakes-300x225.jpg 300w\" sizes=\"auto, (max-width: 720px) 100vw, 720px\" \/><figcaption class=\"wp-element-caption\">Endprodukte aus Plastikflaschenflocken, hei\u00dfe Waschmaschine<\/figcaption><\/figure> <\/div>   <h2 class=\"wp-block-heading\">Parameter der Waschmaschine f\u00fcr Kunststoffabf\u00e4lle<\/h2>    <figure class=\"wp-block-table\"><table><tbody><tr><td>Modell<\/td><td>SL-500<\/td><\/tr><tr><td>H\u00f6he<\/td><td>2m<\/td><\/tr><tr><td>Durchmesser<\/td><td>1,3m<\/td><\/tr><tr><td>Au\u00dfenst\u00e4rke (einstellbar)<\/td><td>4mm<\/td><\/tr><tr><td>Bodenst\u00e4rke (einstellbar)<\/td><td>8mm<\/td><\/tr><tr><td>Material<\/td><td>Kartonstahl<\/td><\/tr><tr><td>Leistung<\/td><td>4 kW<\/td><\/tr><tr><td>Heizmethode<\/td><td>Elektrisch und Dampf<\/td><\/tr><\/tbody><\/table><figcaption class=\"wp-element-caption\">Technische Daten der Hei\u00dfwaschmaschinen f\u00fcr PET-Flocken<\/figcaption><\/figure>    <p>Hier sind einige grundlegende Daten \u00fcber die meistverkaufte Hei\u00dfwaschmaschine f\u00fcr Plastikflaschen. Wenn Sie andere Produktionsanforderungen haben, k\u00f6nnen wir Ihnen auch ma\u00dfgeschneiderte Maschinen zur Verf\u00fcgung stellen.<\/p>   <div class=\"wp-block-image\"> <figure class=\"aligncenter size-full\"><img loading=\"lazy\" decoding=\"async\" width=\"720\" height=\"540\" src=\"https:\/\/www.plasticgranularmachine.com\/wp-content\/uploads\/2022\/08\/hot-washed-PET-flakes-machine.webp\" alt=\"Maschine f\u00fcr hei\u00dfgewaschene PET-Flocken\" class=\"wp-image-1154\" srcset=\"https:\/\/www.plasticgranularmachine.com\/wp-content\/uploads\/2022\/08\/hot-washed-PET-flakes-machine.webp 720w, https:\/\/www.plasticgranularmachine.com\/wp-content\/uploads\/2022\/08\/hot-washed-PET-flakes-machine-300x225.webp 300w, https:\/\/www.plasticgranularmachine.com\/wp-content\/uploads\/2022\/08\/hot-washed-PET-flakes-machine-16x12.webp 16w\" sizes=\"auto, (max-width: 720px) 100vw, 720px\" \/><figcaption class=\"wp-element-caption\">Maschine f\u00fcr hei\u00dfgewaschene PET-Flocken<\/figcaption><\/figure> <\/div>   <h2 class=\"wp-block-heading\">Zusammenfassend<\/h2>    <p>Die Wahl der richtigen Waschmaschine f\u00fcr PET-Flaschen ist sehr wichtig. Unsere Hei\u00dfwaschmaschine f\u00fcr PET-Flocken zeichnet sich durch hohe Qualit\u00e4t, hohe Effizienz usw. aus. Wenn Sie Fragen zum Recycling von Plastikflaschen haben oder die Maschine ben\u00f6tigen, k\u00f6nnen Sie sich gerne an uns wenden.<\/p>","protected":false},"excerpt":{"rendered":"<p>PET flakes hot washing machine is also called a hot washer for PET flakes. The PET bottle flakes hot washing machine can effectively remove contaminants such as beverage food liquids, oil stains, etc. It is a necessary machine in all kinds of plastic recycling lines. If you want higher-quality recyclable materials, you need to have [&hellip;]<\/p>\n","protected":false},"author":1,"featured_media":1145,"parent":0,"template":"","tags":[38,39],"product-type":[6],"class_list":["post-332","product","type-product","status-publish","has-post-thumbnail","hentry","tag-pet-recycling","tag-washing","product-type-washing-machine"],"_links":{"self":[{"href":"https:\/\/www.plasticgranularmachine.com\/de\/wp-json\/wp\/v2\/product\/332","targetHints":{"allow":["GET"]}}],"collection":[{"href":"https:\/\/www.plasticgranularmachine.com\/de\/wp-json\/wp\/v2\/product"}],"about":[{"href":"https:\/\/www.plasticgranularmachine.com\/de\/wp-json\/wp\/v2\/types\/product"}],"author":[{"embeddable":true,"href":"https:\/\/www.plasticgranularmachine.com\/de\/wp-json\/wp\/v2\/users\/1"}],"wp:featuredmedia":[{"embeddable":true,"href":"https:\/\/www.plasticgranularmachine.com\/de\/wp-json\/wp\/v2\/media\/1145"}],"wp:attachment":[{"href":"https:\/\/www.plasticgranularmachine.com\/de\/wp-json\/wp\/v2\/media?parent=332"}],"wp:term":[{"taxonomy":"post_tag","embeddable":true,"href":"https:\/\/www.plasticgranularmachine.com\/de\/wp-json\/wp\/v2\/tags?post=332"},{"taxonomy":"product-type","embeddable":true,"href":"https:\/\/www.plasticgranularmachine.com\/de\/wp-json\/wp\/v2\/product-type?post=332"}],"curies":[{"name":"wp","href":"https:\/\/api.w.org\/{rel}","templated":true}]}}