{"id":36,"date":"2022-06-23T03:41:17","date_gmt":"2022-06-23T03:41:17","guid":{"rendered":"http:\/\/tailwind-themes.local\/?post_type=product&#038;p=36"},"modified":"2025-01-06T09:58:55","modified_gmt":"2025-01-06T01:58:55","slug":"plastic-film-granulator","status":"publish","type":"product","link":"https:\/\/www.plasticgranularmachine.com\/de\/product\/plastic-film-granulator\/","title":{"rendered":"Kunststofffoliengranulator | PE-PP-Kunststoff-Pelletiermaschine"},"content":{"rendered":"<p class=\"translation-block\">Plastic film granulator ist die Hauptausr\u00fcstung der <a href=\"https:\/\/www.plasticgranularmachine.com\/de\/product\/plastic-film-recycling-line\/\">Kunststofffolien-Recyclinglinie<\/a>. Diese Maschine kann Kunststofffilmabf\u00e4lle schmelzen, plastifizieren und extrudieren und recycelte Granulate herstellen. Plastic film granulator wird in Kunststoffproduktionsfabriken und Recyclinganlagen h\u00e4ufig eingesetzt. Die Maschinenausgabe reichte von 100-500 kg\/h. Die Endprodukte sind Kunststoffgranulate oder Pellets, recycelte Materialien von h\u00f6herer Qualit\u00e4t k\u00f6nnen bessere Granulate produzieren.<\/p>    <figure class=\"wp-block-embed is-type-video is-provider-youtube wp-block-embed-youtube wp-embed-aspect-16-9 wp-has-aspect-ratio\"><div class=\"wp-block-embed__wrapper\"> <iframe loading=\"lazy\" title=\"Einblicke in den Kunststoffgranulierungsprozess: Sehen Sie, wie er den Recyclinggewinn steigert!\" width=\"500\" height=\"281\" src=\"https:\/\/www.youtube.com\/embed\/_mcIy6g5Ybk?feature=oembed\" frameborder=\"0\" allow=\"accelerometer; autoplay; clipboard-write; encrypted-media; gyroscope; picture-in-picture; web-share\" referrerpolicy=\"strict-origin-when-cross-origin\" allowfullscreen><\/iframe> <\/div><\/figure>    <h2 class=\"wp-block-heading\">Anwendungsbereich des Filmgranulators<\/h2>    <p class=\"translation-block\">Als professioneller Plastic film granulator kann unsere Maschine alle Arten von Kunststofffolien recyceln und granulieren. Zum Beispiel kann sie Kunststofffolien aus <a href=\"https:\/\/www.plasticgranularmachine.com\/de\/Info\/which-plastics-can-be-recycled\/\">PE, PP, BOPP, HDPE, LDPE und LLDPE<\/a> granulieren. In unserem t\u00e4glichen Leben k\u00f6nnen wir diese Kunststoffmaterialien aus Lebensmittelverpackungsbeuteln, Gew\u00e4chshausfolien, M\u00fcllbeuteln, Einkaufstaschen, <a href=\"https:\/\/en.wikipedia.org\/wiki\/High-density_polyethylene\" target=\"_blank\" rel=\"noopener\">HDPE<\/a>-Folien, Agrarfolien, PP-Beuteln und LDPE-Schrumpffolien sehen.<\/p>    <figure class=\"wp-block-gallery has-nested-images columns-default is-cropped wp-block-gallery-2 is-layout-flex wp-block-gallery-is-layout-flex\"> <figure class=\"wp-block-image size-large\"><img loading=\"lazy\" decoding=\"async\" width=\"720\" height=\"540\" data-id=\"1362\" src=\"https:\/\/www.plasticgranularmachine.com\/wp-content\/uploads\/2022\/06\/plastic-film-recycling-raw-materials1.webp\" alt=\"Kunststofffolie, die Rohstoffe recycelt\" class=\"wp-image-1362\" srcset=\"https:\/\/www.plasticgranularmachine.com\/wp-content\/uploads\/2022\/06\/plastic-film-recycling-raw-materials1.webp 720w, https:\/\/www.plasticgranularmachine.com\/wp-content\/uploads\/2022\/06\/plastic-film-recycling-raw-materials1-300x225.webp 300w, https:\/\/www.plasticgranularmachine.com\/wp-content\/uploads\/2022\/06\/plastic-film-recycling-raw-materials1-16x12.webp 16w\" sizes=\"auto, (max-width: 720px) 100vw, 720px\" \/><figcaption class=\"wp-element-caption\">Kunststofffolie, die Rohstoffe recycelt<\/figcaption><\/figure>    <figure class=\"wp-block-image size-large\"><img loading=\"lazy\" decoding=\"async\" width=\"720\" height=\"540\" data-id=\"1363\" src=\"https:\/\/www.plasticgranularmachine.com\/wp-content\/uploads\/2022\/06\/end-products-of-plastic-granulators.webp\" alt=\"Endprodukte von Kunststoffgranulatoren\" class=\"wp-image-1363\" srcset=\"https:\/\/www.plasticgranularmachine.com\/wp-content\/uploads\/2022\/06\/end-products-of-plastic-granulators.webp 720w, https:\/\/www.plasticgranularmachine.com\/wp-content\/uploads\/2022\/06\/end-products-of-plastic-granulators-300x225.webp 300w, https:\/\/www.plasticgranularmachine.com\/wp-content\/uploads\/2022\/06\/end-products-of-plastic-granulators-16x12.webp 16w\" sizes=\"auto, (max-width: 720px) 100vw, 720px\" \/><figcaption class=\"wp-element-caption\">Endprodukte von Kunststoffgranulatoren<\/figcaption><\/figure> <\/figure>    <h2 class=\"wp-block-heading\">Wie funktioniert eine Pelletiermaschine f\u00fcr PP-PE-Kunststoff?<\/h2>    <p>Vor dem Granulierungsprozess muss die Kunststofffolie sauber sein. Kunststofffolien mit Verunreinigungen beeintr\u00e4chtigen den Granulationseffekt erheblich. Das Folgende ist der vollst\u00e4ndige Maschinenworkflow.<\/p>    <h2 class=\"wp-block-heading\">Der Arbeitsprozess des Kunststofffoliengranulators<\/h2>    <p>Das Material gelangt \u00fcber die Zufuhr\u00f6ffnung in den Host der PE-PP-Kunststoffpelletiermaschine. Durch den Heizring an der Au\u00dfenseite des Hosts kann die Temperatur der Maschine schnell auf \u00fcber 110 Grad Celsius ansteigen. Unter der Wirkung des Heizrings schmilzt das Kunststofffolienmaterial schnell und wird aus dem Auslass der Kunststoffgranulieranlage extrudiert. <\/p>    <p>Aus unserer bisherigen Verkaufserfahrung gehen viele Kunden davon aus, dass der Kunststoff bei dieser Temperatur m\u00f6glicherweise nicht schmilzt. Tats\u00e4chlich haben die meisten Kunststofffolien einen Schmelzpunkt von 85\u2013110 Grad Celsius. Dann gelangt das geschmolzene Material in die Hilfsmaschine. Dann tritt das Material unter der Extrusion der Hilfsmaschine der PE-Folienpelletisierungsmaschine aus dem D\u00fcsenkopf der Hilfsmaschine aus. Zu diesem Zeitpunkt hat die Kunststofffolie die Form eines langen Filaments. <\/p>    <p>Schlie\u00dflich wird es durch den K\u00fchltank gek\u00fchlt und der Kunststoffabfallgranulator schneidet den Kunststoffstreifen, um Kunststoffpartikel mit einer gleichm\u00e4\u00dfigen Form zu erhalten.<\/p>    <figure class=\"wp-block-embed is-type-video is-provider-youtube wp-block-embed-youtube wp-embed-aspect-16-9 wp-has-aspect-ratio\"><div class=\"wp-block-embed__wrapper\"> <iframe loading=\"lazy\" title=\"Vom Abfall zum Pellet: Sehen Sie unsere Kunststoffgranuliermaschine in Aktion!\" width=\"500\" height=\"281\" src=\"https:\/\/www.youtube.com\/embed\/RyomHQQR0cQ?feature=oembed\" frameborder=\"0\" allow=\"accelerometer; autoplay; clipboard-write; encrypted-media; gyroscope; picture-in-picture; web-share\" referrerpolicy=\"strict-origin-when-cross-origin\" allowfullscreen><\/iframe> <\/div><\/figure>    <h2 class=\"wp-block-heading\">Wie ist ein Kunststofffoliengranulator aufgebaut?<\/h2>    <p>Die Kunststoffgranulatormaschine besteht aus einer Zufuhr\u00f6ffnung, einem Reduzierst\u00fcck, einer Heizvorrichtung, einer Schneckenpresse, einer Presskammer, einer Basis, einem Motor, einem Formkopf und einer Auslass\u00f6ffnung.<\/p>   <div class=\"wp-block-image\"> <figure class=\"aligncenter size-full\"><img loading=\"lazy\" decoding=\"async\" width=\"720\" height=\"540\" src=\"https:\/\/www.plasticgranularmachine.com\/wp-content\/uploads\/2022\/07\/plastic-granulator.webp\" alt=\"Kunststoffgranulator\" class=\"wp-image-1325\" srcset=\"https:\/\/www.plasticgranularmachine.com\/wp-content\/uploads\/2022\/07\/plastic-granulator.webp 720w, https:\/\/www.plasticgranularmachine.com\/wp-content\/uploads\/2022\/07\/plastic-granulator-300x225.webp 300w, https:\/\/www.plasticgranularmachine.com\/wp-content\/uploads\/2022\/07\/plastic-granulator-16x12.webp 16w\" sizes=\"auto, (max-width: 720px) 100vw, 720px\" \/><figcaption class=\"wp-element-caption\">Kunststoffgranulator<\/figcaption><\/figure> <\/div>   <h2 class=\"wp-block-heading\">Maschinenparameter<\/h2>    <figure class=\"wp-block-table\"><table><tbody><tr><td>Typ<\/td><td>SL-105<\/td><td>SL-125<\/td><td>SL-135<\/td><td>SL-150<\/td><td>SL-180<\/td><td>SL-200<\/td><td>SL-220<\/td><\/tr><tr><td>Schraubendurchmesser<\/td><td>105mm<\/td><td>125mm<\/td><td>135mm<\/td><td>150mm<\/td><td>180mm<\/td><td>200mm<\/td><td>220mm<\/td><\/tr><tr><td>Spindelgeschwindigkeit<\/td><td>50-70\/Min<\/td><td>50-70\/Min<\/td><td>40-50\/Min<\/td><td>40-50\/Min<\/td><td>40-50\/Min<\/td><td>40-50\/Min<\/td><td>40-50\/Min<\/td><\/tr><tr><td>Hauptmotorleistung<\/td><td>18,5 kW<\/td><td>30KW<\/td><td>37KW<\/td><td>37KW<\/td><td>55KW<\/td><td>75KW<\/td><td>90KW<\/td><\/tr><tr><td>Untersetzungsgetriebe (harter Gang)<\/td><td>200<\/td><td>225<\/td><td>250<\/td><td>250<\/td><td>280<\/td><td>315<\/td><td>330<\/td><\/tr><tr><td>Gewicht<\/td><td>1,3T<\/td><td>1,8T<\/td><td>2T<\/td><td>2T<\/td><td>2,2T<\/td><td>2,8T<\/td><td>3,2T<\/td><\/tr><tr><td>Gr\u00f6\u00dfe<\/td><td>2.4*0.7*0.7<\/td><td>2.6*0.7*0.7<\/td><td>2.8*0.7*0.7<\/td><td>3.0*0.7*0.7<\/td><td>3.2*0.7*0.7<\/td><td>3.5*1*1<\/td><td>3.8*1.2*1<\/td><\/tr><tr><td>Ausgabe<\/td><td>150 kg\/h<\/td><td>180 kg\/h<\/td><td>200 kg\/h<\/td><td>300 kg\/h<\/td><td>350 kg\/h<\/td><td>380 kg\/h<\/td><td>420 kg\/h<\/td><\/tr><\/tbody><\/table><\/figure>    <p>Aus der Tabelle k\u00f6nnen wir ersehen, dass wir 7 PE-Foliengranulatoren mit unterschiedlichen Leistungen zur Auswahl haben. Der Schneckendurchmesser, die Leistung, das Gewicht und die Gr\u00f6\u00dfe jeder Maschine sind unterschiedlich. Daher k\u00f6nnen Sie je nach Bedarf die richtige Maschine ausw\u00e4hlen. Dar\u00fcber hinaus k\u00f6nnen Sie sich bei Fragen gerne an uns wenden.<\/p>    <h2 class=\"wp-block-heading\">Was sind die Vorteile der Maschine?<\/h2>    <ul class=\"wp-block-list\"> <li>Hergestellt aus hochwertigen Materialien, langlebig.<\/li>    <li>Der hohe Automatisierungsgrad und die Arbeitsersparnis.<\/li>    <li>Geringer Stromverbrauch und keine Umweltverschmutzung.<\/li>    <li>Einfach zu installieren und zu warten.<\/li>    <li>Die vom Kunststofffoliengranulator hergestellten Pellets sind vielf\u00e4ltig einsetzbar. Sie sind also ideale Investitionsprojekte.<\/li> <\/ul>   <div class=\"wp-block-image\"> <figure class=\"aligncenter size-full\"><img loading=\"lazy\" decoding=\"async\" width=\"720\" height=\"540\" src=\"https:\/\/www.plasticgranularmachine.com\/wp-content\/uploads\/2022\/06\/Plastic-grinder-details.webp\" alt=\"Details zum Mahlwerk aus Kunststoff\" class=\"wp-image-1364\" srcset=\"https:\/\/www.plasticgranularmachine.com\/wp-content\/uploads\/2022\/06\/Plastic-grinder-details.webp 720w, https:\/\/www.plasticgranularmachine.com\/wp-content\/uploads\/2022\/06\/Plastic-grinder-details-300x225.webp 300w, https:\/\/www.plasticgranularmachine.com\/wp-content\/uploads\/2022\/06\/Plastic-grinder-details-16x12.webp 16w\" sizes=\"auto, (max-width: 720px) 100vw, 720px\" \/><figcaption class=\"wp-element-caption\">Details zum Mahlwerk aus Kunststoff<\/figcaption><\/figure> <\/div>   <h2 class=\"wp-block-heading\">Warum sollten Sie sich f\u00fcr den effizienten Kunststoffgranulator entscheiden?<\/h2>    <ol class=\"wp-block-list\"> <li><a href=\"https:\/\/www.plasticgranularmachine.com\/de\/\">Effiziente Maschinen<\/a> ist ein Hersteller mit mehr als 20 Jahren Erfahrung im Maschinenbau. Daher sind die Qualit\u00e4t und der Kundendienst der Maschine vertrauensw\u00fcrdig.<\/li>    <li>Die Hauptmaschine, der D\u00fcsenkopf und das Reduzierst\u00fcck des Kunststofffoliengranulators sind die hochwertigsten Ger\u00e4te auf dem Markt.<\/li>    <li>Einzigartige ma\u00dfgeschneiderte Dienstleistungen. Wir k\u00f6nnen unseren Kunden einzigartige Dienstleistungen entsprechend ihren Bed\u00fcrfnissen bieten.<\/li> <\/ol>   <div class=\"wp-block-image\"> <figure class=\"aligncenter size-full\"><img loading=\"lazy\" decoding=\"async\" width=\"720\" height=\"540\" src=\"https:\/\/www.plasticgranularmachine.com\/wp-content\/uploads\/2022\/06\/extruder-plastic-pelletizing-line.webp\" alt=\"Extruder-Kunststoff-Granulierlinie\" class=\"wp-image-1329\" srcset=\"https:\/\/www.plasticgranularmachine.com\/wp-content\/uploads\/2022\/06\/extruder-plastic-pelletizing-line.webp 720w, https:\/\/www.plasticgranularmachine.com\/wp-content\/uploads\/2022\/06\/extruder-plastic-pelletizing-line-300x225.webp 300w, https:\/\/www.plasticgranularmachine.com\/wp-content\/uploads\/2022\/06\/extruder-plastic-pelletizing-line-16x12.webp 16w\" sizes=\"auto, (max-width: 720px) 100vw, 720px\" \/><figcaption class=\"wp-element-caption\">Extruder-Kunststoff-Granulierlinie<\/figcaption><\/figure> <\/div>","protected":false},"excerpt":{"rendered":"<p>Plastic film granulator is the main equipment of the plastic film recycling line. This machine can melt, plasticize and extrude plastic film scrap and make recycles granules. Plastic film granulator is widely used in plastic production factories and recycling plants. The machine output ranged from 100-500 kg\/h. The final products are plastic granules or pellets, [&hellip;]<\/p>\n","protected":false},"author":1,"featured_media":1325,"parent":0,"template":"","tags":[37,41],"product-type":[5],"class_list":["post-36","product","type-product","status-publish","has-post-thumbnail","hentry","tag-pelletizing","tag-plastic-film-recycling","product-type-plastic-pelletizer"],"_links":{"self":[{"href":"https:\/\/www.plasticgranularmachine.com\/de\/wp-json\/wp\/v2\/product\/36","targetHints":{"allow":["GET"]}}],"collection":[{"href":"https:\/\/www.plasticgranularmachine.com\/de\/wp-json\/wp\/v2\/product"}],"about":[{"href":"https:\/\/www.plasticgranularmachine.com\/de\/wp-json\/wp\/v2\/types\/product"}],"author":[{"embeddable":true,"href":"https:\/\/www.plasticgranularmachine.com\/de\/wp-json\/wp\/v2\/users\/1"}],"wp:featuredmedia":[{"embeddable":true,"href":"https:\/\/www.plasticgranularmachine.com\/de\/wp-json\/wp\/v2\/media\/1325"}],"wp:attachment":[{"href":"https:\/\/www.plasticgranularmachine.com\/de\/wp-json\/wp\/v2\/media?parent=36"}],"wp:term":[{"taxonomy":"post_tag","embeddable":true,"href":"https:\/\/www.plasticgranularmachine.com\/de\/wp-json\/wp\/v2\/tags?post=36"},{"taxonomy":"product-type","embeddable":true,"href":"https:\/\/www.plasticgranularmachine.com\/de\/wp-json\/wp\/v2\/product-type?post=36"}],"curies":[{"name":"wp","href":"https:\/\/api.w.org\/{rel}","templated":true}]}}