{"id":41,"date":"2022-06-23T03:44:15","date_gmt":"2022-06-23T03:44:15","guid":{"rendered":"http:\/\/tailwind-themes.local\/?post_type=product&#038;p=41"},"modified":"2025-01-06T09:59:07","modified_gmt":"2025-01-06T01:59:07","slug":"plastic-film-recycling-line","status":"publish","type":"product","link":"https:\/\/www.plasticgranularmachine.com\/de\/product\/plastic-film-recycling-line\/","title":{"rendered":"Kunststofffolien-Recycling-Linienmaschine"},"content":{"rendered":"<p>Die Kunststofffolien-Recyclinglinie ist eine Produktionslinie zum Recycling aller Arten von Kunststofffolien, wie z. B. Plastikt\u00fcten und gewebte Beutel. Unsere Kunststoffrecyclinglinie eignet sich hervorragend zum Zerkleinern, Reinigen, Trocknen, Granulieren und Verpacken von PE\/PP-Folienabf\u00e4llen. Mit Hilfe dieser Produktionslinie erhalten Sie ganz einfach saubere Kunststoffpellets. Letztendlich werden diese PP\/PE-Folienabf\u00e4lle zu erneuerbaren und wiederverwendbaren Materialien.<\/p>   <div class=\"wp-block-image\"> <figure class=\"aligncenter size-full\"><img loading=\"lazy\" decoding=\"async\" width=\"720\" height=\"540\" src=\"https:\/\/www.plasticgranularmachine.com\/wp-content\/uploads\/2022\/06\/extruder-plastic-pelletizing-line.webp\" alt=\"Extruder-Kunststoff-Granulierlinie\" class=\"wp-image-1329\" srcset=\"https:\/\/www.plasticgranularmachine.com\/wp-content\/uploads\/2022\/06\/extruder-plastic-pelletizing-line.webp 720w, https:\/\/www.plasticgranularmachine.com\/wp-content\/uploads\/2022\/06\/extruder-plastic-pelletizing-line-300x225.webp 300w, https:\/\/www.plasticgranularmachine.com\/wp-content\/uploads\/2022\/06\/extruder-plastic-pelletizing-line-16x12.webp 16w\" sizes=\"auto, (max-width: 720px) 100vw, 720px\" \/><figcaption class=\"wp-element-caption\">Extruder-Kunststoff-Granulierlinie<\/figcaption><\/figure> <\/div>   <h2 class=\"wp-block-heading\" id=\"h-what-is-the-workflow-of-the-plastic-film-recycling-line\">Wie ist der Arbeitsablauf der Kunststofffolien-Recyclinglinie?<\/h2>    <p>Legen Sie zun\u00e4chst die Plastikfolienabf\u00e4lle auf das F\u00f6rderband. Anschlie\u00dfend schickt das F\u00f6rderband die Kunststofffolie zur Zerkleinerung und Reinigung in den Kunststofffolienbrecher. Da Abfallfolien viele Verunreinigungen enthalten, m\u00fcssen wir sie erneut reinigen. Anschlie\u00dfend trocknen Sie die gereinigten Kunststoffprodukte. Als n\u00e4chstes kommt der wichtigste Granulierungsprozess. Nach der Granulierung muss der Kunststoffbrei abgek\u00fchlt werden. Zum Schluss schneiden Sie den Kunststoffstreifen zum Verpacken in kleine Kunststoffpartikel. Dies ist der komplette Arbeitsablauf der Kunststofffolien-Recyclinglinie.<\/p>   <div class=\"wp-block-image\"> <figure class=\"aligncenter size-full\"><img loading=\"lazy\" decoding=\"async\" width=\"720\" height=\"540\" src=\"https:\/\/www.plasticgranularmachine.com\/wp-content\/uploads\/2022\/06\/effect-drawing-of-plastic-film-recycling-line.webp\" alt=\"Effektzeichnung der Kunststofffolien-Recyclinglinie\" class=\"wp-image-1330\" srcset=\"https:\/\/www.plasticgranularmachine.com\/wp-content\/uploads\/2022\/06\/effect-drawing-of-plastic-film-recycling-line.webp 720w, https:\/\/www.plasticgranularmachine.com\/wp-content\/uploads\/2022\/06\/effect-drawing-of-plastic-film-recycling-line-300x225.webp 300w, https:\/\/www.plasticgranularmachine.com\/wp-content\/uploads\/2022\/06\/effect-drawing-of-plastic-film-recycling-line-16x12.webp 16w\" sizes=\"auto, (max-width: 720px) 100vw, 720px\" \/><figcaption class=\"wp-element-caption\">Effektzeichnung der Kunststofffolien-Recyclinglinie<\/figcaption><\/figure> <\/div>   <h2 class=\"wp-block-heading\">Einf\u00fchrung einer Kunststofffolien-Recyclingmaschine<\/h2>    <p>Die Hochleistungs-Kunststofffolien-Recyclingmaschine von Efficient ist f\u00fcr die Wiederaufbereitung von PE-Polyethylen (HDPE, LDPE, LLDPE) und PP-Polypropylen flexiblen Verpackungsmaterials, bedruckt und unbedruckt, konzipiert. Wir empfehlen diese Linie f\u00fcr Blasfolienhersteller, Sackweber und Hersteller von bedruckten Rei\u00dfverschlussbeuteln. Sie k\u00f6nnen die fehlerhaften Folienproduktionsabf\u00e4lle und Folienzuschnitte mit unseren Recyclingmaschinen recyceln. Die endg\u00fcltigen Pellets k\u00f6nnen direkt in der Folienproduktionslinie verwendet werden. F\u00fcr Folienhersteller k\u00f6nnen sie die Materialkosten senken.<\/p>    <p>Neben den hauseigenen (postindustriellen) Folienabf\u00e4llen ist das Recyclingsystem auch in der Lage, Post-Consumer-Abf\u00e4lle zu verarbeiten. Zu den \u00fcblichen Recyclingmaterialien geh\u00f6ren Sackreste, gebrauchte M\u00fclls\u00e4cke, Agrarfolien, Lebensmittelverpackungen, Jumbo-Beutel, Schrumpf- und Stretchfolien-Bast-Beutel und PP-Gewebebeutel.<\/p>   <div class=\"wp-block-image\"> <figure class=\"aligncenter size-full\"><img loading=\"lazy\" decoding=\"async\" width=\"720\" height=\"540\" src=\"https:\/\/www.plasticgranularmachine.com\/wp-content\/uploads\/2022\/06\/plastic-film-recycling-machines.webp\" alt=\"Kunststofffolien-Recyclingmaschinen in der Fabrik\" class=\"wp-image-1333\" srcset=\"https:\/\/www.plasticgranularmachine.com\/wp-content\/uploads\/2022\/06\/plastic-film-recycling-machines.webp 720w, https:\/\/www.plasticgranularmachine.com\/wp-content\/uploads\/2022\/06\/plastic-film-recycling-machines-300x225.webp 300w, https:\/\/www.plasticgranularmachine.com\/wp-content\/uploads\/2022\/06\/plastic-film-recycling-machines-16x12.webp 16w\" sizes=\"auto, (max-width: 720px) 100vw, 720px\" \/><figcaption class=\"wp-element-caption\">Kunststofffolien-Recyclingmaschinen in der Fabrik<\/figcaption><\/figure> <\/div>   <h2 class=\"wp-block-heading\">Kernrecyclingausr\u00fcstung der Folienpelletierungslinie<\/h2>    <h3 class=\"wp-block-heading\">Kunststofffolienbrecher<\/h3>    <p class=\"translation-block\">Kunststofffolien-Zerkleinerer ist eine spezielle Maschine zum Zerkleinern von Kunststofffolien. Sie ist auch die erste Hauptausr\u00fcstung der Kunststofffolien-Recyclinganlage. Der rotierende Messer im <strong><a href=\"https:\/\/www.plasticgranularmachine.com\/de\/product\/plastic-film-crusher\/\" data-type=\"link\" data-id=\"https:\/\/www.plasticgranularmachine.com\/product\/plastic-film-crusher\/\">Kunststoffzerkleinerer<\/a><\/strong> kann Materialien in kurzer Zeit in kleine St\u00fccke zerkleinern. Gleichzeitig kann diese Maschine auch Kunststoffabf\u00e4lle reinigen. Das bedeutet, dass sie die Funktion des Zerkleinerns und Reinigens hat. Dar\u00fcber hinaus sind unsere Maschinen aus hochwertigem Stahl gefertigt. Die Klinge besteht aus si2mn. Daher ist die Maschinenzerkleinerer langlebig.<\/p>   <div class=\"wp-block-image\"> <figure class=\"aligncenter size-full\"><img loading=\"lazy\" decoding=\"async\" width=\"720\" height=\"540\" src=\"https:\/\/www.plasticgranularmachine.com\/wp-content\/uploads\/2022\/07\/plastic-crusher-for-pppe.webp\" alt=\"Kunststoffbrecher f\u00fcr PSA\" class=\"wp-image-1323\" srcset=\"https:\/\/www.plasticgranularmachine.com\/wp-content\/uploads\/2022\/07\/plastic-crusher-for-pppe.webp 720w, https:\/\/www.plasticgranularmachine.com\/wp-content\/uploads\/2022\/07\/plastic-crusher-for-pppe-300x225.webp 300w, https:\/\/www.plasticgranularmachine.com\/wp-content\/uploads\/2022\/07\/plastic-crusher-for-pppe-16x12.webp 16w\" sizes=\"auto, (max-width: 720px) 100vw, 720px\" \/><figcaption class=\"wp-element-caption\">Kunststoffbrecher f\u00fcr PSA<\/figcaption><\/figure> <\/div>   <h3 class=\"wp-block-heading\">Waschmaschine f\u00fcr Kunststofffolien<\/h3>    <p class=\"translation-block\">Die <strong><a href=\"https:\/\/www.plasticgranularmachine.com\/de\/product\/pet-flakes-washing-machine\/\" data-type=\"link\" data-id=\"https:\/\/www.plasticgranularmachine.com\/product\/pet-flakes-washing-machine\/\">Kunststofffolien-Waschmaschine<\/a><\/strong> wird zur erneuten Reinigung von Kunststofffolien verwendet. Wir alle wissen, dass in den recycelten Kunststofffolien viele Verunreinigungen enthalten sind. Unsaubere Rohstoffe beeintr\u00e4chtigen den nachfolgenden Granulierungseffekt erheblich. Daher haben wir einen Kunststofffolien-Reinigungsbeh\u00e4lter speziell zur erneuten Reinigung der Kunststofffolien konfiguriert. Der gezahnte R\u00fchrer in der Maschine kann Kunststoffabf\u00e4lle nach vorne schieben. Daher kann dies den Personalaufwand weiter reduzieren.<\/p>   <div class=\"wp-block-image\"> <figure class=\"aligncenter size-full\"><img loading=\"lazy\" decoding=\"async\" width=\"720\" height=\"540\" src=\"https:\/\/www.plasticgranularmachine.com\/wp-content\/uploads\/2022\/06\/plastic-washing-machine.webp\" alt=\"Plastikwaschmaschine\" class=\"wp-image-1332\" srcset=\"https:\/\/www.plasticgranularmachine.com\/wp-content\/uploads\/2022\/06\/plastic-washing-machine.webp 720w, https:\/\/www.plasticgranularmachine.com\/wp-content\/uploads\/2022\/06\/plastic-washing-machine-300x225.webp 300w, https:\/\/www.plasticgranularmachine.com\/wp-content\/uploads\/2022\/06\/plastic-washing-machine-16x12.webp 16w\" sizes=\"auto, (max-width: 720px) 100vw, 720px\" \/><figcaption class=\"wp-element-caption\">Plastikwaschmaschine<\/figcaption><\/figure> <\/div>   <h3 class=\"wp-block-heading\">D\u00f6rrger\u00e4t f\u00fcr Kunststofffolien<\/h3>    <p class=\"translation-block\">Bei <a href=\"https:\/\/www.plasticgranularmachine.com\/de\/\">Effiziente Kunststoffmaschinen<\/a> haben wir <strong><a href=\"https:\/\/www.plasticgranularmachine.com\/de\/product\/pet-flakes-dryer\/\" data-type=\"link\" data-id=\"https:\/\/www.plasticgranularmachine.com\/product\/pet-flakes-dryer\/\">horizontale Kunststoff-Entw\u00e4sserungsger\u00e4te<\/a><\/strong> und vertikale Entw\u00e4sserungsger\u00e4te. Wenn Sie eine kleine Anlage haben, k\u00f6nnen Sie einen vertikalen Entw\u00e4sserungsger\u00e4t w\u00e4hlen. Der v<strong><a href=\"https:\/\/www.plasticgranularmachine.com\/de\/product\/plastic-film-dryer-machine\/\" data-type=\"link\" data-id=\"https:\/\/www.plasticgranularmachine.com\/product\/plastic-film-dryer-machine\/\">ertikale Trockner<\/a><\/strong> hat die Funktionen der leistungsstarken Zyklonreinigung, automatischen F\u00f6rderung, Hochgeschwindigkeits-Zentrifugalentw\u00e4sserung usw. Daher kann er Materialien in kurzer Zeit trocknen. Mit Hilfe eines vertikalen Entw\u00e4sserungsger\u00e4ts kann der Wassergehalt der Kunststofffolie weniger als 2,5 % betragen.<\/p>   <div class=\"wp-block-image\"> <figure class=\"aligncenter size-full\"><img loading=\"lazy\" decoding=\"async\" width=\"720\" height=\"540\" src=\"https:\/\/www.plasticgranularmachine.com\/wp-content\/uploads\/2022\/07\/vertical-plastic-dewatering-machine.webp\" alt=\"Vertikale Kunststoff-Entw\u00e4sserungsmaschine\" class=\"wp-image-1324\" srcset=\"https:\/\/www.plasticgranularmachine.com\/wp-content\/uploads\/2022\/07\/vertical-plastic-dewatering-machine.webp 720w, https:\/\/www.plasticgranularmachine.com\/wp-content\/uploads\/2022\/07\/vertical-plastic-dewatering-machine-300x225.webp 300w, https:\/\/www.plasticgranularmachine.com\/wp-content\/uploads\/2022\/07\/vertical-plastic-dewatering-machine-16x12.webp 16w\" sizes=\"auto, (max-width: 720px) 100vw, 720px\" \/><figcaption class=\"wp-element-caption\">Vertikale Kunststoff-Entw\u00e4sserungsmaschine<\/figcaption><\/figure> <\/div>   <h3 class=\"wp-block-heading\">Kunststofffoliengranulator<\/h3>    <p class=\"translation-block\"><strong><a href=\"https:\/\/www.plasticgranularmachine.com\/de\/product\/plastic-film-granulator\/\" data-type=\"link\" data-id=\"https:\/\/www.plasticgranularmachine.com\/product\/plastic-film-granulator\/\">Kunststofffolien-Granulator<\/a><\/strong> ist die Schl\u00fcsselanlage f\u00fcr die Kunststofffolien-Recyclinganlage. Er kann PP- und PE-Kunststofffolien schmelzen und zu Streifen extrudieren. Der Kunststoffgranulator verf\u00fcgt \u00fcber eine automatische Temperaturregelung und ein elektromagnetisches Heizsystem. Daher zeichnet er sich durch geringen Stromverbrauch, keine Umweltverschmutzung und einen hohen Automatisierungsgrad aus. Im Folgenden ist der Produktionsprozess der Maschine aufgef\u00fchrt.<br>Materialien gelangen \u00fcber den Einlassschacht in den Kunststoffgranulator. Dann schmilzt das Material unter der Einwirkung eines Hochtemperatur-Heizrings. Anschlie\u00dfend flie\u00dft das geschmolzene Material aus dem Auslass der Hauptmaschine in die Hilfsgranuliermaschine. Unter dem Druck der Hilfsmaschine wird der Kunststoffstreifen aus der D\u00fcse des Maschinenkopfes extrudiert.<\/p>   <div class=\"wp-block-image\"> <figure class=\"aligncenter size-full\"><img loading=\"lazy\" decoding=\"async\" width=\"720\" height=\"540\" src=\"https:\/\/www.plasticgranularmachine.com\/wp-content\/uploads\/2022\/07\/plastic-granulator.webp\" alt=\"Kunststoffgranulator\" class=\"wp-image-1325\" srcset=\"https:\/\/www.plasticgranularmachine.com\/wp-content\/uploads\/2022\/07\/plastic-granulator.webp 720w, https:\/\/www.plasticgranularmachine.com\/wp-content\/uploads\/2022\/07\/plastic-granulator-300x225.webp 300w, https:\/\/www.plasticgranularmachine.com\/wp-content\/uploads\/2022\/07\/plastic-granulator-16x12.webp 16w\" sizes=\"auto, (max-width: 720px) 100vw, 720px\" \/><figcaption class=\"wp-element-caption\">Kunststoffgranulator<\/figcaption><\/figure> <\/div>   <h3 class=\"wp-block-heading\">Pelletschneidemaschine<\/h3>    <p>Der Kunststofffoliengranulator kann die Kunststofffolie schmelzen und den Kunststoffstreifen extrudieren. Die Pelletschneidemaschine ist eine Maschine, die Kunststoffstreifen in Kunststoffpartikel schneidet. Der Zweck besteht darin, die Lagerung zu erleichtern. Der Fr\u00e4ser der Kunststoffpellet-Schneidemaschine besteht aus Hartmetall. Daher weist es eine hohe Verschlei\u00dffestigkeit auf.<\/p>   <div class=\"wp-block-image\"> <figure class=\"aligncenter size-full\"><img loading=\"lazy\" decoding=\"async\" width=\"720\" height=\"540\" src=\"https:\/\/www.plasticgranularmachine.com\/wp-content\/uploads\/2022\/07\/Pellet-cutting-machine1.webp\" alt=\"Pelletschneidemaschine\" class=\"wp-image-1326\" srcset=\"https:\/\/www.plasticgranularmachine.com\/wp-content\/uploads\/2022\/07\/Pellet-cutting-machine1.webp 720w, https:\/\/www.plasticgranularmachine.com\/wp-content\/uploads\/2022\/07\/Pellet-cutting-machine1-300x225.webp 300w, https:\/\/www.plasticgranularmachine.com\/wp-content\/uploads\/2022\/07\/Pellet-cutting-machine1-16x12.webp 16w\" sizes=\"auto, (max-width: 720px) 100vw, 720px\" \/><figcaption class=\"wp-element-caption\">Pelletschneidemaschine<\/figcaption><\/figure> <\/div>   <h2 class=\"wp-block-heading\">Vorteile einer effizienten Kunststofffolien-Recyclingmaschine<\/h2>    <ol class=\"wp-block-list\"> <li>Einzigartiger ma\u00dfgeschneiderter Service. Wir k\u00f6nnen Ihnen bei der Gestaltung einer Pelletproduktionslinie von 200 kg\/h bis 3000 kg\/h helfen.<\/li>    <li>Der Energieverbrauch der gesamten Produktionslinie ist gering.<\/li>    <li>Wir k\u00f6nnen Ihnen Low-Budget-L\u00f6sungen f\u00fcr Kunden mit Low-Budget-Kosten anbieten.<\/li>    <li>Die automatischen Kunststofffolien-Recyclingmaschinen zeichnen sich durch hohe Produktionseffizienz und Arbeitskosteneinsparungen aus.<\/li>    <li>10 Jahre Erfahrung in der Herstellung von Kunststoffrecyclingger\u00e4ten.<\/li> <\/ol>   <div class=\"wp-block-image\"> <figure class=\"aligncenter size-full\"><img loading=\"lazy\" decoding=\"async\" width=\"720\" height=\"540\" src=\"https:\/\/www.plasticgranularmachine.com\/wp-content\/uploads\/2022\/06\/finished-products.jpg\" alt=\"fertige Produkte\" class=\"wp-image-108\" srcset=\"https:\/\/www.plasticgranularmachine.com\/wp-content\/uploads\/2022\/06\/finished-products.jpg 720w, https:\/\/www.plasticgranularmachine.com\/wp-content\/uploads\/2022\/06\/finished-products-300x225.jpg 300w\" sizes=\"auto, (max-width: 720px) 100vw, 720px\" \/><figcaption class=\"wp-element-caption\">fertige Produkte<\/figcaption><\/figure> <\/div>   <h2 class=\"wp-block-heading\">Video der Kunststofffolien-Recyclinglinie<\/h2>    <figure class=\"wp-block-embed is-type-video is-provider-youtube wp-block-embed-youtube wp-embed-aspect-16-9 wp-has-aspect-ratio\"><div class=\"wp-block-embed__wrapper\"> <iframe loading=\"lazy\" title=\"Hochwertige Kunststofffolien-Recyclinglinie: Beginnen Sie Ihre gr\u00fcne Reise\" width=\"500\" height=\"281\" src=\"https:\/\/www.youtube.com\/embed\/zRuD5tD5Ohc?feature=oembed\" frameborder=\"0\" allow=\"accelerometer; autoplay; clipboard-write; encrypted-media; gyroscope; picture-in-picture; web-share\" referrerpolicy=\"strict-origin-when-cross-origin\" allowfullscreen><\/iframe> <\/div><\/figure>    <h2 class=\"wp-block-heading\">Welche Art von Kunststofffolie kann recycelt werden?<\/h2>    <ol class=\"wp-block-list\"> <li>Agrarfilm. Zu den Agrarfolien z\u00e4hlen vor allem Mulchfolien und Gew\u00e4chshausfolien. Bei der Mulchfolie handelt es sich \u00fcberwiegend um PE-Folie. Die Schuppenschalung besteht aus PE-, PE\/EVA- und PVC-Folien.<\/li>    <li>Verpackungsfolie. Zu den Materialien der Verpackungsfolie geh\u00f6ren Zellophan, PE, <a href=\"https:\/\/en.wikipedia.org\/wiki\/Polyvinyl_chloride\" target=\"_blank\" rel=\"noopener\">PVC<\/a>, PP, EVA, PVDC, PA, PET und verschiedene Verbundfolien.<\/li>    <li>Aluminium-Kunststoff-Verbundfolie. Zu den Aluminium-Kunststoff-Verbundfolien geh\u00f6ren Bopp\/Aluminium, PE\/Aluminium usw. Sie sind der Rohstoff f\u00fcr die Verpackung verschiedener Lebensmittel.<\/li>    <li>PET-Folie. In der Kunststoffindustrie ist PET der Hauptrohstoff f\u00fcr Folien und Flaschen. <\/li> <\/ol>    <h2 class=\"wp-block-heading\">Erfolgreiche F\u00e4lle von Kunststoff-Pelletier-Recyclingmaschinen<\/h2>    <p>Wir haben viele Gesch\u00e4fte mit Kunststoff-Pelletier-Recyclingmaschinen erfolgreich abgeschlossen und haben Partner auf der ganzen Welt. Wir sind stolz darauf, viele L\u00e4nder zu bedienen, darunter Oman, Nigeria, Saudi-Arabien, Kenia und die Elfenbeink\u00fcste, und haben in diesen Regionen einen positiven Beitrag zur Kunststoffrecyclingindustrie geleistet.<\/p>    <figure class=\"wp-block-gallery has-nested-images columns-default is-cropped wp-block-gallery-2 is-layout-flex wp-block-gallery-is-layout-flex\"> <figure class=\"wp-block-image size-full\"><img loading=\"lazy\" decoding=\"async\" width=\"720\" height=\"540\" data-id=\"1331\" src=\"https:\/\/www.plasticgranularmachine.com\/wp-content\/uploads\/2022\/06\/pelletizing-machine-for-plastic-recycling.webp\" alt=\"Pelletiermaschine f\u00fcr das Kunststoffrecycling\" class=\"wp-image-1331\" srcset=\"https:\/\/www.plasticgranularmachine.com\/wp-content\/uploads\/2022\/06\/pelletizing-machine-for-plastic-recycling.webp 720w, https:\/\/www.plasticgranularmachine.com\/wp-content\/uploads\/2022\/06\/pelletizing-machine-for-plastic-recycling-300x225.webp 300w, https:\/\/www.plasticgranularmachine.com\/wp-content\/uploads\/2022\/06\/pelletizing-machine-for-plastic-recycling-16x12.webp 16w\" sizes=\"auto, (max-width: 720px) 100vw, 720px\" \/><figcaption class=\"wp-element-caption\">Pelletiermaschine f\u00fcr das Kunststoffrecycling<\/figcaption><\/figure>    <figure class=\"wp-block-image size-large\"><img loading=\"lazy\" decoding=\"async\" width=\"720\" height=\"540\" data-id=\"1335\" src=\"https:\/\/www.plasticgranularmachine.com\/wp-content\/uploads\/2022\/06\/pelletizing-machine-for-plastic-recycling-ship-to-Nigeria.webp\" alt=\"Pelletiermaschine f\u00fcr Kunststoffrecyclingschiff nach Nigeria\" class=\"wp-image-1335\" srcset=\"https:\/\/www.plasticgranularmachine.com\/wp-content\/uploads\/2022\/06\/pelletizing-machine-for-plastic-recycling-ship-to-Nigeria.webp 720w, https:\/\/www.plasticgranularmachine.com\/wp-content\/uploads\/2022\/06\/pelletizing-machine-for-plastic-recycling-ship-to-Nigeria-300x225.webp 300w, https:\/\/www.plasticgranularmachine.com\/wp-content\/uploads\/2022\/06\/pelletizing-machine-for-plastic-recycling-ship-to-Nigeria-16x12.webp 16w\" sizes=\"auto, (max-width: 720px) 100vw, 720px\" \/><figcaption class=\"wp-element-caption\">Pelletiermaschine f\u00fcr Kunststoffrecyclingschiff nach Nigeria<\/figcaption><\/figure> <\/figure>    <p>Der Kunde aus der Elfenbeink\u00fcste kaufte eine effiziente Maschinenanlage zur Kunststoffpelletierung f\u00fcr das Recycling von HDPE- und PP-Kunststoffflaschen. Jetzt l\u00e4uft die gesamte Kunststoffpelletieranlage erfolgreich. Das folgende Video wurde von den Arbeitern in der Fabrik in der Elfenbeink\u00fcste aufgenommen.<\/p>   <div class=\"wp-block-image\"> <figure class=\"aligncenter size-full\"><img loading=\"lazy\" decoding=\"async\" width=\"720\" height=\"540\" src=\"https:\/\/www.plasticgranularmachine.com\/wp-content\/uploads\/2022\/06\/Positive-feedback-from-clients-in-Cote-dIvoire.webp\" alt=\"Positives Feedback von Kunden in der Elfenbeink\u00fcste\" class=\"wp-image-1334\" srcset=\"https:\/\/www.plasticgranularmachine.com\/wp-content\/uploads\/2022\/06\/Positive-feedback-from-clients-in-Cote-dIvoire.webp 720w, https:\/\/www.plasticgranularmachine.com\/wp-content\/uploads\/2022\/06\/Positive-feedback-from-clients-in-Cote-dIvoire-300x225.webp 300w, https:\/\/www.plasticgranularmachine.com\/wp-content\/uploads\/2022\/06\/Positive-feedback-from-clients-in-Cote-dIvoire-16x12.webp 16w\" sizes=\"auto, (max-width: 720px) 100vw, 720px\" \/><figcaption class=\"wp-element-caption\">Positives Feedback von Kunden in C\u00f4te d'Ivoire<\/figcaption><\/figure> <\/div>   <figure class=\"wp-block-embed is-type-video is-provider-youtube wp-block-embed-youtube wp-embed-aspect-16-9 wp-has-aspect-ratio\"><div class=\"wp-block-embed__wrapper\"> <iframe loading=\"lazy\" title=\"Kundenfeedback! Herstellungsprozess von HDPE-Granulat in der Elfenbeink\u00fcste\" width=\"500\" height=\"281\" src=\"https:\/\/www.youtube.com\/embed\/44dq-0uQ3V0?start=12&#038;feature=oembed\" frameborder=\"0\" allow=\"accelerometer; autoplay; clipboard-write; encrypted-media; gyroscope; picture-in-picture; web-share\" referrerpolicy=\"strict-origin-when-cross-origin\" allowfullscreen><\/iframe> <\/div><\/figure>    <p>Vor einigen Monaten kaufte ein Kunde aus Oman eine Kunststoffgranuliermaschine von Efficient Group. Jetzt sind die Maschinen bereits im Oman angekommen.<\/p>    <figure class=\"wp-block-embed is-type-video is-provider-youtube wp-block-embed-youtube wp-embed-aspect-16-9 wp-has-aspect-ratio\"><div class=\"wp-block-embed__wrapper\"> <iframe loading=\"lazy\" title=\"Gl\u00fcckwunsch! Kunststoffgranulieranlage wurde erfolgreich in den Oman verschickt\" width=\"500\" height=\"281\" src=\"https:\/\/www.youtube.com\/embed\/1toctzBcHWE?feature=oembed\" frameborder=\"0\" allow=\"accelerometer; autoplay; clipboard-write; encrypted-media; gyroscope; picture-in-picture; web-share\" referrerpolicy=\"strict-origin-when-cross-origin\" allowfullscreen><\/iframe> <\/div><\/figure>    <h2 class=\"wp-block-heading\">Holen Sie sich Ihre eigene fantastische Kunststoffrecyclinganlage!<\/h2>    <p>Wenn unsere Kunden unsere Pelletiermaschinen erhalten, \u00e4u\u00dfern sie ein hohes Ma\u00df an Zufriedenheit. Einige Kunden haben sogar speziell f\u00fcr uns Feedback-Videos aufgenommen, in denen sie die Leistung und Wirksamkeit der Maschine best\u00e4tigten. <\/p>    <p>Wenn Sie sich f\u00fcr Kunststofffolien-Recyclingmaschinen interessieren, nehmen Sie jetzt gerne Kontakt mit uns auf! Wir werden uns innerhalb von 24 Stunden mit Ihnen in Verbindung setzen und Ihnen die Maschinendetails zusenden.<\/p>","protected":false},"excerpt":{"rendered":"<p>Plastic film recycling line is a production line for recycling all kinds of plastic films, such as plastic bags and woven bags. Our plastic recycling line is very suitable for the crushing, cleaning, drying, granulation and packing of waste pe\/pp films. With the help of this production line, you can easily get clean plastic pellets. [&hellip;]<\/p>\n","protected":false},"author":1,"featured_media":1222,"parent":0,"template":"","tags":[41],"product-type":[10],"class_list":["post-41","product","type-product","status-publish","has-post-thumbnail","hentry","tag-plastic-film-recycling","product-type-solutions"],"_links":{"self":[{"href":"https:\/\/www.plasticgranularmachine.com\/de\/wp-json\/wp\/v2\/product\/41","targetHints":{"allow":["GET"]}}],"collection":[{"href":"https:\/\/www.plasticgranularmachine.com\/de\/wp-json\/wp\/v2\/product"}],"about":[{"href":"https:\/\/www.plasticgranularmachine.com\/de\/wp-json\/wp\/v2\/types\/product"}],"author":[{"embeddable":true,"href":"https:\/\/www.plasticgranularmachine.com\/de\/wp-json\/wp\/v2\/users\/1"}],"wp:featuredmedia":[{"embeddable":true,"href":"https:\/\/www.plasticgranularmachine.com\/de\/wp-json\/wp\/v2\/media\/1222"}],"wp:attachment":[{"href":"https:\/\/www.plasticgranularmachine.com\/de\/wp-json\/wp\/v2\/media?parent=41"}],"wp:term":[{"taxonomy":"post_tag","embeddable":true,"href":"https:\/\/www.plasticgranularmachine.com\/de\/wp-json\/wp\/v2\/tags?post=41"},{"taxonomy":"product-type","embeddable":true,"href":"https:\/\/www.plasticgranularmachine.com\/de\/wp-json\/wp\/v2\/product-type?post=41"}],"curies":[{"name":"wp","href":"https:\/\/api.w.org\/{rel}","templated":true}]}}