{"id":436,"date":"2022-12-09T14:32:01","date_gmt":"2022-12-09T06:32:01","guid":{"rendered":"https:\/\/www.plasticgranularmachine.com\/?post_type=product&#038;p=436"},"modified":"2025-02-06T14:35:44","modified_gmt":"2025-02-06T06:35:44","slug":"plastic-film-washing-machine","status":"publish","type":"product","link":"https:\/\/www.plasticgranularmachine.com\/de\/product\/plastic-film-washing-machine\/","title":{"rendered":"Waschmaschine f\u00fcr Kunststofffolien"},"content":{"rendered":"<p class=\"translation-block\">Die Kunststofffolienwaschmaschine kann Verunreinigungen und Flecken von der Kunststofffolie reinigen und ist eine wichtige Maschine in der <a href=\"https:\/\/www.plasticgranularmachine.com\/de\/product\/plastic-film-recycling-line\/\">PE-PP-Folienrecyclinglinie<\/a>. Sie kann die Kunststofffolie sp\u00fclen. Durch die Reinigung werden abgelagerter Sediment und Erde am Boden des Tanks abgelagert. Nur die gereinigte Kunststofffolie kann einen besseren Granulierungseffekt erzielen.<\/p>    <figure class=\"wp-block-gallery has-nested-images columns-default is-cropped wp-block-gallery-2 is-layout-flex wp-block-gallery-is-layout-flex\"> <figure class=\"wp-block-image size-full\"><img loading=\"lazy\" decoding=\"async\" width=\"720\" height=\"540\" data-id=\"1488\" src=\"https:\/\/www.plasticgranularmachine.com\/wp-content\/uploads\/2022\/12\/PP-PE-films-to-be-recycled.webp\" alt=\"PP PE -Filme recycelt werden\" class=\"wp-image-1488\" srcset=\"https:\/\/www.plasticgranularmachine.com\/wp-content\/uploads\/2022\/12\/PP-PE-films-to-be-recycled.webp 720w, https:\/\/www.plasticgranularmachine.com\/wp-content\/uploads\/2022\/12\/PP-PE-films-to-be-recycled-300x225.webp 300w, https:\/\/www.plasticgranularmachine.com\/wp-content\/uploads\/2022\/12\/PP-PE-films-to-be-recycled-16x12.webp 16w\" sizes=\"auto, (max-width: 720px) 100vw, 720px\" \/><figcaption class=\"wp-element-caption\">PP PE -Filme recycelt werden<\/figcaption><\/figure>    <figure class=\"wp-block-image size-large\"><img loading=\"lazy\" decoding=\"async\" width=\"720\" height=\"540\" data-id=\"1487\" src=\"https:\/\/www.plasticgranularmachine.com\/wp-content\/uploads\/2022\/12\/PP-film-recycling-line-2.webp\" alt=\"PP -Filmrecyclinglinie\" class=\"wp-image-1487\" srcset=\"https:\/\/www.plasticgranularmachine.com\/wp-content\/uploads\/2022\/12\/PP-film-recycling-line-2.webp 720w, https:\/\/www.plasticgranularmachine.com\/wp-content\/uploads\/2022\/12\/PP-film-recycling-line-2-300x225.webp 300w, https:\/\/www.plasticgranularmachine.com\/wp-content\/uploads\/2022\/12\/PP-film-recycling-line-2-16x12.webp 16w\" sizes=\"auto, (max-width: 720px) 100vw, 720px\" \/><figcaption class=\"wp-element-caption\">PP -Filmrecyclinglinie<\/figcaption><\/figure>    <figure class=\"wp-block-image size-full\"><img loading=\"lazy\" decoding=\"async\" width=\"720\" height=\"540\" data-id=\"1486\" src=\"https:\/\/www.plasticgranularmachine.com\/wp-content\/uploads\/2022\/12\/high-purity-plastic-film-pieces.webp\" alt=\"hochreinheitliche Plastikfilmst\u00fccke\" class=\"wp-image-1486\" srcset=\"https:\/\/www.plasticgranularmachine.com\/wp-content\/uploads\/2022\/12\/high-purity-plastic-film-pieces.webp 720w, https:\/\/www.plasticgranularmachine.com\/wp-content\/uploads\/2022\/12\/high-purity-plastic-film-pieces-300x225.webp 300w, https:\/\/www.plasticgranularmachine.com\/wp-content\/uploads\/2022\/12\/high-purity-plastic-film-pieces-16x12.webp 16w\" sizes=\"auto, (max-width: 720px) 100vw, 720px\" \/><figcaption class=\"wp-element-caption\">hochreinheitliche Plastikfilmst\u00fccke<\/figcaption><\/figure> <\/figure>    <h2 class=\"wp-block-heading\">Kunststofffilm -Waschmaschine Arbeitsprinzip<\/h2>    <p class=\"translation-block\">Das Prinzip der PE-Folienwaschmaschine ist sehr einfach. Im Inneren der Kunststoffschrottwaschmaschine befinden sich mehrere Zahnteller. W\u00e4hrend des Betriebs der Maschine dreht sich der Zahnteller und schiebt die PP-PE-Folie nach vorne. Wenn das Material von einem Ende zum anderen bewegt wird, wird die Kunststofffolie sauber gesp\u00fclt. Es ist zu beachten, dass die zu reinigende Kunststofffolie die durch den <a href=\"https:\/\/www.plasticgranularmachine.com\/de\/product\/plastic-film-crusher\/\">Kunststofffolien-Zerkleinerer<\/a> zerkleinerte Kunststofffolie sein sollte.<\/p>    <figure class=\"wp-block-gallery has-nested-images columns-default is-cropped wp-block-gallery-3 is-layout-flex wp-block-gallery-is-layout-flex\"> <figure class=\"wp-block-image size-full\"><img loading=\"lazy\" decoding=\"async\" width=\"720\" height=\"540\" data-id=\"1490\" src=\"https:\/\/www.plasticgranularmachine.com\/wp-content\/uploads\/2022\/12\/pe-film-washing-machine.webp\" alt=\"PE -Filmwaschmaschine\" class=\"wp-image-1490\" srcset=\"https:\/\/www.plasticgranularmachine.com\/wp-content\/uploads\/2022\/12\/pe-film-washing-machine.webp 720w, https:\/\/www.plasticgranularmachine.com\/wp-content\/uploads\/2022\/12\/pe-film-washing-machine-300x225.webp 300w, https:\/\/www.plasticgranularmachine.com\/wp-content\/uploads\/2022\/12\/pe-film-washing-machine-16x12.webp 16w\" sizes=\"auto, (max-width: 720px) 100vw, 720px\" \/><figcaption class=\"wp-element-caption\">PE -Filmwaschmaschine<\/figcaption><\/figure>    <figure class=\"wp-block-image size-large\"><img loading=\"lazy\" decoding=\"async\" width=\"720\" height=\"541\" data-id=\"1489\" src=\"https:\/\/www.plasticgranularmachine.com\/wp-content\/uploads\/2022\/12\/plastic-film-washing-machine-1.webp\" alt=\"Kunststofffolienwaschmaschine\" class=\"wp-image-1489\" srcset=\"https:\/\/www.plasticgranularmachine.com\/wp-content\/uploads\/2022\/12\/plastic-film-washing-machine-1.webp 720w, https:\/\/www.plasticgranularmachine.com\/wp-content\/uploads\/2022\/12\/plastic-film-washing-machine-1-300x225.webp 300w, https:\/\/www.plasticgranularmachine.com\/wp-content\/uploads\/2022\/12\/plastic-film-washing-machine-1-16x12.webp 16w\" sizes=\"auto, (max-width: 720px) 100vw, 720px\" \/><figcaption class=\"wp-element-caption\">Kunststofffolienwaschmaschine<\/figcaption><\/figure> <\/figure>    <figure class=\"wp-block-gallery has-nested-images columns-default is-cropped wp-block-gallery-4 is-layout-flex wp-block-gallery-is-layout-flex\"> <figure class=\"wp-block-image size-full\"><img loading=\"lazy\" decoding=\"async\" width=\"720\" height=\"540\" data-id=\"1492\" src=\"https:\/\/www.plasticgranularmachine.com\/wp-content\/uploads\/2022\/12\/rotary-pushers-of-plastic-film-washing-machine.webp\" alt=\"Rotary Pushers von Plastikfilm -Waschmaschine\" class=\"wp-image-1492\" srcset=\"https:\/\/www.plasticgranularmachine.com\/wp-content\/uploads\/2022\/12\/rotary-pushers-of-plastic-film-washing-machine.webp 720w, https:\/\/www.plasticgranularmachine.com\/wp-content\/uploads\/2022\/12\/rotary-pushers-of-plastic-film-washing-machine-300x225.webp 300w, https:\/\/www.plasticgranularmachine.com\/wp-content\/uploads\/2022\/12\/rotary-pushers-of-plastic-film-washing-machine-16x12.webp 16w\" sizes=\"auto, (max-width: 720px) 100vw, 720px\" \/><figcaption class=\"wp-element-caption\">Rotary Pushers von Plastikfilm -Waschmaschine<\/figcaption><\/figure>    <figure class=\"wp-block-image size-full\"><img loading=\"lazy\" decoding=\"async\" width=\"720\" height=\"540\" data-id=\"1493\" src=\"https:\/\/www.plasticgranularmachine.com\/wp-content\/uploads\/2022\/12\/toothed-plates-of-the-pe-film-washing-machine.webp\" alt=\"Zahnplatten der PE -Film -Waschmaschine\" class=\"wp-image-1493\" srcset=\"https:\/\/www.plasticgranularmachine.com\/wp-content\/uploads\/2022\/12\/toothed-plates-of-the-pe-film-washing-machine.webp 720w, https:\/\/www.plasticgranularmachine.com\/wp-content\/uploads\/2022\/12\/toothed-plates-of-the-pe-film-washing-machine-300x225.webp 300w, https:\/\/www.plasticgranularmachine.com\/wp-content\/uploads\/2022\/12\/toothed-plates-of-the-pe-film-washing-machine-16x12.webp 16w\" sizes=\"auto, (max-width: 720px) 100vw, 720px\" \/><figcaption class=\"wp-element-caption\">Zahnplatten der PE -Film -Waschmaschine<\/figcaption><\/figure> <\/figure>    <h2 class=\"wp-block-heading\">Parameter der PE -Film -Waschmaschine<\/h2>    <p>Im Folgenden finden Sie einige Parameter von Plastikfilm -Waschmaschinen als Referenz. Wir bieten Ihnen ma\u00dfgeschneiderte PP PE -Film -Waschmaschinen gem\u00e4\u00df der tats\u00e4chlichen Produktion. Bitte teilen Sie uns Ihre Produktionsanforderungen mit!<\/p>    <figure class=\"wp-block-table aligncenter\"><table class=\"has-fixed-layout\"><tbody><tr><td>Name<\/td><td>Plastikwaschmaschine<\/td><\/tr><tr><td>Gr\u00f6\u00dfe<\/td><td>15-20m<\/td><\/tr><tr><td>Motorleistung<\/td><td>3KW<\/td><\/tr><tr><td>Rohstoffe<\/td><td>PP, PE, PET, LDPE usw.<\/td><\/tr><tr><td>Funktion<\/td><td>Reinigen Sie PP PE -Filme und verbessern Sie die Reinheiten<\/td><\/tr><tr><td>Dienstleistungen<\/td><td>Angepasst, eine einj\u00e4hrige Garantie und technische Unterst\u00fctzung<\/td><\/tr><\/tbody><\/table><\/figure>   <div class=\"wp-block-image\"> <figure class=\"aligncenter size-full\"><img loading=\"lazy\" decoding=\"async\" width=\"720\" height=\"540\" src=\"https:\/\/www.plasticgranularmachine.com\/wp-content\/uploads\/2022\/12\/plastic-washing-machine.webp\" alt=\"Plastikwaschmaschine\" class=\"wp-image-1494\" srcset=\"https:\/\/www.plasticgranularmachine.com\/wp-content\/uploads\/2022\/12\/plastic-washing-machine.webp 720w, https:\/\/www.plasticgranularmachine.com\/wp-content\/uploads\/2022\/12\/plastic-washing-machine-300x225.webp 300w, https:\/\/www.plasticgranularmachine.com\/wp-content\/uploads\/2022\/12\/plastic-washing-machine-16x12.webp 16w\" sizes=\"auto, (max-width: 720px) 100vw, 720px\" \/><figcaption class=\"wp-element-caption\">Plastikwaschmaschine<\/figcaption><\/figure> <\/div>   <h2 class=\"wp-block-heading\">Was sind die Vorteile der Plastikschrottwaschmaschine?<\/h2>    <ol class=\"wp-block-list\"> <li>Der Kunststoffreiniger besteht aus Edelstahl, der nicht leicht rostet.<\/li>    <li>Es k\u00f6nnen ma\u00dfgeschneiderte Dienstleistungen bereitgestellt werden. Wir k\u00f6nnen es entsprechend unseren Anforderungen anpassen.<\/li>    <li>Guter Reinigungseffekt. Der gereinigte Plastikfilm ist frei von Verunreinigungen, ohne Verwicklung und ohne Bruch.<\/li>    <li>Perfekt mit Plastiktrocknern usw. verbunden und zusammen verwendet, um die Effizienz des Plastikfilmrecyclings zu verbessern.<\/li> <\/ol>    <figure class=\"wp-block-gallery has-nested-images columns-default is-cropped wp-block-gallery-5 is-layout-flex wp-block-gallery-is-layout-flex\"> <figure class=\"wp-block-image size-large\"><img loading=\"lazy\" decoding=\"async\" width=\"720\" height=\"540\" data-id=\"1496\" src=\"https:\/\/www.plasticgranularmachine.com\/wp-content\/uploads\/2022\/12\/plastic-scrap-washing-machine.webp\" alt=\"Plastikschrottwaschmaschine\" class=\"wp-image-1496\" srcset=\"https:\/\/www.plasticgranularmachine.com\/wp-content\/uploads\/2022\/12\/plastic-scrap-washing-machine.webp 720w, https:\/\/www.plasticgranularmachine.com\/wp-content\/uploads\/2022\/12\/plastic-scrap-washing-machine-300x225.webp 300w, https:\/\/www.plasticgranularmachine.com\/wp-content\/uploads\/2022\/12\/plastic-scrap-washing-machine-16x12.webp 16w\" sizes=\"auto, (max-width: 720px) 100vw, 720px\" \/><figcaption class=\"wp-element-caption\">Plastikschrottwaschmaschine<\/figcaption><\/figure>    <figure class=\"wp-block-image size-large\"><img loading=\"lazy\" decoding=\"async\" width=\"720\" height=\"540\" data-id=\"1495\" src=\"https:\/\/www.plasticgranularmachine.com\/wp-content\/uploads\/2022\/12\/pe-film-washing-machine-with-vertical-plastic-dryer.webp\" alt=\"PE -Film -Waschmaschine mit vertikalem Plastiktrockner\" class=\"wp-image-1495\" srcset=\"https:\/\/www.plasticgranularmachine.com\/wp-content\/uploads\/2022\/12\/pe-film-washing-machine-with-vertical-plastic-dryer.webp 720w, https:\/\/www.plasticgranularmachine.com\/wp-content\/uploads\/2022\/12\/pe-film-washing-machine-with-vertical-plastic-dryer-300x225.webp 300w, https:\/\/www.plasticgranularmachine.com\/wp-content\/uploads\/2022\/12\/pe-film-washing-machine-with-vertical-plastic-dryer-16x12.webp 16w\" sizes=\"auto, (max-width: 720px) 100vw, 720px\" \/><figcaption class=\"wp-element-caption\">PE -Film -Waschmaschine mit vertikalem Plastiktrockner<\/figcaption><\/figure> <\/figure>    <h2 class=\"wp-block-heading\">Anwendungsumfang der Plastikfilmwaschmaschine<\/h2>    <p class=\"translation-block\">Unsere PP-PE-LDPE-Kunststoffwaschmaschine eignet sich nicht nur zur Reinigung von Kunststofffolien, sondern auch zur Reinigung von Kunststoffflocken. Egal ob Ihr Material PE, <a href=\"https:\/\/en.wikipedia.org\/wiki\/Polypropylene\" target=\"_blank\" rel=\"noopener\">PP<\/a> oder PET ist. Diese Maschine kann Ihnen bei der Reinigung helfen.<\/p>    <h2 class=\"wp-block-heading\">Plastikschrottwaschmaschine Preis<\/h2>    <p>Der Preis der Plastikfilmwaschmaschine wird von vielen Faktoren beeinflusst. Wir m\u00fcssen Ihre Bed\u00fcrfnisse, Ihren Standort und Ihre anderen besonderen Bed\u00fcrfnisse kennen, bevor wir Ihnen ein genaues Angebot geben k\u00f6nnen. Dar\u00fcber hinaus wird der Preis f\u00fcr PE -Film -Waschmaschinen auch von den Rohstoffen, den Exportrichtlinien und den Modellen von Maschinen beeinflusst. Daher ist der Preis f\u00fcr Plastikwaschmaschinen nicht festgelegt. Wenn der Lieferant von Plastikrecycling -Maschinen Sie zitieren kann, ohne nach Informationen zu fragen, ist er nicht glaubw\u00fcrdig.<\/p>","protected":false},"excerpt":{"rendered":"<p>The plastic film washing machine can clean the impurities and stains attached to the plastic film and is an important machine in the PE PP film recycling line. It can rinse the plastic film. Through cleaning, the attached sediment and soil will be deposited at the bottom of the tank. Only the cleaned plastic film [&hellip;]<\/p>\n","protected":false},"author":1,"featured_media":113,"parent":0,"template":"","tags":[41,39],"product-type":[6],"class_list":["post-436","product","type-product","status-publish","has-post-thumbnail","hentry","tag-plastic-film-recycling","tag-washing","product-type-washing-machine"],"_links":{"self":[{"href":"https:\/\/www.plasticgranularmachine.com\/de\/wp-json\/wp\/v2\/product\/436","targetHints":{"allow":["GET"]}}],"collection":[{"href":"https:\/\/www.plasticgranularmachine.com\/de\/wp-json\/wp\/v2\/product"}],"about":[{"href":"https:\/\/www.plasticgranularmachine.com\/de\/wp-json\/wp\/v2\/types\/product"}],"author":[{"embeddable":true,"href":"https:\/\/www.plasticgranularmachine.com\/de\/wp-json\/wp\/v2\/users\/1"}],"wp:featuredmedia":[{"embeddable":true,"href":"https:\/\/www.plasticgranularmachine.com\/de\/wp-json\/wp\/v2\/media\/113"}],"wp:attachment":[{"href":"https:\/\/www.plasticgranularmachine.com\/de\/wp-json\/wp\/v2\/media?parent=436"}],"wp:term":[{"taxonomy":"post_tag","embeddable":true,"href":"https:\/\/www.plasticgranularmachine.com\/de\/wp-json\/wp\/v2\/tags?post=436"},{"taxonomy":"product-type","embeddable":true,"href":"https:\/\/www.plasticgranularmachine.com\/de\/wp-json\/wp\/v2\/product-type?post=436"}],"curies":[{"name":"wp","href":"https:\/\/api.w.org\/{rel}","templated":true}]}}