{"id":57,"date":"2022-06-23T07:15:29","date_gmt":"2022-06-23T07:15:29","guid":{"rendered":"http:\/\/tailwind-themes.local\/?post_type=product&#038;p=57"},"modified":"2025-01-06T09:57:37","modified_gmt":"2025-01-06T01:57:37","slug":"plastic-bottle-crushing-machine","status":"publish","type":"product","link":"https:\/\/www.plasticgranularmachine.com\/de\/product\/plastic-bottle-crushing-machine\/","title":{"rendered":"Plastikflaschen-Zerkleinerungsmaschine | Plastikzerkleinerungsmaschine"},"content":{"rendered":"<p class=\"translation-block\">Die PET-Flaschen-Zerkleinerungsmaschine ist eine der Hauptmaschinen in der <a href=\"https:\/\/www.plasticgranularmachine.com\/de\/product\/pet-bottles-recycling-line\/\">PET-Flaschen-Recyclinglinie<\/a>. Sie kann PET-Flaschen, PE-Flaschen, PP-Flaschen und andere Plastikflaschen in kleine St\u00fccke zerkleinern. Wir alle wissen, dass Plastikflaschen gro\u00df sind. Wenn sie nicht im Voraus zerkleinert werden, ist die Reinigung schwierig. Es ist nicht einfach, Plastikflaschen zu recyceln. Daher ist dieser Kunststoffflaschen-Zerkleinerer auch die Hauptausr\u00fcstung der Kunststoffflaschen-Reinigungslinie.<\/p>   <div class=\"wp-block-image\"> <figure class=\"aligncenter size-full\"><img loading=\"lazy\" decoding=\"async\" width=\"720\" height=\"540\" src=\"https:\/\/www.plasticgranularmachine.com\/wp-content\/uploads\/2022\/06\/plastic-bottle-shredding-machine.webp\" alt=\"Zerkleinerungsmaschine f\u00fcr Plastikflaschen\" class=\"wp-image-1357\" srcset=\"https:\/\/www.plasticgranularmachine.com\/wp-content\/uploads\/2022\/06\/plastic-bottle-shredding-machine.webp 720w, https:\/\/www.plasticgranularmachine.com\/wp-content\/uploads\/2022\/06\/plastic-bottle-shredding-machine-300x225.webp 300w, https:\/\/www.plasticgranularmachine.com\/wp-content\/uploads\/2022\/06\/plastic-bottle-shredding-machine-16x12.webp 16w\" sizes=\"auto, (max-width: 720px) 100vw, 720px\" \/><figcaption class=\"wp-element-caption\">Zerkleinerungsmaschine f\u00fcr Plastikflaschen<\/figcaption><\/figure> <\/div>   <h2 class=\"wp-block-heading\">Wie zerkleinert man Plastikwasserflaschen?<\/h2>    <p>Unser Kunststoffbrecher verf\u00fcgt \u00fcber 6 bewegliche Messer und 4 feststehende Messer. Zuerst m\u00fcssen Sie die Plastikflasche in die Einf\u00fcll\u00f6ffnung der Plastikflaschen-Zerkleinerungsmaschine stecken. Dann treibt die Maschine den beweglichen Schneidkopf \u00fcber den Motor an, um ihn mit hoher Geschwindigkeit zu drehen. Bei der Hochgeschwindigkeitsrotation des beweglichen Messers entsteht unter der Wirkung des relativen Bewegungstrends des beweglichen Messers und des feststehenden Messers ein Spalt zwischen dem beweglichen Messer und dem feststehenden Messer. Dadurch wird die Scherkerbe des Kunststoffs vergr\u00f6\u00dfert. Dann zerkleinert das Messer den Kunststoff in St\u00fccke. Der zerkleinerte Kunststoff wird durch das Sieb aus der Kunststofffolie gefiltert. <\/p>    <p>Was wir tun m\u00fcssen, ist, die \u00fcbersch\u00fcssigen Plastikflaschen in die Einf\u00fcll\u00f6ffnung der Plastikzerkleinerungsmaschine zu sch\u00fctten. Und dann den Schalter einschalten.<\/p>    <figure class=\"wp-block-embed is-type-video is-provider-youtube wp-block-embed-youtube wp-embed-aspect-16-9 wp-has-aspect-ratio\"><div class=\"wp-block-embed__wrapper\"> <iframe loading=\"lazy\" title=\"PET-Flaschen-Recyclinganlage | Video zum PET-Recyclingprozess 2022\" width=\"500\" height=\"281\" src=\"https:\/\/www.youtube.com\/embed\/e49v-pFLeJ0?feature=oembed\" frameborder=\"0\" allow=\"accelerometer; autoplay; clipboard-write; encrypted-media; gyroscope; picture-in-picture; web-share\" referrerpolicy=\"strict-origin-when-cross-origin\" allowfullscreen><\/iframe> <\/div><\/figure>    <h2 class=\"wp-block-heading\">Was sind die Merkmale einer Plastikflaschen-Zerkleinerungsmaschine?<\/h2>    <ol class=\"wp-block-list\"> <li>Die Kunststoffzerkleinerungsmaschine ist aus hochwertigem Stahl gefertigt. Daher zeichnet es sich durch Langlebigkeit und lange Lebensdauer aus.<\/li>    <li>Die Gr\u00f6\u00dfe der Kunststofffolie kann individuell an Ihre Bed\u00fcrfnisse angepasst werden.<\/li>    <li>Die Maschine hat eine niedrige Geschwindigkeit und einen geringen Ger\u00e4uschpegel.<\/li>    <li>Die Maschine entl\u00e4dt schnell und ohne Schlacke.<\/li>    <li>Leicht zu pflegen und zu reinigen.<\/li> <\/ol>   <div class=\"wp-block-image\"> <figure class=\"aligncenter size-full\"><img loading=\"lazy\" decoding=\"async\" width=\"720\" height=\"540\" src=\"https:\/\/www.plasticgranularmachine.com\/wp-content\/uploads\/2022\/06\/blade-of-plastic-bottle-crusher.webp\" alt=\"Klinge eines Plastikflaschenbrechers\" class=\"wp-image-1358\" srcset=\"https:\/\/www.plasticgranularmachine.com\/wp-content\/uploads\/2022\/06\/blade-of-plastic-bottle-crusher.webp 720w, https:\/\/www.plasticgranularmachine.com\/wp-content\/uploads\/2022\/06\/blade-of-plastic-bottle-crusher-300x225.webp 300w, https:\/\/www.plasticgranularmachine.com\/wp-content\/uploads\/2022\/06\/blade-of-plastic-bottle-crusher-16x12.webp 16w\" sizes=\"auto, (max-width: 720px) 100vw, 720px\" \/><figcaption class=\"wp-element-caption\">Klinge eines Plastikflaschenbrechers<\/figcaption><\/figure> <\/div>   <h2 class=\"wp-block-heading\">Maschinenparameter<\/h2>    <figure class=\"wp-block-table\"><table><tbody><tr><td>Modell<\/td><td>500<\/td><td>600<\/td><td>800<\/td><td>1000<\/td><td>1200<\/td><\/tr><tr><td>Kapazit\u00e4t (kg\/h)<\/td><td>200-500<\/td><td>800-1000<\/td><td>1200<\/td><td>1500<\/td><td>2000-2500<\/td><\/tr><tr><td>Motor (kW)<\/td><td>11<\/td><td>15-18.5<\/td><td>20-30<\/td><td>37<\/td><td>45<\/td><\/tr><tr><td>Messer (St\u00fcck)<\/td><td>5<\/td><td>8<\/td><td>10<\/td><td>12<\/td><td>12<\/td><\/tr><tr><td>Durchmesser (mm)<\/td><td>325<\/td><td>377<\/td><td>425<\/td><td>425<\/td><td>500<\/td><\/tr><\/tbody><\/table><\/figure>    <p>Aus der Tabelle k\u00f6nnen wir ersehen, dass wir f\u00fcnf Plastikflaschenzerkleinerer mit unterschiedlicher Leistung haben. Die Leistung betr\u00e4gt 200\u2013500 kg\/h, 800\u20131000 kg\/h, 1000 kg\/h, 1500 kg\/h bzw. 2000\u20132500 kg\/h. Daher k\u00f6nnen unsere Maschinen die Anforderungen von mehr als 90% Kunststoffrecyclingprojekten auf dem Markt erf\u00fcllen.<\/p>   <div class=\"wp-block-image\"> <figure class=\"aligncenter size-full\"><img loading=\"lazy\" decoding=\"async\" width=\"720\" height=\"540\" src=\"https:\/\/www.plasticgranularmachine.com\/wp-content\/uploads\/2022\/06\/screen-of-the-plastic-bottle-crusher.webp\" alt=\"Sieb des Plastikflaschenzerkleinerers\" class=\"wp-image-1356\" srcset=\"https:\/\/www.plasticgranularmachine.com\/wp-content\/uploads\/2022\/06\/screen-of-the-plastic-bottle-crusher.webp 720w, https:\/\/www.plasticgranularmachine.com\/wp-content\/uploads\/2022\/06\/screen-of-the-plastic-bottle-crusher-300x225.webp 300w, https:\/\/www.plasticgranularmachine.com\/wp-content\/uploads\/2022\/06\/screen-of-the-plastic-bottle-crusher-16x12.webp 16w\" sizes=\"auto, (max-width: 720px) 100vw, 720px\" \/><figcaption class=\"wp-element-caption\">Sieb des Plastikflaschenzerkleinerers<\/figcaption><\/figure> <\/div>   <h2 class=\"wp-block-heading\">Verwendung von zerkleinerten Plastikflaschen durch eine Plastikflaschen-Zerkleinerungsmaschine<\/h2>    <ol class=\"wp-block-list\"> <li>Herstellung von PET-Flaschen. Wir m\u00fcssen wissen, dass recycelte Kunststoffe nicht in direkten Kontakt mit Lebensmitteln kommen d\u00fcrfen. Aber wir k\u00f6nnen es in der mittleren Schicht von Plastikflaschen verwenden.<\/li>    <li>Herstellungsspinnerei <a href=\"https:\/\/en.wikipedia.org\/wiki\/Fiber\" target=\"_blank\" rel=\"noopener\">Fasern<\/a>. Recycelte PET-Flocken k\u00f6nnen zu Kissen, Schlafs\u00e4cken, Matratzen, Decken und anderen Artikeln versponnen werden.<\/li>    <li>Dar\u00fcber hinaus k\u00f6nnen aus Kunststoffflocken auch Sonnenbrillen, Handyh\u00fcllen, industrielles Spritzgusszubeh\u00f6r, Kunststoffgeh\u00e4use f\u00fcr Elektroger\u00e4te, Weihnachtskugeln usw. hergestellt werden. Sie k\u00f6nnen daraus auch Kunststoffst\u00fchle, Bausteine \u200b\u200bund Set-Top-Boxen herstellen.<\/li> <\/ol>   <div class=\"wp-block-image\"> <figure class=\"aligncenter size-full\"><img loading=\"lazy\" decoding=\"async\" width=\"720\" height=\"540\" src=\"https:\/\/www.plasticgranularmachine.com\/wp-content\/uploads\/2022\/06\/plastic-bottle-flakes.jpg\" alt=\"Plastikflaschenflocken\" class=\"wp-image-156\" srcset=\"https:\/\/www.plasticgranularmachine.com\/wp-content\/uploads\/2022\/06\/plastic-bottle-flakes.jpg 720w, https:\/\/www.plasticgranularmachine.com\/wp-content\/uploads\/2022\/06\/plastic-bottle-flakes-300x225.jpg 300w\" sizes=\"auto, (max-width: 720px) 100vw, 720px\" \/><figcaption class=\"wp-element-caption\">Plastikflaschenflocken<\/figcaption><\/figure> <\/div>   <h2 class=\"wp-block-heading\">Was sind unsere St\u00e4rken?<\/h2>    <p class=\"translation-block\"><a href=\"https:\/\/www.plasticgranularmachine.com\/de\/\">Effiziente Kunststoffmaschinen<\/a> ist ein professioneller Hersteller von Kunststoffflaschen-Zerkleinerungsmaschinen. Neben Kunststoffflaschen-Zerkleinerungsmaschinen produzieren wir auch <a href=\"https:\/\/www.plasticgranularmachine.com\/de\/product\/plastic-film-recycling-line\/\">Recyclinganlagen f\u00fcr Kunststofffolien<\/a>, <a href=\"https:\/\/www.plasticgranularmachine.com\/de\/product\/eps-recycling-machine\/\">EPS-Schaumstoff-Recyclinganlagen<\/a> und eine Reihe von Recyclinganlagen. Als professioneller Hersteller k\u00f6nnen wir sinnvolle Designschemata entsprechend den Kundenbed\u00fcrfnissen anbieten. Gleichzeitig k\u00f6nnen wir auch kundenspezifische Dienstleistungen anbieten. Daher hat Efficient Machinery erfolgreiche Fallstudien in vielen L\u00e4ndern auf der ganzen Welt. Wenn Sie eine PET-Flaschen-Zerkleinerungsmaschine oder andere Kunststoffrecyclinganlagen ben\u00f6tigen, k\u00f6nnen Sie sich gerne an uns wenden. Wir werden Ihnen so schnell wie m\u00f6glich antworten.<\/p>   <div class=\"wp-block-image\"> <figure class=\"aligncenter size-full\"><img loading=\"lazy\" decoding=\"async\" width=\"720\" height=\"540\" src=\"https:\/\/www.plasticgranularmachine.com\/wp-content\/uploads\/2022\/06\/pet-bottle-crusher-in-the-factory.webp\" alt=\"PET-Flaschenbrecher in der Fabrik\" class=\"wp-image-1359\" srcset=\"https:\/\/www.plasticgranularmachine.com\/wp-content\/uploads\/2022\/06\/pet-bottle-crusher-in-the-factory.webp 720w, https:\/\/www.plasticgranularmachine.com\/wp-content\/uploads\/2022\/06\/pet-bottle-crusher-in-the-factory-300x225.webp 300w, https:\/\/www.plasticgranularmachine.com\/wp-content\/uploads\/2022\/06\/pet-bottle-crusher-in-the-factory-16x12.webp 16w\" sizes=\"auto, (max-width: 720px) 100vw, 720px\" \/><figcaption class=\"wp-element-caption\">PET-Flaschenbrecher in der Fabrik<\/figcaption><\/figure> <\/div>   <h2 class=\"wp-block-heading\" id=\"h-f-q\">F&amp;Q<\/h2>    <p>F: Sind zerkleinerte Plastikflaschen recycelbar?<br>A: Die Antwort ist ja. Zerkleinerte Plastikflaschen k\u00f6nnen recycelt werden. Denn im gesamten Recyclingprozess von Plastikflaschen ist das Zerkleinern von Plastikflaschen der erste Schritt. Daher macht es nichts, wenn Sie keine kompletten Plastikflaschen recyceln. Sie k\u00f6nnen auch zerkleinert und recycelt werden.<\/p>    <p>F: M\u00fcssen Plastikflaschen zum Recycling zerkleinert werden?<br>A: Ja. Wenn Sie in der Kunststoffrecyclingbranche t\u00e4tig werden m\u00f6chten, m\u00fcssen Sie Plastikflaschen mit Hilfe einer Plastikflaschen-Zerkleinerungsmaschine zerkleinern. Weil die Plastikflasche gro\u00df ist. Einerseits ist es schwer zu reinigen, andererseits l\u00e4sst es sich nicht leicht granulieren.<\/p>","protected":false},"excerpt":{"rendered":"<p>Plastic bottle crushing machine is one of the main machines in the plastic bottle recycling line. It can crush PET bottles, PE bottles, PP bottles, and other plastic bottles into small pieces. We all know that plastic bottles are big. If it is not crushed in advance, it will be difficult to clean. It is [&hellip;]<\/p>\n","protected":false},"author":1,"featured_media":1184,"parent":0,"template":"","tags":[35,38],"product-type":[4],"class_list":["post-57","product","type-product","status-publish","has-post-thumbnail","hentry","tag-crushing","tag-pet-recycling","product-type-crushing-machine"],"_links":{"self":[{"href":"https:\/\/www.plasticgranularmachine.com\/de\/wp-json\/wp\/v2\/product\/57","targetHints":{"allow":["GET"]}}],"collection":[{"href":"https:\/\/www.plasticgranularmachine.com\/de\/wp-json\/wp\/v2\/product"}],"about":[{"href":"https:\/\/www.plasticgranularmachine.com\/de\/wp-json\/wp\/v2\/types\/product"}],"author":[{"embeddable":true,"href":"https:\/\/www.plasticgranularmachine.com\/de\/wp-json\/wp\/v2\/users\/1"}],"wp:featuredmedia":[{"embeddable":true,"href":"https:\/\/www.plasticgranularmachine.com\/de\/wp-json\/wp\/v2\/media\/1184"}],"wp:attachment":[{"href":"https:\/\/www.plasticgranularmachine.com\/de\/wp-json\/wp\/v2\/media?parent=57"}],"wp:term":[{"taxonomy":"post_tag","embeddable":true,"href":"https:\/\/www.plasticgranularmachine.com\/de\/wp-json\/wp\/v2\/tags?post=57"},{"taxonomy":"product-type","embeddable":true,"href":"https:\/\/www.plasticgranularmachine.com\/de\/wp-json\/wp\/v2\/product-type?post=57"}],"curies":[{"name":"wp","href":"https:\/\/api.w.org\/{rel}","templated":true}]}}