{"id":651,"date":"2023-12-15T16:39:39","date_gmt":"2023-12-15T08:39:39","guid":{"rendered":"https:\/\/www.plasticgranularmachine.com\/?post_type=product&#038;p=651"},"modified":"2025-01-06T10:02:06","modified_gmt":"2025-01-06T02:02:06","slug":"waste-bale-opener","status":"publish","type":"product","link":"https:\/\/www.plasticgranularmachine.com\/de\/product\/waste-bale-opener\/","title":{"rendered":"Abfallballen\u00f6ffner | Kunststoff-Entballermaschine"},"content":{"rendered":"<p>Der Abfallballen\u00f6ffner ist ein wichtiges Ger\u00e4t in Kunststoffrecyclinganlagen. Seine Hauptfunktion besteht darin, die extrudierten und zu Ballen gepressten Kunststoffabfallprodukte mit hoher Effizienz auszupacken, um eine bequeme Weiterverarbeitung und Klassifizierung zu erm\u00f6glichen.<\/p>    <figure class=\"wp-block-embed is-type-video is-provider-youtube wp-block-embed-youtube wp-embed-aspect-16-9 wp-has-aspect-ratio\"><div class=\"wp-block-embed__wrapper\"> <iframe loading=\"lazy\" title=\"Ballenpressen\u00f6ffner f\u00fcr PET-Flaschen | Vertikale Kunststoff-Entballermaschine\" width=\"500\" height=\"281\" src=\"https:\/\/www.youtube.com\/embed\/ujKPMvq7vLY?feature=oembed\" frameborder=\"0\" allow=\"accelerometer; autoplay; clipboard-write; encrypted-media; gyroscope; picture-in-picture; web-share\" referrerpolicy=\"strict-origin-when-cross-origin\" allowfullscreen><\/iframe> <\/div><\/figure>    <h2 class=\"wp-block-heading\">Anwendung zum \u00d6ffnen von PET-Flaschenballen<\/h2>    <p>Wird haupts\u00e4chlich zum Abrei\u00dfen von PET-Flaschen verwendet, die zu Plastikflaschensteinen komprimiert wurden, zum Auspacken und Verteilen in einzelne Flaschen. Gleichzeitig verf\u00fcgt es \u00fcber die F\u00e4higkeit zur quantitativen Zuf\u00fchrung, was f\u00fcr die anschlie\u00dfende Sortierproduktion praktisch ist. Zus\u00e4tzlich zu Plastikflaschenziegeln kann der Ballen\u00f6ffner f\u00fcr PET-Flaschen auch verschiedene Materialien wie gewebte Plastikt\u00fcten, PE-Plastikt\u00fcten, Kraftpapiert\u00fcten und andere komprimierte Beutelverpackungen auspacken.<\/p>   <div class=\"wp-block-image\"> <figure class=\"aligncenter size-full\"><img loading=\"lazy\" decoding=\"async\" width=\"720\" height=\"540\" src=\"https:\/\/www.plasticgranularmachine.com\/wp-content\/uploads\/2023\/12\/PET-Debaler-Machine.webp\" alt=\"Abfallballen\u00f6ffner \" class=\"wp-image-654\" srcset=\"https:\/\/www.plasticgranularmachine.com\/wp-content\/uploads\/2023\/12\/PET-Debaler-Machine.webp 720w, https:\/\/www.plasticgranularmachine.com\/wp-content\/uploads\/2023\/12\/PET-Debaler-Machine-300x225.webp 300w\" sizes=\"auto, (max-width: 720px) 100vw, 720px\" \/><\/figure> <\/div>  <div class=\"wp-block-image\"> <figure class=\"aligncenter size-full\"><img loading=\"lazy\" decoding=\"async\" width=\"720\" height=\"540\" src=\"https:\/\/www.plasticgranularmachine.com\/wp-content\/uploads\/2023\/12\/Debaler-Machine.webp\" alt=\"\" class=\"wp-image-653\" srcset=\"https:\/\/www.plasticgranularmachine.com\/wp-content\/uploads\/2023\/12\/Debaler-Machine.webp 720w, https:\/\/www.plasticgranularmachine.com\/wp-content\/uploads\/2023\/12\/Debaler-Machine-300x225.webp 300w\" sizes=\"auto, (max-width: 720px) 100vw, 720px\" \/><\/figure> <\/div>   <h2 class=\"wp-block-heading\">Merkmale der vertikalen Kunststoff-Entballermaschine <\/h2>    <ul class=\"wp-block-list\"> <li>Verbesserung der Effizienz: Der Plastikflaschen-Entpacker nutzt fortschrittliche Entpackungstechnologie, um komprimierte Plastikflaschen effizient und schnell auszupacken und so die Effizienz des gesamten Recyclingprozesses zu steigern.<\/li>    <li>Schutz der Qualit\u00e4t von Kunststoffflaschen: Das Design der Abfallballen\u00f6ffnermaschine ber\u00fccksichtigt die schonende Handhabung von Kunststoffflaschen, um sicherzustellen, dass die Oberfl\u00e4che der Flaschen beim Auspacken nicht besch\u00e4digt wird und ihre urspr\u00fcngliche Qualit\u00e4t erhalten bleibt.<\/li>    <li>Reduzierung der Arbeitsintensit\u00e4t: Der Einsatz der Kunststoff-Entballermaschine reduziert die Arbeitsintensit\u00e4t des manuellen Auspackens erheblich und sorgt so f\u00fcr eine humanere und sicherere Arbeitsumgebung f\u00fcr Recyclinganlagen.<\/li> <\/ul>","protected":false},"excerpt":{"rendered":"<p>Waste bale opener is an important piece of equipment in plastic recycling plants, its main function is to unwrap the extruded and baled waste plastic products with high efficiency, to create convenience for subsequent processing and classification. PET bottle bale opener application Mainly used for tearing off PET bottles that have been compressed into plastic [&hellip;]<\/p>\n","protected":false},"author":1,"featured_media":654,"parent":0,"template":"","tags":[38],"product-type":[32],"class_list":["post-651","product","type-product","status-publish","has-post-thumbnail","hentry","tag-pet-recycling","product-type-plastic-baler"],"_links":{"self":[{"href":"https:\/\/www.plasticgranularmachine.com\/de\/wp-json\/wp\/v2\/product\/651","targetHints":{"allow":["GET"]}}],"collection":[{"href":"https:\/\/www.plasticgranularmachine.com\/de\/wp-json\/wp\/v2\/product"}],"about":[{"href":"https:\/\/www.plasticgranularmachine.com\/de\/wp-json\/wp\/v2\/types\/product"}],"author":[{"embeddable":true,"href":"https:\/\/www.plasticgranularmachine.com\/de\/wp-json\/wp\/v2\/users\/1"}],"wp:featuredmedia":[{"embeddable":true,"href":"https:\/\/www.plasticgranularmachine.com\/de\/wp-json\/wp\/v2\/media\/654"}],"wp:attachment":[{"href":"https:\/\/www.plasticgranularmachine.com\/de\/wp-json\/wp\/v2\/media?parent=651"}],"wp:term":[{"taxonomy":"post_tag","embeddable":true,"href":"https:\/\/www.plasticgranularmachine.com\/de\/wp-json\/wp\/v2\/tags?post=651"},{"taxonomy":"product-type","embeddable":true,"href":"https:\/\/www.plasticgranularmachine.com\/de\/wp-json\/wp\/v2\/product-type?post=651"}],"curies":[{"name":"wp","href":"https:\/\/api.w.org\/{rel}","templated":true}]}}