{"id":656,"date":"2023-12-15T17:42:44","date_gmt":"2023-12-15T09:42:44","guid":{"rendered":"https:\/\/www.plasticgranularmachine.com\/?post_type=product&#038;p=656"},"modified":"2025-01-06T09:52:32","modified_gmt":"2025-01-06T01:52:32","slug":"hdpe-granules-making-machine","status":"publish","type":"product","link":"https:\/\/www.plasticgranularmachine.com\/de\/product\/hdpe-granules-making-machine\/","title":{"rendered":"Maschine zur Herstellung von HDPE-Granulat | Kunststoff-Granuliermaschine"},"content":{"rendered":"<p>Unsere HDPE-Kunststoffpelletmaschine ist eine innovative Maschine, die f\u00fcr die Verarbeitung harter HDPE-Kunststoffmaterialien, einschlie\u00dflich Kunststoffflaschen, Kunststofff\u00e4ssern usw., entwickelt wurde. Es wurde erfolgreich nach Kenia, Nigeria, an die Elfenbeink\u00fcste, nach Saudi-Arabien und in andere togolesische L\u00e4nder exportiert. <\/p>    <p class=\"translation-block\">Unsere Maschine hat eine vollst\u00e4ndige <strong><a href=\"https:\/\/www.plasticgranularmachine.com\/de\/product\/plastic-granulating-line\/\" data-type=\"link\" data-id=\"https:\/\/www.plasticgranularmachine.com\/product\/plastic-granulating-line\/\">Kunststoffpelletisierungs-Recyclinglinie<\/a><\/strong> f\u00fcr unsere Kunden eingerichtet, die ihnen hilft, eine gro\u00dfe Menge HDPE-Abfall zu verarbeiten, und die endg\u00fcltige Produktion von hochwertigen Kunststoffpellets hat von unseren Kunden viel Lob erhalten.<\/p>   <div class=\"wp-block-image\"> <figure class=\"aligncenter size-full\"><img loading=\"lazy\" decoding=\"async\" width=\"720\" height=\"540\" src=\"https:\/\/www.plasticgranularmachine.com\/wp-content\/uploads\/2023\/12\/Positive-feedback-from-clients-in-Cote-dIvoire1.webp\" alt=\"Positives Feedback von Kunden in der Elfenbeink\u00fcste\" class=\"wp-image-1370\" srcset=\"https:\/\/www.plasticgranularmachine.com\/wp-content\/uploads\/2023\/12\/Positive-feedback-from-clients-in-Cote-dIvoire1.webp 720w, https:\/\/www.plasticgranularmachine.com\/wp-content\/uploads\/2023\/12\/Positive-feedback-from-clients-in-Cote-dIvoire1-300x225.webp 300w, https:\/\/www.plasticgranularmachine.com\/wp-content\/uploads\/2023\/12\/Positive-feedback-from-clients-in-Cote-dIvoire1-16x12.webp 16w\" sizes=\"auto, (max-width: 720px) 100vw, 720px\" \/><figcaption class=\"wp-element-caption\">Positives Feedback von Kunden in C\u00f4te d'Ivoire<\/figcaption><\/figure> <\/div>  <div class=\"wp-block-image\"> <figure class=\"aligncenter size-full\"><img loading=\"lazy\" decoding=\"async\" width=\"720\" height=\"540\" src=\"https:\/\/www.plasticgranularmachine.com\/wp-content\/uploads\/2023\/01\/plasic-film-granulator.webp\" alt=\"Kunststofffoliengranulator\" class=\"wp-image-477\" srcset=\"https:\/\/www.plasticgranularmachine.com\/wp-content\/uploads\/2023\/01\/plasic-film-granulator.webp 720w, https:\/\/www.plasticgranularmachine.com\/wp-content\/uploads\/2023\/01\/plasic-film-granulator-300x225.webp 300w\" sizes=\"auto, (max-width: 720px) 100vw, 720px\" \/><figcaption class=\"wp-element-caption\">Maschine zur Herstellung von HDPE-Granulat nach Saudi-Arabien geschickt<\/figcaption><\/figure> <\/div>   <h2 class=\"wp-block-heading\">HDPE-Kunststoff-Recycling-Granulierverfahren<\/h2>    <ul class=\"wp-block-list\"> <li>Schmelzen: Die getrockneten HDPE-Pellets werden dem Schmelzsystem der HDPE-Granulat-Herstellungsmaschine zugef\u00fchrt, wo sie bei hohen Temperaturen geschmolzen werden, um sie in einen flie\u00dff\u00e4higen Zustand zu \u00fcberf\u00fchren, der f\u00fcr den anschlie\u00dfenden Extrusionsprozess bereit ist.<\/li>    <li>Extrusion: Das geschmolzene HDPE-Material durchl\u00e4uft den Extruder und wird von einer beheizten Schnecke gedr\u00fcckt, die das Material weiter gleichm\u00e4\u00dfig erhitzt und aus der D\u00fcse extrudiert.<\/li>    <li>K\u00fchlung: Die Temperatur der Kunststoffstreifen, die gerade aus der HDPE-Granulat-Herstellungsmaschine kommen, ist sehr hoch, daher m\u00fcssen sie mit K\u00fchlwassertanks abgek\u00fchlt werden, und gleichzeitig kann das Abk\u00fchlen dazu f\u00fchren, dass der Kunststoff schnell aush\u00e4rtet, sodass er kann f\u00fcr die anschlie\u00dfende Granulierung von HDPE-Kunststoff geeignet sein.<\/li>    <li>Schneiden: Abschlie\u00dfend werden die geschnittenen HDPE-Pellets in geeignete L\u00e4ngen geschnitten, um das endg\u00fcltige recycelte Pelletprodukt zu erhalten.<\/li> <\/ul>   <div class=\"wp-block-image\"> <figure class=\"aligncenter size-full\"><img loading=\"lazy\" decoding=\"async\" width=\"720\" height=\"540\" src=\"https:\/\/www.plasticgranularmachine.com\/wp-content\/uploads\/2023\/12\/plastic-granulator-in-the-factory.webp\" alt=\"Kunststoffgranulator in der Fabrik\" class=\"wp-image-1371\" srcset=\"https:\/\/www.plasticgranularmachine.com\/wp-content\/uploads\/2023\/12\/plastic-granulator-in-the-factory.webp 720w, https:\/\/www.plasticgranularmachine.com\/wp-content\/uploads\/2023\/12\/plastic-granulator-in-the-factory-300x225.webp 300w, https:\/\/www.plasticgranularmachine.com\/wp-content\/uploads\/2023\/12\/plastic-granulator-in-the-factory-16x12.webp 16w\" sizes=\"auto, (max-width: 720px) 100vw, 720px\" \/><figcaption class=\"wp-element-caption\">Kunststoffgranulator in der Fabrik<\/figcaption><\/figure> <\/div>   <h2 class=\"wp-block-heading\">Parameter der HDPE-Pelletiermaschine <\/h2>    <p>Die folgenden vier Modelle sind die angesagtesten Modelle unserer Kunststoff-Granuliermaschinen. Ihre F\u00e4higkeiten k\u00f6nnen die Anforderungen der meisten Kunden erf\u00fcllen. Wenn Sie jedoch ein gr\u00f6\u00dferes Modell ben\u00f6tigen, k\u00f6nnen wir es auch individuell anpassen. Sie k\u00f6nnen uns jederzeit kontaktieren. <\/p>    <figure class=\"wp-block-table\"><table><tbody><tr><td>Maschinenmodell<\/td><td>SL-125<\/td><td>SL-150<\/td><td>SL-180<\/td><td>SL-200<\/td><\/tr><tr><td>Schraubendurchmesser<\/td><td>125mm<\/td><td>150mm<\/td><td>180mm<\/td><td>200mm<\/td><\/tr><tr><td>Spindelgeschwindigkeit<\/td><td>50-70\/Min<\/td><td>40-50\/Min<\/td><td>40-50\/Min<\/td><td>40-50\/Min<\/td><\/tr><tr><td>Hauptmotorleistung<\/td><td>30KW<\/td><td>37KW<\/td><td>55KW<\/td><td>75KW<\/td><\/tr><tr><td>Untersetzungsgetriebe (harter Gang)<\/td><td>225<\/td><td>250<\/td><td>280<\/td><td>315<\/td><\/tr><tr><td>Gr\u00f6\u00dfe<\/td><td>2.6*0.7*0.7<\/td><td>3.0*0.7*0.7<\/td><td>3.2*0.7*0.7<\/td><td>3.5*1*1<\/td><\/tr><tr><td>Ausgabe<\/td><td>180 kg\/h<\/td><td>300 kg\/h<\/td><td>350 kg\/h<\/td><td>380 kg\/h<\/td><\/tr><\/tbody><\/table><\/figure>   <div class=\"wp-block-image\"> <figure class=\"aligncenter size-full\"><img loading=\"lazy\" decoding=\"async\" width=\"720\" height=\"540\" src=\"https:\/\/www.plasticgranularmachine.com\/wp-content\/uploads\/2023\/12\/HDPE-granules-making-machine.webp\" alt=\"Maschine zur Herstellung von HDPE-Granulat\" class=\"wp-image-1372\" srcset=\"https:\/\/www.plasticgranularmachine.com\/wp-content\/uploads\/2023\/12\/HDPE-granules-making-machine.webp 720w, https:\/\/www.plasticgranularmachine.com\/wp-content\/uploads\/2023\/12\/HDPE-granules-making-machine-300x225.webp 300w, https:\/\/www.plasticgranularmachine.com\/wp-content\/uploads\/2023\/12\/HDPE-granules-making-machine-16x12.webp 16w\" sizes=\"auto, (max-width: 720px) 100vw, 720px\" \/><figcaption class=\"wp-element-caption\">Maschine zur Herstellung von HDPE-Granulat<\/figcaption><\/figure> <\/div>   <h2 class=\"wp-block-heading\">C\u00f4te d'Ivoire Feedback zur HDPE-Granulat-Herstellungsmaschine <\/h2>    <figure class=\"wp-block-embed is-type-video is-provider-youtube wp-block-embed-youtube wp-embed-aspect-16-9 wp-has-aspect-ratio\"><div class=\"wp-block-embed__wrapper\"> <iframe loading=\"lazy\" title=\"Kundenfeedback! Herstellungsprozess von HDPE-Granulat in der Elfenbeink\u00fcste\" width=\"500\" height=\"281\" src=\"https:\/\/www.youtube.com\/embed\/44dq-0uQ3V0?start=18&#038;feature=oembed\" frameborder=\"0\" allow=\"accelerometer; autoplay; clipboard-write; encrypted-media; gyroscope; picture-in-picture; web-share\" referrerpolicy=\"strict-origin-when-cross-origin\" allowfullscreen><\/iframe> <\/div><\/figure>","protected":false},"excerpt":{"rendered":"<p>Our HDPE plastic pellet machine is an innovative machine designed for processing HDPE plastic hard materials, including plastic bottles, plastic drums and so on. It has been successfully exported to Kenya, Nigeria, Cote d&#8217;Ivoire, Saudi Arabia and other Togolese countries. Our machine has set up a complete plastic pelletizing recycling line for our customers, helping [&hellip;]<\/p>\n","protected":false},"author":1,"featured_media":1267,"parent":0,"template":"","tags":[36,18],"product-type":[5],"class_list":["post-656","product","type-product","status-publish","has-post-thumbnail","hentry","tag-hard-plastic-recycling","tag-pelletizing-machine","product-type-plastic-pelletizer"],"_links":{"self":[{"href":"https:\/\/www.plasticgranularmachine.com\/de\/wp-json\/wp\/v2\/product\/656","targetHints":{"allow":["GET"]}}],"collection":[{"href":"https:\/\/www.plasticgranularmachine.com\/de\/wp-json\/wp\/v2\/product"}],"about":[{"href":"https:\/\/www.plasticgranularmachine.com\/de\/wp-json\/wp\/v2\/types\/product"}],"author":[{"embeddable":true,"href":"https:\/\/www.plasticgranularmachine.com\/de\/wp-json\/wp\/v2\/users\/1"}],"wp:featuredmedia":[{"embeddable":true,"href":"https:\/\/www.plasticgranularmachine.com\/de\/wp-json\/wp\/v2\/media\/1267"}],"wp:attachment":[{"href":"https:\/\/www.plasticgranularmachine.com\/de\/wp-json\/wp\/v2\/media?parent=656"}],"wp:term":[{"taxonomy":"post_tag","embeddable":true,"href":"https:\/\/www.plasticgranularmachine.com\/de\/wp-json\/wp\/v2\/tags?post=656"},{"taxonomy":"product-type","embeddable":true,"href":"https:\/\/www.plasticgranularmachine.com\/de\/wp-json\/wp\/v2\/product-type?post=656"}],"curies":[{"name":"wp","href":"https:\/\/api.w.org\/{rel}","templated":true}]}}