{"id":660,"date":"2023-12-18T11:16:13","date_gmt":"2023-12-18T03:16:13","guid":{"rendered":"https:\/\/www.plasticgranularmachine.com\/?post_type=product&#038;p=660"},"modified":"2025-01-06T09:54:03","modified_gmt":"2025-01-06T01:54:03","slug":"trommel-screen","status":"publish","type":"product","link":"https:\/\/www.plasticgranularmachine.com\/de\/product\/trommel-screen\/","title":{"rendered":"Trommelsiebmaschine f\u00fcr PET-Flaschen"},"content":{"rendered":"<p>Taumelsiebe sind Ger\u00e4te, die in der Kunststoffflaschen-Recyclingfabrik eingesetzt werden, um Kunststoffabf\u00e4lle durch Sieben und Sortieren effektiv zu reinigen und eine klare und organisierte Materialbasis f\u00fcr nachfolgende Verarbeitungsschritte bereitzustellen.<\/p>   <div class=\"wp-block-image\"> <figure class=\"aligncenter size-full\"><img loading=\"lazy\" decoding=\"async\" width=\"720\" height=\"540\" src=\"https:\/\/www.plasticgranularmachine.com\/wp-content\/uploads\/2023\/12\/industrial-trommel-machine.webp\" alt=\"Trommelsieb\" class=\"wp-image-662\" srcset=\"https:\/\/www.plasticgranularmachine.com\/wp-content\/uploads\/2023\/12\/industrial-trommel-machine.webp 720w, https:\/\/www.plasticgranularmachine.com\/wp-content\/uploads\/2023\/12\/industrial-trommel-machine-300x225.webp 300w\" sizes=\"auto, (max-width: 720px) 100vw, 720px\" \/><\/figure> <\/div>  <div class=\"wp-block-image\"> <figure class=\"aligncenter size-full\"><img loading=\"lazy\" decoding=\"async\" width=\"720\" height=\"540\" src=\"https:\/\/www.plasticgranularmachine.com\/wp-content\/uploads\/2023\/12\/industrial-trommel.webp\" alt=\"\" class=\"wp-image-661\" srcset=\"https:\/\/www.plasticgranularmachine.com\/wp-content\/uploads\/2023\/12\/industrial-trommel.webp 720w, https:\/\/www.plasticgranularmachine.com\/wp-content\/uploads\/2023\/12\/industrial-trommel-300x225.webp 300w\" sizes=\"auto, (max-width: 720px) 100vw, 720px\" \/><\/figure> <\/div>   <h2 class=\"wp-block-heading\">Einf\u00fchrung einer Trommelsiebmaschine f\u00fcr das Kunststoffrecycling<\/h2>    <p>Eine Trommelsiebmaschine besteht normalerweise aus einem Hauptsiebrahmen, einem Einlass, einer Trommel, einem Motor- und Antriebssystem, einem Siebgewebe und einem Schlackenauslass.<\/p>    <p>Durch die rotierende Trommel und das vern\u00fcnftig konstruierte Siebgewebe sorgt das Taumelsieb daf\u00fcr, dass der Kunststoffm\u00fcll rollt und sich dreht und so die R\u00fcckst\u00e4nde und nicht konformen Rohstoffe aussiebt.<\/p>    <h2 class=\"wp-block-heading\">Warum brauchen Sie eine Trommelsiebmaschine f\u00fcr PET-Flaschen?<\/h2>    <p>Insgesamt spielt der Einsatz von Trommelsieben in Kunststoffflaschen-Recyclinglinien eine Vorbehandlungsrolle und tr\u00e4gt dazu bei, die Recyclingeffizienz und die Qualit\u00e4t von PET-Flocken zu verbessern. In den folgenden Punkten werden die spezifischen Details erl\u00e4utert.<\/p>    <ul class=\"wp-block-list\"> <li>Gr\u00f6\u00dfensiebung: Tumblersiebe k\u00f6nnen zum Sieben von Kunststoffflaschen unterschiedlicher Gr\u00f6\u00dfe verwendet werden, wobei gro\u00dfe, mittlere und kleine Flaschen getrennt werden. Dies hilft bei den nachfolgenden Verarbeitungsschritten und stellt sicher, dass jede Flaschengr\u00f6\u00dfe der entsprechenden Verarbeitungsanlage zugef\u00fchrt werden kann.<\/li>    <li>Entfernung von Verunreinigungen: Tumbler-Siebe f\u00fcr PET-Flaschen sind wirksam bei der Entfernung von Verunreinigungen wie Steinen, Metallen usw. aus Kunststoffabf\u00e4llen. Dies tr\u00e4gt dazu bei, zu verhindern, dass diese Verunreinigungen andere Recyclingger\u00e4te besch\u00e4digen, und verbessert die Effizienz des gesamten Recyclingprozesses.<\/li>    <li>Reinigung von Materialien: Durch das Taumelsieb kann die anf\u00e4ngliche Reinigung von Plastikflaschenabf\u00e4llen durchgef\u00fchrt werden, indem Oberfl\u00e4chenanhaftungen, Schmutz usw. entfernt werden. Dies tr\u00e4gt dazu bei, die Qualit\u00e4t des Endprodukts zu verbessern und stellt sicher, dass der recycelte Kunststoff die Kriterien f\u00fcr die Wiederverwendung erf\u00fcllt.<\/li> <\/ul>    <h2 class=\"wp-block-heading\">Zugeh\u00f6rige Recyclinglinie f\u00fcr Plastikflaschen<\/h2>    <p class=\"translation-block\">Die PET-Kunststoff-<strong><a href=\"https:\/\/www.plasticgranularmachine.com\/de\/product\/pet-bottles-recycling-line\/\" data-type=\"link\" data-id=\"https:\/\/www.plasticgranularmachine.com\/product\/pet-bottles-recycling-line\/\">Flaschen-Zerkleinerungs- und Waschlinie<\/a><\/strong> verwendet einen fortschrittlichen Prozess, um Abfall-PET-Kunststoffflaschen durch einen Zerkleinerer zu fragmentieren, der anschlie\u00dfend von einer Waschmaschine gewaschen wird, um Verunreinigungen zu entfernen, und schlie\u00dflich durch ein Trocknungssystem, um Wasser zu entfernen, was zu sauberen und trockenen PET-Flocken f\u00fchrt.<\/p>   <div class=\"wp-block-image\"> <figure class=\"aligncenter size-full is-resized\"><img loading=\"lazy\" decoding=\"async\" width=\"720\" height=\"540\" src=\"https:\/\/www.plasticgranularmachine.com\/wp-content\/uploads\/2022\/06\/PET-bottle-recycling-machine.webp\" alt=\"\" class=\"wp-image-578\" style=\"width:720px;height:auto\" srcset=\"https:\/\/www.plasticgranularmachine.com\/wp-content\/uploads\/2022\/06\/PET-bottle-recycling-machine.webp 720w, https:\/\/www.plasticgranularmachine.com\/wp-content\/uploads\/2022\/06\/PET-bottle-recycling-machine-300x225.webp 300w\" sizes=\"auto, (max-width: 720px) 100vw, 720px\" \/><figcaption class=\"wp-element-caption\">Recyclinglinie f\u00fcr Plastikflaschen<\/figcaption><\/figure> <\/div>","protected":false},"excerpt":{"rendered":"<p>Tumbler screens are equipment used in the plastic bottle recycling factory to effectively purify plastic waste through screening and sorting, providing a clear and organized material base for subsequent processing steps. Introduction of trommel screen for plastic recycling A trommel screen usually consists of a main screen frame, an inlet, a drum, a motor and [&hellip;]<\/p>\n","protected":false},"author":1,"featured_media":662,"parent":0,"template":"","tags":[38],"product-type":[32],"class_list":["post-660","product","type-product","status-publish","has-post-thumbnail","hentry","tag-pet-recycling","product-type-plastic-baler"],"_links":{"self":[{"href":"https:\/\/www.plasticgranularmachine.com\/de\/wp-json\/wp\/v2\/product\/660","targetHints":{"allow":["GET"]}}],"collection":[{"href":"https:\/\/www.plasticgranularmachine.com\/de\/wp-json\/wp\/v2\/product"}],"about":[{"href":"https:\/\/www.plasticgranularmachine.com\/de\/wp-json\/wp\/v2\/types\/product"}],"author":[{"embeddable":true,"href":"https:\/\/www.plasticgranularmachine.com\/de\/wp-json\/wp\/v2\/users\/1"}],"wp:featuredmedia":[{"embeddable":true,"href":"https:\/\/www.plasticgranularmachine.com\/de\/wp-json\/wp\/v2\/media\/662"}],"wp:attachment":[{"href":"https:\/\/www.plasticgranularmachine.com\/de\/wp-json\/wp\/v2\/media?parent=660"}],"wp:term":[{"taxonomy":"post_tag","embeddable":true,"href":"https:\/\/www.plasticgranularmachine.com\/de\/wp-json\/wp\/v2\/tags?post=660"},{"taxonomy":"product-type","embeddable":true,"href":"https:\/\/www.plasticgranularmachine.com\/de\/wp-json\/wp\/v2\/product-type?post=660"}],"curies":[{"name":"wp","href":"https:\/\/api.w.org\/{rel}","templated":true}]}}