{"id":663,"date":"2023-12-18T16:19:34","date_gmt":"2023-12-18T08:19:34","guid":{"rendered":"https:\/\/www.plasticgranularmachine.com\/?post_type=product&#038;p=663"},"modified":"2025-01-06T10:00:16","modified_gmt":"2025-01-06T02:00:16","slug":"plastic-strip-cutting-machine","status":"publish","type":"product","link":"https:\/\/www.plasticgranularmachine.com\/de\/product\/plastic-strip-cutting-machine\/","title":{"rendered":"Kunststoffstreifenschneidemaschine"},"content":{"rendered":"<p>Der Kunststoffgranulierer ist der letzte Schritt der Pelletierlinie. Er schneidet die langen Kunststoffstreifen in kleine Pellets f\u00fcr die anschlie\u00dfende Verpackung und den Verkauf.<\/p>    <figure class=\"wp-block-gallery aligncenter has-nested-images columns-default is-cropped wp-block-gallery-2 is-layout-flex wp-block-gallery-is-layout-flex\"> <figure class=\"wp-block-image size-full\"><img loading=\"lazy\" decoding=\"async\" width=\"720\" height=\"540\" data-id=\"1339\" src=\"https:\/\/www.plasticgranularmachine.com\/wp-content\/uploads\/2023\/12\/plastic-pelletizing-line-includes-plastic-dana-cutter.webp\" alt=\"Die Kunststoffpelletierlinie umfasst einen Dana-Schneider aus Kunststoff\" class=\"wp-image-1339\" srcset=\"https:\/\/www.plasticgranularmachine.com\/wp-content\/uploads\/2023\/12\/plastic-pelletizing-line-includes-plastic-dana-cutter.webp 720w, https:\/\/www.plasticgranularmachine.com\/wp-content\/uploads\/2023\/12\/plastic-pelletizing-line-includes-plastic-dana-cutter-300x225.webp 300w, https:\/\/www.plasticgranularmachine.com\/wp-content\/uploads\/2023\/12\/plastic-pelletizing-line-includes-plastic-dana-cutter-16x12.webp 16w\" sizes=\"auto, (max-width: 720px) 100vw, 720px\" \/><figcaption class=\"wp-element-caption\">Die Kunststoffpelletierlinie umfasst einen Dana-Schneider aus Kunststoff<\/figcaption><\/figure>    <figure class=\"wp-block-image size-full\"><img loading=\"lazy\" decoding=\"async\" width=\"720\" height=\"540\" data-id=\"1340\" src=\"https:\/\/www.plasticgranularmachine.com\/wp-content\/uploads\/2023\/12\/Plastic-pellet-making-machine.webp\" alt=\"Maschine zur Herstellung von Kunststoffpellets\" class=\"wp-image-1340\" srcset=\"https:\/\/www.plasticgranularmachine.com\/wp-content\/uploads\/2023\/12\/Plastic-pellet-making-machine.webp 720w, https:\/\/www.plasticgranularmachine.com\/wp-content\/uploads\/2023\/12\/Plastic-pellet-making-machine-300x225.webp 300w, https:\/\/www.plasticgranularmachine.com\/wp-content\/uploads\/2023\/12\/Plastic-pellet-making-machine-16x12.webp 16w\" sizes=\"auto, (max-width: 720px) 100vw, 720px\" \/><figcaption class=\"wp-element-caption\">Maschine zur Herstellung von Kunststoffpellets<\/figcaption><\/figure> <\/figure>    <h2 class=\"wp-block-heading\">Anwendung der Kunststoffstreifenschneidemaschine<\/h2>    <p>Es eignet sich f\u00fcr Kunststoffpelletiermaschinen nach dem Ziehen von Streifen und wird zum Pelletieren von PVC, PP, LDPE, HDPE, LLDPE und anderen Kunststoffen verwendet.<\/p>    <figure class=\"wp-block-gallery has-nested-images columns-default is-cropped wp-block-gallery-3 is-layout-flex wp-block-gallery-is-layout-flex\"> <figure class=\"wp-block-image size-large\"><img loading=\"lazy\" decoding=\"async\" width=\"720\" height=\"540\" data-id=\"1337\" src=\"https:\/\/www.plasticgranularmachine.com\/wp-content\/uploads\/2023\/12\/plastic-dana-cutting-machine.webp\" alt=\"Kunststoff-Dana-Schneidemaschine\" class=\"wp-image-1337\" srcset=\"https:\/\/www.plasticgranularmachine.com\/wp-content\/uploads\/2023\/12\/plastic-dana-cutting-machine.webp 720w, https:\/\/www.plasticgranularmachine.com\/wp-content\/uploads\/2023\/12\/plastic-dana-cutting-machine-300x225.webp 300w, https:\/\/www.plasticgranularmachine.com\/wp-content\/uploads\/2023\/12\/plastic-dana-cutting-machine-16x12.webp 16w\" sizes=\"auto, (max-width: 720px) 100vw, 720px\" \/><figcaption class=\"wp-element-caption\">Kunststoff-Dana-Schneidemaschine<\/figcaption><\/figure>    <figure class=\"wp-block-image size-large\"><img loading=\"lazy\" decoding=\"async\" width=\"720\" height=\"540\" data-id=\"1338\" src=\"https:\/\/www.plasticgranularmachine.com\/wp-content\/uploads\/2023\/12\/Plastic-Strip-Cutting-Machine-1.webp\" alt=\"Kunststoffstreifenschneidemaschine\" class=\"wp-image-1338\" srcset=\"https:\/\/www.plasticgranularmachine.com\/wp-content\/uploads\/2023\/12\/Plastic-Strip-Cutting-Machine-1.webp 720w, https:\/\/www.plasticgranularmachine.com\/wp-content\/uploads\/2023\/12\/Plastic-Strip-Cutting-Machine-1-300x225.webp 300w, https:\/\/www.plasticgranularmachine.com\/wp-content\/uploads\/2023\/12\/Plastic-Strip-Cutting-Machine-1-16x12.webp 16w\" sizes=\"auto, (max-width: 720px) 100vw, 720px\" \/><figcaption class=\"wp-element-caption\">Kunststoffstreifenschneidemaschine<\/figcaption><\/figure> <\/figure>    <h2 class=\"wp-block-heading\">Struktur der Kunststoff-Pellet-Schneidemaschine <\/h2>    <p>Der Kunststoffgranulator besteht haupts\u00e4chlich aus einem Kochfeld, einer Druckwalze und einer \u00dcbertragungsvorrichtung.<\/p>    <figure class=\"wp-block-gallery has-nested-images columns-default is-cropped wp-block-gallery-4 is-layout-flex wp-block-gallery-is-layout-flex\"> <figure class=\"wp-block-image size-large\"><img loading=\"lazy\" decoding=\"async\" width=\"720\" height=\"540\" data-id=\"1341\" src=\"https:\/\/www.plasticgranularmachine.com\/wp-content\/uploads\/2023\/12\/details-of-the-plastic-pellet-making-machine.webp\" alt=\"Einzelheiten zur Maschine zur Herstellung von Kunststoffpellets\" class=\"wp-image-1341\" srcset=\"https:\/\/www.plasticgranularmachine.com\/wp-content\/uploads\/2023\/12\/details-of-the-plastic-pellet-making-machine.webp 720w, https:\/\/www.plasticgranularmachine.com\/wp-content\/uploads\/2023\/12\/details-of-the-plastic-pellet-making-machine-300x225.webp 300w, https:\/\/www.plasticgranularmachine.com\/wp-content\/uploads\/2023\/12\/details-of-the-plastic-pellet-making-machine-16x12.webp 16w\" sizes=\"auto, (max-width: 720px) 100vw, 720px\" \/><figcaption class=\"wp-element-caption\">Einzelheiten zur Maschine zur Herstellung von Kunststoffpellets<\/figcaption><\/figure>    <figure class=\"wp-block-image size-large\"><img loading=\"lazy\" decoding=\"async\" width=\"720\" height=\"540\" data-id=\"1342\" src=\"https:\/\/www.plasticgranularmachine.com\/wp-content\/uploads\/2023\/12\/hob-of-the-plastic-dana-cutter-machine.webp\" alt=\"Kochfeld der Kunststoff-Dana-Cutter-Maschine\" class=\"wp-image-1342\" srcset=\"https:\/\/www.plasticgranularmachine.com\/wp-content\/uploads\/2023\/12\/hob-of-the-plastic-dana-cutter-machine.webp 720w, https:\/\/www.plasticgranularmachine.com\/wp-content\/uploads\/2023\/12\/hob-of-the-plastic-dana-cutter-machine-300x225.webp 300w, https:\/\/www.plasticgranularmachine.com\/wp-content\/uploads\/2023\/12\/hob-of-the-plastic-dana-cutter-machine-16x12.webp 16w\" sizes=\"auto, (max-width: 720px) 100vw, 720px\" \/><figcaption class=\"wp-element-caption\">Kochfeld der Kunststoff-Dana-Cutter-Maschine<\/figcaption><\/figure> <\/figure>    <h2 class=\"wp-block-heading\">Parameter der Kunststoffstreifenschneidemaschine<\/h2>    <figure class=\"wp-block-table\"><table><tbody><tr><td>Typ<\/td><td>Leistung<\/td><td>Breite der Messer<\/td><td>Messertyp<\/td><\/tr><tr><td>SL-180<\/td><td>3<\/td><td>180<\/td><td>Kochfeld<\/td><\/tr><tr><td>SL-220<\/td><td>5.5<\/td><td>220<\/td><td>Kochfeld<\/td><\/tr><tr><td>SL-260<\/td><td>5.5<\/td><td>260<\/td><td>Kochfeld<\/td><\/tr><\/tbody><\/table><\/figure>   <div class=\"wp-block-image\"> <figure class=\"aligncenter size-full\"><img loading=\"lazy\" decoding=\"async\" width=\"540\" height=\"720\" src=\"https:\/\/www.plasticgranularmachine.com\/wp-content\/uploads\/2023\/12\/plastic-dana-cutter.webp\" alt=\"Dana-Cutter aus Kunststoff\" class=\"wp-image-1343\" srcset=\"https:\/\/www.plasticgranularmachine.com\/wp-content\/uploads\/2023\/12\/plastic-dana-cutter.webp 540w, https:\/\/www.plasticgranularmachine.com\/wp-content\/uploads\/2023\/12\/plastic-dana-cutter-225x300.webp 225w, https:\/\/www.plasticgranularmachine.com\/wp-content\/uploads\/2023\/12\/plastic-dana-cutter-9x12.webp 9w\" sizes=\"auto, (max-width: 540px) 100vw, 540px\" \/><figcaption class=\"wp-element-caption\">Dana-Cutter aus Kunststoff<\/figcaption><\/figure> <\/div>   <h2 class=\"wp-block-heading\">Der Betrieb der Kunststoffpellet-Schneidemaschine ist zu beachten<\/h2>    <ul class=\"wp-block-list\"> <li>Bedienerf\u00fcller, muss gut aussehen, keine Materialreste eindringen, die Temperatur erfassen.<\/li>    <li>Die Wassertemperatur sollte im Allgemeinen zwischen 50 und 60 \u00b0C liegen. Bei niedriger Temperatur kann der Streifen leicht brechen und dar\u00fcber hinaus leicht kleben. Zu Beginn ist die Wassertemperatur nicht stabil, geschnittenes Getreide kann f\u00fcr einen bestimmten Zeitraum zum Schneiden von Getreidemaschinenf\u00f6rderern verwendet werden, und so steigt die Wassertemperatur und dann l\u00e4sst die Kunststoffpelletschneidemaschine den Kunststoff automatisch schneiden, um dies nicht zu tun Brechen Sie den Streifen.<\/li>    <li>Das Schneidgranulat muss vor dem Streifen gleichm\u00e4\u00dfig in die Andruckrolle gezogen werden, sonst wird der Kunststoff-Pelletschneider besch\u00e4digt.<\/li> <\/ul>    <h2 class=\"wp-block-heading\">Zugeh\u00f6rige Kunststoff-Granulierlinie <\/h2>    <p class=\"translation-block\">Die gesamte <strong><a href=\"https:\/\/www.plasticgranularmachine.com\/de\/product\/plastic-film-recycling-line\/\" data-type=\"link\" data-id=\"https:\/\/www.plasticgranularmachine.com\/product\/plastic-film-recycling-line\/\">Kunststoffgranulierungsanlage<\/a><\/strong> umfasst Kunststoffgranulatoren, Kunststoffzerkleinerer, Kunststoffwaschmaschinen und Kunststoffband-Schneidemaschinen. Wenn Sie eine Kunststoffrecyclingfabrik sind oder ein neues Recyclinggesch\u00e4ft starten m\u00f6chten, k\u00f6nnen Sie uns jederzeit kontaktieren. Wir werden eine komplette Kunststoffgranulierungs-L\u00f6sung f\u00fcr Sie anpassen.<\/p>    <figure class=\"wp-block-embed is-type-video is-provider-youtube wp-block-embed-youtube wp-embed-aspect-16-9 wp-has-aspect-ratio\"><div class=\"wp-block-embed__wrapper\"> <iframe loading=\"lazy\" title=\"Vom Abfall zum Pellet: Sehen Sie unsere Kunststoffgranuliermaschine in Aktion!\" width=\"500\" height=\"281\" src=\"https:\/\/www.youtube.com\/embed\/RyomHQQR0cQ?feature=oembed\" frameborder=\"0\" allow=\"accelerometer; autoplay; clipboard-write; encrypted-media; gyroscope; picture-in-picture; web-share\" referrerpolicy=\"strict-origin-when-cross-origin\" allowfullscreen><\/iframe> <\/div><\/figure>","protected":false},"excerpt":{"rendered":"<p>Plastic pelletizer is the last step of the pelletizing line, it will cut the long plastic strips into small pellets for subsequent packaging and sales. Application of Plastic Strip Cutting Machine It is suitable for plastic pelletizing machines after pulling strips, used for PVC, PP, LDPE, HDPE, LLDPE and other plastic pelletizing. Plastic pellet cutting [&hellip;]<\/p>\n","protected":false},"author":1,"featured_media":1224,"parent":0,"template":"","tags":[37],"product-type":[4],"class_list":["post-663","product","type-product","status-publish","has-post-thumbnail","hentry","tag-pelletizing","product-type-crushing-machine"],"_links":{"self":[{"href":"https:\/\/www.plasticgranularmachine.com\/de\/wp-json\/wp\/v2\/product\/663","targetHints":{"allow":["GET"]}}],"collection":[{"href":"https:\/\/www.plasticgranularmachine.com\/de\/wp-json\/wp\/v2\/product"}],"about":[{"href":"https:\/\/www.plasticgranularmachine.com\/de\/wp-json\/wp\/v2\/types\/product"}],"author":[{"embeddable":true,"href":"https:\/\/www.plasticgranularmachine.com\/de\/wp-json\/wp\/v2\/users\/1"}],"wp:featuredmedia":[{"embeddable":true,"href":"https:\/\/www.plasticgranularmachine.com\/de\/wp-json\/wp\/v2\/media\/1224"}],"wp:attachment":[{"href":"https:\/\/www.plasticgranularmachine.com\/de\/wp-json\/wp\/v2\/media?parent=663"}],"wp:term":[{"taxonomy":"post_tag","embeddable":true,"href":"https:\/\/www.plasticgranularmachine.com\/de\/wp-json\/wp\/v2\/tags?post=663"},{"taxonomy":"product-type","embeddable":true,"href":"https:\/\/www.plasticgranularmachine.com\/de\/wp-json\/wp\/v2\/product-type?post=663"}],"curies":[{"name":"wp","href":"https:\/\/api.w.org\/{rel}","templated":true}]}}