{"id":674,"date":"2023-12-18T17:36:14","date_gmt":"2023-12-18T09:36:14","guid":{"rendered":"https:\/\/www.plasticgranularmachine.com\/?post_type=product&#038;p=674"},"modified":"2025-01-06T09:43:22","modified_gmt":"2025-01-06T01:43:22","slug":"plastic-foam-granulator","status":"publish","type":"product","link":"https:\/\/www.plasticgranularmachine.com\/de\/product\/plastic-foam-granulator\/","title":{"rendered":"EPE-Kunststoffschaumgranulator"},"content":{"rendered":"<p>Der EPE-Kunststoffschaumgranulator wird speziell zur Verarbeitung des aus EPE hergestellten Schaums zu Granulat eingesetzt. Das fertige Kunststoffgranulat hat eine ordentliche Gr\u00f6\u00dfe und eine gleichm\u00e4\u00dfige Farbe und wurde vom Markt positiv bewertet.<\/p>   <div class=\"wp-block-image\"> <figure class=\"aligncenter size-full\"><img loading=\"lazy\" decoding=\"async\" width=\"720\" height=\"540\" src=\"https:\/\/www.plasticgranularmachine.com\/wp-content\/uploads\/2023\/12\/EPE-granulator-1.webp\" alt=\"EPE-Granulator\" class=\"wp-image-1254\" srcset=\"https:\/\/www.plasticgranularmachine.com\/wp-content\/uploads\/2023\/12\/EPE-granulator-1.webp 720w, https:\/\/www.plasticgranularmachine.com\/wp-content\/uploads\/2023\/12\/EPE-granulator-1-300x225.webp 300w, https:\/\/www.plasticgranularmachine.com\/wp-content\/uploads\/2023\/12\/EPE-granulator-1-16x12.webp 16w\" sizes=\"auto, (max-width: 720px) 100vw, 720px\" \/><figcaption class=\"wp-element-caption\">EPE-Granulator<\/figcaption><\/figure> <\/div>   <h2 class=\"wp-block-heading\">Vorteile der EPE-Schaum-Extrusionsmaschine<\/h2>    <ul class=\"wp-block-list\"> <li><strong>Breites Anwendungsspektrum:<\/strong> Ma\u00dfgeschneiderte EPE-Schaumgranulatoren k\u00f6nnen verschiedene Gr\u00f6\u00dfenordnungen der EPE-Pelletsproduktion effektiv abdecken.<\/li>    <li><strong>Einfach zu bedienen:<\/strong> Ausgestattet mit einem intelligenten Schrank kann es den Produktionsfortschritt in Echtzeit steuern und bei Stopp stoppen.<\/li>    <li><strong>Hohe Wirtschaftlichkeit:<\/strong> gute Qualit\u00e4t der fertigen Partikel, hoher wirtschaftlicher Wert, niedrige Wartungskosten des Pelletierers.<\/li> <\/ul>    <p>Die Vorteile der EPE-Extrusionsmaschine sind noch zahlreicher, lassen Sie uns gemeinsam weiter ihre Geheimnisse erkunden!<\/p>    <figure class=\"wp-block-gallery has-nested-images columns-default is-cropped wp-block-gallery-2 is-layout-flex wp-block-gallery-is-layout-flex\"> <figure class=\"wp-block-image size-large\"><img loading=\"lazy\" decoding=\"async\" width=\"720\" height=\"540\" data-id=\"1262\" src=\"https:\/\/www.plasticgranularmachine.com\/wp-content\/uploads\/2023\/12\/polystyrene-granuales-machine.webp\" alt=\"Polystyrol-Granulatmaschine\" class=\"wp-image-1262\" srcset=\"https:\/\/www.plasticgranularmachine.com\/wp-content\/uploads\/2023\/12\/polystyrene-granuales-machine.webp 720w, https:\/\/www.plasticgranularmachine.com\/wp-content\/uploads\/2023\/12\/polystyrene-granuales-machine-300x225.webp 300w, https:\/\/www.plasticgranularmachine.com\/wp-content\/uploads\/2023\/12\/polystyrene-granuales-machine-16x12.webp 16w\" sizes=\"auto, (max-width: 720px) 100vw, 720px\" \/><figcaption class=\"wp-element-caption\">Polystyrol-Granulatmaschine<\/figcaption><\/figure>    <figure class=\"wp-block-image size-full\"><img loading=\"lazy\" decoding=\"async\" width=\"720\" height=\"540\" data-id=\"1264\" src=\"https:\/\/www.plasticgranularmachine.com\/wp-content\/uploads\/2023\/12\/plastic-foam-granulator.webp\" alt=\"Kunststoffschaumgranulator\" class=\"wp-image-1264\" srcset=\"https:\/\/www.plasticgranularmachine.com\/wp-content\/uploads\/2023\/12\/plastic-foam-granulator.webp 720w, https:\/\/www.plasticgranularmachine.com\/wp-content\/uploads\/2023\/12\/plastic-foam-granulator-300x225.webp 300w, https:\/\/www.plasticgranularmachine.com\/wp-content\/uploads\/2023\/12\/plastic-foam-granulator-16x12.webp 16w\" sizes=\"auto, (max-width: 720px) 100vw, 720px\" \/><figcaption class=\"wp-element-caption\">Kunststoffschaumgranulator<\/figcaption><\/figure> <\/figure>    <h2 class=\"wp-block-heading\">Rohstoffe f\u00fcr Kunststoffschaumgranulatoren<\/h2>    <ul class=\"wp-block-list\"> <li>Verpackungsmaterial: EPE-Schaum wird h\u00e4ufig f\u00fcr Verpackungen verwendet, insbesondere f\u00fcr zerbrechliche Gegenst\u00e4nde wie elektronische Produkte, Glasprodukte, Keramik usw.<\/li>    <li>Isoliermaterial: Aufgrund seiner isolierenden Eigenschaften kann EPE-Schaum im Bau- und Ingenieurwesen als Isoliermaterial f\u00fcr D\u00e4cher, W\u00e4nde und andere Teile verwendet werden.<\/li>    <li>Verpackungsf\u00fcller: Wird als Paket- und F\u00fcllmaterial zum Bef\u00fcllen von Kartons und Paketartikeln sowie zum Schutz von Waren vor Transportsch\u00e4den verwendet.<\/li> <\/ul>    <figure class=\"wp-block-gallery has-nested-images columns-default is-cropped wp-block-gallery-3 is-layout-flex wp-block-gallery-is-layout-flex\"> <figure class=\"wp-block-image size-large\"><img loading=\"lazy\" decoding=\"async\" width=\"720\" height=\"540\" data-id=\"1257\" src=\"https:\/\/www.plasticgranularmachine.com\/wp-content\/uploads\/2023\/12\/styrofoam-packaging-peanuts.webp\" alt=\"Styropor-Verpackung von Erdn\u00fcssen\" class=\"wp-image-1257\" srcset=\"https:\/\/www.plasticgranularmachine.com\/wp-content\/uploads\/2023\/12\/styrofoam-packaging-peanuts.webp 720w, https:\/\/www.plasticgranularmachine.com\/wp-content\/uploads\/2023\/12\/styrofoam-packaging-peanuts-300x225.webp 300w, https:\/\/www.plasticgranularmachine.com\/wp-content\/uploads\/2023\/12\/styrofoam-packaging-peanuts-16x12.webp 16w\" sizes=\"auto, (max-width: 720px) 100vw, 720px\" \/><figcaption class=\"wp-element-caption\">Styropor-Verpackung von Erdn\u00fcssen<\/figcaption><\/figure>    <figure class=\"wp-block-image size-large\"><img loading=\"lazy\" decoding=\"async\" width=\"720\" height=\"540\" data-id=\"1255\" src=\"https:\/\/www.plasticgranularmachine.com\/wp-content\/uploads\/2023\/12\/epe-packaging.webp\" alt=\"Epe-Verpackung\" class=\"wp-image-1255\" srcset=\"https:\/\/www.plasticgranularmachine.com\/wp-content\/uploads\/2023\/12\/epe-packaging.webp 720w, https:\/\/www.plasticgranularmachine.com\/wp-content\/uploads\/2023\/12\/epe-packaging-300x225.webp 300w, https:\/\/www.plasticgranularmachine.com\/wp-content\/uploads\/2023\/12\/epe-packaging-16x12.webp 16w\" sizes=\"auto, (max-width: 720px) 100vw, 720px\" \/><figcaption class=\"wp-element-caption\">Epe-Verpackung<\/figcaption><\/figure>    <figure class=\"wp-block-image size-large\"><img loading=\"lazy\" decoding=\"async\" width=\"720\" height=\"540\" data-id=\"1256\" src=\"https:\/\/www.plasticgranularmachine.com\/wp-content\/uploads\/2023\/12\/polystyrene-materials.webp\" alt=\"Polystyrolmaterialien\" class=\"wp-image-1256\" srcset=\"https:\/\/www.plasticgranularmachine.com\/wp-content\/uploads\/2023\/12\/polystyrene-materials.webp 720w, https:\/\/www.plasticgranularmachine.com\/wp-content\/uploads\/2023\/12\/polystyrene-materials-300x225.webp 300w, https:\/\/www.plasticgranularmachine.com\/wp-content\/uploads\/2023\/12\/polystyrene-materials-16x12.webp 16w\" sizes=\"auto, (max-width: 720px) 100vw, 720px\" \/><figcaption class=\"wp-element-caption\">Polystyrolmaterialien<\/figcaption><\/figure> <\/figure>    <h2 class=\"wp-block-heading\">Endprodukte der EPE-Kunststoffschaumgranuliermaschine<\/h2>   <div class=\"wp-block-image\"> <figure class=\"aligncenter size-large\"><img loading=\"lazy\" decoding=\"async\" width=\"540\" height=\"720\" src=\"https:\/\/www.plasticgranularmachine.com\/wp-content\/uploads\/2023\/12\/epe-foam-granules.webp\" alt=\"Epe-Schaumgranulat\" class=\"wp-image-1258\" srcset=\"https:\/\/www.plasticgranularmachine.com\/wp-content\/uploads\/2023\/12\/epe-foam-granules.webp 540w, https:\/\/www.plasticgranularmachine.com\/wp-content\/uploads\/2023\/12\/epe-foam-granules-225x300.webp 225w, https:\/\/www.plasticgranularmachine.com\/wp-content\/uploads\/2023\/12\/epe-foam-granules-9x12.webp 9w\" sizes=\"auto, (max-width: 540px) 100vw, 540px\" \/><figcaption class=\"wp-element-caption\">Epe-Schaumgranulat<\/figcaption><\/figure> <\/div>   <p>Unsere Kunststoffschaumgranulatoren k\u00f6nnen selbst unter rauen Produktionsumgebungen stabil hochwertige Kunststoffpellets produzieren. Die Endprodukte k\u00f6nnen zur Herstellung neuer Kunststoffprodukte verwendet werden und haben einen hohen wirtschaftlichen Wert.<\/p>    <h2 class=\"wp-block-heading\">Funktionsprinzip der EPE-Granulatormaschine<\/h2>    <p>Zerkleinerung: Sobald der Schaum in die EPE-Granulatormaschine gelangt, durchl\u00e4uft er zun\u00e4chst ein Zerkleinerungssystem. Dieser Schritt dient dazu, gro\u00dfe Schaummaterialst\u00fccke f\u00fcr die sp\u00e4tere Verarbeitung in kleinere St\u00fccke zu zerkleinern.<\/p>    <p>Erhitzen und Schmelzen: Die zerkleinerten Schaumstoffbl\u00f6cke werden durch ein Heizsystem geleitet, das sie in einen fl\u00fcssigen Zustand schmilzt. Dieser Schritt tr\u00e4gt dazu bei, die physikalischen Eigenschaften des Schaumstoffmaterials zu ver\u00e4ndern und so die Verarbeitung zu erleichtern.<\/p>    <p>Extrusion: Das teilweise geschmolzene Schaummaterial wird der Extrusionsanlage zugef\u00fchrt und schlie\u00dflich von der D\u00fcse in Streifen extrudiert.<\/p>   <div class=\"wp-block-image\"> <figure class=\"aligncenter size-full\"><img loading=\"lazy\" decoding=\"async\" width=\"720\" height=\"540\" src=\"https:\/\/www.plasticgranularmachine.com\/wp-content\/uploads\/2023\/12\/epe-foam-extruder.webp\" alt=\"Epe-Schaumextruder\" class=\"wp-image-1259\" srcset=\"https:\/\/www.plasticgranularmachine.com\/wp-content\/uploads\/2023\/12\/epe-foam-extruder.webp 720w, https:\/\/www.plasticgranularmachine.com\/wp-content\/uploads\/2023\/12\/epe-foam-extruder-300x225.webp 300w, https:\/\/www.plasticgranularmachine.com\/wp-content\/uploads\/2023\/12\/epe-foam-extruder-16x12.webp 16w\" sizes=\"auto, (max-width: 720px) 100vw, 720px\" \/><figcaption class=\"wp-element-caption\">Epe-Schaumextruder<\/figcaption><\/figure> <\/div>   <p>K\u00fchlung: Der Kunststoffstreifen durchl\u00e4uft einen K\u00fchltank, um seine Temperatur zu senken und so die Stabilit\u00e4t und Aush\u00e4rtung des Kunststoffs zu gew\u00e4hrleisten.<\/p>    <p>Schneiden: Der abgek\u00fchlte Kunststoffstreifen durchl\u00e4uft einen Pelletierer, wo er in die gew\u00fcnschte Pelletl\u00e4nge geschnitten wird.<\/p>   <div class=\"wp-block-image\"> <figure class=\"aligncenter size-full\"><img loading=\"lazy\" decoding=\"async\" width=\"720\" height=\"540\" src=\"https:\/\/www.plasticgranularmachine.com\/wp-content\/uploads\/2023\/12\/EPE-Foam-Machines.webp\" alt=\"EPE-Schaummaschinen\" class=\"wp-image-1260\" srcset=\"https:\/\/www.plasticgranularmachine.com\/wp-content\/uploads\/2023\/12\/EPE-Foam-Machines.webp 720w, https:\/\/www.plasticgranularmachine.com\/wp-content\/uploads\/2023\/12\/EPE-Foam-Machines-300x225.webp 300w, https:\/\/www.plasticgranularmachine.com\/wp-content\/uploads\/2023\/12\/EPE-Foam-Machines-16x12.webp 16w\" sizes=\"auto, (max-width: 720px) 100vw, 720px\" \/><figcaption class=\"wp-element-caption\">EPE-Schaummaschinen<\/figcaption><\/figure> <\/div>   <h2 class=\"wp-block-heading\">Arbeitsvideo einer Kunststoffschaum-Pelletiermaschine<\/h2>    <figure class=\"wp-block-embed is-type-video is-provider-youtube wp-block-embed-youtube wp-embed-aspect-16-9 wp-has-aspect-ratio\"><div class=\"wp-block-embed__wrapper\"> <iframe loading=\"lazy\" title=\"EPE-Kunststoffschaum-Recycling-Granuliermaschine | Produktionslinie f\u00fcr EPE-Granulat\" width=\"500\" height=\"281\" src=\"https:\/\/www.youtube.com\/embed\/7o_JFLpl5F4?start=11&#038;feature=oembed\" frameborder=\"0\" allow=\"accelerometer; autoplay; clipboard-write; encrypted-media; gyroscope; picture-in-picture; web-share\" referrerpolicy=\"strict-origin-when-cross-origin\" allowfullscreen><\/iframe> <\/div><\/figure>    <p class=\"translation-block\">Dieses Video zeigt, wie ein EPE Kunststoffschaumgranulator in der kompletten <a href=\"https:\/\/www.plasticgranularmachine.com\/de\/product\/eps-recycling-machine\/\" data-type=\"link\" data-id=\"https:\/\/www.plasticgranularmachine.com\/product\/eps-recycling-machine\/\"><em>Styroporrecyclinglinie<\/em><\/a> funktioniert. Dieser Styropor-Pelletizer verwandelt sperrigen Abfall in hochwertige recycelte Pellets und macht einen guten Job!<\/p>    <h2 class=\"wp-block-heading\">Zusammenfassend<\/h2>    <p>Wenn Sie Fragen zum EPE-Recycling haben oder Maschinen zur Herstellung von Schaumstoffpellets ben\u00f6tigen, z\u00f6gern Sie bitte nicht, uns zu kontaktieren. Die breite Anwendbarkeit und die gro\u00dfe Kapazit\u00e4t unserer Maschinen zur Pelletierung von Schaumstoff machen sie f\u00fcr alle Produktionsgr\u00f6\u00dfen geeignet. Wenn Sie spezielle Anforderungen haben, k\u00f6nnen wir auch ma\u00dfgeschneiderte Maschinen anbieten.<\/p>","protected":false},"excerpt":{"rendered":"<p>Der EPE-Kunststoffschaumgranulator wurde speziell zum Mahlen von EPE-Schaum zu recyceltem Granulat mit hohem Wert entwickelt.<\/p>","protected":false},"author":1,"featured_media":1253,"parent":0,"template":"","tags":[18,33],"product-type":[5],"class_list":["post-674","product","type-product","status-publish","has-post-thumbnail","hentry","tag-pelletizing-machine","tag-styrofoam-recycling","product-type-plastic-pelletizer"],"_links":{"self":[{"href":"https:\/\/www.plasticgranularmachine.com\/de\/wp-json\/wp\/v2\/product\/674","targetHints":{"allow":["GET"]}}],"collection":[{"href":"https:\/\/www.plasticgranularmachine.com\/de\/wp-json\/wp\/v2\/product"}],"about":[{"href":"https:\/\/www.plasticgranularmachine.com\/de\/wp-json\/wp\/v2\/types\/product"}],"author":[{"embeddable":true,"href":"https:\/\/www.plasticgranularmachine.com\/de\/wp-json\/wp\/v2\/users\/1"}],"wp:featuredmedia":[{"embeddable":true,"href":"https:\/\/www.plasticgranularmachine.com\/de\/wp-json\/wp\/v2\/media\/1253"}],"wp:attachment":[{"href":"https:\/\/www.plasticgranularmachine.com\/de\/wp-json\/wp\/v2\/media?parent=674"}],"wp:term":[{"taxonomy":"post_tag","embeddable":true,"href":"https:\/\/www.plasticgranularmachine.com\/de\/wp-json\/wp\/v2\/tags?post=674"},{"taxonomy":"product-type","embeddable":true,"href":"https:\/\/www.plasticgranularmachine.com\/de\/wp-json\/wp\/v2\/product-type?post=674"}],"curies":[{"name":"wp","href":"https:\/\/api.w.org\/{rel}","templated":true}]}}