{"id":682,"date":"2023-12-20T11:02:23","date_gmt":"2023-12-20T03:02:23","guid":{"rendered":"https:\/\/www.plasticgranularmachine.com\/?post_type=product&#038;p=682"},"modified":"2025-01-06T10:01:40","modified_gmt":"2025-01-06T02:01:40","slug":"storage-bin-for-plastic-pellets","status":"publish","type":"product","link":"https:\/\/www.plasticgranularmachine.com\/de\/product\/storage-bin-for-plastic-pellets\/","title":{"rendered":"Vorratsbeh\u00e4lter f\u00fcr Kunststoffpellets"},"content":{"rendered":"<p>Ein effizienter Lagerbeh\u00e4lter f\u00fcr Kunststoffpellets ist eine eigenst\u00e4ndige Ausr\u00fcstung f\u00fcr eine Recyclingfabrik. Das Endprodukt der Produktionslinie f\u00fcr Kunststoffpellets muss ordnungsgem\u00e4\u00df gelagert werden. Wenn Sie also Kunststoffrecycler sind, kontaktieren Sie uns bitte!<\/p>    <h2 class=\"wp-block-heading\">Produktionsanlage f\u00fcr Kunststoff-Pellet-Lagerbeh\u00e4lter<\/h2>    <figure class=\"wp-block-embed is-type-video is-provider-youtube wp-block-embed-youtube wp-embed-aspect-16-9 wp-has-aspect-ratio\"><div class=\"wp-block-embed__wrapper\"> <iframe loading=\"lazy\" title=\"Anpassbare Lagersilos f\u00fcr Kunststoffgranulat in einer Kunststoffrecyclingfabrik\" width=\"500\" height=\"281\" src=\"https:\/\/www.youtube.com\/embed\/mWDMYbnqnXE?start=2&#038;feature=oembed\" frameborder=\"0\" allow=\"accelerometer; autoplay; clipboard-write; encrypted-media; gyroscope; picture-in-picture; web-share\" referrerpolicy=\"strict-origin-when-cross-origin\" allowfullscreen><\/iframe> <\/div><\/figure>    <h2 class=\"wp-block-heading\">Merkmale des Pelletsilos aus Kunststoff<\/h2>    <p>Materialauswahl: Silos f\u00fcr Kunststoffpellets bestehen in der Regel aus abrieb- und korrosionsbest\u00e4ndigem Edelstahl, um sicherzustellen, dass es zu keiner Verunreinigung der gelagerten Kunststoffpellets kommt und diese langlebig sind.<\/p>    <p>Feuchtigkeitsbest\u00e4ndiges Design: Die Silos sind mit einer feuchtigkeitsbest\u00e4ndigen Funktion ausgestattet, die verhindert, dass Feuchtigkeit die Pellets beeintr\u00e4chtigt und die Qualit\u00e4t der Pellets erh\u00e4lt.<\/p>    <p class=\"translation-block\">Kundenspezifische Kapazit\u00e4t: Die Kapazit\u00e4t des Silos kann entsprechend der Produktionsnachfrage angepasst werden, in der Regel mit verschiedenen Spezifikationen wie 1 Tonne, 5 Tonnen, 10 Tonnen usw., um sich an verschiedene Skalen der <strong><a href=\"https:\/\/www.plasticgranularmachine.com\/de\/product\/plastic-film-recycling-line\/\" data-type=\"link\" data-id=\"https:\/\/www.plasticgranularmachine.com\/product\/plastic-film-recycling-line\/\">Kunststoffgranulatproduktion<\/a><\/strong> anzupassen.<\/p>    <p>Sicherheitsdesign: Silos werden unter Ber\u00fccksichtigung der Sicherheit des Bedieners konstruiert und verwendet und k\u00f6nnen Designs zur Verhinderung des Abladens von Pellets und entsprechende Sicherheitsma\u00dfnahmen umfassen.<\/p>    <h2 class=\"wp-block-heading\">Zus\u00e4tzliche Bilder des Lagerbeh\u00e4lters f\u00fcr Kunststoffpellets im Werk<\/h2>    <figure class=\"wp-block-gallery has-nested-images columns-default is-cropped wp-block-gallery-2 is-layout-flex wp-block-gallery-is-layout-flex\"> <figure class=\"wp-block-image size-large\"><img loading=\"lazy\" decoding=\"async\" width=\"540\" height=\"720\" data-id=\"688\" src=\"https:\/\/www.plasticgranularmachine.com\/wp-content\/uploads\/2023\/12\/plastic-stock-bin.webp\" alt=\"\" class=\"wp-image-688\" srcset=\"https:\/\/www.plasticgranularmachine.com\/wp-content\/uploads\/2023\/12\/plastic-stock-bin.webp 540w, https:\/\/www.plasticgranularmachine.com\/wp-content\/uploads\/2023\/12\/plastic-stock-bin-225x300.webp 225w\" sizes=\"auto, (max-width: 540px) 100vw, 540px\" \/><\/figure>    <figure class=\"wp-block-image size-large\"><img loading=\"lazy\" decoding=\"async\" width=\"540\" height=\"720\" data-id=\"691\" src=\"https:\/\/www.plasticgranularmachine.com\/wp-content\/uploads\/2023\/12\/silo.webp\" alt=\"Vorratsbeh\u00e4lter f\u00fcr Kunststoffpellets\" class=\"wp-image-691\" srcset=\"https:\/\/www.plasticgranularmachine.com\/wp-content\/uploads\/2023\/12\/silo.webp 540w, https:\/\/www.plasticgranularmachine.com\/wp-content\/uploads\/2023\/12\/silo-225x300.webp 225w\" sizes=\"auto, (max-width: 540px) 100vw, 540px\" \/><\/figure> <\/figure>    <figure class=\"wp-block-gallery has-nested-images columns-default is-cropped wp-block-gallery-3 is-layout-flex wp-block-gallery-is-layout-flex\"> <figure class=\"wp-block-image size-large\"><img loading=\"lazy\" decoding=\"async\" width=\"540\" height=\"720\" data-id=\"687\" src=\"https:\/\/www.plasticgranularmachine.com\/wp-content\/uploads\/2023\/12\/plastic-pellet-silo.webp\" alt=\"\" class=\"wp-image-687\" srcset=\"https:\/\/www.plasticgranularmachine.com\/wp-content\/uploads\/2023\/12\/plastic-pellet-silo.webp 540w, https:\/\/www.plasticgranularmachine.com\/wp-content\/uploads\/2023\/12\/plastic-pellet-silo-225x300.webp 225w\" sizes=\"auto, (max-width: 540px) 100vw, 540px\" \/><\/figure>    <figure class=\"wp-block-image size-full\"><img loading=\"lazy\" decoding=\"async\" width=\"540\" height=\"720\" data-id=\"685\" src=\"https:\/\/www.plasticgranularmachine.com\/wp-content\/uploads\/2023\/12\/plastic-granule-silo.webp\" alt=\"\" class=\"wp-image-685\" srcset=\"https:\/\/www.plasticgranularmachine.com\/wp-content\/uploads\/2023\/12\/plastic-granule-silo.webp 540w, https:\/\/www.plasticgranularmachine.com\/wp-content\/uploads\/2023\/12\/plastic-granule-silo-225x300.webp 225w\" sizes=\"auto, (max-width: 540px) 100vw, 540px\" \/><\/figure> <\/figure>    <h2 class=\"wp-block-heading\">Parameter des Lagersilos f\u00fcr Kunststoffgranulate<\/h2>    <figure class=\"wp-block-table\"><table><tbody><tr><td>Material<\/td><td>Edelstahl 304<\/td><\/tr><tr><td>Volumen<\/td><td>1ton-30ton<\/td><\/tr><tr><td>H\u00f6he<\/td><td>angepasst an die Lautst\u00e4rke, die Sie ben\u00f6tigen<\/td><\/tr><tr><td>Durchmesser<\/td><td>angepasst an die Lautst\u00e4rke, die Sie ben\u00f6tigen<\/td><\/tr><\/tbody><\/table><\/figure>","protected":false},"excerpt":{"rendered":"<p>Efficient storage bin for plastic pellets is an independent equipment for a recycling factory. The final product of the plastic pellet production line needs to be stored properly therefore, if you are a plastic recycler, please contact us! Plastic pellet storage bin manufacturing plant Features of plastic pellet stock silo Material selection: Silos for plastic [&hellip;]<\/p>\n","protected":false},"author":1,"featured_media":1310,"parent":0,"template":"","tags":[37],"product-type":[32],"class_list":["post-682","product","type-product","status-publish","has-post-thumbnail","hentry","tag-pelletizing","product-type-plastic-baler"],"_links":{"self":[{"href":"https:\/\/www.plasticgranularmachine.com\/de\/wp-json\/wp\/v2\/product\/682","targetHints":{"allow":["GET"]}}],"collection":[{"href":"https:\/\/www.plasticgranularmachine.com\/de\/wp-json\/wp\/v2\/product"}],"about":[{"href":"https:\/\/www.plasticgranularmachine.com\/de\/wp-json\/wp\/v2\/types\/product"}],"author":[{"embeddable":true,"href":"https:\/\/www.plasticgranularmachine.com\/de\/wp-json\/wp\/v2\/users\/1"}],"wp:featuredmedia":[{"embeddable":true,"href":"https:\/\/www.plasticgranularmachine.com\/de\/wp-json\/wp\/v2\/media\/1310"}],"wp:attachment":[{"href":"https:\/\/www.plasticgranularmachine.com\/de\/wp-json\/wp\/v2\/media?parent=682"}],"wp:term":[{"taxonomy":"post_tag","embeddable":true,"href":"https:\/\/www.plasticgranularmachine.com\/de\/wp-json\/wp\/v2\/tags?post=682"},{"taxonomy":"product-type","embeddable":true,"href":"https:\/\/www.plasticgranularmachine.com\/de\/wp-json\/wp\/v2\/product-type?post=682"}],"curies":[{"name":"wp","href":"https:\/\/api.w.org\/{rel}","templated":true}]}}