{"id":722,"date":"2023-12-25T11:18:27","date_gmt":"2023-12-25T03:18:27","guid":{"rendered":"https:\/\/www.plasticgranularmachine.com\/?post_type=product&#038;p=722"},"modified":"2025-01-06T10:01:51","modified_gmt":"2025-01-06T02:01:51","slug":"strand-cooling-bath","status":"publish","type":"product","link":"https:\/\/www.plasticgranularmachine.com\/de\/product\/strand-cooling-bath\/","title":{"rendered":"Strangk\u00fchlbad f\u00fcr die Pelletierung von Kunststoffen"},"content":{"rendered":"<p>Das Strangk\u00fchlbad von Efficient Machinery spielt eine Schl\u00fcsselrolle beim K\u00fchlen und Aush\u00e4rten des Kunststoffrecycling- und Pelletierungsprozesses. Unsere nach Saudi-Arabien, S\u00fcdafrika, Nigeria und in andere L\u00e4nder exportierten Kunststoffgranulatoren sind mit Wasserk\u00fchltanks ausgestattet.<\/p>   <div class=\"wp-block-image\"> <figure class=\"aligncenter size-full\"><img loading=\"lazy\" decoding=\"async\" width=\"720\" height=\"540\" src=\"https:\/\/www.plasticgranularmachine.com\/wp-content\/uploads\/2023\/12\/plastic-pelletizing-machines.webp\" alt=\"Pelletiermaschinen f\u00fcr Kunststoffe\" class=\"wp-image-1272\" srcset=\"https:\/\/www.plasticgranularmachine.com\/wp-content\/uploads\/2023\/12\/plastic-pelletizing-machines.webp 720w, https:\/\/www.plasticgranularmachine.com\/wp-content\/uploads\/2023\/12\/plastic-pelletizing-machines-300x225.webp 300w, https:\/\/www.plasticgranularmachine.com\/wp-content\/uploads\/2023\/12\/plastic-pelletizing-machines-16x12.webp 16w\" sizes=\"auto, (max-width: 720px) 100vw, 720px\" \/><figcaption class=\"wp-element-caption\">Pelletiermaschinen f\u00fcr Kunststoffe<\/figcaption><\/figure> <\/div>   <h2 class=\"wp-block-heading\">Verwendung eines Strangk\u00fchlbades f\u00fcr die Pelletierung von Kunststoffen<\/h2>    <figure class=\"wp-block-gallery has-nested-images columns-default is-cropped wp-block-gallery-2 is-layout-flex wp-block-gallery-is-layout-flex\"> <figure class=\"wp-block-image size-large\"><img loading=\"lazy\" decoding=\"async\" width=\"720\" height=\"540\" data-id=\"1274\" src=\"https:\/\/www.plasticgranularmachine.com\/wp-content\/uploads\/2023\/12\/water-cooling-tank-for-plastic.webp\" alt=\"Wasserk\u00fchltank f\u00fcr Kunststoff\" class=\"wp-image-1274\" srcset=\"https:\/\/www.plasticgranularmachine.com\/wp-content\/uploads\/2023\/12\/water-cooling-tank-for-plastic.webp 720w, https:\/\/www.plasticgranularmachine.com\/wp-content\/uploads\/2023\/12\/water-cooling-tank-for-plastic-300x225.webp 300w, https:\/\/www.plasticgranularmachine.com\/wp-content\/uploads\/2023\/12\/water-cooling-tank-for-plastic-16x12.webp 16w\" sizes=\"auto, (max-width: 720px) 100vw, 720px\" \/><figcaption class=\"wp-element-caption\">Wasserk\u00fchltank f\u00fcr Kunststoff<\/figcaption><\/figure>    <figure class=\"wp-block-image size-large\"><img loading=\"lazy\" decoding=\"async\" width=\"720\" height=\"540\" data-id=\"1273\" src=\"https:\/\/www.plasticgranularmachine.com\/wp-content\/uploads\/2023\/12\/strand-cooling-bath.webp\" alt=\"Strangk\u00fchlbad\" class=\"wp-image-1273\" srcset=\"https:\/\/www.plasticgranularmachine.com\/wp-content\/uploads\/2023\/12\/strand-cooling-bath.webp 720w, https:\/\/www.plasticgranularmachine.com\/wp-content\/uploads\/2023\/12\/strand-cooling-bath-300x225.webp 300w, https:\/\/www.plasticgranularmachine.com\/wp-content\/uploads\/2023\/12\/strand-cooling-bath-16x12.webp 16w\" sizes=\"auto, (max-width: 720px) 100vw, 720px\" \/><figcaption class=\"wp-element-caption\">Strangk\u00fchlbad<\/figcaption><\/figure> <\/figure>    <p>Die aus der Granuliermaschine extrudierten Kunststoffstr\u00e4nge sind bei der ersten Herstellung sehr hei\u00df und m\u00fcssen in einem Strangk\u00fchlbad schnell abgek\u00fchlt werden. Durch die niedrige Temperatur h\u00e4rtet der Kunststoff zudem schnell aus, was dazu beitr\u00e4gt, dass der Streifen seine Form f\u00fcr den anschlie\u00dfenden Schneidvorgang beh\u00e4lt.<\/p>   <div class=\"wp-block-image\"> <figure class=\"aligncenter size-full\"><img loading=\"lazy\" decoding=\"async\" width=\"540\" height=\"720\" src=\"https:\/\/www.plasticgranularmachine.com\/wp-content\/uploads\/2023\/12\/strand-cooling-bath-working-for-plastic-granulation.webp\" alt=\"Strangk\u00fchlbad zur Kunststoffgranulierung\" class=\"wp-image-1276\" srcset=\"https:\/\/www.plasticgranularmachine.com\/wp-content\/uploads\/2023\/12\/strand-cooling-bath-working-for-plastic-granulation.webp 540w, https:\/\/www.plasticgranularmachine.com\/wp-content\/uploads\/2023\/12\/strand-cooling-bath-working-for-plastic-granulation-225x300.webp 225w, https:\/\/www.plasticgranularmachine.com\/wp-content\/uploads\/2023\/12\/strand-cooling-bath-working-for-plastic-granulation-9x12.webp 9w\" sizes=\"auto, (max-width: 540px) 100vw, 540px\" \/><figcaption class=\"wp-element-caption\">Strangk\u00fchlbad zur Kunststoffgranulierung<\/figcaption><\/figure> <\/div>   <h2 class=\"wp-block-heading\">Vorteile des Wasserbades zum K\u00fchlen von Kunststoffstr\u00e4ngen <\/h2>    <p>Edelstahl: Das Wasserbad zum K\u00fchlen von Kunststoffstr\u00e4ngen besteht aus Edelstahl. Die Eigenschaften von Edelstahl sorgen daf\u00fcr, dass der K\u00fchltank in einer nassen Umgebung ein hohes Ma\u00df an Haltbarkeit aufrechterhalten kann, wodurch die Lebensdauer verl\u00e4ngert wird.<\/p>    <p class=\"translation-block\">Abgestimmte Spezifikationen: Das K\u00fchlwasserbad ist perfekt auf den <strong><a href=\"https:\/\/www.plasticgranularmachine.com\/de\/product\/plastic-film-granulator\/\" data-type=\"link\" data-id=\"https:\/\/www.plasticgranularmachine.com\/product\/plastic-film-granulator\/\">Kunststoffgranulator<\/a><\/strong> abgestimmt. Dadurch wird sichergestellt, dass die Gr\u00f6\u00dfe der Wanne an die Kapazit\u00e4t des Granulators angepasst ist und Engp\u00e4sse im Produktionsprozess vermieden werden.<\/p>    <figure class=\"wp-block-gallery aligncenter has-nested-images columns-default is-cropped wp-block-gallery-3 is-layout-flex wp-block-gallery-is-layout-flex\"> <figure class=\"wp-block-image size-full\"><img loading=\"lazy\" decoding=\"async\" width=\"720\" height=\"540\" data-id=\"1275\" src=\"https:\/\/www.plasticgranularmachine.com\/wp-content\/uploads\/2023\/12\/extrusion-cooling-tank-for-plastic.webp\" alt=\"Extrusionsk\u00fchltank f\u00fcr Kunststoff\" class=\"wp-image-1275\" srcset=\"https:\/\/www.plasticgranularmachine.com\/wp-content\/uploads\/2023\/12\/extrusion-cooling-tank-for-plastic.webp 720w, https:\/\/www.plasticgranularmachine.com\/wp-content\/uploads\/2023\/12\/extrusion-cooling-tank-for-plastic-300x225.webp 300w, https:\/\/www.plasticgranularmachine.com\/wp-content\/uploads\/2023\/12\/extrusion-cooling-tank-for-plastic-16x12.webp 16w\" sizes=\"auto, (max-width: 720px) 100vw, 720px\" \/><figcaption class=\"wp-element-caption\">Extrusionsk\u00fchltank f\u00fcr Kunststoff<\/figcaption><\/figure>    <figure class=\"wp-block-image size-full\"><img loading=\"lazy\" decoding=\"async\" width=\"720\" height=\"540\" data-id=\"1277\" src=\"https:\/\/www.plasticgranularmachine.com\/wp-content\/uploads\/2023\/12\/plastic-granules-making-machines.webp\" alt=\"Maschinen zur Herstellung von Kunststoffgranulat\" class=\"wp-image-1277\" srcset=\"https:\/\/www.plasticgranularmachine.com\/wp-content\/uploads\/2023\/12\/plastic-granules-making-machines.webp 720w, https:\/\/www.plasticgranularmachine.com\/wp-content\/uploads\/2023\/12\/plastic-granules-making-machines-300x225.webp 300w, https:\/\/www.plasticgranularmachine.com\/wp-content\/uploads\/2023\/12\/plastic-granules-making-machines-16x12.webp 16w\" sizes=\"auto, (max-width: 720px) 100vw, 720px\" \/><figcaption class=\"wp-element-caption\">Maschinen zur Herstellung von Kunststoffgranulat<\/figcaption><\/figure> <\/figure>    <h2 class=\"wp-block-heading\">Integration der Kunststoffrecycling-Pelletierlinie<\/h2>    <p class=\"translation-block\">K\u00fchltanks sind normalerweise mit anderen Granulierger\u00e4ten wie Kunststoffgranulatoren und Schneidemaschinen verbunden, um den integrierten Betrieb der gesamten <strong><a href=\"https:\/\/www.plasticgranularmachine.com\/de\/product\/plastic-granulating-line\/\" data-type=\"link\" data-id=\"https:\/\/www.plasticgranularmachine.com\/product\/plastic-granulating-line\/\">Kunststoff-Granulier-Recyclinglinie<\/a><\/strong> zu realisieren, was die Produktionseffizienz und die Bedienungsfreundlichkeit verbessert.<\/p>    <figure class=\"wp-block-gallery aligncenter has-nested-images columns-default is-cropped wp-block-gallery-4 is-layout-flex wp-block-gallery-is-layout-flex\"> <figure class=\"wp-block-image size-full\"><img loading=\"lazy\" decoding=\"async\" width=\"720\" height=\"540\" data-id=\"1280\" src=\"https:\/\/www.plasticgranularmachine.com\/wp-content\/uploads\/2023\/12\/extrusion-cooling-tank-plastic-.webp\" alt=\"Verwendung von Extrusionsk\u00fchltanks in der Pelletierlinie\" class=\"wp-image-1280\" srcset=\"https:\/\/www.plasticgranularmachine.com\/wp-content\/uploads\/2023\/12\/extrusion-cooling-tank-plastic-.webp 720w, https:\/\/www.plasticgranularmachine.com\/wp-content\/uploads\/2023\/12\/extrusion-cooling-tank-plastic--300x225.webp 300w, https:\/\/www.plasticgranularmachine.com\/wp-content\/uploads\/2023\/12\/extrusion-cooling-tank-plastic--16x12.webp 16w\" sizes=\"auto, (max-width: 720px) 100vw, 720px\" \/><figcaption class=\"wp-element-caption\">Verwendung von Extrusionsk\u00fchltanks in der Pelletierlinie<\/figcaption><\/figure>    <figure class=\"wp-block-image size-full\"><img loading=\"lazy\" decoding=\"async\" width=\"720\" height=\"540\" data-id=\"1278\" src=\"https:\/\/www.plasticgranularmachine.com\/wp-content\/uploads\/2023\/12\/water-cooling-tank-in-a-pelletizing-line.webp\" alt=\"Wasserk\u00fchltank in einer Pelletierlinie\" class=\"wp-image-1278\" srcset=\"https:\/\/www.plasticgranularmachine.com\/wp-content\/uploads\/2023\/12\/water-cooling-tank-in-a-pelletizing-line.webp 720w, https:\/\/www.plasticgranularmachine.com\/wp-content\/uploads\/2023\/12\/water-cooling-tank-in-a-pelletizing-line-300x225.webp 300w, https:\/\/www.plasticgranularmachine.com\/wp-content\/uploads\/2023\/12\/water-cooling-tank-in-a-pelletizing-line-16x12.webp 16w\" sizes=\"auto, (max-width: 720px) 100vw, 720px\" \/><figcaption class=\"wp-element-caption\">Wasserk\u00fchltank in einer Pelletierlinie<\/figcaption><\/figure> <\/figure>","protected":false},"excerpt":{"rendered":"<p>Strangk\u00fchlb\u00e4der spielen in Kunststoffgranulieranlagen eine wichtige Rolle, um die Verfestigung und K\u00fchlung der geschmolzenen extrudierten Kunststofffolie zu unterst\u00fctzen.<\/p>","protected":false},"author":1,"featured_media":1447,"parent":0,"template":"","tags":[37],"product-type":[32],"class_list":["post-722","product","type-product","status-publish","has-post-thumbnail","hentry","tag-pelletizing","product-type-plastic-baler"],"_links":{"self":[{"href":"https:\/\/www.plasticgranularmachine.com\/de\/wp-json\/wp\/v2\/product\/722","targetHints":{"allow":["GET"]}}],"collection":[{"href":"https:\/\/www.plasticgranularmachine.com\/de\/wp-json\/wp\/v2\/product"}],"about":[{"href":"https:\/\/www.plasticgranularmachine.com\/de\/wp-json\/wp\/v2\/types\/product"}],"author":[{"embeddable":true,"href":"https:\/\/www.plasticgranularmachine.com\/de\/wp-json\/wp\/v2\/users\/1"}],"wp:featuredmedia":[{"embeddable":true,"href":"https:\/\/www.plasticgranularmachine.com\/de\/wp-json\/wp\/v2\/media\/1447"}],"wp:attachment":[{"href":"https:\/\/www.plasticgranularmachine.com\/de\/wp-json\/wp\/v2\/media?parent=722"}],"wp:term":[{"taxonomy":"post_tag","embeddable":true,"href":"https:\/\/www.plasticgranularmachine.com\/de\/wp-json\/wp\/v2\/tags?post=722"},{"taxonomy":"product-type","embeddable":true,"href":"https:\/\/www.plasticgranularmachine.com\/de\/wp-json\/wp\/v2\/product-type?post=722"}],"curies":[{"name":"wp","href":"https:\/\/api.w.org\/{rel}","templated":true}]}}