{"id":921,"date":"2024-10-16T14:52:42","date_gmt":"2024-10-16T06:52:42","guid":{"rendered":"https:\/\/www.plasticgranularmachine.com\/?post_type=product&#038;p=921"},"modified":"2025-07-08T09:24:11","modified_gmt":"2025-07-08T01:24:11","slug":"hard-plastic-shredder","status":"publish","type":"product","link":"https:\/\/www.plasticgranularmachine.com\/de\/product\/hard-plastic-shredder\/","title":{"rendered":"Hartplastik-Aktenvernichter | PP PE HDPE usw. Hartplastik-Zerkleinerungsmaschine"},"content":{"rendered":"<p>Hartplastik-Zerkleinerer, eine entscheidende Komponente in Kunststoffrecyclinglinien f\u00fcr PP, PE, HDPE, LDPE usw. Er wurde speziell entwickelt, um Hartkunststoffe f\u00fcr nachfolgende Recyclingprozesse in kleinere St\u00fccke zu zerkleinern und so die Recyclingeffizienz zu verbessern. <\/p>   <div class=\"wp-block-image\"> <figure class=\"aligncenter size-full\"><img loading=\"lazy\" decoding=\"async\" width=\"720\" height=\"540\" src=\"https:\/\/www.plasticgranularmachine.com\/wp-content\/uploads\/2024\/10\/hard-plastic-shredder-machine-1.webp\" alt=\"Hartplastische Shredder -Maschine\" class=\"wp-image-1606\" srcset=\"https:\/\/www.plasticgranularmachine.com\/wp-content\/uploads\/2024\/10\/hard-plastic-shredder-machine-1.webp 720w, https:\/\/www.plasticgranularmachine.com\/wp-content\/uploads\/2024\/10\/hard-plastic-shredder-machine-1-300x225.webp 300w, https:\/\/www.plasticgranularmachine.com\/wp-content\/uploads\/2024\/10\/hard-plastic-shredder-machine-1-16x12.webp 16w\" sizes=\"auto, (max-width: 720px) 100vw, 720px\" \/><figcaption class=\"wp-element-caption\">Hartplastische Shredder -Maschine<\/figcaption><\/figure> <\/div>   <h2 class=\"wp-block-heading\">Hauptmerkmale des effizienten Hartplastik-Zerkleinerers<\/h2>    <ul class=\"wp-block-list\"> <li>Es stehen verschiedene Messer zur Verf\u00fcgung, darunter Blumen-, Flach-, Schneidemesser usw., die aus hochwertigem Edelstahl gefertigt sind und scharf und langlebig sind.<\/li>    <li>Hochwertiges Edelstahlmaterial, hinterl\u00e4sst keine Flecken, klebt nicht, leicht zu reinigen, einstellbarer Abstand und langlebig.<\/li>    <li>15\u201355 kW Leistung, kraftvoller Burst, geringe Ausfallrate, schnelle W\u00e4rmeableitung.<\/li>    <li>\u00dcberlastschutz und Leistungsschutz tragen dazu bei, eine sichere und standardisierte Produktion zu gew\u00e4hrleisten.<\/li>    <li>Abnehmbares Siebdesign f\u00fcr einfache Reinigung.<\/li>    <li>Gew\u00e4hren Sie eine einj\u00e4hrige Garantie, Installation vor Ort und Bedienungsanleitungen.<\/li> <\/ul>   <div class=\"wp-block-image\"> <figure class=\"aligncenter size-full\"><img loading=\"lazy\" decoding=\"async\" width=\"720\" height=\"540\" src=\"https:\/\/www.plasticgranularmachine.com\/wp-content\/uploads\/2024\/10\/hard-plastic-shredder.webp\" alt=\"Hartplastik-Aktenvernichter\" class=\"wp-image-1189\" srcset=\"https:\/\/www.plasticgranularmachine.com\/wp-content\/uploads\/2024\/10\/hard-plastic-shredder.webp 720w, https:\/\/www.plasticgranularmachine.com\/wp-content\/uploads\/2024\/10\/hard-plastic-shredder-300x225.webp 300w, https:\/\/www.plasticgranularmachine.com\/wp-content\/uploads\/2024\/10\/hard-plastic-shredder-16x12.webp 16w\" sizes=\"auto, (max-width: 720px) 100vw, 720px\" \/><figcaption class=\"wp-element-caption\">Hartplastik-Aktenvernichter<\/figcaption><\/figure> <\/div>   <h2 class=\"wp-block-heading\">Was sind die Rohstoffe und Endprodukte von Brechern?<\/h2>    <h3 class=\"wp-block-heading\">Rohstoffe<\/h3>    <p>Der effiziente Hartplastik-Zerkleinerer hat ein breites Anwendungsspektrum zum Zerkleinern von PP, PE, PVC, HDPE, ABS, PC usw. Er wird typischerweise zur Verarbeitung von: Kunststoff, Elektronik, Kunststoffbeh\u00e4ltern, Autoteilen, Gep\u00e4ck, K\u00fcchenutensilien aus Kunststoff und Wasserflaschen verwendet , blaue Trommeln usw.<\/p>    <p style=\"font-size:16px\" class=\"translation-block\"><em>Verwandter Blog: <a href=\"https:\/\/www.plasticgranularmachine.com\/de\/Info\/pvc-pipe-shredder\/\" data-type=\"link\" data-id=\"https:\/\/www.plasticgranularmachine.com\/Info\/pvc-pipe-shredder\/\">Effizientes Programm zur Zerkleinerung von Kunststoffrohren: f\u00fcr HDPE, PVC usw.<\/a><\/em><\/p>    <figure class=\"wp-block-gallery has-nested-images columns-default is-cropped wp-block-gallery-2 is-layout-flex wp-block-gallery-is-layout-flex\"> <figure class=\"wp-block-image size-large\"><img loading=\"lazy\" decoding=\"async\" width=\"720\" height=\"540\" data-id=\"1191\" src=\"https:\/\/www.plasticgranularmachine.com\/wp-content\/uploads\/2024\/10\/PP-bumber-1.webp\" alt=\"PP-Sto\u00dfstange\" class=\"wp-image-1191\" srcset=\"https:\/\/www.plasticgranularmachine.com\/wp-content\/uploads\/2024\/10\/PP-bumber-1.webp 720w, https:\/\/www.plasticgranularmachine.com\/wp-content\/uploads\/2024\/10\/PP-bumber-1-300x225.webp 300w, https:\/\/www.plasticgranularmachine.com\/wp-content\/uploads\/2024\/10\/PP-bumber-1-16x12.webp 16w\" sizes=\"auto, (max-width: 720px) 100vw, 720px\" \/><figcaption class=\"wp-element-caption\">PP-Sto\u00dfstange<\/figcaption><\/figure>    <figure class=\"wp-block-image size-large\"><img loading=\"lazy\" decoding=\"async\" width=\"720\" height=\"540\" data-id=\"1192\" src=\"https:\/\/www.plasticgranularmachine.com\/wp-content\/uploads\/2024\/10\/PVC-electric-wire-1.webp\" alt=\"PVC-Elektrokabel\" class=\"wp-image-1192\" srcset=\"https:\/\/www.plasticgranularmachine.com\/wp-content\/uploads\/2024\/10\/PVC-electric-wire-1.webp 720w, https:\/\/www.plasticgranularmachine.com\/wp-content\/uploads\/2024\/10\/PVC-electric-wire-1-300x225.webp 300w, https:\/\/www.plasticgranularmachine.com\/wp-content\/uploads\/2024\/10\/PVC-electric-wire-1-16x12.webp 16w\" sizes=\"auto, (max-width: 720px) 100vw, 720px\" \/><figcaption class=\"wp-element-caption\">PVC-Elektrokabel<\/figcaption><\/figure>    <figure class=\"wp-block-image size-large\"><img loading=\"lazy\" decoding=\"async\" width=\"720\" height=\"540\" data-id=\"1190\" src=\"https:\/\/www.plasticgranularmachine.com\/wp-content\/uploads\/2024\/10\/HDPE-drum-1.webp\" alt=\"HDPE-Trommel\" class=\"wp-image-1190\" srcset=\"https:\/\/www.plasticgranularmachine.com\/wp-content\/uploads\/2024\/10\/HDPE-drum-1.webp 720w, https:\/\/www.plasticgranularmachine.com\/wp-content\/uploads\/2024\/10\/HDPE-drum-1-300x225.webp 300w, https:\/\/www.plasticgranularmachine.com\/wp-content\/uploads\/2024\/10\/HDPE-drum-1-16x12.webp 16w\" sizes=\"auto, (max-width: 720px) 100vw, 720px\" \/><figcaption class=\"wp-element-caption\">HDPE-Trommel<\/figcaption><\/figure> <\/figure>    <h3 class=\"wp-block-heading\">Endprodukte<\/h3>    <p>Der Kunststoffbrecher erzeugt gleichm\u00e4\u00dfige Flocken in der erforderlichen Gr\u00f6\u00dfe, die im anschlie\u00dfenden Pelletierungsprozess verwendet werden.<\/p>    <figure class=\"wp-block-gallery has-nested-images columns-default is-cropped wp-block-gallery-3 is-layout-flex wp-block-gallery-is-layout-flex\"> <figure class=\"wp-block-image size-large\"><img loading=\"lazy\" decoding=\"async\" width=\"720\" height=\"540\" data-id=\"1200\" src=\"https:\/\/www.plasticgranularmachine.com\/wp-content\/uploads\/2024\/10\/High-quality-plastic-fragments.webp\" alt=\"Hochwertige Kunststofffragmente\" class=\"wp-image-1200\" srcset=\"https:\/\/www.plasticgranularmachine.com\/wp-content\/uploads\/2024\/10\/High-quality-plastic-fragments.webp 720w, https:\/\/www.plasticgranularmachine.com\/wp-content\/uploads\/2024\/10\/High-quality-plastic-fragments-300x225.webp 300w, https:\/\/www.plasticgranularmachine.com\/wp-content\/uploads\/2024\/10\/High-quality-plastic-fragments-16x12.webp 16w\" sizes=\"auto, (max-width: 720px) 100vw, 720px\" \/><figcaption class=\"wp-element-caption\">Hochwertige Kunststofffragmente<\/figcaption><\/figure>    <figure class=\"wp-block-image size-large\"><img loading=\"lazy\" decoding=\"async\" width=\"720\" height=\"540\" data-id=\"1199\" src=\"https:\/\/www.plasticgranularmachine.com\/wp-content\/uploads\/2024\/10\/crushed-plastic-flakes.webp\" alt=\"zerkleinerte Plastikflocken\" class=\"wp-image-1199\" srcset=\"https:\/\/www.plasticgranularmachine.com\/wp-content\/uploads\/2024\/10\/crushed-plastic-flakes.webp 720w, https:\/\/www.plasticgranularmachine.com\/wp-content\/uploads\/2024\/10\/crushed-plastic-flakes-300x225.webp 300w, https:\/\/www.plasticgranularmachine.com\/wp-content\/uploads\/2024\/10\/crushed-plastic-flakes-16x12.webp 16w\" sizes=\"auto, (max-width: 720px) 100vw, 720px\" \/><figcaption class=\"wp-element-caption\">zerkleinerte Plastikflocken<\/figcaption><\/figure> <\/figure>    <h2 class=\"wp-block-heading\">Spezifikationen des Hartplastik-Aktenvernichters<\/h2>    <figure class=\"wp-block-table\"><table class=\"has-fixed-layout\"><tbody><tr><td>Modell<\/td><td>SL-600<\/td><td>SL-800<\/td><td>SL-1000<\/td><\/tr><tr><td>Leistung (KW)<\/td><td>30<\/td><td>45<\/td><td>55<\/td><\/tr><tr><td>Kapazit\u00e4t (kg\/h)<\/td><td>600~800<\/td><td>800~1000<\/td><td>1000~1200<\/td><\/tr><tr><td>Klingenmaterial<\/td><td>60 Si2Mn<\/td><td>60 Si2Mn<\/td><td>60 Si2Mn<\/td><\/tr><tr><td>Garantie<\/td><td>Ein Jahr<\/td><td>Ein Jahr<\/td><td>Ein Jahr<\/td><\/tr><\/tbody><\/table><figcaption class=\"wp-element-caption\">Die grundlegenden technischen Daten des Hartplastik-Zerkleinerers<\/figcaption><\/figure>    <ul class=\"wp-block-list\"> <li><em>CE- und ISO-Zertifizierung<\/em><\/li> <\/ul>    <p>Das Obige sind die Parameter einiger hei\u00df verkaufter Aktenvernichter. Sie haben vielf\u00e4ltige Einsatzm\u00f6glichkeiten f\u00fcr Kunststoffrecyclingfabriken jeder Gr\u00f6\u00dfe. Wir bieten auch ma\u00dfgeschneiderte Hartplastik-Zerkleinerungsmaschinen an, die auf Ihre Produktionsanforderungen zugeschnitten sind.<\/p>   <div class=\"wp-block-image\"> <figure class=\"aligncenter size-full\"><img loading=\"lazy\" decoding=\"async\" width=\"720\" height=\"540\" src=\"https:\/\/www.plasticgranularmachine.com\/wp-content\/uploads\/2024\/10\/hard-plastic-shredder-in-the-factory.webp\" alt=\"Hartplastik-Schredder in der Fabrik\" class=\"wp-image-1193\" srcset=\"https:\/\/www.plasticgranularmachine.com\/wp-content\/uploads\/2024\/10\/hard-plastic-shredder-in-the-factory.webp 720w, https:\/\/www.plasticgranularmachine.com\/wp-content\/uploads\/2024\/10\/hard-plastic-shredder-in-the-factory-300x225.webp 300w, https:\/\/www.plasticgranularmachine.com\/wp-content\/uploads\/2024\/10\/hard-plastic-shredder-in-the-factory-16x12.webp 16w\" sizes=\"auto, (max-width: 720px) 100vw, 720px\" \/><figcaption class=\"wp-element-caption\">Hartplastik-Schredder in der Fabrik<\/figcaption><\/figure> <\/div>   <h2 class=\"wp-block-heading\">Kunststoff-Schredderstrukturen <\/h2>    <p>Ein Kunststoffzerkleinerer besteht aus einem Zufuhreinlass, einer Zerkleinerungskammer, Klingen, einem Sieb, einem Grundst\u00e4nder, einem Motor, einer Riemenscheibe und einer Auslass\u00f6ffnung. <\/p>    <p>Die am Rotor befestigten und mit ihm rotierenden Fl\u00fcgel werden als Rotorbl\u00e4tter bezeichnet. Andererseits werden die Klingen, die am Messerrahmen oder Geh\u00e4use des Brechers befestigt sind, als station\u00e4re Klingen bezeichnet und bleiben an Ort und Stelle, ohne sich zu drehen. Sowohl die Rotorbl\u00e4tter als auch die station\u00e4ren Bl\u00e4tter arbeiten zusammen, um Hartplastik effektiv in gleichm\u00e4\u00dfige Fragmente zu schneiden.<\/p>    <figure class=\"wp-block-gallery has-nested-images columns-default is-cropped wp-block-gallery-4 is-layout-flex wp-block-gallery-is-layout-flex\"> <figure class=\"wp-block-image size-large\"><img loading=\"lazy\" decoding=\"async\" width=\"720\" height=\"540\" data-id=\"1194\" src=\"https:\/\/www.plasticgranularmachine.com\/wp-content\/uploads\/2024\/10\/base-support-1.webp\" alt=\"Basisunterst\u00fctzung\" class=\"wp-image-1194\" srcset=\"https:\/\/www.plasticgranularmachine.com\/wp-content\/uploads\/2024\/10\/base-support-1.webp 720w, https:\/\/www.plasticgranularmachine.com\/wp-content\/uploads\/2024\/10\/base-support-1-300x225.webp 300w, https:\/\/www.plasticgranularmachine.com\/wp-content\/uploads\/2024\/10\/base-support-1-16x12.webp 16w\" sizes=\"auto, (max-width: 720px) 100vw, 720px\" \/><figcaption class=\"wp-element-caption\">Basisunterst\u00fctzung<\/figcaption><\/figure>    <figure class=\"wp-block-image size-large\"><img loading=\"lazy\" decoding=\"async\" width=\"720\" height=\"540\" data-id=\"1196\" src=\"https:\/\/www.plasticgranularmachine.com\/wp-content\/uploads\/2024\/10\/blades-1.webp\" alt=\"Klingen\" class=\"wp-image-1196\" srcset=\"https:\/\/www.plasticgranularmachine.com\/wp-content\/uploads\/2024\/10\/blades-1.webp 720w, https:\/\/www.plasticgranularmachine.com\/wp-content\/uploads\/2024\/10\/blades-1-300x225.webp 300w, https:\/\/www.plasticgranularmachine.com\/wp-content\/uploads\/2024\/10\/blades-1-16x12.webp 16w\" sizes=\"auto, (max-width: 720px) 100vw, 720px\" \/><figcaption class=\"wp-element-caption\">Klingen<\/figcaption><\/figure>    <figure class=\"wp-block-image size-large\"><img loading=\"lazy\" decoding=\"async\" width=\"720\" height=\"540\" data-id=\"1195\" src=\"https:\/\/www.plasticgranularmachine.com\/wp-content\/uploads\/2024\/10\/screen-1.webp\" alt=\"Bildschirm\" class=\"wp-image-1195\" srcset=\"https:\/\/www.plasticgranularmachine.com\/wp-content\/uploads\/2024\/10\/screen-1.webp 720w, https:\/\/www.plasticgranularmachine.com\/wp-content\/uploads\/2024\/10\/screen-1-300x225.webp 300w, https:\/\/www.plasticgranularmachine.com\/wp-content\/uploads\/2024\/10\/screen-1-16x12.webp 16w\" sizes=\"auto, (max-width: 720px) 100vw, 720px\" \/><figcaption class=\"wp-element-caption\">Bildschirm<\/figcaption><\/figure> <\/figure>    <h2 class=\"wp-block-heading\">Wie funktioniert eine Zerkleinerungsmaschine f\u00fcr starren Kunststoff?<\/h2>    <h3 class=\"wp-block-heading\">F\u00fcttern<\/h3>    <ul class=\"wp-block-list\"> <li>Zun\u00e4chst werden Kunststoffrohstoffe manuell zugef\u00fchrt oder \u00fcber ein F\u00f6rderband in die Einf\u00fcll\u00f6ffnung des Brechers gef\u00f6rdert und anschlie\u00dfend in der Brechkammer verarbeitet.<\/li>    <li>Unsere Hartplastik-Zerkleinerer sind mit langen zylindrischen Formen, breiten rechteckigen Konfigurationen usw. ausgestattet und eignen sich f\u00fcr verschiedene Kunststoffprodukte.<\/li> <\/ul>    <h3 class=\"wp-block-heading\">Zerquetschen<\/h3>    <ul class=\"wp-block-list\"> <li>Die rotierenden Messer des Rotors des Brechers rotieren mit hoher Geschwindigkeit und erzeugen mit den feststehenden Messern einen Schereffekt. Gemeinsam zerkleinern sie die Kunststoffrohstoffe effizient. <\/li>    <li>Der Efficient-Crusher verf\u00fcgt \u00fcber dicke Klingen, die stark und effizient zerkleinern k\u00f6nnen, ohne h\u00e4ngen zu bleiben oder zu verstopfen.<\/li> <\/ul>    <h3 class=\"wp-block-heading\">Vorf\u00fchrung<\/h3>    <ul class=\"wp-block-list\"> <li>Zerkleinerte Kunststoffe werden vom Sieb gesiebt. Die ben\u00f6tigten Kunststoffflocken k\u00f6nnen das Sieb passieren, w\u00e4hrend gr\u00f6\u00dfere Bruchst\u00fccke zur weiteren Zerkleinerung in der Kammer verbleiben.<\/li>    <li>Die Maschenweite kann je nach Produktionsbedarf angepasst werden. F\u00fcr einen reibungslosen Betrieb wird empfohlen, bei der Verarbeitung gro\u00dfer Materialien eine Maschenweite von 16 mm oder mehr zu verwenden.<\/li> <\/ul>    <h3 class=\"wp-block-heading\">Entladen<\/h3>    <p>Die Kunststofffragmente, die das Sieb passieren, unterliegen der Schwerkraft und fallen direkt auf den Boden, wo sie \u00fcber den Auslass abgef\u00fchrt werden.<\/p>    <h3 class=\"wp-block-heading\">Operationsvideo<\/h3>    <p>Nachfolgend finden Sie ein Feedback-Video eines Kunden aus Oman, das den Prozess der Umwandlung von HDPE-Kunststoffmaterialien in Flocken demonstriert. <\/p>    <figure class=\"wp-block-embed is-type-video is-provider-youtube wp-block-embed-youtube wp-embed-aspect-16-9 wp-has-aspect-ratio\"><div class=\"wp-block-embed__wrapper\"> <iframe loading=\"lazy\" title=\"HDPE-Zerkleinerungs- und Waschanlage: Eine effiziente L\u00f6sung f\u00fcr die Herstellung von Hartplastikflocken\" width=\"500\" height=\"281\" src=\"https:\/\/www.youtube.com\/embed\/E5hept4Uu30?feature=oembed\" frameborder=\"0\" allow=\"accelerometer; autoplay; clipboard-write; encrypted-media; gyroscope; picture-in-picture; web-share\" referrerpolicy=\"strict-origin-when-cross-origin\" allowfullscreen><\/iframe> <\/div><\/figure>    <h2 class=\"wp-block-heading\">Was macht Efficient beim Versand?<\/h2>    <ul class=\"wp-block-list\"> <li>Die Lieferung der Maschine dauert etwa 20\u201325 Tage, wenn kein Lagerbestand verf\u00fcgbar ist.<\/li>    <li>Vor dem Versand senden wir in der Regel die Testlauf-Demo an unseren Kunden, um sicherzustellen, dass es keine Probleme gibt.<\/li>    <li>Versenden Sie Kunststoffzerkleinerer durch internationale Logistik.<\/li>    <li>Sollten defekte Teile vorhanden sein, k\u00f6nnen diese erneut versendet werden.<\/li> <\/ul>    <p>Kurz gesagt, die von uns angebotenen Dienstleistungen sind umfassend und sorgen daf\u00fcr, dass Sie bei m\u00f6glichen Unf\u00e4llen beruhigt sein k\u00f6nnen.<\/p>   <div class=\"wp-block-image\"> <figure class=\"aligncenter size-full\"><img loading=\"lazy\" decoding=\"async\" width=\"720\" height=\"540\" src=\"https:\/\/www.plasticgranularmachine.com\/wp-content\/uploads\/2024\/10\/plastic-crushing-machine-shipment.webp\" alt=\"Versand von Kunststoff-Zerkleinerungsmaschinen\" class=\"wp-image-1197\" srcset=\"https:\/\/www.plasticgranularmachine.com\/wp-content\/uploads\/2024\/10\/plastic-crushing-machine-shipment.webp 720w, https:\/\/www.plasticgranularmachine.com\/wp-content\/uploads\/2024\/10\/plastic-crushing-machine-shipment-300x225.webp 300w, https:\/\/www.plasticgranularmachine.com\/wp-content\/uploads\/2024\/10\/plastic-crushing-machine-shipment-16x12.webp 16w\" sizes=\"auto, (max-width: 720px) 100vw, 720px\" \/><figcaption class=\"wp-element-caption\">Versand von Kunststoff-Zerkleinerungsmaschinen<\/figcaption><\/figure> <\/div>   <h2 class=\"wp-block-heading\">Effiziente Kunststoffzerkleinerer zu verkaufen<\/h2>    <p class=\"translation-block\">Der effiziente PP-Brecher kann an die Bed\u00fcrfnisse aller Gr\u00f6\u00dfen von Recyclinganlagen f\u00fcr Hartplastik angepasst werden und eignet sich f\u00fcr alle Arten von Recycling- oder Produktionsbetrieben f\u00fcr Hartplastik. Wenn Sie interessiert sind, z\u00f6gern Sie nicht, <em><a href=\"https:\/\/www.plasticgranularmachine.com\/de\/contact\/\" data-type=\"link\" data-id=\"https:\/\/www.plasticgranularmachine.com\/contact\/\">uns zu kontaktieren<\/a><\/em>. Wir freuen uns, Ihnen Besichtigungen vor Ort anzubieten und Sie bei Rundg\u00e4ngen zu begleiten, wobei wir Ihnen detaillierte Erkl\u00e4rungen zu den Maschinen geben. Dar\u00fcber hinaus geben wir Ihnen gerne Vorschl\u00e4ge zur Optimierung des Layouts Ihrer Fabrik. Wir freuen uns auf Ihre Nachricht!<\/p>   <div class=\"wp-block-image\"> <figure class=\"aligncenter size-full\"><img loading=\"lazy\" decoding=\"async\" width=\"720\" height=\"540\" src=\"https:\/\/www.plasticgranularmachine.com\/wp-content\/uploads\/2024\/10\/plastic-chipper-machine-for-sale.webp\" alt=\"Kunststoffzerkleinerer zu verkaufen\" class=\"wp-image-1198\" srcset=\"https:\/\/www.plasticgranularmachine.com\/wp-content\/uploads\/2024\/10\/plastic-chipper-machine-for-sale.webp 720w, https:\/\/www.plasticgranularmachine.com\/wp-content\/uploads\/2024\/10\/plastic-chipper-machine-for-sale-300x225.webp 300w, https:\/\/www.plasticgranularmachine.com\/wp-content\/uploads\/2024\/10\/plastic-chipper-machine-for-sale-16x12.webp 16w\" sizes=\"auto, (max-width: 720px) 100vw, 720px\" \/><figcaption class=\"wp-element-caption\">Kunststoffzerkleinerer zu verkaufen<\/figcaption><\/figure> <\/div>","protected":false},"excerpt":{"rendered":"<p>Der Hartplastik-Schredder mit einer Leistung von 600 bis 1200 kg\/h kann PP, PE, PVC, HDPE usw. effektiv in gleichm\u00e4\u00dfige Flocken zerkleinern. In diesem Beitrag wird es ausf\u00fchrlich vorgestellt. <\/p>","protected":false},"author":1,"featured_media":1606,"parent":0,"template":"","tags":[35,36],"product-type":[4],"class_list":["post-921","product","type-product","status-publish","has-post-thumbnail","hentry","tag-crushing","tag-hard-plastic-recycling","product-type-crushing-machine"],"_links":{"self":[{"href":"https:\/\/www.plasticgranularmachine.com\/de\/wp-json\/wp\/v2\/product\/921","targetHints":{"allow":["GET"]}}],"collection":[{"href":"https:\/\/www.plasticgranularmachine.com\/de\/wp-json\/wp\/v2\/product"}],"about":[{"href":"https:\/\/www.plasticgranularmachine.com\/de\/wp-json\/wp\/v2\/types\/product"}],"author":[{"embeddable":true,"href":"https:\/\/www.plasticgranularmachine.com\/de\/wp-json\/wp\/v2\/users\/1"}],"wp:featuredmedia":[{"embeddable":true,"href":"https:\/\/www.plasticgranularmachine.com\/de\/wp-json\/wp\/v2\/media\/1606"}],"wp:attachment":[{"href":"https:\/\/www.plasticgranularmachine.com\/de\/wp-json\/wp\/v2\/media?parent=921"}],"wp:term":[{"taxonomy":"post_tag","embeddable":true,"href":"https:\/\/www.plasticgranularmachine.com\/de\/wp-json\/wp\/v2\/tags?post=921"},{"taxonomy":"product-type","embeddable":true,"href":"https:\/\/www.plasticgranularmachine.com\/de\/wp-json\/wp\/v2\/product-type?post=921"}],"curies":[{"name":"wp","href":"https:\/\/api.w.org\/{rel}","templated":true}]}}