{"id":954,"date":"2024-10-18T16:40:06","date_gmt":"2024-10-18T08:40:06","guid":{"rendered":"https:\/\/www.plasticgranularmachine.com\/?post_type=product&#038;p=954"},"modified":"2025-03-21T17:08:45","modified_gmt":"2025-03-21T09:08:45","slug":"hard-plastic-recycling-line","status":"publish","type":"product","link":"https:\/\/www.plasticgranularmachine.com\/de\/product\/hard-plastic-recycling-line\/","title":{"rendered":"Starre Kunststoff-Recyclinglinie f\u00fcr die Nachmahlung von PP PE PVC HDPE"},"content":{"rendered":"<p>Suchen Sie nach der besten L\u00f6sung f\u00fcr das Recycling von Paletten, Rohren, \u00d6lkanistern, Extrusionskopfmaterialien usw.? Die Hartplastik-Recyclinglinie bietet eine vollst\u00e4ndige und effiziente Methode zum Mahlen von PP, PE, PVC, HDPE usw. zu hochwertigem Granulat.<\/p>    <figure class=\"wp-block-gallery has-nested-images columns-default is-cropped wp-block-gallery-2 is-layout-flex wp-block-gallery-is-layout-flex\"> <figure class=\"wp-block-image size-full\"><img loading=\"lazy\" decoding=\"async\" width=\"720\" height=\"540\" data-id=\"1205\" src=\"https:\/\/www.plasticgranularmachine.com\/wp-content\/uploads\/2024\/10\/plastic-pallet-1.webp\" alt=\"Kunststoffpalette\" class=\"wp-image-1205\" srcset=\"https:\/\/www.plasticgranularmachine.com\/wp-content\/uploads\/2024\/10\/plastic-pallet-1.webp 720w, https:\/\/www.plasticgranularmachine.com\/wp-content\/uploads\/2024\/10\/plastic-pallet-1-300x225.webp 300w, https:\/\/www.plasticgranularmachine.com\/wp-content\/uploads\/2024\/10\/plastic-pallet-1-16x12.webp 16w\" sizes=\"auto, (max-width: 720px) 100vw, 720px\" \/><figcaption class=\"wp-element-caption\">Kunststoffpalette<\/figcaption><\/figure>    <figure class=\"wp-block-image size-full\"><img loading=\"lazy\" decoding=\"async\" width=\"720\" height=\"540\" data-id=\"1204\" src=\"https:\/\/www.plasticgranularmachine.com\/wp-content\/uploads\/2024\/10\/plastic-containers1.webp\" alt=\"Kunststoffbeh\u00e4lter\" class=\"wp-image-1204\" srcset=\"https:\/\/www.plasticgranularmachine.com\/wp-content\/uploads\/2024\/10\/plastic-containers1.webp 720w, https:\/\/www.plasticgranularmachine.com\/wp-content\/uploads\/2024\/10\/plastic-containers1-300x225.webp 300w, https:\/\/www.plasticgranularmachine.com\/wp-content\/uploads\/2024\/10\/plastic-containers1-16x12.webp 16w\" sizes=\"auto, (max-width: 720px) 100vw, 720px\" \/><figcaption class=\"wp-element-caption\">Kunststoffbeh\u00e4lter<\/figcaption><\/figure>    <figure class=\"wp-block-image size-large\"><img loading=\"lazy\" decoding=\"async\" width=\"720\" height=\"540\" data-id=\"1206\" src=\"https:\/\/www.plasticgranularmachine.com\/wp-content\/uploads\/2024\/10\/Fruit-Basket-1.webp\" alt=\"Obstkorb\" class=\"wp-image-1206\" srcset=\"https:\/\/www.plasticgranularmachine.com\/wp-content\/uploads\/2024\/10\/Fruit-Basket-1.webp 720w, https:\/\/www.plasticgranularmachine.com\/wp-content\/uploads\/2024\/10\/Fruit-Basket-1-300x225.webp 300w, https:\/\/www.plasticgranularmachine.com\/wp-content\/uploads\/2024\/10\/Fruit-Basket-1-16x12.webp 16w\" sizes=\"auto, (max-width: 720px) 100vw, 720px\" \/><figcaption class=\"wp-element-caption\">Obstkorb<\/figcaption><\/figure> <\/figure>    <h2 class=\"wp-block-heading\">Hauptmerkmale der effizienten Hartplastik-Recyclinglinie<\/h2>    <ul class=\"wp-block-list\"> <li>Breites Anwendungsspektrum: Verschiedene Hartkunststoffe problemlos verarbeiten und f\u00fcr Fabriken aller Gr\u00f6\u00dfen geeignet.<\/li>    <li>100\u2013500 kg\/h Kapazit\u00e4t und leistungsstarke Motoren f\u00fcr eine effiziente und kontinuierliche Produktion.<\/li>    <li>Es stehen verschiedene anpassbare Maschinen zur Auswahl und Kombination mit flexibler Konfiguration zur Verf\u00fcgung.<\/li>    <li>Es ist mit einem intelligenten Temperaturkontrollsystem zur pr\u00e4zisen Steuerung der Granulationstemperatur ausgestattet.<\/li>    <li>Das hergestellte Granulat weist eine hohe Qualit\u00e4t, eine glatte und gleichm\u00e4\u00dfige Oberfl\u00e4che sowie gute physikalische Eigenschaften auf.<\/li> <\/ul>   <div class=\"wp-block-image\"> <figure class=\"aligncenter size-full\"><img loading=\"lazy\" decoding=\"async\" width=\"720\" height=\"540\" src=\"https:\/\/www.plasticgranularmachine.com\/wp-content\/uploads\/2024\/10\/hard-plastic-recycling-line-3.webp\" alt=\"Hartplastik-Recyclinglinie\" class=\"wp-image-1207\" srcset=\"https:\/\/www.plasticgranularmachine.com\/wp-content\/uploads\/2024\/10\/hard-plastic-recycling-line-3.webp 720w, https:\/\/www.plasticgranularmachine.com\/wp-content\/uploads\/2024\/10\/hard-plastic-recycling-line-3-300x225.webp 300w, https:\/\/www.plasticgranularmachine.com\/wp-content\/uploads\/2024\/10\/hard-plastic-recycling-line-3-16x12.webp 16w\" sizes=\"auto, (max-width: 720px) 100vw, 720px\" \/><figcaption class=\"wp-element-caption\">Hartplastik-Recyclinglinie<\/figcaption><\/figure> <\/div>   <h2 class=\"wp-block-heading\">F\u00fcr welche Arten der Kunststoffverarbeitung eignen sich effiziente Recyclingmaschinen?<\/h2>    <h3 class=\"wp-block-heading\">Rohstoffe<\/h3>    <p>Die Hartplastik-Recyclinglinie ist speziell darauf ausgelegt, Kunststoffe aus PP, PE, PVC, HDPE, ABS usw. mit hoher Festigkeit und Steifigkeit in wiederverwendbares Granulat umzuwandeln. Diese Materialien k\u00f6nnen normalerweise in den folgenden Bereichen gesammelt werden:<\/p>    <ul class=\"wp-block-list\"> <li><strong>T\u00e4gliche Notwendigkeiten:<\/strong> Spielzeug, M\u00f6bel, Lebensmittelbeh\u00e4lter usw.<\/li>    <li><strong>Konstruktion<\/strong>: Rohre, Fensterrahmen usw.<\/li>    <li><strong>Automobilindustrie<\/strong>: Sto\u00dfstangen und andere Teile<\/li>    <li><strong>Elektronische Produkte<\/strong>: Isoliergeh\u00e4use, Steckverbinder usw.<\/li>    <li><strong>Verpackungsindustrie:<\/strong> Stabile Plastikeimer, Dosen usw.<\/li> <\/ul>    <h3 class=\"wp-block-heading\">Endprodukte<\/h3>    <p>Diese harten Kunststoffe werden schlie\u00dflich in einheitliche Pellets umgewandelt, aus denen neue Kunststoffprodukte hergestellt werden k\u00f6nnen.<\/p>    <figure class=\"wp-block-gallery has-nested-images columns-default is-cropped wp-block-gallery-3 is-layout-flex wp-block-gallery-is-layout-flex\"> <figure class=\"wp-block-image size-large\"><img loading=\"lazy\" decoding=\"async\" width=\"720\" height=\"540\" data-id=\"1209\" src=\"https:\/\/www.plasticgranularmachine.com\/wp-content\/uploads\/2024\/10\/Raw-materials-and-products-of-hard-plastic-recycling-line-1.webp\" alt=\"Rohstoffe und Produkte der Hartplastik-Recyclinglinie\" class=\"wp-image-1209\" srcset=\"https:\/\/www.plasticgranularmachine.com\/wp-content\/uploads\/2024\/10\/Raw-materials-and-products-of-hard-plastic-recycling-line-1.webp 720w, https:\/\/www.plasticgranularmachine.com\/wp-content\/uploads\/2024\/10\/Raw-materials-and-products-of-hard-plastic-recycling-line-1-300x225.webp 300w, https:\/\/www.plasticgranularmachine.com\/wp-content\/uploads\/2024\/10\/Raw-materials-and-products-of-hard-plastic-recycling-line-1-16x12.webp 16w\" sizes=\"auto, (max-width: 720px) 100vw, 720px\" \/><figcaption class=\"wp-element-caption\">Rohstoffe und Produkte der Hartplastik-Recyclinglinie<\/figcaption><\/figure>    <figure class=\"wp-block-image size-large\"><img loading=\"lazy\" decoding=\"async\" width=\"720\" height=\"540\" data-id=\"1208\" src=\"https:\/\/www.plasticgranularmachine.com\/wp-content\/uploads\/2024\/10\/HDPE-pipes-and-granule.webp\" alt=\"HDPE-Rohre und Granulat\" class=\"wp-image-1208\" srcset=\"https:\/\/www.plasticgranularmachine.com\/wp-content\/uploads\/2024\/10\/HDPE-pipes-and-granule.webp 720w, https:\/\/www.plasticgranularmachine.com\/wp-content\/uploads\/2024\/10\/HDPE-pipes-and-granule-300x225.webp 300w, https:\/\/www.plasticgranularmachine.com\/wp-content\/uploads\/2024\/10\/HDPE-pipes-and-granule-16x12.webp 16w\" sizes=\"auto, (max-width: 720px) 100vw, 720px\" \/><figcaption class=\"wp-element-caption\">HDPE-Rohre und Granulat<\/figcaption><\/figure> <\/figure>    <h3 class=\"wp-block-heading\">Geeignete Fabriken<\/h3>    <p>Die Efficient-Hartplastik-Recyclinglinie ist \u00e4u\u00dferst vielseitig und kann an die Bed\u00fcrfnisse von Fabriken jeder Gr\u00f6\u00dfe angepasst werden. Damit eignet es sich sowohl f\u00fcr kleine und gro\u00dfe Kunststoffrecycler, die Post-Consumer-Materialien recyceln m\u00f6chten, als auch f\u00fcr Hersteller, die Post-Industrial-Kunststoffe zur\u00fcckgewinnen m\u00f6chten.<\/p>    <h2 class=\"wp-block-heading\">Wie funktioniert der Recyclingprozess?<\/h2>    <h3 class=\"wp-block-heading\">Schritt 1: Zerkleinern<\/h3>    <p>Zun\u00e4chst werden starre Kunststoffe einem Kunststoffzerkleinerer zugef\u00fchrt, um in kleinere Flocken zerkleinert zu werden, die sich leichter waschen und pelletieren lassen. Durch die Klassifizierung der Rohstoffe sind die Gr\u00f6\u00dfen der erhaltenen Flocken unterschiedlich und k\u00f6nnen angepasst werden. F\u00fcr die nachfolgenden Prozesse betragen sie typischerweise etwa 10\u201320 mm. <\/p>    <p class=\"translation-block\">Der <em><a href=\"https:\/\/www.plasticgranularmachine.com\/de\/product\/hard-plastic-shredder\/\" data-type=\"link\" data-id=\"https:\/\/www.plasticgranularmachine.com\/product\/hard-plastic-shredder\/\">Kunststoff-Shredder<\/a><\/em> nutzt die Scherwirkung der rotierenden Klinge und der feststehenden Klinge, um gro\u00dfe und harte Materialien effizient und ohne Verstopfung zu zerkleinern.<\/p>    <div class=\"wp-block-media-text is-stacked-on-mobile\"><figure class=\"wp-block-media-text__media\"><img loading=\"lazy\" decoding=\"async\" width=\"720\" height=\"540\" src=\"https:\/\/www.plasticgranularmachine.com\/wp-content\/uploads\/2024\/10\/hard-plastic-shredder-machine-1.webp\" alt=\"Hartplastische Shredder -Maschine\" class=\"wp-image-1606 size-full\" srcset=\"https:\/\/www.plasticgranularmachine.com\/wp-content\/uploads\/2024\/10\/hard-plastic-shredder-machine-1.webp 720w, https:\/\/www.plasticgranularmachine.com\/wp-content\/uploads\/2024\/10\/hard-plastic-shredder-machine-1-300x225.webp 300w, https:\/\/www.plasticgranularmachine.com\/wp-content\/uploads\/2024\/10\/hard-plastic-shredder-machine-1-16x12.webp 16w\" sizes=\"auto, (max-width: 720px) 100vw, 720px\" \/><\/figure><div class=\"wp-block-media-text__content\"> <ul class=\"wp-block-list\"> <li>Material: 60Si2Mn<\/li>    <li>Kapazit\u00e4t: 600\u20131200 kg\/h<\/li>    <li>Rohstoffe: starre Kunststoffe<\/li>    <li>Endprodukte: einheitliche Flocken<\/li> <\/ul> <\/div><\/div>    <h3 class=\"wp-block-heading\">Schritt 2: Waschen<\/h3>    <p>Zum Recycling bestimmte Kunststoffe weisen h\u00e4ufig Schmutz und andere Verunreinigungen auf ihrer Oberfl\u00e4che auf, die in einem Waschtank abgewaschen werden m\u00fcssen, um die Reinheit und Sauberkeit der recycelten Materialien sicherzustellen.<\/p>    <p class=\"translation-block\">Der <em><a href=\"https:\/\/www.plasticgranularmachine.com\/de\/product\/plastic-film-washing-machine\/\" data-type=\"link\" data-id=\"https:\/\/www.plasticgranularmachine.com\/product\/plastic-film-washing-machine\/\">Kunststoff-Waschtank<\/a><\/em> ist typischerweise etwa 10-30 m lang und kann an Ihre Produktionsanforderungen angepasst werden. Er verwendet ein Wasserkreislaufsystem, das hocheffizient und energiesparend ist.<\/p>    <div class=\"wp-block-media-text is-stacked-on-mobile\"><figure class=\"wp-block-media-text__media\"><img loading=\"lazy\" decoding=\"async\" width=\"720\" height=\"540\" src=\"https:\/\/www.plasticgranularmachine.com\/wp-content\/uploads\/2024\/10\/plastic-washing-machine.webp\" alt=\"Plastikwaschmaschine\" class=\"wp-image-1211 size-full\" srcset=\"https:\/\/www.plasticgranularmachine.com\/wp-content\/uploads\/2024\/10\/plastic-washing-machine.webp 720w, https:\/\/www.plasticgranularmachine.com\/wp-content\/uploads\/2024\/10\/plastic-washing-machine-300x225.webp 300w, https:\/\/www.plasticgranularmachine.com\/wp-content\/uploads\/2024\/10\/plastic-washing-machine-16x12.webp 16w\" sizes=\"auto, (max-width: 720px) 100vw, 720px\" \/><\/figure><div class=\"wp-block-media-text__content\"> <ul class=\"wp-block-list\"> <li>Leistung: 3KW<\/li>    <li>L\u00e4nge: 10\u201330 m<\/li>    <li>Funktion: Kunststoffe waschen und Verunreinigungen entfernen.<\/li> <\/ul> <\/div><\/div>    <h3 class=\"wp-block-heading\">Schritt 3: Pellerisieren<\/h3>    <p class=\"translation-block\">Die <em><a href=\"https:\/\/www.plasticgranularmachine.com\/de\/product\/hdpe-granules-making-machine\/\" data-type=\"link\" data-id=\"https:\/\/www.plasticgranularmachine.com\/product\/hdpe-granules-making-machine\/\">Kunststoff-Granuliermaschine<\/a><\/em> ist eine wesentliche Ausr\u00fcstung, die Kunststoff in Granulat umwandelt. Der gesamte Prozess umfasst Erhitzen, Extrudieren, K\u00fchlen und Schneiden.<\/p>    <ul class=\"wp-block-list\"> <li>Mithilfe der Hochtemperatur-Schneckenschmelztechnologie werden Kunststoffe erhitzt, bis sie schmelzen, und dann vom D\u00fcsenkopf in lange Streifen extrudiert.<\/li>    <li>Diese dichten Streifen durchlaufen einen K\u00fchltank, um sich zu verfestigen und ihre Oberfl\u00e4chengl\u00e4tte zu verbessern.<\/li>    <li>Abschlie\u00dfend schneidet eine Kunststoffpelletschneidemaschine die langen Streifen in gleichm\u00e4\u00dfige Granulatk\u00f6rner.<\/li> <\/ul>    <div class=\"wp-block-media-text is-stacked-on-mobile\"><figure class=\"wp-block-media-text__media\"><img loading=\"lazy\" decoding=\"async\" width=\"720\" height=\"540\" src=\"https:\/\/www.plasticgranularmachine.com\/wp-content\/uploads\/2024\/10\/plastic-pelletizer-machine.webp\" alt=\"Kunststoffgranuliermaschine\" class=\"wp-image-1212 size-full\" srcset=\"https:\/\/www.plasticgranularmachine.com\/wp-content\/uploads\/2024\/10\/plastic-pelletizer-machine.webp 720w, https:\/\/www.plasticgranularmachine.com\/wp-content\/uploads\/2024\/10\/plastic-pelletizer-machine-300x225.webp 300w, https:\/\/www.plasticgranularmachine.com\/wp-content\/uploads\/2024\/10\/plastic-pelletizer-machine-16x12.webp 16w\" sizes=\"auto, (max-width: 720px) 100vw, 720px\" \/><\/figure><div class=\"wp-block-media-text__content\"> <ul class=\"wp-block-list\"> <li>Leistung: 30 ~ 75 kW<\/li>    <li>Leistung: 180\u2013380 kg\/h<\/li>    <li>Material: Hochwertiger Edelstahl<\/li> <\/ul> <\/div><\/div>    <h3 class=\"wp-block-heading\">Schritt 4: Trocknen<\/h3>    <p>Ein Plastiktrockner wird speziell in Plastikrecyclingleitungen zum Entw\u00e4sserungsplastik nach Reinigung oder Pelletisierung verwendet. Die Entw\u00e4sserungsrate betr\u00e4gt mehr als 97%.<\/p>    <div class=\"wp-block-media-text is-stacked-on-mobile\"><figure class=\"wp-block-media-text__media\"><img loading=\"lazy\" decoding=\"async\" width=\"720\" height=\"540\" src=\"https:\/\/www.plasticgranularmachine.com\/wp-content\/uploads\/2024\/10\/horizontal-plastic-dryer.webp\" alt=\"Horizontaler Plastiktrockner\" class=\"wp-image-1608 size-full\" srcset=\"https:\/\/www.plasticgranularmachine.com\/wp-content\/uploads\/2024\/10\/horizontal-plastic-dryer.webp 720w, https:\/\/www.plasticgranularmachine.com\/wp-content\/uploads\/2024\/10\/horizontal-plastic-dryer-300x225.webp 300w, https:\/\/www.plasticgranularmachine.com\/wp-content\/uploads\/2024\/10\/horizontal-plastic-dryer-16x12.webp 16w\" sizes=\"auto, (max-width: 720px) 100vw, 720px\" \/><\/figure><div class=\"wp-block-media-text__content\"> <ul class=\"wp-block-list\"> <li>Leistung: 7,5 ~ 15 kW<\/li>    <li>Entw\u00e4sserungsrate: mehr als 97%<\/li>    <li>Material: Hochwertiger Edelstahl<\/li> <\/ul> <\/div><\/div>    <h2 class=\"wp-block-heading\">Versandbezogene Informationen zu Efficient<\/h2>    <ul class=\"wp-block-list\"> <li>Wir bieten passende Vorschl\u00e4ge und Fabrikdesigns basierend auf Ihren Produktionsanforderungen.<\/li>    <li>Willkommen in unserer Fabrik zur Inspektion!<\/li>    <li>Die Lieferzeit betr\u00e4gt ca. 20-25 Tage nach Auftragserteilung.<\/li>    <li>Versand durch internationale Logistik.<\/li>    <li>Wir bieten eine einj\u00e4hrige Garantie sowie Installations- und Anpassungsdienste vor Ort.<\/li> <\/ul>    <p>Efficient verf\u00fcgt \u00fcber mehr als zehn Jahre Erfahrung, gro\u00dfe Produktionswerkst\u00e4tten und professionelle Teams. Ich hoffe, dass wir zusammenarbeiten k\u00f6nnen, um Ihre Produktionseffizienz zu verbessern!<\/p>    <figure class=\"wp-block-gallery has-nested-images columns-default is-cropped wp-block-gallery-4 is-layout-flex wp-block-gallery-is-layout-flex\"> <figure class=\"wp-block-image size-large\"><img loading=\"lazy\" decoding=\"async\" width=\"720\" height=\"540\" data-id=\"1215\" src=\"https:\/\/www.plasticgranularmachine.com\/wp-content\/uploads\/2024\/10\/Shipping-preparation-for-plastic-granulation-line.webp\" alt=\"Versandvorbereitung f\u00fcr Kunststoffgranulationslinie\" class=\"wp-image-1215\" srcset=\"https:\/\/www.plasticgranularmachine.com\/wp-content\/uploads\/2024\/10\/Shipping-preparation-for-plastic-granulation-line.webp 720w, https:\/\/www.plasticgranularmachine.com\/wp-content\/uploads\/2024\/10\/Shipping-preparation-for-plastic-granulation-line-300x225.webp 300w, https:\/\/www.plasticgranularmachine.com\/wp-content\/uploads\/2024\/10\/Shipping-preparation-for-plastic-granulation-line-16x12.webp 16w\" sizes=\"auto, (max-width: 720px) 100vw, 720px\" \/><figcaption class=\"wp-element-caption\">Versandvorbereitung f\u00fcr Kunststoffgranulationslinie<\/figcaption><\/figure>    <figure class=\"wp-block-image size-large\"><img loading=\"lazy\" decoding=\"async\" width=\"720\" height=\"540\" data-id=\"1214\" src=\"https:\/\/www.plasticgranularmachine.com\/wp-content\/uploads\/2024\/10\/Pelletizer-crating.webp\" alt=\"Pelletierkiste\" class=\"wp-image-1214\" srcset=\"https:\/\/www.plasticgranularmachine.com\/wp-content\/uploads\/2024\/10\/Pelletizer-crating.webp 720w, https:\/\/www.plasticgranularmachine.com\/wp-content\/uploads\/2024\/10\/Pelletizer-crating-300x225.webp 300w, https:\/\/www.plasticgranularmachine.com\/wp-content\/uploads\/2024\/10\/Pelletizer-crating-16x12.webp 16w\" sizes=\"auto, (max-width: 720px) 100vw, 720px\" \/><figcaption class=\"wp-element-caption\">Pelletierkiste<\/figcaption><\/figure> <\/figure>    <h2 class=\"wp-block-heading\">Erfolgreiche F\u00e4lle teilen<\/h2>    <p>In den letzten Jahren hat shuliy viele Kunststoffrecyclingmaschinen erfolgreich in die ganze Welt exportiert. Hier sind einige aktuelle F\u00e4lle von Hartplastik-Recyclinglinien. Wenn Sie weitere Informationen w\u00fcnschen, k\u00f6nnen Sie uns gerne kontaktieren.<\/p>    <ul class=\"wp-block-list\"> <li><em><a href=\"https:\/\/www.plasticgranularmachine.com\/de\/Info\/plastic-pellet-making-machine-exported-to-germany\/\" data-type=\"link\" data-id=\"https:\/\/www.plasticgranularmachine.com\/Info\/plastic-pellet-making-machine-exported-to-germany\/\">Nach Deutschland exportierte Maschine zur Herstellung von Kunststoffpellets<\/a><\/em><\/li>    <li><em><a href=\"https:\/\/www.plasticgranularmachine.com\/de\/Info\/pvc-granulator-machine-shipped-to-oman-successfully\/\" data-type=\"link\" data-id=\"https:\/\/www.plasticgranularmachine.com\/Info\/pvc-granulator-machine-shipped-to-oman-successfully\/\">PVC-Granulatormaschine erfolgreich nach Oman geliefert<\/a><\/em><\/li>    <li><em><a href=\"https:\/\/www.plasticgranularmachine.com\/de\/Info\/plastic-recycling-pellet-machine-sent-to-mozambique\/\" data-type=\"link\" data-id=\"https:\/\/www.plasticgranularmachine.com\/Info\/plastic-recycling-pellet-machine-sent-to-mozambique\/\">Fortsetzung der Zusammenarbeit: Kunststoffrecycling-Pelletmaschine nach Mosambik geschickt<\/a><\/em><\/li> <\/ul>    <figure class=\"wp-block-gallery has-nested-images columns-default is-cropped wp-block-gallery-5 is-layout-flex wp-block-gallery-is-layout-flex\"> <figure class=\"wp-block-image size-large\"><img loading=\"lazy\" decoding=\"async\" width=\"720\" height=\"540\" data-id=\"1216\" src=\"https:\/\/www.plasticgranularmachine.com\/wp-content\/uploads\/2024\/10\/A-photo-with-the-customer-3.webp\" alt=\"Ein Foto mit dem Kunden\" class=\"wp-image-1216\" srcset=\"https:\/\/www.plasticgranularmachine.com\/wp-content\/uploads\/2024\/10\/A-photo-with-the-customer-3.webp 720w, https:\/\/www.plasticgranularmachine.com\/wp-content\/uploads\/2024\/10\/A-photo-with-the-customer-3-300x225.webp 300w, https:\/\/www.plasticgranularmachine.com\/wp-content\/uploads\/2024\/10\/A-photo-with-the-customer-3-16x12.webp 16w\" sizes=\"auto, (max-width: 720px) 100vw, 720px\" \/><figcaption class=\"wp-element-caption\">Ein Foto mit dem Kunden<\/figcaption><\/figure>    <figure class=\"wp-block-image size-large\"><img loading=\"lazy\" decoding=\"async\" width=\"720\" height=\"540\" data-id=\"1217\" src=\"https:\/\/www.plasticgranularmachine.com\/wp-content\/uploads\/2024\/10\/Group-photo-with-customer-at-plastic-recycling-machine-installation-site.webp\" alt=\"Gruppenfoto mit einem Kunden am Aufstellungsort einer Kunststoffrecyclingmaschine\" class=\"wp-image-1217\" srcset=\"https:\/\/www.plasticgranularmachine.com\/wp-content\/uploads\/2024\/10\/Group-photo-with-customer-at-plastic-recycling-machine-installation-site.webp 720w, https:\/\/www.plasticgranularmachine.com\/wp-content\/uploads\/2024\/10\/Group-photo-with-customer-at-plastic-recycling-machine-installation-site-300x225.webp 300w, https:\/\/www.plasticgranularmachine.com\/wp-content\/uploads\/2024\/10\/Group-photo-with-customer-at-plastic-recycling-machine-installation-site-16x12.webp 16w\" sizes=\"auto, (max-width: 720px) 100vw, 720px\" \/><figcaption class=\"wp-element-caption\">Gruppenfoto mit einem Kunden am Aufstellungsort einer Kunststoffrecyclingmaschine<\/figcaption><\/figure> <\/figure>    <h3 class=\"wp-block-heading\">Kundenfeedback-Video<\/h3>    <p>Die Efficient-Hartplastik-Recyclinglinie hat aufgrund ihrer zahlreichen Vorteile gro\u00dfes Lob erhalten. Dies ist ein Feedback-Video unseres Oman-Kunden. <\/p>    <figure class=\"wp-block-embed is-type-video is-provider-youtube wp-block-embed-youtube wp-embed-aspect-16-9 wp-has-aspect-ratio\"><div class=\"wp-block-embed__wrapper\"> <iframe loading=\"lazy\" title=\"Wie die Kunststoffrecyclinganlage im Oman feste Abf\u00e4lle in Mahlgutpellets umwandelt\" width=\"500\" height=\"281\" src=\"https:\/\/www.youtube.com\/embed\/NUP-LciKvvU?feature=oembed\" frameborder=\"0\" allow=\"accelerometer; autoplay; clipboard-write; encrypted-media; gyroscope; picture-in-picture; web-share\" referrerpolicy=\"strict-origin-when-cross-origin\" allowfullscreen><\/iframe> <\/div><\/figure>    <h2 class=\"wp-block-heading\">Freuen Sie sich auf Ihre Neuigkeiten<\/h2>    <p>Kurz gesagt, die effiziente Recyclinglinie f\u00fcr Hartkunststoffe zeichnet sich durch hohe Effizienz, hohe Qualit\u00e4t und niedrigen Energieverbrauch aus. Dar\u00fcber hinaus bieten wir umfassende Dienstleistungen an, um all Ihre Produktionsbed\u00fcrfnisse zu erf\u00fcllen. Wenn Sie interessiert sind, z\u00f6gern Sie bitte nicht, uns zu kontaktieren.<\/p>   <div class=\"wp-block-image\"> <figure class=\"aligncenter size-full\"><img loading=\"lazy\" decoding=\"async\" width=\"720\" height=\"540\" src=\"https:\/\/www.plasticgranularmachine.com\/wp-content\/uploads\/2024\/10\/hard-plastic-recycling-line-in-the-factory.webp\" alt=\"Hartplastik-Recyclinglinie in der Fabrik\" class=\"wp-image-1218\" srcset=\"https:\/\/www.plasticgranularmachine.com\/wp-content\/uploads\/2024\/10\/hard-plastic-recycling-line-in-the-factory.webp 720w, https:\/\/www.plasticgranularmachine.com\/wp-content\/uploads\/2024\/10\/hard-plastic-recycling-line-in-the-factory-300x225.webp 300w, https:\/\/www.plasticgranularmachine.com\/wp-content\/uploads\/2024\/10\/hard-plastic-recycling-line-in-the-factory-16x12.webp 16w\" sizes=\"auto, (max-width: 720px) 100vw, 720px\" \/><figcaption class=\"wp-element-caption\">Hartplastik-Recyclinglinie in der Fabrik<\/figcaption><\/figure> <\/div>","protected":false},"excerpt":{"rendered":"<p>Die Hartplastik-Recyclinglinie besteht aus einer Reihe wichtiger Kombinationsmaschinen, die starre Kunststoffe aus PP, PE, PVC, HDPE usw. zu recyceltem Granulat zermahlen. <\/p>","protected":false},"author":1,"featured_media":1202,"parent":0,"template":"","tags":[36,40],"product-type":[10],"class_list":["post-954","product","type-product","status-publish","has-post-thumbnail","hentry","tag-hard-plastic-recycling","tag-solution","product-type-solutions"],"_links":{"self":[{"href":"https:\/\/www.plasticgranularmachine.com\/de\/wp-json\/wp\/v2\/product\/954","targetHints":{"allow":["GET"]}}],"collection":[{"href":"https:\/\/www.plasticgranularmachine.com\/de\/wp-json\/wp\/v2\/product"}],"about":[{"href":"https:\/\/www.plasticgranularmachine.com\/de\/wp-json\/wp\/v2\/types\/product"}],"author":[{"embeddable":true,"href":"https:\/\/www.plasticgranularmachine.com\/de\/wp-json\/wp\/v2\/users\/1"}],"wp:featuredmedia":[{"embeddable":true,"href":"https:\/\/www.plasticgranularmachine.com\/de\/wp-json\/wp\/v2\/media\/1202"}],"wp:attachment":[{"href":"https:\/\/www.plasticgranularmachine.com\/de\/wp-json\/wp\/v2\/media?parent=954"}],"wp:term":[{"taxonomy":"post_tag","embeddable":true,"href":"https:\/\/www.plasticgranularmachine.com\/de\/wp-json\/wp\/v2\/tags?post=954"},{"taxonomy":"product-type","embeddable":true,"href":"https:\/\/www.plasticgranularmachine.com\/de\/wp-json\/wp\/v2\/product-type?post=954"}],"curies":[{"name":"wp","href":"https:\/\/api.w.org\/{rel}","templated":true}]}}