{"id":2,"date":"2022-06-23T01:24:56","date_gmt":"2022-06-23T01:24:56","guid":{"rendered":"http:\/\/tailwind-themes.local\/?page_id=2"},"modified":"2024-11-19T18:08:19","modified_gmt":"2024-11-19T10:08:19","slug":"about-efficient-machinery","status":"publish","type":"page","link":"https:\/\/www.plasticgranularmachine.com\/es\/about-efficient-machinery\/","title":{"rendered":"Sobre nosotros"},"content":{"rendered":"<h2 class=\"wp-block-heading\">\u00bfQui\u00e9nes somos?<\/h2>    <p>Zhengzhou Efficient Machinery es un proveedor profesional de equipos de reciclaje de pl\u00e1stico comprometido con soluciones eficientes y ecol\u00f3gicas. Desde sus inicios, Efficient Company ha establecido relaciones con clientes en m\u00e1s de 20 pa\u00edses, ayud\u00e1ndolos a construir plantas de reciclaje de pl\u00e1stico desde cero, incluidas plantas de reciclaje de botellas de pl\u00e1stico PET, plantas de peletizaci\u00f3n de HDPE LDPE, plantas de reciclaje de EPS, etc., que involucran el procesamiento y reutilizaci\u00f3n de m\u00e1s de diez tipos de materias primas.<\/p>   <div class=\"wp-block-image\"> <figure class=\"aligncenter size-full is-resized\"><img loading=\"lazy\" decoding=\"async\" width=\"800\" height=\"720\" src=\"https:\/\/www.plasticgranularmachine.com\/wp-content\/uploads\/2024\/11\/Efficient-Machinery.webp\" alt=\"Maquinaria eficiente\" class=\"wp-image-1132\" style=\"object-fit:cover;width:720px;height:540px\" srcset=\"https:\/\/www.plasticgranularmachine.com\/wp-content\/uploads\/2024\/11\/Efficient-Machinery.webp 800w, https:\/\/www.plasticgranularmachine.com\/wp-content\/uploads\/2024\/11\/Efficient-Machinery-300x270.webp 300w, https:\/\/www.plasticgranularmachine.com\/wp-content\/uploads\/2024\/11\/Efficient-Machinery-768x691.webp 768w, https:\/\/www.plasticgranularmachine.com\/wp-content\/uploads\/2024\/11\/Efficient-Machinery-13x12.webp 13w\" sizes=\"auto, (max-width: 800px) 100vw, 800px\" \/><figcaption class=\"wp-element-caption\">Maquinaria eficiente<\/figcaption><\/figure> <\/div>   <div class=\"wp-block-columns is-layout-flex wp-container-core-columns-is-layout-9d6595d7 wp-block-columns-is-layout-flex\"> <div class=\"wp-block-column is-layout-flow wp-block-column-is-layout-flow\"> <figure class=\"wp-block-image size-full\"><img loading=\"lazy\" decoding=\"async\" width=\"720\" height=\"540\" src=\"https:\/\/www.plasticgranularmachine.com\/wp-content\/uploads\/2022\/06\/plastic-film-recycling-line-1.jpg\" alt=\"L\u00ednea de reciclaje de pel\u00edculas pl\u00e1sticas.\" class=\"wp-image-194\" srcset=\"https:\/\/www.plasticgranularmachine.com\/wp-content\/uploads\/2022\/06\/plastic-film-recycling-line-1.jpg 720w, https:\/\/www.plasticgranularmachine.com\/wp-content\/uploads\/2022\/06\/plastic-film-recycling-line-1-300x225.jpg 300w\" sizes=\"auto, (max-width: 720px) 100vw, 720px\" \/><figcaption class=\"wp-element-caption\">L\u00ednea de reciclaje de pel\u00edculas pl\u00e1sticas.<\/figcaption><\/figure> <\/div>    <div class=\"wp-block-column is-layout-flow wp-block-column-is-layout-flow\"> <h2 class=\"wp-block-heading\">Productos principales<\/h2>    <p class=\"has-white-background-color has-background translation-block\">La principal m\u00e1quina de reciclaje de pl\u00e1stico incluye la <a href=\"https:\/\/www.plasticgranularmachine.com\/es\/product\/pet-bottles-recycling-line\/\">l\u00ednea de reciclaje de botellas de pl\u00e1stico<\/a> y la l\u00ednea de lavado de botellas PET, la <a href=\"https:\/\/www.plasticgranularmachine.com\/es\/product\/plastic-film-recycling-line\/\">l\u00ednea de reciclaje de film pl\u00e1stico<\/a>, la <a href=\"https:\/\/www.plasticgranularmachine.com\/es\/product\/eps-recycling-machine\/\">l\u00ednea de granulaci\u00f3n EPS<\/a>, <a href=\"https:\/\/www.plasticgranularmachine.com\/es\/products\/crushing-machine\/\">trituradora de pl\u00e1stico,<\/a> m\u00e1quina despegadora de botellas de pl\u00e1stico, <a href=\"https:\/\/www.plasticgranularmachine.com\/es\/products\/plastic-pelletizer\/\">granuladora de pl\u00e1stico<\/a>, <a href=\"https:\/\/www.plasticgranularmachine.com\/es\/products\/plastic-dryer\/\">deshidratador de pl\u00e1stico<\/a>, <a href=\"https:\/\/www.plasticgranularmachine.com\/es\/products\/washing-machine\/\">lavadora de pl\u00e1stico<\/a>, etc.<\/p> <\/div> <\/div>    <h2 class=\"wp-block-heading\">Equipo din\u00e1mico<\/h2>    <p>A menudo organizamos una variedad de actividades de formaci\u00f3n de equipos y fiestas de cumplea\u00f1os de los empleados. El jefe de la empresa tambi\u00e9n suele participar en diversas actividades con los empleados.<\/p>    <figure class=\"wp-block-video\"><video height=\"720\" style=\"aspect-ratio: 1280 \/ 720;\" width=\"1280\" controls src=\"https:\/\/www.plasticgranularmachine.com\/wp-content\/uploads\/2022\/07\/shuliy-group.mp4\"><\/video><\/figure>","protected":false},"excerpt":{"rendered":"<p>Who are we? Zhengzhou Efficient Machinery is a professional plastic recycling equipment supplier committed to efficient and eco-friendly solutions. Since its inception, Efficient Company has established relationships with customers in more than 20 countries, helping them to build plastic recycling plants from scratch, including PET plastic bottle recycling plants, HDPE LDPE pelletizing plants, EPS recycling [&hellip;]<\/p>\n","protected":false},"author":1,"featured_media":0,"parent":0,"menu_order":0,"comment_status":"closed","ping_status":"closed","template":"","meta":{"footnotes":""},"class_list":["post-2","page","type-page","status-publish","hentry"],"_links":{"self":[{"href":"https:\/\/www.plasticgranularmachine.com\/es\/wp-json\/wp\/v2\/pages\/2","targetHints":{"allow":["GET"]}}],"collection":[{"href":"https:\/\/www.plasticgranularmachine.com\/es\/wp-json\/wp\/v2\/pages"}],"about":[{"href":"https:\/\/www.plasticgranularmachine.com\/es\/wp-json\/wp\/v2\/types\/page"}],"author":[{"embeddable":true,"href":"https:\/\/www.plasticgranularmachine.com\/es\/wp-json\/wp\/v2\/users\/1"}],"replies":[{"embeddable":true,"href":"https:\/\/www.plasticgranularmachine.com\/es\/wp-json\/wp\/v2\/comments?post=2"}],"version-history":[{"count":0,"href":"https:\/\/www.plasticgranularmachine.com\/es\/wp-json\/wp\/v2\/pages\/2\/revisions"}],"wp:attachment":[{"href":"https:\/\/www.plasticgranularmachine.com\/es\/wp-json\/wp\/v2\/media?parent=2"}],"curies":[{"name":"wp","href":"https:\/\/api.w.org\/{rel}","templated":true}]}}