{"id":139,"date":"2022-07-20T08:55:52","date_gmt":"2022-07-20T08:55:52","guid":{"rendered":"https:\/\/www.plasticgranularmachine.com\/?post_type=product&#038;p=139"},"modified":"2025-01-06T10:00:00","modified_gmt":"2025-01-06T02:00:00","slug":"plastic-granulating-line","status":"publish","type":"product","link":"https:\/\/www.plasticgranularmachine.com\/es\/product\/plastic-granulating-line\/","title":{"rendered":"L\u00ednea de granulaci\u00f3n de pl\u00e1stico para reciclaje de PP LDPE HDPE"},"content":{"rendered":"<p>La l\u00ednea de granulaci\u00f3n de pl\u00e1stico es la l\u00ednea de producci\u00f3n m\u00e1s com\u00fan en las l\u00edneas de reciclaje de pl\u00e1stico. As\u00ed, esta l\u00ednea tiene como objetivo reciclar el pl\u00e1stico en pellets. El rango de producci\u00f3n de la l\u00ednea completa de peletizaci\u00f3n de pl\u00e1stico es de 100 a 500 kg\/h. <\/p>    <p>La l\u00ednea de reciclaje incluye una m\u00e1quina trituradora y lavadora, un tanque de enjuague de pel\u00edcula pl\u00e1stica, una m\u00e1quina deshidratadora de pl\u00e1stico, una m\u00e1quina peletizadora de pl\u00e1stico, un tanque de enfriamiento, una m\u00e1quina peletizadora y un contenedor de almacenamiento. <\/p>   <div class=\"wp-block-image\"> <figure class=\"aligncenter size-full\"><img loading=\"lazy\" decoding=\"async\" width=\"720\" height=\"540\" src=\"https:\/\/www.plasticgranularmachine.com\/wp-content\/uploads\/2022\/07\/plastic-granulating-line.webp\" alt=\"l\u00ednea de granulaci\u00f3n de pl\u00e1stico\" class=\"wp-image-1322\" srcset=\"https:\/\/www.plasticgranularmachine.com\/wp-content\/uploads\/2022\/07\/plastic-granulating-line.webp 720w, https:\/\/www.plasticgranularmachine.com\/wp-content\/uploads\/2022\/07\/plastic-granulating-line-300x225.webp 300w, https:\/\/www.plasticgranularmachine.com\/wp-content\/uploads\/2022\/07\/plastic-granulating-line-16x12.webp 16w\" sizes=\"auto, (max-width: 720px) 100vw, 720px\" \/><figcaption class=\"wp-element-caption\">l\u00ednea de granulaci\u00f3n de pl\u00e1stico<\/figcaption><\/figure> <\/div>   <h2 class=\"wp-block-heading\" id=\"h-what-is-the-scope-of-application-of-the-plastic-granulating-line\">\u00bfCu\u00e1l es el \u00e1mbito de aplicaci\u00f3n de la l\u00ednea de granulaci\u00f3n de pl\u00e1stico?<\/h2>    <p class=\"translation-block\">Sin embargo, no todos los pl\u00e1sticos pueden ser procesados por nuestra l\u00ednea de granulaci\u00f3n para reciclaje de pl\u00e1stico. Nuestra l\u00ednea solo puede procesar pel\u00edculas de pl\u00e1stico de PP, PE, BOPP, LDPE y HDPE. Otros materiales pl\u00e1sticos, como botellas de PET y espuma EPS, deben ser procesados por la <a href=\"https:\/\/www.plasticgranularmachine.com\/es\/product\/pet-bottles-recycling-line\/\">l\u00ednea de reciclaje de botellas de PET<\/a> y la <a href=\"https:\/\/www.plasticgranularmachine.com\/es\/product\/eps-recycling-machine\/\">l\u00ednea de peletizaci\u00f3n para reciclaje de espuma EPS<\/a>. Esto tambi\u00e9n significa que los materiales especiales requieren m\u00e1quinas y l\u00edneas de pl\u00e1stico especiales. Si encuentra un fabricante que dice que su \u00fanica l\u00ednea de reciclaje de pl\u00e1stico puede procesar todos los materiales pl\u00e1sticos, entonces debe prestar m\u00e1s atenci\u00f3n.<\/p>   <div class=\"wp-block-image\"> <figure class=\"aligncenter size-full\"><img loading=\"lazy\" decoding=\"async\" width=\"720\" height=\"540\" src=\"https:\/\/www.plasticgranularmachine.com\/wp-content\/uploads\/2022\/07\/different-waste-plastic-film.jpg\" alt=\"diferentes pel\u00edculas de pl\u00e1stico de desecho\" class=\"wp-image-142\" srcset=\"https:\/\/www.plasticgranularmachine.com\/wp-content\/uploads\/2022\/07\/different-waste-plastic-film.jpg 720w, https:\/\/www.plasticgranularmachine.com\/wp-content\/uploads\/2022\/07\/different-waste-plastic-film-300x225.jpg 300w\" sizes=\"auto, (max-width: 720px) 100vw, 720px\" \/><figcaption class=\"wp-element-caption\">diferentes pel\u00edculas de pl\u00e1stico de desecho<\/figcaption><\/figure> <\/div>   <h2 class=\"wp-block-heading\">\u00bfC\u00f3mo se fabrican los gr\u00e1nulos de pl\u00e1stico?<\/h2>    <p>La siguiente es una introducci\u00f3n al proceso de granulaci\u00f3n de pl\u00e1stico para la l\u00ednea de granulaci\u00f3n de pl\u00e1stico.<\/p>    <h3 class=\"wp-block-heading\">Trituraci\u00f3n y limpieza<\/h3>    <p>Primero, es necesario triturar la pel\u00edcula pl\u00e1stica en pedazos. Mientras tritura, nuestra m\u00e1quina procesadora de pl\u00e1stico limpiar\u00e1 los fragmentos de pl\u00e1stico.<\/p>   <div class=\"wp-block-image\"> <figure class=\"aligncenter size-full\"><img loading=\"lazy\" decoding=\"async\" width=\"720\" height=\"540\" src=\"https:\/\/www.plasticgranularmachine.com\/wp-content\/uploads\/2022\/07\/waste-plastic-after-crushing.jpg\" alt=\"residuos de pl\u00e1stico despu\u00e9s de triturar\" class=\"wp-image-143\" srcset=\"https:\/\/www.plasticgranularmachine.com\/wp-content\/uploads\/2022\/07\/waste-plastic-after-crushing.jpg 720w, https:\/\/www.plasticgranularmachine.com\/wp-content\/uploads\/2022\/07\/waste-plastic-after-crushing-300x225.jpg 300w\" sizes=\"auto, (max-width: 720px) 100vw, 720px\" \/><figcaption class=\"wp-element-caption\">residuos de pl\u00e1stico despu\u00e9s de triturar<\/figcaption><\/figure> <\/div>   <h3 class=\"wp-block-heading\">Deshidrataci\u00f3n<\/h3>    <p>Despu\u00e9s de la limpieza, los restos de pl\u00e1stico contendr\u00e1n mucha agua. Por lo tanto, para obtener mejores resultados de peletizaci\u00f3n, es necesario deshidratarlos y secarlos.<\/p>    <h3 class=\"wp-block-heading\">peletizaci\u00f3n<\/h3>    <p>La siguiente es la parte m\u00e1s importante de la l\u00ednea de granulaci\u00f3n de pl\u00e1stico. La m\u00e1quina peletizadora de pl\u00e1stico derrite la pel\u00edcula de pl\u00e1stico y extruye largas tiras de pl\u00e1stico.<\/p>    <h3 class=\"wp-block-heading\">Enfriamiento<\/h3>    <p>Luego se enfr\u00eda el pl\u00e1stico filamentoso para endurecerlo para su posterior corte.<\/p>    <h3 class=\"wp-block-heading\">peletizaci\u00f3n<\/h3>    <p>Despu\u00e9s de enfriar, las largas tiras de pl\u00e1stico se cortan en gr\u00e1nulos con un cortador.<\/p>   <div class=\"wp-block-image\"> <figure class=\"aligncenter size-full\"><img loading=\"lazy\" decoding=\"async\" width=\"720\" height=\"540\" src=\"https:\/\/www.plasticgranularmachine.com\/wp-content\/uploads\/2022\/06\/finished-products.jpg\" alt=\"productos terminados\" class=\"wp-image-108\" srcset=\"https:\/\/www.plasticgranularmachine.com\/wp-content\/uploads\/2022\/06\/finished-products.jpg 720w, https:\/\/www.plasticgranularmachine.com\/wp-content\/uploads\/2022\/06\/finished-products-300x225.jpg 300w\" sizes=\"auto, (max-width: 720px) 100vw, 720px\" \/><figcaption class=\"wp-element-caption\">productos terminados<\/figcaption><\/figure> <\/div>   <h3 class=\"wp-block-heading\">Almacenamiento<\/h3>    <p>Finalmente, los pellets de pl\u00e1stico se almacenan en contenedores.<\/p>    <h2 class=\"wp-block-heading\">La m\u00e1quina principal de la l\u00ednea de granulaci\u00f3n de pl\u00e1stico.<\/h2>    <h3 class=\"wp-block-heading\">maquina trituradora de plastico<\/h3>    <p class=\"translation-block\">La <strong><a href=\"https:\/\/www.plasticgranularmachine.com\/es\/product\/plastic-film-crusher\/\">trituradora de pl\u00e1stico<\/a><\/strong> es la primera m\u00e1quina principal en la l\u00ednea de granulaci\u00f3n para reciclaje de pl\u00e1stico. Puede triturar pel\u00edculas de pl\u00e1stico en fragmentos de pl\u00e1stico. Adem\u00e1s, la mayor caracter\u00edstica de nuestra trituradora de pl\u00e1stico es que puede limpiar los fragmentos de pl\u00e1stico despu\u00e9s de la trituraci\u00f3n. Por lo tanto, es una m\u00e1quina de trituraci\u00f3n y limpieza. El cuchillo especial incorporado es muy afilado y puede cortar la pel\u00edcula de pl\u00e1stico en trozos peque\u00f1os en poco tiempo. La m\u00e1quina adopta un dise\u00f1o de sellado cerrado, por lo que tiene alta seguridad.<\/p>   <div class=\"wp-block-image\"> <figure class=\"aligncenter size-full\"><img loading=\"lazy\" decoding=\"async\" width=\"720\" height=\"540\" src=\"https:\/\/www.plasticgranularmachine.com\/wp-content\/uploads\/2022\/07\/plastic-crusher-for-pppe.webp\" alt=\"trituradora de plastico para pppe\" class=\"wp-image-1323\" srcset=\"https:\/\/www.plasticgranularmachine.com\/wp-content\/uploads\/2022\/07\/plastic-crusher-for-pppe.webp 720w, https:\/\/www.plasticgranularmachine.com\/wp-content\/uploads\/2022\/07\/plastic-crusher-for-pppe-300x225.webp 300w, https:\/\/www.plasticgranularmachine.com\/wp-content\/uploads\/2022\/07\/plastic-crusher-for-pppe-16x12.webp 16w\" sizes=\"auto, (max-width: 720px) 100vw, 720px\" \/><figcaption class=\"wp-element-caption\">trituradora de plastico para pppe<\/figcaption><\/figure> <\/div>   <h3 class=\"wp-block-heading\">deshidratador de plastico<\/h3>    <p class=\"translation-block\">La eficiente<strong><a href=\"https:\/\/www.plasticgranularmachine.com\/es\/product\/pet-flakes-dryer\/\"> m\u00e1quina deshidratadora de pl\u00e1stico<\/a><\/strong> es una m\u00e1quina que utiliza una fuerte fuerza centr\u00edfuga para secar el agua en los fragmentos de pl\u00e1stico.<\/p>   <div class=\"wp-block-image\"> <figure class=\"aligncenter size-full\"><img loading=\"lazy\" decoding=\"async\" width=\"720\" height=\"540\" src=\"https:\/\/www.plasticgranularmachine.com\/wp-content\/uploads\/2022\/07\/vertical-plastic-dewatering-machine.webp\" alt=\"m\u00e1quina deshidratadora de pl\u00e1stico vertical\" class=\"wp-image-1324\" srcset=\"https:\/\/www.plasticgranularmachine.com\/wp-content\/uploads\/2022\/07\/vertical-plastic-dewatering-machine.webp 720w, https:\/\/www.plasticgranularmachine.com\/wp-content\/uploads\/2022\/07\/vertical-plastic-dewatering-machine-300x225.webp 300w, https:\/\/www.plasticgranularmachine.com\/wp-content\/uploads\/2022\/07\/vertical-plastic-dewatering-machine-16x12.webp 16w\" sizes=\"auto, (max-width: 720px) 100vw, 720px\" \/><figcaption class=\"wp-element-caption\">m\u00e1quina deshidratadora de pl\u00e1stico vertical<\/figcaption><\/figure> <\/div>   <h3 class=\"wp-block-heading\">M\u00e1quina granuladora de pl\u00e1stico<\/h3>    <p class=\"translation-block\">Nuestra<strong><a href=\"https:\/\/www.plasticgranularmachine.com\/es\/product\/plastic-film-granulator\/\"> granuladora para reciclaje de pl\u00e1stico<\/a><\/strong> es una m\u00e1quina que puede fundir pel\u00edculas de pl\u00e1stico y extruir largas tiras de pl\u00e1stico. Todo el sistema de granulaci\u00f3n de pl\u00e1stico incluye una m\u00e1quina principal y una m\u00e1quina auxiliar. Despu\u00e9s de fundirse, el pl\u00e1stico fluir\u00e1 por la salida de la m\u00e1quina principal y luego entrar\u00e1 en la m\u00e1quina auxiliar. Bajo la acci\u00f3n de la m\u00e1quina auxiliar, el pl\u00e1stico en forma de tira se extruir\u00e1 desde la herramienta de corte de cabeza de la m\u00e1quina auxiliar.<\/p>   <div class=\"wp-block-image\"> <figure class=\"aligncenter size-full\"><img loading=\"lazy\" decoding=\"async\" width=\"720\" height=\"540\" src=\"https:\/\/www.plasticgranularmachine.com\/wp-content\/uploads\/2022\/07\/plastic-granulator.webp\" alt=\"granulador de plastico\" class=\"wp-image-1325\" srcset=\"https:\/\/www.plasticgranularmachine.com\/wp-content\/uploads\/2022\/07\/plastic-granulator.webp 720w, https:\/\/www.plasticgranularmachine.com\/wp-content\/uploads\/2022\/07\/plastic-granulator-300x225.webp 300w, https:\/\/www.plasticgranularmachine.com\/wp-content\/uploads\/2022\/07\/plastic-granulator-16x12.webp 16w\" sizes=\"auto, (max-width: 720px) 100vw, 720px\" \/><figcaption class=\"wp-element-caption\">granulador de plastico<\/figcaption><\/figure> <\/div>   <h3 class=\"wp-block-heading\">Cortadora de pellets<\/h3>    <p class=\"translation-block\">Para obtener part\u00edculas de pl\u00e1stico, necesita una granuladora de pl\u00e1stico para cortar tiras largas de pl\u00e1stico en part\u00edculas de pl\u00e1stico. Una <strong><a href=\"https:\/\/www.plasticgranularmachine.com\/es\/product\/plastic-strip-cutting-machine\/\">m\u00e1quina cortadora de gr\u00e1nulos<\/a><\/strong> puede ayudarle a lograr esto. Adem\u00e1s, el tama\u00f1o de las part\u00edculas de pl\u00e1stico se puede ajustar seg\u00fan sus necesidades.<\/p>   <div class=\"wp-block-image\"> <figure class=\"aligncenter size-full\"><img loading=\"lazy\" decoding=\"async\" width=\"720\" height=\"540\" src=\"https:\/\/www.plasticgranularmachine.com\/wp-content\/uploads\/2022\/07\/Pellet-cutting-machine1.webp\" alt=\"Cortadora de pellets\" class=\"wp-image-1326\" srcset=\"https:\/\/www.plasticgranularmachine.com\/wp-content\/uploads\/2022\/07\/Pellet-cutting-machine1.webp 720w, https:\/\/www.plasticgranularmachine.com\/wp-content\/uploads\/2022\/07\/Pellet-cutting-machine1-300x225.webp 300w, https:\/\/www.plasticgranularmachine.com\/wp-content\/uploads\/2022\/07\/Pellet-cutting-machine1-16x12.webp 16w\" sizes=\"auto, (max-width: 720px) 100vw, 720px\" \/><figcaption class=\"wp-element-caption\">Cortadora de pellets<\/figcaption><\/figure> <\/div>   <h2 class=\"wp-block-heading\">Venta de granulador de plastico<\/h2>    <p class=\"translation-block\">En resumen, sabemos que la granuladora de pl\u00e1stico es el equipo clave en toda la l\u00ednea de granulaci\u00f3n de pl\u00e1stico. La extrusora de granulaci\u00f3n de pl\u00e1stico de residuos adopta control autom\u00e1tico de temperatura y tecnolog\u00eda de calentamiento electromagn\u00e9tico. Por lo tanto, tiene las caracter\u00edsticas de bajo consumo de energ\u00eda, sin contaminaci\u00f3n y alto grado de automatizaci\u00f3n. En <a href=\"https:\/\/www.plasticgranularmachine.com\/es\/\">Maquinaria eficiente para el reciclaje de pl\u00e1stico<\/a>, tenemos m\u00e1quinas granuladoras de pl\u00e1stico peque\u00f1as y granuladoras de pl\u00e1stico a gran escala a la venta. Los siguientes son los par\u00e1metros de tres granuladoras de pl\u00e1stico. Si desea otras m\u00e1quinas, no dude en contactarnos.<\/p>    <figure class=\"wp-block-table\"><table><tbody><tr><td>Modelo<\/td><td>SL-125<\/td><td>SL-150<\/td><td>SL-180<\/td><\/tr><tr><td>Di\u00e1metro del tornillo<\/td><td>125mm<\/td><td>150mm<\/td><td>180mm<\/td><\/tr><tr><td>Velocidad del eje principal<\/td><td>50-70 minutos<\/td><td>40-60 minutos<\/td><td>40-50 minutos<\/td><\/tr><tr><td>Motor principal<\/td><td>22+1,5 litros<\/td><td>30+1,5 kw<\/td><td>45kw<\/td><\/tr><tr><td>Capacidad<\/td><td>3t\/d\u00eda<\/td><td>5t\/d\u00eda<\/td><td>7t\/d\u00eda\/ 24h<\/td><\/tr><\/tbody><\/table><\/figure>   <div class=\"wp-block-image\"> <figure class=\"aligncenter size-full\"><img loading=\"lazy\" decoding=\"async\" width=\"720\" height=\"540\" src=\"https:\/\/www.plasticgranularmachine.com\/wp-content\/uploads\/2022\/07\/plastic-granules-making-machine.webp\" alt=\"m\u00e1quina para fabricar gr\u00e1nulos de pl\u00e1stico\" class=\"wp-image-1327\" srcset=\"https:\/\/www.plasticgranularmachine.com\/wp-content\/uploads\/2022\/07\/plastic-granules-making-machine.webp 720w, https:\/\/www.plasticgranularmachine.com\/wp-content\/uploads\/2022\/07\/plastic-granules-making-machine-300x225.webp 300w, https:\/\/www.plasticgranularmachine.com\/wp-content\/uploads\/2022\/07\/plastic-granules-making-machine-16x12.webp 16w\" sizes=\"auto, (max-width: 720px) 100vw, 720px\" \/><figcaption class=\"wp-element-caption\">m\u00e1quina para fabricar gr\u00e1nulos de pl\u00e1stico<\/figcaption><\/figure> <\/div>   <h2 class=\"wp-block-heading\">Caracter\u00edsticas de la l\u00ednea de granulaci\u00f3n de pl\u00e1stico.<\/h2>    <ol class=\"wp-block-list\"> <li>Alto rendimiento. La producci\u00f3n de la l\u00ednea de producci\u00f3n es alta y la producci\u00f3n m\u00e1xima por hora puede alcanzar los 1000 kg.<\/li>    <li>Ampliamente utilizado. Nuestra l\u00ednea de reciclaje puede granular pel\u00edculas pl\u00e1sticas de diversas materias primas. Es m\u00e1s, las materias primas m\u00e1s comunes incluyen PP, PE, BOPP, LDPE y HDPE.<\/li>    <li>F\u00e1cil de operar. Porque toda la l\u00ednea de peletizaci\u00f3n de pl\u00e1stico solo necesita de 3 a 4 personas.<\/li>    <li>Grado de automatizaci\u00f3n.<\/li>    <li>Larga vida \u00fatil. Toda la l\u00ednea de producci\u00f3n est\u00e1 hecha de acero duradero. Por tanto, tiene las caracter\u00edsticas de robustez y durabilidad.<\/li> <\/ol>    <h2 class=\"wp-block-heading\">V\u00eddeo 3D del proceso de granulaci\u00f3n de pel\u00edcula pl\u00e1stica.<\/h2>    <figure class=\"wp-block-embed is-type-video is-provider-youtube wp-block-embed-youtube wp-embed-aspect-16-9 wp-has-aspect-ratio\"><div class=\"wp-block-embed__wrapper\"> <iframe loading=\"lazy\" title=\"V\u00eddeo 3D del proceso de reciclaje de pel\u00edculas PET | M\u00e1quina de reciclaje de pel\u00edculas pl\u00e1sticas de desecho\" width=\"500\" height=\"281\" src=\"https:\/\/www.youtube.com\/embed\/rm1eGCFGcdc?feature=oembed\" frameborder=\"0\" allow=\"accelerometer; autoplay; clipboard-write; encrypted-media; gyroscope; picture-in-picture; web-share\" referrerpolicy=\"strict-origin-when-cross-origin\" allowfullscreen><\/iframe> <\/div><\/figure>    <h2 class=\"wp-block-heading\">Preguntas y respuestas<\/h2>    <ol class=\"wp-block-list\"> <li>Mis materias primas son PP, PE, PET, <a href=\"https:\/\/en.wikipedia.org\/wiki\/Polyvinyl_chloride\" target=\"_blank\" rel=\"noopener\">CLORURO DE POLIVINILO<\/a>, PS y otros productos pl\u00e1sticos. \u00bfPuedo utilizar la misma l\u00ednea de producci\u00f3n para granulaci\u00f3n?<br>R: No, diferentes materias primas tienen diferentes procesos de tratamiento. (porque diferentes materias primas tienen diferentes puntos de fusi\u00f3n)<\/li>    <li>Si las materias primas son PP y PE, \u00bfcu\u00e1l es la temperatura necesaria para la granulaci\u00f3n? \u00bfCu\u00e1l es la temperatura m\u00e1xima de la m\u00e1quina?<br>R: 240 grados cent\u00edgrados es suficiente. Adem\u00e1s, la temperatura m\u00e1xima de trabajo de la m\u00e1quina puede alcanzar los 500 grados.<\/li>    <li>\u00bfCu\u00e1l es el consumo de energ\u00eda de toda la l\u00ednea de peletizaci\u00f3n de pl\u00e1stico?<br>R: el consumo de energ\u00eda de una tonelada de material es de unos 500 grados.<\/li>    <li>\u00bfCu\u00e1l es el material del tornillo y del troquel del granulador?<br>R: 38 Luo acero al manganeso\/40 Luo<\/li>    <li>\u00bfC\u00f3mo se distingue el modelo de m\u00e1quina peletizadora por extrusi\u00f3n?<br>R: El modelo se divide seg\u00fan el di\u00e1metro interior del tornillo.<\/li>    <li>\u00bfC\u00f3mo hacer part\u00edculas de diferentes colores? \u00bfExiste una f\u00f3rmula?<br>R: agregue pigmento al granular. La f\u00f3rmula solo se puede proporcionar despu\u00e9s de realizar un pedido.<\/li>    <li>\u00bfCu\u00e1ntas personas necesito para operar toda la l\u00ednea de granulaci\u00f3n de pl\u00e1stico?<br>R: 3-4 personas son suficientes<\/li> <\/ol>    <p>Consider\u00e1ndolo todo, si necesita servicios de granulaci\u00f3n de pl\u00e1stico, no dude en contactarnos.<\/p>","protected":false},"excerpt":{"rendered":"<p>The plastic granulating line is the most common production line in plastic recycling lines. So, this line has the purpose of recycling plastic into pellets. The output range of the complete plastic pelletizing line is from 100-500 kg\/h. The recycling line includes a crushing and washing machine, plastic film rinsing tank, plastic dewatering machine, plastic [&hellip;]<\/p>\n","protected":false},"author":1,"featured_media":1220,"parent":0,"template":"","tags":[37,41],"product-type":[10],"class_list":["post-139","product","type-product","status-publish","has-post-thumbnail","hentry","tag-pelletizing","tag-plastic-film-recycling","product-type-solutions"],"_links":{"self":[{"href":"https:\/\/www.plasticgranularmachine.com\/es\/wp-json\/wp\/v2\/product\/139","targetHints":{"allow":["GET"]}}],"collection":[{"href":"https:\/\/www.plasticgranularmachine.com\/es\/wp-json\/wp\/v2\/product"}],"about":[{"href":"https:\/\/www.plasticgranularmachine.com\/es\/wp-json\/wp\/v2\/types\/product"}],"author":[{"embeddable":true,"href":"https:\/\/www.plasticgranularmachine.com\/es\/wp-json\/wp\/v2\/users\/1"}],"wp:featuredmedia":[{"embeddable":true,"href":"https:\/\/www.plasticgranularmachine.com\/es\/wp-json\/wp\/v2\/media\/1220"}],"wp:attachment":[{"href":"https:\/\/www.plasticgranularmachine.com\/es\/wp-json\/wp\/v2\/media?parent=139"}],"wp:term":[{"taxonomy":"post_tag","embeddable":true,"href":"https:\/\/www.plasticgranularmachine.com\/es\/wp-json\/wp\/v2\/tags?post=139"},{"taxonomy":"product-type","embeddable":true,"href":"https:\/\/www.plasticgranularmachine.com\/es\/wp-json\/wp\/v2\/product-type?post=139"}],"curies":[{"name":"wp","href":"https:\/\/api.w.org\/{rel}","templated":true}]}}