{"id":1567,"date":"2025-03-17T14:55:17","date_gmt":"2025-03-17T06:55:17","guid":{"rendered":"https:\/\/www.plasticgranularmachine.com\/?post_type=product&#038;p=1567"},"modified":"2025-03-31T09:07:46","modified_gmt":"2025-03-31T01:07:46","slug":"force-feeder-for-extruder","status":"publish","type":"product","link":"https:\/\/www.plasticgranularmachine.com\/es\/product\/force-feeder-for-extruder\/","title":{"rendered":"Alimentador de fuerza para extrusor"},"content":{"rendered":"<p>El alimentador forzado eficiente es un dispositivo de alimentaci\u00f3n especializado dise\u00f1ado para la pelea de pel\u00edculas de pl\u00e1stico blando, como PP, PE, LDPE, etc. Este alimentador de fuerza para extrusor garantiza un suministro uniforme, estable y suave de materiales de pl\u00e1stico de desecho al granulador de pl\u00e1stico utilizando un sistema de alimentaci\u00f3n de transporte de tornillo avanzado. Este mecanismo de alimentaci\u00f3n confiable proporciona una base s\u00f3lida para la pelea de pl\u00e1stico efectiva.<\/p>    <figure class=\"wp-block-embed is-type-video is-provider-youtube wp-block-embed-youtube wp-embed-aspect-16-9 wp-has-aspect-ratio\"><div class=\"wp-block-embed__wrapper\"> <iframe loading=\"lazy\" title=\"Alimentador de fuerza de tornillo para extrusor: \u00a1el secreto de la pelea de establo y uniforme!\" width=\"500\" height=\"281\" src=\"https:\/\/www.youtube.com\/embed\/kBizD50HKOg?feature=oembed\" frameborder=\"0\" allow=\"accelerometer; autoplay; clipboard-write; encrypted-media; gyroscope; picture-in-picture; web-share\" referrerpolicy=\"strict-origin-when-cross-origin\" allowfullscreen><\/iframe> <\/div><\/figure>    <h2 class=\"wp-block-heading\">\u00bfPor qu\u00e9 necesitamos un alimentador forzado?<\/h2>    <p>Las pel\u00edculas de pl\u00e1stico, como las pel\u00edculas de estiramiento PP, las bolsas de educaci\u00f3n f\u00edsica, etc., se caracterizan por su gran volumen y baja densidad. Como resultado, los m\u00e9todos de alimentaci\u00f3n tradicionales utilizados durante la granizaci\u00f3n pueden conducir a problemas de obstrucci\u00f3n y devanado. Estos problemas afectan negativamente tanto la eficiencia como la cantidad de reciclaje de pl\u00e1stico.<\/p>    <p>Al utilizar la fuerza mec\u00e1nica del tornillo del extrusor en el alimentador forzado, puedes lograr una alimentaci\u00f3n continua y estable, lo que garantiza la estabilidad y uniformidad de la peletizaci\u00f3n de pl\u00e1sticos.<\/p>   <div class=\"wp-block-image\"> <figure class=\"aligncenter size-full\"><img loading=\"lazy\" decoding=\"async\" width=\"540\" height=\"720\" src=\"https:\/\/www.plasticgranularmachine.com\/wp-content\/uploads\/2025\/03\/force-feeder-for-extruder.webp\" alt=\"Alimentador de fuerza para extrusor\" class=\"wp-image-1591\" srcset=\"https:\/\/www.plasticgranularmachine.com\/wp-content\/uploads\/2025\/03\/force-feeder-for-extruder.webp 540w, https:\/\/www.plasticgranularmachine.com\/wp-content\/uploads\/2025\/03\/force-feeder-for-extruder-225x300.webp 225w, https:\/\/www.plasticgranularmachine.com\/wp-content\/uploads\/2025\/03\/force-feeder-for-extruder-9x12.webp 9w\" sizes=\"auto, (max-width: 540px) 100vw, 540px\" \/><figcaption class=\"wp-element-caption\">Alimentador de fuerza para extrusor<\/figcaption><\/figure> <\/div>   <h2 class=\"wp-block-heading\">Ventajas de nuestra tolva de alimentaci\u00f3n de fuerza<\/h2>    <h3 class=\"wp-block-heading\">Mejorar el efecto de pelretizaci\u00f3n de pl\u00e1stico: <\/h3>    <ol class=\"wp-block-list\"> <li>La alimentaci\u00f3n forzada de tornillo mejora efectivamente la eficiencia de alimentaci\u00f3n de la pel\u00edcula de pl\u00e1stico. <\/li>    <li>Alimentaci\u00f3n uniforme, para evitar fluctuaciones en la cantidad de material en la extrusora, para garantizar la estabilidad del proceso de extrusi\u00f3n y la calidad del producto.<\/li>    <li>Compresi\u00f3n de pl\u00e1stico para mejorar la densidad y, por lo tanto, reducir el arrastre del aire, mejorando el posterior efecto de peletizaci\u00f3n de fusi\u00f3n.<\/li> <\/ol>   <div class=\"wp-block-image\"> <figure class=\"aligncenter size-full\"><img loading=\"lazy\" decoding=\"async\" width=\"720\" height=\"540\" src=\"https:\/\/www.plasticgranularmachine.com\/wp-content\/uploads\/2025\/03\/Screw-feeding.webp\" alt=\"Alimentaci\u00f3n de tornillo\" class=\"wp-image-1594\" srcset=\"https:\/\/www.plasticgranularmachine.com\/wp-content\/uploads\/2025\/03\/Screw-feeding.webp 720w, https:\/\/www.plasticgranularmachine.com\/wp-content\/uploads\/2025\/03\/Screw-feeding-300x225.webp 300w, https:\/\/www.plasticgranularmachine.com\/wp-content\/uploads\/2025\/03\/Screw-feeding-16x12.webp 16w\" sizes=\"auto, (max-width: 720px) 100vw, 720px\" \/><figcaption class=\"wp-element-caption\">Alimentaci\u00f3n de tornillo<\/figcaption><\/figure> <\/div>   <h3 class=\"wp-block-heading\">Bajos costos operativos<\/h3>    <ol class=\"wp-block-list\"> <li>Eficiencia energ\u00e9tica mejorada: nuestro motor de alta eficiencia y las cuchillas espirales mejoradas ofrecen un rendimiento fuerte con una resistencia reducida y un menor consumo de energ\u00eda. La velocidad del motor es ajustable para que coincida con las necesidades de producci\u00f3n, asegurando la alimentaci\u00f3n precisa y el desperdicio de energ\u00eda m\u00ednimo.<\/li>    <li>Larga vida \u00fatil: adopta material de acero inoxidable de alta calidad, corrosi\u00f3n resistente al desgaste y antioxidaci\u00f3n, bajo costo de mantenimiento.<\/li>    <li>Reduzca la mano de obra: conecte perfectamente el transportador y el sistema de pelea, realice una alimentaci\u00f3n totalmente autom\u00e1tica y precisa, reduzca el consumo de mano de obra.<\/li> <\/ol>    <h3 class=\"wp-block-heading\">Operaci\u00f3n simple y ajuste flexible<\/h3>    <ul class=\"wp-block-list\"> <li>Dise\u00f1o automatizado, f\u00e1cil de comprender la operaci\u00f3n <\/li>    <li>Ajuste flexible de la velocidad del tornillo, la presi\u00f3n de alimentaci\u00f3n y otros par\u00e1metros para garantizar el mejor efecto de alimentaci\u00f3n y extrusi\u00f3n.<\/li> <\/ul>    <h3 class=\"wp-block-heading\">Amplia aplicaci\u00f3n<\/h3>    <p>Este alimentador de fuerza para extrusor se puede aplicar a muchos tipos de pl\u00e1sticos, como PP, PE, LDPE, pel\u00edcula HDPE, espuma EPS, espuma EPE, etc. La m\u00e1quina se puede usar en el reciclaje de varios pl\u00e1sticos.<\/p>    <p>Para diferentes materias primas de pl\u00e1stico, puede ajustar de manera flexible la configuraci\u00f3n de cada par\u00e1metro para promover el efecto del reciclaje de pl\u00e1stico.<\/p>    <figure class=\"wp-block-gallery has-nested-images columns-default is-cropped wp-block-gallery-2 is-layout-flex wp-block-gallery-is-layout-flex\"> <figure class=\"wp-block-image size-large\"><img loading=\"lazy\" decoding=\"async\" width=\"720\" height=\"540\" data-id=\"1596\" src=\"https:\/\/www.plasticgranularmachine.com\/wp-content\/uploads\/2025\/03\/woven-bags.webp\" alt=\"bolsas tejidas\" class=\"wp-image-1596\" srcset=\"https:\/\/www.plasticgranularmachine.com\/wp-content\/uploads\/2025\/03\/woven-bags.webp 720w, https:\/\/www.plasticgranularmachine.com\/wp-content\/uploads\/2025\/03\/woven-bags-300x225.webp 300w, https:\/\/www.plasticgranularmachine.com\/wp-content\/uploads\/2025\/03\/woven-bags-16x12.webp 16w\" sizes=\"auto, (max-width: 720px) 100vw, 720px\" \/><figcaption class=\"wp-element-caption\">bolsas tejidas<\/figcaption><\/figure>    <figure class=\"wp-block-image size-large\"><img loading=\"lazy\" decoding=\"async\" width=\"720\" height=\"540\" data-id=\"1593\" src=\"https:\/\/www.plasticgranularmachine.com\/wp-content\/uploads\/2025\/03\/plastic-bags.webp\" alt=\"bolsas de pl\u00e1stico\" class=\"wp-image-1593\" srcset=\"https:\/\/www.plasticgranularmachine.com\/wp-content\/uploads\/2025\/03\/plastic-bags.webp 720w, https:\/\/www.plasticgranularmachine.com\/wp-content\/uploads\/2025\/03\/plastic-bags-300x225.webp 300w, https:\/\/www.plasticgranularmachine.com\/wp-content\/uploads\/2025\/03\/plastic-bags-16x12.webp 16w\" sizes=\"auto, (max-width: 720px) 100vw, 720px\" \/><figcaption class=\"wp-element-caption\">bolsas de pl\u00e1stico<\/figcaption><\/figure>    <figure class=\"wp-block-image size-large\"><img loading=\"lazy\" decoding=\"async\" width=\"720\" height=\"540\" data-id=\"1590\" src=\"https:\/\/www.plasticgranularmachine.com\/wp-content\/uploads\/2025\/03\/EPE-foams.webp\" alt=\"Espuma EPE\" class=\"wp-image-1590\" srcset=\"https:\/\/www.plasticgranularmachine.com\/wp-content\/uploads\/2025\/03\/EPE-foams.webp 720w, https:\/\/www.plasticgranularmachine.com\/wp-content\/uploads\/2025\/03\/EPE-foams-300x225.webp 300w, https:\/\/www.plasticgranularmachine.com\/wp-content\/uploads\/2025\/03\/EPE-foams-16x12.webp 16w\" sizes=\"auto, (max-width: 720px) 100vw, 720px\" \/><figcaption class=\"wp-element-caption\">Espuma EPE<\/figcaption><\/figure> <\/figure>    <h2 class=\"wp-block-heading\">\u00bfC\u00f3mo funciona el alimentador de fuerza para extrusor?<\/h2>    <ol class=\"wp-block-list\"> <li>La materia prima de pl\u00e1stico previamente tratada ingresa a la tolva del alimentador a trav\u00e9s del dispositivo de alimentaci\u00f3n autom\u00e1tica.<\/li>    <li>El tornillo del alimentador comprime el pl\u00e1stico por rotaci\u00f3n y lo transporta al tornillo del extrusor<\/li>    <li>El alimentador de fuerza para el extrusor proporciona al peletizante un suministro de materia prima uniforme y estable, asegurando la posterior pelea de fusi\u00f3n de alta calidad.<\/li> <\/ol>    <figure class=\"wp-block-embed is-type-video is-provider-youtube wp-block-embed-youtube wp-embed-aspect-16-9 wp-has-aspect-ratio\"><div class=\"wp-block-embed__wrapper\"> <iframe loading=\"lazy\" title=\"L\u00ednea de reciclaje de pel\u00edculas pl\u00e1sticas de alta calidad: comience su viaje ecol\u00f3gico\" width=\"500\" height=\"281\" src=\"https:\/\/www.youtube.com\/embed\/zRuD5tD5Ohc?feature=oembed\" frameborder=\"0\" allow=\"accelerometer; autoplay; clipboard-write; encrypted-media; gyroscope; picture-in-picture; web-share\" referrerpolicy=\"strict-origin-when-cross-origin\" allowfullscreen><\/iframe> <\/div><figcaption class=\"wp-element-caption\">Force Feeder trabaj\u00f3 en una l\u00ednea de pelea de pl\u00e1stico para pel\u00edculas<\/figcaption><\/figure>    <h2 class=\"wp-block-heading\">Datos t\u00e9cnicos de la m\u00e1quina de alimentaci\u00f3n<\/h2>    <figure class=\"wp-block-table\"><table class=\"has-fixed-layout\"><tbody><tr><td>Modelo<\/td><td>SL-600<\/td><\/tr><tr><td>Fuerza<\/td><td>2.2kw<\/td><\/tr><tr><td>Tama\u00f1o<\/td><td>600*600*1200 mm<\/td><\/tr><tr><td>Solicitud<\/td><td>PP, PE, LDPE, HDPE Films, LLDPE, EPS, EPE, etc.<\/td><\/tr><tr><td>Funci\u00f3n<\/td><td>Suministro confiable de materias primas para granuladores de pl\u00e1stico.<\/td><\/tr><\/tbody><\/table><\/figure>   <div class=\"wp-block-image\"> <figure class=\"aligncenter size-full\"><img loading=\"lazy\" decoding=\"async\" width=\"720\" height=\"540\" src=\"https:\/\/www.plasticgranularmachine.com\/wp-content\/uploads\/2025\/03\/forced-feeder-in-plastic-pelletizing-system.webp\" alt=\"Alimentador forzado en el sistema de pelretizaci\u00f3n de pl\u00e1stico\" class=\"wp-image-1592\" srcset=\"https:\/\/www.plasticgranularmachine.com\/wp-content\/uploads\/2025\/03\/forced-feeder-in-plastic-pelletizing-system.webp 720w, https:\/\/www.plasticgranularmachine.com\/wp-content\/uploads\/2025\/03\/forced-feeder-in-plastic-pelletizing-system-300x225.webp 300w, https:\/\/www.plasticgranularmachine.com\/wp-content\/uploads\/2025\/03\/forced-feeder-in-plastic-pelletizing-system-16x12.webp 16w\" sizes=\"auto, (max-width: 720px) 100vw, 720px\" \/><figcaption class=\"wp-element-caption\">Alimentador forzado en el sistema de pelretizaci\u00f3n de pl\u00e1stico<\/figcaption><\/figure> <\/div>   <h2 class=\"wp-block-heading\">Efectos operativos de los alimentadores de fuerza en extrusi\u00f3n<\/h2>    <p class=\"translation-block\">El alimentador forzado se usa generalmente junto con la <a href=\"https:\/\/www.plasticgranularmachine.com\/es\/product\/plastic-film-granulator\/\" data-type=\"link\" data-id=\"https:\/\/www.plasticgranularmachine.com\/product\/plastic-film-granulator\/\">granuladora de pl\u00e1stico<\/a>, lo que ha ayudado a clientes en muchos pa\u00edses, como Nigeria, Etiop\u00eda, Arabia Saudita, etc., a realizar una producci\u00f3n de granulaci\u00f3n de pl\u00e1stico eficiente y de alta calidad y ha sido ampliamente elogiado.<\/p>    <p>Los siguientes son algunos casos de exportaci\u00f3n exitosos. Para obtener m\u00e1s informaci\u00f3n, cont\u00e1ctenos para obtener las mejores soluciones de pelea de pl\u00e1stico personalizadas.<\/p>    <figure class=\"wp-block-gallery has-nested-images columns-default is-cropped wp-block-gallery-3 is-layout-flex wp-block-gallery-is-layout-flex\"> <figure class=\"wp-block-image size-large\"><img loading=\"lazy\" decoding=\"async\" width=\"720\" height=\"540\" data-id=\"623\" src=\"https:\/\/www.plasticgranularmachine.com\/wp-content\/uploads\/2023\/11\/plastic-pelletizer-in-Nigeria-2.webp\" alt=\"Peletizante de pl\u00e1stico en Nigeria\" class=\"wp-image-623\" srcset=\"https:\/\/www.plasticgranularmachine.com\/wp-content\/uploads\/2023\/11\/plastic-pelletizer-in-Nigeria-2.webp 720w, https:\/\/www.plasticgranularmachine.com\/wp-content\/uploads\/2023\/11\/plastic-pelletizer-in-Nigeria-2-300x225.webp 300w\" sizes=\"auto, (max-width: 720px) 100vw, 720px\" \/><figcaption class=\"wp-element-caption\">Peletizante de pl\u00e1stico en Nigeria<\/figcaption><\/figure>    <figure class=\"wp-block-image size-large\"><img loading=\"lazy\" decoding=\"async\" width=\"1024\" height=\"576\" data-id=\"721\" src=\"https:\/\/www.plasticgranularmachine.com\/wp-content\/uploads\/2023\/12\/plastic-recycling-plant-installe-1024x576.jpg\" alt=\"Peletizante de pl\u00e1stico instalado en Saudi Abria\" class=\"wp-image-721\" srcset=\"https:\/\/www.plasticgranularmachine.com\/wp-content\/uploads\/2023\/12\/plastic-recycling-plant-installe-1024x576.jpg 1024w, https:\/\/www.plasticgranularmachine.com\/wp-content\/uploads\/2023\/12\/plastic-recycling-plant-installe-300x169.jpg 300w, https:\/\/www.plasticgranularmachine.com\/wp-content\/uploads\/2023\/12\/plastic-recycling-plant-installe-768x432.jpg 768w, https:\/\/www.plasticgranularmachine.com\/wp-content\/uploads\/2023\/12\/plastic-recycling-plant-installe.jpg 1280w\" sizes=\"auto, (max-width: 1024px) 100vw, 1024px\" \/><figcaption class=\"wp-element-caption\">Peletizante de pl\u00e1stico instalado en Saudi Abria<\/figcaption><\/figure> <\/figure>    <h2 class=\"wp-block-heading\">Nuestro servicio<\/h2>    <ul class=\"wp-block-list\"> <li>\u2013 Soluciones de granulaci\u00f3n personalizadas<\/li>    <li>\u2013 Depuraci\u00f3n repetida para asegurar que no haya errores<\/li>    <li>\u2013 Log\u00edstica internacional fluida y r\u00e1pida<\/li>    <li>\u2013 Instalaci\u00f3n in situ y orientaci\u00f3n t\u00e9cnica<\/li>    <li>\u2013 Respuesta oportuna postventa, un a\u00f1o de garant\u00eda gratuita<\/li>    <li>\u2013 Suministro de piezas de por vida<\/li> <\/ul>    <h2 class=\"wp-block-heading\">Conclusi\u00f3n<\/h2>    <p>El alimentador de fuerza para extrusor es una m\u00e1quina importante para garantizar la estabilidad y eficiencia del proceso de granulaci\u00f3n pl\u00e1stica, proporcionando un suministro de materias primas uniformes y continuas y mejorando la eficiencia y calidad de la granulaci\u00f3n pl\u00e1stica. Si est\u00e1 buscando una soluci\u00f3n de alimentaci\u00f3n de pelletizaci\u00f3n de pl\u00e1stico adecuada, \u00a1bienvenidos a contactarnos!<\/p>","protected":false},"excerpt":{"rendered":"<p>El alimentador de fuerza para extrusor es una m\u00e1quina indispensable en el proceso de pelea de pl\u00e1stico blando, asegurando una alimentaci\u00f3n uniforme y eficiente.<\/p>","protected":false},"author":1,"featured_media":1591,"parent":0,"template":"","tags":[37],"product-type":[5],"class_list":["post-1567","product","type-product","status-publish","has-post-thumbnail","hentry","tag-pelletizing","product-type-plastic-pelletizer"],"_links":{"self":[{"href":"https:\/\/www.plasticgranularmachine.com\/es\/wp-json\/wp\/v2\/product\/1567","targetHints":{"allow":["GET"]}}],"collection":[{"href":"https:\/\/www.plasticgranularmachine.com\/es\/wp-json\/wp\/v2\/product"}],"about":[{"href":"https:\/\/www.plasticgranularmachine.com\/es\/wp-json\/wp\/v2\/types\/product"}],"author":[{"embeddable":true,"href":"https:\/\/www.plasticgranularmachine.com\/es\/wp-json\/wp\/v2\/users\/1"}],"wp:featuredmedia":[{"embeddable":true,"href":"https:\/\/www.plasticgranularmachine.com\/es\/wp-json\/wp\/v2\/media\/1591"}],"wp:attachment":[{"href":"https:\/\/www.plasticgranularmachine.com\/es\/wp-json\/wp\/v2\/media?parent=1567"}],"wp:term":[{"taxonomy":"post_tag","embeddable":true,"href":"https:\/\/www.plasticgranularmachine.com\/es\/wp-json\/wp\/v2\/tags?post=1567"},{"taxonomy":"product-type","embeddable":true,"href":"https:\/\/www.plasticgranularmachine.com\/es\/wp-json\/wp\/v2\/product-type?post=1567"}],"curies":[{"name":"wp","href":"https:\/\/api.w.org\/{rel}","templated":true}]}}