{"id":1663,"date":"2025-05-12T16:29:21","date_gmt":"2025-05-12T08:29:21","guid":{"rendered":"https:\/\/www.plasticgranularmachine.com\/?post_type=product&#038;p=1663"},"modified":"2025-07-22T14:28:50","modified_gmt":"2025-07-22T06:28:50","slug":"tire-recycling-production-line","status":"publish","type":"product","link":"https:\/\/www.plasticgranularmachine.com\/es\/product\/tire-recycling-production-line\/","title":{"rendered":"L\u00ednea de producci\u00f3n de reciclaje de neum\u00e1ticos semiautom\u00e1tica"},"content":{"rendered":"<p>La l\u00ednea de producci\u00f3n de reciclaje de neum\u00e1ticos semiautom\u00e1tica combina la operaci\u00f3n sin\u00e9rgica de asistencia manual y equipos automatizados para lograr la conversi\u00f3n de neum\u00e1ticos en desuso en polvo de caucho de manera rentable. <\/p>    <p>Se puede utilizar ampliamente para reciclar neum\u00e1ticos de desecho comunes, como los neum\u00e1ticos de autom\u00f3viles, y puede ser operado por solo 2 a 4 personas, lo que lo hace particularmente adecuado para nuevas empresas o plantas de reciclaje de neum\u00e1ticos peque\u00f1as a medianas con presupuestos limitados.<\/p>   <div class=\"wp-block-image\"> <figure class=\"aligncenter size-full\"><img loading=\"lazy\" decoding=\"async\" width=\"720\" height=\"463\" src=\"https:\/\/www.plasticgranularmachine.com\/wp-content\/uploads\/2025\/05\/semi-automatic-tire-recycling-production-line.webp\" alt=\"l\u00ednea de producci\u00f3n de reciclaje de neum\u00e1ticos semiautom\u00e1tica\" class=\"wp-image-1667\" srcset=\"https:\/\/www.plasticgranularmachine.com\/wp-content\/uploads\/2025\/05\/semi-automatic-tire-recycling-production-line.webp 720w, https:\/\/www.plasticgranularmachine.com\/wp-content\/uploads\/2025\/05\/semi-automatic-tire-recycling-production-line-300x193.webp 300w, https:\/\/www.plasticgranularmachine.com\/wp-content\/uploads\/2025\/05\/semi-automatic-tire-recycling-production-line-18x12.webp 18w\" sizes=\"auto, (max-width: 720px) 100vw, 720px\" \/><figcaption class=\"wp-element-caption\">l\u00ednea de producci\u00f3n de reciclaje de neum\u00e1ticos semiautom\u00e1tica<\/figcaption><\/figure> <\/div>   <h2 class=\"wp-block-heading\">Aplicaci\u00f3n y productos finales de la l\u00ednea de producci\u00f3n de reciclaje de neum\u00e1ticos<\/h2>    <p>La l\u00ednea de producci\u00f3n de reciclaje de neum\u00e1ticos semiautom\u00e1tica es adecuada para procesar todo tipo de neum\u00e1ticos desechados con un di\u00e1metro \u2264 1200 mm, como neum\u00e1ticos de autom\u00f3viles, neum\u00e1ticos de camiones, etc. <\/p>    <figure class=\"wp-block-gallery has-nested-images columns-default is-cropped wp-block-gallery-2 is-layout-flex wp-block-gallery-is-layout-flex\"> <figure class=\"wp-block-image size-large\"><img loading=\"lazy\" decoding=\"async\" width=\"720\" height=\"540\" data-id=\"1666\" src=\"https:\/\/www.plasticgranularmachine.com\/wp-content\/uploads\/2025\/05\/scrap-tires.webp\" alt=\"neum\u00e1ticos de desecho\" class=\"wp-image-1666\" srcset=\"https:\/\/www.plasticgranularmachine.com\/wp-content\/uploads\/2025\/05\/scrap-tires.webp 720w, https:\/\/www.plasticgranularmachine.com\/wp-content\/uploads\/2025\/05\/scrap-tires-300x225.webp 300w, https:\/\/www.plasticgranularmachine.com\/wp-content\/uploads\/2025\/05\/scrap-tires-16x12.webp 16w\" sizes=\"auto, (max-width: 720px) 100vw, 720px\" \/><figcaption class=\"wp-element-caption\">neum\u00e1ticos de desecho<\/figcaption><\/figure>    <figure class=\"wp-block-image size-large\"><img loading=\"lazy\" decoding=\"async\" width=\"720\" height=\"540\" data-id=\"1665\" src=\"https:\/\/www.plasticgranularmachine.com\/wp-content\/uploads\/2025\/05\/Rubber-powder-of-different-finenesses.webp\" alt=\"Polvo de caucho de diferentes finuras\" class=\"wp-image-1665\" srcset=\"https:\/\/www.plasticgranularmachine.com\/wp-content\/uploads\/2025\/05\/Rubber-powder-of-different-finenesses.webp 720w, https:\/\/www.plasticgranularmachine.com\/wp-content\/uploads\/2025\/05\/Rubber-powder-of-different-finenesses-300x225.webp 300w, https:\/\/www.plasticgranularmachine.com\/wp-content\/uploads\/2025\/05\/Rubber-powder-of-different-finenesses-16x12.webp 16w\" sizes=\"auto, (max-width: 720px) 100vw, 720px\" \/><figcaption class=\"wp-element-caption\">Polvo de caucho de diferentes finuras<\/figcaption><\/figure> <\/figure>    <p>A trav\u00e9s del proceso de pretratamiento, trituraci\u00f3n, molienda y tamizado, los neum\u00e1ticos reciclados se procesan en granulados o polvos de goma ajustables de 10-40 mallas, y la pureza de los productos es de hasta el 99% o m\u00e1s.<\/p>    <h2 class=\"wp-block-heading\">Caracter\u00edsticas clave de la l\u00ednea de reciclaje de neum\u00e1ticos usados<\/h2>    <ul class=\"wp-block-list\"> <li><strong>Baja inversi\u00f3n:<\/strong> estructura simple, operaci\u00f3n flexible, bajo costo de compra, adecuada para nuevas empresas o f\u00e1bricas peque\u00f1as.<\/li>    <li><strong>Alto rendimiento:<\/strong> alta eficiencia, buena calidad del producto, pureza de hasta el 99%, alta competitividad en el mercado.<\/li>    <li><strong>Operaci\u00f3n f\u00e1cil:<\/strong> solo 2-4 personas pueden ayudar a completar la producci\u00f3n. El equipo est\u00e1 equipado con protecciones de seguridad y es seguro de operar. <\/li>    <li><strong>Protecci\u00f3n del medio ambiente:<\/strong> Se pueden proporcionar certificados CE e ISO, con bajo consumo de energ\u00eda, sin contaminaci\u00f3n y en l\u00ednea con los est\u00e1ndares ambientales.<\/li> <\/ul>    <h2 class=\"wp-block-heading\">\u00bfC\u00f3mo funciona la l\u00ednea de producci\u00f3n de polvo de goma semiautom\u00e1tica?<\/h2>    <p>La l\u00ednea completa de reciclaje de neum\u00e1ticos usados semiautom\u00e1tica consta de un cortador de pared lateral de neum\u00e1ticos, un cortador de tiras de neum\u00e1ticos, un cortador de bloques de neum\u00e1ticos, una trituradora de neum\u00e1ticos, una m\u00e1quina de polvo de caucho y un sistema de separador magn\u00e9tico, as\u00ed como un separador de fibra.<\/p>   <div class=\"wp-block-image\"> <figure class=\"aligncenter size-full\"><img loading=\"lazy\" decoding=\"async\" width=\"720\" height=\"540\" src=\"https:\/\/www.plasticgranularmachine.com\/wp-content\/uploads\/2025\/05\/working-flow-of-the-semi-automatic-rubber-recycling-plant.webp\" alt=\"flujo de trabajo de la planta de reciclaje de goma semiautom\u00e1tica\" class=\"wp-image-1672\" srcset=\"https:\/\/www.plasticgranularmachine.com\/wp-content\/uploads\/2025\/05\/working-flow-of-the-semi-automatic-rubber-recycling-plant.webp 720w, https:\/\/www.plasticgranularmachine.com\/wp-content\/uploads\/2025\/05\/working-flow-of-the-semi-automatic-rubber-recycling-plant-300x225.webp 300w, https:\/\/www.plasticgranularmachine.com\/wp-content\/uploads\/2025\/05\/working-flow-of-the-semi-automatic-rubber-recycling-plant-16x12.webp 16w\" sizes=\"auto, (max-width: 720px) 100vw, 720px\" \/><figcaption class=\"wp-element-caption\">flujo de trabajo de la planta de reciclaje de goma semiautom\u00e1tica<\/figcaption><\/figure> <\/div>   <ol class=\"wp-block-list\"> <li><strong>Pretratamiento 1<\/strong>: Usando una m\u00e1quina cortadora de anillos de neum\u00e1ticos, corte el tal\u00f3n del neum\u00e1tico que contiene una gran cantidad de alambre de acero para obtener las paredes laterales de goma del neum\u00e1tico.<\/li>    <li><strong>Pretratamiento 2:<\/strong> Utilizando una m\u00e1quina cortadora de tiras de neum\u00e1ticos, corte las paredes laterales de los neum\u00e1ticos en tiras de 3-5 cm de ancho.<\/li>    <li><strong>Pretratamiento 3:<\/strong> Luego, corte las tiras de goma en bloques m\u00e1s peque\u00f1os de 5 cm de largo y ancho con la cortadora de bloques de neum\u00e1ticos para el posterior proceso de triturado.<\/li>    <li><strong>Molienda y Cribado:<\/strong> Los rodillos gemelos muelen eficientemente bloques de goma en polvo de 10-40 mallas a trav\u00e9s de corte y fricci\u00f3n. Un tamiz vibrante y un sistema de tamizado de m\u00faltiples etapas separan autom\u00e1ticamente el polvo calificado, reciclando cualquier material que no cumpla con los requisitos de tama\u00f1o.<\/li>    <li><strong>Separaci\u00f3n Magn\u00e9tica: <\/strong>A trav\u00e9s de la adsorci\u00f3n de rodillos magn\u00e9ticos, se elimina de manera eficiente el alambre de hierro mezclado en el polvo de goma, mejorando la pureza del polvo de goma.<\/li>    <li><strong>Separaci\u00f3n de Fibras: <\/strong>Las fibras de nylon residuales se eliminan mediante un tamizaje por flujo de aire para garantizar que la pureza del polvo de caucho pueda ser superior al 99%.<\/li> <\/ol>    <h2 class=\"wp-block-heading\">M\u00e1quinas de reciclaje de neum\u00e1ticos eficientes en venta<\/h2>    <p>Nuestras l\u00edneas de producci\u00f3n de reciclaje de neum\u00e1ticos son modulares y flexibles. A continuaci\u00f3n se presenta informaci\u00f3n sobre las especificaciones clave de cada m\u00e1quina.<\/p>    <h3 class=\"wp-block-heading\">M\u00e1quina de corte de flancos de neum\u00e1ticos<\/h3>    <div class=\"wp-block-media-text is-stacked-on-mobile\"><figure class=\"wp-block-media-text__media\"><img loading=\"lazy\" decoding=\"async\" width=\"720\" height=\"540\" src=\"https:\/\/www.plasticgranularmachine.com\/wp-content\/uploads\/2025\/05\/tire-sidewall-cutter.webp\" alt=\"cortadora de pared lateral de neum\u00e1ticos\" class=\"wp-image-1670 size-full\" srcset=\"https:\/\/www.plasticgranularmachine.com\/wp-content\/uploads\/2025\/05\/tire-sidewall-cutter.webp 720w, https:\/\/www.plasticgranularmachine.com\/wp-content\/uploads\/2025\/05\/tire-sidewall-cutter-300x225.webp 300w, https:\/\/www.plasticgranularmachine.com\/wp-content\/uploads\/2025\/05\/tire-sidewall-cutter-16x12.webp 16w\" sizes=\"auto, (max-width: 720px) 100vw, 720px\" \/><\/figure><div class=\"wp-block-media-text__content\"> <p>Altamente eficiente en la eliminaci\u00f3n de alambres de acero, protegiendo y extendiendo la vida \u00fatil de toda la l\u00ednea.<\/p>    <ul class=\"wp-block-list\"> <li>Capacidad: 40 pcs\/h<\/li>    <li>Potencia del motor: 4+0.75 KW<\/li>    <li>Rango de trabajo: llantas de 650-1250 mm<\/li>    <li>Tama\u00f1o de la m\u00e1quina: 1.8m*1.3m*1.6m<\/li> <\/ul> <\/div><\/div>    <h3 class=\"wp-block-heading\">Cortadora de tiras de neum\u00e1ticos<\/h3>    <div class=\"wp-block-media-text is-stacked-on-mobile\"><figure class=\"wp-block-media-text__media\"><img loading=\"lazy\" decoding=\"async\" width=\"720\" height=\"540\" src=\"https:\/\/www.plasticgranularmachine.com\/wp-content\/uploads\/2025\/05\/tire-strip-cutter.webp\" alt=\"cortador de tiras de neum\u00e1ticos\" class=\"wp-image-1671 size-full\" srcset=\"https:\/\/www.plasticgranularmachine.com\/wp-content\/uploads\/2025\/05\/tire-strip-cutter.webp 720w, https:\/\/www.plasticgranularmachine.com\/wp-content\/uploads\/2025\/05\/tire-strip-cutter-300x225.webp 300w, https:\/\/www.plasticgranularmachine.com\/wp-content\/uploads\/2025\/05\/tire-strip-cutter-16x12.webp 16w\" sizes=\"auto, (max-width: 720px) 100vw, 720px\" \/><\/figure><div class=\"wp-block-media-text__content\"> <p>Fuerza de corte fuerte, operaci\u00f3n simple y peque\u00f1o espacio.<\/p>    <ul class=\"wp-block-list\"> <li>Capacidad: 1000 kg\/h<\/li>    <li>Potencia del motor: 5.5 KW<\/li>    <li>Velocidad del motor: 45 r\/min<\/li>    <li>Productos finales: tiras de 3-5 cm de ancho<\/li> <\/ul> <\/div><\/div>    <h3 class=\"wp-block-heading\">Cortadora de bloques de neum\u00e1ticos<\/h3>    <div class=\"wp-block-media-text is-stacked-on-mobile\"><figure class=\"wp-block-media-text__media\"><img loading=\"lazy\" decoding=\"async\" width=\"720\" height=\"540\" src=\"https:\/\/www.plasticgranularmachine.com\/wp-content\/uploads\/2025\/05\/tire-block-cutter.webp\" alt=\"cortador de bloques de neum\u00e1ticos\" class=\"wp-image-1668 size-full\" srcset=\"https:\/\/www.plasticgranularmachine.com\/wp-content\/uploads\/2025\/05\/tire-block-cutter.webp 720w, https:\/\/www.plasticgranularmachine.com\/wp-content\/uploads\/2025\/05\/tire-block-cutter-300x225.webp 300w, https:\/\/www.plasticgranularmachine.com\/wp-content\/uploads\/2025\/05\/tire-block-cutter-16x12.webp 16w\" sizes=\"auto, (max-width: 720px) 100vw, 720px\" \/><\/figure><div class=\"wp-block-media-text__content\"> <p>Cortes estables que mejoran efectivamente la eficiencia del reciclaje de neum\u00e1ticos, protegen el dispositivo posterior y son adecuados para operaci\u00f3n continua.<\/p>    <ul class=\"wp-block-list\"> <li>Modelo: QKJ-358, cortadora de bloques de neum\u00e1ticos actualizada<\/li>    <li>Capacidad: 800\/1500 kg\/h<\/li>    <li>Potencia del motor: 5.5\/18.5 KW<\/li> <\/ul> <\/div><\/div>    <h3 class=\"wp-block-heading\">Molino de neum\u00e1ticos y separadores magn\u00e9ticos<\/h3>    <div class=\"wp-block-media-text is-stacked-on-mobile\"><figure class=\"wp-block-media-text__media\"><img loading=\"lazy\" decoding=\"async\" width=\"720\" height=\"540\" src=\"https:\/\/www.plasticgranularmachine.com\/wp-content\/uploads\/2025\/05\/tire-crusher-and-magnetic-separator.webp\" alt=\"triturador de neum\u00e1ticos y separador magn\u00e9tico\" class=\"wp-image-1669 size-full\" srcset=\"https:\/\/www.plasticgranularmachine.com\/wp-content\/uploads\/2025\/05\/tire-crusher-and-magnetic-separator.webp 720w, https:\/\/www.plasticgranularmachine.com\/wp-content\/uploads\/2025\/05\/tire-crusher-and-magnetic-separator-300x225.webp 300w, https:\/\/www.plasticgranularmachine.com\/wp-content\/uploads\/2025\/05\/tire-crusher-and-magnetic-separator-16x12.webp 16w\" sizes=\"auto, (max-width: 720px) 100vw, 720px\" \/><\/figure><div class=\"wp-block-media-text__content\"> <p class=\"translation-block\">Molienda fina <a href=\"https:\/\/www.plasticgranularmachine.com\/es\/product\/tire-grinder-and-magnetic-separator\/\" data-type=\"link\" data-id=\"https:\/\/www.plasticgranularmachine.com\/product\/tire-grinder-and-magnetic-separator\/\">molienda<\/a>, clasificaci\u00f3n de varias etapas, material uniforme y fino, tama\u00f1o ajustable, pureza mayor del 99%.<\/p>    <ul class=\"wp-block-list\"> <li>Modelo: SL-350\/400\/450\/560\/560D\/660 L\u00ednea<\/li>    <li>Capacidad: 80-300 \/ 150-400 \/ 200-600 \/ 300-1000 \/ 800-1600 \/ 900-2300 kg\/h<\/li>    <li>Tama\u00f1o de salida: 10-40 malla (2.5-0.63 mm)<\/li> <\/ul> <\/div><\/div>    <h3 class=\"wp-block-heading\">Separador de fibra<\/h3>    <div class=\"wp-block-media-text is-stacked-on-mobile\"><figure class=\"wp-block-media-text__media\"><img loading=\"lazy\" decoding=\"async\" width=\"720\" height=\"540\" src=\"https:\/\/www.plasticgranularmachine.com\/wp-content\/uploads\/2025\/05\/fiber-separator.webp\" alt=\"separador de fibra\" class=\"wp-image-1664 size-full\" srcset=\"https:\/\/www.plasticgranularmachine.com\/wp-content\/uploads\/2025\/05\/fiber-separator.webp 720w, https:\/\/www.plasticgranularmachine.com\/wp-content\/uploads\/2025\/05\/fiber-separator-300x225.webp 300w, https:\/\/www.plasticgranularmachine.com\/wp-content\/uploads\/2025\/05\/fiber-separator-16x12.webp 16w\" sizes=\"auto, (max-width: 720px) 100vw, 720px\" \/><\/figure><div class=\"wp-block-media-text__content\"> <p>Eliminaci\u00f3n altamente eficiente de fibras de nylon, sin da\u00f1o al polvo de caucho, ahorro de energ\u00eda y respetuoso con el medio ambiente.<\/p>    <ul class=\"wp-block-list\"> <li>Capacidad: 800-1000 kg\/h<\/li>    <li>Potencia del motor: 5.5 KW<\/li>    <li>Pureza de salida: m\u00e1s del 99%<\/li> <\/ul> <\/div><\/div>    <h2 class=\"wp-block-heading\">\u00a1Obt\u00e9n una soluci\u00f3n de reciclaje de neum\u00e1ticos personalizada!<\/h2>    <p class=\"translation-block\">Ya sea que est\u00e9s comenzando tu negocio de reciclaje de neum\u00e1ticos o ya dirijas una planta de reciclaje madura, ofrecemos soluciones personalizadas para todo tipo de neum\u00e1ticos, desde semi-autom\u00e1ticas hasta <a href=\"https:\/\/www.plasticgranularmachine.com\/es\/product\/rubber-recycling-plant\/\">l\u00edneas de producci\u00f3n de reciclaje de neum\u00e1ticos totalmente autom\u00e1ticas<\/a>. \u00a1No dudes en contactarnos para m\u00e1s detalles!<\/p>","protected":false},"excerpt":{"rendered":"<p>The semi-automatic tire recycling production line combines the synergistic operation of manual assistance and automated equipment to achieve the conversion of scrap tires into rubber powder in a cost-effective manner. It can be widely used to recycle common scrap tires, such as car tires, and can be operated by only 2-4 people, making it particularly [&hellip;]<\/p>\n","protected":false},"author":1,"featured_media":1672,"parent":0,"template":"","tags":[],"product-type":[10],"class_list":["post-1663","product","type-product","status-publish","has-post-thumbnail","hentry","product-type-solutions"],"_links":{"self":[{"href":"https:\/\/www.plasticgranularmachine.com\/es\/wp-json\/wp\/v2\/product\/1663","targetHints":{"allow":["GET"]}}],"collection":[{"href":"https:\/\/www.plasticgranularmachine.com\/es\/wp-json\/wp\/v2\/product"}],"about":[{"href":"https:\/\/www.plasticgranularmachine.com\/es\/wp-json\/wp\/v2\/types\/product"}],"author":[{"embeddable":true,"href":"https:\/\/www.plasticgranularmachine.com\/es\/wp-json\/wp\/v2\/users\/1"}],"wp:featuredmedia":[{"embeddable":true,"href":"https:\/\/www.plasticgranularmachine.com\/es\/wp-json\/wp\/v2\/media\/1672"}],"wp:attachment":[{"href":"https:\/\/www.plasticgranularmachine.com\/es\/wp-json\/wp\/v2\/media?parent=1663"}],"wp:term":[{"taxonomy":"post_tag","embeddable":true,"href":"https:\/\/www.plasticgranularmachine.com\/es\/wp-json\/wp\/v2\/tags?post=1663"},{"taxonomy":"product-type","embeddable":true,"href":"https:\/\/www.plasticgranularmachine.com\/es\/wp-json\/wp\/v2\/product-type?post=1663"}],"curies":[{"name":"wp","href":"https:\/\/api.w.org\/{rel}","templated":true}]}}