{"id":1688,"date":"2025-05-26T10:49:51","date_gmt":"2025-05-26T02:49:51","guid":{"rendered":"https:\/\/www.plasticgranularmachine.com\/?post_type=product&#038;p=1688"},"modified":"2025-07-23T10:32:17","modified_gmt":"2025-07-23T02:32:17","slug":"egg-tray-production-line","status":"publish","type":"product","link":"https:\/\/www.plasticgranularmachine.com\/es\/product\/egg-tray-production-line\/","title":{"rendered":"Maximiza los retornos con la l\u00ednea de producci\u00f3n de bandejas de huevo"},"content":{"rendered":"<p>Nuestra l\u00ednea de producci\u00f3n de bandejas de huevos de pulpa de papel tiene una capacidad de 1,000 a 7,000 piezas por hora. Puede convertir de manera eficiente papel desechado en varios productos de bandejas de papel, como bandejas para huevos, bandejas para manzanas, bandejas para zapatos, bandejas para tazas de caf\u00e9, etc. Estos productos se utilizan ampliamente en muchos campos, incluyendo alimentos, agricultura y art\u00edculos de uso diario.<\/p>    <p>Usando nuestro equipo, el costo total promedio por bandeja de huevos es solo de $0.026-$0.04, mientras que el precio en el mercado internacional es t\u00edpicamente de $0.07-$0.10 o m\u00e1s. \u00a1El margen de beneficio es tan alto como 150%-250%, lo que convierte este proyecto en una inversi\u00f3n muy atractiva!<\/p>   <div class=\"wp-block-image\"> <figure class=\"aligncenter size-full\"><img loading=\"lazy\" decoding=\"async\" width=\"720\" height=\"540\" src=\"https:\/\/www.plasticgranularmachine.com\/wp-content\/uploads\/2025\/05\/egg-tray-manufacturing-plant.webp\" alt=\"planta de fabricaci\u00f3n de bandejas de huevos\" class=\"wp-image-1692\" srcset=\"https:\/\/www.plasticgranularmachine.com\/wp-content\/uploads\/2025\/05\/egg-tray-manufacturing-plant.webp 720w, https:\/\/www.plasticgranularmachine.com\/wp-content\/uploads\/2025\/05\/egg-tray-manufacturing-plant-300x225.webp 300w, https:\/\/www.plasticgranularmachine.com\/wp-content\/uploads\/2025\/05\/egg-tray-manufacturing-plant-16x12.webp 16w\" sizes=\"auto, (max-width: 720px) 100vw, 720px\" \/><figcaption class=\"wp-element-caption\">planta de fabricaci\u00f3n de bandejas de huevos<\/figcaption><\/figure> <\/div>   <h2 class=\"wp-block-heading\">Materias primas y productos finales de las m\u00e1quinas de bandejas de huevos<\/h2>    <p>Nuestra l\u00ednea de producci\u00f3n de bandejas para huevos utiliza papel reciclado y fibras vegetales, como peri\u00f3dicos viejos, cartones, bandejas de huevos usadas, pulpa de madera, etc., como materias primas. A trav\u00e9s de la pulpa, el moldeo, el secado y el empaquetado, produce bandejas para huevos transpirables, biodegradables y ecol\u00f3gicas.<\/p>    <figure class=\"wp-block-gallery has-nested-images columns-default is-cropped wp-block-gallery-2 is-layout-flex wp-block-gallery-is-layout-flex\"> <figure class=\"wp-block-image size-large\"><img loading=\"lazy\" decoding=\"async\" width=\"720\" height=\"540\" data-id=\"1703\" src=\"https:\/\/www.plasticgranularmachine.com\/wp-content\/uploads\/2025\/05\/waste-paper-boxes.webp\" alt=\"cajas de papel desechadas\" class=\"wp-image-1703\" srcset=\"https:\/\/www.plasticgranularmachine.com\/wp-content\/uploads\/2025\/05\/waste-paper-boxes.webp 720w, https:\/\/www.plasticgranularmachine.com\/wp-content\/uploads\/2025\/05\/waste-paper-boxes-300x225.webp 300w, https:\/\/www.plasticgranularmachine.com\/wp-content\/uploads\/2025\/05\/waste-paper-boxes-16x12.webp 16w\" sizes=\"auto, (max-width: 720px) 100vw, 720px\" \/><figcaption class=\"wp-element-caption\">cajas de papel desechadas<\/figcaption><\/figure>    <figure class=\"wp-block-image size-large\"><img loading=\"lazy\" decoding=\"async\" width=\"720\" height=\"540\" data-id=\"1702\" src=\"https:\/\/www.plasticgranularmachine.com\/wp-content\/uploads\/2025\/05\/waste-nueswpapers.webp\" alt=\"peri\u00f3dicos desechados\" class=\"wp-image-1702\" srcset=\"https:\/\/www.plasticgranularmachine.com\/wp-content\/uploads\/2025\/05\/waste-nueswpapers.webp 720w, https:\/\/www.plasticgranularmachine.com\/wp-content\/uploads\/2025\/05\/waste-nueswpapers-300x225.webp 300w, https:\/\/www.plasticgranularmachine.com\/wp-content\/uploads\/2025\/05\/waste-nueswpapers-16x12.webp 16w\" sizes=\"auto, (max-width: 720px) 100vw, 720px\" \/><figcaption class=\"wp-element-caption\">peri\u00f3dicos desechados<\/figcaption><\/figure>    <figure class=\"wp-block-image size-large\"><img loading=\"lazy\" decoding=\"async\" width=\"720\" height=\"540\" data-id=\"1691\" src=\"https:\/\/www.plasticgranularmachine.com\/wp-content\/uploads\/2025\/05\/books.webp\" alt=\"libros\" class=\"wp-image-1691\" srcset=\"https:\/\/www.plasticgranularmachine.com\/wp-content\/uploads\/2025\/05\/books.webp 720w, https:\/\/www.plasticgranularmachine.com\/wp-content\/uploads\/2025\/05\/books-300x225.webp 300w, https:\/\/www.plasticgranularmachine.com\/wp-content\/uploads\/2025\/05\/books-16x12.webp 16w\" sizes=\"auto, (max-width: 720px) 100vw, 720px\" \/><figcaption class=\"wp-element-caption\">libros<\/figcaption><\/figure> <\/figure>    <p>Adem\u00e1s, al cambiar el molde y ajustar el proceso de producci\u00f3n, podemos producir bandejas de papel de alta calidad en varios tama\u00f1os, formas y colores para satisfacer diferentes necesidades. Nuestras bandejas se utilizan ampliamente en el envasado de alimentos, art\u00edculos de uso diario, transporte, embalaje a prueba de golpes electr\u00f3nicos, etc.<\/p>   <div class=\"wp-block-image\"> <figure class=\"aligncenter size-full\"><img loading=\"lazy\" decoding=\"async\" width=\"720\" height=\"540\" src=\"https:\/\/www.plasticgranularmachine.com\/wp-content\/uploads\/2025\/05\/various-paper-trays.webp\" alt=\"varias bandejas de papel\" class=\"wp-image-1701\" srcset=\"https:\/\/www.plasticgranularmachine.com\/wp-content\/uploads\/2025\/05\/various-paper-trays.webp 720w, https:\/\/www.plasticgranularmachine.com\/wp-content\/uploads\/2025\/05\/various-paper-trays-300x225.webp 300w, https:\/\/www.plasticgranularmachine.com\/wp-content\/uploads\/2025\/05\/various-paper-trays-16x12.webp 16w\" sizes=\"auto, (max-width: 720px) 100vw, 720px\" \/><figcaption class=\"wp-element-caption\">varias bandejas de papel<\/figcaption><\/figure> <\/div>   <h2 class=\"wp-block-heading\">Caracter\u00edsticas principales de nuestra l\u00ednea de producci\u00f3n de bandejas de huevos<\/h2>    <ul class=\"wp-block-list\"> <li>Las materias primas para reciclar papel desechado est\u00e1n ampliamente disponibles.<\/li>    <li>Las bandejas de huevos terminadas se pueden personalizar en rendimiento, color, grosor y forma.<\/li>    <li>Los cartones de huevos biodegradables cumplen con los est\u00e1ndares ambientales y son transpirables.<\/li>    <li>La m\u00e1quina ofrece operaci\u00f3n autom\u00e1tica o semiautom\u00e1tica.<\/li>    <li>Varios m\u00e9todos de secado se adaptan a diferentes climas.<\/li>    <li>Los bajos costos de producci\u00f3n generan altos retornos, con m\u00e1rgenes de beneficio del 150%-250%.<\/li>    <li>Proporcionamos l\u00edneas de producci\u00f3n con capacidades de 1,000 a 7,000 pcs\/h y apoyamos todo el proceso de planificaci\u00f3n, incluida la instalaci\u00f3n y una garant\u00eda gratuita.<\/li> <\/ul>   <div class=\"wp-block-image\"> <figure class=\"aligncenter size-full\"><img loading=\"lazy\" decoding=\"async\" width=\"720\" height=\"540\" src=\"https:\/\/www.plasticgranularmachine.com\/wp-content\/uploads\/2025\/05\/egg-tray-production-line.webp\" alt=\"l\u00ednea de producci\u00f3n de bandejas de huevos\" class=\"wp-image-1694\" srcset=\"https:\/\/www.plasticgranularmachine.com\/wp-content\/uploads\/2025\/05\/egg-tray-production-line.webp 720w, https:\/\/www.plasticgranularmachine.com\/wp-content\/uploads\/2025\/05\/egg-tray-production-line-300x225.webp 300w, https:\/\/www.plasticgranularmachine.com\/wp-content\/uploads\/2025\/05\/egg-tray-production-line-16x12.webp 16w\" sizes=\"auto, (max-width: 720px) 100vw, 720px\" \/><figcaption class=\"wp-element-caption\">l\u00ednea de producci\u00f3n de bandejas de huevos<\/figcaption><\/figure> <\/div>   <h2 class=\"wp-block-heading\">Proceso completo de fabricaci\u00f3n de bandejas de huevos revelado<\/h2>   <div class=\"wp-block-image\"> <figure class=\"aligncenter size-full\"><img loading=\"lazy\" decoding=\"async\" width=\"700\" height=\"461\" src=\"https:\/\/www.plasticgranularmachine.com\/wp-content\/uploads\/2025\/05\/procedures-of-egg-tray-production-line.webp\" alt=\"procedimientos de la l\u00ednea de producci\u00f3n de bandejas de huevos\" class=\"wp-image-1699\" srcset=\"https:\/\/www.plasticgranularmachine.com\/wp-content\/uploads\/2025\/05\/procedures-of-egg-tray-production-line.webp 700w, https:\/\/www.plasticgranularmachine.com\/wp-content\/uploads\/2025\/05\/procedures-of-egg-tray-production-line-300x198.webp 300w, https:\/\/www.plasticgranularmachine.com\/wp-content\/uploads\/2025\/05\/procedures-of-egg-tray-production-line-18x12.webp 18w\" sizes=\"auto, (max-width: 700px) 100vw, 700px\" \/><figcaption class=\"wp-element-caption\">procedimientos de la l\u00ednea de producci\u00f3n de bandejas de huevos<\/figcaption><\/figure> <\/div>   <h3 class=\"wp-block-heading\">Pulpa de papel<\/h3>    <ul class=\"wp-block-list\"> <li>Ponga papel de desecho y agua en el pulper hidr\u00e1ulico para triturar la pulpa.<\/li>    <li>Luego, se a\u00f1aden aditivos al tanque de acondicionamiento de pulpa para modificar la pulpa. Revuelva continuamente para formar una pulpa uniforme.<\/li>    <li>Las bombas de pulpa transportan la pulpa al tanque de suministro.<\/li>    <li>Agregue agua para diluir la pulpa a una concentraci\u00f3n del 3-5%.<\/li> <\/ul>   <div class=\"wp-block-image\"> <figure class=\"aligncenter size-full\"><img loading=\"lazy\" decoding=\"async\" width=\"720\" height=\"540\" src=\"https:\/\/www.plasticgranularmachine.com\/wp-content\/uploads\/2025\/05\/paper-pulping-machine.webp\" alt=\"m\u00e1quina de pulpa de papel\" class=\"wp-image-1698\" srcset=\"https:\/\/www.plasticgranularmachine.com\/wp-content\/uploads\/2025\/05\/paper-pulping-machine.webp 720w, https:\/\/www.plasticgranularmachine.com\/wp-content\/uploads\/2025\/05\/paper-pulping-machine-300x225.webp 300w, https:\/\/www.plasticgranularmachine.com\/wp-content\/uploads\/2025\/05\/paper-pulping-machine-16x12.webp 16w\" sizes=\"auto, (max-width: 720px) 100vw, 720px\" \/><figcaption class=\"wp-element-caption\">m\u00e1quina de pulpa de papel<\/figcaption><\/figure> <\/div>   <h3 class=\"wp-block-heading\">Moldeo de bandejas de huevos<\/h3>    <p class=\"translation-block\">El proceso de moldeo es el paso m\u00e1s importante en la l\u00ednea de producci\u00f3n de bandejas de huevo. Ofrecemos muchos modelos de <a href=\"https:\/\/www.plasticgranularmachine.com\/es\/product\/egg-tray-making-machine\/\" data-type=\"link\" data-id=\"https:\/\/www.plasticgranularmachine.com\/product\/egg-tray-making-machine\/\">m\u00e1quinas de moldeo de bandejas de huevo<\/a>, incluyendo m\u00e1quinas de hacer bandejas de huevo de un lado, de cuatro lados y de ocho lados, con capacidades que var\u00edan de 1,000 a 7,000 piezas por hora.<\/p>    <ul class=\"wp-block-list\"> <li>El molde de la m\u00e1quina formadora de bandejas de huevos adsorbe la pulpa bajo la acci\u00f3n de una bomba de vac\u00edo.<\/li>    <li>El exceso de agua drena de la pulpa a trav\u00e9s de una malla de acero inoxidable hacia una piscina de retorno para su reutilizaci\u00f3n.<\/li>    <li>Despu\u00e9s del deshidratado al vac\u00edo, la bandeja de huevos es moldeada.<\/li>    <li>La m\u00e1quina de vac\u00edo ayuda a desmoldar las bandejas de huevos y transferirlas a la cinta transportadora.<\/li> <\/ul>   <div class=\"wp-block-image\"> <figure class=\"aligncenter size-full\"><img loading=\"lazy\" decoding=\"async\" width=\"720\" height=\"540\" src=\"https:\/\/www.plasticgranularmachine.com\/wp-content\/uploads\/2025\/05\/automatic-egg-tray-molding-machine.webp\" alt=\"m\u00e1quina de moldeo de bandejas de huevos autom\u00e1tica\" class=\"wp-image-1690\" srcset=\"https:\/\/www.plasticgranularmachine.com\/wp-content\/uploads\/2025\/05\/automatic-egg-tray-molding-machine.webp 720w, https:\/\/www.plasticgranularmachine.com\/wp-content\/uploads\/2025\/05\/automatic-egg-tray-molding-machine-300x225.webp 300w, https:\/\/www.plasticgranularmachine.com\/wp-content\/uploads\/2025\/05\/automatic-egg-tray-molding-machine-16x12.webp 16w\" sizes=\"auto, (max-width: 720px) 100vw, 720px\" \/><figcaption class=\"wp-element-caption\">m\u00e1quina de moldeo de bandejas de huevos autom\u00e1tica<\/figcaption><\/figure> <\/div>   <h3 class=\"wp-block-heading\">Secado<\/h3>    <p>Las bandejas de huevos h\u00famedas moldeadas preliminares deben secarse para aumentar su estabilidad y firmeza. Elija el m\u00e9todo de secado m\u00e1s adecuado seg\u00fan el clima local, el sitio y otras condiciones. Nuestra l\u00ednea de producci\u00f3n de bandejas de huevos admite lo siguiente:<\/p>    <ul class=\"wp-block-list\"> <li>Secado manual<\/li>    <li>Horno de secado y horneado<\/li>    <li>Secado met\u00e1lico en m\u00faltiples capas<\/li>    <li>Secado en ingenier\u00eda civil<\/li> <\/ul>    <figure class=\"wp-block-gallery has-nested-images columns-default is-cropped wp-block-gallery-3 is-layout-flex wp-block-gallery-is-layout-flex\"> <figure class=\"wp-block-image size-large\"><img loading=\"lazy\" decoding=\"async\" width=\"720\" height=\"540\" data-id=\"1697\" src=\"https:\/\/www.plasticgranularmachine.com\/wp-content\/uploads\/2025\/05\/Multi-layer-metal-dryers.webp\" alt=\"Secadores met\u00e1licos de m\u00faltiples capas\" class=\"wp-image-1697\" srcset=\"https:\/\/www.plasticgranularmachine.com\/wp-content\/uploads\/2025\/05\/Multi-layer-metal-dryers.webp 720w, https:\/\/www.plasticgranularmachine.com\/wp-content\/uploads\/2025\/05\/Multi-layer-metal-dryers-300x225.webp 300w, https:\/\/www.plasticgranularmachine.com\/wp-content\/uploads\/2025\/05\/Multi-layer-metal-dryers-16x12.webp 16w\" sizes=\"auto, (max-width: 720px) 100vw, 720px\" \/><figcaption class=\"wp-element-caption\">Secadores met\u00e1licos de m\u00faltiples capas<\/figcaption><\/figure>    <figure class=\"wp-block-image size-large\"><img loading=\"lazy\" decoding=\"async\" width=\"720\" height=\"540\" data-id=\"1696\" src=\"https:\/\/www.plasticgranularmachine.com\/wp-content\/uploads\/2025\/05\/mesh-belt-dryer.webp\" alt=\"secador de cinta de malla\" class=\"wp-image-1696\" srcset=\"https:\/\/www.plasticgranularmachine.com\/wp-content\/uploads\/2025\/05\/mesh-belt-dryer.webp 720w, https:\/\/www.plasticgranularmachine.com\/wp-content\/uploads\/2025\/05\/mesh-belt-dryer-300x225.webp 300w, https:\/\/www.plasticgranularmachine.com\/wp-content\/uploads\/2025\/05\/mesh-belt-dryer-16x12.webp 16w\" sizes=\"auto, (max-width: 720px) 100vw, 720px\" \/><figcaption class=\"wp-element-caption\">secador de cinta de malla<\/figcaption><\/figure> <\/figure>    <h3 class=\"wp-block-heading\">Prensa caliente y embalaje:<\/h3>    <ul class=\"wp-block-list\"> <li>La m\u00e1quina de moldeo de prensa caliente presiona las bandejas de huevos a alta temperatura para mejorar su resistencia y apariencia.<\/li>    <li>La m\u00e1quina de apilamiento apila ordenadamente las bandejas de huevos prensadas en caliente seg\u00fan los datos, mejorando la eficiencia de conteo y embalaje.<\/li>    <li>La enfardadora atrapa y empaqueta las bandejas de huevos para facilitar su transporte y almacenamiento.<\/li> <\/ul>    <figure class=\"wp-block-gallery has-nested-images columns-default is-cropped wp-block-gallery-4 is-layout-flex wp-block-gallery-is-layout-flex\"> <figure class=\"wp-block-image size-large\"><img loading=\"lazy\" decoding=\"async\" width=\"720\" height=\"540\" data-id=\"1695\" src=\"https:\/\/www.plasticgranularmachine.com\/wp-content\/uploads\/2025\/05\/hot-press-machine.webp\" alt=\"m\u00e1quina de prensado en caliente\" class=\"wp-image-1695\" srcset=\"https:\/\/www.plasticgranularmachine.com\/wp-content\/uploads\/2025\/05\/hot-press-machine.webp 720w, https:\/\/www.plasticgranularmachine.com\/wp-content\/uploads\/2025\/05\/hot-press-machine-300x225.webp 300w, https:\/\/www.plasticgranularmachine.com\/wp-content\/uploads\/2025\/05\/hot-press-machine-16x12.webp 16w\" sizes=\"auto, (max-width: 720px) 100vw, 720px\" \/><figcaption class=\"wp-element-caption\">m\u00e1quina de prensado en caliente<\/figcaption><\/figure>    <figure class=\"wp-block-image size-large\"><img loading=\"lazy\" decoding=\"async\" width=\"720\" height=\"540\" data-id=\"1693\" src=\"https:\/\/www.plasticgranularmachine.com\/wp-content\/uploads\/2025\/05\/egg-tray-packing-machine.webp\" alt=\"m\u00e1quina de embalaje de bandejas de huevos\" class=\"wp-image-1693\" srcset=\"https:\/\/www.plasticgranularmachine.com\/wp-content\/uploads\/2025\/05\/egg-tray-packing-machine.webp 720w, https:\/\/www.plasticgranularmachine.com\/wp-content\/uploads\/2025\/05\/egg-tray-packing-machine-300x225.webp 300w, https:\/\/www.plasticgranularmachine.com\/wp-content\/uploads\/2025\/05\/egg-tray-packing-machine-16x12.webp 16w\" sizes=\"auto, (max-width: 720px) 100vw, 720px\" \/><figcaption class=\"wp-element-caption\">m\u00e1quina de embalaje de bandejas de huevos<\/figcaption><\/figure> <\/figure>    <h2 class=\"wp-block-heading\">El\u00edjanos para una planta de fabricaci\u00f3n de bandejas de huevos con altos retornos<\/h2>    <p>Nuestra l\u00ednea de producci\u00f3n de bandejas de huevos, que requiere una baja inversi\u00f3n pero ofrece un alto retorno, se ha vendido a muchos pa\u00edses, incluidos Arabia Saudita, N\u00edger, Mal\u00ed, Espa\u00f1a, Suiza, etc., y ha sido bien recibida.<\/p>    <p>\u00a1Si est\u00e1 interesado en nuestros productos, no dude en contactarnos para soluciones personalizadas!<\/p>    <figure class=\"wp-block-gallery has-nested-images columns-default is-cropped wp-block-gallery-5 is-layout-flex wp-block-gallery-is-layout-flex\"> <figure class=\"wp-block-image size-large\"><img loading=\"lazy\" decoding=\"async\" width=\"720\" height=\"540\" data-id=\"1700\" src=\"https:\/\/www.plasticgranularmachine.com\/wp-content\/uploads\/2025\/05\/Spain-client-visits-egg-tray-machine.webp\" alt=\"cliente de Espa\u00f1a visita la m\u00e1quina de bandejas de huevos\" class=\"wp-image-1700\" srcset=\"https:\/\/www.plasticgranularmachine.com\/wp-content\/uploads\/2025\/05\/Spain-client-visits-egg-tray-machine.webp 720w, https:\/\/www.plasticgranularmachine.com\/wp-content\/uploads\/2025\/05\/Spain-client-visits-egg-tray-machine-300x225.webp 300w, https:\/\/www.plasticgranularmachine.com\/wp-content\/uploads\/2025\/05\/Spain-client-visits-egg-tray-machine-16x12.webp 16w\" sizes=\"auto, (max-width: 720px) 100vw, 720px\" \/><figcaption class=\"wp-element-caption\">cliente de Espa\u00f1a visita la m\u00e1quina de bandejas de huevos<\/figcaption><\/figure>    <figure class=\"wp-block-image size-large\"><img loading=\"lazy\" decoding=\"async\" width=\"720\" height=\"540\" data-id=\"1689\" src=\"https:\/\/www.plasticgranularmachine.com\/wp-content\/uploads\/2025\/05\/African-customer-visits-the-factory.webp\" alt=\"Cliente africano visita la f\u00e1brica\" class=\"wp-image-1689\" srcset=\"https:\/\/www.plasticgranularmachine.com\/wp-content\/uploads\/2025\/05\/African-customer-visits-the-factory.webp 720w, https:\/\/www.plasticgranularmachine.com\/wp-content\/uploads\/2025\/05\/African-customer-visits-the-factory-300x225.webp 300w, https:\/\/www.plasticgranularmachine.com\/wp-content\/uploads\/2025\/05\/African-customer-visits-the-factory-16x12.webp 16w\" sizes=\"auto, (max-width: 720px) 100vw, 720px\" \/><figcaption class=\"wp-element-caption\">Cliente africano visita la f\u00e1brica<\/figcaption><\/figure> <\/figure>","protected":false},"excerpt":{"rendered":"<p>Our paper pulp egg tray production line has a capacity of 1,000 to 7,000 pieces per hour. It can efficiently convert waste paper into various paper tray products, such as egg trays, apple trays, shoe trays, coffee cup trays, etc. These products are widely used in many fields, including food, agriculture, and daily necessities. Using [&hellip;]<\/p>\n","protected":false},"author":1,"featured_media":1692,"parent":0,"template":"","tags":[],"product-type":[10],"class_list":["post-1688","product","type-product","status-publish","has-post-thumbnail","hentry","product-type-solutions"],"_links":{"self":[{"href":"https:\/\/www.plasticgranularmachine.com\/es\/wp-json\/wp\/v2\/product\/1688","targetHints":{"allow":["GET"]}}],"collection":[{"href":"https:\/\/www.plasticgranularmachine.com\/es\/wp-json\/wp\/v2\/product"}],"about":[{"href":"https:\/\/www.plasticgranularmachine.com\/es\/wp-json\/wp\/v2\/types\/product"}],"author":[{"embeddable":true,"href":"https:\/\/www.plasticgranularmachine.com\/es\/wp-json\/wp\/v2\/users\/1"}],"wp:featuredmedia":[{"embeddable":true,"href":"https:\/\/www.plasticgranularmachine.com\/es\/wp-json\/wp\/v2\/media\/1692"}],"wp:attachment":[{"href":"https:\/\/www.plasticgranularmachine.com\/es\/wp-json\/wp\/v2\/media?parent=1688"}],"wp:term":[{"taxonomy":"post_tag","embeddable":true,"href":"https:\/\/www.plasticgranularmachine.com\/es\/wp-json\/wp\/v2\/tags?post=1688"},{"taxonomy":"product-type","embeddable":true,"href":"https:\/\/www.plasticgranularmachine.com\/es\/wp-json\/wp\/v2\/product-type?post=1688"}],"curies":[{"name":"wp","href":"https:\/\/api.w.org\/{rel}","templated":true}]}}