{"id":1706,"date":"2025-06-09T16:13:01","date_gmt":"2025-06-09T08:13:01","guid":{"rendered":"https:\/\/www.plasticgranularmachine.com\/?post_type=product&#038;p=1706"},"modified":"2025-07-23T10:37:32","modified_gmt":"2025-07-23T02:37:32","slug":"fabric-waste-cutting-machine","status":"publish","type":"product","link":"https:\/\/www.plasticgranularmachine.com\/es\/product\/fabric-waste-cutting-machine\/","title":{"rendered":"M\u00e1quina de corte de desechos de tela para uso en reciclaje de f\u00e1bricas de fibra"},"content":{"rendered":"<p>Nuestra m\u00e1quina de corte de desechos de tela es ideal para reciclar materiales textiles como restos de algod\u00f3n, fibras de poli\u00e9ster, ropa vieja, etc. Con una capacidad de 300\u20135000 kg\/h, corta eficientemente los desechos para un posterior reciclaje de fibras. Gracias a su dise\u00f1o duradero y salida limpia, se utiliza ampliamente en f\u00e1bricas textiles y plantas de fibra en M\u00e9xico, Marruecos, Sri Lanka y m\u00e1s.<\/p>   <div class=\"wp-block-image\"> <figure class=\"aligncenter size-full\"><img loading=\"lazy\" decoding=\"async\" width=\"720\" height=\"540\" src=\"https:\/\/www.plasticgranularmachine.com\/wp-content\/uploads\/2025\/06\/facbric-waste-cutting-machine1.webp\" alt=\"m\u00e1quina de corte de desechos de tela\" class=\"wp-image-1717\" srcset=\"https:\/\/www.plasticgranularmachine.com\/wp-content\/uploads\/2025\/06\/facbric-waste-cutting-machine1.webp 720w, https:\/\/www.plasticgranularmachine.com\/wp-content\/uploads\/2025\/06\/facbric-waste-cutting-machine1-300x225.webp 300w, https:\/\/www.plasticgranularmachine.com\/wp-content\/uploads\/2025\/06\/facbric-waste-cutting-machine1-16x12.webp 16w\" sizes=\"auto, (max-width: 720px) 100vw, 720px\" \/><figcaption class=\"wp-element-caption\">m\u00e1quina de corte de desechos de tela<\/figcaption><\/figure> <\/div>   <h2 class=\"wp-block-heading\">Funci\u00f3n de la m\u00e1quina de corte de desechos de tela de fibra.<\/h2>    <h3 class=\"wp-block-heading\">\u00c1mbito de aplicaci\u00f3n<\/h3>    <p>La m\u00e1quina de corte de fibra textil se utiliza ampliamente en las siguientes industrias:<\/p>    <ul class=\"wp-block-list\"> <li><strong>F\u00e1bricas de textiles<\/strong>: Corte de tela sobrante, desechos de hilo y recortes de bordes.<\/li>    <li><strong>F\u00e1bricas de prendas<\/strong>: Procesamiento de restos de algod\u00f3n y ropa vieja para reciclaje.<\/li>    <li><strong>Plantas de reciclaje de fibra<\/strong>: Preparaci\u00f3n de desechos textiles para abrir, peletizar o volver a hilar.<\/li>    <li><strong>Procesadores de material no tejido<\/strong>: Triturar hojas de fibra suave y rollos no tejidos.<\/li>    <li><strong>Recicladores de ropa de segunda mano<\/strong>: Cortar ropa usada en piezas de fibra uniformes.<\/li> <\/ul>    <p>Esta m\u00e1quina de corte de desechos de tela textil es ideal para manejar grandes vol\u00famenes de desechos de algod\u00f3n, poli\u00e9ster y otros tejidos suaves.<\/p>    <figure class=\"wp-block-gallery has-nested-images columns-default is-cropped wp-block-gallery-2 is-layout-flex wp-block-gallery-is-layout-flex\"> <figure class=\"wp-block-image size-large\"><img loading=\"lazy\" decoding=\"async\" width=\"720\" height=\"540\" data-id=\"1716\" src=\"https:\/\/www.plasticgranularmachine.com\/wp-content\/uploads\/2025\/06\/waste-textile.webp\" alt=\"textil de desecho\" class=\"wp-image-1716\" srcset=\"https:\/\/www.plasticgranularmachine.com\/wp-content\/uploads\/2025\/06\/waste-textile.webp 720w, https:\/\/www.plasticgranularmachine.com\/wp-content\/uploads\/2025\/06\/waste-textile-300x225.webp 300w, https:\/\/www.plasticgranularmachine.com\/wp-content\/uploads\/2025\/06\/waste-textile-16x12.webp 16w\" sizes=\"auto, (max-width: 720px) 100vw, 720px\" \/><figcaption class=\"wp-element-caption\">textil de desecho<\/figcaption><\/figure>    <figure class=\"wp-block-image size-large\"><img loading=\"lazy\" decoding=\"async\" width=\"721\" height=\"541\" data-id=\"1709\" src=\"https:\/\/www.plasticgranularmachine.com\/wp-content\/uploads\/2025\/06\/cotton-waste.webp\" alt=\"desecho de algod\u00f3n\" class=\"wp-image-1709\" srcset=\"https:\/\/www.plasticgranularmachine.com\/wp-content\/uploads\/2025\/06\/cotton-waste.webp 721w, https:\/\/www.plasticgranularmachine.com\/wp-content\/uploads\/2025\/06\/cotton-waste-300x225.webp 300w, https:\/\/www.plasticgranularmachine.com\/wp-content\/uploads\/2025\/06\/cotton-waste-16x12.webp 16w\" sizes=\"auto, (max-width: 721px) 100vw, 721px\" \/><figcaption class=\"wp-element-caption\">desecho de algod\u00f3n<\/figcaption><\/figure>    <figure class=\"wp-block-image size-large\"><img loading=\"lazy\" decoding=\"async\" width=\"720\" height=\"540\" data-id=\"1713\" src=\"https:\/\/www.plasticgranularmachine.com\/wp-content\/uploads\/2025\/06\/fiber.webp\" alt=\"fibra\" class=\"wp-image-1713\" srcset=\"https:\/\/www.plasticgranularmachine.com\/wp-content\/uploads\/2025\/06\/fiber.webp 720w, https:\/\/www.plasticgranularmachine.com\/wp-content\/uploads\/2025\/06\/fiber-300x225.webp 300w, https:\/\/www.plasticgranularmachine.com\/wp-content\/uploads\/2025\/06\/fiber-16x12.webp 16w\" sizes=\"auto, (max-width: 720px) 100vw, 720px\" \/><figcaption class=\"wp-element-caption\">fibra<\/figcaption><\/figure> <\/figure>    <h3 class=\"wp-block-heading\">Productos finales<\/h3>    <p>El tama\u00f1o de salida de fibra se puede ajustar de 5 a 300 mm y cuenta con:<\/p>    <ul class=\"wp-block-list\"> <li>La longitud es uniforme y ajustable.<\/li>    <li>No se enreda f\u00e1cilmente, es muy esponjoso y f\u00e1cil de abrir.<\/li>    <li>Los bordes son limpios y libres de polvo sin marcas de quemaduras.<\/li>    <li>Se puede alimentar directamente a una m\u00e1quina de apertura de fibra u otro equipo posterior para su procesamiento.<\/li>    <li>Tiene amplias aplicaciones en materiales de aislamiento t\u00e9rmico, acolchado de cojines, fibras renovables y m\u00e1s.<\/li> <\/ul>    <figure class=\"wp-block-gallery has-nested-images columns-default is-cropped wp-block-gallery-3 is-layout-flex wp-block-gallery-is-layout-flex\"> <figure class=\"wp-block-image size-large\"><img loading=\"lazy\" decoding=\"async\" width=\"722\" height=\"578\" data-id=\"1715\" src=\"https:\/\/www.plasticgranularmachine.com\/wp-content\/uploads\/2025\/06\/uniform-end-products-of-textile-cutter.webp\" alt=\"productos finales uniformes del cortador textil\" class=\"wp-image-1715\" srcset=\"https:\/\/www.plasticgranularmachine.com\/wp-content\/uploads\/2025\/06\/uniform-end-products-of-textile-cutter.webp 722w, https:\/\/www.plasticgranularmachine.com\/wp-content\/uploads\/2025\/06\/uniform-end-products-of-textile-cutter-300x240.webp 300w, https:\/\/www.plasticgranularmachine.com\/wp-content\/uploads\/2025\/06\/uniform-end-products-of-textile-cutter-15x12.webp 15w\" sizes=\"auto, (max-width: 722px) 100vw, 722px\" \/><figcaption class=\"wp-element-caption\">productos finales uniformes del cortador textil<\/figcaption><\/figure>    <figure class=\"wp-block-image size-large\"><img loading=\"lazy\" decoding=\"async\" width=\"720\" height=\"540\" data-id=\"1714\" src=\"https:\/\/www.plasticgranularmachine.com\/wp-content\/uploads\/2025\/06\/output-of-the-fabric-cutter.webp\" alt=\"salida del cortador de tela\" class=\"wp-image-1714\" srcset=\"https:\/\/www.plasticgranularmachine.com\/wp-content\/uploads\/2025\/06\/output-of-the-fabric-cutter.webp 720w, https:\/\/www.plasticgranularmachine.com\/wp-content\/uploads\/2025\/06\/output-of-the-fabric-cutter-300x225.webp 300w, https:\/\/www.plasticgranularmachine.com\/wp-content\/uploads\/2025\/06\/output-of-the-fabric-cutter-16x12.webp 16w\" sizes=\"auto, (max-width: 720px) 100vw, 720px\" \/><figcaption class=\"wp-element-caption\">salida del cortador de tela<\/figcaption><\/figure> <\/figure>    <h2 class=\"wp-block-heading\">Caracter\u00edsticas clave de la m\u00e1quina de corte de tela autom\u00e1tica<\/h2>    <ul class=\"wp-block-list\"> <li><strong>Aplicaci\u00f3n vers\u00e1til<\/strong> \u2013 Adecuado para varios materiales de fibra; compatible con diferentes l\u00edneas de reciclaje textil.<\/li>    <li><strong>Cuchillas duraderas<\/strong> \u2013 Equipado con cuchillas de acero aleado de alta calidad para una excelente dureza y resistencia al desgaste.<\/li>    <li><strong>Alta eficiencia de corte<\/strong> \u2013 Utiliza un dise\u00f1o avanzado de engranaje de par inclinado; capacidad de hasta 5000 kg\/h.<\/li>    <li><strong>Protecci\u00f3n de seguridad<\/strong> \u2013 Sistema de protecci\u00f3n contra sobrecargas y t\u00e9rmica incorporado para prevenir atascos o enredos de material.<\/li>    <li><strong>Mantenimiento f\u00e1cil<\/strong> \u2013 Estructura de cuchilla modular para un reemplazo r\u00e1pido y reducci\u00f3n del tiempo de inactividad.<\/li> <\/ul>    <figure class=\"wp-block-gallery has-nested-images columns-default is-cropped wp-block-gallery-4 is-layout-flex wp-block-gallery-is-layout-flex\"> <figure class=\"wp-block-image size-large\"><img loading=\"lazy\" decoding=\"async\" width=\"721\" height=\"540\" data-id=\"1708\" src=\"https:\/\/www.plasticgranularmachine.com\/wp-content\/uploads\/2025\/06\/baldes-of-the-fabric-waste-cutting-machine.webp\" alt=\"baldes de la m\u00e1quina de corte de desechos de tela\" class=\"wp-image-1708\" srcset=\"https:\/\/www.plasticgranularmachine.com\/wp-content\/uploads\/2025\/06\/baldes-of-the-fabric-waste-cutting-machine.webp 721w, https:\/\/www.plasticgranularmachine.com\/wp-content\/uploads\/2025\/06\/baldes-of-the-fabric-waste-cutting-machine-300x225.webp 300w, https:\/\/www.plasticgranularmachine.com\/wp-content\/uploads\/2025\/06\/baldes-of-the-fabric-waste-cutting-machine-16x12.webp 16w\" sizes=\"auto, (max-width: 721px) 100vw, 721px\" \/><figcaption class=\"wp-element-caption\">baldes de la m\u00e1quina de corte de desechos de tela<\/figcaption><\/figure>    <figure class=\"wp-block-image size-large\"><img loading=\"lazy\" decoding=\"async\" width=\"720\" height=\"540\" data-id=\"1707\" src=\"https:\/\/www.plasticgranularmachine.com\/wp-content\/uploads\/2025\/06\/auto-fabric-cutting-machine-blades.webp\" alt=\"cuchillas de m\u00e1quina de corte de tela autom\u00e1tica\" class=\"wp-image-1707\" srcset=\"https:\/\/www.plasticgranularmachine.com\/wp-content\/uploads\/2025\/06\/auto-fabric-cutting-machine-blades.webp 720w, https:\/\/www.plasticgranularmachine.com\/wp-content\/uploads\/2025\/06\/auto-fabric-cutting-machine-blades-300x225.webp 300w, https:\/\/www.plasticgranularmachine.com\/wp-content\/uploads\/2025\/06\/auto-fabric-cutting-machine-blades-16x12.webp 16w\" sizes=\"auto, (max-width: 720px) 100vw, 720px\" \/><figcaption class=\"wp-element-caption\">cuchillas de m\u00e1quina de corte de tela autom\u00e1tica<\/figcaption><\/figure> <\/figure>    <h2 class=\"wp-block-heading\">Par\u00e1metros de la m\u00e1quina de corte textil en venta.<\/h2>    <p>Las siguientes son algunas especificaciones de las m\u00e1quinas cortadoras de desechos de tela de alta venta. Tambi\u00e9n podemos proporcionar cortadoras de textiles personalizadas seg\u00fan sus necesidades de producci\u00f3n.<\/p>    <figure class=\"wp-block-table\"><table><tbody><tr><td>Modelo<\/td><td>500B<\/td><td>800C<\/td><td>1200B<\/td><td>1600B<\/td><td>2400B<\/td><\/tr><tr><td>Capacidad (kg\/h)<\/td><td>300-500<\/td><td>500-800<\/td><td>800-1200<\/td><td>1000-3000<\/td><td>2000-5000<\/td><\/tr><tr><td>Potencia del motor (KW)<\/td><td>5.5+1.5<\/td><td>7.5 + 1.5<\/td><td>15 + 2.2<\/td><td>18.5 + 3.0<\/td><td>22 + 3.0<\/td><\/tr><tr><td>Longitud de corte (mm)<\/td><td>5-150<\/td><td>5-150<\/td><td>5-150<\/td><td>5-300<\/td><td>10-300<\/td><\/tr><tr><td>Grosor de corte (mm)<\/td><td>20<\/td><td>30-50<\/td><td>30-50<\/td><td>30-150<\/td><td>30-200<\/td><\/tr><tr><td>Tama\u00f1o de la cinta de entrada\/salida (mm)<\/td><td>2800*350<\/td><td>2800*350<\/td><td>3000*520<\/td><td>3000*720<\/td><td>3000*1100<\/td><\/tr><tr><td>Dimensiones (mm)<\/td><td>3200*1000*1200<\/td><td>3200*1000*1200<\/td><td>7000*1500*1500<\/td><td>7000*1800*1950<\/td><td>5800*2200*1950<\/td><\/tr><\/tbody><\/table><\/figure>    <h2 class=\"wp-block-heading\">Principio de funcionamiento de la m\u00e1quina de corte de fibra de tela.<\/h2>    <ol class=\"wp-block-list\"> <li><strong>Alimentaci\u00f3n<\/strong>:<br>Los desechos textiles se introducen en la entrada a trav\u00e9s de un transportador.<\/li>    <li><strong>Corte rotativo<\/strong>:<br>Las cuchillas rotativas trabajan contra cuchillas fijas dentro de la c\u00e1mara para cortar los materiales de fibra en piezas cortas.<\/li>    <li><strong>Descarga<\/strong>:<br>Las piezas de tela cortadas se descargan a trav\u00e9s de una salida para un procesamiento adicional.<\/li>    <li><strong>Ajustes ajustables<\/strong>:<br>La velocidad, el espacio entre cuchillas y la longitud de salida se pueden ajustar para diferentes materiales y objetivos de procesamiento.<\/li> <\/ol>    <p>El dise\u00f1o del cortador rotativo inclinado asegura un corte continuo sin obstrucciones.<\/p>    <h2 class=\"wp-block-heading\">Obt\u00e9n tu soluci\u00f3n personalizada de reciclaje de fibra<\/h2>    <p>\u00bfBuscas una forma eficiente de procesar residuos textiles? Nuestras m\u00e1quinas de corte de residuos de tela son confiables en plantas de reciclaje en varios pa\u00edses. \u00a1Cont\u00e1ctanos hoy para obtener un presupuesto y una soluci\u00f3n de corte gratuita!<\/p>    <figure class=\"wp-block-gallery aligncenter has-nested-images columns-default is-cropped wp-block-gallery-5 is-layout-flex wp-block-gallery-is-layout-flex\"> <figure class=\"wp-block-image size-large\"><img loading=\"lazy\" decoding=\"async\" width=\"720\" height=\"540\" data-id=\"1712\" src=\"https:\/\/www.plasticgranularmachine.com\/wp-content\/uploads\/2025\/06\/fiber-cutting-machine.webp\" alt=\"m\u00e1quina de corte de fibra\" class=\"wp-image-1712\" srcset=\"https:\/\/www.plasticgranularmachine.com\/wp-content\/uploads\/2025\/06\/fiber-cutting-machine.webp 720w, https:\/\/www.plasticgranularmachine.com\/wp-content\/uploads\/2025\/06\/fiber-cutting-machine-300x225.webp 300w, https:\/\/www.plasticgranularmachine.com\/wp-content\/uploads\/2025\/06\/fiber-cutting-machine-16x12.webp 16w\" sizes=\"auto, (max-width: 720px) 100vw, 720px\" \/><figcaption class=\"wp-element-caption\">m\u00e1quina de corte de fibra<\/figcaption><\/figure>    <figure class=\"wp-block-image size-large\"><img loading=\"lazy\" decoding=\"async\" width=\"719\" height=\"540\" data-id=\"1711\" src=\"https:\/\/www.plasticgranularmachine.com\/wp-content\/uploads\/2025\/06\/fabric-waste-cutting-machine.webp\" alt=\"m\u00e1quina de corte de desechos de tela\" class=\"wp-image-1711\" srcset=\"https:\/\/www.plasticgranularmachine.com\/wp-content\/uploads\/2025\/06\/fabric-waste-cutting-machine.webp 719w, https:\/\/www.plasticgranularmachine.com\/wp-content\/uploads\/2025\/06\/fabric-waste-cutting-machine-300x225.webp 300w, https:\/\/www.plasticgranularmachine.com\/wp-content\/uploads\/2025\/06\/fabric-waste-cutting-machine-16x12.webp 16w\" sizes=\"auto, (max-width: 719px) 100vw, 719px\" \/><figcaption class=\"wp-element-caption\">m\u00e1quina de corte de desechos de tela<\/figcaption><\/figure> <\/figure>    <h2 class=\"wp-block-heading\">Preguntas frecuentes sobre la m\u00e1quina de corte de desechos de tela<\/h2>    <p>Si a\u00fan tienes otras preguntas, no dudes en contactarnos. \u00a1Estamos aqu\u00ed para ayudar!<\/p>   <div id=\"rank-math-faq\" class=\"rank-math-block\"> <div class=\"rank-math-list\"> <div id=\"faq-question-1749109529835\" class=\"rank-math-list-item\"> <h3 class=\"rank-math-question\">\u00bfPuede manejar materiales gruesos como las superposiciones de cuero?<\/h3> <div class=\"rank-math-answer\">  <p>Soporta capas ultra gruesas de 20-200 mm<\/p>  <\/div> <\/div> <div id=\"faq-question-1749109698218\" class=\"rank-math-list-item\"> <h3 class=\"rank-math-question\">\u00bfSe puede ajustar el tama\u00f1o de corte?<\/h3> <div class=\"rank-math-answer\">  <p>S\u00ed. Ofrecemos configuraciones personalizadas de 5 mm a 300 mm de longitud de salida.<\/p>  <\/div> <\/div> <div id=\"faq-question-1749109829710\" class=\"rank-math-list-item\"> <h3 class=\"rank-math-question\">\u00bfEs segura la m\u00e1quina para los operadores?<\/h3> <div class=\"rank-math-answer\">  <p>S\u00ed. La m\u00e1quina incluye cubiertas de seguridad, un bot\u00f3n de parada de emergencia y sensores de protecci\u00f3n.<\/p>  <\/div> <\/div> <div id=\"faq-question-1749110001487\" class=\"rank-math-list-item\"> <h3 class=\"rank-math-question\">\u00bfC\u00f3mo mantener la m\u00e1quina de corte de fibra?<\/h3> <div class=\"rank-math-answer\">  <p>Limpie regularmente el polvo de fibra, lubrique los rodamientos y verifique la afiladura de las cuchillas cada 300 horas.<\/p>  <\/div> <\/div> <div id=\"faq-question-1749110074056\" class=\"rank-math-list-item\"> <h3 class=\"rank-math-question\">\u00bfProporcionan soporte para la instalaci\u00f3n o el funcionamiento?<\/h3> <div class=\"rank-math-answer\">  <p>S\u00ed. Ofrecemos instalaci\u00f3n en el lugar, orientaci\u00f3n t\u00e9cnica, suministro de piezas de repuesto, etc.<\/p>  <\/div> <\/div> <\/div> <\/div>","protected":false},"excerpt":{"rendered":"<p>Our fabric waste cutting machine is ideal for recycling textile materials like cotton scraps, polyester fibers, old clothes, etc. With a capacity of 300\u20135000 kg\/h, it efficiently cuts waste for further fiber recycling. Thanks to its durable design and clean output, it\u2019s widely used in textile mills and fiber plants across Mexico, Morocco, Sri Lanka, [&hellip;]<\/p>\n","protected":false},"author":1,"featured_media":1710,"parent":0,"template":"","tags":[],"product-type":[77],"class_list":["post-1706","product","type-product","status-publish","has-post-thumbnail","hentry","product-type-fiber-recycling-machine"],"_links":{"self":[{"href":"https:\/\/www.plasticgranularmachine.com\/es\/wp-json\/wp\/v2\/product\/1706","targetHints":{"allow":["GET"]}}],"collection":[{"href":"https:\/\/www.plasticgranularmachine.com\/es\/wp-json\/wp\/v2\/product"}],"about":[{"href":"https:\/\/www.plasticgranularmachine.com\/es\/wp-json\/wp\/v2\/types\/product"}],"author":[{"embeddable":true,"href":"https:\/\/www.plasticgranularmachine.com\/es\/wp-json\/wp\/v2\/users\/1"}],"wp:featuredmedia":[{"embeddable":true,"href":"https:\/\/www.plasticgranularmachine.com\/es\/wp-json\/wp\/v2\/media\/1710"}],"wp:attachment":[{"href":"https:\/\/www.plasticgranularmachine.com\/es\/wp-json\/wp\/v2\/media?parent=1706"}],"wp:term":[{"taxonomy":"post_tag","embeddable":true,"href":"https:\/\/www.plasticgranularmachine.com\/es\/wp-json\/wp\/v2\/tags?post=1706"},{"taxonomy":"product-type","embeddable":true,"href":"https:\/\/www.plasticgranularmachine.com\/es\/wp-json\/wp\/v2\/product-type?post=1706"}],"curies":[{"name":"wp","href":"https:\/\/api.w.org\/{rel}","templated":true}]}}