{"id":1746,"date":"2025-06-23T14:37:32","date_gmt":"2025-06-23T06:37:32","guid":{"rendered":"https:\/\/www.plasticgranularmachine.com\/?post_type=product&#038;p=1746"},"modified":"2025-07-22T14:36:07","modified_gmt":"2025-07-22T06:36:07","slug":"tire-grinder-and-magnetic-separator","status":"publish","type":"product","link":"https:\/\/www.plasticgranularmachine.com\/es\/product\/tire-grinder-and-magnetic-separator\/","title":{"rendered":"Molienda de Neum\u00e1ticos y Separadores Magn\u00e9ticos | Fabricaci\u00f3n de Polvo de Caucho"},"content":{"rendered":"<p>Nuestro molino de neum\u00e1ticos y separadores magn\u00e9ticos convierten de manera eficiente trozos de neum\u00e1ticos de 30-100 mm en polvo de goma de 5-40 mallas, mientras separan autom\u00e1ticamente los alambres de acero, maximizando la pureza y el potencial de beneficio. Con un consumo de energ\u00eda reducido en 1\/3 y modelos que van desde 80 kg\/h hasta 2300 kg\/h, ofrecemos un ROI l\u00edder en la industria para recicladores globales.<\/p>    <figure class=\"wp-block-gallery has-nested-images columns-default is-cropped wp-block-gallery-2 is-layout-flex wp-block-gallery-is-layout-flex\"> <figure class=\"wp-block-image size-large\"><img loading=\"lazy\" decoding=\"async\" width=\"720\" height=\"540\" data-id=\"1753\" src=\"https:\/\/www.plasticgranularmachine.com\/wp-content\/uploads\/2025\/06\/tire-grinding-screening-system-in-the-factory.webp\" alt=\"Sistema de cribado de molienda de neum\u00e1ticos en la f\u00e1brica\" class=\"wp-image-1753\" srcset=\"https:\/\/www.plasticgranularmachine.com\/wp-content\/uploads\/2025\/06\/tire-grinding-screening-system-in-the-factory.webp 720w, https:\/\/www.plasticgranularmachine.com\/wp-content\/uploads\/2025\/06\/tire-grinding-screening-system-in-the-factory-300x225.webp 300w, https:\/\/www.plasticgranularmachine.com\/wp-content\/uploads\/2025\/06\/tire-grinding-screening-system-in-the-factory-16x12.webp 16w\" sizes=\"auto, (max-width: 720px) 100vw, 720px\" \/><figcaption class=\"wp-element-caption\">Sistema de cribado de molienda de neum\u00e1ticos en la f\u00e1brica<\/figcaption><\/figure>    <figure class=\"wp-block-image size-large\"><img loading=\"lazy\" decoding=\"async\" width=\"720\" height=\"540\" data-id=\"1747\" src=\"https:\/\/www.plasticgranularmachine.com\/wp-content\/uploads\/2025\/06\/fine-rubber-powder.webp\" alt=\"polvo de goma fina\" class=\"wp-image-1747\" srcset=\"https:\/\/www.plasticgranularmachine.com\/wp-content\/uploads\/2025\/06\/fine-rubber-powder.webp 720w, https:\/\/www.plasticgranularmachine.com\/wp-content\/uploads\/2025\/06\/fine-rubber-powder-300x225.webp 300w, https:\/\/www.plasticgranularmachine.com\/wp-content\/uploads\/2025\/06\/fine-rubber-powder-16x12.webp 16w\" sizes=\"auto, (max-width: 720px) 100vw, 720px\" \/><figcaption class=\"wp-element-caption\">polvo de goma fina<\/figcaption><\/figure> <\/figure>    <h2 class=\"wp-block-heading\">Materia Prima y Salida Premium del Sistema de Molido de Neum\u00e1ticos<\/h2>    <p class=\"translation-block\">Nuestro molino de neum\u00e1ticos y separadores magn\u00e9ticos est\u00e1n meticulosamente dise\u00f1ados para una integraci\u00f3n fluida en l\u00edneas de reciclaje de neum\u00e1ticos <a href=\"https:\/\/www.plasticgranularmachine.com\/es\/product\/tire-recycling-production-line\/\" data-type=\"link\" data-id=\"https:\/\/www.plasticgranularmachine.com\/product\/tire-recycling-production-line\/\">semi-autom\u00e1ticas<\/a> y <a href=\"https:\/\/www.plasticgranularmachine.com\/es\/product\/rubber-recycling-plant\/\" data-type=\"link\" data-id=\"https:\/\/www.plasticgranularmachine.com\/product\/rubber-recycling-plant\/\">totalmente autom\u00e1ticas<\/a>. Esta versatilidad permite un procesamiento eficiente de una amplia gama de tipos de neum\u00e1ticos, incluidos neum\u00e1ticos est\u00e1ndar (&lt;1200mm de di\u00e1metro) y neum\u00e1ticos Off-the-Road (OTR) m\u00e1s grandes. Dentro de la configuraci\u00f3n de la l\u00ednea de reciclaje de neum\u00e1ticos, el sistema maneja las siguientes entradas y salidas:<\/p>    <ul class=\"wp-block-list\"> <li>null<strong>Entrada:<\/strong>Neum\u00e1ticos enteros\/molidos (bloques de 30-100 mm).<\/li>    <li>null<strong>Producci\u00f3n:<\/strong>null <ul class=\"wp-block-list\"> <li>Polvo de goma fino de 5-40 mallas (0.63mm\u20132.5mm)<\/li>    <li>Alambre de acero limpio (recuperado a trav\u00e9s del separador magn\u00e9tico)<\/li> <\/ul> <\/li> <\/ul>    <p>No se necesita clasificaci\u00f3n manual: salida pura en una sola pasada.<\/p>    <figure class=\"wp-block-gallery has-nested-images columns-default is-cropped wp-block-gallery-3 is-layout-flex wp-block-gallery-is-layout-flex\"> <figure class=\"wp-block-image size-large\"><img loading=\"lazy\" decoding=\"async\" width=\"720\" height=\"540\" data-id=\"1755\" src=\"https:\/\/www.plasticgranularmachine.com\/wp-content\/uploads\/2025\/06\/tire-powder-for-new-rubber-products-manufacturing.webp\" alt=\"Polvo de neum\u00e1tico para la fabricaci\u00f3n de nuevos productos de goma\" class=\"wp-image-1755\" srcset=\"https:\/\/www.plasticgranularmachine.com\/wp-content\/uploads\/2025\/06\/tire-powder-for-new-rubber-products-manufacturing.webp 720w, https:\/\/www.plasticgranularmachine.com\/wp-content\/uploads\/2025\/06\/tire-powder-for-new-rubber-products-manufacturing-300x225.webp 300w, https:\/\/www.plasticgranularmachine.com\/wp-content\/uploads\/2025\/06\/tire-powder-for-new-rubber-products-manufacturing-16x12.webp 16w\" sizes=\"auto, (max-width: 720px) 100vw, 720px\" \/><figcaption class=\"wp-element-caption\">Polvo de neum\u00e1tico para la fabricaci\u00f3n de nuevos productos de goma<\/figcaption><\/figure>    <figure class=\"wp-block-image size-large\"><img loading=\"lazy\" decoding=\"async\" width=\"720\" height=\"540\" data-id=\"1748\" src=\"https:\/\/www.plasticgranularmachine.com\/wp-content\/uploads\/2025\/06\/fine-steel-wires.webp\" alt=\"Cables de acero finos\" class=\"wp-image-1748\" srcset=\"https:\/\/www.plasticgranularmachine.com\/wp-content\/uploads\/2025\/06\/fine-steel-wires.webp 720w, https:\/\/www.plasticgranularmachine.com\/wp-content\/uploads\/2025\/06\/fine-steel-wires-300x225.webp 300w, https:\/\/www.plasticgranularmachine.com\/wp-content\/uploads\/2025\/06\/fine-steel-wires-16x12.webp 16w\" sizes=\"auto, (max-width: 720px) 100vw, 720px\" \/><figcaption class=\"wp-element-caption\">Cables de acero finos<\/figcaption><\/figure> <\/figure>    <h2 class=\"wp-block-heading\">\u00bfPor qu\u00e9 nuestras m\u00e1quinas de polvo de caucho son populares en el mercado?<\/h2>    <ul class=\"wp-block-list\"> <li><strong>Dise\u00f1o integrado de alta eficiencia<\/strong>: Combina trituraci\u00f3n, clasificaci\u00f3n y separaci\u00f3n magn\u00e9tica en un sistema compacto para garantizar un procesamiento fluido y eficiente.<\/li>    <li><strong>Tama\u00f1o de polvo ajustable<\/strong>: El polvo de goma es ajustable libremente entre <strong>5 y 40 mallas<\/strong>, adecuado para diversas aplicaciones como productos de goma reciclada, suelos deportivos y alfombrillas.<\/li>    <li><strong>Amplio rango de capacidad<\/strong>: La capacidad de producci\u00f3n var\u00eda entre <strong>80 kg\/h a 2300 kg\/h<\/strong>, lo que lo hace ideal para peque\u00f1os talleres, instalaciones de mediana escala y grandes plantas de reciclaje industrial.<\/li>    <li><strong>Eliminaci\u00f3n de acero eficiente<\/strong>: Equipado con un <strong>tambor magn\u00e9tico fuerte incorporado<\/strong>, que elimina eficazmente los finos alambres de acero del polvo de goma.<\/li>    <li><strong>Salida de alta pureza<\/strong>: El polvo de goma final alcanza un <strong>nivel de pureza no inferior al 99%<\/strong>, asegurando una mayor calidad para aplicaciones posteriores.<\/li> <\/ul>    <h2 class=\"wp-block-heading\">Especificaciones T\u00e9cnicas de Nuestra L\u00ednea de Molido de Neum\u00e1ticos de Caucho<\/h2>    <figure class=\"wp-block-table\"><table><thead><tr><th>null<strong>Tama\u00f1o de salida<\/strong>null<\/th><th>null<strong>Molienda de neum\u00e1ticos SL-350<\/strong>null<\/th><th>null<strong>Granulador de goma SL-400<\/strong>null<\/th><th>null<strong>Trituradora de neum\u00e1ticos SL-450<\/strong>null<\/th><th>null<strong>Sistema de separador magn\u00e9tico SL-560<\/strong>null<\/th><th>null<strong>Molino industrial SL-560D<\/strong>null<\/th><th>null<strong>Molino de alta capacidad SL-660<\/strong>null<\/th><\/tr><\/thead><tbody><tr><td>null<strong>Malla 10 (2.5mm)<\/strong>null<\/td><td>250-300 kg\/h<\/td><td>400-500 kg\/h<\/td><td>500-600 kg\/h<\/td><td>900-1000 kg\/h<\/td><td>1500-1600 kg\/h<\/td><td>2100-2300 kg\/h<\/td><\/tr><tr><td>null<strong>20 Malla (1.25mm)<\/strong>null<\/td><td>180-230 kg\/h<\/td><td>300-350 kg\/h<\/td><td>400-500 kg\/h<\/td><td>600-700 kg\/h<\/td><td>1200-1300 kg\/h<\/td><td>1600-1700 kg\/h<\/td><\/tr><tr><td>null<strong>30 Malla (0.83mm)<\/strong>null<\/td><td>150-210 kg\/h<\/td><td>240-280 kg\/h<\/td><td>350-450 kg\/h<\/td><td>450-550 kg\/h<\/td><td>1000-1100 kg\/h<\/td><td>1200-1300 kg\/h<\/td><\/tr><tr><td>null<strong>40 Malla (0.63mm)<\/strong>null<\/td><td>80-120 kg\/h<\/td><td>150-175 kg\/h<\/td><td>200-250 kg\/h<\/td><td>300-350 kg\/h<\/td><td>800-900 kg\/h<\/td><td>900-1000 kg\/h<\/td><\/tr><tr><td>null<strong>Recuperaci\u00f3n de Alambre de Acero<\/strong>null<\/td><td>\u2705 Separador Magn\u00e9tico Integrado<\/td><td>\u2705 Separaci\u00f3n Autom\u00e1tica<\/td><td>\u2705 Eliminaci\u00f3n Continua<\/td><td>\u2705 Extracci\u00f3n de Alta Potencia<\/td><td>\u2705 Separaci\u00f3n de Doble Etapa<\/td><td>\u2705 Recuperaci\u00f3n de Alta Resistencia<\/td><\/tr><tr><td>null<strong>Personalizaci\u00f3n de Potencia<\/strong>null<\/td><td>220V\/380V\/415V<\/td><td>Soporte de Voltaje Global<\/td><td><\/td><\/tr><\/tbody><\/table><\/figure>    <ul class=\"wp-block-list\"> <li><strong>Separador magn\u00e9tico incorporado<\/strong>: Elimina eficazmente el 99% de los alambres de acero durante el proceso de molienda. <\/li>    <li><strong>Ahorro de energ\u00eda<\/strong>: 30% menos consumo en comparaci\u00f3n con m\u00e1quinas convencionales<\/li>    <li><strong>Garant\u00eda del rodillo<\/strong>: garant\u00eda de 3 a\u00f1os en rodillos de aleaci\u00f3n 5Cr6MnMo<\/li>    <li><strong>Rango de salida<\/strong>: 5-40 malla (pantallas personalizables disponibles)<\/li> <\/ul>    <h2 class=\"wp-block-heading\">\u00bfC\u00f3mo funciona el molino de neum\u00e1ticos y el separador magn\u00e9tico?<\/h2>    <ol class=\"wp-block-list\"> <li>null<strong>Trituraci\u00f3n gruesa:<\/strong>Despu\u00e9s <a href=\"https:\/\/www.plasticgranularmachine.com\/es\/product\/tire-shredder-machine-for-sale\/\" data-type=\"link\" data-id=\"https:\/\/www.plasticgranularmachine.com\/product\/tire-shredder-machine-for-sale\/\">de triturar<\/a>, los bloques de neum\u00e1ticos se alimentan en rodillos estriados.<\/li>    <li>null<strong>Granulaci\u00f3n:<\/strong>Etapas de molienda ajustables refinan las part\u00edculas.<\/li>    <li>null<strong>Separaci\u00f3n:<\/strong>Rodillos magn\u00e9ticos extraen alambre de acero.<\/li>    <li>null<strong>Tamizaje:<\/strong>Las cribas vibratorias clasifican el polvo (10-40 mallas).<\/li> <\/ol>   <div class=\"wp-block-image\"> <figure class=\"aligncenter size-full\"><img loading=\"lazy\" decoding=\"async\" width=\"720\" height=\"540\" src=\"https:\/\/www.plasticgranularmachine.com\/wp-content\/uploads\/2025\/06\/structure-of-the-tire-grinder-and-magnetic-separators.webp\" alt=\"estructura del molino de neum\u00e1ticos y separadores magn\u00e9ticos\" class=\"wp-image-1751\" srcset=\"https:\/\/www.plasticgranularmachine.com\/wp-content\/uploads\/2025\/06\/structure-of-the-tire-grinder-and-magnetic-separators.webp 720w, https:\/\/www.plasticgranularmachine.com\/wp-content\/uploads\/2025\/06\/structure-of-the-tire-grinder-and-magnetic-separators-300x225.webp 300w, https:\/\/www.plasticgranularmachine.com\/wp-content\/uploads\/2025\/06\/structure-of-the-tire-grinder-and-magnetic-separators-16x12.webp 16w\" sizes=\"auto, (max-width: 720px) 100vw, 720px\" \/><figcaption class=\"wp-element-caption\">estructura del molino de neum\u00e1ticos y separadores magn\u00e9ticos<\/figcaption><\/figure> <\/div>   <p>Aspectos t\u00e9cnicos clave:<\/p>    <ul class=\"wp-block-list\"> <li>Rodillos de doble ranura (Relaci\u00f3n de velocidad 1:2.5)<\/li>    <li>8 rodamientos para estabilidad<\/li>    <li>Rodillos de aleaci\u00f3n 5Cr6MnMo (garant\u00eda de 3 a\u00f1os)<\/li>    <li>Cubiertas de protecci\u00f3n completas y sistema de lubricaci\u00f3n<\/li> <\/ul>    <h2 class=\"wp-block-heading\">Aplicaciones de la l\u00ednea de molienda de neum\u00e1ticos<\/h2>    <p>Nuestro molino de neum\u00e1ticos en venta se puede utilizar ampliamente para:<\/p>    <ul class=\"wp-block-list\"> <li>Centros de reciclaje de alambre de acero<\/li>    <li>Plantas de recuperaci\u00f3n de caucho<\/li>    <li>Pavimentos para pistas deportivas y parques infantiles<\/li>    <li>Asfalto modificado con caucho<\/li>    <li>Alfombrillas\/moldes de caucho industrial<\/li> <\/ul>    <figure class=\"wp-block-gallery has-nested-images columns-default is-cropped wp-block-gallery-4 is-layout-flex wp-block-gallery-is-layout-flex\"> <figure class=\"wp-block-image size-large\"><img loading=\"lazy\" decoding=\"async\" width=\"720\" height=\"540\" data-id=\"1750\" src=\"https:\/\/www.plasticgranularmachine.com\/wp-content\/uploads\/2025\/06\/rubber-runway.webp\" alt=\"pista de goma\" class=\"wp-image-1750\" srcset=\"https:\/\/www.plasticgranularmachine.com\/wp-content\/uploads\/2025\/06\/rubber-runway.webp 720w, https:\/\/www.plasticgranularmachine.com\/wp-content\/uploads\/2025\/06\/rubber-runway-300x225.webp 300w, https:\/\/www.plasticgranularmachine.com\/wp-content\/uploads\/2025\/06\/rubber-runway-16x12.webp 16w\" sizes=\"auto, (max-width: 720px) 100vw, 720px\" \/><figcaption class=\"wp-element-caption\">pista de goma<\/figcaption><\/figure>    <figure class=\"wp-block-image size-large\"><img loading=\"lazy\" decoding=\"async\" width=\"720\" height=\"540\" data-id=\"1749\" src=\"https:\/\/www.plasticgranularmachine.com\/wp-content\/uploads\/2025\/06\/Modified-asphalt.webp\" alt=\"asfalto modificado\" class=\"wp-image-1749\" srcset=\"https:\/\/www.plasticgranularmachine.com\/wp-content\/uploads\/2025\/06\/Modified-asphalt.webp 720w, https:\/\/www.plasticgranularmachine.com\/wp-content\/uploads\/2025\/06\/Modified-asphalt-300x225.webp 300w, https:\/\/www.plasticgranularmachine.com\/wp-content\/uploads\/2025\/06\/Modified-asphalt-16x12.webp 16w\" sizes=\"auto, (max-width: 720px) 100vw, 720px\" \/><figcaption class=\"wp-element-caption\">asfalto modificado<\/figcaption><\/figure> <\/figure>    <h2 class=\"wp-block-heading\">\u00bfPor qu\u00e9 elegir nuestra trituradora de neum\u00e1ticos?<\/h2>    <ul class=\"wp-block-list\"> <li>Garant\u00eda de un a\u00f1o gratuita.<\/li>    <li>Personalizaci\u00f3n de voltaje (220V\/380V\/415V)<\/li>    <li>Uso de energ\u00eda un 30% menor en comparaci\u00f3n con los competidores<\/li>    <li>Fabricaci\u00f3n certificada por CE e ISO<\/li>    <li>Servicio de instalaci\u00f3n in situ y orientaci\u00f3n t\u00e9cnica disponibles.<\/li> <\/ul>    <p>Si est\u00e1 buscando una buena soluci\u00f3n para mejorar su negocio de reciclaje de neum\u00e1ticos, no dude en ponerse en contacto con nosotros. \u00a1Le recomendaremos el m\u00e9todo de reciclaje de neum\u00e1ticos usado m\u00e1s adecuado para usted!<\/p>   <div class=\"wp-block-image\"> <figure class=\"aligncenter size-full\"><img loading=\"lazy\" decoding=\"async\" width=\"720\" height=\"540\" src=\"https:\/\/www.plasticgranularmachine.com\/wp-content\/uploads\/2025\/06\/tire-mill-and-megnetic-separators.webp\" alt=\"molino de neum\u00e1ticos y separadores magn\u00e9ticos\" class=\"wp-image-1754\" srcset=\"https:\/\/www.plasticgranularmachine.com\/wp-content\/uploads\/2025\/06\/tire-mill-and-megnetic-separators.webp 720w, https:\/\/www.plasticgranularmachine.com\/wp-content\/uploads\/2025\/06\/tire-mill-and-megnetic-separators-300x225.webp 300w, https:\/\/www.plasticgranularmachine.com\/wp-content\/uploads\/2025\/06\/tire-mill-and-megnetic-separators-16x12.webp 16w\" sizes=\"auto, (max-width: 720px) 100vw, 720px\" \/><figcaption class=\"wp-element-caption\">molino de neum\u00e1ticos y separadores magn\u00e9ticos<\/figcaption><\/figure> <\/div>","protected":false},"excerpt":{"rendered":"<p>Our tire grinder and magnetic separators efficiently convert 30-100mm tire chunks to 5-40 mesh rubber powder while \u200b\u200bautomatically separating steel wires, maximizing purity and profit potential. With \u200b\u200benergy consumption reduced by 1\/3\u200b\u200b and models scaling from 80kg\/h to 2300kg\/h, we deliver industry-leading ROI for global recyclers. Raw Material &amp; Premium Output\u200b of the Tire Grinder [&hellip;]<\/p>\n","protected":false},"author":1,"featured_media":1752,"parent":0,"template":"","tags":[],"product-type":[75],"class_list":["post-1746","product","type-product","status-publish","has-post-thumbnail","hentry","product-type-tire-recycling-facility"],"_links":{"self":[{"href":"https:\/\/www.plasticgranularmachine.com\/es\/wp-json\/wp\/v2\/product\/1746","targetHints":{"allow":["GET"]}}],"collection":[{"href":"https:\/\/www.plasticgranularmachine.com\/es\/wp-json\/wp\/v2\/product"}],"about":[{"href":"https:\/\/www.plasticgranularmachine.com\/es\/wp-json\/wp\/v2\/types\/product"}],"author":[{"embeddable":true,"href":"https:\/\/www.plasticgranularmachine.com\/es\/wp-json\/wp\/v2\/users\/1"}],"wp:featuredmedia":[{"embeddable":true,"href":"https:\/\/www.plasticgranularmachine.com\/es\/wp-json\/wp\/v2\/media\/1752"}],"wp:attachment":[{"href":"https:\/\/www.plasticgranularmachine.com\/es\/wp-json\/wp\/v2\/media?parent=1746"}],"wp:term":[{"taxonomy":"post_tag","embeddable":true,"href":"https:\/\/www.plasticgranularmachine.com\/es\/wp-json\/wp\/v2\/tags?post=1746"},{"taxonomy":"product-type","embeddable":true,"href":"https:\/\/www.plasticgranularmachine.com\/es\/wp-json\/wp\/v2\/product-type?post=1746"}],"curies":[{"name":"wp","href":"https:\/\/api.w.org\/{rel}","templated":true}]}}