{"id":1801,"date":"2025-07-14T14:54:22","date_gmt":"2025-07-14T06:54:22","guid":{"rendered":"https:\/\/www.plasticgranularmachine.com\/?post_type=product&#038;p=1801"},"modified":"2025-07-14T14:54:22","modified_gmt":"2025-07-14T06:54:22","slug":"egg-tray-making-machine","status":"publish","type":"product","link":"https:\/\/www.plasticgranularmachine.com\/es\/product\/egg-tray-making-machine\/","title":{"rendered":"M\u00e1quina para hacer bandejas de cart\u00f3n para huevos"},"content":{"rendered":"<p class=\"translation-block\">Estables, biodegradables y rentables, las bandejas de huevos de papel se han convertido en la opci\u00f3n preferida para productores y consumidores en todo el mundo. Para satisfacer diversas necesidades de producci\u00f3n, ofrecemos m\u00e1quinas para hacer bandejas de huevos con capacidades de <strong>1,000 a 7,000 pcs\/h<\/strong>, personalizables en <strong>color, forma, dise\u00f1o de cavidad<\/strong>, y m\u00e1s\u2014ideales para bandejas de huevos, bandejas de frutas, soportes para zapatos, empaques electr\u00f3nicos, y as\u00ed sucesivamente.<\/p>   <div class=\"wp-block-image\"> <figure class=\"aligncenter size-full\"><img loading=\"lazy\" decoding=\"async\" width=\"720\" height=\"540\" src=\"https:\/\/www.plasticgranularmachine.com\/wp-content\/uploads\/2025\/07\/pulp-egg-tray-making-machine.webp\" alt=\"m\u00e1quina para fabricar bandejas de huevo de pulpa\" class=\"wp-image-1810\" srcset=\"https:\/\/www.plasticgranularmachine.com\/wp-content\/uploads\/2025\/07\/pulp-egg-tray-making-machine.webp 720w, https:\/\/www.plasticgranularmachine.com\/wp-content\/uploads\/2025\/07\/pulp-egg-tray-making-machine-300x225.webp 300w, https:\/\/www.plasticgranularmachine.com\/wp-content\/uploads\/2025\/07\/pulp-egg-tray-making-machine-16x12.webp 16w\" sizes=\"auto, (max-width: 720px) 100vw, 720px\" \/><figcaption class=\"wp-element-caption\">m\u00e1quina para fabricar bandejas de huevo de pulpa<\/figcaption><\/figure> <\/div>   <h2 class=\"wp-block-heading\">Aplicaci\u00f3n: Materias Primas y Productos Finales<\/h2>    <p class=\"translation-block\">La m\u00e1quina para hacer bandejas de huevos utiliza <strong>pulpa<\/strong> como materia prima, que se produce mediante una <strong>m\u00e1quina de pulpa<\/strong> a partir de varios tipos de papel reciclado\u2014como <strong>peri\u00f3dicos viejos, cart\u00f3n, papel de libros, papel corrugado y papel de oficina<\/strong>.<\/p>    <figure class=\"wp-block-gallery has-nested-images columns-default is-cropped wp-block-gallery-2 is-layout-flex wp-block-gallery-is-layout-flex\"> <figure class=\"wp-block-image size-large\"><img loading=\"lazy\" decoding=\"async\" width=\"720\" height=\"540\" data-id=\"1811\" src=\"https:\/\/www.plasticgranularmachine.com\/wp-content\/uploads\/2025\/07\/waste-newspaper.webp\" alt=\"peri\u00f3dico desechado\" class=\"wp-image-1811\" srcset=\"https:\/\/www.plasticgranularmachine.com\/wp-content\/uploads\/2025\/07\/waste-newspaper.webp 720w, https:\/\/www.plasticgranularmachine.com\/wp-content\/uploads\/2025\/07\/waste-newspaper-300x225.webp 300w, https:\/\/www.plasticgranularmachine.com\/wp-content\/uploads\/2025\/07\/waste-newspaper-16x12.webp 16w\" sizes=\"auto, (max-width: 720px) 100vw, 720px\" \/><figcaption class=\"wp-element-caption\">peri\u00f3dico desechado<\/figcaption><\/figure>    <figure class=\"wp-block-image size-large\"><img loading=\"lazy\" decoding=\"async\" width=\"720\" height=\"540\" data-id=\"1812\" src=\"https:\/\/www.plasticgranularmachine.com\/wp-content\/uploads\/2025\/07\/waste-paper-boxes.webp\" alt=\"cajas de papel desechadas\" class=\"wp-image-1812\" srcset=\"https:\/\/www.plasticgranularmachine.com\/wp-content\/uploads\/2025\/07\/waste-paper-boxes.webp 720w, https:\/\/www.plasticgranularmachine.com\/wp-content\/uploads\/2025\/07\/waste-paper-boxes-300x225.webp 300w, https:\/\/www.plasticgranularmachine.com\/wp-content\/uploads\/2025\/07\/waste-paper-boxes-16x12.webp 16w\" sizes=\"auto, (max-width: 720px) 100vw, 720px\" \/><figcaption class=\"wp-element-caption\">cajas de papel desechadas<\/figcaption><\/figure>    <figure class=\"wp-block-image size-large\"><img loading=\"lazy\" decoding=\"async\" width=\"720\" height=\"540\" data-id=\"1809\" src=\"https:\/\/www.plasticgranularmachine.com\/wp-content\/uploads\/2025\/07\/paper-pulp.webp\" alt=\"pulpa de papel\" class=\"wp-image-1809\" srcset=\"https:\/\/www.plasticgranularmachine.com\/wp-content\/uploads\/2025\/07\/paper-pulp.webp 720w, https:\/\/www.plasticgranularmachine.com\/wp-content\/uploads\/2025\/07\/paper-pulp-300x225.webp 300w, https:\/\/www.plasticgranularmachine.com\/wp-content\/uploads\/2025\/07\/paper-pulp-16x12.webp 16w\" sizes=\"auto, (max-width: 720px) 100vw, 720px\" \/><figcaption class=\"wp-element-caption\">pulpa de papel<\/figcaption><\/figure> <\/figure>    <p class=\"translation-block\">A trav\u00e9s del moldeo por vac\u00edo, la m\u00e1quina da forma a la pulpa en <strong>bandejas de papel h\u00famedo<\/strong>, que luego se transfieren a los sistemas de secado y acabado.<\/p>    <p class=\"translation-block\">Las bandejas h\u00famedas pueden procesarse en una amplia gama de productos de empaque ecol\u00f3gicos, incluyendo:<br><strong>bandejas para huevos de gallina, bandejas para huevos de pato, bandejas de frutas, soportes para zapatos, almohadillas de amortiguaci\u00f3n industrial y bandejas de empaque para productos electr\u00f3nicos<\/strong>. <\/p>    <figure class=\"wp-block-gallery has-nested-images columns-default is-cropped wp-block-gallery-3 is-layout-flex wp-block-gallery-is-layout-flex\"> <figure class=\"wp-block-image size-large\"><img loading=\"lazy\" decoding=\"async\" width=\"720\" height=\"540\" data-id=\"1808\" src=\"https:\/\/www.plasticgranularmachine.com\/wp-content\/uploads\/2025\/07\/paper-egg-trays.webp\" alt=\"bandejas de papel para huevos\" class=\"wp-image-1808\" srcset=\"https:\/\/www.plasticgranularmachine.com\/wp-content\/uploads\/2025\/07\/paper-egg-trays.webp 720w, https:\/\/www.plasticgranularmachine.com\/wp-content\/uploads\/2025\/07\/paper-egg-trays-300x225.webp 300w, https:\/\/www.plasticgranularmachine.com\/wp-content\/uploads\/2025\/07\/paper-egg-trays-16x12.webp 16w\" sizes=\"auto, (max-width: 720px) 100vw, 720px\" \/><figcaption class=\"wp-element-caption\">bandejas de papel para huevos<\/figcaption><\/figure>    <figure class=\"wp-block-image size-large\"><img loading=\"lazy\" decoding=\"async\" width=\"720\" height=\"540\" data-id=\"1804\" src=\"https:\/\/www.plasticgranularmachine.com\/wp-content\/uploads\/2025\/07\/Coffee-Cup-Tray.webp\" alt=\"bandeja para tazas de caf\u00e9\" class=\"wp-image-1804\" srcset=\"https:\/\/www.plasticgranularmachine.com\/wp-content\/uploads\/2025\/07\/Coffee-Cup-Tray.webp 720w, https:\/\/www.plasticgranularmachine.com\/wp-content\/uploads\/2025\/07\/Coffee-Cup-Tray-300x225.webp 300w, https:\/\/www.plasticgranularmachine.com\/wp-content\/uploads\/2025\/07\/Coffee-Cup-Tray-16x12.webp 16w\" sizes=\"auto, (max-width: 720px) 100vw, 720px\" \/><figcaption class=\"wp-element-caption\">bandeja para tazas de caf\u00e9<\/figcaption><\/figure>    <figure class=\"wp-block-image size-large\"><img loading=\"lazy\" decoding=\"async\" width=\"720\" height=\"540\" data-id=\"1803\" src=\"https:\/\/www.plasticgranularmachine.com\/wp-content\/uploads\/2025\/07\/apple-tray.webp\" alt=\"bandeja de manzanas\" class=\"wp-image-1803\" srcset=\"https:\/\/www.plasticgranularmachine.com\/wp-content\/uploads\/2025\/07\/apple-tray.webp 720w, https:\/\/www.plasticgranularmachine.com\/wp-content\/uploads\/2025\/07\/apple-tray-300x225.webp 300w, https:\/\/www.plasticgranularmachine.com\/wp-content\/uploads\/2025\/07\/apple-tray-16x12.webp 16w\" sizes=\"auto, (max-width: 720px) 100vw, 720px\" \/><figcaption class=\"wp-element-caption\">bandeja de manzanas<\/figcaption><\/figure> <\/figure>    <h2 class=\"wp-block-heading\">Caracter\u00edsticas clave de nuestras m\u00e1quinas para la fabricaci\u00f3n de bandejas de huevos<\/h2>    <ul class=\"wp-block-list\"> <li><strong>Sistema de manejo de materiales y producci\u00f3n altamente automatizado<\/strong> ayuda a ahorrar tiempo y costos laborales.<\/li>    <li>La capacidad de producci\u00f3n var\u00eda desde <strong>1,000 a 7,000 pcs\/h<\/strong>, que satisface la mayor\u00eda de las necesidades de fabricaci\u00f3n. Se disponen m\u00e1quinas personalizadas para requisitos especiales.<\/li>    <li><strong>Los moldes son completamente personalizables<\/strong> en t\u00e9rminos de cantidad de cavidades, tama\u00f1o, forma y material\u2014permitiendo una adaptaci\u00f3n flexible a diferentes dise\u00f1os de bandejas.<\/li>    <li>Los moldes est\u00e1n hechos de <strong>acero inoxidable<\/strong>, asegurando resistencia al agua, resistencia a la corrosi\u00f3n, durabilidad y f\u00e1cil mantenimiento o reemplazo.<\/li>    <li>Las bandejas de huevos terminadas cuentan con <strong>tama\u00f1o y grosor uniformes<\/strong>, bordes limpios, estructura protectora fuerte y total biodegradabilidad.<\/li>    <li>Los aditivos de color tambi\u00e9n se pueden aplicar durante la producci\u00f3n para satisfacer necesidades espec\u00edficas de apariencia o marca.<\/li> <\/ul>    <figure class=\"wp-block-gallery has-nested-images columns-default is-cropped wp-block-gallery-4 is-layout-flex wp-block-gallery-is-layout-flex\"> <figure class=\"wp-block-image size-large\"><img loading=\"lazy\" decoding=\"async\" width=\"720\" height=\"540\" data-id=\"1807\" src=\"https:\/\/www.plasticgranularmachine.com\/wp-content\/uploads\/2025\/07\/paper-egg-tray-making-machine.webp\" alt=\"m\u00e1quina para hacer bandejas de papel para huevos\" class=\"wp-image-1807\" srcset=\"https:\/\/www.plasticgranularmachine.com\/wp-content\/uploads\/2025\/07\/paper-egg-tray-making-machine.webp 720w, https:\/\/www.plasticgranularmachine.com\/wp-content\/uploads\/2025\/07\/paper-egg-tray-making-machine-300x225.webp 300w, https:\/\/www.plasticgranularmachine.com\/wp-content\/uploads\/2025\/07\/paper-egg-tray-making-machine-16x12.webp 16w\" sizes=\"auto, (max-width: 720px) 100vw, 720px\" \/><figcaption class=\"wp-element-caption\">m\u00e1quina para hacer bandejas de papel para huevos<\/figcaption><\/figure>    <figure class=\"wp-block-image size-large\"><img loading=\"lazy\" decoding=\"async\" width=\"720\" height=\"539\" data-id=\"1806\" src=\"https:\/\/www.plasticgranularmachine.com\/wp-content\/uploads\/2025\/07\/egg-tray-machine-mould.webp\" alt=\"molde para m\u00e1quina de bandejas de huevos\" class=\"wp-image-1806\" srcset=\"https:\/\/www.plasticgranularmachine.com\/wp-content\/uploads\/2025\/07\/egg-tray-machine-mould.webp 720w, https:\/\/www.plasticgranularmachine.com\/wp-content\/uploads\/2025\/07\/egg-tray-machine-mould-300x225.webp 300w, https:\/\/www.plasticgranularmachine.com\/wp-content\/uploads\/2025\/07\/egg-tray-machine-mould-16x12.webp 16w\" sizes=\"auto, (max-width: 720px) 100vw, 720px\" \/><figcaption class=\"wp-element-caption\">molde para m\u00e1quina de bandejas de huevos<\/figcaption><\/figure> <\/figure>    <h2 class=\"wp-block-heading\">Multimodelos de la M\u00e1quina para Hacer Bandejas de Huevos de Papel<\/h2>    <p>De acuerdo con los requisitos de producci\u00f3n actuales, ofrecemos varios modelos de m\u00e1quinas para fabricar bandejas de huevos, incluyendo: de un solo lado, de cuatro lados, de ocho lados. Las especificaciones son las siguientes:<\/p>    <h3 class=\"wp-block-heading\">M\u00e1quina de moldeo de bandejas de huevos de un lado<\/h3>    <p>La m\u00e1quina de fabricaci\u00f3n de bandejas de huevos de un solo lado tiene una superficie de trabajo, 3*1 significa 3 moldes por fila, 4*1 significa 4 moldes por fila.<\/p>    <figure class=\"wp-block-table\"><table class=\"has-fixed-layout\"><tbody><tr><td>Modelo<\/td><td>WJ-1000-3*1<\/td><td>WJ-1500-4*1<\/td><\/tr><tr><td>Capacidad<\/td><td>1000 pcs\/h<\/td><td>1500 pcs\/h<\/td><\/tr><tr><td>Fuerza<\/td><td>38 KW<\/td><td>38 KW<\/td><\/tr><tr><td>Peso<\/td><td>2500 kg<\/td><td>3000 kg<\/td><\/tr><tr><td>Consumo de papel<\/td><td>80 kg\/h<\/td><td>120 kg\/h<\/td><\/tr><tr><td>Consumo de agua<\/td><td>120 kg\/h<\/td><td>240 kg\/h<\/td><\/tr><tr><td>Tama\u00f1o de la m\u00e1quina<\/td><td>2600*2200*1900 mm<\/td><td>2800*2200*1900 mm<\/td><\/tr><\/tbody><\/table><\/figure>    <figure class=\"wp-block-gallery has-nested-images columns-default is-cropped wp-block-gallery-5 is-layout-flex wp-block-gallery-is-layout-flex\"> <figure class=\"wp-block-image size-large\"><img loading=\"lazy\" decoding=\"async\" width=\"720\" height=\"540\" data-id=\"1813\" src=\"https:\/\/www.plasticgranularmachine.com\/wp-content\/uploads\/2025\/07\/WJ-1000-31-egg-tray-making-machine.webp\" alt=\"M\u00e1quina para fabricar bandejas de huevos WJ-1000-3*1\" class=\"wp-image-1813\" srcset=\"https:\/\/www.plasticgranularmachine.com\/wp-content\/uploads\/2025\/07\/WJ-1000-31-egg-tray-making-machine.webp 720w, https:\/\/www.plasticgranularmachine.com\/wp-content\/uploads\/2025\/07\/WJ-1000-31-egg-tray-making-machine-300x225.webp 300w, https:\/\/www.plasticgranularmachine.com\/wp-content\/uploads\/2025\/07\/WJ-1000-31-egg-tray-making-machine-16x12.webp 16w\" sizes=\"auto, (max-width: 720px) 100vw, 720px\" \/><figcaption class=\"wp-element-caption\">M\u00e1quina para fabricar bandejas de huevos WJ-1000-3*1<\/figcaption><\/figure>    <figure class=\"wp-block-image size-large\"><img loading=\"lazy\" decoding=\"async\" width=\"720\" height=\"540\" data-id=\"1814\" src=\"https:\/\/www.plasticgranularmachine.com\/wp-content\/uploads\/2025\/07\/WJ-1500-41-egg-tray-molding-machine.webp\" alt=\"M\u00e1quina de moldeo de bandejas de huevo WJ-1500-4*1\" class=\"wp-image-1814\" srcset=\"https:\/\/www.plasticgranularmachine.com\/wp-content\/uploads\/2025\/07\/WJ-1500-41-egg-tray-molding-machine.webp 720w, https:\/\/www.plasticgranularmachine.com\/wp-content\/uploads\/2025\/07\/WJ-1500-41-egg-tray-molding-machine-300x225.webp 300w, https:\/\/www.plasticgranularmachine.com\/wp-content\/uploads\/2025\/07\/WJ-1500-41-egg-tray-molding-machine-16x12.webp 16w\" sizes=\"auto, (max-width: 720px) 100vw, 720px\" \/><figcaption class=\"wp-element-caption\">M\u00e1quina de moldeo de bandejas de huevo WJ-1500-4*1<\/figcaption><\/figure> <\/figure>    <h3 class=\"wp-block-heading\">M\u00e1quina de fabricaci\u00f3n de bandejas de huevos de cuatro lados<\/h3>    <p>La m\u00e1quina de fabricaci\u00f3n de cartones de huevos de cuatro lados tiene cuatro superficies de trabajo, 3*4 significa 3 moldes por superficie, y 4*4 significa 4 moldes por superficie.<\/p>    <figure class=\"wp-block-table\"><table class=\"has-fixed-layout\"><tbody><tr><td>Modelo<\/td><td>WJ-2500-3*4<\/td><td>WJ-3000-4*4<\/td><\/tr><tr><td>Capacidad<\/td><td>2500 pcs\/h<\/td><td>3000 pcs\/h<\/td><\/tr><tr><td>Fuerza<\/td><td>55 KW<\/td><td>60 KW<\/td><\/tr><tr><td>Peso<\/td><td>4000 kg<\/td><td>4800 kg<\/td><\/tr><tr><td>Consumo de papel<\/td><td>200 kg\/h<\/td><td>240 kg\/h<\/td><\/tr><tr><td>Consumo de agua<\/td><td>400 kg\/h<\/td><td>480 kg\/h<\/td><\/tr><tr><td>Tama\u00f1o de la m\u00e1quina<\/td><td>2900*1800*1800<\/td><td>3250*1800*1800<\/td><\/tr><\/tbody><\/table><\/figure>    <figure class=\"wp-block-gallery has-nested-images columns-default is-cropped wp-block-gallery-6 is-layout-flex wp-block-gallery-is-layout-flex\"> <figure class=\"wp-block-image size-large\"><img loading=\"lazy\" decoding=\"async\" width=\"720\" height=\"540\" data-id=\"1815\" src=\"https:\/\/www.plasticgranularmachine.com\/wp-content\/uploads\/2025\/07\/WJ-2500-34-egg-carton-making-machine.webp\" alt=\"M\u00e1quina para hacer cartones de huevo WJ-2500-3*4\" class=\"wp-image-1815\" srcset=\"https:\/\/www.plasticgranularmachine.com\/wp-content\/uploads\/2025\/07\/WJ-2500-34-egg-carton-making-machine.webp 720w, https:\/\/www.plasticgranularmachine.com\/wp-content\/uploads\/2025\/07\/WJ-2500-34-egg-carton-making-machine-300x225.webp 300w, https:\/\/www.plasticgranularmachine.com\/wp-content\/uploads\/2025\/07\/WJ-2500-34-egg-carton-making-machine-16x12.webp 16w\" sizes=\"auto, (max-width: 720px) 100vw, 720px\" \/><figcaption class=\"wp-element-caption\">M\u00e1quina para hacer cartones de huevo WJ-2500-3*4<\/figcaption><\/figure>    <figure class=\"wp-block-image size-large\"><img loading=\"lazy\" decoding=\"async\" width=\"720\" height=\"540\" data-id=\"1816\" src=\"https:\/\/www.plasticgranularmachine.com\/wp-content\/uploads\/2025\/07\/WJ-3000-44-egg-tray-production-machine.webp\" alt=\"M\u00e1quina de producci\u00f3n de bandejas de huevo WJ-3000-4*4\" class=\"wp-image-1816\" srcset=\"https:\/\/www.plasticgranularmachine.com\/wp-content\/uploads\/2025\/07\/WJ-3000-44-egg-tray-production-machine.webp 720w, https:\/\/www.plasticgranularmachine.com\/wp-content\/uploads\/2025\/07\/WJ-3000-44-egg-tray-production-machine-300x225.webp 300w, https:\/\/www.plasticgranularmachine.com\/wp-content\/uploads\/2025\/07\/WJ-3000-44-egg-tray-production-machine-16x12.webp 16w\" sizes=\"auto, (max-width: 720px) 100vw, 720px\" \/><figcaption class=\"wp-element-caption\">M\u00e1quina de producci\u00f3n de bandejas de huevo WJ-3000-4*4<\/figcaption><\/figure> <\/figure>    <h3 class=\"wp-block-heading\">M\u00e1quina para hacer bandejas de huevos de ocho lados<\/h3>    <p>La m\u00e1quina de fabricaci\u00f3n de bandejas de huevo de ocho lados tiene ocho superficies de trabajo, 4*8 significa 4 moldes por fila, 5*8 significa 5 moldes por fila y 6*8 significa 6 moldes por fila. <\/p>    <figure class=\"wp-block-table\"><table class=\"has-fixed-layout\"><tbody><tr><td>Modelo<\/td><td>WJ-4000-4*8<\/td><td>WJ-5000-5*8<\/td><td>WJ-7000-6*8<\/td><\/tr><tr><td>Capacidad<\/td><td>4000 pcs\/h<\/td><td>5000 pcs\/h<\/td><td>7000 pcs\/h<\/td><\/tr><tr><td>Fuerza<\/td><td>95 KW<\/td><td>95 KW<\/td><td>120 KW<\/td><\/tr><tr><td>Peso<\/td><td>7000 kg<\/td><td>8000 kg<\/td><td>10000 kg<\/td><\/tr><tr><td>Consumo de papel<\/td><td>320 kg\/h<\/td><td>400 kg\/h<\/td><td>480 kg\/h<\/td><\/tr><tr><td>Consumo de agua<\/td><td>640 kg\/h<\/td><td>800 kg\/h<\/td><td>960 kg\/h<\/td><\/tr><tr><td>Tama\u00f1o de la m\u00e1quina<\/td><td>3250*2300*2500<\/td><td>3700*2300*2500<\/td><td>3200*2300*2500<\/td><\/tr><\/tbody><\/table><\/figure>    <figure class=\"wp-block-gallery has-nested-images columns-default is-cropped wp-block-gallery-7 is-layout-flex wp-block-gallery-is-layout-flex\"> <figure class=\"wp-block-image size-large\"><img loading=\"lazy\" decoding=\"async\" width=\"720\" height=\"540\" data-id=\"1817\" src=\"https:\/\/www.plasticgranularmachine.com\/wp-content\/uploads\/2025\/07\/WJ-4000-48.webp\" alt=\"M\u00e1quina de bandejas de huevo WJ-4000-4*8\" class=\"wp-image-1817\" srcset=\"https:\/\/www.plasticgranularmachine.com\/wp-content\/uploads\/2025\/07\/WJ-4000-48.webp 720w, https:\/\/www.plasticgranularmachine.com\/wp-content\/uploads\/2025\/07\/WJ-4000-48-300x225.webp 300w, https:\/\/www.plasticgranularmachine.com\/wp-content\/uploads\/2025\/07\/WJ-4000-48-16x12.webp 16w\" sizes=\"auto, (max-width: 720px) 100vw, 720px\" \/><figcaption class=\"wp-element-caption\">M\u00e1quina de bandejas de huevo WJ-4000-4*8<\/figcaption><\/figure>    <figure class=\"wp-block-image size-large\"><img loading=\"lazy\" decoding=\"async\" width=\"720\" height=\"540\" data-id=\"1818\" src=\"https:\/\/www.plasticgranularmachine.com\/wp-content\/uploads\/2025\/07\/WJ-5000-58-egg-tray-manufacturing-machine.webp\" alt=\"M\u00e1quina de fabricaci\u00f3n de bandejas de huevo WJ-5000-5*8\" class=\"wp-image-1818\" srcset=\"https:\/\/www.plasticgranularmachine.com\/wp-content\/uploads\/2025\/07\/WJ-5000-58-egg-tray-manufacturing-machine.webp 720w, https:\/\/www.plasticgranularmachine.com\/wp-content\/uploads\/2025\/07\/WJ-5000-58-egg-tray-manufacturing-machine-300x225.webp 300w, https:\/\/www.plasticgranularmachine.com\/wp-content\/uploads\/2025\/07\/WJ-5000-58-egg-tray-manufacturing-machine-16x12.webp 16w\" sizes=\"auto, (max-width: 720px) 100vw, 720px\" \/><figcaption class=\"wp-element-caption\">M\u00e1quina de fabricaci\u00f3n de bandejas de huevo WJ-5000-5*8<\/figcaption><\/figure>    <figure class=\"wp-block-image size-large\"><img loading=\"lazy\" decoding=\"async\" width=\"720\" height=\"540\" data-id=\"1819\" src=\"https:\/\/www.plasticgranularmachine.com\/wp-content\/uploads\/2025\/07\/WJ-7000-68-egg-box-making-machine.webp\" alt=\"M\u00e1quina de fabricaci\u00f3n de cajas de huevo WJ-7000-6*8\" class=\"wp-image-1819\" srcset=\"https:\/\/www.plasticgranularmachine.com\/wp-content\/uploads\/2025\/07\/WJ-7000-68-egg-box-making-machine.webp 720w, https:\/\/www.plasticgranularmachine.com\/wp-content\/uploads\/2025\/07\/WJ-7000-68-egg-box-making-machine-300x225.webp 300w, https:\/\/www.plasticgranularmachine.com\/wp-content\/uploads\/2025\/07\/WJ-7000-68-egg-box-making-machine-16x12.webp 16w\" sizes=\"auto, (max-width: 720px) 100vw, 720px\" \/><figcaption class=\"wp-element-caption\">M\u00e1quina de fabricaci\u00f3n de cajas de huevo WJ-7000-6*8<\/figcaption><\/figure> <\/figure>    <h2 class=\"wp-block-heading\">\u00bfC\u00f3mo elegir su m\u00e1quina para hacer cajas de huevos?<\/h2>    <p>La elecci\u00f3n de una m\u00e1quina de bandejas de huevos depende de varios factores, incluidos los requisitos de producci\u00f3n, el presupuesto y el espacio disponible. <\/p>    <ul class=\"wp-block-list\"> <li>La m\u00e1quina de fabricaci\u00f3n de bandejas de huevos de un solo lado, con una capacidad de 1,000 a 1,500 piezas por hora, es adecuada para usuarios a peque\u00f1a escala con presupuestos limitados y bajas capacidades de producci\u00f3n. Tiene un tama\u00f1o reducido, es sencilla de operar y puede secar bandejas de huevos h\u00famedas sin necesidad de una l\u00ednea de secado.<\/li>    <li>La m\u00e1quina de moldeo de bandejas de huevos de cuatro lados tiene una capacidad de 2,000 a 3,000 piezas por hora, lo que la hace adecuada para fabricantes de bandejas de huevos de tama\u00f1o mediano o recicladores de papel desperdiciado que ya tienen parte de la infraestructura.<\/li>    <li>La m\u00e1quina formadora de bandejas de huevos de ocho lados es r\u00e1pida y altamente eficiente, lo que la hace adecuada para la producci\u00f3n a gran escala.<\/li> <\/ul>    <p>Si a\u00fan no est\u00e1 seguro de c\u00f3mo elegir o tiene otros requisitos, no dude en contactarnos para una m\u00e1quina de bandejas de papel personalizada. Puede personalizar:<\/p>    <ul class=\"wp-block-list\"> <li>N\u00famero de moldes, tama\u00f1o, forma<\/li>    <li>Material<\/li>    <li>M\u00e9todo de secado<\/li> <\/ul>    <h2 class=\"wp-block-heading\">Principio de funcionamiento de nuestra m\u00e1quina de producci\u00f3n de bandejas de huevos<\/h2>    <p class=\"translation-block\">El proceso completo de <a href=\"https:\/\/www.plasticgranularmachine.com\/es\/product\/egg-tray-production-line\/\" data-type=\"link\" data-id=\"https:\/\/www.plasticgranularmachine.com\/product\/egg-tray-production-line\/\">fabricaci\u00f3n de bandejas de huevos de papel<\/a> es el siguiente: <\/p>    <p>Papel desechado \u2192 pulpeo \u2192 moldeo por adsorci\u00f3n de moldes \u2192 bandeja de huevo h\u00fameda \u2192 secado \u2192 bandeja de huevo terminada.<\/p>    <p>La m\u00e1quina formadora de bandejas de huevos crea una presi\u00f3n negativa con una bomba de vac\u00edo. Esto extrae la pulpa de la superficie del molde para crear la forma de la bandeja de huevos. La bandeja de huevos h\u00fameda es luego soplada por presi\u00f3n de aire positiva desde el compresor de aire hacia el molde de transferencia, y finalmente se transfiere a la cinta malla o bandeja. Luego se lleva a cabo el secado.<\/p>    <h2 class=\"wp-block-heading\">\u00a1Fabricar bandejas de huevos de alta calidad con nuestras m\u00e1quinas!<\/h2>    <p>\u00bfBuscas aumentar la producci\u00f3n de bandejas de huevos con eficiencia y calidad? Nuestra avanzada m\u00e1quina para fabricar bandejas de papel de pulpa ofrece una producci\u00f3n constante, dise\u00f1os personalizables y un rendimiento ecol\u00f3gico.<\/p>    <p>\u00a1P\u00f3ngase en contacto hoy para obtener un presupuesto gratuito y una soluci\u00f3n experta adaptada a sus necesidades!<\/p>","protected":false},"excerpt":{"rendered":"<p>Stable, biodegradable, and cost-effective, paper egg trays have become the preferred choice for producers and consumers worldwide. To meet diverse production needs, we offer egg tray making machines with capacities from 1,000 to 7,000 pcs\/h, customizable in color, shape, cavity design, and more\u2014ideal for egg trays, fruit trays, shoe supports, electronic packaging, and so on. [&hellip;]<\/p>\n","protected":false},"author":1,"featured_media":1810,"parent":0,"template":"","tags":[],"product-type":[79],"class_list":["post-1801","product","type-product","status-publish","has-post-thumbnail","hentry","product-type-paper-recycling-machine"],"_links":{"self":[{"href":"https:\/\/www.plasticgranularmachine.com\/es\/wp-json\/wp\/v2\/product\/1801","targetHints":{"allow":["GET"]}}],"collection":[{"href":"https:\/\/www.plasticgranularmachine.com\/es\/wp-json\/wp\/v2\/product"}],"about":[{"href":"https:\/\/www.plasticgranularmachine.com\/es\/wp-json\/wp\/v2\/types\/product"}],"author":[{"embeddable":true,"href":"https:\/\/www.plasticgranularmachine.com\/es\/wp-json\/wp\/v2\/users\/1"}],"wp:featuredmedia":[{"embeddable":true,"href":"https:\/\/www.plasticgranularmachine.com\/es\/wp-json\/wp\/v2\/media\/1810"}],"wp:attachment":[{"href":"https:\/\/www.plasticgranularmachine.com\/es\/wp-json\/wp\/v2\/media?parent=1801"}],"wp:term":[{"taxonomy":"post_tag","embeddable":true,"href":"https:\/\/www.plasticgranularmachine.com\/es\/wp-json\/wp\/v2\/tags?post=1801"},{"taxonomy":"product-type","embeddable":true,"href":"https:\/\/www.plasticgranularmachine.com\/es\/wp-json\/wp\/v2\/product-type?post=1801"}],"curies":[{"name":"wp","href":"https:\/\/api.w.org\/{rel}","templated":true}]}}