{"id":1829,"date":"2025-07-21T15:05:45","date_gmt":"2025-07-21T07:05:45","guid":{"rendered":"https:\/\/www.plasticgranularmachine.com\/?post_type=product&#038;p=1829"},"modified":"2025-07-21T15:05:46","modified_gmt":"2025-07-21T07:05:46","slug":"tire-shredder-machine-for-sale","status":"publish","type":"product","link":"https:\/\/www.plasticgranularmachine.com\/es\/product\/tire-shredder-machine-for-sale\/","title":{"rendered":"M\u00e1quina trituradora de neum\u00e1ticos en venta"},"content":{"rendered":"<p>La m\u00e1quina trituradora de neum\u00e1ticos en venta juega un papel clave en el proceso de reciclaje de neum\u00e1ticos y producci\u00f3n de polvo de caucho al triturar eficientemente neum\u00e1ticos grandes en trozos peque\u00f1os, aproximadamente de 50 a 100 mm, que pueden ser f\u00e1cilmente vendidos o transportados. Estos trozos tambi\u00e9n pueden ser molidos en un fino polvo de caucho.<\/p>    <figure class=\"wp-block-gallery has-nested-images columns-default is-cropped wp-block-gallery-2 is-layout-flex wp-block-gallery-is-layout-flex\"> <figure class=\"wp-block-image size-large\"><img loading=\"lazy\" decoding=\"async\" width=\"720\" height=\"540\" data-id=\"1842\" src=\"https:\/\/www.plasticgranularmachine.com\/wp-content\/uploads\/2025\/07\/tire-scraps.webp\" alt=\"Recortes de neum\u00e1ticos\" class=\"wp-image-1842\" srcset=\"https:\/\/www.plasticgranularmachine.com\/wp-content\/uploads\/2025\/07\/tire-scraps.webp 720w, https:\/\/www.plasticgranularmachine.com\/wp-content\/uploads\/2025\/07\/tire-scraps-300x225.webp 300w, https:\/\/www.plasticgranularmachine.com\/wp-content\/uploads\/2025\/07\/tire-scraps-16x12.webp 16w\" sizes=\"auto, (max-width: 720px) 100vw, 720px\" \/><figcaption class=\"wp-element-caption\">Recortes de neum\u00e1ticos<\/figcaption><\/figure>    <figure class=\"wp-block-image size-large\"><img loading=\"lazy\" decoding=\"async\" width=\"720\" height=\"540\" data-id=\"1835\" src=\"https:\/\/www.plasticgranularmachine.com\/wp-content\/uploads\/2025\/07\/industrial-tire-shredder.webp\" alt=\"desmenuzadora de neum\u00e1ticos industriales\" class=\"wp-image-1835\" srcset=\"https:\/\/www.plasticgranularmachine.com\/wp-content\/uploads\/2025\/07\/industrial-tire-shredder.webp 720w, https:\/\/www.plasticgranularmachine.com\/wp-content\/uploads\/2025\/07\/industrial-tire-shredder-300x225.webp 300w, https:\/\/www.plasticgranularmachine.com\/wp-content\/uploads\/2025\/07\/industrial-tire-shredder-16x12.webp 16w\" sizes=\"auto, (max-width: 720px) 100vw, 720px\" \/><figcaption class=\"wp-element-caption\">desmenuzadora de neum\u00e1ticos industriales<\/figcaption><\/figure> <\/figure>    <h2 class=\"wp-block-heading\">\u00bfC\u00f3mo aplicar la desmenuzadora de neum\u00e1ticos de desecho?<\/h2>    <p>Nuestras trituradoras de neum\u00e1ticos pueden manejar muchos tipos y tama\u00f1os de neum\u00e1ticos de desecho, incluidos neum\u00e1ticos de autom\u00f3viles, camiones, agr\u00edcolas y OTR (fuera de carretera). Pueden procesar neum\u00e1ticos est\u00e1ndar con di\u00e1metros de menos de 1,200 mm y neum\u00e1ticos de miner\u00eda sobredimensionados, como R35, R49, R51 y R63.<\/p>    <p>Dependiendo de la configuraci\u00f3n del modelo, la m\u00e1quina trituradora de neum\u00e1ticos en venta puede alimentar y procesar directamente los siguientes materiales en bruto:<\/p>    <ul class=\"wp-block-list\"> <li>Neum\u00e1ticos completos (di\u00e1metro \u22641400 mm)<\/li>    <li>Bloques de neum\u00e1ticos de ingenier\u00eda cortados o desintegrados<\/li>    <li>Bloques de goma pretratados<\/li>    <li>Componentes como paredes laterales y coronas<\/li> <\/ul>    <p>La salida del producto triturado son bloques de goma de tama\u00f1o ajustable (t\u00edpicamente de 50 a 100 mm), que est\u00e1n bien adaptados al siguiente paso de procesamiento. Estos bloques son f\u00e1ciles de almacenar y transportar y se pueden alimentar directamente al sistema de molienda de goma para producir gr\u00e1nulos o polvo de goma fina. <\/p>   <div class=\"wp-block-image\"> <figure class=\"aligncenter size-full\"><img loading=\"lazy\" decoding=\"async\" width=\"720\" height=\"540\" src=\"https:\/\/www.plasticgranularmachine.com\/wp-content\/uploads\/2025\/07\/output-tire-blocks-of-the-tire-shredder-machine-for-sale.webp\" alt=\"bloques de neum\u00e1ticos de salida de la m\u00e1quina trituradora de neum\u00e1ticos en venta\" class=\"wp-image-1836\" srcset=\"https:\/\/www.plasticgranularmachine.com\/wp-content\/uploads\/2025\/07\/output-tire-blocks-of-the-tire-shredder-machine-for-sale.webp 720w, https:\/\/www.plasticgranularmachine.com\/wp-content\/uploads\/2025\/07\/output-tire-blocks-of-the-tire-shredder-machine-for-sale-300x225.webp 300w, https:\/\/www.plasticgranularmachine.com\/wp-content\/uploads\/2025\/07\/output-tire-blocks-of-the-tire-shredder-machine-for-sale-16x12.webp 16w\" sizes=\"auto, (max-width: 720px) 100vw, 720px\" \/><figcaption class=\"wp-element-caption\">bloques de neum\u00e1ticos de salida de la m\u00e1quina trituradora de neum\u00e1ticos en venta<\/figcaption><\/figure> <\/div>   <h2 class=\"wp-block-heading\">Caracter\u00edsticas principales de nuestras m\u00e1quinas desmenuzadoras de neum\u00e1ticos<\/h2>    <p>Nuestra m\u00e1quina trituradora de neum\u00e1ticos en venta tiene una ventaja competitiva en el mercado debido a su configuraci\u00f3n profesional y caracter\u00edsticas de rendimiento.<\/p>    <ul class=\"wp-block-list\"> <li><strong>Sistema de eje de cuchilla de alta precisi\u00f3n:<\/strong> Superficie de corte limpia; mejora la calidad de los productos de bloques de goma terminados.<\/li>    <li><strong>Estructura de doble eje de alto par:<\/strong> Fuerte fuerza de corte; maneja f\u00e1cilmente neum\u00e1ticos enteros y bloques de neum\u00e1ticos.<\/li>    <li><strong>Amplia aplicabilidad:<\/strong> Es adecuada para una amplia gama de tipos y tama\u00f1os de neum\u00e1ticos, incluidos los neum\u00e1ticos de ingenier\u00eda OTR.<\/li>    <li><strong>Capacidad flexible:<\/strong> 2-20 toneladas por hora para satisfacer las necesidades de diferentes l\u00edneas de producci\u00f3n.<\/li>    <li><strong>Control de descarga ajustable:<\/strong> El tama\u00f1o de descarga se puede ajustar con precisi\u00f3n dentro de 50-100 mm para producir part\u00edculas uniformes.<\/li>    <li><strong>Material de cuchilla resistente al desgaste<\/strong>Est\u00e1 hecho de acero inoxidable de alta resistencia y resistente a la corrosi\u00f3n para una larga vida \u00fatil.<\/li>    <li><strong>Fuerte compatibilidad:<\/strong> Se puede integrar en varios tipos de sistemas de reciclaje de neum\u00e1ticos para lograr una conexi\u00f3n eficiente.<\/li>    <li><strong>Servicio postventa perfecto<\/strong>Incluyendo soporte de garant\u00eda, instalaci\u00f3n a domicilio, orientaci\u00f3n t\u00e9cnica, etc.<\/li> <\/ul>    <p>Esta serie de trituradoras de goma industrial tiene tanto estabilidad en el rendimiento como adaptabilidad industrial y es la opci\u00f3n ideal para todos los tama\u00f1os de negocios de trituraci\u00f3n de neum\u00e1ticos.<\/p>    <figure class=\"wp-block-gallery has-nested-images columns-default is-cropped wp-block-gallery-3 is-layout-flex wp-block-gallery-is-layout-flex\"> <figure class=\"wp-block-image size-large\"><img loading=\"lazy\" decoding=\"async\" width=\"720\" height=\"540\" data-id=\"1841\" src=\"https:\/\/www.plasticgranularmachine.com\/wp-content\/uploads\/2025\/07\/screens-of-the-tyre-shredding-machine.webp\" alt=\"pantallas de la m\u00e1quina de trituraci\u00f3n de neum\u00e1ticos\" class=\"wp-image-1841\" srcset=\"https:\/\/www.plasticgranularmachine.com\/wp-content\/uploads\/2025\/07\/screens-of-the-tyre-shredding-machine.webp 720w, https:\/\/www.plasticgranularmachine.com\/wp-content\/uploads\/2025\/07\/screens-of-the-tyre-shredding-machine-300x225.webp 300w, https:\/\/www.plasticgranularmachine.com\/wp-content\/uploads\/2025\/07\/screens-of-the-tyre-shredding-machine-16x12.webp 16w\" sizes=\"auto, (max-width: 720px) 100vw, 720px\" \/><figcaption class=\"wp-element-caption\">pantallas de la m\u00e1quina de trituraci\u00f3n de neum\u00e1ticos<\/figcaption><\/figure>    <figure class=\"wp-block-image size-large\"><img loading=\"lazy\" decoding=\"async\" width=\"720\" height=\"540\" data-id=\"1839\" src=\"https:\/\/www.plasticgranularmachine.com\/wp-content\/uploads\/2025\/07\/rubber-tire-shredder-blades.webp\" alt=\"cuchillas de trituradora de neum\u00e1ticos de goma\" class=\"wp-image-1839\" srcset=\"https:\/\/www.plasticgranularmachine.com\/wp-content\/uploads\/2025\/07\/rubber-tire-shredder-blades.webp 720w, https:\/\/www.plasticgranularmachine.com\/wp-content\/uploads\/2025\/07\/rubber-tire-shredder-blades-300x225.webp 300w, https:\/\/www.plasticgranularmachine.com\/wp-content\/uploads\/2025\/07\/rubber-tire-shredder-blades-16x12.webp 16w\" sizes=\"auto, (max-width: 720px) 100vw, 720px\" \/><figcaption class=\"wp-element-caption\">cuchillas de trituradora de neum\u00e1ticos de goma<\/figcaption><\/figure> <\/figure>    <h2 class=\"wp-block-heading\">Lista de especificaciones de la m\u00e1quina trituradora de neum\u00e1ticos en venta<\/h2>    <p>Proporcionamos varios trituradores de neum\u00e1ticos de goma. Algunos par\u00e1metros principales son los siguientes:<\/p>    <figure class=\"wp-block-table\"><table><thead><tr><th>Modelo<\/th><th>Materia prima aplicable<\/th><th>Tama\u00f1o m\u00e1ximo de alimentaci\u00f3n de neum\u00e1ticos<\/th><th>Tama\u00f1o de salida (chips de goma)<\/th><th>Capacidad de procesamiento<\/th><th>Potencia total<\/th><th>Tipo de aplicaci\u00f3n<\/th><th>Especificaciones de la cuchilla<\/th><th>Peso de la m\u00e1quina<\/th><th>Huella (L\u00d7W\u00d7H)<\/th><\/tr><\/thead><tbody><tr><td><strong>SL-900<\/strong><\/td><td>Neum\u00e1ticos de coche, neum\u00e1ticos de cami\u00f3n peque\u00f1o<\/td><td>\u2264900 mm<\/td><td>50 mm<\/td><td>2 t\/h<\/td><td>64.5 kW<\/td><td>Trituradora de neum\u00e1ticos de coches compactos<\/td><td>D\u00eda. 360mm \/ 16 cuchillas \/ 50mm de grosor<\/td><td>10 toneladas<\/td><td>9*5*2.8 m<\/td><\/tr><tr><td><strong>SL-1000<\/strong><\/td><td>Neum\u00e1ticos de coches y camionetas ligeras<\/td><td>\u22641000 mm<\/td><td>60 mm<\/td><td>4 t\/h<\/td><td>94.5 kW<\/td><td>M\u00e1quina de trituraci\u00f3n de neum\u00e1ticos de nivel b\u00e1sico<\/td><td>Di\u00e1metro 440 mm \/ 16 cuchillas \/ 50 mm de grosor<\/td><td>13 toneladas<\/td><td>10*6*3.2 m<\/td><\/tr><tr><td><strong>SL-1200<\/strong><\/td><td>Neum\u00e1ticos de pasajeros y OTR desmontados<\/td><td>\u22641200 mm<\/td><td>60 mm<\/td><td>5\u20136 t\/h<\/td><td>157 kW<\/td><td>Astilladora de neum\u00e1ticos de goma de escala media<\/td><td>Di\u00e1metro 510mm \/ 18 cuchillas \/ 60mm de grosor<\/td><td>15.8 toneladas<\/td><td>10*6*3.2 m<\/td><\/tr><tr><td><strong>SL-1500<\/strong><\/td><td>Neum\u00e1ticos de cami\u00f3n completos, bloques de neum\u00e1ticos OTR grandes<\/td><td>\u22641200 mm<\/td><td>75 mm<\/td><td>8\u201310 t\/h<\/td><td>188.5 kW<\/td><td>Trituradora de neum\u00e1ticos industriales de alta resistencia<\/td><td>Di\u00e1metro 580 mm \/ 20 cuchillas \/ 75 mm de grosor<\/td><td>18.6 toneladas<\/td><td>20*10*3.5 m<\/td><\/tr><tr><td><strong>SL-1800<\/strong><\/td><td>Neum\u00e1ticos OTR de tama\u00f1o completo (por ejemplo, R51\u2013R63)<\/td><td>\u22641400 mm<\/td><td>100 mm<\/td><td>15\u201320 t\/h<\/td><td>328.5 kW<\/td><td>M\u00e1quina trituradora de neum\u00e1ticos de alta producci\u00f3n en venta<\/td><td>Di\u00e1metro 650mm \/ 18 cuchillas \/ 100mm de grosor<\/td><td>26 toneladas<\/td><td>20*12*4 m<\/td><\/tr><\/tbody><\/table><\/figure>    <p>Si tiene otras necesidades de producci\u00f3n, no dude en dejar mensajes, y podemos proporcionar una m\u00e1quina trituradora de neum\u00e1ticos personalizada a la venta.<\/p>    <figure class=\"wp-block-gallery has-nested-images columns-default is-cropped wp-block-gallery-4 is-layout-flex wp-block-gallery-is-layout-flex\"> <figure class=\"wp-block-image size-large\"><img loading=\"lazy\" decoding=\"async\" width=\"720\" height=\"540\" data-id=\"1833\" src=\"https:\/\/www.plasticgranularmachine.com\/wp-content\/uploads\/2025\/07\/Factory-tour-of-tire-shredders-being-built.webp\" alt=\"Recorrido por la f\u00e1brica de trituradoras de neum\u00e1ticos en construcci\u00f3n\" class=\"wp-image-1833\" srcset=\"https:\/\/www.plasticgranularmachine.com\/wp-content\/uploads\/2025\/07\/Factory-tour-of-tire-shredders-being-built.webp 720w, https:\/\/www.plasticgranularmachine.com\/wp-content\/uploads\/2025\/07\/Factory-tour-of-tire-shredders-being-built-300x225.webp 300w, https:\/\/www.plasticgranularmachine.com\/wp-content\/uploads\/2025\/07\/Factory-tour-of-tire-shredders-being-built-16x12.webp 16w\" sizes=\"auto, (max-width: 720px) 100vw, 720px\" \/><figcaption class=\"wp-element-caption\">Recorrido por la f\u00e1brica de trituradoras de neum\u00e1ticos en construcci\u00f3n<\/figcaption><\/figure>    <figure class=\"wp-block-image size-large\"><img loading=\"lazy\" decoding=\"async\" width=\"720\" height=\"540\" data-id=\"1840\" src=\"https:\/\/www.plasticgranularmachine.com\/wp-content\/uploads\/2025\/07\/rubber-tire-shredder-machines-in-the-factory.webp\" alt=\"m\u00e1quinas trituradoras de neum\u00e1ticos de goma en la f\u00e1brica\" class=\"wp-image-1840\" srcset=\"https:\/\/www.plasticgranularmachine.com\/wp-content\/uploads\/2025\/07\/rubber-tire-shredder-machines-in-the-factory.webp 720w, https:\/\/www.plasticgranularmachine.com\/wp-content\/uploads\/2025\/07\/rubber-tire-shredder-machines-in-the-factory-300x225.webp 300w, https:\/\/www.plasticgranularmachine.com\/wp-content\/uploads\/2025\/07\/rubber-tire-shredder-machines-in-the-factory-16x12.webp 16w\" sizes=\"auto, (max-width: 720px) 100vw, 720px\" \/><figcaption class=\"wp-element-caption\">m\u00e1quinas trituradoras de neum\u00e1ticos de goma en la f\u00e1brica<\/figcaption><\/figure>    <figure class=\"wp-block-image size-large\"><img loading=\"lazy\" decoding=\"async\" width=\"720\" height=\"540\" data-id=\"1838\" src=\"https:\/\/www.plasticgranularmachine.com\/wp-content\/uploads\/2025\/07\/rubber-tire-chipper.webp\" alt=\"trituradora de neum\u00e1ticos de goma\" class=\"wp-image-1838\" srcset=\"https:\/\/www.plasticgranularmachine.com\/wp-content\/uploads\/2025\/07\/rubber-tire-chipper.webp 720w, https:\/\/www.plasticgranularmachine.com\/wp-content\/uploads\/2025\/07\/rubber-tire-chipper-300x225.webp 300w, https:\/\/www.plasticgranularmachine.com\/wp-content\/uploads\/2025\/07\/rubber-tire-chipper-16x12.webp 16w\" sizes=\"auto, (max-width: 720px) 100vw, 720px\" \/><figcaption class=\"wp-element-caption\">trituradora de neum\u00e1ticos de goma<\/figcaption><\/figure> <\/figure>    <h2 class=\"wp-block-heading\">\u00bfC\u00f3mo funciona la m\u00e1quina trituradora de neum\u00e1ticos?<\/h2>    <p>Pasos de trabajo de la m\u00e1quina trituradora de neum\u00e1ticos a la venta:<\/p>    <ul class=\"wp-block-list\"> <li>Alimentaci\u00f3n: Neum\u00e1ticos enteros o bloques de neum\u00e1ticos desechados se alimentan uniformemente en la c\u00e1mara de trituraci\u00f3n a trav\u00e9s de una cinta transportadora.<\/li>    <li>Corte de Ejes Dobles: Dos ejes de cuchillo de baja velocidad y alto par de torsi\u00f3n giran en reversa de manera sincr\u00f3nica y utilizan cuchillas de aleaci\u00f3n de alta resistencia para cortar, desgarrar y triturar los neum\u00e1ticos.<\/li>    <li>Control de Tama\u00f1o: A trav\u00e9s del espaciado de las cuchillas y el dise\u00f1o de la malla de la pantalla, se puede controlar el tama\u00f1o del material descargado dentro del rango de 50-100 mm para cumplir con diferentes requisitos de reutilizaci\u00f3n.<\/li>    <li>Separaci\u00f3n inicial de alambres de acero: El proceso de trituraci\u00f3n afloja la mayor\u00eda de los alambres de acero dentro de los neum\u00e1ticos para la posterior separaci\u00f3n magn\u00e9tica.<\/li>    <li>Transporte de descarga: Los bloques de goma triturada se transportan a trav\u00e9s de una cinta de descarga al siguiente proceso, como molienda, granulaci\u00f3n o empaquetado.<\/li> <\/ul>   <div class=\"wp-block-image\"> <figure class=\"aligncenter size-full\"><img loading=\"lazy\" decoding=\"async\" width=\"720\" height=\"540\" src=\"https:\/\/www.plasticgranularmachine.com\/wp-content\/uploads\/2025\/07\/powerful-tire-shredder-machine-for-sale.webp\" alt=\"m\u00e1quina trituradora de neum\u00e1ticos potente en venta\" class=\"wp-image-1837\" srcset=\"https:\/\/www.plasticgranularmachine.com\/wp-content\/uploads\/2025\/07\/powerful-tire-shredder-machine-for-sale.webp 720w, https:\/\/www.plasticgranularmachine.com\/wp-content\/uploads\/2025\/07\/powerful-tire-shredder-machine-for-sale-300x225.webp 300w, https:\/\/www.plasticgranularmachine.com\/wp-content\/uploads\/2025\/07\/powerful-tire-shredder-machine-for-sale-16x12.webp 16w\" sizes=\"auto, (max-width: 720px) 100vw, 720px\" \/><figcaption class=\"wp-element-caption\">m\u00e1quina trituradora de neum\u00e1ticos potente en venta<\/figcaption><\/figure> <\/div>   <h2 class=\"wp-block-heading\">\u00bfC\u00f3mo encajan las m\u00e1quinas trituradoras de neum\u00e1ticos de goma en un sistema de reciclaje completo?<\/h2>    <p>En el proceso completo de reciclaje de neum\u00e1ticos, los neum\u00e1ticos desechados primero pasan por un pre-procesamiento, que incluye la eliminaci\u00f3n de alambres de acero y el triturado. Luego, se env\u00edan a la trituradora de neum\u00e1ticos de goma para un triturado inicial, lo que genera bloques de goma de tama\u00f1o uniforme que son f\u00e1ciles de procesar posteriormente. <\/p>    <p class=\"translation-block\">A continuaci\u00f3n, los bloques de caucho entran en el <a href=\"https:\/\/www.plasticgranularmachine.com\/es\/product\/tire-grinder-and-magnetic-separator\/\" data-type=\"link\" data-id=\"https:\/\/www.plasticgranularmachine.com\/product\/tire-grinder-and-magnetic-separator\/\">granulador de neum\u00e1ticos<\/a> para un triturado profundo y producir polvo de caucho fino. Este polvo se puede utilizar en la producci\u00f3n de productos de caucho reciclado, como baldosas de caucho, materiales para pistas de atletismo y sellos.<\/p>    <figure class=\"wp-block-gallery has-nested-images columns-default is-cropped wp-block-gallery-5 is-layout-flex wp-block-gallery-is-layout-flex\"> <figure class=\"wp-block-image size-large\"><img loading=\"lazy\" decoding=\"async\" width=\"720\" height=\"540\" data-id=\"1672\" src=\"https:\/\/www.plasticgranularmachine.com\/wp-content\/uploads\/2025\/05\/working-flow-of-the-semi-automatic-rubber-recycling-plant.webp\" alt=\"flujo de trabajo de la planta de reciclaje de goma semiautom\u00e1tica\" class=\"wp-image-1672\" srcset=\"https:\/\/www.plasticgranularmachine.com\/wp-content\/uploads\/2025\/05\/working-flow-of-the-semi-automatic-rubber-recycling-plant.webp 720w, https:\/\/www.plasticgranularmachine.com\/wp-content\/uploads\/2025\/05\/working-flow-of-the-semi-automatic-rubber-recycling-plant-300x225.webp 300w, https:\/\/www.plasticgranularmachine.com\/wp-content\/uploads\/2025\/05\/working-flow-of-the-semi-automatic-rubber-recycling-plant-16x12.webp 16w\" sizes=\"auto, (max-width: 720px) 100vw, 720px\" \/><figcaption class=\"wp-element-caption\">flujo de trabajo de la planta de reciclaje de goma semiautom\u00e1tica<\/figcaption><\/figure>    <figure class=\"wp-block-image size-large\"><img loading=\"lazy\" decoding=\"async\" width=\"720\" height=\"540\" data-id=\"1643\" src=\"https:\/\/www.plasticgranularmachine.com\/wp-content\/uploads\/2025\/04\/crumb-rubber-making-line-3.webp\" alt=\"l\u00ednea de producci\u00f3n de caucho granulado 3\" class=\"wp-image-1643\" srcset=\"https:\/\/www.plasticgranularmachine.com\/wp-content\/uploads\/2025\/04\/crumb-rubber-making-line-3.webp 720w, https:\/\/www.plasticgranularmachine.com\/wp-content\/uploads\/2025\/04\/crumb-rubber-making-line-3-300x225.webp 300w, https:\/\/www.plasticgranularmachine.com\/wp-content\/uploads\/2025\/04\/crumb-rubber-making-line-3-16x12.webp 16w\" sizes=\"auto, (max-width: 720px) 100vw, 720px\" \/><figcaption class=\"wp-element-caption\">l\u00ednea de producci\u00f3n de caucho granulado 3<\/figcaption><\/figure>    <figure class=\"wp-block-image size-large\"><img loading=\"lazy\" decoding=\"async\" width=\"720\" height=\"540\" data-id=\"1676\" src=\"https:\/\/www.plasticgranularmachine.com\/wp-content\/uploads\/2025\/05\/OTR-tire-recycling-line-working-process.webp\" alt=\"Proceso de trabajo de la l\u00ednea de reciclaje de neum\u00e1ticos OTR\" class=\"wp-image-1676\" srcset=\"https:\/\/www.plasticgranularmachine.com\/wp-content\/uploads\/2025\/05\/OTR-tire-recycling-line-working-process.webp 720w, https:\/\/www.plasticgranularmachine.com\/wp-content\/uploads\/2025\/05\/OTR-tire-recycling-line-working-process-300x225.webp 300w, https:\/\/www.plasticgranularmachine.com\/wp-content\/uploads\/2025\/05\/OTR-tire-recycling-line-working-process-16x12.webp 16w\" sizes=\"auto, (max-width: 720px) 100vw, 720px\" \/><figcaption class=\"wp-element-caption\">Proceso de trabajo de la l\u00ednea de reciclaje de neum\u00e1ticos OTR<\/figcaption><\/figure> <\/figure>    <h2 class=\"wp-block-heading\">Aplicaci\u00f3n de la salida de la m\u00e1quina trituradora de neum\u00e1ticos en venta<\/h2>    <p>Aunque a\u00fan no est\u00e1 en estado de polvo, los bloques de goma producidos con trituradoras de neum\u00e1ticos desechados tienen un amplio rango de valor industrial y comercial.<\/p>    <ol class=\"wp-block-list\"> <li><strong>Sustituto de combustible:<\/strong> Pueden ser utilizados como combustible industrial para reemplazar el carb\u00f3n y el petr\u00f3leo. Se utilizan com\u00fanmente en los procesos de incineraci\u00f3n a alta temperatura de plantas de cemento, centrales el\u00e9ctricas y f\u00e1bricas de papel.<\/li>    <li><strong>Ingenier\u00eda de fundaciones y vertederos:<\/strong> Se puede utilizar para la base de carreteras y ferrocarriles con buen drenaje y amortiguaci\u00f3n.<\/li>    <li><strong>Alfombrillas amortiguadoras y materiales de acolchado:<\/strong> Los bloques de goma se pueden usar como material de relleno para terrenos deportivos, parques infantiles y alfombrillas antivibraci\u00f3n en la construcci\u00f3n.<\/li>    <li><strong>Procesado en polvo de caucho:<\/strong> Un mayor triturado puede producir gr\u00e1nulos de goma o polvo m\u00e1s detallados, que se pueden utilizar para baldosas de goma para suelos, alfombrillas de c\u00e9sped artificial, anillos de sellado y m\u00e1s.<\/li>    <li>Se puede utilizar como un<strong> materia prima para productos de moldeo de caucho<\/strong>, como tapones de goma para coches, badenes, baldosas, juntas y otros productos reciclados. La trituradora de neum\u00e1ticos es una pieza de equipo indispensable en los sistemas modernos de reciclaje de neum\u00e1ticos desechados.<\/li> <\/ol>    <h2 class=\"wp-block-heading\">\u00bfA d\u00f3nde podemos exportar nuestra desmenuzadora de neum\u00e1ticos de goma?<\/h2>    <p class=\"translation-block\">Nuestra trituradora comercial de neum\u00e1ticos en venta se puede personalizar para clientes <strong>en todo el mundo<\/strong>. Dondequiera que se encuentre, podemos proporcionar transporte, orientaci\u00f3n t\u00e9cnica y servicio de instalaci\u00f3n in situ. <\/p>    <p>Con un rendimiento superior y un precio favorable de la m\u00e1quina trituradora de neum\u00e1ticos, nuestra trituradora de neum\u00e1ticos a la venta en Sud\u00e1frica, trituradora de neum\u00e1ticos a la venta en Australia, trituradora de neum\u00e1ticos a la venta en el Reino Unido, etc., \u00a1ha recibido una amplia gama de elogios un\u00e1nimes! Si est\u00e1s interesado, \u00a1no dudes en contactarnos!<\/p>    <figure class=\"wp-block-gallery has-nested-images columns-default is-cropped wp-block-gallery-6 is-layout-flex wp-block-gallery-is-layout-flex\"> <figure class=\"wp-block-image size-large\"><img loading=\"lazy\" decoding=\"async\" width=\"720\" height=\"540\" data-id=\"1834\" src=\"https:\/\/www.plasticgranularmachine.com\/wp-content\/uploads\/2025\/07\/Favorable-comments-on-tire-shredder-from-Kenyan-customers.webp\" alt=\"Comentarios favorables sobre la trituradora de neum\u00e1ticos de clientes kenianos.\" class=\"wp-image-1834\" srcset=\"https:\/\/www.plasticgranularmachine.com\/wp-content\/uploads\/2025\/07\/Favorable-comments-on-tire-shredder-from-Kenyan-customers.webp 720w, https:\/\/www.plasticgranularmachine.com\/wp-content\/uploads\/2025\/07\/Favorable-comments-on-tire-shredder-from-Kenyan-customers-300x225.webp 300w, https:\/\/www.plasticgranularmachine.com\/wp-content\/uploads\/2025\/07\/Favorable-comments-on-tire-shredder-from-Kenyan-customers-16x12.webp 16w\" sizes=\"auto, (max-width: 720px) 100vw, 720px\" \/><figcaption class=\"wp-element-caption\">Comentarios favorables sobre la trituradora de neum\u00e1ticos de clientes kenianos.<\/figcaption><\/figure>    <figure class=\"wp-block-image size-large\"><img loading=\"lazy\" decoding=\"async\" width=\"720\" height=\"540\" data-id=\"1832\" src=\"https:\/\/www.plasticgranularmachine.com\/wp-content\/uploads\/2025\/07\/Customers-visit-the-factory.webp\" alt=\"Visita del cliente a la f\u00e1brica\" class=\"wp-image-1832\" srcset=\"https:\/\/www.plasticgranularmachine.com\/wp-content\/uploads\/2025\/07\/Customers-visit-the-factory.webp 720w, https:\/\/www.plasticgranularmachine.com\/wp-content\/uploads\/2025\/07\/Customers-visit-the-factory-300x225.webp 300w, https:\/\/www.plasticgranularmachine.com\/wp-content\/uploads\/2025\/07\/Customers-visit-the-factory-16x12.webp 16w\" sizes=\"auto, (max-width: 720px) 100vw, 720px\" \/><figcaption class=\"wp-element-caption\">Visita del cliente a la f\u00e1brica<\/figcaption><\/figure> <\/figure>","protected":false},"excerpt":{"rendered":"<p>The tire shredder machine for sale plays a key role in the tire recycling process and rubber powder production by efficiently shredding large scrap tires into small pieces, approximately 50-100 mm, that can easily be sold or transported. These pieces can also be ground into fine rubber powder. How to Apply the Waste Tire Shredder? [&hellip;]<\/p>\n","protected":false},"author":1,"featured_media":1843,"parent":0,"template":"","tags":[],"product-type":[75],"class_list":["post-1829","product","type-product","status-publish","has-post-thumbnail","hentry","product-type-tire-recycling-facility"],"_links":{"self":[{"href":"https:\/\/www.plasticgranularmachine.com\/es\/wp-json\/wp\/v2\/product\/1829","targetHints":{"allow":["GET"]}}],"collection":[{"href":"https:\/\/www.plasticgranularmachine.com\/es\/wp-json\/wp\/v2\/product"}],"about":[{"href":"https:\/\/www.plasticgranularmachine.com\/es\/wp-json\/wp\/v2\/types\/product"}],"author":[{"embeddable":true,"href":"https:\/\/www.plasticgranularmachine.com\/es\/wp-json\/wp\/v2\/users\/1"}],"wp:featuredmedia":[{"embeddable":true,"href":"https:\/\/www.plasticgranularmachine.com\/es\/wp-json\/wp\/v2\/media\/1843"}],"wp:attachment":[{"href":"https:\/\/www.plasticgranularmachine.com\/es\/wp-json\/wp\/v2\/media?parent=1829"}],"wp:term":[{"taxonomy":"post_tag","embeddable":true,"href":"https:\/\/www.plasticgranularmachine.com\/es\/wp-json\/wp\/v2\/tags?post=1829"},{"taxonomy":"product-type","embeddable":true,"href":"https:\/\/www.plasticgranularmachine.com\/es\/wp-json\/wp\/v2\/product-type?post=1829"}],"curies":[{"name":"wp","href":"https:\/\/api.w.org\/{rel}","templated":true}]}}