{"id":1848,"date":"2025-07-28T11:23:52","date_gmt":"2025-07-28T03:23:52","guid":{"rendered":"https:\/\/www.plasticgranularmachine.com\/?post_type=product&#038;p=1848"},"modified":"2025-07-28T11:23:53","modified_gmt":"2025-07-28T03:23:53","slug":"waste-tire-cutting-machine","status":"publish","type":"product","link":"https:\/\/www.plasticgranularmachine.com\/es\/product\/waste-tire-cutting-machine\/","title":{"rendered":"M\u00e1quina est\u00e1ndar de corte de neum\u00e1ticos usados y cortadora de neum\u00e1ticos OTR"},"content":{"rendered":"<p>En las l\u00edneas de producci\u00f3n de polvo de caucho totalmente autom\u00e1ticas, la m\u00e1quina cortadora de neum\u00e1ticos usados es un equipo importante utilizado para pretratar los neum\u00e1ticos antes de triturarlos. Corta neum\u00e1ticos completos en 2-3 secciones que son f\u00e1ciles de introducir en la trituradora de neum\u00e1ticos posterior. <\/p>    <p>Ofrecemos dos tipos de cortadoras de neum\u00e1ticos eficientes que pueden procesar neum\u00e1ticos automotrices est\u00e1ndar de hasta 1200 mm de di\u00e1metro y neum\u00e1ticos OTR de 1400 a 4000 mm, respectivamente.<\/p>    <figure class=\"wp-block-embed is-type-video is-provider-youtube wp-block-embed-youtube wp-embed-aspect-16-9 wp-has-aspect-ratio\"><div class=\"wp-block-embed__wrapper\"> <iframe loading=\"lazy\" title=\"M\u00e1quina de corte de neum\u00e1ticos usados: \u00a1Ideal para el preprocesamiento de neum\u00e1ticos!\" width=\"500\" height=\"281\" src=\"https:\/\/www.youtube.com\/embed\/c1axNqvpzcw?feature=oembed\" frameborder=\"0\" allow=\"accelerometer; autoplay; clipboard-write; encrypted-media; gyroscope; picture-in-picture; web-share\" referrerpolicy=\"strict-origin-when-cross-origin\" allowfullscreen><\/iframe> <\/div><\/figure>    <h2 class=\"wp-block-heading\">Aprende m\u00e1s sobre nuestros dos tipos de m\u00e1quinas cortadoras de neum\u00e1ticos<\/h2>    <p>Nuestros cortadores de neum\u00e1ticos de chatarra adoptan cuchillas de aleaci\u00f3n y tecnolog\u00eda hidr\u00e1ulica para garantizar un corte eficiente y completamente autom\u00e1tico. A continuaci\u00f3n se presentan los principales par\u00e1metros de estos dos cortadores de neum\u00e1ticos hidr\u00e1ulicos. El color, el material de la cuchilla, etc., se pueden personalizar seg\u00fan sus necesidades de producci\u00f3n. \u00a1Por lo tanto, cont\u00e1ctenos para m\u00e1s detalles!<\/p>    <figure class=\"wp-block-table\"><table><thead><tr><th>Modelo<\/th><th>M\u00e1quina cortadora de neum\u00e1ticos est\u00e1ndar<\/th><th>M\u00e1quina de corte de neum\u00e1ticos OTR<\/th><\/tr><\/thead><tbody><tr><td>Tama\u00f1o de neum\u00e1tico aplicable<\/td><td>900\u20131200 mm (sin alambres de tal\u00f3n)<\/td><td>1400\u20134000 mm (sin alambres de tal\u00f3n)<\/td><\/tr><tr><td>Tama\u00f1o de salida<\/td><td>Bloques de neum\u00e1ticos de menos de 900 mm<\/td><td>Rebanadas grandes (aprox. 2 cortes\/min)<\/td><\/tr><tr><td>Capacidad<\/td><td>60 neum\u00e1ticos\/hora<\/td><td>120 cortes\/hora<\/td><\/tr><tr><td>Fuerza<\/td><td>7.5 kW<\/td><td>7.5 kW<\/td><\/tr><tr><td>Tama\u00f1o de la m\u00e1quina<\/td><td>1.7*0.8*1.85 m<\/td><td>3.13*1.65*2.7 m<\/td><\/tr><tr><td>Peso de la m\u00e1quina<\/td><td>1400 kg<\/td><td>7200 kg<\/td><\/tr><tr><td>Material de la cuchilla<\/td><td>Acero aleado Cr12MoV<\/td><td>Acero aleado Cr12MoV<\/td><\/tr><tr><td>Solicitud<\/td><td>Corte de neum\u00e1ticos de coches y camiones peque\u00f1os antes de triturar<\/td><td>Corte de neum\u00e1ticos gigantes OTR en reciclaje minero<\/td><\/tr><\/tbody><\/table><\/figure>    <figure class=\"wp-block-gallery has-nested-images columns-default is-cropped wp-block-gallery-2 is-layout-flex wp-block-gallery-is-layout-flex\"> <figure class=\"wp-block-image size-large\"><img loading=\"lazy\" decoding=\"async\" width=\"720\" height=\"540\" data-id=\"1857\" src=\"https:\/\/www.plasticgranularmachine.com\/wp-content\/uploads\/2025\/07\/waste-tire-cutting-machine-for-900-1200-mmm-tires.webp\" alt=\"M\u00e1quina cortadora de neum\u00e1ticos de desecho para neum\u00e1ticos de 900-1200 mm\" class=\"wp-image-1857\" srcset=\"https:\/\/www.plasticgranularmachine.com\/wp-content\/uploads\/2025\/07\/waste-tire-cutting-machine-for-900-1200-mmm-tires.webp 720w, https:\/\/www.plasticgranularmachine.com\/wp-content\/uploads\/2025\/07\/waste-tire-cutting-machine-for-900-1200-mmm-tires-300x225.webp 300w, https:\/\/www.plasticgranularmachine.com\/wp-content\/uploads\/2025\/07\/waste-tire-cutting-machine-for-900-1200-mmm-tires-16x12.webp 16w\" sizes=\"auto, (max-width: 720px) 100vw, 720px\" \/><figcaption class=\"wp-element-caption\">M\u00e1quina cortadora de neum\u00e1ticos de desecho para neum\u00e1ticos de 900-1200 mm<\/figcaption><\/figure>    <figure class=\"wp-block-image size-large\"><img loading=\"lazy\" decoding=\"async\" width=\"720\" height=\"540\" data-id=\"1856\" src=\"https:\/\/www.plasticgranularmachine.com\/wp-content\/uploads\/2025\/07\/waste-tire-cutter-for-1400-4000-mm-OTR-tires.webp\" alt=\"Cortadora de neum\u00e1ticos de desecho para neum\u00e1ticos OTR de 1400-4000 mm\" class=\"wp-image-1856\" srcset=\"https:\/\/www.plasticgranularmachine.com\/wp-content\/uploads\/2025\/07\/waste-tire-cutter-for-1400-4000-mm-OTR-tires.webp 720w, https:\/\/www.plasticgranularmachine.com\/wp-content\/uploads\/2025\/07\/waste-tire-cutter-for-1400-4000-mm-OTR-tires-300x225.webp 300w, https:\/\/www.plasticgranularmachine.com\/wp-content\/uploads\/2025\/07\/waste-tire-cutter-for-1400-4000-mm-OTR-tires-16x12.webp 16w\" sizes=\"auto, (max-width: 720px) 100vw, 720px\" \/><figcaption class=\"wp-element-caption\">Cortadora de neum\u00e1ticos de desecho para neum\u00e1ticos OTR de 1400-4000 mm<\/figcaption><\/figure> <\/figure>    <h2 class=\"wp-block-heading\">Pasos de trabajo detallados de la m\u00e1quina cortadora de neum\u00e1ticos desechados<\/h2>    <p>Aunque nuestras dos m\u00e1quinas de corte de neum\u00e1ticos usados est\u00e1n dise\u00f1adas para diferentes tipos y tama\u00f1os de neum\u00e1ticos, comparten los mismos principios y procedimientos b\u00e1sicos de operaci\u00f3n.<\/p>    <ul class=\"wp-block-list\"> <li>Cargando: Coloca de manera segura el neum\u00e1tico, con los alambres de acero retirados, en la plataforma debajo de la cuchilla.<\/li>    <li>Inicio: Activa el sistema hidr\u00e1ulico para hacer descender la cuchilla superior.<\/li>    <li>Corte: La cuchilla superior forma una superficie de corte con el asiento de la cuchilla fija inferior para cortar el neum\u00e1tico de manera eficiente.<\/li>    <li>Reinicio: Una vez que el corte se ha completado, el sistema hidr\u00e1ulico invierte la direcci\u00f3n y restablece autom\u00e1ticamente la cuchilla superior. Luego, se puede realizar el siguiente ciclo de corte. La llanta cortada se puede alimentar a una trituradora de llantas para un procesamiento adicional.<\/li> <\/ul>    <h2 class=\"wp-block-heading\">Caracter\u00edsticas principales de nuestras m\u00e1quinas cortadoras de neum\u00e1ticos hidr\u00e1ulicas<\/h2>    <ul class=\"wp-block-list\"> <li>Disponible tanto para corte de neum\u00e1ticos est\u00e1ndar como OTR<\/li>    <li>El sistema impulsado por hidr\u00e1ulica asegura alta presi\u00f3n y eficiencia de corte continua<\/li>    <li>Equipado con cuchillas serradas de alta resistencia para un fuerte agarre y fuerza de corte<\/li>    <li>Cuerpo del cortador hecho de acero aleado resistente al desgaste para durabilidad<\/li>    <li>Potencia moderada, accionamiento el\u00e9ctrico trif\u00e1sico para eficiencia energ\u00e9tica<\/li>    <li>Operaci\u00f3n totalmente autom\u00e1tica opcional con control simple y seguro<\/li>    <li>Las m\u00e1quinas de corte de neum\u00e1ticos est\u00e1ndar y OTR se pueden integrar sin problemas en l\u00edneas de reciclaje, trabajando con trituradoras de neum\u00e1ticos, molinos y m\u00e1s<\/li> <\/ul>    <figure class=\"wp-block-gallery has-nested-images columns-default is-cropped wp-block-gallery-3 is-layout-flex wp-block-gallery-is-layout-flex\"> <figure class=\"wp-block-image size-large\"><img loading=\"lazy\" decoding=\"async\" width=\"720\" height=\"540\" data-id=\"1855\" src=\"https:\/\/www.plasticgranularmachine.com\/wp-content\/uploads\/2025\/07\/tire-cutter-with-crocodile-teeth-style-blades.webp\" alt=\"cortadora de neum\u00e1ticos con cuchillas estilo dientes de cocodrilo\" class=\"wp-image-1855\" srcset=\"https:\/\/www.plasticgranularmachine.com\/wp-content\/uploads\/2025\/07\/tire-cutter-with-crocodile-teeth-style-blades.webp 720w, https:\/\/www.plasticgranularmachine.com\/wp-content\/uploads\/2025\/07\/tire-cutter-with-crocodile-teeth-style-blades-300x225.webp 300w, https:\/\/www.plasticgranularmachine.com\/wp-content\/uploads\/2025\/07\/tire-cutter-with-crocodile-teeth-style-blades-16x12.webp 16w\" sizes=\"auto, (max-width: 720px) 100vw, 720px\" \/><figcaption class=\"wp-element-caption\">cortadora de neum\u00e1ticos con cuchillas estilo dientes de cocodrilo<\/figcaption><\/figure>    <figure class=\"wp-block-image size-large\"><img loading=\"lazy\" decoding=\"async\" width=\"720\" height=\"540\" data-id=\"1853\" src=\"https:\/\/www.plasticgranularmachine.com\/wp-content\/uploads\/2025\/07\/hydraulic-tire-cutter.webp\" alt=\"cortadora de neum\u00e1ticos hidr\u00e1ulica OTR\" class=\"wp-image-1853\" srcset=\"https:\/\/www.plasticgranularmachine.com\/wp-content\/uploads\/2025\/07\/hydraulic-tire-cutter.webp 720w, https:\/\/www.plasticgranularmachine.com\/wp-content\/uploads\/2025\/07\/hydraulic-tire-cutter-300x225.webp 300w, https:\/\/www.plasticgranularmachine.com\/wp-content\/uploads\/2025\/07\/hydraulic-tire-cutter-16x12.webp 16w\" sizes=\"auto, (max-width: 720px) 100vw, 720px\" \/><figcaption class=\"wp-element-caption\">cortadora de neum\u00e1ticos hidr\u00e1ulica OTR<\/figcaption><\/figure> <\/figure>    <h2 class=\"wp-block-heading\">Integraci\u00f3n de cortadoras de neum\u00e1ticos en l\u00edneas de reciclaje de polvo de caucho<\/h2>    <p>Las m\u00e1quinas de corte de neum\u00e1ticos son esenciales en el reciclaje de neum\u00e1ticos, sirviendo como el primer paso para reducir el tama\u00f1o del neum\u00e1tico para un posterior triturado y molienda.<\/p>    <h3 class=\"wp-block-heading\">\u25b6 Para neum\u00e1ticos est\u00e1ndar (\u22641200mm)<\/h3>    <p class=\"translation-block\">Ofrecemos tanto <a href=\"https:\/\/www.plasticgranularmachine.com\/es\/product\/tire-recycling-production-line\/\" data-type=\"link\" data-id=\"https:\/\/www.plasticgranularmachine.com\/product\/tire-recycling-production-line\/\">soluciones de reciclaje de neum\u00e1ticos semi-autom\u00e1ticas<\/a> como <a href=\"https:\/\/www.plasticgranularmachine.com\/es\/product\/rubber-recycling-plant\/\" data-type=\"link\" data-id=\"https:\/\/www.plasticgranularmachine.com\/product\/rubber-recycling-plant\/\">completamente autom\u00e1ticas.<\/a><br>La m\u00e1quina cortadora de neum\u00e1ticos de chatarra est\u00e1ndar se utiliza t\u00edpicamente en sistemas totalmente automatizados, trabajando junto a:<\/p>    <ul class=\"wp-block-list\"> <li>Removedor de alambre de bead \u2192 Cortador de neum\u00e1ticos \u2192 Trituradora de neum\u00e1ticos \u2192 Molino de goma<\/li> <\/ul>    <p>Esta configuraci\u00f3n asegura una eliminaci\u00f3n eficiente del acero y una reducci\u00f3n del tama\u00f1o del neum\u00e1tico para un procesamiento suave en polvo.<\/p>    <p class=\"translation-block\">Tambi\u00e9n ofrecemos una <em>m\u00e1quina cortadora e integrada de talones<\/em>, que, cuando se combina con un separador de acero, proporciona otra soluci\u00f3n completa de preprocesamiento autom\u00e1tica.<\/p>   <div class=\"wp-block-image\"> <figure class=\"aligncenter size-full\"><img loading=\"lazy\" decoding=\"async\" width=\"720\" height=\"540\" src=\"https:\/\/www.plasticgranularmachine.com\/wp-content\/uploads\/2025\/07\/tire-bead-remover-and-cutter-machine.webp\" alt=\"m\u00e1quina removedora de bead y cortadora de neum\u00e1ticos\" class=\"wp-image-1854\" srcset=\"https:\/\/www.plasticgranularmachine.com\/wp-content\/uploads\/2025\/07\/tire-bead-remover-and-cutter-machine.webp 720w, https:\/\/www.plasticgranularmachine.com\/wp-content\/uploads\/2025\/07\/tire-bead-remover-and-cutter-machine-300x225.webp 300w, https:\/\/www.plasticgranularmachine.com\/wp-content\/uploads\/2025\/07\/tire-bead-remover-and-cutter-machine-16x12.webp 16w\" sizes=\"auto, (max-width: 720px) 100vw, 720px\" \/><figcaption class=\"wp-element-caption\">m\u00e1quina removedora de bead y cortadora de neum\u00e1ticos<\/figcaption><\/figure> <\/div>   <h3 class=\"wp-block-heading\">\u25b6 Para neum\u00e1ticos OTR (1400\u20134000mm)<\/h3>    <p class=\"translation-block\">Proporcionamos dos <a href=\"https:\/\/www.plasticgranularmachine.com\/es\/product\/otr-tire-recycling-line\/\" data-type=\"link\" data-id=\"https:\/\/www.plasticgranularmachine.com\/product\/otr-tire-recycling-line\/\">soluciones de reciclaje de neum\u00e1ticos OTR<\/a> flexibles:<\/p>    <ul class=\"wp-block-list\"> <li><strong>Plan A<\/strong>:<br>Removedor de bead de neum\u00e1ticos OTR \u2192 M\u00e1quina de corte de neum\u00e1ticos de desecho OTR \u2192 Trituradora de neum\u00e1ticos \u2192 Granulador de goma<\/li>    <li><strong>Plan B<\/strong>:<br>M\u00e1quina desmontadora de neum\u00e1ticos OTR \u2192 Cortadora de neum\u00e1ticos OTR \u2192 Trituradora de neum\u00e1ticos desechados \u2192 Molino de neum\u00e1ticos<\/li> <\/ul>    <p>Estas m\u00e1quinas est\u00e1n dise\u00f1adas especialmente para neum\u00e1ticos de miner\u00eda de gran tama\u00f1o, incluyendo R63, asegurando una reducci\u00f3n de tama\u00f1o confiable y un reciclaje de alta eficiencia.<\/p>    <h2 class=\"wp-block-heading\">\u00bfC\u00f3mo elegir la cortadora de neum\u00e1ticos de goma adecuada para el preprocesamiento?<\/h2>    <p>Con base en la informaci\u00f3n anterior, ahora tienes una comprensi\u00f3n b\u00e1sica de las diferentes m\u00e1quinas de corte de neum\u00e1ticos. Entonces, \u00bfc\u00f3mo eliges la adecuada?<\/p>    <p>1. Determinar el tama\u00f1o y tipo de neum\u00e1tico<\/p>    <ul class=\"wp-block-list\"> <li>Di\u00e1metro del neum\u00e1tico &gt; 1400 mm: Usa la m\u00e1quina cortadora de neum\u00e1ticos OTR, adecuada para neum\u00e1ticos grandes fuera de carretera (OTR) y neum\u00e1ticos de miner\u00eda.<\/li>    <li>Di\u00e1metro del neum\u00e1tico \u2264 1200 mm: Procede a elegir entre opciones semiautom\u00e1ticas y totalmente autom\u00e1ticas.<\/li> <\/ul>    <p>2. Elige el M\u00e9todo de Corte Basado en Tu Presupuesto y Capacidad<\/p>    <ul class=\"wp-block-list\"> <li>Si tienes un <strong>presupuesto limitado o una operaci\u00f3n a menor escala<\/strong>, a <strong>soluci\u00f3n de reciclaje de neum\u00e1ticos semiautom\u00e1tica<\/strong> \u2014 incluyendo cortadora de flancos de neum\u00e1ticos, cortadora de tiras y cortadora de bloques \u2014 es una opci\u00f3n pr\u00e1ctica y econ\u00f3mica.<\/li>    <li>Si necesitas <strong>alta eficiencia, automatizaci\u00f3n y reducci\u00f3n de mano de obra<\/strong>, elige nuestra m\u00e1quina cortadora de neum\u00e1ticos desechados est\u00e1ndar totalmente autom\u00e1tica.<\/li> <\/ul>    <p>\u00bfA\u00fan no est\u00e1s seguro? \u00a1No te preocupes! Nuestro experimentado equipo de ventas te ayudar\u00e1 a seleccionar o personalizar la soluci\u00f3n de corte de neum\u00e1ticos ideal para tus necesidades espec\u00edficas de reciclaje. \u00a1No dudes en contactarnos!<\/p>","protected":false},"excerpt":{"rendered":"<p>In fully automatic rubber powder production lines, the waste tire cutting machine is important equipment used to pretreat tires before shredding. It cuts complete tires into 2-3 sections that are easy to put into the subsequent tire shredder. We offer two types of efficient tire cutters that can process standard automotive tires up to 1200 [&hellip;]<\/p>\n","protected":false},"author":1,"featured_media":1856,"parent":0,"template":"","tags":[],"product-type":[75],"class_list":["post-1848","product","type-product","status-publish","has-post-thumbnail","hentry","product-type-tire-recycling-facility"],"_links":{"self":[{"href":"https:\/\/www.plasticgranularmachine.com\/es\/wp-json\/wp\/v2\/product\/1848","targetHints":{"allow":["GET"]}}],"collection":[{"href":"https:\/\/www.plasticgranularmachine.com\/es\/wp-json\/wp\/v2\/product"}],"about":[{"href":"https:\/\/www.plasticgranularmachine.com\/es\/wp-json\/wp\/v2\/types\/product"}],"author":[{"embeddable":true,"href":"https:\/\/www.plasticgranularmachine.com\/es\/wp-json\/wp\/v2\/users\/1"}],"wp:featuredmedia":[{"embeddable":true,"href":"https:\/\/www.plasticgranularmachine.com\/es\/wp-json\/wp\/v2\/media\/1856"}],"wp:attachment":[{"href":"https:\/\/www.plasticgranularmachine.com\/es\/wp-json\/wp\/v2\/media?parent=1848"}],"wp:term":[{"taxonomy":"post_tag","embeddable":true,"href":"https:\/\/www.plasticgranularmachine.com\/es\/wp-json\/wp\/v2\/tags?post=1848"},{"taxonomy":"product-type","embeddable":true,"href":"https:\/\/www.plasticgranularmachine.com\/es\/wp-json\/wp\/v2\/product-type?post=1848"}],"curies":[{"name":"wp","href":"https:\/\/api.w.org\/{rel}","templated":true}]}}