{"id":1971,"date":"2025-10-20T14:54:33","date_gmt":"2025-10-20T06:54:33","guid":{"rendered":"https:\/\/www.plasticgranularmachine.com\/?post_type=product&#038;p=1971"},"modified":"2025-10-20T14:54:33","modified_gmt":"2025-10-20T06:54:33","slug":"egg-tray-dryer","status":"publish","type":"product","link":"https:\/\/www.plasticgranularmachine.com\/es\/product\/egg-tray-dryer\/","title":{"rendered":"Secadora de bandejas de huevo para su l\u00ednea de producci\u00f3n de bandejas de huevo"},"content":{"rendered":"<p>Los secadores de bandejas de huevos se utilizan normalmente junto con m\u00e1quinas formadoras de bandejas de huevos para secar r\u00e1pidamente las bandejas h\u00famedas despu\u00e9s del moldeo, mejorando la eficiencia y la estabilidad de la producci\u00f3n. Un sistema de secado de bandejas de huevos fiable garantiza una operaci\u00f3n suave y continua mientras reduce el consumo de energ\u00eda. <\/p>    <p>proporcionamos soluciones integrales y personalizables para el secado de bandejas de papel, dise\u00f1adas para satisfacer su escala de producci\u00f3n y necesidades de materia prima.<\/p>    <h2 class=\"wp-block-heading\">Varias secadoras de bandejas de huevos disponibles para elegir<\/h2>    <p>Existen varios tipos de sistemas de secado de bandejas de huevos, seg\u00fan el tama\u00f1o de su f\u00e1brica, presupuesto y condiciones energ\u00e9ticas locales. No dude en contactarnos para recomendaciones y equipos personalizados.<\/p>    <figure class=\"wp-block-table\"><table><thead><tr><th>Secador de bandejas de huevos de metal<\/th><th>Sala de secado de ladrillos<\/th><th>M\u00e9todo de secado natural<\/th><\/tr><\/thead><tbody><tr><td>Alta eficiencia, automatizaci\u00f3n total<\/td><td>Secado incorporado, opci\u00f3n equilibrada<\/td><td>Bajo costo, uso intensivo de espacio<\/td><\/tr><tr><td>\u2022 Inversi\u00f3n inicial m\u00e1s alta<br>\u2022 No se necesita \u00e1rea de secado externa<br>\u2022 El secado m\u00e1s r\u00e1pido y m\u00e1s uniforme<br>\u2022 Mayor espacio de planta requerido<br>\u2022 Output: 1500-7,000 pz\/h<\/td><td>\u2022 Inversi\u00f3n moderada<br>\u2022 No se necesita \u00e1rea de secado externa<br>\u2022 Independiente del clima y continuo<br>\u2022 Mediana eficiencia y huella<br>\u2022\u00a0Salida: 1,000 \u2013 7,000 pzs\/h<\/td><td>\u2022 Inversi\u00f3n inicial m\u00e1s baja<br>\u2022 Gran patio de secado requerido (\u2265500 m\u00b2)<br>\u2022 Dependiente del clima<br>\u2022 Ciclo de producci\u00f3n m\u00e1s largo<br>\u2022\u00a0Salida:\u00a01,000 \u2013 2,500 pzs\/h<\/td><\/tr><tr><td><strong>Combustible ideal:<\/strong> Gas natural, di\u00e9sel, etc.<\/td><td><strong>Combustible ideal:<\/strong> Carb\u00f3n, biomasa (p. ej., astillas de madera, paja)<\/td><td>No se necesita combustible<\/td><\/tr><tr><td><strong>Ideal para:<\/strong>&nbsp;Startups con presupuesto bajo y amplio espacio abierto.<\/td><td><strong>Ideal para:<\/strong>&nbsp;Empresas en crecimiento que buscan el mejor equilibrio entre costo y eficiencia.<\/td><td><strong>Ideal para:<\/strong>&nbsp;Productores a gran escala que priorizan la producci\u00f3n, la velocidad y la automatizaci\u00f3n.<\/td><\/tr><\/tbody><\/table><\/figure>    <h2 class=\"wp-block-heading\">Detalles de nuestros sistemas de secado de bandejas de huevos<\/h2>    <h3 class=\"wp-block-heading\">Secado multicapa de metal<\/h3>   <div class=\"wp-block-image\"> <figure class=\"aligncenter size-full\"><img loading=\"lazy\" decoding=\"async\" width=\"720\" height=\"540\" src=\"https:\/\/www.plasticgranularmachine.com\/wp-content\/uploads\/2025\/10\/metal-egg-tray-dryer-machine.webp\" alt=\"m\u00e1quina secadora de bandejas de huevos de metal\" class=\"wp-image-1974\" srcset=\"https:\/\/www.plasticgranularmachine.com\/wp-content\/uploads\/2025\/10\/metal-egg-tray-dryer-machine.webp 720w, https:\/\/www.plasticgranularmachine.com\/wp-content\/uploads\/2025\/10\/metal-egg-tray-dryer-machine-300x225.webp 300w, https:\/\/www.plasticgranularmachine.com\/wp-content\/uploads\/2025\/10\/metal-egg-tray-dryer-machine-16x12.webp 16w\" sizes=\"auto, (max-width: 720px) 100vw, 720px\" \/><figcaption class=\"wp-element-caption\">m\u00e1quina secadora de bandejas de huevos de metal<\/figcaption><\/figure> <\/div>   <p>Este sistema de secado de bandejas de huevos de metal incluye ventiladores, placas de distribuci\u00f3n de aire, bandejas, transportadores de cadena, etc. Las cajas de huevos h\u00famedas se forman y se colocan en las cintas transportadoras de secado. Las cajas se transportan luego al compartimento de secado, donde se calientan y secan de manera uniforme mediante un sistema de circulaci\u00f3n de aire caliente. <\/p>    <ul class=\"wp-block-list\"> <li>Temperatura de secado: 180-200 \u00b0C<\/li>    <li>Duraci\u00f3n de secado: 25-30 min<\/li>    <li>Voltaje: 380 V, 50 Hz (personalizable)<\/li> <\/ul>    <figure class=\"wp-block-table\"><table><tbody><tr><td>Modelo<\/td><td>SL-1500<\/td><td>SL-2500<\/td><td>SL-3000<\/td><td>SL-4500<\/td><td>SL-5000<\/td><td>SL-7000<\/td><\/tr><tr><td>Producci\u00f3n (piezas\/h)<\/td><td>1500<\/td><td>2500<\/td><td>3000<\/td><td>4500<\/td><td>5000<\/td><td>7000<\/td><\/tr><tr><td>Peso (T)<\/td><td>20<\/td><td>29<\/td><td>30<\/td><td>35<\/td><td>38<\/td><td>50<\/td><\/tr><tr><td>Valor calor\u00edfico de la caldera de combusti\u00f3n<\/td><td>90<\/td><td>130<\/td><td>130<\/td><td>150<\/td><td>150<\/td><td>190<\/td><\/tr><tr><td>Tama\u00f1o de la secadora de bandejas de huevos<\/td><td>21.5*2.2*2.4 m<\/td><td>22.5*1.9*3.4 m<\/td><td>22.5*2.2*3.4 m<\/td><td>28.5*2.2*3.4 m<\/td><td>28.5*2.2*3.4 m<\/td><td>34.5*2.5*3.6 m<\/td><\/tr><tr><td>\u00c1rea de secado (L*W*H)<\/td><td>\u226540*15*5 m<\/td><td>\u226540*15*5 m<\/td><td>\u226540*15*5 m<\/td><td>\u226550*15*5 m<\/td><td>\u226550*15*5 m<\/td><td>\u226550*15*5 m<\/td><\/tr><\/tbody><\/table><\/figure>    <h3 class=\"wp-block-heading\">M\u00e1quinas de secado en horno de ladrillos<\/h3>   <div class=\"wp-block-image\"> <figure class=\"aligncenter size-full\"><img loading=\"lazy\" decoding=\"async\" width=\"720\" height=\"540\" src=\"https:\/\/www.plasticgranularmachine.com\/wp-content\/uploads\/2025\/10\/Brick-kiln-drying.webp\" alt=\"Secado en horno de ladrillos\" class=\"wp-image-1972\" srcset=\"https:\/\/www.plasticgranularmachine.com\/wp-content\/uploads\/2025\/10\/Brick-kiln-drying.webp 720w, https:\/\/www.plasticgranularmachine.com\/wp-content\/uploads\/2025\/10\/Brick-kiln-drying-300x225.webp 300w, https:\/\/www.plasticgranularmachine.com\/wp-content\/uploads\/2025\/10\/Brick-kiln-drying-16x12.webp 16w\" sizes=\"auto, (max-width: 720px) 100vw, 720px\" \/><figcaption class=\"wp-element-caption\">Secado en horno de ladrillos<\/figcaption><\/figure> <\/div>   <p>La sala de secado de ladrillos est\u00e1 construida con ladrillos y concreto. El calor se genera en la c\u00e1mara de combusti\u00f3n quemando combustible de biomasa, proporcionando un secado estable para bandejas de huevos h\u00famedas.<\/p>    <ul class=\"wp-block-list\"> <li>Temperatura de secado: 180-200 \u00b0C<\/li>    <li>Duraci\u00f3n de secado: 1-2 h<\/li>    <li>Voltaje: 380 V, 50 Hz (personalizable)<\/li> <\/ul>    <figure class=\"wp-block-table\"><table><tbody><tr><td>Modelo<\/td><td>SL-1-4<\/td><td>SL-3-4<\/td><td>SL-4-4<\/td><td>SL-4-8<\/td><td>SL-5-8<\/td><td>SL-6-8<\/td><\/tr><tr><td>Producci\u00f3n (piezas\/h)<\/td><td>1500<\/td><td>2000<\/td><td>2500<\/td><td>5000<\/td><td>6000<\/td><td>7000<\/td><\/tr><tr><td>Potencia (kW)<\/td><td>18<\/td><td>18<\/td><td>18<\/td><td>18<\/td><td>25<\/td><td>36<\/td><\/tr><tr><td>Peso (T)<\/td><td>6<\/td><td>7<\/td><td>7.5<\/td><td>10<\/td><td>12<\/td><td>20<\/td><\/tr><tr><td>\u00c1rea de secado (m)<\/td><td>\u226540*10<\/td><td>\u226550*10<\/td><td>\u226550*10<\/td><td>\u226555*15<\/td><td>\u226565*15<\/td><td>\u226575*15<\/td><\/tr><\/tbody><\/table><\/figure>    <p class=\"translation-block\"><em>Nota: El \u00e1rea de secado es solo la m\u00ednima requerida para el funcionamiento del equipo. El dise\u00f1o real debe contemplar el espacio operativo y de mantenimiento.<\/em> <em>Por favor, p\u00f3ngase en contacto con nosotros para obtener recomendaciones.<\/em><\/p>    <h3 class=\"wp-block-heading\">Sistema de secado natural de bandejas de huevos<\/h3>   <div class=\"wp-block-image\"> <figure class=\"aligncenter size-full\"><img loading=\"lazy\" decoding=\"async\" width=\"720\" height=\"540\" src=\"https:\/\/www.plasticgranularmachine.com\/wp-content\/uploads\/2025\/10\/natural-egg-tray-drying.webp\" alt=\"secado natural de bandejas de huevos\" class=\"wp-image-1975\" srcset=\"https:\/\/www.plasticgranularmachine.com\/wp-content\/uploads\/2025\/10\/natural-egg-tray-drying.webp 720w, https:\/\/www.plasticgranularmachine.com\/wp-content\/uploads\/2025\/10\/natural-egg-tray-drying-300x225.webp 300w, https:\/\/www.plasticgranularmachine.com\/wp-content\/uploads\/2025\/10\/natural-egg-tray-drying-16x12.webp 16w\" sizes=\"auto, (max-width: 720px) 100vw, 720px\" \/><figcaption class=\"wp-element-caption\">secado natural de bandejas de huevos<\/figcaption><\/figure> <\/div>   <p>Para talleres peque\u00f1os o regiones con climas c\u00e1lidos, el secado natural puede usarse como un m\u00e9todo de secado sencillo y de bajo costo. Podemos proporcionar dise\u00f1os de distribuci\u00f3n y estantes de secado para apoyar este proceso.<\/p>    <ul class=\"wp-block-list\"> <li>Tiempo de secado: toma desde varias horas hasta varios d\u00edas, seg\u00fan las condiciones clim\u00e1ticas, como temperatura, humedad, velocidad del viento y luz solar.<\/li>    <li>\u00c1rea de secado: Requiere una gran \u00e1rea al aire libre (p. ej., 500-1000 metros cuadrados o m\u00e1s), que debe estar plana, soleada y libre de agua estancada.<\/li> <\/ul>    <h2 class=\"wp-block-heading\">Por qu\u00e9 elegir nuestra m\u00e1quina de secado de bandejas de huevos?<\/h2>    <p>Elegir una m\u00e1quina de secado de bandejas de huevos de alta calidad es clave para una producci\u00f3n estable y una calidad de producto constante. Los secadores de baja calidad a menudo causan temperaturas desiguales y mal flujo de aire. Como resultado, las bandejas de huevos pueden secarse de manera desigual, deformarse o romperse f\u00e1cilmente. Tambi\u00e9n consumen m\u00e1s energ\u00eda y aumentan los costos.<\/p>    <p>La secadora de bandejas de huevos eficiente est\u00e1 dise\u00f1ada para la eficiencia, la estabilidad y el ahorro de energ\u00eda. Cada unidad se prueba e inspecciona antes de la entrega para garantizar un rendimiento fiable. Sus caracter\u00edsticas:<\/p>    <ul class=\"wp-block-list\"> <li>Secado r\u00e1pido y eficiente: temperatura estable y flujo de aire uniforme.<\/li>    <li>Dise\u00f1o personalizado: distribuci\u00f3n flexible basada en la capacidad y el tama\u00f1o del taller.<\/li>    <li>Construcci\u00f3n duradera: Fabricada con materiales de alta calidad, f\u00e1cil de mantener.<\/li>    <li>Ahorro de energ\u00eda: alto aprovechamiento de calor, bajo costo de operaci\u00f3n.<\/li>    <li>Soporte global: gu\u00eda de instalaci\u00f3n y servicio postventa.<\/li> <\/ul>    <p class=\"translation-block\">Ya sea que est\u00e9 construyendo una nueva <a href=\"https:\/\/www.plasticgranularmachine.com\/es\/product\/egg-tray-production-line\/\" data-type=\"link\" data-id=\"https:\/\/www.plasticgranularmachine.com\/product\/egg-tray-production-line\/\">l\u00ednea de producci\u00f3n de bandejas de huevos<\/a> o actualizando el equipo existente, el sistema de secado de bandejas de huevos de Shuliy ofrece una soluci\u00f3n fiable y rentable.<\/p>","protected":false},"excerpt":{"rendered":"<p>Egg tray dryers are typically used with egg tray forming machines to quickly dry wet egg trays after molding, enhancing production efficiency and stability. A reliable egg tray drying system ensures smooth, continuous operation while reducing energy consumption. we provide comprehensive and customizable solutions for paper tray drying, designed to meet your specific production scale [&hellip;]<\/p>\n","protected":false},"author":1,"featured_media":1973,"parent":0,"template":"","tags":[],"product-type":[79],"class_list":["post-1971","product","type-product","status-publish","has-post-thumbnail","hentry","product-type-paper-recycling-machine"],"_links":{"self":[{"href":"https:\/\/www.plasticgranularmachine.com\/es\/wp-json\/wp\/v2\/product\/1971","targetHints":{"allow":["GET"]}}],"collection":[{"href":"https:\/\/www.plasticgranularmachine.com\/es\/wp-json\/wp\/v2\/product"}],"about":[{"href":"https:\/\/www.plasticgranularmachine.com\/es\/wp-json\/wp\/v2\/types\/product"}],"author":[{"embeddable":true,"href":"https:\/\/www.plasticgranularmachine.com\/es\/wp-json\/wp\/v2\/users\/1"}],"wp:featuredmedia":[{"embeddable":true,"href":"https:\/\/www.plasticgranularmachine.com\/es\/wp-json\/wp\/v2\/media\/1973"}],"wp:attachment":[{"href":"https:\/\/www.plasticgranularmachine.com\/es\/wp-json\/wp\/v2\/media?parent=1971"}],"wp:term":[{"taxonomy":"post_tag","embeddable":true,"href":"https:\/\/www.plasticgranularmachine.com\/es\/wp-json\/wp\/v2\/tags?post=1971"},{"taxonomy":"product-type","embeddable":true,"href":"https:\/\/www.plasticgranularmachine.com\/es\/wp-json\/wp\/v2\/product-type?post=1971"}],"curies":[{"name":"wp","href":"https:\/\/api.w.org\/{rel}","templated":true}]}}