{"id":2005,"date":"2025-11-17T14:24:28","date_gmt":"2025-11-17T06:24:28","guid":{"rendered":"https:\/\/www.plasticgranularmachine.com\/?post_type=product&#038;p=2005"},"modified":"2025-11-17T14:24:29","modified_gmt":"2025-11-17T06:24:29","slug":"dry-ice-block-machine","status":"publish","type":"product","link":"https:\/\/www.plasticgranularmachine.com\/es\/product\/dry-ice-block-machine\/","title":{"rendered":"M\u00e1quina de bloques de hielo seco de alta capacidad en venta"},"content":{"rendered":"<p>Tome el control de sus necesidades de refrigeraci\u00f3n. Nuestra M\u00e1quina de Bloques de Hielo Seco convierte instant\u00e1neamente CO\u2082 l\u00edquido en bloques de hielo seco de alta densidad. Perfecta para log\u00edstica de cadena de fr\u00edo, procesamiento de alimentos y catering a\u00e9reo, esta m\u00e1quina le permite producir hielo seco fresco a demanda, reduciendo costos y eliminando su dependencia de proveedores externos.<\/p>   <div class=\"wp-block-image\"> <figure class=\"aligncenter size-full\"><img loading=\"lazy\" decoding=\"async\" width=\"720\" height=\"540\" src=\"https:\/\/www.plasticgranularmachine.com\/wp-content\/uploads\/2025\/11\/High-density-dry-ice-block.webp\" alt=\"Bloque de hielo seco de alta densidad\" class=\"wp-image-2015\" srcset=\"https:\/\/www.plasticgranularmachine.com\/wp-content\/uploads\/2025\/11\/High-density-dry-ice-block.webp 720w, https:\/\/www.plasticgranularmachine.com\/wp-content\/uploads\/2025\/11\/High-density-dry-ice-block-300x225.webp 300w, https:\/\/www.plasticgranularmachine.com\/wp-content\/uploads\/2025\/11\/High-density-dry-ice-block-16x12.webp 16w\" sizes=\"auto, (max-width: 720px) 100vw, 720px\" \/><figcaption class=\"wp-element-caption\">Bloque de hielo seco de alta densidad<\/figcaption><\/figure> <\/div>   <h2 class=\"wp-block-heading\">Ventajas clave de nuestra m\u00e1quina de fabricaci\u00f3n de bloques de hielo seco<\/h2>    <p>Invertir en una prensa de bloques de hielo seco EFFICIENT ofrece beneficios inmediatos y a largo plazo para su negocio. Aqu\u00ed le explicamos por qu\u00e9 nuestros clientes nos eligen:<\/p>    <ul class=\"wp-block-list\"> <li><strong>Control total de producci\u00f3n: <\/strong>Produce hielo seco fresco y de alta calidad siempre que lo necesite, eliminando retrasos en la cadena de suministro y asegurando la m\u00e1xima potencia de enfriamiento.<\/li>    <li><strong>Reducci\u00f3n significativa de costos:<\/strong> Al fabricar internamente, elimina los recargos del proveedor, las tarifas de transporte y las p\u00e9rdidas por sublimaci\u00f3n en la entrega. El costo de la m\u00e1quina de bloques de hielo seco se compensa r\u00e1pidamente con estos ahorros.<\/li>    <li><strong>Calidad superior del bloque:<\/strong> Nuestras m\u00e1quinas producen bloques de densidad excepcionalmente alta (hasta 1550 kg\/m\u00b3) que subliman m\u00e1s lentamente, proporcionando un control de temperatura m\u00e1s duradero y fiable.<\/li>    <li><strong>Alta eficiencia y menos desperdicio:<\/strong> Con una tasa de conversi\u00f3n l\u00edder de \u226542%, nuestra m\u00e1quina de bloques s\u00f3lidos de hielo seco convierte m\u00e1s CO2 l\u00edquido en hielo s\u00f3lido, maximizando el uso de sus recursos y reduciendo el costo por bloque.<\/li>    <li><strong>Operaci\u00f3n sencilla y automatizada:<\/strong> Con una interfaz f\u00e1cil de usar, nuestra m\u00e1quina autom\u00e1tica de bloques de hielo seco est\u00e1 dise\u00f1ada para una operaci\u00f3n sencilla, minimizando los costos laborales y el tiempo de capacitaci\u00f3n.<\/li> <\/ul>    <figure class=\"wp-block-gallery has-nested-images columns-default is-cropped wp-block-gallery-2 is-layout-flex wp-block-gallery-is-layout-flex\"> <figure class=\"wp-block-image size-large\"><img loading=\"lazy\" decoding=\"async\" width=\"720\" height=\"540\" data-id=\"2009\" src=\"https:\/\/www.plasticgranularmachine.com\/wp-content\/uploads\/2025\/11\/dry-ice-block-maker.webp\" alt=\"Fabricante de bloques de hielo seco\" class=\"wp-image-2009\" srcset=\"https:\/\/www.plasticgranularmachine.com\/wp-content\/uploads\/2025\/11\/dry-ice-block-maker.webp 720w, https:\/\/www.plasticgranularmachine.com\/wp-content\/uploads\/2025\/11\/dry-ice-block-maker-300x225.webp 300w, https:\/\/www.plasticgranularmachine.com\/wp-content\/uploads\/2025\/11\/dry-ice-block-maker-16x12.webp 16w\" sizes=\"auto, (max-width: 720px) 100vw, 720px\" \/><figcaption class=\"wp-element-caption\">Fabricante de bloques de hielo seco<\/figcaption><\/figure>    <figure class=\"wp-block-image size-large\"><img loading=\"lazy\" decoding=\"async\" width=\"720\" height=\"540\" data-id=\"2010\" src=\"https:\/\/www.plasticgranularmachine.com\/wp-content\/uploads\/2025\/11\/dry-ice-block-press.webp\" alt=\"prensa de bloques de hielo seco\" class=\"wp-image-2010\" srcset=\"https:\/\/www.plasticgranularmachine.com\/wp-content\/uploads\/2025\/11\/dry-ice-block-press.webp 720w, https:\/\/www.plasticgranularmachine.com\/wp-content\/uploads\/2025\/11\/dry-ice-block-press-300x225.webp 300w, https:\/\/www.plasticgranularmachine.com\/wp-content\/uploads\/2025\/11\/dry-ice-block-press-16x12.webp 16w\" sizes=\"auto, (max-width: 720px) 100vw, 720px\" \/><figcaption class=\"wp-element-caption\">prensa de bloques de hielo seco<\/figcaption><\/figure> <\/figure>    <h2 class=\"wp-block-heading\">\u00bfC\u00f3mo funciona una m\u00e1quina de bloques de hielo seco?<\/h2>    <p>Comprender la tecnolog\u00eda detr\u00e1s de nuestra m\u00e1quina de producci\u00f3n de bloques de hielo seco es sencillo. El proceso es una maravilla de la termodin\u00e1mica, dise\u00f1ada para una eficiencia m\u00e1xima.<\/p>    <ol class=\"wp-block-list\"> <li><strong>Materia prima:<\/strong> La m\u00e1quina se alimenta con di\u00f3xido de carbono l\u00edquido (LCO2) desde un tanque de almacenamiento.<\/li>    <li><strong>Formaci\u00f3n: <\/strong>The LCO2 is injected into a chamber, where a rapid pressure drop converts it into dry ice &#8220;snow.&#8221;<\/li>    <li><strong>Compresi\u00f3n:<\/strong> Una prensa hidr\u00e1ulica potente compacta esta nieve en un bloque s\u00f3lido y denso de hielo seco, listo para su uso inmediato.<\/li> <\/ol>    <p>Todo este proceso est\u00e1 automatizado, proporcion\u00e1ndole una producci\u00f3n constante de bloques de hielo seco de alta calidad.<\/p>    <figure class=\"wp-block-gallery has-nested-images columns-default is-cropped wp-block-gallery-3 is-layout-flex wp-block-gallery-is-layout-flex\"> <figure class=\"wp-block-image size-large\"><img loading=\"lazy\" decoding=\"async\" width=\"720\" height=\"540\" data-id=\"2011\" src=\"https:\/\/www.plasticgranularmachine.com\/wp-content\/uploads\/2025\/11\/dry-ice-block-production-machine-working.webp\" alt=\"m\u00e1quina de producci\u00f3n de bloques de hielo seco en funcionamiento\" class=\"wp-image-2011\" srcset=\"https:\/\/www.plasticgranularmachine.com\/wp-content\/uploads\/2025\/11\/dry-ice-block-production-machine-working.webp 720w, https:\/\/www.plasticgranularmachine.com\/wp-content\/uploads\/2025\/11\/dry-ice-block-production-machine-working-300x225.webp 300w, https:\/\/www.plasticgranularmachine.com\/wp-content\/uploads\/2025\/11\/dry-ice-block-production-machine-working-16x12.webp 16w\" sizes=\"auto, (max-width: 720px) 100vw, 720px\" \/><figcaption class=\"wp-element-caption\">m\u00e1quina de producci\u00f3n de bloques de hielo seco en funcionamiento<\/figcaption><\/figure>    <figure class=\"wp-block-image size-large\"><img loading=\"lazy\" decoding=\"async\" width=\"720\" height=\"540\" data-id=\"2006\" src=\"https:\/\/www.plasticgranularmachine.com\/wp-content\/uploads\/2025\/11\/Display-of-finished-dry-ice-blocks.webp\" alt=\"Visualizaci\u00f3n de bloques de hielo seco terminados\" class=\"wp-image-2006\" srcset=\"https:\/\/www.plasticgranularmachine.com\/wp-content\/uploads\/2025\/11\/Display-of-finished-dry-ice-blocks.webp 720w, https:\/\/www.plasticgranularmachine.com\/wp-content\/uploads\/2025\/11\/Display-of-finished-dry-ice-blocks-300x225.webp 300w, https:\/\/www.plasticgranularmachine.com\/wp-content\/uploads\/2025\/11\/Display-of-finished-dry-ice-blocks-16x12.webp 16w\" sizes=\"auto, (max-width: 720px) 100vw, 720px\" \/><figcaption class=\"wp-element-caption\">Visualizaci\u00f3n de bloques de hielo seco terminados<\/figcaption><\/figure> <\/figure>    <h2 class=\"wp-block-heading\">Serie EFFICIENT: La mejor m\u00e1quina de bloques de hielo seco para sus necesidades<\/h2>    <p>As a premier dry ice block machine manufacturer, we&#8217;ve engineered the ET-Series for performance and durability. Whether you need a compact unit or a heavy-duty production powerhouse, we have the solution.<\/p>    <figure class=\"wp-block-table\"><table><thead><tr><th><strong>Par\u00e1metros<\/strong><\/th><th><strong>Modelo ET-120<\/strong><\/th><th><strong>Modelo ET-240<\/strong><\/th><\/tr><\/thead><tbody><tr><td><strong>Capacidad (kg\/h)<\/strong><\/td><td>100-160<\/td><td>200-300<\/td><\/tr><tr><td><strong>Especificaciones (mm)<\/strong><\/td><td>125*105*(15-70)<\/td><td>125*105*(18-70)<\/td><\/tr><tr><td><strong>Densidad del hielo seco (kg\/m\u00b3)<\/strong><\/td><td>1550<\/td><td>1450-1550<\/td><\/tr><tr><td><strong>Tasa de conversi\u00f3n<\/strong><\/td><td>\u226542%<\/td><td>\u226542%<\/td><\/tr><tr><td><strong>Potencia (kw)<\/strong><\/td><td>4<\/td><td>8<\/td><\/tr><tr><td><strong>Peso (kg)<\/strong><\/td><td>320<\/td><td>800<\/td><\/tr><tr><td><strong>Dimensiones (cm)<\/strong><\/td><td>125*60*128<\/td><td>142*120*148<\/td><\/tr><\/tbody><\/table><\/figure>    <h3 class=\"wp-block-heading\">Modelo ET-120: M\u00e1quina de bloques de hielo seco compacta y autom\u00e1tica<\/h3>    <p>La m\u00e1quina de bloques de hielo seco ET-120 es perfecta para negocios en expansi\u00f3n. Su capacidad de 100-160 kg\/h y su tama\u00f1o compacto la convierten en una m\u00e1quina de hielo seco industrial rentable para necesidades diarias sin requerir un espacio grande dedicado.<\/p>    <h3 class=\"wp-block-heading\">Modelo ET-240: M\u00e1quina de producci\u00f3n de hielo seco de alta resistencia<\/h3>    <p>Para uso industrial a gran escala, el ET-240 es la m\u00e1quina de hielo seco pesada definitiva. Con una producci\u00f3n masiva de 200-300 kg\/h, esta unidad est\u00e1 dise\u00f1ada para soportar horarios exigentes en catering a\u00e9reo, grandes plantas de procesamiento de alimentos y grandes centros log\u00edsticos.<\/p>    <h2 class=\"wp-block-heading\">Amplias aplicaciones para cualquier industria<\/h2>    <p>Nuestra m\u00e1quina de bloques de hielo seco es una herramienta vers\u00e1til para cualquier negocio que requiera una refrigeraci\u00f3n confiable. Industrias clave incluyen:<\/p>    <ul class=\"wp-block-list\"> <li>Log\u00edstica de cadena de fr\u00edo: La soluci\u00f3n perfecta para enviar productos farmac\u00e9uticos, mariscos y otros perecederos.<\/li>    <li>Aerol\u00edneas y servicios de alimentos: Esencial para catering a\u00e9reo y procesamiento de alimentos para garantizar seguridad y frescura.<\/li>    <li>M\u00e9dico y Laboratorio: Ideal para preservar vacunas, \u00f3rganos y muestras biol\u00f3gicas.<\/li>    <li>Servicios industriales: Proporciona una fuente para chorro de hielo seco y otros procesos industriales. Explore nuestra gama completa de soluciones de hielo seco aqu\u00ed.<\/li> <\/ul>    <figure class=\"wp-block-gallery has-nested-images columns-default is-cropped wp-block-gallery-4 is-layout-flex wp-block-gallery-is-layout-flex\"> <figure class=\"wp-block-image size-large\"><img loading=\"lazy\" decoding=\"async\" width=\"720\" height=\"540\" data-id=\"2013\" src=\"https:\/\/www.plasticgranularmachine.com\/wp-content\/uploads\/2025\/11\/for-processing-seafood-and-other-foods.webp\" alt=\"para procesamiento de mariscos y otros alimentos\" class=\"wp-image-2013\" srcset=\"https:\/\/www.plasticgranularmachine.com\/wp-content\/uploads\/2025\/11\/for-processing-seafood-and-other-foods.webp 720w, https:\/\/www.plasticgranularmachine.com\/wp-content\/uploads\/2025\/11\/for-processing-seafood-and-other-foods-300x225.webp 300w, https:\/\/www.plasticgranularmachine.com\/wp-content\/uploads\/2025\/11\/for-processing-seafood-and-other-foods-16x12.webp 16w\" sizes=\"auto, (max-width: 720px) 100vw, 720px\" \/><figcaption class=\"wp-element-caption\">para procesamiento de mariscos y otros alimentos<\/figcaption><\/figure>    <figure class=\"wp-block-image size-large\"><img loading=\"lazy\" decoding=\"async\" width=\"720\" height=\"540\" data-id=\"2014\" src=\"https:\/\/www.plasticgranularmachine.com\/wp-content\/uploads\/2025\/11\/For-transporting-items-requiring-cold-storage.webp\" alt=\"Para transportar art\u00edculos que requieren almacenamiento en fr\u00edo\" class=\"wp-image-2014\" srcset=\"https:\/\/www.plasticgranularmachine.com\/wp-content\/uploads\/2025\/11\/For-transporting-items-requiring-cold-storage.webp 720w, https:\/\/www.plasticgranularmachine.com\/wp-content\/uploads\/2025\/11\/For-transporting-items-requiring-cold-storage-300x225.webp 300w, https:\/\/www.plasticgranularmachine.com\/wp-content\/uploads\/2025\/11\/For-transporting-items-requiring-cold-storage-16x12.webp 16w\" sizes=\"auto, (max-width: 720px) 100vw, 720px\" \/><figcaption class=\"wp-element-caption\">Para transportar art\u00edculos que requieren almacenamiento en fr\u00edo<\/figcaption><\/figure> <\/figure>    <h2 class=\"wp-block-heading\">Una soluci\u00f3n de hielo seco totalmente integrada<\/h2>    <p>Nuestra m\u00e1quina de bloques de hielo seco es el coraz\u00f3n de su l\u00ednea de producci\u00f3n en el sitio. Los bloques que crea pueden alimentarse directamente a un Pelletizador de Hielo Seco para producir medios de limpieza para nuestras potentes M\u00e1quinas de Chorro de Hielo Seco. Para completar su flujo de trabajo, almacene todos los productos terminados en nuestros resistentes Contenedores de Almacenamiento de Hielo Seco Aislados para minimizar p\u00e9rdidas y maximizar la eficiencia.<\/p>    <figure class=\"wp-block-gallery has-nested-images columns-default is-cropped wp-block-gallery-5 is-layout-flex wp-block-gallery-is-layout-flex\"> <figure class=\"wp-block-image size-large\"><img loading=\"lazy\" decoding=\"async\" width=\"720\" height=\"540\" data-id=\"2012\" src=\"https:\/\/www.plasticgranularmachine.com\/wp-content\/uploads\/2025\/11\/Dry-ice-pelletizer.webp\" alt=\"Pelletizador de hielo seco\" class=\"wp-image-2012\" srcset=\"https:\/\/www.plasticgranularmachine.com\/wp-content\/uploads\/2025\/11\/Dry-ice-pelletizer.webp 720w, https:\/\/www.plasticgranularmachine.com\/wp-content\/uploads\/2025\/11\/Dry-ice-pelletizer-300x225.webp 300w, https:\/\/www.plasticgranularmachine.com\/wp-content\/uploads\/2025\/11\/Dry-ice-pelletizer-16x12.webp 16w\" sizes=\"auto, (max-width: 720px) 100vw, 720px\" \/><figcaption class=\"wp-element-caption\">Pelletizador de hielo seco<\/figcaption><\/figure>    <figure class=\"wp-block-image size-large\"><img loading=\"lazy\" decoding=\"async\" width=\"720\" height=\"540\" data-id=\"2007\" src=\"https:\/\/www.plasticgranularmachine.com\/wp-content\/uploads\/2025\/11\/Dry-Ice-Blasting-Machine.webp\" alt=\"M\u00e1quina de Chorro de Hielo Seco\" class=\"wp-image-2007\" srcset=\"https:\/\/www.plasticgranularmachine.com\/wp-content\/uploads\/2025\/11\/Dry-Ice-Blasting-Machine.webp 720w, https:\/\/www.plasticgranularmachine.com\/wp-content\/uploads\/2025\/11\/Dry-Ice-Blasting-Machine-300x225.webp 300w, https:\/\/www.plasticgranularmachine.com\/wp-content\/uploads\/2025\/11\/Dry-Ice-Blasting-Machine-16x12.webp 16w\" sizes=\"auto, (max-width: 720px) 100vw, 720px\" \/><figcaption class=\"wp-element-caption\">M\u00e1quina de Chorro de Hielo Seco<\/figcaption><\/figure> <\/figure>    <h2 class=\"wp-block-heading\">\u00a1Obtenga hoy su cotizaci\u00f3n personalizada para su m\u00e1quina de bloques de hielo seco!<\/h2>    <p>\u00bfListo para comprar una m\u00e1quina de bloques de hielo seco y transformar sus operaciones? Como proveedor global de confianza, EFFICIENT se compromete a ofrecer equipos de alta calidad y soporte experto.<\/p>    <p>Cont\u00e1ctenos hoy para obtener una cotizaci\u00f3n detallada, consultar sobre el precio de la m\u00e1quina de bloques de hielo seco, y deje que nuestros especialistas le ayuden a seleccionar el modelo perfecto para las necesidades de su negocio.<\/p>","protected":false},"excerpt":{"rendered":"<p>Take control of your cooling needs. Our Dry Ice Block Machine instantly converts liquid CO2 into solid, high-density dry ice blocks right at your facility. Perfect for cold chain logistics, food processing, and airline catering, this machine lets you produce fresh dry ice on demand, cutting costs and ending your reliance on outside suppliers. Key [&hellip;]<\/p>\n","protected":false},"author":1,"featured_media":2008,"parent":0,"template":"","tags":[],"product-type":[81],"class_list":["post-2005","product","type-product","status-publish","has-post-thumbnail","hentry","product-type-dry-ice-machine"],"_links":{"self":[{"href":"https:\/\/www.plasticgranularmachine.com\/es\/wp-json\/wp\/v2\/product\/2005","targetHints":{"allow":["GET"]}}],"collection":[{"href":"https:\/\/www.plasticgranularmachine.com\/es\/wp-json\/wp\/v2\/product"}],"about":[{"href":"https:\/\/www.plasticgranularmachine.com\/es\/wp-json\/wp\/v2\/types\/product"}],"author":[{"embeddable":true,"href":"https:\/\/www.plasticgranularmachine.com\/es\/wp-json\/wp\/v2\/users\/1"}],"wp:featuredmedia":[{"embeddable":true,"href":"https:\/\/www.plasticgranularmachine.com\/es\/wp-json\/wp\/v2\/media\/2008"}],"wp:attachment":[{"href":"https:\/\/www.plasticgranularmachine.com\/es\/wp-json\/wp\/v2\/media?parent=2005"}],"wp:term":[{"taxonomy":"post_tag","embeddable":true,"href":"https:\/\/www.plasticgranularmachine.com\/es\/wp-json\/wp\/v2\/tags?post=2005"},{"taxonomy":"product-type","embeddable":true,"href":"https:\/\/www.plasticgranularmachine.com\/es\/wp-json\/wp\/v2\/product-type?post=2005"}],"curies":[{"name":"wp","href":"https:\/\/api.w.org\/{rel}","templated":true}]}}