{"id":233,"date":"2022-07-25T07:01:36","date_gmt":"2022-07-25T07:01:36","guid":{"rendered":"https:\/\/www.plasticgranularmachine.com\/?post_type=product&#038;p=233"},"modified":"2025-01-06T09:52:54","modified_gmt":"2025-01-06T01:52:54","slug":"pet-flakes-dryer","status":"publish","type":"product","link":"https:\/\/www.plasticgranularmachine.com\/es\/product\/pet-flakes-dryer\/","title":{"rendered":"Secador horizontal de escamas para mascotas | M\u00e1quina secadora de chips de pl\u00e1stico"},"content":{"rendered":"<p class=\"translation-block\">El secador de copos de PET es el \u00faltimo gran paso en la <a href=\"https:\/\/www.plasticgranularmachine.com\/es\/product\/pet-bottles-recycling-line\/\">l\u00ednea de reciclaje de botellas de pl\u00e1stico<\/a>. Es una m\u00e1quina instalada detr\u00e1s de la lavadora de pl\u00e1sticos. Con la ayuda de un secador de copos de PET, la tasa de deshidrataci\u00f3n de los copos de pl\u00e1stico llega a un 97%.<\/p>   <div class=\"wp-block-image\"> <figure class=\"aligncenter size-full\"><img loading=\"lazy\" decoding=\"async\" width=\"720\" height=\"540\" src=\"https:\/\/www.plasticgranularmachine.com\/wp-content\/uploads\/2022\/07\/PET-flakes-dryer-1.webp\" alt=\"Secador de escamas de PET\" class=\"wp-image-1388\" srcset=\"https:\/\/www.plasticgranularmachine.com\/wp-content\/uploads\/2022\/07\/PET-flakes-dryer-1.webp 720w, https:\/\/www.plasticgranularmachine.com\/wp-content\/uploads\/2022\/07\/PET-flakes-dryer-1-300x225.webp 300w, https:\/\/www.plasticgranularmachine.com\/wp-content\/uploads\/2022\/07\/PET-flakes-dryer-1-16x12.webp 16w\" sizes=\"auto, (max-width: 720px) 100vw, 720px\" \/><figcaption class=\"wp-element-caption\">Secador de escamas de PET<\/figcaption><\/figure> <\/div>   <figure class=\"wp-block-embed is-type-video is-provider-youtube wp-block-embed-youtube wp-embed-aspect-16-9 wp-has-aspect-ratio\"><div class=\"wp-block-embed__wrapper\"> <iframe loading=\"lazy\" title=\"M\u00e1quina m\u00e1s secadora de pl\u00e1stico horizontal altamente eficiente para desecaci\u00f3n #plastic\" width=\"500\" height=\"281\" src=\"https:\/\/www.youtube.com\/embed\/nspYq2vnK2o?feature=oembed\" frameborder=\"0\" allow=\"accelerometer; autoplay; clipboard-write; encrypted-media; gyroscope; picture-in-picture; web-share\" referrerpolicy=\"strict-origin-when-cross-origin\" allowfullscreen><\/iframe> <\/div><\/figure>    <h2 class=\"wp-block-heading\" id=\"h-how-does-the-pet-flakes-dryer-work\">\u00bfC\u00f3mo funciona el secador de escamas de PET?<\/h2>    <p>La m\u00e1quina secadora completa el proceso de deshidrataci\u00f3n en el orden de movimiento en espiral, deshidrataci\u00f3n por separaci\u00f3n, alimentaci\u00f3n autom\u00e1tica y descarga autom\u00e1tica. Luego, las escamas de pl\u00e1stico se eliminan del tanque de enjuague y entran directamente en la tolva de alimentaci\u00f3n del deshidratador. Impulsado por el motor, el eje del deshidratador horizontal gira a alta velocidad. De este modo, los fragmentos de la botella de pl\u00e1stico se hacen girar a alta velocidad. Luego los fragmentos de pl\u00e1stico se secan mediante fuerza centr\u00edfuga. Al mismo tiempo, la cuchilla con un cierto \u00e1ngulo incluido empuja la pieza de la botella de pl\u00e1stico hacia el puerto de descarga. <\/p>    <p>Por lo tanto, un secador de desechos de botellas de PET es uno de los equipos ideales en la maquinaria de procesamiento de pl\u00e1stico. Se puede utilizar con toda la l\u00ednea de limpieza de botellas de pl\u00e1stico PET o se puede utilizar solo.<\/p>   <div class=\"wp-block-image\"> <figure class=\"aligncenter size-full\"><img loading=\"lazy\" decoding=\"async\" width=\"720\" height=\"540\" src=\"https:\/\/www.plasticgranularmachine.com\/wp-content\/uploads\/2022\/07\/plastic-dehydrator-machine-1.webp\" alt=\"maquina deshidratadora de plastico\" class=\"wp-image-1389\" srcset=\"https:\/\/www.plasticgranularmachine.com\/wp-content\/uploads\/2022\/07\/plastic-dehydrator-machine-1.webp 720w, https:\/\/www.plasticgranularmachine.com\/wp-content\/uploads\/2022\/07\/plastic-dehydrator-machine-1-300x225.webp 300w, https:\/\/www.plasticgranularmachine.com\/wp-content\/uploads\/2022\/07\/plastic-dehydrator-machine-1-16x12.webp 16w\" sizes=\"auto, (max-width: 720px) 100vw, 720px\" \/><figcaption class=\"wp-element-caption\">maquina deshidratadora de plastico<\/figcaption><\/figure> <\/div>   <h2 class=\"wp-block-heading\">Caracter\u00edsticas del producto<\/h2>    <ol class=\"wp-block-list\"> <li>Ampliamente utilizado. El secador de escamas de PET puede deshidratar <a href=\"https:\/\/en.wikipedia.org\/wiki\/Polypropylene\" target=\"_blank\" rel=\"noopener\">P\u00c1GINAS<\/a> virutas de pl\u00e1stico, virutas de pl\u00e1stico PE y desechos de pl\u00e1stico PET.<\/li>    <li>Alta tasa de deshidrataci\u00f3n. Porque la tasa de deshidrataci\u00f3n de la m\u00e1quina supera los 97%.<\/li>    <li>La m\u00e1quina consume menos energ\u00eda.<\/li>    <li>La m\u00e1quina secadora de virutas de pl\u00e1stico tiene un alto grado de automatizaci\u00f3n, lo que puede reducir en gran medida la intensidad de la mano de obra.<\/li>    <li>Tecnolog\u00eda avanzada. Bajo desgaste y ruido<\/li>    <li>Dise\u00f1o avanzado. El dise\u00f1o de doble salida ahorra tiempo y esfuerzo.<\/li>    <li>La estructura de la secadora de virutas de pl\u00e1stico es simple. Por tanto, el desmontaje y montaje de la m\u00e1quina es muy c\u00f3modo y f\u00e1cil de limpiar.<\/li> <\/ol>   <div class=\"wp-block-image\"> <figure class=\"aligncenter size-full\"><img loading=\"lazy\" decoding=\"async\" width=\"720\" height=\"541\" src=\"https:\/\/www.plasticgranularmachine.com\/wp-content\/uploads\/2022\/07\/plastic-chips-dryer-machine-in-the-PET-recycling-line-1.webp\" alt=\"M\u00e1quina secadora de virutas de pl\u00e1stico en la l\u00ednea de reciclaje de PET.\" class=\"wp-image-1390\" srcset=\"https:\/\/www.plasticgranularmachine.com\/wp-content\/uploads\/2022\/07\/plastic-chips-dryer-machine-in-the-PET-recycling-line-1.webp 720w, https:\/\/www.plasticgranularmachine.com\/wp-content\/uploads\/2022\/07\/plastic-chips-dryer-machine-in-the-PET-recycling-line-1-300x225.webp 300w, https:\/\/www.plasticgranularmachine.com\/wp-content\/uploads\/2022\/07\/plastic-chips-dryer-machine-in-the-PET-recycling-line-1-16x12.webp 16w\" sizes=\"auto, (max-width: 720px) 100vw, 720px\" \/><figcaption class=\"wp-element-caption\">M\u00e1quina secadora de virutas de pl\u00e1stico en la l\u00ednea de reciclaje de PET.<\/figcaption><\/figure> <\/div>   <h2 class=\"wp-block-heading\">Par\u00e1metros de la m\u00e1quina secadora de chips de PET<\/h2>    <figure class=\"wp-block-table\"><table><tbody><tr><td>Modelo<\/td><td>500<\/td><\/tr><tr><td>Polvo<\/td><td>7,5 kw<\/td><\/tr><tr><td>Tama\u00f1o<\/td><td>2845*902*1750 (mil\u00edmetros)<\/td><\/tr><tr><td>Peso<\/td><td>350 kilos<\/td><\/tr><\/tbody><\/table><\/figure>   <div class=\"wp-block-image\"> <figure class=\"aligncenter size-full\"><img loading=\"lazy\" decoding=\"async\" width=\"720\" height=\"480\" src=\"https:\/\/www.plasticgranularmachine.com\/wp-content\/uploads\/2022\/07\/Horizontal-dewatering-machine-1.webp\" alt=\"M\u00e1quina deshidratadora horizontal\" class=\"wp-image-1391\" srcset=\"https:\/\/www.plasticgranularmachine.com\/wp-content\/uploads\/2022\/07\/Horizontal-dewatering-machine-1.webp 720w, https:\/\/www.plasticgranularmachine.com\/wp-content\/uploads\/2022\/07\/Horizontal-dewatering-machine-1-300x200.webp 300w, https:\/\/www.plasticgranularmachine.com\/wp-content\/uploads\/2022\/07\/Horizontal-dewatering-machine-1-18x12.webp 18w\" sizes=\"auto, (max-width: 720px) 100vw, 720px\" \/><figcaption class=\"wp-element-caption\">M\u00e1quina deshidratadora horizontal<\/figcaption><\/figure> <\/div>   <h2 class=\"wp-block-heading\">\u00bfPara qu\u00e9 se utilizan los copos para mascotas?<\/h2>    <ul class=\"wp-block-list\"> <li>Hacer botellas de pl\u00e1stico. Todos sabemos que los pl\u00e1sticos reciclados no pueden entrar en contacto directo con los alimentos. Pero podemos usarlo como capa intermedia de botellas de pl\u00e1stico.<\/li>    <li>Haz ropa de cama. Con chips de PET reciclados se pueden fabricar sacos de dormir, almohadas, mantas, colchones y otros art\u00edculos.<\/li>    <li>Adem\u00e1s, los desechos de pl\u00e1stico tambi\u00e9n se pueden convertir en carcasas de tel\u00e9fonos m\u00f3viles, gafas de sol, carcasas de pl\u00e1stico para electrodom\u00e9sticos, accesorios de moldeo por inyecci\u00f3n industrial, etc. Tambi\u00e9n se pueden utilizar para fabricar sillas de pl\u00e1stico, bloques de construcci\u00f3n y decodificadores.<\/li> <\/ul>   <div class=\"wp-block-image\"> <figure class=\"aligncenter size-full\"><img loading=\"lazy\" decoding=\"async\" width=\"720\" height=\"540\" src=\"https:\/\/www.plasticgranularmachine.com\/wp-content\/uploads\/2022\/07\/clean-plastic-flakes.jpg\" alt=\"escamas de pl\u00e1stico limpias\" class=\"wp-image-239\" srcset=\"https:\/\/www.plasticgranularmachine.com\/wp-content\/uploads\/2022\/07\/clean-plastic-flakes.jpg 720w, https:\/\/www.plasticgranularmachine.com\/wp-content\/uploads\/2022\/07\/clean-plastic-flakes-300x225.jpg 300w\" sizes=\"auto, (max-width: 720px) 100vw, 720px\" \/><figcaption class=\"wp-element-caption\">escamas de pl\u00e1stico limpias<\/figcaption><\/figure> <\/div>   <h2 class=\"wp-block-heading\">Secadora de escamas de PET a la venta<\/h2>    <p class=\"translation-block\">En <a href=\"https:\/\/www.plasticgranularmachine.com\/es\/\">Efficient machinery<\/a>, tenemos dos tipos diferentes de m\u00e1quinas secadoras de desecho pl\u00e1stico a la venta: secadoras verticales y horizontales. Por lo tanto, puedes elegir diferentes tipos de secadores seg\u00fan tus necesidades. Lo m\u00e1s importante es que podemos personalizar la m\u00e1quina de acuerdo con tus requerimientos. Por lo tanto, si quieres comprar un secador de copos de PET que satisfaga tus necesidades, por favor cont\u00e1ctanos en cualquier momento.<\/p>   <div class=\"wp-block-image\"> <figure class=\"aligncenter size-full\"><img loading=\"lazy\" decoding=\"async\" width=\"719\" height=\"327\" src=\"https:\/\/www.plasticgranularmachine.com\/wp-content\/uploads\/2022\/07\/pet-flakes-dryer-in-the-factory-1.webp\" alt=\"Secador de escamas de mascotas en la f\u00e1brica.\" class=\"wp-image-1392\" srcset=\"https:\/\/www.plasticgranularmachine.com\/wp-content\/uploads\/2022\/07\/pet-flakes-dryer-in-the-factory-1.webp 719w, https:\/\/www.plasticgranularmachine.com\/wp-content\/uploads\/2022\/07\/pet-flakes-dryer-in-the-factory-1-300x136.webp 300w, https:\/\/www.plasticgranularmachine.com\/wp-content\/uploads\/2022\/07\/pet-flakes-dryer-in-the-factory-1-18x8.webp 18w\" sizes=\"auto, (max-width: 719px) 100vw, 719px\" \/><figcaption class=\"wp-element-caption\">Secador de escamas de mascotas en la f\u00e1brica.<\/figcaption><\/figure> <\/div>","protected":false},"excerpt":{"rendered":"<p>PET flakes dryer is the last major step in the plastic bottle recycling line. It is a machine placed behind the plastic washing machine. With the help of a PET bottle flakes dryer, the dehydration rate of plastic flakes is as high as 97%. How does the PET flakes dryer work? The dryer machine completes [&hellip;]<\/p>\n","protected":false},"author":1,"featured_media":1182,"parent":0,"template":"","tags":[38],"product-type":[9],"class_list":["post-233","product","type-product","status-publish","has-post-thumbnail","hentry","tag-pet-recycling","product-type-plastic-dryer"],"_links":{"self":[{"href":"https:\/\/www.plasticgranularmachine.com\/es\/wp-json\/wp\/v2\/product\/233","targetHints":{"allow":["GET"]}}],"collection":[{"href":"https:\/\/www.plasticgranularmachine.com\/es\/wp-json\/wp\/v2\/product"}],"about":[{"href":"https:\/\/www.plasticgranularmachine.com\/es\/wp-json\/wp\/v2\/types\/product"}],"author":[{"embeddable":true,"href":"https:\/\/www.plasticgranularmachine.com\/es\/wp-json\/wp\/v2\/users\/1"}],"wp:featuredmedia":[{"embeddable":true,"href":"https:\/\/www.plasticgranularmachine.com\/es\/wp-json\/wp\/v2\/media\/1182"}],"wp:attachment":[{"href":"https:\/\/www.plasticgranularmachine.com\/es\/wp-json\/wp\/v2\/media?parent=233"}],"wp:term":[{"taxonomy":"post_tag","embeddable":true,"href":"https:\/\/www.plasticgranularmachine.com\/es\/wp-json\/wp\/v2\/tags?post=233"},{"taxonomy":"product-type","embeddable":true,"href":"https:\/\/www.plasticgranularmachine.com\/es\/wp-json\/wp\/v2\/product-type?post=233"}],"curies":[{"name":"wp","href":"https:\/\/api.w.org\/{rel}","templated":true}]}}