{"id":257,"date":"2022-07-27T03:39:39","date_gmt":"2022-07-27T03:39:39","guid":{"rendered":"https:\/\/www.plasticgranularmachine.com\/?post_type=product&#038;p=257"},"modified":"2025-01-06T09:57:21","modified_gmt":"2025-01-06T01:57:21","slug":"pet-flakes-washing-machine","status":"publish","type":"product","link":"https:\/\/www.plasticgranularmachine.com\/es\/product\/pet-flakes-washing-machine\/","title":{"rendered":"M\u00e1quina del tanque de separaci\u00f3n del fregadero del flotador del lavado de escamas del ANIMAL DOM\u00c9STICO"},"content":{"rendered":"<p>La lavadora de escamas de PET es una de las m\u00e1quinas de la l\u00ednea de reciclaje de botellas de pl\u00e1stico. Desempe\u00f1a un papel muy importante en toda la l\u00ednea de lavado de botellas de PET. Porque todos sabemos que los residuos de botellas de pl\u00e1stico contienen muchas impurezas y manchas. Por lo tanto, para obtener escamas de pl\u00e1stico de alta calidad, necesitamos utilizar una planta de lavado de escamas de PET para limpiar las escamas de pl\u00e1stico trituradas.<\/p>   <div class=\"wp-block-image\"> <figure class=\"aligncenter size-full\"><img loading=\"lazy\" decoding=\"async\" width=\"720\" height=\"540\" src=\"https:\/\/www.plasticgranularmachine.com\/wp-content\/uploads\/2022\/07\/sink-float-plastic-separation.webp\" alt=\"fregadero flotador separaci\u00f3n de pl\u00e1stico\" class=\"wp-image-1283\" srcset=\"https:\/\/www.plasticgranularmachine.com\/wp-content\/uploads\/2022\/07\/sink-float-plastic-separation.webp 720w, https:\/\/www.plasticgranularmachine.com\/wp-content\/uploads\/2022\/07\/sink-float-plastic-separation-300x225.webp 300w, https:\/\/www.plasticgranularmachine.com\/wp-content\/uploads\/2022\/07\/sink-float-plastic-separation-16x12.webp 16w\" sizes=\"auto, (max-width: 720px) 100vw, 720px\" \/><figcaption class=\"wp-element-caption\">Separaci\u00f3n pl\u00e1stica del flotador del fregadero<\/figcaption><\/figure> <\/div>   <h2 class=\"wp-block-heading\">\u00bfPor qu\u00e9 necesita una lavadora de botellas de PET?<\/h2>    <p>La lavadora de botellas de PET tambi\u00e9n se llama tanque flotante de fregadero. Las botellas de pl\u00e1stico para bebidas constan de dos partes: el cuerpo de la botella de PET y las tapas de PP. Los diferentes materiales deben procesarse de diferentes maneras. Por ello, las plantas de reciclaje de pl\u00e1stico deber\u00edan separar el PP del PET.<\/p>    <p>Se puede completar por las diferencias en las densidades. La densidad del agua es exactamente 1 g\/cm, en el pl\u00e1stico com\u00fan, solo la densidad de PP y PE es inferior a 1.0, por lo que el agua puede flotar en el agua es una tapa de botella PP, material de mascotas porque la densidad es mayor de lo que el agua se hundir\u00e1 hasta el fondo. Por eso tambi\u00e9n llamamos a una lavadora de botellas de mascotas un tanque de separaci\u00f3n flotante de pl\u00e1stico.<\/p>    <figure class=\"wp-block-gallery has-nested-images columns-default is-cropped wp-block-gallery-2 is-layout-flex wp-block-gallery-is-layout-flex\"> <figure class=\"wp-block-image size-large\"><img loading=\"lazy\" decoding=\"async\" width=\"720\" height=\"540\" data-id=\"1285\" src=\"https:\/\/www.plasticgranularmachine.com\/wp-content\/uploads\/2022\/07\/Impurities-floating-on-the-water-surface.webp\" alt=\"Impurezas flotando en la superficie del agua.\" class=\"wp-image-1285\" srcset=\"https:\/\/www.plasticgranularmachine.com\/wp-content\/uploads\/2022\/07\/Impurities-floating-on-the-water-surface.webp 720w, https:\/\/www.plasticgranularmachine.com\/wp-content\/uploads\/2022\/07\/Impurities-floating-on-the-water-surface-300x225.webp 300w, https:\/\/www.plasticgranularmachine.com\/wp-content\/uploads\/2022\/07\/Impurities-floating-on-the-water-surface-16x12.webp 16w\" sizes=\"auto, (max-width: 720px) 100vw, 720px\" \/><figcaption class=\"wp-element-caption\">Impurezas flotando en la superficie del agua.<\/figcaption><\/figure>    <figure class=\"wp-block-image size-large\"><img loading=\"lazy\" decoding=\"async\" width=\"720\" height=\"540\" data-id=\"1284\" src=\"https:\/\/www.plasticgranularmachine.com\/wp-content\/uploads\/2022\/07\/pet-flakes-washing-machine-in-plastic-bottle-washing-line.webp\" alt=\"Lavadora de escamas de mascotas en l\u00ednea de lavado de botellas de pl\u00e1stico\" class=\"wp-image-1284\" srcset=\"https:\/\/www.plasticgranularmachine.com\/wp-content\/uploads\/2022\/07\/pet-flakes-washing-machine-in-plastic-bottle-washing-line.webp 720w, https:\/\/www.plasticgranularmachine.com\/wp-content\/uploads\/2022\/07\/pet-flakes-washing-machine-in-plastic-bottle-washing-line-300x225.webp 300w, https:\/\/www.plasticgranularmachine.com\/wp-content\/uploads\/2022\/07\/pet-flakes-washing-machine-in-plastic-bottle-washing-line-16x12.webp 16w\" sizes=\"auto, (max-width: 720px) 100vw, 720px\" \/><figcaption class=\"wp-element-caption\">Lavadora de escamas de mascotas en l\u00ednea de lavado de botellas de pl\u00e1stico<\/figcaption><\/figure> <\/figure>    <h2 class=\"wp-block-heading\">\u00bfCaracter\u00edsticas clave del tanque flotante de fregadero de pl\u00e1stico?<\/h2>    <ul class=\"wp-block-list\"> <li>Nos complace anunciar que la lavadora de escamas de PET se ha mejorado, alargado y profundizado, lo que ha dado como resultado una precipitaci\u00f3n y separaci\u00f3n de impurezas m\u00e1s efectivas. <\/li>    <li>Adem\u00e1s, lo hemos equipado con un sistema de reciclaje de agua, lo que ayudar\u00e1 a reducir el consumo de agua y los costes de operaci\u00f3n.<\/li>    <li>El tanque flotante para fregadero de botellas de pl\u00e1stico es capaz de manejar una variedad de fragmentos de botellas de PET, de diferentes tama\u00f1os y formas, con una amplia gama de adaptabilidad.<\/li>    <li>El proceso de lavado de botellas de pl\u00e1stico es sencillo y los resultados impresionantes, con un alto nivel de pureza en el rPET.<\/li> <\/ul>   <div class=\"wp-block-image\"> <figure class=\"aligncenter size-large\"><img loading=\"lazy\" decoding=\"async\" width=\"1024\" height=\"622\" src=\"https:\/\/www.plasticgranularmachine.com\/wp-content\/uploads\/2022\/07\/plastic-bottle-sink-float-tank-1024x622.webp\" alt=\"tanque de flotador de fregadero de botella de pl\u00e1stico\" class=\"wp-image-1286\" srcset=\"https:\/\/www.plasticgranularmachine.com\/wp-content\/uploads\/2022\/07\/plastic-bottle-sink-float-tank-1024x622.webp 1024w, https:\/\/www.plasticgranularmachine.com\/wp-content\/uploads\/2022\/07\/plastic-bottle-sink-float-tank-300x182.webp 300w, https:\/\/www.plasticgranularmachine.com\/wp-content\/uploads\/2022\/07\/plastic-bottle-sink-float-tank-768x467.webp 768w, https:\/\/www.plasticgranularmachine.com\/wp-content\/uploads\/2022\/07\/plastic-bottle-sink-float-tank-18x12.webp 18w, https:\/\/www.plasticgranularmachine.com\/wp-content\/uploads\/2022\/07\/plastic-bottle-sink-float-tank.webp 1354w\" sizes=\"auto, (max-width: 1024px) 100vw, 1024px\" \/><figcaption class=\"wp-element-caption\">tanque de flotador de fregadero de botella de pl\u00e1stico<\/figcaption><\/figure> <\/div>   <h2 class=\"wp-block-heading\">Video del tanque de separaci\u00f3n flotante de pl\u00e1stico<\/h2>    <figure class=\"wp-block-embed is-type-video is-provider-youtube wp-block-embed-youtube wp-embed-aspect-16-9 wp-has-aspect-ratio\"><div class=\"wp-block-embed__wrapper\"> <iframe loading=\"lazy\" title=\"Descontaminaci\u00f3n eficiente y potente de botellas de PET en un proceso paso a paso\" width=\"500\" height=\"281\" src=\"https:\/\/www.youtube.com\/embed\/SsiW4ed3DB8?feature=oembed\" frameborder=\"0\" allow=\"accelerometer; autoplay; clipboard-write; encrypted-media; gyroscope; picture-in-picture; web-share\" referrerpolicy=\"strict-origin-when-cross-origin\" allowfullscreen><\/iframe> <\/div><\/figure>    <p>En este v\u00eddeo puedes ver c\u00f3mo funciona una lavadora de escamas de PET. Cualquier pregunta que tenga, no dude en consultarnos. <\/p>    <h2 class=\"wp-block-heading\" id=\"h-what-are-the-pet-flakes-washing-process\">\u00bfCu\u00e1les son los procesos de lavado de hojuelas de PET?<\/h2>    <p>La lavadora de escamas de PET est\u00e1 equipada con m\u00faltiples placas dentadas. Cuando la m\u00e1quina est\u00e9 funcionando, se llenar\u00e1 de agua limpia. La placa dentada gira y empuja las escamas de pl\u00e1stico hacia adelante. El engranaje giratorio limpiar\u00e1 las escamas de pl\u00e1stico y eliminar\u00e1 las impurezas de las virutas de pl\u00e1stico.<\/p>    <p>Para obtener un mejor efecto de limpieza, tambi\u00e9n puede agregar detergente al pont\u00f3n del tanque. Por lo tanto, el proceso de lavado de escamas de pl\u00e1stico en este paso consiste en limpiar las escamas de pl\u00e1stico mezcl\u00e1ndolas. <\/p>   <div class=\"wp-block-image\"> <figure class=\"aligncenter size-full\"><img loading=\"lazy\" decoding=\"async\" width=\"540\" height=\"720\" src=\"https:\/\/www.plasticgranularmachine.com\/wp-content\/uploads\/2022\/07\/tooth-plate-of-the-pet-flakes-washing-machine.webp\" alt=\"Placa dentada de la lavadora de escamas de mascotas.\" class=\"wp-image-1287\" srcset=\"https:\/\/www.plasticgranularmachine.com\/wp-content\/uploads\/2022\/07\/tooth-plate-of-the-pet-flakes-washing-machine.webp 540w, https:\/\/www.plasticgranularmachine.com\/wp-content\/uploads\/2022\/07\/tooth-plate-of-the-pet-flakes-washing-machine-225x300.webp 225w, https:\/\/www.plasticgranularmachine.com\/wp-content\/uploads\/2022\/07\/tooth-plate-of-the-pet-flakes-washing-machine-9x12.webp 9w\" sizes=\"auto, (max-width: 540px) 100vw, 540px\" \/><figcaption class=\"wp-element-caption\">Placa dentada de la lavadora de escamas de mascotas.<\/figcaption><\/figure> <\/div>   <h2 class=\"wp-block-heading\">\u00bfC\u00f3mo limpiar escamas de pl\u00e1stico para reciclar?<\/h2>    <p class=\"translation-block\">En toda la <strong><a href=\"https:\/\/www.plasticgranularmachine.com\/es\/product\/pet-bottles-recycling-line\/\">l\u00ednea de reciclaje de botellas de pl\u00e1stico<\/a><\/strong>, necesitamos algo m\u00e1s que la separaci\u00f3n por flotaci\u00f3n\/hundimiento de pl\u00e1stico. Para un mejor efecto de limpieza, tambi\u00e9n se necesita una m\u00e1quina de limpieza por fricci\u00f3n de pl\u00e1stico y una <strong><a href=\"https:\/\/www.plasticgranularmachine.com\/es\/product\/pet-flakes-hot-washing-machine\/\" data-type=\"link\" data-id=\"https:\/\/www.plasticgranularmachine.com\/product\/pet-flakes-hot-washing-machine\/\">m\u00e1quina de lavado con agua caliente<\/a><\/strong>. La m\u00e1quina de limpieza por fricci\u00f3n de pl\u00e1stico puede limpiar la suciedad grasa y otras manchas de los residuos pl\u00e1sticos. Adem\u00e1s de limpiar los residuos pl\u00e1sticos, la m\u00e1quina de lavado con agua caliente tambi\u00e9n tiene la funci\u00f3n de desinfecci\u00f3n. Bajo la acci\u00f3n de estos tres equipos de limpieza de pl\u00e1stico, podemos obtener fragmentos de pl\u00e1stico limpios.<\/p>   <div class=\"wp-block-image\"> <figure class=\"aligncenter size-full\"><img loading=\"lazy\" decoding=\"async\" width=\"720\" height=\"540\" src=\"https:\/\/www.plasticgranularmachine.com\/wp-content\/uploads\/2022\/07\/sink-float-tank-in-the-complete-plastic-bottle-washing-line.webp\" alt=\"tanque de flotaci\u00f3n del fregadero en la l\u00ednea completa de lavado de botellas de pl\u00e1stico\" class=\"wp-image-1288\" srcset=\"https:\/\/www.plasticgranularmachine.com\/wp-content\/uploads\/2022\/07\/sink-float-tank-in-the-complete-plastic-bottle-washing-line.webp 720w, https:\/\/www.plasticgranularmachine.com\/wp-content\/uploads\/2022\/07\/sink-float-tank-in-the-complete-plastic-bottle-washing-line-300x225.webp 300w, https:\/\/www.plasticgranularmachine.com\/wp-content\/uploads\/2022\/07\/sink-float-tank-in-the-complete-plastic-bottle-washing-line-16x12.webp 16w\" sizes=\"auto, (max-width: 720px) 100vw, 720px\" \/><figcaption class=\"wp-element-caption\">tanque de flotaci\u00f3n del fregadero en la l\u00ednea completa de lavado de botellas de pl\u00e1stico<\/figcaption><\/figure> <\/div>   <p>Si desea obtener m\u00e1s informaci\u00f3n, no dude en contactarnos y visitar el siguiente sitio web: <\/p>    <p><em><a href=\"https:\/\/www.plasticgranularmachine.com\/es\/Info\/plastic-bottle-washing-machine\/\" data-type=\"link\" data-id=\"https:\/\/www.plasticgranularmachine.com\/Info\/plastic-bottle-washing-machine\/\">Lavadoras de botellas de pl\u00e1stico asequibles para sus plantas<\/a><\/em><\/p>    <h2 class=\"wp-block-heading\">Par\u00e1metros del tanque fregadero flotante de pl\u00e1stico<\/h2>    <figure class=\"wp-block-table\"><table><tbody><tr><td>Nombre del \u00e1rticulo<\/td><td>Tanque de fregadero con flotador de pl\u00e1stico<\/td><td>Material adecuado<\/td><td>Variedad<\/td><\/tr><tr><td>Modelo<\/td><td>Peque\u00f1o<\/td><td>Fuerza de motor<\/td><td>3kW<\/td><\/tr><tr><td>Tama\u00f1o<\/td><td>Puede ser personalizado<\/td><td>Personalizado<\/td><td>S\u00ed<\/td><\/tr><tr><td>\u00c1mbito de aplicaci\u00f3n<\/td><td>Para lavar PP, PE, PET<\/td><td>Usos<\/td><td>Se utiliza para limpiar escamas de pl\u00e1stico, separar tapas de PP y virutas de PET.<\/td><\/tr><\/tbody><\/table><\/figure>    <p class=\"translation-block\">Se mencionan en la tabla los par\u00e1metros de la peque\u00f1a m\u00e1quina de lavado de escamas de PET de pl\u00e1stico. Adem\u00e1s, contamos con equipos de limpieza de gran tama\u00f1o. Nuestro tanque de separaci\u00f3n por flotaci\u00f3n de pl\u00e1stico puede procesar l\u00e1minas de pl\u00e1stico PP, <a href=\"https:\/\/en.wikipedia.org\/wiki\/PE\" target=\"_blank\" rel=\"noopener\">PE<\/a> y PET. Si tiene otras necesidades, no dude en contactarnos y le responderemos lo antes posible.<\/p>    <h2 class=\"wp-block-heading\">Precio de la lavadora de escamas de botellas de PET<\/h2>    <p>Para ser honesto, el precio de la lavadora de chips de PET se ve afectado por muchos factores, como la distancia, el tipo de cambio, etc. Adem\u00e1s, muchos clientes quieren encargar lavadoras de chips de PET para satisfacer sus necesidades. Por tanto, si desea conocer el precio concreto de la m\u00e1quina, p\u00f3ngase en contacto con nosotros. Le daremos una cotizaci\u00f3n detallada de la m\u00e1quina de acuerdo con su situaci\u00f3n real.<\/p>   <div class=\"wp-block-image\"> <figure class=\"aligncenter size-full\"><img loading=\"lazy\" decoding=\"async\" width=\"720\" height=\"540\" src=\"https:\/\/www.plasticgranularmachine.com\/wp-content\/uploads\/2022\/07\/sink-float-tank-pet-flakes-washing-machine.webp\" alt=\"fregadero flotador tanque escamas de mascotas lavadora\" class=\"wp-image-1289\" srcset=\"https:\/\/www.plasticgranularmachine.com\/wp-content\/uploads\/2022\/07\/sink-float-tank-pet-flakes-washing-machine.webp 720w, https:\/\/www.plasticgranularmachine.com\/wp-content\/uploads\/2022\/07\/sink-float-tank-pet-flakes-washing-machine-300x225.webp 300w, https:\/\/www.plasticgranularmachine.com\/wp-content\/uploads\/2022\/07\/sink-float-tank-pet-flakes-washing-machine-16x12.webp 16w\" sizes=\"auto, (max-width: 720px) 100vw, 720px\" \/><figcaption class=\"wp-element-caption\">fregadero flotador tanque escamas de mascotas lavadora<\/figcaption><\/figure> <\/div>   <h2 class=\"wp-block-heading\">\u00bfSe derriten los copos de pl\u00e1stico en la lavadora?<\/h2>    <p>La respuesta es No. El pl\u00e1stico s\u00f3lo puede derretirse a temperaturas superiores a los 100 grados. Por lo tanto, las escamas de pl\u00e1stico no se derriten en la lavadora de escamas de PET.<\/p>    <figure class=\"wp-block-gallery has-nested-images columns-default is-cropped wp-block-gallery-3 is-layout-flex wp-block-gallery-is-layout-flex\"> <figure class=\"wp-block-image size-large\"><img loading=\"lazy\" decoding=\"async\" width=\"720\" height=\"540\" data-id=\"1290\" src=\"https:\/\/www.plasticgranularmachine.com\/wp-content\/uploads\/2022\/07\/PET-flakes-float-on-water.webp\" alt=\"Los copos de PET flotan en el agua\" class=\"wp-image-1290\" srcset=\"https:\/\/www.plasticgranularmachine.com\/wp-content\/uploads\/2022\/07\/PET-flakes-float-on-water.webp 720w, https:\/\/www.plasticgranularmachine.com\/wp-content\/uploads\/2022\/07\/PET-flakes-float-on-water-300x225.webp 300w, https:\/\/www.plasticgranularmachine.com\/wp-content\/uploads\/2022\/07\/PET-flakes-float-on-water-16x12.webp 16w\" sizes=\"auto, (max-width: 720px) 100vw, 720px\" \/><figcaption class=\"wp-element-caption\">Los copos de PET flotan en el agua<\/figcaption><\/figure>    <figure class=\"wp-block-image size-large\"><img loading=\"lazy\" decoding=\"async\" width=\"720\" height=\"540\" data-id=\"1291\" src=\"https:\/\/www.plasticgranularmachine.com\/wp-content\/uploads\/2022\/07\/PP-PE-separating-tank.webp\" alt=\"Tanque separador PP PE\" class=\"wp-image-1291\" srcset=\"https:\/\/www.plasticgranularmachine.com\/wp-content\/uploads\/2022\/07\/PP-PE-separating-tank.webp 720w, https:\/\/www.plasticgranularmachine.com\/wp-content\/uploads\/2022\/07\/PP-PE-separating-tank-300x225.webp 300w, https:\/\/www.plasticgranularmachine.com\/wp-content\/uploads\/2022\/07\/PP-PE-separating-tank-16x12.webp 16w\" sizes=\"auto, (max-width: 720px) 100vw, 720px\" \/><figcaption class=\"wp-element-caption\">Tanque separador PP PE<\/figcaption><\/figure> <\/figure>    <h2 class=\"wp-block-heading\">En resumen<\/h2>    <p class=\"translation-block\">En conclusi\u00f3n, creemos que el tanque de hundimiento es un primer paso importante en el proceso de lavado de PET. Tiene el potencial de mejorar el reciclaje de botellas de pl\u00e1stico y reducir la p\u00e9rdida en las m\u00e1quinas de reciclaje posteriores. Si est\u00e1 buscando una soluci\u00f3n para el lavado de botellas de pl\u00e1stico que pueda beneficiarle, estaremos encantados de saber de usted. No dude en ponerse en contacto con nosotros haciendo clic <a href=\"https:\/\/wa.me\/8617303831295\" data-type=\"link\" data-id=\"https:\/\/wa.me\/8617303831295\" target=\"_blank\" rel=\"noopener\">aqu\u00ed<\/a>.<\/p>","protected":false},"excerpt":{"rendered":"<p>PET flakes washing machine is one of the machines of plastic bottle recycling line. It plays a very important role in the whole PET bottle washing line. Because we all know that waste plastic bottles contain a lot of impurities and stains. Therefore, in order to get high-quality plastic flakes, we need to use a [&hellip;]<\/p>\n","protected":false},"author":1,"featured_media":1282,"parent":0,"template":"","tags":[38,39],"product-type":[6],"class_list":["post-257","product","type-product","status-publish","has-post-thumbnail","hentry","tag-pet-recycling","tag-washing","product-type-washing-machine"],"_links":{"self":[{"href":"https:\/\/www.plasticgranularmachine.com\/es\/wp-json\/wp\/v2\/product\/257","targetHints":{"allow":["GET"]}}],"collection":[{"href":"https:\/\/www.plasticgranularmachine.com\/es\/wp-json\/wp\/v2\/product"}],"about":[{"href":"https:\/\/www.plasticgranularmachine.com\/es\/wp-json\/wp\/v2\/types\/product"}],"author":[{"embeddable":true,"href":"https:\/\/www.plasticgranularmachine.com\/es\/wp-json\/wp\/v2\/users\/1"}],"wp:featuredmedia":[{"embeddable":true,"href":"https:\/\/www.plasticgranularmachine.com\/es\/wp-json\/wp\/v2\/media\/1282"}],"wp:attachment":[{"href":"https:\/\/www.plasticgranularmachine.com\/es\/wp-json\/wp\/v2\/media?parent=257"}],"wp:term":[{"taxonomy":"post_tag","embeddable":true,"href":"https:\/\/www.plasticgranularmachine.com\/es\/wp-json\/wp\/v2\/tags?post=257"},{"taxonomy":"product-type","embeddable":true,"href":"https:\/\/www.plasticgranularmachine.com\/es\/wp-json\/wp\/v2\/product-type?post=257"}],"curies":[{"name":"wp","href":"https:\/\/api.w.org\/{rel}","templated":true}]}}