{"id":283,"date":"2022-07-28T03:59:39","date_gmt":"2022-07-28T03:59:39","guid":{"rendered":"https:\/\/www.plasticgranularmachine.com\/?post_type=product&#038;p=283"},"modified":"2025-01-08T10:45:31","modified_gmt":"2025-01-08T02:45:31","slug":"plastic-film-crusher","status":"publish","type":"product","link":"https:\/\/www.plasticgranularmachine.com\/es\/product\/plastic-film-crusher\/","title":{"rendered":"Trituradora de pel\u00edcula pl\u00e1stica | Trituradora de pel\u00edcula pl\u00e1stica"},"content":{"rendered":"<p class=\"translation-block\">La trituradora de pel\u00edcula pl\u00e1stica es la primera m\u00e1quina en la <a href=\"https:\/\/www.plasticgranularmachine.com\/es\/product\/plastic-film-recycling-line\/\">l\u00ednea de reciclaje de pel\u00edcula pl\u00e1stica<\/a>, y tambi\u00e9n es una m\u00e1quina importante. Puede triturar la pel\u00edcula pl\u00e1stica de diversas materias primas en fragmentos para su posterior limpieza y granulaci\u00f3n. Las pel\u00edculas pl\u00e1sticas comunes son pel\u00edculas de <a href=\"https:\/\/en.wikipedia.org\/wiki\/Polypropylene\" target=\"_blank\" rel=\"noopener\">PP<\/a> y pel\u00edculas de PE.<\/p>   <div class=\"wp-block-image\"> <figure class=\"aligncenter size-full\"><img loading=\"lazy\" decoding=\"async\" width=\"720\" height=\"540\" src=\"https:\/\/www.plasticgranularmachine.com\/wp-content\/uploads\/2022\/07\/plastic-film-crushing-machine-in-factory.webp\" alt=\"M\u00e1quina trituradora de pel\u00edcula pl\u00e1stica en f\u00e1brica.\" class=\"wp-image-1348\" srcset=\"https:\/\/www.plasticgranularmachine.com\/wp-content\/uploads\/2022\/07\/plastic-film-crushing-machine-in-factory.webp 720w, https:\/\/www.plasticgranularmachine.com\/wp-content\/uploads\/2022\/07\/plastic-film-crushing-machine-in-factory-300x225.webp 300w, https:\/\/www.plasticgranularmachine.com\/wp-content\/uploads\/2022\/07\/plastic-film-crushing-machine-in-factory-16x12.webp 16w\" sizes=\"auto, (max-width: 720px) 100vw, 720px\" \/><figcaption class=\"wp-element-caption\">M\u00e1quina trituradora de pel\u00edcula pl\u00e1stica en f\u00e1brica.<\/figcaption><\/figure> <\/div>   <h2 class=\"wp-block-heading\" id=\"h-how-does-the-plastic-film-crusher-work\">\u00bfC\u00f3mo funciona la trituradora de pel\u00edcula pl\u00e1stica?<\/h2>    <p>Hay dos grupos diferentes de cuchillas dentro del triturador de film pl\u00e1stico: cuchilla m\u00f3vil y cuchilla fija. La m\u00e1quina impulsa la cuchilla fija interna para que gire a alta velocidad a trav\u00e9s del motor para cortar la pel\u00edcula pl\u00e1stica. Durante la rotaci\u00f3n a alta velocidad de la cuchilla m\u00f3vil, se formar\u00e1 el espacio entre la cuchilla m\u00f3vil y la cuchilla fija. El movimiento relativo de la cuchilla m\u00f3vil y la cuchilla fija aumentar\u00e1 el tama\u00f1o de la muesca de corte de pl\u00e1stico. El encuentro deportivo de ambos bandos aplastar\u00e1 el bloque de pl\u00e1stico. La diferencia entre nuestra m\u00e1quina y otras m\u00e1quinas trituradoras de pel\u00edcula pl\u00e1stica es que tambi\u00e9n tiene una funci\u00f3n de limpieza. Puede limpiar materiales mientras se tritura.<\/p>    <figure class=\"wp-block-gallery has-nested-images columns-default is-cropped wp-block-gallery-2 is-layout-flex wp-block-gallery-is-layout-flex\"> <figure class=\"wp-block-image size-large\"><img loading=\"lazy\" decoding=\"async\" width=\"720\" height=\"540\" data-id=\"1349\" src=\"https:\/\/www.plasticgranularmachine.com\/wp-content\/uploads\/2022\/07\/pe-film-grinder.webp\" alt=\"amoladora de pel\u00edcula de pe\" class=\"wp-image-1349\" srcset=\"https:\/\/www.plasticgranularmachine.com\/wp-content\/uploads\/2022\/07\/pe-film-grinder.webp 720w, https:\/\/www.plasticgranularmachine.com\/wp-content\/uploads\/2022\/07\/pe-film-grinder-300x225.webp 300w, https:\/\/www.plasticgranularmachine.com\/wp-content\/uploads\/2022\/07\/pe-film-grinder-16x12.webp 16w\" sizes=\"auto, (max-width: 720px) 100vw, 720px\" \/><figcaption class=\"wp-element-caption\">amoladora de pel\u00edcula de pe<\/figcaption><\/figure>    <figure class=\"wp-block-image size-large\"><img loading=\"lazy\" decoding=\"async\" width=\"720\" height=\"540\" data-id=\"1350\" src=\"https:\/\/www.plasticgranularmachine.com\/wp-content\/uploads\/2022\/07\/screen-of-the-plastic-shredder.webp\" alt=\"Pantalla de la trituradora de pl\u00e1stico.\" class=\"wp-image-1350\" srcset=\"https:\/\/www.plasticgranularmachine.com\/wp-content\/uploads\/2022\/07\/screen-of-the-plastic-shredder.webp 720w, https:\/\/www.plasticgranularmachine.com\/wp-content\/uploads\/2022\/07\/screen-of-the-plastic-shredder-300x225.webp 300w, https:\/\/www.plasticgranularmachine.com\/wp-content\/uploads\/2022\/07\/screen-of-the-plastic-shredder-16x12.webp 16w\" sizes=\"auto, (max-width: 720px) 100vw, 720px\" \/><figcaption class=\"wp-element-caption\">Pantalla de la trituradora de pl\u00e1stico.<\/figcaption><\/figure> <\/figure>    <h2 class=\"wp-block-heading\">\u00bfCu\u00e1les son las ventajas de las m\u00e1quinas?<\/h2>    <ol class=\"wp-block-list\"> <li><span style=\"color: initial;\">El chasis est\u00e1 soldado con una placa de acero engrosada, que es firme y duradera.<\/span><\/li>    <li>Todas las hojas utilizadas est\u00e1n fabricadas en acero de alta calidad y tratadas t\u00e9rmicamente. Tiene las caracter\u00edsticas de una larga vida \u00fatil.<\/li>    <li>La trituradora de pel\u00edcula pl\u00e1stica tiene una alta eficiencia de trituraci\u00f3n y un bajo consumo de energ\u00eda.<\/li>    <li>Movimiento suave. Peque\u00f1a vibraci\u00f3n y operaci\u00f3n conveniente.<\/li> <\/ol>   <div class=\"wp-block-image\"> <figure class=\"aligncenter size-full\"><img loading=\"lazy\" decoding=\"async\" width=\"720\" height=\"540\" src=\"https:\/\/www.plasticgranularmachine.com\/wp-content\/uploads\/2022\/07\/plastic-chipper.webp\" alt=\"trituradora de plastico\" class=\"wp-image-1351\" srcset=\"https:\/\/www.plasticgranularmachine.com\/wp-content\/uploads\/2022\/07\/plastic-chipper.webp 720w, https:\/\/www.plasticgranularmachine.com\/wp-content\/uploads\/2022\/07\/plastic-chipper-300x225.webp 300w, https:\/\/www.plasticgranularmachine.com\/wp-content\/uploads\/2022\/07\/plastic-chipper-16x12.webp 16w\" sizes=\"auto, (max-width: 720px) 100vw, 720px\" \/><figcaption class=\"wp-element-caption\">trituradora de plastico<\/figcaption><\/figure> <\/div>   <h2 class=\"wp-block-heading\">Par\u00e1metros de la m\u00e1quina<\/h2>    <figure class=\"wp-block-table\"><table><tbody><tr><td>Modelo<\/td><td>60<\/td><td>80<\/td><\/tr><tr><td>Capacidad<\/td><td>500kg\/hora<\/td><td>1 t\/h<\/td><\/tr><tr><td>Ancho de la hoja<\/td><td>60cm+30cm<\/td><td>80cm+40cm<\/td><\/tr><tr><td>Fuerza<\/td><td>15+7,5 kw<\/td><td>30+11kw<\/td><\/tr><\/tbody><\/table><\/figure>    <p class=\"translation-block\">Los anteriores son los par\u00e1metros de dos de nuestras populares m\u00e1quinas trituradoras de film pl\u00e1stico. Como podemos ver en la tabla, la producci\u00f3n de las dos m\u00e1quinas es de 500 kg\/h y 1 t\/h respectivamente. Puede elegir una m\u00e1quina adecuada seg\u00fan sus propias necesidades. Si tiene otras necesidades, podemos ofrecerle servicios personalizados. No dude en ponerse en contacto con nosotros (<a href=\"https:\/\/www.plasticgranularmachine.com\/es\/\">Efficient machinery<\/a>) y le responderemos lo antes posible.<\/p>   <div class=\"wp-block-image\"> <figure class=\"aligncenter size-full\"><img loading=\"lazy\" decoding=\"async\" width=\"720\" height=\"540\" src=\"https:\/\/www.plasticgranularmachine.com\/wp-content\/uploads\/2022\/07\/blade-of-the-machine.jpg\" alt=\"hoja de la m\u00e1quina\" class=\"wp-image-285\" srcset=\"https:\/\/www.plasticgranularmachine.com\/wp-content\/uploads\/2022\/07\/blade-of-the-machine.jpg 720w, https:\/\/www.plasticgranularmachine.com\/wp-content\/uploads\/2022\/07\/blade-of-the-machine-300x225.jpg 300w\" sizes=\"auto, (max-width: 720px) 100vw, 720px\" \/><figcaption class=\"wp-element-caption\">hoja de la m\u00e1quina<\/figcaption><\/figure> <\/div>   <h2 class=\"wp-block-heading\">\u00c1mbito de aplicaci\u00f3n de la trituradora de pel\u00edcula pl\u00e1stica<\/h2>    <p>Nuestra trituradora de pel\u00edculas pl\u00e1sticas puede triturar la mayor\u00eda de los residuos pl\u00e1sticos de PP y PE. El reciclaje de estos pl\u00e1sticos de desecho no s\u00f3lo puede reducir la contaminaci\u00f3n ambiental sino que tambi\u00e9n traer\u00e1 considerables beneficios econ\u00f3micos.<\/p>    <figure class=\"wp-block-embed is-type-video is-provider-youtube wp-block-embed-youtube wp-embed-aspect-16-9 wp-has-aspect-ratio\"><div class=\"wp-block-embed__wrapper\"> <iframe loading=\"lazy\" title=\"V\u00eddeo 3D del proceso de reciclaje de pel\u00edculas PET | M\u00e1quina de reciclaje de pel\u00edculas pl\u00e1sticas de desecho\" width=\"500\" height=\"281\" src=\"https:\/\/www.youtube.com\/embed\/rm1eGCFGcdc?feature=oembed\" frameborder=\"0\" allow=\"accelerometer; autoplay; clipboard-write; encrypted-media; gyroscope; picture-in-picture; web-share\" referrerpolicy=\"strict-origin-when-cross-origin\" allowfullscreen><\/iframe> <\/div><\/figure>","protected":false},"excerpt":{"rendered":"<p>The plastic film crusher is the first machine in the plastic film recycling line, and it is also a major machine. It can crush the plastic film of various raw materials into fragments for subsequent cleaning and granulation. Common plastic films are PP film and PE film. How does the plastic film crusher work? There [&hellip;]<\/p>\n","protected":false},"author":1,"featured_media":1352,"parent":0,"template":"","tags":[35,41],"product-type":[4],"class_list":["post-283","product","type-product","status-publish","has-post-thumbnail","hentry","tag-crushing","tag-plastic-film-recycling","product-type-crushing-machine"],"_links":{"self":[{"href":"https:\/\/www.plasticgranularmachine.com\/es\/wp-json\/wp\/v2\/product\/283","targetHints":{"allow":["GET"]}}],"collection":[{"href":"https:\/\/www.plasticgranularmachine.com\/es\/wp-json\/wp\/v2\/product"}],"about":[{"href":"https:\/\/www.plasticgranularmachine.com\/es\/wp-json\/wp\/v2\/types\/product"}],"author":[{"embeddable":true,"href":"https:\/\/www.plasticgranularmachine.com\/es\/wp-json\/wp\/v2\/users\/1"}],"wp:featuredmedia":[{"embeddable":true,"href":"https:\/\/www.plasticgranularmachine.com\/es\/wp-json\/wp\/v2\/media\/1352"}],"wp:attachment":[{"href":"https:\/\/www.plasticgranularmachine.com\/es\/wp-json\/wp\/v2\/media?parent=283"}],"wp:term":[{"taxonomy":"post_tag","embeddable":true,"href":"https:\/\/www.plasticgranularmachine.com\/es\/wp-json\/wp\/v2\/tags?post=283"},{"taxonomy":"product-type","embeddable":true,"href":"https:\/\/www.plasticgranularmachine.com\/es\/wp-json\/wp\/v2\/product-type?post=283"}],"curies":[{"name":"wp","href":"https:\/\/api.w.org\/{rel}","templated":true}]}}