{"id":314,"date":"2022-07-29T07:24:50","date_gmt":"2022-07-29T07:24:50","guid":{"rendered":"https:\/\/www.plasticgranularmachine.com\/?post_type=product&#038;p=314"},"modified":"2025-01-06T09:58:37","modified_gmt":"2025-01-06T01:58:37","slug":"plastic-film-dryer-machine","status":"publish","type":"product","link":"https:\/\/www.plasticgranularmachine.com\/es\/product\/plastic-film-dryer-machine\/","title":{"rendered":"M\u00e1quina secadora de pel\u00edcula pl\u00e1stica | M\u00e1quina secadora de pl\u00e1stico para pel\u00edculas"},"content":{"rendered":"<p class=\"translation-block\">La m\u00e1quina secadora de pel\u00edcula pl\u00e1stica es una m\u00e1quina especial para secar pel\u00edcula pl\u00e1stica triturada. Es una de las m\u00e1quinas principales en la <a href=\"https:\/\/www.plasticgranularmachine.com\/es\/product\/plastic-film-recycling-line\/\">l\u00ednea de reciclaje de pel\u00edcula pl\u00e1stica<\/a>. Este secador de pl\u00e1stico no solo puede secar la humedad de la pel\u00edcula pl\u00e1stica, sino tambi\u00e9n eliminar las impurezas de los materiales de desecho. A continuaci\u00f3n, le presentaremos algunos contenidos relacionados con la M\u00e1quina Secadora Vertical de Pl\u00e1stico para Pel\u00edcula.<\/p>   <div class=\"wp-block-image\"> <figure class=\"aligncenter size-full\"><img loading=\"lazy\" decoding=\"async\" width=\"720\" height=\"540\" src=\"https:\/\/www.plasticgranularmachine.com\/wp-content\/uploads\/2022\/07\/plastic-film-dryer-machine-1.webp\" alt=\"m\u00e1quina secadora de pel\u00edcula pl\u00e1stica\" class=\"wp-image-1456\" srcset=\"https:\/\/www.plasticgranularmachine.com\/wp-content\/uploads\/2022\/07\/plastic-film-dryer-machine-1.webp 720w, https:\/\/www.plasticgranularmachine.com\/wp-content\/uploads\/2022\/07\/plastic-film-dryer-machine-1-300x225.webp 300w, https:\/\/www.plasticgranularmachine.com\/wp-content\/uploads\/2022\/07\/plastic-film-dryer-machine-1-16x12.webp 16w\" sizes=\"auto, (max-width: 720px) 100vw, 720px\" \/><figcaption class=\"wp-element-caption\">m\u00e1quina secadora de pel\u00edcula pl\u00e1stica<\/figcaption><\/figure> <\/div>   <h2 class=\"wp-block-heading\">Principio de funcionamiento de la m\u00e1quina secadora de pel\u00edcula pl\u00e1stica<\/h2>    <p>La m\u00e1quina secadora de pel\u00edculas pl\u00e1sticas est\u00e1 instalada detr\u00e1s de la m\u00e1quina limpiadora de pel\u00edculas pl\u00e1sticas. En general, se equipar\u00e1 un dispositivo de alimentaci\u00f3n delante del deshidratador de pl\u00e1stico. Para que la pel\u00edcula pl\u00e1stica pueda transportarse autom\u00e1ticamente al deshidratador. <\/p>    <p>Hay un dispositivo de alimentaci\u00f3n giratorio dentro de la m\u00e1quina deshidratadora de pl\u00e1stico. En el proceso de rotaci\u00f3n a alta velocidad, la fuerte fuerza centr\u00edfuga puede eliminar eficazmente el agua de la pel\u00edcula pl\u00e1stica. Por cierto, la velocidad de la m\u00e1quina puede alcanzar las 900-1500 revoluciones por minuto.<\/p>    <figure class=\"wp-block-gallery aligncenter has-nested-images columns-default is-cropped wp-block-gallery-2 is-layout-flex wp-block-gallery-is-layout-flex\"> <figure class=\"wp-block-image size-full\"><img loading=\"lazy\" decoding=\"async\" width=\"720\" height=\"540\" data-id=\"1457\" src=\"https:\/\/www.plasticgranularmachine.com\/wp-content\/uploads\/2022\/07\/vertical-plastic-dehydrator.webp\" alt=\"deshidratador de plastico vertical\" class=\"wp-image-1457\" srcset=\"https:\/\/www.plasticgranularmachine.com\/wp-content\/uploads\/2022\/07\/vertical-plastic-dehydrator.webp 720w, https:\/\/www.plasticgranularmachine.com\/wp-content\/uploads\/2022\/07\/vertical-plastic-dehydrator-300x225.webp 300w, https:\/\/www.plasticgranularmachine.com\/wp-content\/uploads\/2022\/07\/vertical-plastic-dehydrator-16x12.webp 16w\" sizes=\"auto, (max-width: 720px) 100vw, 720px\" \/><figcaption class=\"wp-element-caption\">deshidratador de plastico vertical<\/figcaption><\/figure>    <figure class=\"wp-block-image size-full\"><img loading=\"lazy\" decoding=\"async\" width=\"720\" height=\"540\" data-id=\"1458\" src=\"https:\/\/www.plasticgranularmachine.com\/wp-content\/uploads\/2022\/07\/rotary-feeding-device.webp\" alt=\"dispositivo de alimentaci\u00f3n giratorio\" class=\"wp-image-1458\" srcset=\"https:\/\/www.plasticgranularmachine.com\/wp-content\/uploads\/2022\/07\/rotary-feeding-device.webp 720w, https:\/\/www.plasticgranularmachine.com\/wp-content\/uploads\/2022\/07\/rotary-feeding-device-300x225.webp 300w, https:\/\/www.plasticgranularmachine.com\/wp-content\/uploads\/2022\/07\/rotary-feeding-device-16x12.webp 16w\" sizes=\"auto, (max-width: 720px) 100vw, 720px\" \/><figcaption class=\"wp-element-caption\">dispositivo de alimentaci\u00f3n giratorio<\/figcaption><\/figure> <\/figure>    <h2 class=\"wp-block-heading\">Par\u00e1metros de la m\u00e1quina<\/h2>    <ul class=\"wp-block-list\"> <li><strong>Solicitud:<\/strong> Se utiliza principalmente para secar pel\u00edculas pl\u00e1sticas, tambi\u00e9n puede ser parte del secado de pl\u00e1stico duro.<\/li>    <li><strong>Modelo:<\/strong> Ofrecemos a la venta la m\u00e1quina secadora de pel\u00edcula pl\u00e1stica SL-500 y SL-600. <\/li>    <li><strong>Fuerza:<\/strong> La potencia de la secadora de pl\u00e1stico vertical est\u00e1 entre 7,5 KW y 15 KW. <\/li>    <li><strong>Velocidad de rotaci\u00f3n del alimentador rotativo: <\/strong>900-1500 revoluciones por minuto.<\/li>    <li><strong>Uso apropiado:<\/strong> El secador de pl\u00e1stico se utiliza entre el proceso de limpieza del pl\u00e1stico y el proceso de granulaci\u00f3n del pl\u00e1stico, secando las piezas de pl\u00e1stico despu\u00e9s de la limpieza y facilitando el posterior proceso de granulaci\u00f3n.<\/li> <\/ul>   <div class=\"wp-block-image\"> <figure class=\"aligncenter size-full\"><img loading=\"lazy\" decoding=\"async\" width=\"720\" height=\"540\" src=\"https:\/\/www.plasticgranularmachine.com\/wp-content\/uploads\/2022\/07\/plastic-dilm-dryer-machine-in-the-factory.webp\" alt=\"M\u00e1quina secadora de pl\u00e1stico tenue en la f\u00e1brica.\" class=\"wp-image-1461\" srcset=\"https:\/\/www.plasticgranularmachine.com\/wp-content\/uploads\/2022\/07\/plastic-dilm-dryer-machine-in-the-factory.webp 720w, https:\/\/www.plasticgranularmachine.com\/wp-content\/uploads\/2022\/07\/plastic-dilm-dryer-machine-in-the-factory-300x225.webp 300w, https:\/\/www.plasticgranularmachine.com\/wp-content\/uploads\/2022\/07\/plastic-dilm-dryer-machine-in-the-factory-16x12.webp 16w\" sizes=\"auto, (max-width: 720px) 100vw, 720px\" \/><figcaption class=\"wp-element-caption\">M\u00e1quina secadora de pl\u00e1stico tenue en la f\u00e1brica.<\/figcaption><\/figure> <\/div>   <h2 class=\"wp-block-heading\">Precauciones para el uso de la m\u00e1quina secadora de pel\u00edcula pl\u00e1stica<\/h2>    <ul class=\"wp-block-list\"> <li>Compruebe si hay art\u00edculos diversos en la m\u00e1quina antes de ponerla en marcha. Si hay art\u00edculos diversos en la m\u00e1quina, afectar\u00e1 gravemente el efecto de deshidrataci\u00f3n. Al mismo tiempo, tambi\u00e9n afectar\u00e1 la vida \u00fatil de la m\u00e1quina.<\/li>    <li>Puesta en servicio. Cuando utilice el deshidratador de pel\u00edcula pl\u00e1stica por primera vez, debe operarlo durante 5 minutos. Compruebe si hay alguna anomal\u00eda. Si hay alguna anomal\u00eda, ap\u00e1guelo inmediatamente.<\/li>    <li>Apague la energ\u00eda a tiempo. Apague la fuente de alimentaci\u00f3n a tiempo despu\u00e9s de que la m\u00e1quina termine de funcionar.<\/li>    <li>Limpia la m\u00e1quina a tiempo. Una vez finalizado el trabajo de deshidrataci\u00f3n, los materiales dentro de la m\u00e1quina deben limpiarse a tiempo.<\/li> <\/ul>    <figure class=\"wp-block-gallery has-nested-images columns-default is-cropped wp-block-gallery-3 is-layout-flex wp-block-gallery-is-layout-flex\"> <figure class=\"wp-block-image size-large\"><img loading=\"lazy\" decoding=\"async\" width=\"720\" height=\"540\" data-id=\"1459\" src=\"https:\/\/www.plasticgranularmachine.com\/wp-content\/uploads\/2022\/07\/plastic-dewatering-machine.webp\" alt=\"m\u00e1quina deshidratadora de pl\u00e1stico\" class=\"wp-image-1459\" srcset=\"https:\/\/www.plasticgranularmachine.com\/wp-content\/uploads\/2022\/07\/plastic-dewatering-machine.webp 720w, https:\/\/www.plasticgranularmachine.com\/wp-content\/uploads\/2022\/07\/plastic-dewatering-machine-300x225.webp 300w, https:\/\/www.plasticgranularmachine.com\/wp-content\/uploads\/2022\/07\/plastic-dewatering-machine-16x12.webp 16w\" sizes=\"auto, (max-width: 720px) 100vw, 720px\" \/><figcaption class=\"wp-element-caption\">m\u00e1quina deshidratadora de pl\u00e1stico<\/figcaption><\/figure>    <figure class=\"wp-block-image size-large\"><img loading=\"lazy\" decoding=\"async\" width=\"720\" height=\"540\" data-id=\"1460\" src=\"https:\/\/www.plasticgranularmachine.com\/wp-content\/uploads\/2022\/07\/plastic-film-drying-machine.webp\" alt=\"secadora de pel\u00edcula pl\u00e1stica\" class=\"wp-image-1460\" srcset=\"https:\/\/www.plasticgranularmachine.com\/wp-content\/uploads\/2022\/07\/plastic-film-drying-machine.webp 720w, https:\/\/www.plasticgranularmachine.com\/wp-content\/uploads\/2022\/07\/plastic-film-drying-machine-300x225.webp 300w, https:\/\/www.plasticgranularmachine.com\/wp-content\/uploads\/2022\/07\/plastic-film-drying-machine-16x12.webp 16w\" sizes=\"auto, (max-width: 720px) 100vw, 720px\" \/><figcaption class=\"wp-element-caption\">secadora de pel\u00edcula pl\u00e1stica<\/figcaption><\/figure> <\/figure>    <h2 class=\"wp-block-heading\" id=\"h-why-choose-our-plastic-dryer\">\u00bfPor qu\u00e9 elegir nuestro secador de pl\u00e1stico?<\/h2>    <ol class=\"wp-block-list\"> <li>Rica experiencia exportadora. <a href=\"https:\/\/www.plasticgranularmachine.com\/es\/\">Maquinaria eficiente<\/a> es una empresa de maquinaria especializada en la exportaci\u00f3n. Nuestras m\u00e1quinas de pl\u00e1stico se han exportado a Alemania, <a href=\"https:\/\/en.wikipedia.org\/wiki\/Congo\" target=\"_blank\" rel=\"noopener\">Congo<\/a>, Ghana, Canad\u00e1, Estados Unidos, Filipinas, Tanzania y otros pa\u00edses. La rica experiencia en exportaci\u00f3n es suficiente para que podamos hacer frente a todo tipo de problemas.<\/li>    <li>Fuerte servicio postventa. No importa los problemas que encuentre en el uso posterior, nuestro vendedor le ayudar\u00e1 a resolverlos lo antes posible. Si es necesario, tambi\u00e9n podemos enviar instaladores para ayudarle a instalar la m\u00e1quina.<\/li>    <li>Entrega r\u00e1pida. La m\u00e1quina secadora de pel\u00edcula pl\u00e1stica es el equipo de reciclaje de pl\u00e1stico m\u00e1s utilizado. Por tanto, nuestra f\u00e1brica tiene stock suficiente. Esto puede garantizar que podamos entregar los productos tan pronto como recibamos su pedido.<\/li> <\/ol>   <div class=\"wp-block-image\"> <figure class=\"aligncenter size-full\"><img loading=\"lazy\" decoding=\"async\" width=\"405\" height=\"719\" src=\"https:\/\/www.plasticgranularmachine.com\/wp-content\/uploads\/2022\/07\/Vertical-dryer-loaded-for-delivery-1.webp\" alt=\"Secador vertical cargado para entrega\" class=\"wp-image-1385\" srcset=\"https:\/\/www.plasticgranularmachine.com\/wp-content\/uploads\/2022\/07\/Vertical-dryer-loaded-for-delivery-1.webp 405w, https:\/\/www.plasticgranularmachine.com\/wp-content\/uploads\/2022\/07\/Vertical-dryer-loaded-for-delivery-1-169x300.webp 169w, https:\/\/www.plasticgranularmachine.com\/wp-content\/uploads\/2022\/07\/Vertical-dryer-loaded-for-delivery-1-7x12.webp 7w\" sizes=\"auto, (max-width: 405px) 100vw, 405px\" \/><figcaption class=\"wp-element-caption\">Secador vertical cargado para entrega<\/figcaption><\/figure> <\/div>","protected":false},"excerpt":{"rendered":"<p>The plastic film dryer machine is a special machine for drying crushed plastic film. It is one of the main machines in the plastic film recycling line. This plastic dryer can not only dry the moisture in the plastic film but also remove the impurities in waste materials. Next, we will introduce you to some [&hellip;]<\/p>\n","protected":false},"author":1,"featured_media":1236,"parent":0,"template":"","tags":[42,41],"product-type":[9],"class_list":["post-314","product","type-product","status-publish","has-post-thumbnail","hentry","tag-dryer","tag-plastic-film-recycling","product-type-plastic-dryer"],"_links":{"self":[{"href":"https:\/\/www.plasticgranularmachine.com\/es\/wp-json\/wp\/v2\/product\/314","targetHints":{"allow":["GET"]}}],"collection":[{"href":"https:\/\/www.plasticgranularmachine.com\/es\/wp-json\/wp\/v2\/product"}],"about":[{"href":"https:\/\/www.plasticgranularmachine.com\/es\/wp-json\/wp\/v2\/types\/product"}],"author":[{"embeddable":true,"href":"https:\/\/www.plasticgranularmachine.com\/es\/wp-json\/wp\/v2\/users\/1"}],"wp:featuredmedia":[{"embeddable":true,"href":"https:\/\/www.plasticgranularmachine.com\/es\/wp-json\/wp\/v2\/media\/1236"}],"wp:attachment":[{"href":"https:\/\/www.plasticgranularmachine.com\/es\/wp-json\/wp\/v2\/media?parent=314"}],"wp:term":[{"taxonomy":"post_tag","embeddable":true,"href":"https:\/\/www.plasticgranularmachine.com\/es\/wp-json\/wp\/v2\/tags?post=314"},{"taxonomy":"product-type","embeddable":true,"href":"https:\/\/www.plasticgranularmachine.com\/es\/wp-json\/wp\/v2\/product-type?post=314"}],"curies":[{"name":"wp","href":"https:\/\/api.w.org\/{rel}","templated":true}]}}